{"id":644,"date":"2026-03-29T13:36:45","date_gmt":"2026-03-29T13:36:45","guid":{"rendered":"https:\/\/detailingclub.lv\/?post_type=product&#038;p=644"},"modified":"2026-04-28T17:52:47","modified_gmt":"2026-04-28T17:52:47","slug":"sonax-xtreme-parklajums-diskiem-un-riepam-750ml","status":"publish","type":"product","link":"https:\/\/detailingclub.lv\/ru\/product\/sonax-xtreme-parklajums-diskiem-un-riepam-750ml\/","title":{"rendered":"Sonax Xtreme p\u0101rkl\u0101jums diskiem un riep\u0101m 750ml"},"content":{"rendered":"<div id=\"tabContaier\">\n<div class=\"tabDetails\">\n<div id=\"tab1\" class=\"tabContents\">\n<div class=\"item_desc\">\n<p data-start=\"148\" data-end=\"304\">\u0160is nav t\u012br\u012bt\u0101js \u2014 tas ir <strong data-start=\"174\" data-end=\"227\">aizsargp\u0101rkl\u0101jums + quick detailer vien\u0101 produkt\u0101<\/strong>. Tas noz\u012bm\u0113: tu nevis no\u0146em net\u012brumus, bet <strong data-start=\"271\" data-end=\"303\">nov\u0113r\u0161 to pielip\u0161anu n\u0101kotn\u0113<\/strong>.<\/p>\n<hr data-start=\"306\" data-end=\"309\" \/>\n<h2 data-section-id=\"tstogu\" data-start=\"311\" data-end=\"334\"><span role=\"text\"><strong data-start=\"314\" data-end=\"334\">Kas tas \u012bsti ir:<\/strong><\/span><\/h2>\n<p data-start=\"335\" data-end=\"395\">Tas ir <strong data-start=\"342\" data-end=\"389\">keramikas tipa p\u0101rkl\u0101jums riep\u0101m un diskiem<\/strong>, kas:<\/p>\n<ul data-start=\"396\" data-end=\"499\">\n<li data-section-id=\"18o0b5q\" data-start=\"396\" data-end=\"439\">veido hidrofobu (\u016bdeni atgr\u016bdo\u0161u) sl\u0101ni<\/li>\n<li data-section-id=\"1cf6j2r\" data-start=\"440\" data-end=\"472\">samazina net\u012brumu pielip\u0161anu<\/li>\n<li data-section-id=\"1ddm82m\" data-start=\"473\" data-end=\"499\">uzlabo vizu\u0101lo izskatu<\/li>\n<\/ul>\n<p data-start=\"501\" data-end=\"609\">Produkts <strong data-start=\"510\" data-end=\"569\">dzi\u013ci ies\u016bcas virsm\u0101 un atst\u0101j aizsargk\u0101rtu bez ple\u0137iem<\/strong><\/p>\n<hr data-start=\"611\" data-end=\"614\" \/>\n<h2 data-section-id=\"bjgfgb\" data-start=\"616\" data-end=\"644\"><span role=\"text\"><strong data-start=\"619\" data-end=\"644\">K\u0101p\u0113c tas ir svar\u012bgi:<\/strong><\/span><\/h2>\n<ul data-start=\"645\" data-end=\"840\">\n<li data-section-id=\"1rxnywy\" data-start=\"645\" data-end=\"672\">Diski ilg\u0101k paliek t\u012bri<\/li>\n<li data-section-id=\"4azz5u\" data-start=\"673\" data-end=\"727\">Riepas nepaliek br\u016bnas (oxidation\/blooming efekts)<\/li>\n<li data-section-id=\"xdful0\" data-start=\"728\" data-end=\"755\">Maz\u0101k j\u0101mazg\u0101 un j\u0101ber\u017e<\/li>\n<li data-section-id=\"1uyg9k2\" data-start=\"756\" data-end=\"840\">Aizsarg\u0101 pret laikapst\u0101k\u013ciem un noveco\u0161anu<\/li>\n<\/ul>\n<hr data-start=\"842\" data-end=\"845\" \/>\n<h2 data-section-id=\"wghv7f\" data-start=\"847\" data-end=\"877\"><span role=\"text\"><strong data-start=\"850\" data-end=\"877\">Galven\u0101s priek\u0161roc\u012bbas:<\/strong><\/span><\/h2>\n<ul data-start=\"878\" data-end=\"1150\">\n<li data-section-id=\"e6950r\" data-start=\"878\" data-end=\"950\"><strong data-start=\"880\" data-end=\"905\">Keramiska aizsardz\u012bba<\/strong> (ilg\u0101ks efekts nek\u0101 parastiem dressingiem)<\/li>\n<li data-section-id=\"vlg10z\" data-start=\"951\" data-end=\"980\">Atgr\u016b\u017e \u016bdeni un net\u012brumus<\/li>\n<li data-section-id=\"gi8111\" data-start=\"981\" data-end=\"1069\">Atjauno riepu kr\u0101su (mat\u0113ts \u201ck\u0101 jauns\u201d efekts)<\/li>\n<li data-section-id=\"166icwi\" data-start=\"1070\" data-end=\"1120\">Var izmantot ar\u012b k\u0101 <strong data-start=\"1092\" data-end=\"1118\">\u0101tro detaileri diskiem<\/strong><\/li>\n<li data-section-id=\"msof8v\" data-start=\"1121\" data-end=\"1150\">Atvieglo n\u0101kamo mazg\u0101\u0161anu<\/li>\n<\/ul>\n<hr data-start=\"1152\" data-end=\"1155\" \/>\n<h2 data-section-id=\"1tp1enp\" data-start=\"1157\" data-end=\"1201\"><span role=\"text\">\u26a0\ufe0f <strong data-start=\"1163\" data-end=\"1201\">Svar\u012bgi (te ir b\u016btiska at\u0161\u0137ir\u012bba):<\/strong><\/span><\/h2>\n<ul data-start=\"1202\" data-end=\"1426\">\n<li data-section-id=\"1gzao92\" data-start=\"1202\" data-end=\"1301\">\u274c Tas <strong data-start=\"1210\" data-end=\"1232\">nav disku t\u012br\u012bt\u0101js<\/strong> (neizt\u012br\u012bs smagus net\u012brumus)<\/li>\n<li data-section-id=\"zxcba4\" data-start=\"1302\" data-end=\"1354\">\u2714 Tas ir <strong data-start=\"1313\" data-end=\"1352\">aizsardz\u012bbas produkts p\u0113c t\u012br\u012b\u0161anas<\/strong><\/li>\n<li data-section-id=\"usc5va\" data-start=\"1355\" data-end=\"1394\">Nedr\u012bkst lietot uz riepu protektora<\/li>\n<li data-section-id=\"83fv9r\" data-start=\"1395\" data-end=\"1426\">Nelietot uz karst\u0101m virsm\u0101m<\/li>\n<\/ul>\n<hr data-start=\"1428\" data-end=\"1431\" \/>\n<h2 data-section-id=\"1hj5o56\" data-start=\"1433\" data-end=\"1450\"><span role=\"text\"><strong data-start=\"1436\" data-end=\"1450\">K\u0101 lietot:<\/strong><\/span><\/h2>\n<ol data-start=\"1451\" data-end=\"1625\">\n<li data-section-id=\"16holcn\" data-start=\"1451\" data-end=\"1496\">Nomazg\u0101t diskus un riepas (\u013coti svar\u012bgi)<\/li>\n<li data-section-id=\"quiqbq\" data-start=\"1497\" data-end=\"1545\">Uzsmidzin\u0101t uz aplikatora vai mikro\u0161\u0137iedras<\/li>\n<li data-section-id=\"1dipqom\" data-start=\"1546\" data-end=\"1579\">Vienm\u0113r\u012bgi uzkl\u0101t uz virsmas<\/li>\n<li data-section-id=\"2erv5c\" data-start=\"1580\" data-end=\"1625\">Noslauc\u012bt p\u0101rpalikumu (\u012bpa\u0161i uz diskiem)<\/li>\n<\/ol>\n<hr data-start=\"1627\" data-end=\"1630\" \/>\n<h2 data-section-id=\"1w3bgym\" data-start=\"1632\" data-end=\"1650\"><span role=\"text\"><strong data-start=\"1635\" data-end=\"1650\">Kad lietot:<\/strong><\/span><\/h2>\n<ul data-start=\"1651\" data-end=\"1794\">\n<li data-section-id=\"1rhztn6\" data-start=\"1651\" data-end=\"1683\">P\u0113c disku un riepu t\u012br\u012b\u0161anas<\/li>\n<li data-section-id=\"1liljog\" data-start=\"1684\" data-end=\"1709\">P\u0113c detailing procesa<\/li>\n<li data-section-id=\"1xjkgah\" data-start=\"1710\" data-end=\"1745\">Lai uztur\u0113tu t\u012bru izskatu ilg\u0101k<\/li>\n<li data-section-id=\"cfgemm\" data-start=\"1746\" data-end=\"1794\">Regul\u0101rai kop\u0161anai (ik p\u0113c da\u017e\u0101m mazg\u0101\u0161an\u0101m)<\/li>\n<\/ul>\n<\/div>\n<\/div>\n<\/div>\n<\/div>\n<div class=\"otheritems\"><\/div>","protected":false},"excerpt":{"rendered":"<h1>Sonax Xtreme p\u0101rkl\u0101jums diskiem un riep\u0101m 750ml<\/h1>\n<div id=\"wrap_content2\"><\/div>","protected":false},"featured_media":3679,"comment_status":"open","ping_status":"closed","template":"","meta":{"site-sidebar-layout":"default","site-content-layout":"","ast-site-content-layout":"default","site-content-style":"default","site-sidebar-style":"default","ast-global-header-display":"","ast-banner-title-visibility":"","ast-main-header-display":"","ast-hfb-above-header-display":"","ast-hfb-below-header-display":"","ast-hfb-mobile-header-display":"","site-post-title":"","ast-breadcrumbs-content":"","ast-featured-img":"","footer-sml-layout":"","ast-disable-related-posts":"","theme-transparent-header-meta":"default","adv-header-id-meta":"","stick-header-meta":"","header-above-stick-meta":"","header-main-stick-meta":"","header-below-stick-meta":"","astra-migrate-meta-layouts":"set","ast-page-background-enabled":"default","ast-page-background-meta":{"desktop":{"background-color":"var(--ast-global-color-5)","background-image":"","background-repeat":"repeat","background-position":"center center","background-size":"auto","background-attachment":"scroll","background-type":"","background-media":"","overlay-type":"","overlay-color":"","overlay-opacity":"","overlay-gradient":""},"tablet":{"background-color":"","background-image":"","background-repeat":"repeat","background-position":"center center","background-size":"auto","background-attachment":"scroll","background-type":"","background-media":"","overlay-type":"","overlay-color":"","overlay-opacity":"","overlay-gradient":""},"mobile":{"background-color":"","background-image":"","background-repeat":"repeat","background-position":"center center","background-size":"auto","background-attachment":"scroll","background-type":"","background-media":"","overlay-type":"","overlay-color":"","overlay-opacity":"","overlay-gradient":""}},"ast-content-background-meta":{"desktop":{"background-color":"var(--ast-global-color-4)","background-image":"","background-repeat":"repeat","background-position":"center center","background-size":"auto","background-attachment":"scroll","background-type":"","background-media":"","overlay-type":"","overlay-color":"","overlay-opacity":"","overlay-gradient":""},"tablet":{"background-color":"var(--ast-global-color-4)","background-image":"","background-repeat":"repeat","background-position":"center center","background-size":"auto","background-attachment":"scroll","background-type":"","background-media":"","overlay-type":"","overlay-color":"","overlay-opacity":"","overlay-gradient":""},"mobile":{"background-color":"var(--ast-global-color-4)","background-image":"","background-repeat":"repeat","background-position":"center center","background-size":"auto","background-attachment":"scroll","background-type":"","background-media":"","overlay-type":"","overlay-color":"","overlay-opacity":"","overlay-gradient":""}}},"product_brand":[101],"product_cat":[55,89],"product_tag":[],"class_list":{"0":"post-644","1":"product","2":"type-product","3":"status-publish","4":"has-post-thumbnail","6":"product_brand-sonax","7":"product_cat-disku-aizsargparklajumi-un-vaski","8":"product_cat-parklajumi-diskiem","9":"pa_tilpums-750-ml","10":"pa_zimols-sonax","11":"desktop-align-left","12":"tablet-align-left","13":"mobile-align-left","15":"first","16":"instock","17":"taxable","18":"shipping-taxable","19":"purchasable","20":"product-type-simple"},"yoast_head":"<!-- This site is optimized with the Yoast SEO plugin v27.4 - https:\/\/yoast.com\/product\/yoast-seo-wordpress\/ -->\n<title>Sonax Xtreme p\u0101rkl\u0101jums diskiem un riep\u0101m 750ml - detailingclub.lv<\/title>\n<meta name=\"robots\" content=\"index, follow, max-snippet:-1, max-image-preview:large, max-video-preview:-1\" \/>\n<link rel=\"canonical\" href=\"https:\/\/detailingclub.lv\/ru\/product\/sonax-xtreme-parklajums-diskiem-un-riepam-750ml\/\" \/>\n<meta property=\"og:locale\" content=\"ru_RU\" \/>\n<meta property=\"og:type\" content=\"article\" \/>\n<meta property=\"og:title\" content=\"Sonax Xtreme p\u0101rkl\u0101jums diskiem un riep\u0101m 750ml - detailingclub.lv\" \/>\n<meta property=\"og:description\" content=\"Sonax Xtreme p\u0101rkl\u0101jums diskiem un riep\u0101m 750ml\" \/>\n<meta property=\"og:url\" content=\"https:\/\/detailingclub.lv\/ru\/product\/sonax-xtreme-parklajums-diskiem-un-riepam-750ml\/\" \/>\n<meta property=\"og:site_name\" content=\"detailingclub.lv\" \/>\n<meta property=\"article:modified_time\" content=\"2026-04-28T17:52:47+00:00\" \/>\n<meta property=\"og:image\" content=\"https:\/\/detailingclub.lv\/wp-content\/uploads\/2026\/04\/5878.jpg\" \/>\n\t<meta property=\"og:image:width\" content=\"409\" \/>\n\t<meta property=\"og:image:height\" content=\"1200\" \/>\n\t<meta property=\"og:image:type\" content=\"image\/jpeg\" \/>\n<meta name=\"twitter:card\" content=\"summary_large_image\" \/>\n<meta name=\"twitter:label1\" content=\"\u041f\u0440\u0438\u043c\u0435\u0440\u043d\u043e\u0435 \u0432\u0440\u0435\u043c\u044f \u0434\u043b\u044f \u0447\u0442\u0435\u043d\u0438\u044f\" \/>\n\t<meta name=\"twitter:data1\" content=\"2 \u043c\u0438\u043d\u0443\u0442\u044b\" \/>\n<script type=\"application\/ld+json\" class=\"yoast-schema-graph\">{\"@context\":\"https:\\\/\\\/schema.org\",\"@graph\":[{\"@type\":\"WebPage\",\"@id\":\"https:\\\/\\\/detailingclub.lv\\\/products\\\/sonax-xtreme-parklajums-diskiem-un-riepam-750ml\\\/\",\"url\":\"https:\\\/\\\/detailingclub.lv\\\/products\\\/sonax-xtreme-parklajums-diskiem-un-riepam-750ml\\\/\",\"name\":\"Sonax Xtreme p\u0101rkl\u0101jums diskiem un riep\u0101m 750ml - detailingclub.lv\",\"isPartOf\":{\"@id\":\"https:\\\/\\\/detailingclub.lv\\\/#website\"},\"primaryImageOfPage\":{\"@id\":\"https:\\\/\\\/detailingclub.lv\\\/products\\\/sonax-xtreme-parklajums-diskiem-un-riepam-750ml\\\/#primaryimage\"},\"image\":{\"@id\":\"https:\\\/\\\/detailingclub.lv\\\/products\\\/sonax-xtreme-parklajums-diskiem-un-riepam-750ml\\\/#primaryimage\"},\"thumbnailUrl\":\"https:\\\/\\\/detailingclub.lv\\\/wp-content\\\/uploads\\\/2026\\\/04\\\/5878.jpg\",\"datePublished\":\"2026-03-29T13:36:45+00:00\",\"dateModified\":\"2026-04-28T17:52:47+00:00\",\"breadcrumb\":{\"@id\":\"https:\\\/\\\/detailingclub.lv\\\/products\\\/sonax-xtreme-parklajums-diskiem-un-riepam-750ml\\\/#breadcrumb\"},\"inLanguage\":\"ru-RU\",\"potentialAction\":[{\"@type\":\"ReadAction\",\"target\":[\"https:\\\/\\\/detailingclub.lv\\\/products\\\/sonax-xtreme-parklajums-diskiem-un-riepam-750ml\\\/\"]}]},{\"@type\":\"ImageObject\",\"inLanguage\":\"ru-RU\",\"@id\":\"https:\\\/\\\/detailingclub.lv\\\/products\\\/sonax-xtreme-parklajums-diskiem-un-riepam-750ml\\\/#primaryimage\",\"url\":\"https:\\\/\\\/detailingclub.lv\\\/wp-content\\\/uploads\\\/2026\\\/04\\\/5878.jpg\",\"contentUrl\":\"https:\\\/\\\/detailingclub.lv\\\/wp-content\\\/uploads\\\/2026\\\/04\\\/5878.jpg\",\"width\":409,\"height\":1200},{\"@type\":\"BreadcrumbList\",\"@id\":\"https:\\\/\\\/detailingclub.lv\\\/products\\\/sonax-xtreme-parklajums-diskiem-un-riepam-750ml\\\/#breadcrumb\",\"itemListElement\":[{\"@type\":\"ListItem\",\"position\":1,\"name\":\"Home\",\"item\":\"https:\\\/\\\/detailingclub.lv\\\/\"},{\"@type\":\"ListItem\",\"position\":2,\"name\":\"VEIKALS\",\"item\":\"https:\\\/\\\/detailingclub.lv\\\/veikals\\\/\"},{\"@type\":\"ListItem\",\"position\":3,\"name\":\"Sonax Xtreme p\u0101rkl\u0101jums diskiem un riep\u0101m 750ml\"}]},{\"@type\":\"WebSite\",\"@id\":\"https:\\\/\\\/detailingclub.lv\\\/#website\",\"url\":\"https:\\\/\\\/detailingclub.lv\\\/\",\"name\":\"detailingclub.lv\",\"description\":\"\",\"publisher\":{\"@id\":\"https:\\\/\\\/detailingclub.lv\\\/#organization\"},\"potentialAction\":[{\"@type\":\"SearchAction\",\"target\":{\"@type\":\"EntryPoint\",\"urlTemplate\":\"https:\\\/\\\/detailingclub.lv\\\/?s={search_term_string}\"},\"query-input\":{\"@type\":\"PropertyValueSpecification\",\"valueRequired\":true,\"valueName\":\"search_term_string\"}}],\"inLanguage\":\"ru-RU\"},{\"@type\":\"Organization\",\"@id\":\"https:\\\/\\\/detailingclub.lv\\\/#organization\",\"name\":\"detailingclub.lv\",\"url\":\"https:\\\/\\\/detailingclub.lv\\\/\",\"logo\":{\"@type\":\"ImageObject\",\"inLanguage\":\"ru-RU\",\"@id\":\"https:\\\/\\\/detailingclub.lv\\\/#\\\/schema\\\/logo\\\/image\\\/\",\"url\":\"https:\\\/\\\/detailingclub.lv\\\/wp-content\\\/uploads\\\/2026\\\/05\\\/cropped-LOGO-\u0434\u043b\u0438\u043d\u043d\u043e\u0435-\u0431\u0435\u043b\u043e\u0435-\u0441-\u043d\u0430\u043a\u043b\u043e\u043d\u043e\u043c.png\",\"contentUrl\":\"https:\\\/\\\/detailingclub.lv\\\/wp-content\\\/uploads\\\/2026\\\/05\\\/cropped-LOGO-\u0434\u043b\u0438\u043d\u043d\u043e\u0435-\u0431\u0435\u043b\u043e\u0435-\u0441-\u043d\u0430\u043a\u043b\u043e\u043d\u043e\u043c.png\",\"width\":1140,\"height\":111,\"caption\":\"detailingclub.lv\"},\"image\":{\"@id\":\"https:\\\/\\\/detailingclub.lv\\\/#\\\/schema\\\/logo\\\/image\\\/\"}}]}<\/script>\n<!-- \/ Yoast SEO plugin. -->","yoast_head_json":{"title":"Sonax Xtreme p\u0101rkl\u0101jums diskiem un riep\u0101m 750ml - detailingclub.lv","robots":{"index":"index","follow":"follow","max-snippet":"max-snippet:-1","max-image-preview":"max-image-preview:large","max-video-preview":"max-video-preview:-1"},"canonical":"https:\/\/detailingclub.lv\/ru\/product\/sonax-xtreme-parklajums-diskiem-un-riepam-750ml\/","og_locale":"ru_RU","og_type":"article","og_title":"Sonax Xtreme p\u0101rkl\u0101jums diskiem un riep\u0101m 750ml - detailingclub.lv","og_description":"Sonax Xtreme p\u0101rkl\u0101jums diskiem un riep\u0101m 750ml","og_url":"https:\/\/detailingclub.lv\/ru\/product\/sonax-xtreme-parklajums-diskiem-un-riepam-750ml\/","og_site_name":"detailingclub.lv","article_modified_time":"2026-04-28T17:52:47+00:00","og_image":[{"width":409,"height":1200,"url":"https:\/\/detailingclub.lv\/wp-content\/uploads\/2026\/04\/5878.jpg","type":"image\/jpeg"}],"twitter_card":"summary_large_image","twitter_misc":{"\u041f\u0440\u0438\u043c\u0435\u0440\u043d\u043e\u0435 \u0432\u0440\u0435\u043c\u044f \u0434\u043b\u044f \u0447\u0442\u0435\u043d\u0438\u044f":"2 \u043c\u0438\u043d\u0443\u0442\u044b"},"schema":{"@context":"https:\/\/schema.org","@graph":[{"@type":"WebPage","@id":"https:\/\/detailingclub.lv\/products\/sonax-xtreme-parklajums-diskiem-un-riepam-750ml\/","url":"https:\/\/detailingclub.lv\/products\/sonax-xtreme-parklajums-diskiem-un-riepam-750ml\/","name":"Sonax Xtreme p\u0101rkl\u0101jums diskiem un riep\u0101m 750ml - detailingclub.lv","isPartOf":{"@id":"https:\/\/detailingclub.lv\/#website"},"primaryImageOfPage":{"@id":"https:\/\/detailingclub.lv\/products\/sonax-xtreme-parklajums-diskiem-un-riepam-750ml\/#primaryimage"},"image":{"@id":"https:\/\/detailingclub.lv\/products\/sonax-xtreme-parklajums-diskiem-un-riepam-750ml\/#primaryimage"},"thumbnailUrl":"https:\/\/detailingclub.lv\/wp-content\/uploads\/2026\/04\/5878.jpg","datePublished":"2026-03-29T13:36:45+00:00","dateModified":"2026-04-28T17:52:47+00:00","breadcrumb":{"@id":"https:\/\/detailingclub.lv\/products\/sonax-xtreme-parklajums-diskiem-un-riepam-750ml\/#breadcrumb"},"inLanguage":"ru-RU","potentialAction":[{"@type":"ReadAction","target":["https:\/\/detailingclub.lv\/products\/sonax-xtreme-parklajums-diskiem-un-riepam-750ml\/"]}]},{"@type":"ImageObject","inLanguage":"ru-RU","@id":"https:\/\/detailingclub.lv\/products\/sonax-xtreme-parklajums-diskiem-un-riepam-750ml\/#primaryimage","url":"https:\/\/detailingclub.lv\/wp-content\/uploads\/2026\/04\/5878.jpg","contentUrl":"https:\/\/detailingclub.lv\/wp-content\/uploads\/2026\/04\/5878.jpg","width":409,"height":1200},{"@type":"BreadcrumbList","@id":"https:\/\/detailingclub.lv\/products\/sonax-xtreme-parklajums-diskiem-un-riepam-750ml\/#breadcrumb","itemListElement":[{"@type":"ListItem","position":1,"name":"Home","item":"https:\/\/detailingclub.lv\/"},{"@type":"ListItem","position":2,"name":"VEIKALS","item":"https:\/\/detailingclub.lv\/veikals\/"},{"@type":"ListItem","position":3,"name":"Sonax Xtreme p\u0101rkl\u0101jums diskiem un riep\u0101m 750ml"}]},{"@type":"WebSite","@id":"https:\/\/detailingclub.lv\/#website","url":"https:\/\/detailingclub.lv\/","name":"detailingclub.lv","description":"","publisher":{"@id":"https:\/\/detailingclub.lv\/#organization"},"potentialAction":[{"@type":"SearchAction","target":{"@type":"EntryPoint","urlTemplate":"https:\/\/detailingclub.lv\/?s={search_term_string}"},"query-input":{"@type":"PropertyValueSpecification","valueRequired":true,"valueName":"search_term_string"}}],"inLanguage":"ru-RU"},{"@type":"Organization","@id":"https:\/\/detailingclub.lv\/#organization","name":"detailingclub.lv","url":"https:\/\/detailingclub.lv\/","logo":{"@type":"ImageObject","inLanguage":"ru-RU","@id":"https:\/\/detailingclub.lv\/#\/schema\/logo\/image\/","url":"https:\/\/detailingclub.lv\/wp-content\/uploads\/2026\/05\/cropped-LOGO-\u0434\u043b\u0438\u043d\u043d\u043e\u0435-\u0431\u0435\u043b\u043e\u0435-\u0441-\u043d\u0430\u043a\u043b\u043e\u043d\u043e\u043c.png","contentUrl":"https:\/\/detailingclub.lv\/wp-content\/uploads\/2026\/05\/cropped-LOGO-\u0434\u043b\u0438\u043d\u043d\u043e\u0435-\u0431\u0435\u043b\u043e\u0435-\u0441-\u043d\u0430\u043a\u043b\u043e\u043d\u043e\u043c.png","width":1140,"height":111,"caption":"detailingclub.lv"},"image":{"@id":"https:\/\/detailingclub.lv\/#\/schema\/logo\/image\/"}}]}},"jetpack_sharing_enabled":true,"_links":{"self":[{"href":"https:\/\/detailingclub.lv\/ru\/wp-json\/wp\/v2\/product\/644","targetHints":{"allow":["GET"]}}],"collection":[{"href":"https:\/\/detailingclub.lv\/ru\/wp-json\/wp\/v2\/product"}],"about":[{"href":"https:\/\/detailingclub.lv\/ru\/wp-json\/wp\/v2\/types\/product"}],"replies":[{"embeddable":true,"href":"https:\/\/detailingclub.lv\/ru\/wp-json\/wp\/v2\/comments?post=644"}],"wp:featuredmedia":[{"embeddable":true,"href":"https:\/\/detailingclub.lv\/ru\/wp-json\/wp\/v2\/media\/3679"}],"wp:attachment":[{"href":"https:\/\/detailingclub.lv\/ru\/wp-json\/wp\/v2\/media?parent=644"}],"wp:term":[{"taxonomy":"product_brand","embeddable":true,"href":"https:\/\/detailingclub.lv\/ru\/wp-json\/wp\/v2\/product_brand?post=644"},{"taxonomy":"product_cat","embeddable":true,"href":"https:\/\/detailingclub.lv\/ru\/wp-json\/wp\/v2\/product_cat?post=644"},{"taxonomy":"product_tag","embeddable":true,"href":"https:\/\/detailingclub.lv\/ru\/wp-json\/wp\/v2\/product_tag?post=644"}],"curies":[{"name":"wp","href":"https:\/\/api.w.org\/{rel}","templated":true}]}}