{"id":642,"date":"2026-03-29T13:34:55","date_gmt":"2026-03-29T13:34:55","guid":{"rendered":"https:\/\/detailingclub.lv\/?post_type=product&#038;p=642"},"modified":"2026-04-28T17:17:44","modified_gmt":"2026-04-28T17:17:44","slug":"sonax-disku-tirisanas-lidzeklis-wheel-beast-1l","status":"publish","type":"product","link":"https:\/\/detailingclub.lv\/ru\/product\/sonax-disku-tirisanas-lidzeklis-wheel-beast-1l\/","title":{"rendered":"SONAX \u0421\u0440\u0435\u0434\u0441\u0442\u0432\u043e \u0434\u043b\u044f \u0447\u0438\u0441\u0442\u043a\u0438 \u0434\u0438\u0441\u043a\u043e\u0432 Wheel Beast 1\u043b"},"content":{"rendered":"<div id=\"tabContaier\">\n<div class=\"tabDetails\">\n<div id=\"tab1\" class=\"tabContents\">\n<div class=\"item_desc\">\n<p data-start=\"180\" data-end=\"379\">\u0160is ir viens no popul\u0101r\u0101kajiem disku t\u012br\u012bt\u0101jiem \u2014 un ne bez iemesla. SONAX Wheel Beast ir paredz\u0113ts, lai <strong data-start=\"285\" data-end=\"378\">no\u0146emtu ne tikai net\u012brumus, bet ar\u012b brem\u017eu putek\u013cus (dzelzs da\u013ci\u0146as), kas \u201cie\u0113das\u201d diskos<\/strong>.<\/p>\n<hr data-start=\"381\" data-end=\"384\" \/>\n<h2 data-section-id=\"bjgfgb\" data-start=\"386\" data-end=\"414\"><span role=\"text\"><strong data-start=\"389\" data-end=\"414\">K\u0101p\u0113c tas ir svar\u012bgi:<\/strong><\/span><\/h2>\n<ul data-start=\"415\" data-end=\"679\">\n<li data-section-id=\"10zqyce\" data-start=\"415\" data-end=\"462\">No\u0146em <strong data-start=\"423\" data-end=\"460\">brem\u017eu putek\u013cus un met\u0101la da\u013ci\u0146as<\/strong><\/li>\n<li data-section-id=\"1mb3cm0\" data-start=\"463\" data-end=\"508\">Efekt\u012bvs pret stipri ie\u0113du\u0161iem net\u012brumiem<\/li>\n<li data-section-id=\"8v61gt\" data-start=\"509\" data-end=\"600\">Dro\u0161s da\u017e\u0101diem diskiem (kr\u0101soti, hrom\u0113ti, mat\u0113ti)<\/li>\n<li data-section-id=\"1y2a42m\" data-start=\"601\" data-end=\"679\">Nesaboj\u0101 virsmu (bez sk\u0101bes sast\u0101va)<\/li>\n<\/ul>\n<hr data-start=\"681\" data-end=\"684\" \/>\n<h2 data-section-id=\"1u61ql0\" data-start=\"686\" data-end=\"713\"><span role=\"text\"><strong data-start=\"689\" data-end=\"713\">Kas padara to \u012bpa\u0161u:<\/strong><\/span><\/h2>\n<ul data-start=\"714\" data-end=\"1064\">\n<li data-section-id=\"8zjbho\" data-start=\"714\" data-end=\"826\"><strong data-start=\"716\" data-end=\"737\">Kr\u0101sas indikators<\/strong> \u2192 l\u012bdzeklis k\u013c\u016bst sarkans, kad \u0161\u0137\u012bdina net\u012brumus<\/li>\n<li data-section-id=\"193559m\" data-start=\"827\" data-end=\"874\">pH neitr\u0101ls \u2192 dro\u0161s p\u0101rkl\u0101jumiem un diskiem<\/li>\n<li data-section-id=\"1ku1pl5\" data-start=\"875\" data-end=\"982\">Str\u0101d\u0101 uz visiem disku tipiem (t\u0113rauda, alum\u012bnija, pul\u0113tiem utt.)<\/li>\n<li data-section-id=\"1dgahi7\" data-start=\"983\" data-end=\"1064\">Piem\u0113rots ar\u012b diskiem ar TPMS sensoriem<\/li>\n<\/ul>\n<hr data-start=\"1066\" data-end=\"1069\" \/>\n<h2 data-section-id=\"wghv7f\" data-start=\"1071\" data-end=\"1101\"><span role=\"text\"><strong data-start=\"1074\" data-end=\"1101\">Galven\u0101s priek\u0161roc\u012bbas:<\/strong><\/span><\/h2>\n<ul data-start=\"1102\" data-end=\"1346\">\n<li data-section-id=\"ndcaip\" data-start=\"1102\" data-end=\"1155\">\u201cIron remover\u201d efekts (no\u0146em met\u0101la pies\u0101r\u0146ojumu)<\/li>\n<li data-section-id=\"1recrdb\" data-start=\"1156\" data-end=\"1198\">Sp\u0113c\u012bga t\u012br\u012b\u0161ana bez agres\u012bvas \u0137\u012bmijas<\/li>\n<li data-section-id=\"919mc4\" data-start=\"1199\" data-end=\"1233\">\u013bauj t\u012br\u012bt ar minim\u0101lu ber\u0161anu<\/li>\n<li data-section-id=\"1ictk6v\" data-start=\"1234\" data-end=\"1283\">Profesion\u0101la l\u012bme\u0146a rezult\u0101ts m\u0101jas apst\u0101k\u013cos<\/li>\n<\/ul>\n<hr data-start=\"1348\" data-end=\"1351\" \/>\n<h2 data-section-id=\"1uz3uti\" data-start=\"1353\" data-end=\"1383\"><span role=\"text\">\u26a0\ufe0f <strong data-start=\"1359\" data-end=\"1383\">Svar\u012bgi (praktiski):<\/strong><\/span><\/h2>\n<ul data-start=\"1384\" data-end=\"1489\">\n<li data-section-id=\"nh9ckp\" data-start=\"1384\" data-end=\"1416\">Nelietot uz karstiem diskiem<\/li>\n<li data-section-id=\"wyiagh\" data-start=\"1417\" data-end=\"1444\">Ne\u013caut no\u017e\u016bt uz virsmas<\/li>\n<li data-section-id=\"azr55w\" data-start=\"1445\" data-end=\"1489\">Smar\u017ea ir specifiska (norm\u0101li \u0161im tipam)<\/li>\n<\/ul>\n<hr data-start=\"1491\" data-end=\"1494\" \/>\n<h2 data-section-id=\"1hj5o56\" data-start=\"1496\" data-end=\"1513\"><span role=\"text\"><strong data-start=\"1499\" data-end=\"1513\">K\u0101 lietot:<\/strong><\/span><\/h2>\n<ul data-start=\"1514\" data-end=\"1697\">\n<li data-section-id=\"ce2fj7\" data-start=\"1514\" data-end=\"1552\">Uzsmidzin\u0101t uz atdzisu\u0161iem diskiem<\/li>\n<li data-section-id=\"1lkwvao\" data-start=\"1553\" data-end=\"1621\">Atst\u0101t iedarboties 3\u20135 min<\/li>\n<li data-section-id=\"1fzs1js\" data-start=\"1622\" data-end=\"1659\">Ja nepiecie\u0161ams \u2014 izmantot birsti<\/li>\n<li data-section-id=\"y2tyth\" data-start=\"1660\" data-end=\"1697\">Noskalot ar sp\u0113c\u012bgu \u016bdens str\u016bklu<\/li>\n<\/ul>\n<hr data-start=\"1699\" data-end=\"1702\" \/>\n<h2 data-section-id=\"1w3bgym\" data-start=\"1704\" data-end=\"1722\"><span role=\"text\"><strong data-start=\"1707\" data-end=\"1722\">Kad lietot:<\/strong><\/span><\/h2>\n<ul data-start=\"1723\" data-end=\"1859\">\n<li data-section-id=\"1o9pj4c\" data-start=\"1723\" data-end=\"1753\">Regul\u0101rai disku mazg\u0101\u0161anai<\/li>\n<li data-section-id=\"r07mkd\" data-start=\"1754\" data-end=\"1798\">Ja diski ir \u013coti net\u012bri (brem\u017eu putek\u013ci)<\/li>\n<li data-section-id=\"19hrynf\" data-start=\"1799\" data-end=\"1837\">Pirms aizsargp\u0101rkl\u0101juma uzkl\u0101\u0161anas<\/li>\n<li data-section-id=\"wv99mo\" data-start=\"1838\" data-end=\"1859\">Detailing proces\u0101<\/li>\n<\/ul>\n<hr data-start=\"1861\" data-end=\"1864\" \/>\n<h2 data-section-id=\"jz4h8\" data-start=\"1866\" data-end=\"1892\"><span role=\"text\"><strong data-start=\"1869\" data-end=\"1892\">Re\u0101lais secin\u0101jums:<\/strong><\/span><\/h2>\n<p data-start=\"1893\" data-end=\"2054\">\ud83d\udc49 Ja gribi <strong data-start=\"1905\" data-end=\"1943\">efekt\u012bvu, bet dro\u0161u disku t\u012br\u012bt\u0101ju<\/strong> \u2014 tas ir viens no lab\u0101kajiem variantiem<br data-start=\"1983\" data-end=\"1986\" \/>\ud83d\udc49 Tas ir \u201czelta vidusce\u013c\u0161\u201d starp agres\u012bvu \u0137\u012bmiju un dro\u0161u kop\u0161anu<\/p>\n<p data-start=\"2056\" data-end=\"2134\">\u0160is ir produkts, kas <strong data-start=\"2077\" data-end=\"2133\">re\u0101li atjauno disku izskatu, nevis tikai tos noskalo<\/strong>.<\/p>\n<\/div>\n<\/div>\n<\/div>\n<\/div>\n<div class=\"otheritems\"><\/div>","protected":false},"excerpt":{"rendered":"<h1>SONAX \u0421\u0440\u0435\u0434\u0441\u0442\u0432\u043e \u0434\u043b\u044f \u0447\u0438\u0441\u0442\u043a\u0438 \u0434\u0438\u0441\u043a\u043e\u0432 Wheel Beast 1\u043b<\/h1>\n<div id=\"wrap_content2\"><\/div>","protected":false},"featured_media":3677,"comment_status":"open","ping_status":"closed","template":"","meta":{"site-sidebar-layout":"default","site-content-layout":"","ast-site-content-layout":"default","site-content-style":"default","site-sidebar-style":"default","ast-global-header-display":"","ast-banner-title-visibility":"","ast-main-header-display":"","ast-hfb-above-header-display":"","ast-hfb-below-header-display":"","ast-hfb-mobile-header-display":"","site-post-title":"","ast-breadcrumbs-content":"","ast-featured-img":"","footer-sml-layout":"","ast-disable-related-posts":"","theme-transparent-header-meta":"default","adv-header-id-meta":"","stick-header-meta":"","header-above-stick-meta":"","header-main-stick-meta":"","header-below-stick-meta":"","astra-migrate-meta-layouts":"set","ast-page-background-enabled":"default","ast-page-background-meta":{"desktop":{"background-color":"var(--ast-global-color-5)","background-image":"","background-repeat":"repeat","background-position":"center center","background-size":"auto","background-attachment":"scroll","background-type":"","background-media":"","overlay-type":"","overlay-color":"","overlay-opacity":"","overlay-gradient":""},"tablet":{"background-color":"","background-image":"","background-repeat":"repeat","background-position":"center center","background-size":"auto","background-attachment":"scroll","background-type":"","background-media":"","overlay-type":"","overlay-color":"","overlay-opacity":"","overlay-gradient":""},"mobile":{"background-color":"","background-image":"","background-repeat":"repeat","background-position":"center center","background-size":"auto","background-attachment":"scroll","background-type":"","background-media":"","overlay-type":"","overlay-color":"","overlay-opacity":"","overlay-gradient":""}},"ast-content-background-meta":{"desktop":{"background-color":"var(--ast-global-color-4)","background-image":"","background-repeat":"repeat","background-position":"center center","background-size":"auto","background-attachment":"scroll","background-type":"","background-media":"","overlay-type":"","overlay-color":"","overlay-opacity":"","overlay-gradient":""},"tablet":{"background-color":"var(--ast-global-color-4)","background-image":"","background-repeat":"repeat","background-position":"center center","background-size":"auto","background-attachment":"scroll","background-type":"","background-media":"","overlay-type":"","overlay-color":"","overlay-opacity":"","overlay-gradient":""},"mobile":{"background-color":"var(--ast-global-color-4)","background-image":"","background-repeat":"repeat","background-position":"center center","background-size":"auto","background-attachment":"scroll","background-type":"","background-media":"","overlay-type":"","overlay-color":"","overlay-opacity":"","overlay-gradient":""}}},"product_brand":[101],"product_cat":[51,52],"product_tag":[],"class_list":{"0":"post-642","1":"product","2":"type-product","3":"status-publish","4":"has-post-thumbnail","6":"product_brand-sonax","7":"product_cat-disku-tirisanas-lidzekli","8":"product_cat-riepu-tirisanas-lidzekli","9":"pa_tilpums-1l","10":"pa_zimols-sonax","11":"desktop-align-left","12":"tablet-align-left","13":"mobile-align-left","15":"first","16":"instock","17":"taxable","18":"shipping-taxable","19":"purchasable","20":"product-type-simple"},"yoast_head":"<!-- This site is optimized with the Yoast SEO plugin v27.4 - https:\/\/yoast.com\/product\/yoast-seo-wordpress\/ -->\n<title>SONAX Disku t\u012br\u012b\u0161anas l\u012bdzeklis Wheel Beast 1L - detailingclub.lv<\/title>\n<meta name=\"description\" content=\"SONAX Wheel Beast 1L efekt\u012bvi no\u0146em brem\u017eu putek\u013cus un net\u012brumus, ir pH neitr\u0101ls un dro\u0161s visiem disku tipiem, nodro\u0161inot profesion\u0101lu rezult\u0101tu.\" \/>\n<meta name=\"robots\" content=\"index, follow, max-snippet:-1, max-image-preview:large, max-video-preview:-1\" \/>\n<link rel=\"canonical\" href=\"https:\/\/detailingclub.lv\/ru\/product\/sonax-disku-tirisanas-lidzeklis-wheel-beast-1l\/\" \/>\n<meta property=\"og:locale\" content=\"ru_RU\" \/>\n<meta property=\"og:type\" content=\"article\" \/>\n<meta property=\"og:title\" content=\"SONAX Disku t\u012br\u012b\u0161anas l\u012bdzeklis Wheel Beast 1L - detailingclub.lv\" \/>\n<meta property=\"og:description\" content=\"SONAX Wheel Beast 1L efekt\u012bvi no\u0146em brem\u017eu putek\u013cus un net\u012brumus, ir pH neitr\u0101ls un dro\u0161s visiem disku tipiem, nodro\u0161inot profesion\u0101lu rezult\u0101tu.\" \/>\n<meta property=\"og:url\" content=\"https:\/\/detailingclub.lv\/ru\/product\/sonax-disku-tirisanas-lidzeklis-wheel-beast-1l\/\" \/>\n<meta property=\"og:site_name\" content=\"detailingclub.lv\" \/>\n<meta property=\"article:modified_time\" content=\"2026-04-28T17:17:44+00:00\" \/>\n<meta property=\"og:image\" content=\"https:\/\/detailingclub.lv\/wp-content\/uploads\/2026\/04\/5883.jpg\" \/>\n\t<meta property=\"og:image:width\" content=\"452\" \/>\n\t<meta property=\"og:image:height\" content=\"1200\" \/>\n\t<meta property=\"og:image:type\" content=\"image\/jpeg\" \/>\n<meta name=\"twitter:card\" content=\"summary_large_image\" \/>\n<meta name=\"twitter:label1\" content=\"\u041f\u0440\u0438\u043c\u0435\u0440\u043d\u043e\u0435 \u0432\u0440\u0435\u043c\u044f \u0434\u043b\u044f \u0447\u0442\u0435\u043d\u0438\u044f\" \/>\n\t<meta name=\"twitter:data1\" content=\"2 \u043c\u0438\u043d\u0443\u0442\u044b\" \/>\n<script type=\"application\/ld+json\" class=\"yoast-schema-graph\">{\"@context\":\"https:\\\/\\\/schema.org\",\"@graph\":[{\"@type\":\"WebPage\",\"@id\":\"https:\\\/\\\/detailingclub.lv\\\/products\\\/sonax-disku-tirisanas-lidzeklis-wheel-beast-1l\\\/\",\"url\":\"https:\\\/\\\/detailingclub.lv\\\/products\\\/sonax-disku-tirisanas-lidzeklis-wheel-beast-1l\\\/\",\"name\":\"SONAX Disku t\u012br\u012b\u0161anas l\u012bdzeklis Wheel Beast 1L - detailingclub.lv\",\"isPartOf\":{\"@id\":\"https:\\\/\\\/detailingclub.lv\\\/#website\"},\"primaryImageOfPage\":{\"@id\":\"https:\\\/\\\/detailingclub.lv\\\/products\\\/sonax-disku-tirisanas-lidzeklis-wheel-beast-1l\\\/#primaryimage\"},\"image\":{\"@id\":\"https:\\\/\\\/detailingclub.lv\\\/products\\\/sonax-disku-tirisanas-lidzeklis-wheel-beast-1l\\\/#primaryimage\"},\"thumbnailUrl\":\"https:\\\/\\\/detailingclub.lv\\\/wp-content\\\/uploads\\\/2026\\\/04\\\/5883.jpg\",\"datePublished\":\"2026-03-29T13:34:55+00:00\",\"dateModified\":\"2026-04-28T17:17:44+00:00\",\"description\":\"SONAX Wheel Beast 1L efekt\u012bvi no\u0146em brem\u017eu putek\u013cus un net\u012brumus, ir pH neitr\u0101ls un dro\u0161s visiem disku tipiem, nodro\u0161inot profesion\u0101lu rezult\u0101tu.\",\"breadcrumb\":{\"@id\":\"https:\\\/\\\/detailingclub.lv\\\/products\\\/sonax-disku-tirisanas-lidzeklis-wheel-beast-1l\\\/#breadcrumb\"},\"inLanguage\":\"ru-RU\",\"potentialAction\":[{\"@type\":\"ReadAction\",\"target\":[\"https:\\\/\\\/detailingclub.lv\\\/products\\\/sonax-disku-tirisanas-lidzeklis-wheel-beast-1l\\\/\"]}]},{\"@type\":\"ImageObject\",\"inLanguage\":\"ru-RU\",\"@id\":\"https:\\\/\\\/detailingclub.lv\\\/products\\\/sonax-disku-tirisanas-lidzeklis-wheel-beast-1l\\\/#primaryimage\",\"url\":\"https:\\\/\\\/detailingclub.lv\\\/wp-content\\\/uploads\\\/2026\\\/04\\\/5883.jpg\",\"contentUrl\":\"https:\\\/\\\/detailingclub.lv\\\/wp-content\\\/uploads\\\/2026\\\/04\\\/5883.jpg\",\"width\":452,\"height\":1200},{\"@type\":\"BreadcrumbList\",\"@id\":\"https:\\\/\\\/detailingclub.lv\\\/products\\\/sonax-disku-tirisanas-lidzeklis-wheel-beast-1l\\\/#breadcrumb\",\"itemListElement\":[{\"@type\":\"ListItem\",\"position\":1,\"name\":\"Home\",\"item\":\"https:\\\/\\\/detailingclub.lv\\\/\"},{\"@type\":\"ListItem\",\"position\":2,\"name\":\"VEIKALS\",\"item\":\"https:\\\/\\\/detailingclub.lv\\\/veikals\\\/\"},{\"@type\":\"ListItem\",\"position\":3,\"name\":\"SONAX Disku t\u012br\u012b\u0161anas l\u012bdzeklis Wheel Beast 1L\"}]},{\"@type\":\"WebSite\",\"@id\":\"https:\\\/\\\/detailingclub.lv\\\/#website\",\"url\":\"https:\\\/\\\/detailingclub.lv\\\/\",\"name\":\"detailingclub.lv\",\"description\":\"\",\"publisher\":{\"@id\":\"https:\\\/\\\/detailingclub.lv\\\/#organization\"},\"potentialAction\":[{\"@type\":\"SearchAction\",\"target\":{\"@type\":\"EntryPoint\",\"urlTemplate\":\"https:\\\/\\\/detailingclub.lv\\\/?s={search_term_string}\"},\"query-input\":{\"@type\":\"PropertyValueSpecification\",\"valueRequired\":true,\"valueName\":\"search_term_string\"}}],\"inLanguage\":\"ru-RU\"},{\"@type\":\"Organization\",\"@id\":\"https:\\\/\\\/detailingclub.lv\\\/#organization\",\"name\":\"detailingclub.lv\",\"url\":\"https:\\\/\\\/detailingclub.lv\\\/\",\"logo\":{\"@type\":\"ImageObject\",\"inLanguage\":\"ru-RU\",\"@id\":\"https:\\\/\\\/detailingclub.lv\\\/#\\\/schema\\\/logo\\\/image\\\/\",\"url\":\"https:\\\/\\\/detailingclub.lv\\\/wp-content\\\/uploads\\\/2026\\\/05\\\/cropped-LOGO-\u0434\u043b\u0438\u043d\u043d\u043e\u0435-\u0431\u0435\u043b\u043e\u0435-\u0441-\u043d\u0430\u043a\u043b\u043e\u043d\u043e\u043c.png\",\"contentUrl\":\"https:\\\/\\\/detailingclub.lv\\\/wp-content\\\/uploads\\\/2026\\\/05\\\/cropped-LOGO-\u0434\u043b\u0438\u043d\u043d\u043e\u0435-\u0431\u0435\u043b\u043e\u0435-\u0441-\u043d\u0430\u043a\u043b\u043e\u043d\u043e\u043c.png\",\"width\":1140,\"height\":111,\"caption\":\"detailingclub.lv\"},\"image\":{\"@id\":\"https:\\\/\\\/detailingclub.lv\\\/#\\\/schema\\\/logo\\\/image\\\/\"}}]}<\/script>\n<!-- \/ Yoast SEO plugin. -->","yoast_head_json":{"title":"SONAX Disku t\u012br\u012b\u0161anas l\u012bdzeklis Wheel Beast 1L - detailingclub.lv","description":"SONAX Wheel Beast 1L efekt\u012bvi no\u0146em brem\u017eu putek\u013cus un net\u012brumus, ir pH neitr\u0101ls un dro\u0161s visiem disku tipiem, nodro\u0161inot profesion\u0101lu rezult\u0101tu.","robots":{"index":"index","follow":"follow","max-snippet":"max-snippet:-1","max-image-preview":"max-image-preview:large","max-video-preview":"max-video-preview:-1"},"canonical":"https:\/\/detailingclub.lv\/ru\/product\/sonax-disku-tirisanas-lidzeklis-wheel-beast-1l\/","og_locale":"ru_RU","og_type":"article","og_title":"SONAX Disku t\u012br\u012b\u0161anas l\u012bdzeklis Wheel Beast 1L - detailingclub.lv","og_description":"SONAX Wheel Beast 1L efekt\u012bvi no\u0146em brem\u017eu putek\u013cus un net\u012brumus, ir pH neitr\u0101ls un dro\u0161s visiem disku tipiem, nodro\u0161inot profesion\u0101lu rezult\u0101tu.","og_url":"https:\/\/detailingclub.lv\/ru\/product\/sonax-disku-tirisanas-lidzeklis-wheel-beast-1l\/","og_site_name":"detailingclub.lv","article_modified_time":"2026-04-28T17:17:44+00:00","og_image":[{"width":452,"height":1200,"url":"https:\/\/detailingclub.lv\/wp-content\/uploads\/2026\/04\/5883.jpg","type":"image\/jpeg"}],"twitter_card":"summary_large_image","twitter_misc":{"\u041f\u0440\u0438\u043c\u0435\u0440\u043d\u043e\u0435 \u0432\u0440\u0435\u043c\u044f \u0434\u043b\u044f \u0447\u0442\u0435\u043d\u0438\u044f":"2 \u043c\u0438\u043d\u0443\u0442\u044b"},"schema":{"@context":"https:\/\/schema.org","@graph":[{"@type":"WebPage","@id":"https:\/\/detailingclub.lv\/products\/sonax-disku-tirisanas-lidzeklis-wheel-beast-1l\/","url":"https:\/\/detailingclub.lv\/products\/sonax-disku-tirisanas-lidzeklis-wheel-beast-1l\/","name":"SONAX Disku t\u012br\u012b\u0161anas l\u012bdzeklis Wheel Beast 1L - detailingclub.lv","isPartOf":{"@id":"https:\/\/detailingclub.lv\/#website"},"primaryImageOfPage":{"@id":"https:\/\/detailingclub.lv\/products\/sonax-disku-tirisanas-lidzeklis-wheel-beast-1l\/#primaryimage"},"image":{"@id":"https:\/\/detailingclub.lv\/products\/sonax-disku-tirisanas-lidzeklis-wheel-beast-1l\/#primaryimage"},"thumbnailUrl":"https:\/\/detailingclub.lv\/wp-content\/uploads\/2026\/04\/5883.jpg","datePublished":"2026-03-29T13:34:55+00:00","dateModified":"2026-04-28T17:17:44+00:00","description":"SONAX Wheel Beast 1L efekt\u012bvi no\u0146em brem\u017eu putek\u013cus un net\u012brumus, ir pH neitr\u0101ls un dro\u0161s visiem disku tipiem, nodro\u0161inot profesion\u0101lu rezult\u0101tu.","breadcrumb":{"@id":"https:\/\/detailingclub.lv\/products\/sonax-disku-tirisanas-lidzeklis-wheel-beast-1l\/#breadcrumb"},"inLanguage":"ru-RU","potentialAction":[{"@type":"ReadAction","target":["https:\/\/detailingclub.lv\/products\/sonax-disku-tirisanas-lidzeklis-wheel-beast-1l\/"]}]},{"@type":"ImageObject","inLanguage":"ru-RU","@id":"https:\/\/detailingclub.lv\/products\/sonax-disku-tirisanas-lidzeklis-wheel-beast-1l\/#primaryimage","url":"https:\/\/detailingclub.lv\/wp-content\/uploads\/2026\/04\/5883.jpg","contentUrl":"https:\/\/detailingclub.lv\/wp-content\/uploads\/2026\/04\/5883.jpg","width":452,"height":1200},{"@type":"BreadcrumbList","@id":"https:\/\/detailingclub.lv\/products\/sonax-disku-tirisanas-lidzeklis-wheel-beast-1l\/#breadcrumb","itemListElement":[{"@type":"ListItem","position":1,"name":"Home","item":"https:\/\/detailingclub.lv\/"},{"@type":"ListItem","position":2,"name":"VEIKALS","item":"https:\/\/detailingclub.lv\/veikals\/"},{"@type":"ListItem","position":3,"name":"SONAX Disku t\u012br\u012b\u0161anas l\u012bdzeklis Wheel Beast 1L"}]},{"@type":"WebSite","@id":"https:\/\/detailingclub.lv\/#website","url":"https:\/\/detailingclub.lv\/","name":"detailingclub.lv","description":"","publisher":{"@id":"https:\/\/detailingclub.lv\/#organization"},"potentialAction":[{"@type":"SearchAction","target":{"@type":"EntryPoint","urlTemplate":"https:\/\/detailingclub.lv\/?s={search_term_string}"},"query-input":{"@type":"PropertyValueSpecification","valueRequired":true,"valueName":"search_term_string"}}],"inLanguage":"ru-RU"},{"@type":"Organization","@id":"https:\/\/detailingclub.lv\/#organization","name":"detailingclub.lv","url":"https:\/\/detailingclub.lv\/","logo":{"@type":"ImageObject","inLanguage":"ru-RU","@id":"https:\/\/detailingclub.lv\/#\/schema\/logo\/image\/","url":"https:\/\/detailingclub.lv\/wp-content\/uploads\/2026\/05\/cropped-LOGO-\u0434\u043b\u0438\u043d\u043d\u043e\u0435-\u0431\u0435\u043b\u043e\u0435-\u0441-\u043d\u0430\u043a\u043b\u043e\u043d\u043e\u043c.png","contentUrl":"https:\/\/detailingclub.lv\/wp-content\/uploads\/2026\/05\/cropped-LOGO-\u0434\u043b\u0438\u043d\u043d\u043e\u0435-\u0431\u0435\u043b\u043e\u0435-\u0441-\u043d\u0430\u043a\u043b\u043e\u043d\u043e\u043c.png","width":1140,"height":111,"caption":"detailingclub.lv"},"image":{"@id":"https:\/\/detailingclub.lv\/#\/schema\/logo\/image\/"}}]}},"jetpack_sharing_enabled":true,"_links":{"self":[{"href":"https:\/\/detailingclub.lv\/ru\/wp-json\/wp\/v2\/product\/642","targetHints":{"allow":["GET"]}}],"collection":[{"href":"https:\/\/detailingclub.lv\/ru\/wp-json\/wp\/v2\/product"}],"about":[{"href":"https:\/\/detailingclub.lv\/ru\/wp-json\/wp\/v2\/types\/product"}],"replies":[{"embeddable":true,"href":"https:\/\/detailingclub.lv\/ru\/wp-json\/wp\/v2\/comments?post=642"}],"wp:featuredmedia":[{"embeddable":true,"href":"https:\/\/detailingclub.lv\/ru\/wp-json\/wp\/v2\/media\/3677"}],"wp:attachment":[{"href":"https:\/\/detailingclub.lv\/ru\/wp-json\/wp\/v2\/media?parent=642"}],"wp:term":[{"taxonomy":"product_brand","embeddable":true,"href":"https:\/\/detailingclub.lv\/ru\/wp-json\/wp\/v2\/product_brand?post=642"},{"taxonomy":"product_cat","embeddable":true,"href":"https:\/\/detailingclub.lv\/ru\/wp-json\/wp\/v2\/product_cat?post=642"},{"taxonomy":"product_tag","embeddable":true,"href":"https:\/\/detailingclub.lv\/ru\/wp-json\/wp\/v2\/product_tag?post=642"}],"curies":[{"name":"wp","href":"https:\/\/api.w.org\/{rel}","templated":true}]}}