{"id":5903,"date":"2026-04-28T20:36:29","date_gmt":"2026-04-28T20:36:29","guid":{"rendered":"https:\/\/detailingclub.lv\/?post_type=product&#038;p=5903"},"modified":"2026-04-28T20:36:29","modified_gmt":"2026-04-28T20:36:29","slug":"shiny-garage-dissolver-tar-glue-remover-pro","status":"publish","type":"product","link":"https:\/\/detailingclub.lv\/ru\/product\/shiny-garage-dissolver-tar-glue-remover-pro\/","title":{"rendered":"Shiny Garage Dissolver Tar &#038; Glue Remover Pro"},"content":{"rendered":"<h2 data-section-id=\"jklr8b\" data-start=\"155\" data-end=\"207\"><span role=\"text\"><strong data-start=\"158\" data-end=\"207\">Shiny Garage Dissolver Tar &amp; Glue Remover Pro<\/strong><\/span><\/h2>\n<p data-start=\"209\" data-end=\"297\">Speci\u0101ls l\u012bdzeklis darvas, asfalta un l\u012bmes atlikumu no\u0146em\u0161anai no da\u017e\u0101d\u0101m auto virsm\u0101m.<\/p>\n<hr data-start=\"299\" data-end=\"302\" \/>\n<h3 data-section-id=\"kacgzd\" data-start=\"304\" data-end=\"330\"><span role=\"text\"><strong data-start=\"308\" data-end=\"330\">Galven\u0101s \u012bpa\u0161\u012bbas:<\/strong><\/span><\/h3>\n<ul data-start=\"331\" data-end=\"514\">\n<li data-section-id=\"1qynztx\" data-start=\"331\" data-end=\"374\">No\u0146em darvu, asfaltu un l\u012bmes atlikumus<\/li>\n<li data-section-id=\"16b7sxa\" data-start=\"375\" data-end=\"414\">Dro\u0161s kr\u0101sai, diskiem un plastmasai<\/li>\n<li data-section-id=\"16jxrfa\" data-start=\"415\" data-end=\"462\">pH neitr\u0101ls \u2014 dro\u0161s vaskiem un p\u0101rkl\u0101jumiem<\/li>\n<li data-section-id=\"zemn1a\" data-start=\"463\" data-end=\"481\">\u0100tra iedarb\u012bba<\/li>\n<li data-section-id=\"1y4mlfa\" data-start=\"482\" data-end=\"514\">Efekt\u012bva \u0161\u0137\u012bdin\u0101t\u0101ju formula<\/li>\n<\/ul>\n<hr data-start=\"516\" data-end=\"519\" \/>\n<h3 data-section-id=\"1ipkpns\" data-start=\"521\" data-end=\"539\"><span role=\"text\"><strong data-start=\"525\" data-end=\"539\">Lieto\u0161ana:<\/strong><\/span><\/h3>\n<ul data-start=\"540\" data-end=\"650\">\n<li data-section-id=\"14azk1r\" data-start=\"540\" data-end=\"567\">Uzkl\u0101t uz v\u0113sas virsmas<\/li>\n<li data-section-id=\"ik2f9e\" data-start=\"568\" data-end=\"587\">Atst\u0101t 5\u201310 min<\/li>\n<li data-section-id=\"1ob9lzt\" data-start=\"588\" data-end=\"609\">Noskalot ar \u016bdeni<\/li>\n<li data-section-id=\"q7dlw8\" data-start=\"610\" data-end=\"650\">Ja nepiecie\u0161ams \u2014 noslauc\u012bt ar dr\u0101nu<\/li>\n<\/ul>\n<hr data-start=\"652\" data-end=\"655\" \/>\n<h3 data-section-id=\"1aguffz\" data-start=\"657\" data-end=\"673\"><span role=\"text\"><strong data-start=\"661\" data-end=\"673\">Svar\u012bgi:<\/strong><\/span><\/h3>\n<ul data-start=\"674\" data-end=\"734\">\n<li data-section-id=\"124m6ak\" data-start=\"674\" data-end=\"707\">Nelietot tie\u0161os saules staros<\/li>\n<li data-section-id=\"1796sqo\" data-start=\"708\" data-end=\"734\">Ne\u013caut l\u012bdzeklim no\u017e\u016bt<\/li>\n<\/ul>","protected":false},"excerpt":{"rendered":"<h2 data-section-id=\"jklr8b\" data-start=\"155\" data-end=\"207\"><span role=\"text\"><strong data-start=\"158\" data-end=\"207\">Shiny Garage Dissolver Tar &amp; Glue Remover Pro<\/strong><\/span><\/h2>","protected":false},"featured_media":5904,"comment_status":"open","ping_status":"closed","template":"","meta":{"site-sidebar-layout":"default","site-content-layout":"","ast-site-content-layout":"default","site-content-style":"default","site-sidebar-style":"default","ast-global-header-display":"","ast-banner-title-visibility":"","ast-main-header-display":"","ast-hfb-above-header-display":"","ast-hfb-below-header-display":"","ast-hfb-mobile-header-display":"","site-post-title":"","ast-breadcrumbs-content":"","ast-featured-img":"","footer-sml-layout":"","ast-disable-related-posts":"","theme-transparent-header-meta":"default","adv-header-id-meta":"","stick-header-meta":"","header-above-stick-meta":"","header-main-stick-meta":"","header-below-stick-meta":"","astra-migrate-meta-layouts":"set","ast-page-background-enabled":"default","ast-page-background-meta":{"desktop":{"background-color":"var(--ast-global-color-5)","background-image":"","background-repeat":"repeat","background-position":"center center","background-size":"auto","background-attachment":"scroll","background-type":"","background-media":"","overlay-type":"","overlay-color":"","overlay-opacity":"","overlay-gradient":""},"tablet":{"background-color":"","background-image":"","background-repeat":"repeat","background-position":"center center","background-size":"auto","background-attachment":"scroll","background-type":"","background-media":"","overlay-type":"","overlay-color":"","overlay-opacity":"","overlay-gradient":""},"mobile":{"background-color":"","background-image":"","background-repeat":"repeat","background-position":"center center","background-size":"auto","background-attachment":"scroll","background-type":"","background-media":"","overlay-type":"","overlay-color":"","overlay-opacity":"","overlay-gradient":""}},"ast-content-background-meta":{"desktop":{"background-color":"var(--ast-global-color-4)","background-image":"","background-repeat":"repeat","background-position":"center center","background-size":"auto","background-attachment":"scroll","background-type":"","background-media":"","overlay-type":"","overlay-color":"","overlay-opacity":"","overlay-gradient":""},"tablet":{"background-color":"var(--ast-global-color-4)","background-image":"","background-repeat":"repeat","background-position":"center center","background-size":"auto","background-attachment":"scroll","background-type":"","background-media":"","overlay-type":"","overlay-color":"","overlay-opacity":"","overlay-gradient":""},"mobile":{"background-color":"var(--ast-global-color-4)","background-image":"","background-repeat":"repeat","background-position":"center center","background-size":"auto","background-attachment":"scroll","background-type":"","background-media":"","overlay-type":"","overlay-color":"","overlay-opacity":"","overlay-gradient":""}}},"product_brand":[102],"product_cat":[120,56],"product_tag":[],"class_list":{"0":"post-5903","1":"product","2":"type-product","3":"status-publish","4":"has-post-thumbnail","6":"product_brand-shiny-garage","7":"product_cat-darvas-nonemeji","8":"product_cat-kukainu-limju-un-sveku-nonemeji","9":"pa_zimols-shiny-garage","10":"desktop-align-left","11":"tablet-align-left","12":"mobile-align-left","14":"first","15":"instock","16":"taxable","17":"shipping-taxable","18":"purchasable","19":"product-type-simple"},"yoast_head":"<!-- This site is optimized with the Yoast SEO plugin v27.4 - https:\/\/yoast.com\/product\/yoast-seo-wordpress\/ -->\n<title>Shiny Garage Dissolver Tar &amp; Glue Remover Pro - detailingclub.lv<\/title>\n<meta name=\"description\" content=\"Shiny Garage Tar &amp; Glue Remover Pro efekt\u012bvi no\u0146em darvu, asfaltu un l\u012bmes atlikumus, nodro\u0161inot dro\u0161u t\u012br\u012b\u0161anu bez boj\u0101jumiem.\" \/>\n<meta name=\"robots\" content=\"index, follow, max-snippet:-1, max-image-preview:large, max-video-preview:-1\" \/>\n<link rel=\"canonical\" href=\"https:\/\/detailingclub.lv\/ru\/product\/shiny-garage-dissolver-tar-glue-remover-pro\/\" \/>\n<meta property=\"og:locale\" content=\"ru_RU\" \/>\n<meta property=\"og:type\" content=\"article\" \/>\n<meta property=\"og:title\" content=\"Shiny Garage Dissolver Tar &amp; Glue Remover Pro - detailingclub.lv\" \/>\n<meta property=\"og:description\" content=\"Shiny Garage Tar &amp; Glue Remover Pro efekt\u012bvi no\u0146em darvu, asfaltu un l\u012bmes atlikumus, nodro\u0161inot dro\u0161u t\u012br\u012b\u0161anu bez boj\u0101jumiem.\" \/>\n<meta property=\"og:url\" content=\"https:\/\/detailingclub.lv\/ru\/product\/shiny-garage-dissolver-tar-glue-remover-pro\/\" \/>\n<meta property=\"og:site_name\" content=\"detailingclub.lv\" \/>\n<meta name=\"twitter:card\" content=\"summary_large_image\" \/>\n<meta name=\"twitter:label1\" content=\"\u041f\u0440\u0438\u043c\u0435\u0440\u043d\u043e\u0435 \u0432\u0440\u0435\u043c\u044f \u0434\u043b\u044f \u0447\u0442\u0435\u043d\u0438\u044f\" \/>\n\t<meta name=\"twitter:data1\" content=\"1 \u043c\u0438\u043d\u0443\u0442\u0430\" \/>\n<script type=\"application\/ld+json\" class=\"yoast-schema-graph\">{\"@context\":\"https:\\\/\\\/schema.org\",\"@graph\":[{\"@type\":\"WebPage\",\"@id\":\"https:\\\/\\\/detailingclub.lv\\\/products\\\/shiny-garage-dissolver-tar-glue-remover-pro\\\/\",\"url\":\"https:\\\/\\\/detailingclub.lv\\\/products\\\/shiny-garage-dissolver-tar-glue-remover-pro\\\/\",\"name\":\"Shiny Garage Dissolver Tar & Glue Remover Pro - detailingclub.lv\",\"isPartOf\":{\"@id\":\"https:\\\/\\\/detailingclub.lv\\\/#website\"},\"primaryImageOfPage\":{\"@id\":\"https:\\\/\\\/detailingclub.lv\\\/products\\\/shiny-garage-dissolver-tar-glue-remover-pro\\\/#primaryimage\"},\"image\":{\"@id\":\"https:\\\/\\\/detailingclub.lv\\\/products\\\/shiny-garage-dissolver-tar-glue-remover-pro\\\/#primaryimage\"},\"thumbnailUrl\":\"https:\\\/\\\/detailingclub.lv\\\/wp-content\\\/uploads\\\/2026\\\/04\\\/image-removebg-preview-9-2-01KPGGC11F314VM7NWYYGGSTWD-1.avif\",\"datePublished\":\"2026-04-28T20:36:29+00:00\",\"description\":\"Shiny Garage Tar & Glue Remover Pro efekt\u012bvi no\u0146em darvu, asfaltu un l\u012bmes atlikumus, nodro\u0161inot dro\u0161u t\u012br\u012b\u0161anu bez boj\u0101jumiem.\",\"breadcrumb\":{\"@id\":\"https:\\\/\\\/detailingclub.lv\\\/products\\\/shiny-garage-dissolver-tar-glue-remover-pro\\\/#breadcrumb\"},\"inLanguage\":\"ru-RU\",\"potentialAction\":[{\"@type\":\"ReadAction\",\"target\":[\"https:\\\/\\\/detailingclub.lv\\\/products\\\/shiny-garage-dissolver-tar-glue-remover-pro\\\/\"]}]},{\"@type\":\"ImageObject\",\"inLanguage\":\"ru-RU\",\"@id\":\"https:\\\/\\\/detailingclub.lv\\\/products\\\/shiny-garage-dissolver-tar-glue-remover-pro\\\/#primaryimage\",\"url\":\"https:\\\/\\\/detailingclub.lv\\\/wp-content\\\/uploads\\\/2026\\\/04\\\/image-removebg-preview-9-2-01KPGGC11F314VM7NWYYGGSTWD-1.avif\",\"contentUrl\":\"https:\\\/\\\/detailingclub.lv\\\/wp-content\\\/uploads\\\/2026\\\/04\\\/image-removebg-preview-9-2-01KPGGC11F314VM7NWYYGGSTWD-1.avif\",\"width\":500,\"height\":500},{\"@type\":\"BreadcrumbList\",\"@id\":\"https:\\\/\\\/detailingclub.lv\\\/products\\\/shiny-garage-dissolver-tar-glue-remover-pro\\\/#breadcrumb\",\"itemListElement\":[{\"@type\":\"ListItem\",\"position\":1,\"name\":\"Home\",\"item\":\"https:\\\/\\\/detailingclub.lv\\\/\"},{\"@type\":\"ListItem\",\"position\":2,\"name\":\"VEIKALS\",\"item\":\"https:\\\/\\\/detailingclub.lv\\\/veikals\\\/\"},{\"@type\":\"ListItem\",\"position\":3,\"name\":\"Shiny Garage Dissolver Tar &#038; Glue Remover Pro\"}]},{\"@type\":\"WebSite\",\"@id\":\"https:\\\/\\\/detailingclub.lv\\\/#website\",\"url\":\"https:\\\/\\\/detailingclub.lv\\\/\",\"name\":\"detailingclub.lv\",\"description\":\"\",\"publisher\":{\"@id\":\"https:\\\/\\\/detailingclub.lv\\\/#organization\"},\"potentialAction\":[{\"@type\":\"SearchAction\",\"target\":{\"@type\":\"EntryPoint\",\"urlTemplate\":\"https:\\\/\\\/detailingclub.lv\\\/?s={search_term_string}\"},\"query-input\":{\"@type\":\"PropertyValueSpecification\",\"valueRequired\":true,\"valueName\":\"search_term_string\"}}],\"inLanguage\":\"ru-RU\"},{\"@type\":\"Organization\",\"@id\":\"https:\\\/\\\/detailingclub.lv\\\/#organization\",\"name\":\"detailingclub.lv\",\"url\":\"https:\\\/\\\/detailingclub.lv\\\/\",\"logo\":{\"@type\":\"ImageObject\",\"inLanguage\":\"ru-RU\",\"@id\":\"https:\\\/\\\/detailingclub.lv\\\/#\\\/schema\\\/logo\\\/image\\\/\",\"url\":\"https:\\\/\\\/detailingclub.lv\\\/wp-content\\\/uploads\\\/2026\\\/05\\\/cropped-LOGO-\u0434\u043b\u0438\u043d\u043d\u043e\u0435-\u0431\u0435\u043b\u043e\u0435-\u0441-\u043d\u0430\u043a\u043b\u043e\u043d\u043e\u043c.png\",\"contentUrl\":\"https:\\\/\\\/detailingclub.lv\\\/wp-content\\\/uploads\\\/2026\\\/05\\\/cropped-LOGO-\u0434\u043b\u0438\u043d\u043d\u043e\u0435-\u0431\u0435\u043b\u043e\u0435-\u0441-\u043d\u0430\u043a\u043b\u043e\u043d\u043e\u043c.png\",\"width\":1140,\"height\":111,\"caption\":\"detailingclub.lv\"},\"image\":{\"@id\":\"https:\\\/\\\/detailingclub.lv\\\/#\\\/schema\\\/logo\\\/image\\\/\"}}]}<\/script>\n<!-- \/ Yoast SEO plugin. -->","yoast_head_json":{"title":"Shiny Garage Dissolver Tar & Glue Remover Pro - detailingclub.lv","description":"Shiny Garage Tar & Glue Remover Pro efekt\u012bvi no\u0146em darvu, asfaltu un l\u012bmes atlikumus, nodro\u0161inot dro\u0161u t\u012br\u012b\u0161anu bez boj\u0101jumiem.","robots":{"index":"index","follow":"follow","max-snippet":"max-snippet:-1","max-image-preview":"max-image-preview:large","max-video-preview":"max-video-preview:-1"},"canonical":"https:\/\/detailingclub.lv\/ru\/product\/shiny-garage-dissolver-tar-glue-remover-pro\/","og_locale":"ru_RU","og_type":"article","og_title":"Shiny Garage Dissolver Tar & Glue Remover Pro - detailingclub.lv","og_description":"Shiny Garage Tar & Glue Remover Pro efekt\u012bvi no\u0146em darvu, asfaltu un l\u012bmes atlikumus, nodro\u0161inot dro\u0161u t\u012br\u012b\u0161anu bez boj\u0101jumiem.","og_url":"https:\/\/detailingclub.lv\/ru\/product\/shiny-garage-dissolver-tar-glue-remover-pro\/","og_site_name":"detailingclub.lv","twitter_card":"summary_large_image","twitter_misc":{"\u041f\u0440\u0438\u043c\u0435\u0440\u043d\u043e\u0435 \u0432\u0440\u0435\u043c\u044f \u0434\u043b\u044f \u0447\u0442\u0435\u043d\u0438\u044f":"1 \u043c\u0438\u043d\u0443\u0442\u0430"},"schema":{"@context":"https:\/\/schema.org","@graph":[{"@type":"WebPage","@id":"https:\/\/detailingclub.lv\/products\/shiny-garage-dissolver-tar-glue-remover-pro\/","url":"https:\/\/detailingclub.lv\/products\/shiny-garage-dissolver-tar-glue-remover-pro\/","name":"Shiny Garage Dissolver Tar & Glue Remover Pro - detailingclub.lv","isPartOf":{"@id":"https:\/\/detailingclub.lv\/#website"},"primaryImageOfPage":{"@id":"https:\/\/detailingclub.lv\/products\/shiny-garage-dissolver-tar-glue-remover-pro\/#primaryimage"},"image":{"@id":"https:\/\/detailingclub.lv\/products\/shiny-garage-dissolver-tar-glue-remover-pro\/#primaryimage"},"thumbnailUrl":"https:\/\/detailingclub.lv\/wp-content\/uploads\/2026\/04\/image-removebg-preview-9-2-01KPGGC11F314VM7NWYYGGSTWD-1.avif","datePublished":"2026-04-28T20:36:29+00:00","description":"Shiny Garage Tar & Glue Remover Pro efekt\u012bvi no\u0146em darvu, asfaltu un l\u012bmes atlikumus, nodro\u0161inot dro\u0161u t\u012br\u012b\u0161anu bez boj\u0101jumiem.","breadcrumb":{"@id":"https:\/\/detailingclub.lv\/products\/shiny-garage-dissolver-tar-glue-remover-pro\/#breadcrumb"},"inLanguage":"ru-RU","potentialAction":[{"@type":"ReadAction","target":["https:\/\/detailingclub.lv\/products\/shiny-garage-dissolver-tar-glue-remover-pro\/"]}]},{"@type":"ImageObject","inLanguage":"ru-RU","@id":"https:\/\/detailingclub.lv\/products\/shiny-garage-dissolver-tar-glue-remover-pro\/#primaryimage","url":"https:\/\/detailingclub.lv\/wp-content\/uploads\/2026\/04\/image-removebg-preview-9-2-01KPGGC11F314VM7NWYYGGSTWD-1.avif","contentUrl":"https:\/\/detailingclub.lv\/wp-content\/uploads\/2026\/04\/image-removebg-preview-9-2-01KPGGC11F314VM7NWYYGGSTWD-1.avif","width":500,"height":500},{"@type":"BreadcrumbList","@id":"https:\/\/detailingclub.lv\/products\/shiny-garage-dissolver-tar-glue-remover-pro\/#breadcrumb","itemListElement":[{"@type":"ListItem","position":1,"name":"Home","item":"https:\/\/detailingclub.lv\/"},{"@type":"ListItem","position":2,"name":"VEIKALS","item":"https:\/\/detailingclub.lv\/veikals\/"},{"@type":"ListItem","position":3,"name":"Shiny Garage Dissolver Tar &#038; Glue Remover Pro"}]},{"@type":"WebSite","@id":"https:\/\/detailingclub.lv\/#website","url":"https:\/\/detailingclub.lv\/","name":"detailingclub.lv","description":"","publisher":{"@id":"https:\/\/detailingclub.lv\/#organization"},"potentialAction":[{"@type":"SearchAction","target":{"@type":"EntryPoint","urlTemplate":"https:\/\/detailingclub.lv\/?s={search_term_string}"},"query-input":{"@type":"PropertyValueSpecification","valueRequired":true,"valueName":"search_term_string"}}],"inLanguage":"ru-RU"},{"@type":"Organization","@id":"https:\/\/detailingclub.lv\/#organization","name":"detailingclub.lv","url":"https:\/\/detailingclub.lv\/","logo":{"@type":"ImageObject","inLanguage":"ru-RU","@id":"https:\/\/detailingclub.lv\/#\/schema\/logo\/image\/","url":"https:\/\/detailingclub.lv\/wp-content\/uploads\/2026\/05\/cropped-LOGO-\u0434\u043b\u0438\u043d\u043d\u043e\u0435-\u0431\u0435\u043b\u043e\u0435-\u0441-\u043d\u0430\u043a\u043b\u043e\u043d\u043e\u043c.png","contentUrl":"https:\/\/detailingclub.lv\/wp-content\/uploads\/2026\/05\/cropped-LOGO-\u0434\u043b\u0438\u043d\u043d\u043e\u0435-\u0431\u0435\u043b\u043e\u0435-\u0441-\u043d\u0430\u043a\u043b\u043e\u043d\u043e\u043c.png","width":1140,"height":111,"caption":"detailingclub.lv"},"image":{"@id":"https:\/\/detailingclub.lv\/#\/schema\/logo\/image\/"}}]}},"jetpack_sharing_enabled":true,"_links":{"self":[{"href":"https:\/\/detailingclub.lv\/ru\/wp-json\/wp\/v2\/product\/5903","targetHints":{"allow":["GET"]}}],"collection":[{"href":"https:\/\/detailingclub.lv\/ru\/wp-json\/wp\/v2\/product"}],"about":[{"href":"https:\/\/detailingclub.lv\/ru\/wp-json\/wp\/v2\/types\/product"}],"replies":[{"embeddable":true,"href":"https:\/\/detailingclub.lv\/ru\/wp-json\/wp\/v2\/comments?post=5903"}],"wp:featuredmedia":[{"embeddable":true,"href":"https:\/\/detailingclub.lv\/ru\/wp-json\/wp\/v2\/media\/5904"}],"wp:attachment":[{"href":"https:\/\/detailingclub.lv\/ru\/wp-json\/wp\/v2\/media?parent=5903"}],"wp:term":[{"taxonomy":"product_brand","embeddable":true,"href":"https:\/\/detailingclub.lv\/ru\/wp-json\/wp\/v2\/product_brand?post=5903"},{"taxonomy":"product_cat","embeddable":true,"href":"https:\/\/detailingclub.lv\/ru\/wp-json\/wp\/v2\/product_cat?post=5903"},{"taxonomy":"product_tag","embeddable":true,"href":"https:\/\/detailingclub.lv\/ru\/wp-json\/wp\/v2\/product_tag?post=5903"}],"curies":[{"name":"wp","href":"https:\/\/api.w.org\/{rel}","templated":true}]}}