{"id":5901,"date":"2026-04-28T20:32:44","date_gmt":"2026-04-28T20:32:44","guid":{"rendered":"https:\/\/detailingclub.lv\/?post_type=product&#038;p=5901"},"modified":"2026-04-28T20:32:44","modified_gmt":"2026-04-28T20:32:44","slug":"shiny-garage-sleek-premium-sampuns","status":"publish","type":"product","link":"https:\/\/detailingclub.lv\/ru\/product\/shiny-garage-sleek-premium-sampuns\/","title":{"rendered":"Shiny Garage &#8211; Sleek Premium \u0161amp\u016bns"},"content":{"rendered":"<h2 data-section-id=\"fz3c31\" data-start=\"109\" data-end=\"137\"><span role=\"text\"><strong data-start=\"112\" data-end=\"137\">Sleek Premium Shampoo<\/strong><\/span><\/h2>\n<p data-start=\"139\" data-end=\"211\">Augstas kvalit\u0101tes pH neitr\u0101ls auto \u0161amp\u016bns dro\u0161ai virsb\u016bves mazg\u0101\u0161anai.<\/p>\n<hr data-start=\"213\" data-end=\"216\" \/>\n<h3 data-section-id=\"kacgzd\" data-start=\"218\" data-end=\"244\"><span role=\"text\"><strong data-start=\"222\" data-end=\"244\">Galven\u0101s \u012bpa\u0161\u012bbas:<\/strong><\/span><\/h3>\n<ul data-start=\"245\" data-end=\"472\">\n<li data-section-id=\"1h55coi\" data-start=\"245\" data-end=\"273\">Efekt\u012bvi no\u0146em net\u012brumus<\/li>\n<li data-section-id=\"pj4znt\" data-start=\"274\" data-end=\"319\">Augsta lubrik\u0101cija (samazina skr\u0101p\u0113jumus)<\/li>\n<li data-section-id=\"kgoc6r\" data-start=\"320\" data-end=\"352\">Bag\u0101t\u012bgas un notur\u012bgas putas<\/li>\n<li data-section-id=\"1917tpa\" data-start=\"353\" data-end=\"375\">Viegli noskalojams<\/li>\n<li data-section-id=\"v21o7x\" data-start=\"376\" data-end=\"426\">Dro\u0161s kr\u0101sai, hromam, alum\u012bnijam un plastmasai<\/li>\n<li data-section-id=\"1k1c4dm\" data-start=\"427\" data-end=\"442\">pH neitr\u0101ls<\/li>\n<li data-section-id=\"1unptg8\" data-start=\"443\" data-end=\"472\">Arom\u0101ts: eksotiskie aug\u013ci<\/li>\n<\/ul>\n<hr data-start=\"474\" data-end=\"477\" \/>\n<h3 data-section-id=\"hh9egn\" data-start=\"479\" data-end=\"500\"><span role=\"text\"><strong data-start=\"483\" data-end=\"500\">At\u0161\u0137aid\u012b\u0161ana:<\/strong><\/span><\/h3>\n<ul data-start=\"501\" data-end=\"526\">\n<li data-section-id=\"j7tkcu\" data-start=\"501\" data-end=\"526\">20\u201330 ml uz 10L \u016bdens<\/li>\n<\/ul>\n<hr data-start=\"528\" data-end=\"531\" \/>\n<h3 data-section-id=\"1ipkpns\" data-start=\"533\" data-end=\"551\"><span role=\"text\"><strong data-start=\"537\" data-end=\"551\">Lieto\u0161ana:<\/strong><\/span><\/h3>\n<ul data-start=\"552\" data-end=\"651\">\n<li data-section-id=\"18qc66w\" data-start=\"552\" data-end=\"581\">Uzkl\u0101t ar cimdu vai s\u016bkli<\/li>\n<li data-section-id=\"sz7rw4\" data-start=\"582\" data-end=\"610\">Mazg\u0101t no aug\u0161as uz leju<\/li>\n<li data-section-id=\"1ob9lzt\" data-start=\"611\" data-end=\"632\">Noskalot ar \u016bdeni<\/li>\n<li data-section-id=\"hf9ctd\" data-start=\"633\" data-end=\"651\">No\u017e\u0101v\u0113t virsmu<\/li>\n<\/ul>\n<hr data-start=\"653\" data-end=\"656\" \/>\n<h3 data-section-id=\"1aguffz\" data-start=\"658\" data-end=\"674\"><span role=\"text\"><strong data-start=\"662\" data-end=\"674\">Svar\u012bgi:<\/strong><\/span><\/h3>\n<ul data-start=\"675\" data-end=\"740\">\n<li data-section-id=\"170w03z\" data-start=\"675\" data-end=\"706\">Nelietot uz karstas virsmas<\/li>\n<li data-section-id=\"124m6ak\" data-start=\"707\" data-end=\"740\">Nelietot tie\u0161os saules staros<\/li>\n<\/ul>","protected":false},"excerpt":{"rendered":"<div id=\"product-info\">\n<div class=\"flex flex-col gap-y-4 md:max-w-[500px] mx-auto\">\n<h2 class=\"text-3xl leading-10 font-semibold uppercase\">Shiny Garage &#8211; Sleek Premium \u0161amp\u016bns<\/h2>\n<\/div>\n<\/div>\n<div class=\"w-full\">\n<div class=\"w-full\" data-orientation=\"vertical\">\n<div class=\"border-b border-black\/15 px-1 last:border-b-0\" data-state=\"open\" data-orientation=\"vertical\">\n<h3 class=\"flex\" data-orientation=\"vertical\" data-state=\"open\"><\/h3>\n<\/div>\n<\/div>\n<\/div>\n","protected":false},"featured_media":5902,"comment_status":"open","ping_status":"closed","template":"","meta":{"site-sidebar-layout":"default","site-content-layout":"","ast-site-content-layout":"default","site-content-style":"default","site-sidebar-style":"default","ast-global-header-display":"","ast-banner-title-visibility":"","ast-main-header-display":"","ast-hfb-above-header-display":"","ast-hfb-below-header-display":"","ast-hfb-mobile-header-display":"","site-post-title":"","ast-breadcrumbs-content":"","ast-featured-img":"","footer-sml-layout":"","ast-disable-related-posts":"","theme-transparent-header-meta":"default","adv-header-id-meta":"","stick-header-meta":"","header-above-stick-meta":"","header-main-stick-meta":"","header-below-stick-meta":"","astra-migrate-meta-layouts":"set","ast-page-background-enabled":"default","ast-page-background-meta":{"desktop":{"background-color":"var(--ast-global-color-5)","background-image":"","background-repeat":"repeat","background-position":"center center","background-size":"auto","background-attachment":"scroll","background-type":"","background-media":"","overlay-type":"","overlay-color":"","overlay-opacity":"","overlay-gradient":""},"tablet":{"background-color":"","background-image":"","background-repeat":"repeat","background-position":"center center","background-size":"auto","background-attachment":"scroll","background-type":"","background-media":"","overlay-type":"","overlay-color":"","overlay-opacity":"","overlay-gradient":""},"mobile":{"background-color":"","background-image":"","background-repeat":"repeat","background-position":"center center","background-size":"auto","background-attachment":"scroll","background-type":"","background-media":"","overlay-type":"","overlay-color":"","overlay-opacity":"","overlay-gradient":""}},"ast-content-background-meta":{"desktop":{"background-color":"var(--ast-global-color-4)","background-image":"","background-repeat":"repeat","background-position":"center center","background-size":"auto","background-attachment":"scroll","background-type":"","background-media":"","overlay-type":"","overlay-color":"","overlay-opacity":"","overlay-gradient":""},"tablet":{"background-color":"var(--ast-global-color-4)","background-image":"","background-repeat":"repeat","background-position":"center center","background-size":"auto","background-attachment":"scroll","background-type":"","background-media":"","overlay-type":"","overlay-color":"","overlay-opacity":"","overlay-gradient":""},"mobile":{"background-color":"var(--ast-global-color-4)","background-image":"","background-repeat":"repeat","background-position":"center center","background-size":"auto","background-attachment":"scroll","background-type":"","background-media":"","overlay-type":"","overlay-color":"","overlay-opacity":"","overlay-gradient":""}}},"product_brand":[102],"product_cat":[47],"product_tag":[],"class_list":{"0":"post-5901","1":"product","2":"type-product","3":"status-publish","4":"has-post-thumbnail","6":"product_brand-shiny-garage","7":"product_cat-sampuni","8":"pa_tilpums-500-ml","9":"pa_zimols-shiny-garage","10":"desktop-align-left","11":"tablet-align-left","12":"mobile-align-left","14":"first","15":"instock","16":"taxable","17":"shipping-taxable","18":"purchasable","19":"product-type-simple"},"yoast_head":"<!-- This site is optimized with the Yoast SEO plugin v27.4 - https:\/\/yoast.com\/product\/yoast-seo-wordpress\/ -->\n<title>Shiny Garage - Sleek Premium \u0161amp\u016bns - detailingclub.lv<\/title>\n<meta name=\"description\" content=\"Sleek Premium Shampoo ir pH neitr\u0101ls auto \u0161amp\u016bns ar bag\u0101t\u012bg\u0101m put\u0101m un augstu lubrik\u0101ciju dro\u0161ai un efekt\u012bvai virsb\u016bves mazg\u0101\u0161anai.\" \/>\n<meta name=\"robots\" content=\"index, follow, max-snippet:-1, max-image-preview:large, max-video-preview:-1\" \/>\n<link rel=\"canonical\" href=\"https:\/\/detailingclub.lv\/ru\/product\/shiny-garage-sleek-premium-sampuns\/\" \/>\n<meta property=\"og:locale\" content=\"ru_RU\" \/>\n<meta property=\"og:type\" content=\"article\" \/>\n<meta property=\"og:title\" content=\"Shiny Garage - Sleek Premium \u0161amp\u016bns - detailingclub.lv\" \/>\n<meta property=\"og:description\" content=\"Sleek Premium Shampoo ir pH neitr\u0101ls auto \u0161amp\u016bns ar bag\u0101t\u012bg\u0101m put\u0101m un augstu lubrik\u0101ciju dro\u0161ai un efekt\u012bvai virsb\u016bves mazg\u0101\u0161anai.\" \/>\n<meta property=\"og:url\" content=\"https:\/\/detailingclub.lv\/ru\/product\/shiny-garage-sleek-premium-sampuns\/\" \/>\n<meta property=\"og:site_name\" content=\"detailingclub.lv\" \/>\n<meta name=\"twitter:card\" content=\"summary_large_image\" \/>\n<meta name=\"twitter:label1\" content=\"\u041f\u0440\u0438\u043c\u0435\u0440\u043d\u043e\u0435 \u0432\u0440\u0435\u043c\u044f \u0434\u043b\u044f \u0447\u0442\u0435\u043d\u0438\u044f\" \/>\n\t<meta name=\"twitter:data1\" content=\"1 \u043c\u0438\u043d\u0443\u0442\u0430\" \/>\n<script type=\"application\/ld+json\" class=\"yoast-schema-graph\">{\"@context\":\"https:\\\/\\\/schema.org\",\"@graph\":[{\"@type\":\"WebPage\",\"@id\":\"https:\\\/\\\/detailingclub.lv\\\/products\\\/shiny-garage-sleek-premium-sampuns\\\/\",\"url\":\"https:\\\/\\\/detailingclub.lv\\\/products\\\/shiny-garage-sleek-premium-sampuns\\\/\",\"name\":\"Shiny Garage - Sleek Premium \u0161amp\u016bns - detailingclub.lv\",\"isPartOf\":{\"@id\":\"https:\\\/\\\/detailingclub.lv\\\/#website\"},\"primaryImageOfPage\":{\"@id\":\"https:\\\/\\\/detailingclub.lv\\\/products\\\/shiny-garage-sleek-premium-sampuns\\\/#primaryimage\"},\"image\":{\"@id\":\"https:\\\/\\\/detailingclub.lv\\\/products\\\/shiny-garage-sleek-premium-sampuns\\\/#primaryimage\"},\"thumbnailUrl\":\"https:\\\/\\\/detailingclub.lv\\\/wp-content\\\/uploads\\\/2026\\\/04\\\/ShinyGarage-3-01KPGGA94B235REKXNXN202WEQ.avif\",\"datePublished\":\"2026-04-28T20:32:44+00:00\",\"description\":\"Sleek Premium Shampoo ir pH neitr\u0101ls auto \u0161amp\u016bns ar bag\u0101t\u012bg\u0101m put\u0101m un augstu lubrik\u0101ciju dro\u0161ai un efekt\u012bvai virsb\u016bves mazg\u0101\u0161anai.\",\"breadcrumb\":{\"@id\":\"https:\\\/\\\/detailingclub.lv\\\/products\\\/shiny-garage-sleek-premium-sampuns\\\/#breadcrumb\"},\"inLanguage\":\"ru-RU\",\"potentialAction\":[{\"@type\":\"ReadAction\",\"target\":[\"https:\\\/\\\/detailingclub.lv\\\/products\\\/shiny-garage-sleek-premium-sampuns\\\/\"]}]},{\"@type\":\"ImageObject\",\"inLanguage\":\"ru-RU\",\"@id\":\"https:\\\/\\\/detailingclub.lv\\\/products\\\/shiny-garage-sleek-premium-sampuns\\\/#primaryimage\",\"url\":\"https:\\\/\\\/detailingclub.lv\\\/wp-content\\\/uploads\\\/2026\\\/04\\\/ShinyGarage-3-01KPGGA94B235REKXNXN202WEQ.avif\",\"contentUrl\":\"https:\\\/\\\/detailingclub.lv\\\/wp-content\\\/uploads\\\/2026\\\/04\\\/ShinyGarage-3-01KPGGA94B235REKXNXN202WEQ.avif\",\"width\":500,\"height\":500},{\"@type\":\"BreadcrumbList\",\"@id\":\"https:\\\/\\\/detailingclub.lv\\\/products\\\/shiny-garage-sleek-premium-sampuns\\\/#breadcrumb\",\"itemListElement\":[{\"@type\":\"ListItem\",\"position\":1,\"name\":\"Home\",\"item\":\"https:\\\/\\\/detailingclub.lv\\\/\"},{\"@type\":\"ListItem\",\"position\":2,\"name\":\"VEIKALS\",\"item\":\"https:\\\/\\\/detailingclub.lv\\\/veikals\\\/\"},{\"@type\":\"ListItem\",\"position\":3,\"name\":\"Shiny Garage &#8211; Sleek Premium \u0161amp\u016bns\"}]},{\"@type\":\"WebSite\",\"@id\":\"https:\\\/\\\/detailingclub.lv\\\/#website\",\"url\":\"https:\\\/\\\/detailingclub.lv\\\/\",\"name\":\"detailingclub.lv\",\"description\":\"\",\"publisher\":{\"@id\":\"https:\\\/\\\/detailingclub.lv\\\/#organization\"},\"potentialAction\":[{\"@type\":\"SearchAction\",\"target\":{\"@type\":\"EntryPoint\",\"urlTemplate\":\"https:\\\/\\\/detailingclub.lv\\\/?s={search_term_string}\"},\"query-input\":{\"@type\":\"PropertyValueSpecification\",\"valueRequired\":true,\"valueName\":\"search_term_string\"}}],\"inLanguage\":\"ru-RU\"},{\"@type\":\"Organization\",\"@id\":\"https:\\\/\\\/detailingclub.lv\\\/#organization\",\"name\":\"detailingclub.lv\",\"url\":\"https:\\\/\\\/detailingclub.lv\\\/\",\"logo\":{\"@type\":\"ImageObject\",\"inLanguage\":\"ru-RU\",\"@id\":\"https:\\\/\\\/detailingclub.lv\\\/#\\\/schema\\\/logo\\\/image\\\/\",\"url\":\"https:\\\/\\\/detailingclub.lv\\\/wp-content\\\/uploads\\\/2026\\\/05\\\/cropped-LOGO-\u0434\u043b\u0438\u043d\u043d\u043e\u0435-\u0431\u0435\u043b\u043e\u0435-\u0441-\u043d\u0430\u043a\u043b\u043e\u043d\u043e\u043c.png\",\"contentUrl\":\"https:\\\/\\\/detailingclub.lv\\\/wp-content\\\/uploads\\\/2026\\\/05\\\/cropped-LOGO-\u0434\u043b\u0438\u043d\u043d\u043e\u0435-\u0431\u0435\u043b\u043e\u0435-\u0441-\u043d\u0430\u043a\u043b\u043e\u043d\u043e\u043c.png\",\"width\":1140,\"height\":111,\"caption\":\"detailingclub.lv\"},\"image\":{\"@id\":\"https:\\\/\\\/detailingclub.lv\\\/#\\\/schema\\\/logo\\\/image\\\/\"}}]}<\/script>\n<!-- \/ Yoast SEO plugin. -->","yoast_head_json":{"title":"Shiny Garage - Sleek Premium \u0161amp\u016bns - detailingclub.lv","description":"Sleek Premium Shampoo ir pH neitr\u0101ls auto \u0161amp\u016bns ar bag\u0101t\u012bg\u0101m put\u0101m un augstu lubrik\u0101ciju dro\u0161ai un efekt\u012bvai virsb\u016bves mazg\u0101\u0161anai.","robots":{"index":"index","follow":"follow","max-snippet":"max-snippet:-1","max-image-preview":"max-image-preview:large","max-video-preview":"max-video-preview:-1"},"canonical":"https:\/\/detailingclub.lv\/ru\/product\/shiny-garage-sleek-premium-sampuns\/","og_locale":"ru_RU","og_type":"article","og_title":"Shiny Garage - Sleek Premium \u0161amp\u016bns - detailingclub.lv","og_description":"Sleek Premium Shampoo ir pH neitr\u0101ls auto \u0161amp\u016bns ar bag\u0101t\u012bg\u0101m put\u0101m un augstu lubrik\u0101ciju dro\u0161ai un efekt\u012bvai virsb\u016bves mazg\u0101\u0161anai.","og_url":"https:\/\/detailingclub.lv\/ru\/product\/shiny-garage-sleek-premium-sampuns\/","og_site_name":"detailingclub.lv","twitter_card":"summary_large_image","twitter_misc":{"\u041f\u0440\u0438\u043c\u0435\u0440\u043d\u043e\u0435 \u0432\u0440\u0435\u043c\u044f \u0434\u043b\u044f \u0447\u0442\u0435\u043d\u0438\u044f":"1 \u043c\u0438\u043d\u0443\u0442\u0430"},"schema":{"@context":"https:\/\/schema.org","@graph":[{"@type":"WebPage","@id":"https:\/\/detailingclub.lv\/products\/shiny-garage-sleek-premium-sampuns\/","url":"https:\/\/detailingclub.lv\/products\/shiny-garage-sleek-premium-sampuns\/","name":"Shiny Garage - Sleek Premium \u0161amp\u016bns - detailingclub.lv","isPartOf":{"@id":"https:\/\/detailingclub.lv\/#website"},"primaryImageOfPage":{"@id":"https:\/\/detailingclub.lv\/products\/shiny-garage-sleek-premium-sampuns\/#primaryimage"},"image":{"@id":"https:\/\/detailingclub.lv\/products\/shiny-garage-sleek-premium-sampuns\/#primaryimage"},"thumbnailUrl":"https:\/\/detailingclub.lv\/wp-content\/uploads\/2026\/04\/ShinyGarage-3-01KPGGA94B235REKXNXN202WEQ.avif","datePublished":"2026-04-28T20:32:44+00:00","description":"Sleek Premium Shampoo ir pH neitr\u0101ls auto \u0161amp\u016bns ar bag\u0101t\u012bg\u0101m put\u0101m un augstu lubrik\u0101ciju dro\u0161ai un efekt\u012bvai virsb\u016bves mazg\u0101\u0161anai.","breadcrumb":{"@id":"https:\/\/detailingclub.lv\/products\/shiny-garage-sleek-premium-sampuns\/#breadcrumb"},"inLanguage":"ru-RU","potentialAction":[{"@type":"ReadAction","target":["https:\/\/detailingclub.lv\/products\/shiny-garage-sleek-premium-sampuns\/"]}]},{"@type":"ImageObject","inLanguage":"ru-RU","@id":"https:\/\/detailingclub.lv\/products\/shiny-garage-sleek-premium-sampuns\/#primaryimage","url":"https:\/\/detailingclub.lv\/wp-content\/uploads\/2026\/04\/ShinyGarage-3-01KPGGA94B235REKXNXN202WEQ.avif","contentUrl":"https:\/\/detailingclub.lv\/wp-content\/uploads\/2026\/04\/ShinyGarage-3-01KPGGA94B235REKXNXN202WEQ.avif","width":500,"height":500},{"@type":"BreadcrumbList","@id":"https:\/\/detailingclub.lv\/products\/shiny-garage-sleek-premium-sampuns\/#breadcrumb","itemListElement":[{"@type":"ListItem","position":1,"name":"Home","item":"https:\/\/detailingclub.lv\/"},{"@type":"ListItem","position":2,"name":"VEIKALS","item":"https:\/\/detailingclub.lv\/veikals\/"},{"@type":"ListItem","position":3,"name":"Shiny Garage &#8211; Sleek Premium \u0161amp\u016bns"}]},{"@type":"WebSite","@id":"https:\/\/detailingclub.lv\/#website","url":"https:\/\/detailingclub.lv\/","name":"detailingclub.lv","description":"","publisher":{"@id":"https:\/\/detailingclub.lv\/#organization"},"potentialAction":[{"@type":"SearchAction","target":{"@type":"EntryPoint","urlTemplate":"https:\/\/detailingclub.lv\/?s={search_term_string}"},"query-input":{"@type":"PropertyValueSpecification","valueRequired":true,"valueName":"search_term_string"}}],"inLanguage":"ru-RU"},{"@type":"Organization","@id":"https:\/\/detailingclub.lv\/#organization","name":"detailingclub.lv","url":"https:\/\/detailingclub.lv\/","logo":{"@type":"ImageObject","inLanguage":"ru-RU","@id":"https:\/\/detailingclub.lv\/#\/schema\/logo\/image\/","url":"https:\/\/detailingclub.lv\/wp-content\/uploads\/2026\/05\/cropped-LOGO-\u0434\u043b\u0438\u043d\u043d\u043e\u0435-\u0431\u0435\u043b\u043e\u0435-\u0441-\u043d\u0430\u043a\u043b\u043e\u043d\u043e\u043c.png","contentUrl":"https:\/\/detailingclub.lv\/wp-content\/uploads\/2026\/05\/cropped-LOGO-\u0434\u043b\u0438\u043d\u043d\u043e\u0435-\u0431\u0435\u043b\u043e\u0435-\u0441-\u043d\u0430\u043a\u043b\u043e\u043d\u043e\u043c.png","width":1140,"height":111,"caption":"detailingclub.lv"},"image":{"@id":"https:\/\/detailingclub.lv\/#\/schema\/logo\/image\/"}}]}},"jetpack_sharing_enabled":true,"_links":{"self":[{"href":"https:\/\/detailingclub.lv\/ru\/wp-json\/wp\/v2\/product\/5901","targetHints":{"allow":["GET"]}}],"collection":[{"href":"https:\/\/detailingclub.lv\/ru\/wp-json\/wp\/v2\/product"}],"about":[{"href":"https:\/\/detailingclub.lv\/ru\/wp-json\/wp\/v2\/types\/product"}],"replies":[{"embeddable":true,"href":"https:\/\/detailingclub.lv\/ru\/wp-json\/wp\/v2\/comments?post=5901"}],"wp:featuredmedia":[{"embeddable":true,"href":"https:\/\/detailingclub.lv\/ru\/wp-json\/wp\/v2\/media\/5902"}],"wp:attachment":[{"href":"https:\/\/detailingclub.lv\/ru\/wp-json\/wp\/v2\/media?parent=5901"}],"wp:term":[{"taxonomy":"product_brand","embeddable":true,"href":"https:\/\/detailingclub.lv\/ru\/wp-json\/wp\/v2\/product_brand?post=5901"},{"taxonomy":"product_cat","embeddable":true,"href":"https:\/\/detailingclub.lv\/ru\/wp-json\/wp\/v2\/product_cat?post=5901"},{"taxonomy":"product_tag","embeddable":true,"href":"https:\/\/detailingclub.lv\/ru\/wp-json\/wp\/v2\/product_tag?post=5901"}],"curies":[{"name":"wp","href":"https:\/\/api.w.org\/{rel}","templated":true}]}}