{"id":5899,"date":"2026-04-28T20:30:06","date_gmt":"2026-04-28T20:30:06","guid":{"rendered":"https:\/\/detailingclub.lv\/?post_type=product&#038;p=5899"},"modified":"2026-04-28T20:30:06","modified_gmt":"2026-04-28T20:30:06","slug":"shiny-garage-jet-black","status":"publish","type":"product","link":"https:\/\/detailingclub.lv\/ru\/product\/shiny-garage-jet-black\/","title":{"rendered":"Shiny Garage Jet Black"},"content":{"rendered":"<p data-start=\"163\" data-end=\"265\">Uz \u016bdens b\u0101zes plastmasas kop\u0161anas l\u012bdzeklis, kas atjauno kr\u0101su un aizsarg\u0101 \u0101r\u0113j\u0101s plastmasas virsmas.<\/p>\n<hr data-start=\"267\" data-end=\"270\" \/>\n<h3 data-section-id=\"kacgzd\" data-start=\"272\" data-end=\"298\"><span role=\"text\"><strong data-start=\"276\" data-end=\"298\">Galven\u0101s \u012bpa\u0161\u012bbas:<\/strong><\/span><\/h3>\n<ul data-start=\"299\" data-end=\"563\">\n<li data-section-id=\"1v8uglk\" data-start=\"299\" data-end=\"339\">Atjauno izbal\u0113ju\u0161as plastmasas kr\u0101su<\/li>\n<li data-section-id=\"qubvus\" data-start=\"340\" data-end=\"368\">Nodro\u0161ina UV aizsardz\u012bbu<\/li>\n<li data-section-id=\"1uegqys\" data-start=\"369\" data-end=\"401\">Samazina net\u012brumu uzkr\u0101\u0161anos<\/li>\n<li data-section-id=\"1sgg0qt\" data-start=\"402\" data-end=\"441\">Kr\u0113m\u012bga tekst\u016bra \u2014 viegla uzkl\u0101\u0161ana<\/li>\n<li data-section-id=\"1ragn7n\" data-start=\"442\" data-end=\"490\">Dro\u0161s sast\u0101vs (bez \u0161\u0137\u012bdin\u0101t\u0101jiem un benz\u012bna)<\/li>\n<li data-section-id=\"1gj5gvh\" data-start=\"491\" data-end=\"540\">Piem\u0113rots visiem \u0101r\u0113j\u0101s plastmasas elementiem<\/li>\n<li data-section-id=\"pqtd24\" data-start=\"541\" data-end=\"563\">Greipfr\u016bta arom\u0101ts<\/li>\n<\/ul>\n<hr data-start=\"565\" data-end=\"568\" \/>\n<h3 data-section-id=\"1ipkpns\" data-start=\"570\" data-end=\"588\"><span role=\"text\"><strong data-start=\"574\" data-end=\"588\">Lieto\u0161ana:<\/strong><\/span><\/h3>\n<ul data-start=\"589\" data-end=\"668\">\n<li data-section-id=\"dwabax\" data-start=\"589\" data-end=\"626\">Uzkl\u0101t uz t\u012bras un sausas virsmas<\/li>\n<li data-section-id=\"wu6a6w\" data-start=\"627\" data-end=\"651\">Izkl\u0101t ar aplikatoru<\/li>\n<li data-section-id=\"amkoun\" data-start=\"652\" data-end=\"668\">Atst\u0101t no\u017e\u016bt<\/li>\n<\/ul>\n<hr data-start=\"670\" data-end=\"673\" \/>\n<h3 data-section-id=\"1aguffz\" data-start=\"675\" data-end=\"691\"><span role=\"text\"><strong data-start=\"679\" data-end=\"691\">Svar\u012bgi:<\/strong><\/span><\/h3>\n<ul data-start=\"692\" data-end=\"757\">\n<li data-section-id=\"170w03z\" data-start=\"692\" data-end=\"723\">Nelietot uz karstas virsmas<\/li>\n<li data-section-id=\"124m6ak\" data-start=\"724\" data-end=\"757\">Nelietot tie\u0161os saules staros<\/li>\n<\/ul>","protected":false},"excerpt":{"rendered":"<div id=\"product-info\">\n<div class=\"flex flex-col gap-y-4 md:max-w-[500px] mx-auto\">\n<h2 class=\"text-3xl leading-10 font-semibold uppercase\">Shiny Garage Jet Black<\/h2>\n<\/div>\n<\/div>\n<div class=\"w-full\">\n<div class=\"w-full\" data-orientation=\"vertical\">\n<div class=\"border-b border-black\/15 px-1 last:border-b-0\" data-state=\"open\" data-orientation=\"vertical\">\n<h2 class=\"flex\" data-orientation=\"vertical\" data-state=\"open\"><\/h2>\n<\/div>\n<\/div>\n<\/div>\n","protected":false},"featured_media":5900,"comment_status":"open","ping_status":"closed","template":"","meta":{"site-sidebar-layout":"default","site-content-layout":"","ast-site-content-layout":"default","site-content-style":"default","site-sidebar-style":"default","ast-global-header-display":"","ast-banner-title-visibility":"","ast-main-header-display":"","ast-hfb-above-header-display":"","ast-hfb-below-header-display":"","ast-hfb-mobile-header-display":"","site-post-title":"","ast-breadcrumbs-content":"","ast-featured-img":"","footer-sml-layout":"","ast-disable-related-posts":"","theme-transparent-header-meta":"default","adv-header-id-meta":"","stick-header-meta":"","header-above-stick-meta":"","header-main-stick-meta":"","header-below-stick-meta":"","astra-migrate-meta-layouts":"set","ast-page-background-enabled":"default","ast-page-background-meta":{"desktop":{"background-color":"var(--ast-global-color-5)","background-image":"","background-repeat":"repeat","background-position":"center center","background-size":"auto","background-attachment":"scroll","background-type":"","background-media":"","overlay-type":"","overlay-color":"","overlay-opacity":"","overlay-gradient":""},"tablet":{"background-color":"","background-image":"","background-repeat":"repeat","background-position":"center center","background-size":"auto","background-attachment":"scroll","background-type":"","background-media":"","overlay-type":"","overlay-color":"","overlay-opacity":"","overlay-gradient":""},"mobile":{"background-color":"","background-image":"","background-repeat":"repeat","background-position":"center center","background-size":"auto","background-attachment":"scroll","background-type":"","background-media":"","overlay-type":"","overlay-color":"","overlay-opacity":"","overlay-gradient":""}},"ast-content-background-meta":{"desktop":{"background-color":"var(--ast-global-color-4)","background-image":"","background-repeat":"repeat","background-position":"center center","background-size":"auto","background-attachment":"scroll","background-type":"","background-media":"","overlay-type":"","overlay-color":"","overlay-opacity":"","overlay-gradient":""},"tablet":{"background-color":"var(--ast-global-color-4)","background-image":"","background-repeat":"repeat","background-position":"center center","background-size":"auto","background-attachment":"scroll","background-type":"","background-media":"","overlay-type":"","overlay-color":"","overlay-opacity":"","overlay-gradient":""},"mobile":{"background-color":"var(--ast-global-color-4)","background-image":"","background-repeat":"repeat","background-position":"center center","background-size":"auto","background-attachment":"scroll","background-type":"","background-media":"","overlay-type":"","overlay-color":"","overlay-opacity":"","overlay-gradient":""}}},"product_brand":[102],"product_cat":[115,117,79],"product_tag":[],"class_list":{"0":"post-5899","1":"product","2":"type-product","3":"status-publish","4":"has-post-thumbnail","6":"product_brand-shiny-garage","7":"product_cat-parklajumi-plastmsai","8":"product_cat-plastikas-un-gumijas-kopsana","9":"product_cat-plastmasas-atjaunosanai-un-aizsardzibai","10":"pa_tilpums-250-ml","11":"pa_zimols-shiny-garage","12":"desktop-align-left","13":"tablet-align-left","14":"mobile-align-left","16":"first","17":"instock","18":"taxable","19":"shipping-taxable","20":"purchasable","21":"product-type-simple"},"yoast_head":"<!-- This site is optimized with the Yoast SEO plugin v27.4 - https:\/\/yoast.com\/product\/yoast-seo-wordpress\/ -->\n<title>Shiny Garage Jet Black - detailingclub.lv<\/title>\n<meta name=\"description\" content=\"Shiny Garage Jet Black atjauno plastmasas kr\u0101su, nodro\u0161ina UV aizsardz\u012bbu un samazina net\u012brumu uzkr\u0101\u0161anos uz \u0101r\u0113j\u0101m virsm\u0101m.\" \/>\n<meta name=\"robots\" content=\"index, follow, max-snippet:-1, max-image-preview:large, max-video-preview:-1\" \/>\n<link rel=\"canonical\" href=\"https:\/\/detailingclub.lv\/ru\/product\/shiny-garage-jet-black\/\" \/>\n<meta property=\"og:locale\" content=\"ru_RU\" \/>\n<meta property=\"og:type\" content=\"article\" \/>\n<meta property=\"og:title\" content=\"Shiny Garage Jet Black - detailingclub.lv\" \/>\n<meta property=\"og:description\" content=\"Shiny Garage Jet Black atjauno plastmasas kr\u0101su, nodro\u0161ina UV aizsardz\u012bbu un samazina net\u012brumu uzkr\u0101\u0161anos uz \u0101r\u0113j\u0101m virsm\u0101m.\" \/>\n<meta property=\"og:url\" content=\"https:\/\/detailingclub.lv\/ru\/product\/shiny-garage-jet-black\/\" \/>\n<meta property=\"og:site_name\" content=\"detailingclub.lv\" \/>\n<meta name=\"twitter:card\" content=\"summary_large_image\" \/>\n<meta name=\"twitter:label1\" content=\"\u041f\u0440\u0438\u043c\u0435\u0440\u043d\u043e\u0435 \u0432\u0440\u0435\u043c\u044f \u0434\u043b\u044f \u0447\u0442\u0435\u043d\u0438\u044f\" \/>\n\t<meta name=\"twitter:data1\" content=\"1 \u043c\u0438\u043d\u0443\u0442\u0430\" \/>\n<script type=\"application\/ld+json\" class=\"yoast-schema-graph\">{\"@context\":\"https:\\\/\\\/schema.org\",\"@graph\":[{\"@type\":\"WebPage\",\"@id\":\"https:\\\/\\\/detailingclub.lv\\\/products\\\/shiny-garage-jet-black\\\/\",\"url\":\"https:\\\/\\\/detailingclub.lv\\\/products\\\/shiny-garage-jet-black\\\/\",\"name\":\"Shiny Garage Jet Black - detailingclub.lv\",\"isPartOf\":{\"@id\":\"https:\\\/\\\/detailingclub.lv\\\/#website\"},\"primaryImageOfPage\":{\"@id\":\"https:\\\/\\\/detailingclub.lv\\\/products\\\/shiny-garage-jet-black\\\/#primaryimage\"},\"image\":{\"@id\":\"https:\\\/\\\/detailingclub.lv\\\/products\\\/shiny-garage-jet-black\\\/#primaryimage\"},\"thumbnailUrl\":\"https:\\\/\\\/detailingclub.lv\\\/wp-content\\\/uploads\\\/2026\\\/04\\\/sgjb-removebg-preview-01KPGGHVR9NBHNWSKTPTJBSSGW.avif\",\"datePublished\":\"2026-04-28T20:30:06+00:00\",\"description\":\"Shiny Garage Jet Black atjauno plastmasas kr\u0101su, nodro\u0161ina UV aizsardz\u012bbu un samazina net\u012brumu uzkr\u0101\u0161anos uz \u0101r\u0113j\u0101m virsm\u0101m.\",\"breadcrumb\":{\"@id\":\"https:\\\/\\\/detailingclub.lv\\\/products\\\/shiny-garage-jet-black\\\/#breadcrumb\"},\"inLanguage\":\"ru-RU\",\"potentialAction\":[{\"@type\":\"ReadAction\",\"target\":[\"https:\\\/\\\/detailingclub.lv\\\/products\\\/shiny-garage-jet-black\\\/\"]}]},{\"@type\":\"ImageObject\",\"inLanguage\":\"ru-RU\",\"@id\":\"https:\\\/\\\/detailingclub.lv\\\/products\\\/shiny-garage-jet-black\\\/#primaryimage\",\"url\":\"https:\\\/\\\/detailingclub.lv\\\/wp-content\\\/uploads\\\/2026\\\/04\\\/sgjb-removebg-preview-01KPGGHVR9NBHNWSKTPTJBSSGW.avif\",\"contentUrl\":\"https:\\\/\\\/detailingclub.lv\\\/wp-content\\\/uploads\\\/2026\\\/04\\\/sgjb-removebg-preview-01KPGGHVR9NBHNWSKTPTJBSSGW.avif\",\"width\":500,\"height\":500},{\"@type\":\"BreadcrumbList\",\"@id\":\"https:\\\/\\\/detailingclub.lv\\\/products\\\/shiny-garage-jet-black\\\/#breadcrumb\",\"itemListElement\":[{\"@type\":\"ListItem\",\"position\":1,\"name\":\"Home\",\"item\":\"https:\\\/\\\/detailingclub.lv\\\/\"},{\"@type\":\"ListItem\",\"position\":2,\"name\":\"VEIKALS\",\"item\":\"https:\\\/\\\/detailingclub.lv\\\/veikals\\\/\"},{\"@type\":\"ListItem\",\"position\":3,\"name\":\"Shiny Garage Jet Black\"}]},{\"@type\":\"WebSite\",\"@id\":\"https:\\\/\\\/detailingclub.lv\\\/#website\",\"url\":\"https:\\\/\\\/detailingclub.lv\\\/\",\"name\":\"detailingclub.lv\",\"description\":\"\",\"publisher\":{\"@id\":\"https:\\\/\\\/detailingclub.lv\\\/#organization\"},\"potentialAction\":[{\"@type\":\"SearchAction\",\"target\":{\"@type\":\"EntryPoint\",\"urlTemplate\":\"https:\\\/\\\/detailingclub.lv\\\/?s={search_term_string}\"},\"query-input\":{\"@type\":\"PropertyValueSpecification\",\"valueRequired\":true,\"valueName\":\"search_term_string\"}}],\"inLanguage\":\"ru-RU\"},{\"@type\":\"Organization\",\"@id\":\"https:\\\/\\\/detailingclub.lv\\\/#organization\",\"name\":\"detailingclub.lv\",\"url\":\"https:\\\/\\\/detailingclub.lv\\\/\",\"logo\":{\"@type\":\"ImageObject\",\"inLanguage\":\"ru-RU\",\"@id\":\"https:\\\/\\\/detailingclub.lv\\\/#\\\/schema\\\/logo\\\/image\\\/\",\"url\":\"https:\\\/\\\/detailingclub.lv\\\/wp-content\\\/uploads\\\/2026\\\/05\\\/cropped-LOGO-\u0434\u043b\u0438\u043d\u043d\u043e\u0435-\u0431\u0435\u043b\u043e\u0435-\u0441-\u043d\u0430\u043a\u043b\u043e\u043d\u043e\u043c.png\",\"contentUrl\":\"https:\\\/\\\/detailingclub.lv\\\/wp-content\\\/uploads\\\/2026\\\/05\\\/cropped-LOGO-\u0434\u043b\u0438\u043d\u043d\u043e\u0435-\u0431\u0435\u043b\u043e\u0435-\u0441-\u043d\u0430\u043a\u043b\u043e\u043d\u043e\u043c.png\",\"width\":1140,\"height\":111,\"caption\":\"detailingclub.lv\"},\"image\":{\"@id\":\"https:\\\/\\\/detailingclub.lv\\\/#\\\/schema\\\/logo\\\/image\\\/\"}}]}<\/script>\n<!-- \/ Yoast SEO plugin. -->","yoast_head_json":{"title":"Shiny Garage Jet Black - detailingclub.lv","description":"Shiny Garage Jet Black atjauno plastmasas kr\u0101su, nodro\u0161ina UV aizsardz\u012bbu un samazina net\u012brumu uzkr\u0101\u0161anos uz \u0101r\u0113j\u0101m virsm\u0101m.","robots":{"index":"index","follow":"follow","max-snippet":"max-snippet:-1","max-image-preview":"max-image-preview:large","max-video-preview":"max-video-preview:-1"},"canonical":"https:\/\/detailingclub.lv\/ru\/product\/shiny-garage-jet-black\/","og_locale":"ru_RU","og_type":"article","og_title":"Shiny Garage Jet Black - detailingclub.lv","og_description":"Shiny Garage Jet Black atjauno plastmasas kr\u0101su, nodro\u0161ina UV aizsardz\u012bbu un samazina net\u012brumu uzkr\u0101\u0161anos uz \u0101r\u0113j\u0101m virsm\u0101m.","og_url":"https:\/\/detailingclub.lv\/ru\/product\/shiny-garage-jet-black\/","og_site_name":"detailingclub.lv","twitter_card":"summary_large_image","twitter_misc":{"\u041f\u0440\u0438\u043c\u0435\u0440\u043d\u043e\u0435 \u0432\u0440\u0435\u043c\u044f \u0434\u043b\u044f \u0447\u0442\u0435\u043d\u0438\u044f":"1 \u043c\u0438\u043d\u0443\u0442\u0430"},"schema":{"@context":"https:\/\/schema.org","@graph":[{"@type":"WebPage","@id":"https:\/\/detailingclub.lv\/products\/shiny-garage-jet-black\/","url":"https:\/\/detailingclub.lv\/products\/shiny-garage-jet-black\/","name":"Shiny Garage Jet Black - detailingclub.lv","isPartOf":{"@id":"https:\/\/detailingclub.lv\/#website"},"primaryImageOfPage":{"@id":"https:\/\/detailingclub.lv\/products\/shiny-garage-jet-black\/#primaryimage"},"image":{"@id":"https:\/\/detailingclub.lv\/products\/shiny-garage-jet-black\/#primaryimage"},"thumbnailUrl":"https:\/\/detailingclub.lv\/wp-content\/uploads\/2026\/04\/sgjb-removebg-preview-01KPGGHVR9NBHNWSKTPTJBSSGW.avif","datePublished":"2026-04-28T20:30:06+00:00","description":"Shiny Garage Jet Black atjauno plastmasas kr\u0101su, nodro\u0161ina UV aizsardz\u012bbu un samazina net\u012brumu uzkr\u0101\u0161anos uz \u0101r\u0113j\u0101m virsm\u0101m.","breadcrumb":{"@id":"https:\/\/detailingclub.lv\/products\/shiny-garage-jet-black\/#breadcrumb"},"inLanguage":"ru-RU","potentialAction":[{"@type":"ReadAction","target":["https:\/\/detailingclub.lv\/products\/shiny-garage-jet-black\/"]}]},{"@type":"ImageObject","inLanguage":"ru-RU","@id":"https:\/\/detailingclub.lv\/products\/shiny-garage-jet-black\/#primaryimage","url":"https:\/\/detailingclub.lv\/wp-content\/uploads\/2026\/04\/sgjb-removebg-preview-01KPGGHVR9NBHNWSKTPTJBSSGW.avif","contentUrl":"https:\/\/detailingclub.lv\/wp-content\/uploads\/2026\/04\/sgjb-removebg-preview-01KPGGHVR9NBHNWSKTPTJBSSGW.avif","width":500,"height":500},{"@type":"BreadcrumbList","@id":"https:\/\/detailingclub.lv\/products\/shiny-garage-jet-black\/#breadcrumb","itemListElement":[{"@type":"ListItem","position":1,"name":"Home","item":"https:\/\/detailingclub.lv\/"},{"@type":"ListItem","position":2,"name":"VEIKALS","item":"https:\/\/detailingclub.lv\/veikals\/"},{"@type":"ListItem","position":3,"name":"Shiny Garage Jet Black"}]},{"@type":"WebSite","@id":"https:\/\/detailingclub.lv\/#website","url":"https:\/\/detailingclub.lv\/","name":"detailingclub.lv","description":"","publisher":{"@id":"https:\/\/detailingclub.lv\/#organization"},"potentialAction":[{"@type":"SearchAction","target":{"@type":"EntryPoint","urlTemplate":"https:\/\/detailingclub.lv\/?s={search_term_string}"},"query-input":{"@type":"PropertyValueSpecification","valueRequired":true,"valueName":"search_term_string"}}],"inLanguage":"ru-RU"},{"@type":"Organization","@id":"https:\/\/detailingclub.lv\/#organization","name":"detailingclub.lv","url":"https:\/\/detailingclub.lv\/","logo":{"@type":"ImageObject","inLanguage":"ru-RU","@id":"https:\/\/detailingclub.lv\/#\/schema\/logo\/image\/","url":"https:\/\/detailingclub.lv\/wp-content\/uploads\/2026\/05\/cropped-LOGO-\u0434\u043b\u0438\u043d\u043d\u043e\u0435-\u0431\u0435\u043b\u043e\u0435-\u0441-\u043d\u0430\u043a\u043b\u043e\u043d\u043e\u043c.png","contentUrl":"https:\/\/detailingclub.lv\/wp-content\/uploads\/2026\/05\/cropped-LOGO-\u0434\u043b\u0438\u043d\u043d\u043e\u0435-\u0431\u0435\u043b\u043e\u0435-\u0441-\u043d\u0430\u043a\u043b\u043e\u043d\u043e\u043c.png","width":1140,"height":111,"caption":"detailingclub.lv"},"image":{"@id":"https:\/\/detailingclub.lv\/#\/schema\/logo\/image\/"}}]}},"jetpack_sharing_enabled":true,"_links":{"self":[{"href":"https:\/\/detailingclub.lv\/ru\/wp-json\/wp\/v2\/product\/5899","targetHints":{"allow":["GET"]}}],"collection":[{"href":"https:\/\/detailingclub.lv\/ru\/wp-json\/wp\/v2\/product"}],"about":[{"href":"https:\/\/detailingclub.lv\/ru\/wp-json\/wp\/v2\/types\/product"}],"replies":[{"embeddable":true,"href":"https:\/\/detailingclub.lv\/ru\/wp-json\/wp\/v2\/comments?post=5899"}],"wp:featuredmedia":[{"embeddable":true,"href":"https:\/\/detailingclub.lv\/ru\/wp-json\/wp\/v2\/media\/5900"}],"wp:attachment":[{"href":"https:\/\/detailingclub.lv\/ru\/wp-json\/wp\/v2\/media?parent=5899"}],"wp:term":[{"taxonomy":"product_brand","embeddable":true,"href":"https:\/\/detailingclub.lv\/ru\/wp-json\/wp\/v2\/product_brand?post=5899"},{"taxonomy":"product_cat","embeddable":true,"href":"https:\/\/detailingclub.lv\/ru\/wp-json\/wp\/v2\/product_cat?post=5899"},{"taxonomy":"product_tag","embeddable":true,"href":"https:\/\/detailingclub.lv\/ru\/wp-json\/wp\/v2\/product_tag?post=5899"}],"curies":[{"name":"wp","href":"https:\/\/api.w.org\/{rel}","templated":true}]}}