{"id":5897,"date":"2026-04-28T20:26:17","date_gmt":"2026-04-28T20:26:17","guid":{"rendered":"https:\/\/detailingclub.lv\/?post_type=product&#038;p=5897"},"modified":"2026-04-28T20:26:17","modified_gmt":"2026-04-28T20:26:17","slug":"shiny-garage-universals-tiritajs-apc-zalais","status":"publish","type":"product","link":"https:\/\/detailingclub.lv\/ru\/product\/shiny-garage-universals-tiritajs-apc-zalais\/","title":{"rendered":"Shiny Garage Univers\u0101ls T\u012br\u012bt\u0101js &#8211; APC Za\u013cais"},"content":{"rendered":"<p data-start=\"177\" data-end=\"282\">Univers\u0101ls koncentr\u0113ts t\u012br\u012bt\u0101js salona un \u0101r\u0113jo virsmu t\u012br\u012b\u0161anai ar dro\u0161u sast\u0101vu un augstu efektivit\u0101ti.<\/p>\n<hr data-start=\"284\" data-end=\"287\" \/>\n<h3 data-section-id=\"kacgzd\" data-start=\"289\" data-end=\"315\"><span role=\"text\"><strong data-start=\"293\" data-end=\"315\">Galven\u0101s \u012bpa\u0161\u012bbas:<\/strong><\/span><\/h3>\n<ul data-start=\"316\" data-end=\"557\">\n<li data-section-id=\"1guye13\" data-start=\"316\" data-end=\"345\">Dro\u0161s lietot\u0101jam un videi<\/li>\n<li data-section-id=\"1btcl0j\" data-start=\"346\" data-end=\"397\">Bez n\u0101trija hidroks\u012bda un agres\u012bviem mar\u0137ieriem<\/li>\n<li data-section-id=\"pkgkq7\" data-start=\"398\" data-end=\"430\">pH ~8 (neitr\u0101ls koncentr\u0101ts)<\/li>\n<li data-section-id=\"1tgyq3k\" data-start=\"431\" data-end=\"482\">Efekt\u012bvi no\u0146em net\u012brumus pat zem\u0101 koncentr\u0101cij\u0101<\/li>\n<li data-section-id=\"1qmerek\" data-start=\"483\" data-end=\"538\">Piem\u0113rots plastmasai, tekstilam, gumijai, virsb\u016bvei<\/li>\n<li data-section-id=\"x4dypq\" data-start=\"539\" data-end=\"557\">Arb\u016bza arom\u0101ts<\/li>\n<\/ul>\n<hr data-start=\"559\" data-end=\"562\" \/>\n<h3 data-section-id=\"hh9egn\" data-start=\"564\" data-end=\"585\"><span role=\"text\"><strong data-start=\"568\" data-end=\"585\">At\u0161\u0137aid\u012b\u0161ana:<\/strong><\/span><\/h3>\n<ul data-start=\"586\" data-end=\"659\">\n<li data-section-id=\"142gxhc\" data-start=\"586\" data-end=\"627\">Smagi net\u012brumi: 100\u2013200 ml \/ 1L \u016bdens<\/li>\n<li data-section-id=\"13kc9vw\" data-start=\"628\" data-end=\"659\">Salons: 30\u201360 ml \/ 1L \u016bdens<\/li>\n<\/ul>\n<hr data-start=\"661\" data-end=\"664\" \/>\n<h3 data-section-id=\"1ipkpns\" data-start=\"666\" data-end=\"684\"><span role=\"text\"><strong data-start=\"670\" data-end=\"684\">Lieto\u0161ana:<\/strong><\/span><\/h3>\n<ul data-start=\"685\" data-end=\"817\">\n<li data-section-id=\"14azk1r\" data-start=\"685\" data-end=\"712\">Uzkl\u0101t uz v\u0113sas virsmas<\/li>\n<li data-section-id=\"8uimy1\" data-start=\"713\" data-end=\"749\">Izmantot birsti, dr\u0101nu vai s\u016bkli<\/li>\n<li data-section-id=\"1pm7teo\" data-start=\"750\" data-end=\"798\">Noslauc\u012bt ar mitru mikro\u0161\u0137iedru vai noskalot<\/li>\n<li data-section-id=\"hf9ctd\" data-start=\"799\" data-end=\"817\">No\u017e\u0101v\u0113t virsmu<\/li>\n<\/ul>\n<hr data-start=\"819\" data-end=\"822\" \/>\n<h3 data-section-id=\"1aguffz\" data-start=\"824\" data-end=\"840\"><span role=\"text\"><strong data-start=\"828\" data-end=\"840\">Svar\u012bgi:<\/strong><\/span><\/h3>\n<ul data-start=\"841\" data-end=\"906\">\n<li data-section-id=\"170w03z\" data-start=\"841\" data-end=\"872\">Nelietot uz karstas virsmas<\/li>\n<li data-section-id=\"124m6ak\" data-start=\"873\" data-end=\"906\">Nelietot tie\u0161os saules staros<\/li>\n<\/ul>","protected":false},"excerpt":{"rendered":"<div id=\"product-info\">\n<div class=\"flex flex-col gap-y-4 md:max-w-[500px] mx-auto\">\n<h2 class=\"text-3xl leading-10 font-semibold uppercase\">Shiny Garage Univers\u0101ls T\u012br\u012bt\u0101js &#8211; APC Za\u013cais<\/h2>\n<\/div>\n<\/div>\n<div class=\"w-full\">\n<div class=\"w-full\" data-orientation=\"vertical\">\n<div class=\"border-b border-black\/15 px-1 last:border-b-0\" data-state=\"open\" data-orientation=\"vertical\">\n<h3 class=\"flex\" data-orientation=\"vertical\" data-state=\"open\"><\/h3>\n<\/div>\n<\/div>\n<\/div>\n","protected":false},"featured_media":5898,"comment_status":"open","ping_status":"closed","template":"","meta":{"site-sidebar-layout":"default","site-content-layout":"","ast-site-content-layout":"default","site-content-style":"default","site-sidebar-style":"default","ast-global-header-display":"","ast-banner-title-visibility":"","ast-main-header-display":"","ast-hfb-above-header-display":"","ast-hfb-below-header-display":"","ast-hfb-mobile-header-display":"","site-post-title":"","ast-breadcrumbs-content":"","ast-featured-img":"","footer-sml-layout":"","ast-disable-related-posts":"","theme-transparent-header-meta":"default","adv-header-id-meta":"","stick-header-meta":"","header-above-stick-meta":"","header-main-stick-meta":"","header-below-stick-meta":"","astra-migrate-meta-layouts":"set","ast-page-background-enabled":"default","ast-page-background-meta":{"desktop":{"background-color":"var(--ast-global-color-5)","background-image":"","background-repeat":"repeat","background-position":"center center","background-size":"auto","background-attachment":"scroll","background-type":"","background-media":"","overlay-type":"","overlay-color":"","overlay-opacity":"","overlay-gradient":""},"tablet":{"background-color":"","background-image":"","background-repeat":"repeat","background-position":"center center","background-size":"auto","background-attachment":"scroll","background-type":"","background-media":"","overlay-type":"","overlay-color":"","overlay-opacity":"","overlay-gradient":""},"mobile":{"background-color":"","background-image":"","background-repeat":"repeat","background-position":"center center","background-size":"auto","background-attachment":"scroll","background-type":"","background-media":"","overlay-type":"","overlay-color":"","overlay-opacity":"","overlay-gradient":""}},"ast-content-background-meta":{"desktop":{"background-color":"var(--ast-global-color-4)","background-image":"","background-repeat":"repeat","background-position":"center center","background-size":"auto","background-attachment":"scroll","background-type":"","background-media":"","overlay-type":"","overlay-color":"","overlay-opacity":"","overlay-gradient":""},"tablet":{"background-color":"var(--ast-global-color-4)","background-image":"","background-repeat":"repeat","background-position":"center center","background-size":"auto","background-attachment":"scroll","background-type":"","background-media":"","overlay-type":"","overlay-color":"","overlay-opacity":"","overlay-gradient":""},"mobile":{"background-color":"var(--ast-global-color-4)","background-image":"","background-repeat":"repeat","background-position":"center center","background-size":"auto","background-attachment":"scroll","background-type":"","background-media":"","overlay-type":"","overlay-color":"","overlay-opacity":"","overlay-gradient":""}}},"product_brand":[102],"product_cat":[77,60],"product_tag":[],"class_list":{"0":"post-5897","1":"product","2":"type-product","3":"status-publish","4":"has-post-thumbnail","6":"product_brand-shiny-garage","7":"product_cat-universalie-tirisanas-lidzekli","8":"product_cat-vispareji-tirisanas-lidzekli-apc","9":"pa_tilpums-500-ml","10":"pa_zimols-shiny-garage","11":"desktop-align-left","12":"tablet-align-left","13":"mobile-align-left","15":"first","16":"instock","17":"taxable","18":"shipping-taxable","19":"purchasable","20":"product-type-simple"},"yoast_head":"<!-- This site is optimized with the Yoast SEO plugin v27.4 - https:\/\/yoast.com\/product\/yoast-seo-wordpress\/ -->\n<title>Shiny Garage Univers\u0101ls T\u012br\u012bt\u0101js - APC Za\u013cais - detailingclub.lv<\/title>\n<meta name=\"description\" content=\"Shiny Garage APC Green ir dro\u0161s univers\u0101ls t\u012br\u012bt\u0101js ar neitr\u0101lu pH, kas efekt\u012bvi no\u0146em net\u012brumus no salona un eksterjera virsm\u0101m.\" \/>\n<meta name=\"robots\" content=\"index, follow, max-snippet:-1, max-image-preview:large, max-video-preview:-1\" \/>\n<link rel=\"canonical\" href=\"https:\/\/detailingclub.lv\/ru\/product\/shiny-garage-universals-tiritajs-apc-zalais\/\" \/>\n<meta property=\"og:locale\" content=\"ru_RU\" \/>\n<meta property=\"og:type\" content=\"article\" \/>\n<meta property=\"og:title\" content=\"Shiny Garage Univers\u0101ls T\u012br\u012bt\u0101js - APC Za\u013cais - detailingclub.lv\" \/>\n<meta property=\"og:description\" content=\"Shiny Garage APC Green ir dro\u0161s univers\u0101ls t\u012br\u012bt\u0101js ar neitr\u0101lu pH, kas efekt\u012bvi no\u0146em net\u012brumus no salona un eksterjera virsm\u0101m.\" \/>\n<meta property=\"og:url\" content=\"https:\/\/detailingclub.lv\/ru\/product\/shiny-garage-universals-tiritajs-apc-zalais\/\" \/>\n<meta property=\"og:site_name\" content=\"detailingclub.lv\" \/>\n<meta name=\"twitter:card\" content=\"summary_large_image\" \/>\n<meta name=\"twitter:label1\" content=\"\u041f\u0440\u0438\u043c\u0435\u0440\u043d\u043e\u0435 \u0432\u0440\u0435\u043c\u044f \u0434\u043b\u044f \u0447\u0442\u0435\u043d\u0438\u044f\" \/>\n\t<meta name=\"twitter:data1\" content=\"1 \u043c\u0438\u043d\u0443\u0442\u0430\" \/>\n<script type=\"application\/ld+json\" class=\"yoast-schema-graph\">{\"@context\":\"https:\\\/\\\/schema.org\",\"@graph\":[{\"@type\":\"WebPage\",\"@id\":\"https:\\\/\\\/detailingclub.lv\\\/products\\\/shiny-garage-universals-tiritajs-apc-zalais\\\/\",\"url\":\"https:\\\/\\\/detailingclub.lv\\\/products\\\/shiny-garage-universals-tiritajs-apc-zalais\\\/\",\"name\":\"Shiny Garage Univers\u0101ls T\u012br\u012bt\u0101js - APC Za\u013cais - detailingclub.lv\",\"isPartOf\":{\"@id\":\"https:\\\/\\\/detailingclub.lv\\\/#website\"},\"primaryImageOfPage\":{\"@id\":\"https:\\\/\\\/detailingclub.lv\\\/products\\\/shiny-garage-universals-tiritajs-apc-zalais\\\/#primaryimage\"},\"image\":{\"@id\":\"https:\\\/\\\/detailingclub.lv\\\/products\\\/shiny-garage-universals-tiritajs-apc-zalais\\\/#primaryimage\"},\"thumbnailUrl\":\"https:\\\/\\\/detailingclub.lv\\\/wp-content\\\/uploads\\\/2026\\\/04\\\/Uniwersalny-koncentrat-czyszczacy-APC-Green-1-litr-removebg-preview-01KPGG970GCPPS615NSN68KG60.avif\",\"datePublished\":\"2026-04-28T20:26:17+00:00\",\"description\":\"Shiny Garage APC Green ir dro\u0161s univers\u0101ls t\u012br\u012bt\u0101js ar neitr\u0101lu pH, kas efekt\u012bvi no\u0146em net\u012brumus no salona un eksterjera virsm\u0101m.\",\"breadcrumb\":{\"@id\":\"https:\\\/\\\/detailingclub.lv\\\/products\\\/shiny-garage-universals-tiritajs-apc-zalais\\\/#breadcrumb\"},\"inLanguage\":\"ru-RU\",\"potentialAction\":[{\"@type\":\"ReadAction\",\"target\":[\"https:\\\/\\\/detailingclub.lv\\\/products\\\/shiny-garage-universals-tiritajs-apc-zalais\\\/\"]}]},{\"@type\":\"ImageObject\",\"inLanguage\":\"ru-RU\",\"@id\":\"https:\\\/\\\/detailingclub.lv\\\/products\\\/shiny-garage-universals-tiritajs-apc-zalais\\\/#primaryimage\",\"url\":\"https:\\\/\\\/detailingclub.lv\\\/wp-content\\\/uploads\\\/2026\\\/04\\\/Uniwersalny-koncentrat-czyszczacy-APC-Green-1-litr-removebg-preview-01KPGG970GCPPS615NSN68KG60.avif\",\"contentUrl\":\"https:\\\/\\\/detailingclub.lv\\\/wp-content\\\/uploads\\\/2026\\\/04\\\/Uniwersalny-koncentrat-czyszczacy-APC-Green-1-litr-removebg-preview-01KPGG970GCPPS615NSN68KG60.avif\",\"width\":373,\"height\":373},{\"@type\":\"BreadcrumbList\",\"@id\":\"https:\\\/\\\/detailingclub.lv\\\/products\\\/shiny-garage-universals-tiritajs-apc-zalais\\\/#breadcrumb\",\"itemListElement\":[{\"@type\":\"ListItem\",\"position\":1,\"name\":\"Home\",\"item\":\"https:\\\/\\\/detailingclub.lv\\\/\"},{\"@type\":\"ListItem\",\"position\":2,\"name\":\"VEIKALS\",\"item\":\"https:\\\/\\\/detailingclub.lv\\\/veikals\\\/\"},{\"@type\":\"ListItem\",\"position\":3,\"name\":\"Shiny Garage Univers\u0101ls T\u012br\u012bt\u0101js &#8211; APC Za\u013cais\"}]},{\"@type\":\"WebSite\",\"@id\":\"https:\\\/\\\/detailingclub.lv\\\/#website\",\"url\":\"https:\\\/\\\/detailingclub.lv\\\/\",\"name\":\"detailingclub.lv\",\"description\":\"\",\"publisher\":{\"@id\":\"https:\\\/\\\/detailingclub.lv\\\/#organization\"},\"potentialAction\":[{\"@type\":\"SearchAction\",\"target\":{\"@type\":\"EntryPoint\",\"urlTemplate\":\"https:\\\/\\\/detailingclub.lv\\\/?s={search_term_string}\"},\"query-input\":{\"@type\":\"PropertyValueSpecification\",\"valueRequired\":true,\"valueName\":\"search_term_string\"}}],\"inLanguage\":\"ru-RU\"},{\"@type\":\"Organization\",\"@id\":\"https:\\\/\\\/detailingclub.lv\\\/#organization\",\"name\":\"detailingclub.lv\",\"url\":\"https:\\\/\\\/detailingclub.lv\\\/\",\"logo\":{\"@type\":\"ImageObject\",\"inLanguage\":\"ru-RU\",\"@id\":\"https:\\\/\\\/detailingclub.lv\\\/#\\\/schema\\\/logo\\\/image\\\/\",\"url\":\"https:\\\/\\\/detailingclub.lv\\\/wp-content\\\/uploads\\\/2026\\\/05\\\/cropped-LOGO-\u0434\u043b\u0438\u043d\u043d\u043e\u0435-\u0431\u0435\u043b\u043e\u0435-\u0441-\u043d\u0430\u043a\u043b\u043e\u043d\u043e\u043c.png\",\"contentUrl\":\"https:\\\/\\\/detailingclub.lv\\\/wp-content\\\/uploads\\\/2026\\\/05\\\/cropped-LOGO-\u0434\u043b\u0438\u043d\u043d\u043e\u0435-\u0431\u0435\u043b\u043e\u0435-\u0441-\u043d\u0430\u043a\u043b\u043e\u043d\u043e\u043c.png\",\"width\":1140,\"height\":111,\"caption\":\"detailingclub.lv\"},\"image\":{\"@id\":\"https:\\\/\\\/detailingclub.lv\\\/#\\\/schema\\\/logo\\\/image\\\/\"}}]}<\/script>\n<!-- \/ Yoast SEO plugin. -->","yoast_head_json":{"title":"Shiny Garage Univers\u0101ls T\u012br\u012bt\u0101js - APC Za\u013cais - detailingclub.lv","description":"Shiny Garage APC Green ir dro\u0161s univers\u0101ls t\u012br\u012bt\u0101js ar neitr\u0101lu pH, kas efekt\u012bvi no\u0146em net\u012brumus no salona un eksterjera virsm\u0101m.","robots":{"index":"index","follow":"follow","max-snippet":"max-snippet:-1","max-image-preview":"max-image-preview:large","max-video-preview":"max-video-preview:-1"},"canonical":"https:\/\/detailingclub.lv\/ru\/product\/shiny-garage-universals-tiritajs-apc-zalais\/","og_locale":"ru_RU","og_type":"article","og_title":"Shiny Garage Univers\u0101ls T\u012br\u012bt\u0101js - APC Za\u013cais - detailingclub.lv","og_description":"Shiny Garage APC Green ir dro\u0161s univers\u0101ls t\u012br\u012bt\u0101js ar neitr\u0101lu pH, kas efekt\u012bvi no\u0146em net\u012brumus no salona un eksterjera virsm\u0101m.","og_url":"https:\/\/detailingclub.lv\/ru\/product\/shiny-garage-universals-tiritajs-apc-zalais\/","og_site_name":"detailingclub.lv","twitter_card":"summary_large_image","twitter_misc":{"\u041f\u0440\u0438\u043c\u0435\u0440\u043d\u043e\u0435 \u0432\u0440\u0435\u043c\u044f \u0434\u043b\u044f \u0447\u0442\u0435\u043d\u0438\u044f":"1 \u043c\u0438\u043d\u0443\u0442\u0430"},"schema":{"@context":"https:\/\/schema.org","@graph":[{"@type":"WebPage","@id":"https:\/\/detailingclub.lv\/products\/shiny-garage-universals-tiritajs-apc-zalais\/","url":"https:\/\/detailingclub.lv\/products\/shiny-garage-universals-tiritajs-apc-zalais\/","name":"Shiny Garage Univers\u0101ls T\u012br\u012bt\u0101js - APC Za\u013cais - detailingclub.lv","isPartOf":{"@id":"https:\/\/detailingclub.lv\/#website"},"primaryImageOfPage":{"@id":"https:\/\/detailingclub.lv\/products\/shiny-garage-universals-tiritajs-apc-zalais\/#primaryimage"},"image":{"@id":"https:\/\/detailingclub.lv\/products\/shiny-garage-universals-tiritajs-apc-zalais\/#primaryimage"},"thumbnailUrl":"https:\/\/detailingclub.lv\/wp-content\/uploads\/2026\/04\/Uniwersalny-koncentrat-czyszczacy-APC-Green-1-litr-removebg-preview-01KPGG970GCPPS615NSN68KG60.avif","datePublished":"2026-04-28T20:26:17+00:00","description":"Shiny Garage APC Green ir dro\u0161s univers\u0101ls t\u012br\u012bt\u0101js ar neitr\u0101lu pH, kas efekt\u012bvi no\u0146em net\u012brumus no salona un eksterjera virsm\u0101m.","breadcrumb":{"@id":"https:\/\/detailingclub.lv\/products\/shiny-garage-universals-tiritajs-apc-zalais\/#breadcrumb"},"inLanguage":"ru-RU","potentialAction":[{"@type":"ReadAction","target":["https:\/\/detailingclub.lv\/products\/shiny-garage-universals-tiritajs-apc-zalais\/"]}]},{"@type":"ImageObject","inLanguage":"ru-RU","@id":"https:\/\/detailingclub.lv\/products\/shiny-garage-universals-tiritajs-apc-zalais\/#primaryimage","url":"https:\/\/detailingclub.lv\/wp-content\/uploads\/2026\/04\/Uniwersalny-koncentrat-czyszczacy-APC-Green-1-litr-removebg-preview-01KPGG970GCPPS615NSN68KG60.avif","contentUrl":"https:\/\/detailingclub.lv\/wp-content\/uploads\/2026\/04\/Uniwersalny-koncentrat-czyszczacy-APC-Green-1-litr-removebg-preview-01KPGG970GCPPS615NSN68KG60.avif","width":373,"height":373},{"@type":"BreadcrumbList","@id":"https:\/\/detailingclub.lv\/products\/shiny-garage-universals-tiritajs-apc-zalais\/#breadcrumb","itemListElement":[{"@type":"ListItem","position":1,"name":"Home","item":"https:\/\/detailingclub.lv\/"},{"@type":"ListItem","position":2,"name":"VEIKALS","item":"https:\/\/detailingclub.lv\/veikals\/"},{"@type":"ListItem","position":3,"name":"Shiny Garage Univers\u0101ls T\u012br\u012bt\u0101js &#8211; APC Za\u013cais"}]},{"@type":"WebSite","@id":"https:\/\/detailingclub.lv\/#website","url":"https:\/\/detailingclub.lv\/","name":"detailingclub.lv","description":"","publisher":{"@id":"https:\/\/detailingclub.lv\/#organization"},"potentialAction":[{"@type":"SearchAction","target":{"@type":"EntryPoint","urlTemplate":"https:\/\/detailingclub.lv\/?s={search_term_string}"},"query-input":{"@type":"PropertyValueSpecification","valueRequired":true,"valueName":"search_term_string"}}],"inLanguage":"ru-RU"},{"@type":"Organization","@id":"https:\/\/detailingclub.lv\/#organization","name":"detailingclub.lv","url":"https:\/\/detailingclub.lv\/","logo":{"@type":"ImageObject","inLanguage":"ru-RU","@id":"https:\/\/detailingclub.lv\/#\/schema\/logo\/image\/","url":"https:\/\/detailingclub.lv\/wp-content\/uploads\/2026\/05\/cropped-LOGO-\u0434\u043b\u0438\u043d\u043d\u043e\u0435-\u0431\u0435\u043b\u043e\u0435-\u0441-\u043d\u0430\u043a\u043b\u043e\u043d\u043e\u043c.png","contentUrl":"https:\/\/detailingclub.lv\/wp-content\/uploads\/2026\/05\/cropped-LOGO-\u0434\u043b\u0438\u043d\u043d\u043e\u0435-\u0431\u0435\u043b\u043e\u0435-\u0441-\u043d\u0430\u043a\u043b\u043e\u043d\u043e\u043c.png","width":1140,"height":111,"caption":"detailingclub.lv"},"image":{"@id":"https:\/\/detailingclub.lv\/#\/schema\/logo\/image\/"}}]}},"jetpack_sharing_enabled":true,"_links":{"self":[{"href":"https:\/\/detailingclub.lv\/ru\/wp-json\/wp\/v2\/product\/5897","targetHints":{"allow":["GET"]}}],"collection":[{"href":"https:\/\/detailingclub.lv\/ru\/wp-json\/wp\/v2\/product"}],"about":[{"href":"https:\/\/detailingclub.lv\/ru\/wp-json\/wp\/v2\/types\/product"}],"replies":[{"embeddable":true,"href":"https:\/\/detailingclub.lv\/ru\/wp-json\/wp\/v2\/comments?post=5897"}],"wp:featuredmedia":[{"embeddable":true,"href":"https:\/\/detailingclub.lv\/ru\/wp-json\/wp\/v2\/media\/5898"}],"wp:attachment":[{"href":"https:\/\/detailingclub.lv\/ru\/wp-json\/wp\/v2\/media?parent=5897"}],"wp:term":[{"taxonomy":"product_brand","embeddable":true,"href":"https:\/\/detailingclub.lv\/ru\/wp-json\/wp\/v2\/product_brand?post=5897"},{"taxonomy":"product_cat","embeddable":true,"href":"https:\/\/detailingclub.lv\/ru\/wp-json\/wp\/v2\/product_cat?post=5897"},{"taxonomy":"product_tag","embeddable":true,"href":"https:\/\/detailingclub.lv\/ru\/wp-json\/wp\/v2\/product_tag?post=5897"}],"curies":[{"name":"wp","href":"https:\/\/api.w.org\/{rel}","templated":true}]}}