{"id":5894,"date":"2026-04-28T20:16:31","date_gmt":"2026-04-28T20:16:31","guid":{"rendered":"https:\/\/detailingclub.lv\/?post_type=product&#038;p=5894"},"modified":"2026-04-28T20:17:05","modified_gmt":"2026-04-28T20:17:05","slug":"soft99-ultra-glaco-rain-repellent","status":"publish","type":"product","link":"https:\/\/detailingclub.lv\/ru\/product\/soft99-ultra-glaco-rain-repellent\/","title":{"rendered":"SOFT99 Ultra Glaco Rain Repellent"},"content":{"rendered":"<p data-start=\"231\" data-end=\"353\">Ilgnotur\u012bgs hidrofobs p\u0101rkl\u0101jums auto stiklam, kas uzlabo redzam\u012bbu lietus laik\u0101 un samazina \u016bdens notur\u0113\u0161anos uz virsmas.<\/p>\n<hr data-start=\"355\" data-end=\"358\" \/>\n<h3 data-section-id=\"kacgzd\" data-start=\"360\" data-end=\"386\"><span role=\"text\"><strong data-start=\"364\" data-end=\"386\">Galven\u0101s \u012bpa\u0161\u012bbas:<\/strong><\/span><\/h3>\n<ul data-start=\"387\" data-end=\"566\">\n<li data-section-id=\"ac5clf\" data-start=\"387\" data-end=\"419\">Aizsardz\u012bba l\u012bdz 12 m\u0113ne\u0161iem<\/li>\n<li data-section-id=\"zsmdjv\" data-start=\"420\" data-end=\"455\">\u016adens notec\u0113\u0161ana no ~45\u201360 km\/h<\/li>\n<li data-section-id=\"1sb69ra\" data-start=\"456\" data-end=\"494\">Samazina logu t\u012br\u012bt\u0101ju izmanto\u0161anu<\/li>\n<li data-section-id=\"1p4q9qr\" data-start=\"495\" data-end=\"524\">Atgr\u016b\u017e net\u012brumus un \u016bdeni<\/li>\n<li data-section-id=\"snma80\" data-start=\"525\" data-end=\"566\">Piem\u0113rots v\u0113jstiklam un s\u0101nu stikliem<\/li>\n<\/ul>\n<hr data-start=\"568\" data-end=\"571\" \/>\n<h3 data-section-id=\"1ipkpns\" data-start=\"573\" data-end=\"591\"><span role=\"text\"><strong data-start=\"577\" data-end=\"591\">Lieto\u0161ana:<\/strong><\/span><\/h3>\n<ul data-start=\"592\" data-end=\"682\">\n<li data-section-id=\"1ymlkc0\" data-start=\"592\" data-end=\"626\">Uzkl\u0101t uz t\u012bra un sausa stikla<\/li>\n<li data-section-id=\"154fxss\" data-start=\"627\" data-end=\"654\">Atst\u0101t uz da\u017e\u0101m min\u016bt\u0113m<\/li>\n<li data-section-id=\"1deqobj\" data-start=\"655\" data-end=\"682\">Nopul\u0113t ar mikro\u0161\u0137iedru<\/li>\n<\/ul>\n<hr data-start=\"684\" data-end=\"687\" \/>\n<h3 data-section-id=\"1aguffz\" data-start=\"689\" data-end=\"705\"><span role=\"text\"><strong data-start=\"693\" data-end=\"705\">Svar\u012bgi:<\/strong><\/span><\/h3>\n<ul data-start=\"706\" data-end=\"766\">\n<li data-section-id=\"wuxzc\" data-start=\"706\" data-end=\"734\">Nelietot uz mitra stikla<\/li>\n<li data-section-id=\"170w03z\" data-start=\"735\" data-end=\"766\">Nelietot uz karstas virsmas<\/li>\n<\/ul>","protected":false},"excerpt":{"rendered":"<h2>SOFT99 Ultra Glaco Rain Repellent 70ml<\/h2>","protected":false},"featured_media":5889,"comment_status":"open","ping_status":"closed","template":"","meta":{"site-sidebar-layout":"default","site-content-layout":"","ast-site-content-layout":"default","site-content-style":"default","site-sidebar-style":"default","ast-global-header-display":"","ast-banner-title-visibility":"","ast-main-header-display":"","ast-hfb-above-header-display":"","ast-hfb-below-header-display":"","ast-hfb-mobile-header-display":"","site-post-title":"","ast-breadcrumbs-content":"","ast-featured-img":"","footer-sml-layout":"","ast-disable-related-posts":"","theme-transparent-header-meta":"default","adv-header-id-meta":"","stick-header-meta":"","header-above-stick-meta":"","header-main-stick-meta":"","header-below-stick-meta":"","astra-migrate-meta-layouts":"set","ast-page-background-enabled":"default","ast-page-background-meta":{"desktop":{"background-color":"var(--ast-global-color-5)","background-image":"","background-repeat":"repeat","background-position":"center center","background-size":"auto","background-attachment":"scroll","background-type":"","background-media":"","overlay-type":"","overlay-color":"","overlay-opacity":"","overlay-gradient":""},"tablet":{"background-color":"","background-image":"","background-repeat":"repeat","background-position":"center center","background-size":"auto","background-attachment":"scroll","background-type":"","background-media":"","overlay-type":"","overlay-color":"","overlay-opacity":"","overlay-gradient":""},"mobile":{"background-color":"","background-image":"","background-repeat":"repeat","background-position":"center center","background-size":"auto","background-attachment":"scroll","background-type":"","background-media":"","overlay-type":"","overlay-color":"","overlay-opacity":"","overlay-gradient":""}},"ast-content-background-meta":{"desktop":{"background-color":"var(--ast-global-color-4)","background-image":"","background-repeat":"repeat","background-position":"center center","background-size":"auto","background-attachment":"scroll","background-type":"","background-media":"","overlay-type":"","overlay-color":"","overlay-opacity":"","overlay-gradient":""},"tablet":{"background-color":"var(--ast-global-color-4)","background-image":"","background-repeat":"repeat","background-position":"center center","background-size":"auto","background-attachment":"scroll","background-type":"","background-media":"","overlay-type":"","overlay-color":"","overlay-opacity":"","overlay-gradient":""},"mobile":{"background-color":"var(--ast-global-color-4)","background-image":"","background-repeat":"repeat","background-position":"center center","background-size":"auto","background-attachment":"scroll","background-type":"","background-media":"","overlay-type":"","overlay-color":"","overlay-opacity":"","overlay-gradient":""}}},"product_brand":[100],"product_cat":[64,88],"product_tag":[],"class_list":{"0":"post-5894","1":"product","2":"type-product","3":"status-publish","4":"has-post-thumbnail","6":"product_brand-soft99","7":"product_cat-antilietus-parklajumi","8":"product_cat-parklajumi-stiklam","9":"pa_tilpums-70-ml","10":"pa_zimols-soft99","11":"desktop-align-left","12":"tablet-align-left","13":"mobile-align-left","15":"first","16":"instock","17":"taxable","18":"shipping-taxable","19":"purchasable","20":"product-type-simple"},"yoast_head":"<!-- This site is optimized with the Yoast SEO plugin v27.4 - https:\/\/yoast.com\/product\/yoast-seo-wordpress\/ -->\n<title>SOFT99 Ultra Glaco Rain Repellent - detailingclub.lv<\/title>\n<meta name=\"description\" content=\"Soft99 Ultra Glaco nodro\u0161ina hidrofobu stikla p\u0101rkl\u0101jumu ar ilgsto\u0161u efektu un uzlabotu redzam\u012bbu lietus laik\u0101.\" \/>\n<meta name=\"robots\" content=\"index, follow, max-snippet:-1, max-image-preview:large, max-video-preview:-1\" \/>\n<link rel=\"canonical\" href=\"https:\/\/detailingclub.lv\/ru\/product\/soft99-ultra-glaco-rain-repellent\/\" \/>\n<meta property=\"og:locale\" content=\"ru_RU\" \/>\n<meta property=\"og:type\" content=\"article\" \/>\n<meta property=\"og:title\" content=\"SOFT99 Ultra Glaco Rain Repellent - detailingclub.lv\" \/>\n<meta property=\"og:description\" content=\"Soft99 Ultra Glaco nodro\u0161ina hidrofobu stikla p\u0101rkl\u0101jumu ar ilgsto\u0161u efektu un uzlabotu redzam\u012bbu lietus laik\u0101.\" \/>\n<meta property=\"og:url\" content=\"https:\/\/detailingclub.lv\/ru\/product\/soft99-ultra-glaco-rain-repellent\/\" \/>\n<meta property=\"og:site_name\" content=\"detailingclub.lv\" \/>\n<meta property=\"article:modified_time\" content=\"2026-04-28T20:17:05+00:00\" \/>\n<meta name=\"twitter:card\" content=\"summary_large_image\" \/>\n<meta name=\"twitter:label1\" content=\"\u041f\u0440\u0438\u043c\u0435\u0440\u043d\u043e\u0435 \u0432\u0440\u0435\u043c\u044f \u0434\u043b\u044f \u0447\u0442\u0435\u043d\u0438\u044f\" \/>\n\t<meta name=\"twitter:data1\" content=\"1 \u043c\u0438\u043d\u0443\u0442\u0430\" \/>\n<script type=\"application\/ld+json\" class=\"yoast-schema-graph\">{\"@context\":\"https:\\\/\\\/schema.org\",\"@graph\":[{\"@type\":\"WebPage\",\"@id\":\"https:\\\/\\\/detailingclub.lv\\\/products\\\/soft99-ultra-glaco-rain-repellent\\\/\",\"url\":\"https:\\\/\\\/detailingclub.lv\\\/products\\\/soft99-ultra-glaco-rain-repellent\\\/\",\"name\":\"SOFT99 Ultra Glaco Rain Repellent - detailingclub.lv\",\"isPartOf\":{\"@id\":\"https:\\\/\\\/detailingclub.lv\\\/#website\"},\"primaryImageOfPage\":{\"@id\":\"https:\\\/\\\/detailingclub.lv\\\/products\\\/soft99-ultra-glaco-rain-repellent\\\/#primaryimage\"},\"image\":{\"@id\":\"https:\\\/\\\/detailingclub.lv\\\/products\\\/soft99-ultra-glaco-rain-repellent\\\/#primaryimage\"},\"thumbnailUrl\":\"https:\\\/\\\/detailingclub.lv\\\/wp-content\\\/uploads\\\/2026\\\/04\\\/ultra-glaco-01KPGGH6SS48N0EQ50AT7C5QM2.avif\",\"datePublished\":\"2026-04-28T20:16:31+00:00\",\"dateModified\":\"2026-04-28T20:17:05+00:00\",\"description\":\"Soft99 Ultra Glaco nodro\u0161ina hidrofobu stikla p\u0101rkl\u0101jumu ar ilgsto\u0161u efektu un uzlabotu redzam\u012bbu lietus laik\u0101.\",\"breadcrumb\":{\"@id\":\"https:\\\/\\\/detailingclub.lv\\\/products\\\/soft99-ultra-glaco-rain-repellent\\\/#breadcrumb\"},\"inLanguage\":\"ru-RU\",\"potentialAction\":[{\"@type\":\"ReadAction\",\"target\":[\"https:\\\/\\\/detailingclub.lv\\\/products\\\/soft99-ultra-glaco-rain-repellent\\\/\"]}]},{\"@type\":\"ImageObject\",\"inLanguage\":\"ru-RU\",\"@id\":\"https:\\\/\\\/detailingclub.lv\\\/products\\\/soft99-ultra-glaco-rain-repellent\\\/#primaryimage\",\"url\":\"https:\\\/\\\/detailingclub.lv\\\/wp-content\\\/uploads\\\/2026\\\/04\\\/ultra-glaco-01KPGGH6SS48N0EQ50AT7C5QM2.avif\",\"contentUrl\":\"https:\\\/\\\/detailingclub.lv\\\/wp-content\\\/uploads\\\/2026\\\/04\\\/ultra-glaco-01KPGGH6SS48N0EQ50AT7C5QM2.avif\",\"width\":640,\"height\":640},{\"@type\":\"BreadcrumbList\",\"@id\":\"https:\\\/\\\/detailingclub.lv\\\/products\\\/soft99-ultra-glaco-rain-repellent\\\/#breadcrumb\",\"itemListElement\":[{\"@type\":\"ListItem\",\"position\":1,\"name\":\"Home\",\"item\":\"https:\\\/\\\/detailingclub.lv\\\/\"},{\"@type\":\"ListItem\",\"position\":2,\"name\":\"VEIKALS\",\"item\":\"https:\\\/\\\/detailingclub.lv\\\/veikals\\\/\"},{\"@type\":\"ListItem\",\"position\":3,\"name\":\"SOFT99 Ultra Glaco Rain Repellent\"}]},{\"@type\":\"WebSite\",\"@id\":\"https:\\\/\\\/detailingclub.lv\\\/#website\",\"url\":\"https:\\\/\\\/detailingclub.lv\\\/\",\"name\":\"detailingclub.lv\",\"description\":\"\",\"publisher\":{\"@id\":\"https:\\\/\\\/detailingclub.lv\\\/#organization\"},\"potentialAction\":[{\"@type\":\"SearchAction\",\"target\":{\"@type\":\"EntryPoint\",\"urlTemplate\":\"https:\\\/\\\/detailingclub.lv\\\/?s={search_term_string}\"},\"query-input\":{\"@type\":\"PropertyValueSpecification\",\"valueRequired\":true,\"valueName\":\"search_term_string\"}}],\"inLanguage\":\"ru-RU\"},{\"@type\":\"Organization\",\"@id\":\"https:\\\/\\\/detailingclub.lv\\\/#organization\",\"name\":\"detailingclub.lv\",\"url\":\"https:\\\/\\\/detailingclub.lv\\\/\",\"logo\":{\"@type\":\"ImageObject\",\"inLanguage\":\"ru-RU\",\"@id\":\"https:\\\/\\\/detailingclub.lv\\\/#\\\/schema\\\/logo\\\/image\\\/\",\"url\":\"https:\\\/\\\/detailingclub.lv\\\/wp-content\\\/uploads\\\/2026\\\/05\\\/cropped-LOGO-\u0434\u043b\u0438\u043d\u043d\u043e\u0435-\u0431\u0435\u043b\u043e\u0435-\u0441-\u043d\u0430\u043a\u043b\u043e\u043d\u043e\u043c.png\",\"contentUrl\":\"https:\\\/\\\/detailingclub.lv\\\/wp-content\\\/uploads\\\/2026\\\/05\\\/cropped-LOGO-\u0434\u043b\u0438\u043d\u043d\u043e\u0435-\u0431\u0435\u043b\u043e\u0435-\u0441-\u043d\u0430\u043a\u043b\u043e\u043d\u043e\u043c.png\",\"width\":1140,\"height\":111,\"caption\":\"detailingclub.lv\"},\"image\":{\"@id\":\"https:\\\/\\\/detailingclub.lv\\\/#\\\/schema\\\/logo\\\/image\\\/\"}}]}<\/script>\n<!-- \/ Yoast SEO plugin. -->","yoast_head_json":{"title":"SOFT99 Ultra Glaco Rain Repellent - detailingclub.lv","description":"Soft99 Ultra Glaco nodro\u0161ina hidrofobu stikla p\u0101rkl\u0101jumu ar ilgsto\u0161u efektu un uzlabotu redzam\u012bbu lietus laik\u0101.","robots":{"index":"index","follow":"follow","max-snippet":"max-snippet:-1","max-image-preview":"max-image-preview:large","max-video-preview":"max-video-preview:-1"},"canonical":"https:\/\/detailingclub.lv\/ru\/product\/soft99-ultra-glaco-rain-repellent\/","og_locale":"ru_RU","og_type":"article","og_title":"SOFT99 Ultra Glaco Rain Repellent - detailingclub.lv","og_description":"Soft99 Ultra Glaco nodro\u0161ina hidrofobu stikla p\u0101rkl\u0101jumu ar ilgsto\u0161u efektu un uzlabotu redzam\u012bbu lietus laik\u0101.","og_url":"https:\/\/detailingclub.lv\/ru\/product\/soft99-ultra-glaco-rain-repellent\/","og_site_name":"detailingclub.lv","article_modified_time":"2026-04-28T20:17:05+00:00","twitter_card":"summary_large_image","twitter_misc":{"\u041f\u0440\u0438\u043c\u0435\u0440\u043d\u043e\u0435 \u0432\u0440\u0435\u043c\u044f \u0434\u043b\u044f \u0447\u0442\u0435\u043d\u0438\u044f":"1 \u043c\u0438\u043d\u0443\u0442\u0430"},"schema":{"@context":"https:\/\/schema.org","@graph":[{"@type":"WebPage","@id":"https:\/\/detailingclub.lv\/products\/soft99-ultra-glaco-rain-repellent\/","url":"https:\/\/detailingclub.lv\/products\/soft99-ultra-glaco-rain-repellent\/","name":"SOFT99 Ultra Glaco Rain Repellent - detailingclub.lv","isPartOf":{"@id":"https:\/\/detailingclub.lv\/#website"},"primaryImageOfPage":{"@id":"https:\/\/detailingclub.lv\/products\/soft99-ultra-glaco-rain-repellent\/#primaryimage"},"image":{"@id":"https:\/\/detailingclub.lv\/products\/soft99-ultra-glaco-rain-repellent\/#primaryimage"},"thumbnailUrl":"https:\/\/detailingclub.lv\/wp-content\/uploads\/2026\/04\/ultra-glaco-01KPGGH6SS48N0EQ50AT7C5QM2.avif","datePublished":"2026-04-28T20:16:31+00:00","dateModified":"2026-04-28T20:17:05+00:00","description":"Soft99 Ultra Glaco nodro\u0161ina hidrofobu stikla p\u0101rkl\u0101jumu ar ilgsto\u0161u efektu un uzlabotu redzam\u012bbu lietus laik\u0101.","breadcrumb":{"@id":"https:\/\/detailingclub.lv\/products\/soft99-ultra-glaco-rain-repellent\/#breadcrumb"},"inLanguage":"ru-RU","potentialAction":[{"@type":"ReadAction","target":["https:\/\/detailingclub.lv\/products\/soft99-ultra-glaco-rain-repellent\/"]}]},{"@type":"ImageObject","inLanguage":"ru-RU","@id":"https:\/\/detailingclub.lv\/products\/soft99-ultra-glaco-rain-repellent\/#primaryimage","url":"https:\/\/detailingclub.lv\/wp-content\/uploads\/2026\/04\/ultra-glaco-01KPGGH6SS48N0EQ50AT7C5QM2.avif","contentUrl":"https:\/\/detailingclub.lv\/wp-content\/uploads\/2026\/04\/ultra-glaco-01KPGGH6SS48N0EQ50AT7C5QM2.avif","width":640,"height":640},{"@type":"BreadcrumbList","@id":"https:\/\/detailingclub.lv\/products\/soft99-ultra-glaco-rain-repellent\/#breadcrumb","itemListElement":[{"@type":"ListItem","position":1,"name":"Home","item":"https:\/\/detailingclub.lv\/"},{"@type":"ListItem","position":2,"name":"VEIKALS","item":"https:\/\/detailingclub.lv\/veikals\/"},{"@type":"ListItem","position":3,"name":"SOFT99 Ultra Glaco Rain Repellent"}]},{"@type":"WebSite","@id":"https:\/\/detailingclub.lv\/#website","url":"https:\/\/detailingclub.lv\/","name":"detailingclub.lv","description":"","publisher":{"@id":"https:\/\/detailingclub.lv\/#organization"},"potentialAction":[{"@type":"SearchAction","target":{"@type":"EntryPoint","urlTemplate":"https:\/\/detailingclub.lv\/?s={search_term_string}"},"query-input":{"@type":"PropertyValueSpecification","valueRequired":true,"valueName":"search_term_string"}}],"inLanguage":"ru-RU"},{"@type":"Organization","@id":"https:\/\/detailingclub.lv\/#organization","name":"detailingclub.lv","url":"https:\/\/detailingclub.lv\/","logo":{"@type":"ImageObject","inLanguage":"ru-RU","@id":"https:\/\/detailingclub.lv\/#\/schema\/logo\/image\/","url":"https:\/\/detailingclub.lv\/wp-content\/uploads\/2026\/05\/cropped-LOGO-\u0434\u043b\u0438\u043d\u043d\u043e\u0435-\u0431\u0435\u043b\u043e\u0435-\u0441-\u043d\u0430\u043a\u043b\u043e\u043d\u043e\u043c.png","contentUrl":"https:\/\/detailingclub.lv\/wp-content\/uploads\/2026\/05\/cropped-LOGO-\u0434\u043b\u0438\u043d\u043d\u043e\u0435-\u0431\u0435\u043b\u043e\u0435-\u0441-\u043d\u0430\u043a\u043b\u043e\u043d\u043e\u043c.png","width":1140,"height":111,"caption":"detailingclub.lv"},"image":{"@id":"https:\/\/detailingclub.lv\/#\/schema\/logo\/image\/"}}]}},"jetpack_sharing_enabled":true,"_links":{"self":[{"href":"https:\/\/detailingclub.lv\/ru\/wp-json\/wp\/v2\/product\/5894","targetHints":{"allow":["GET"]}}],"collection":[{"href":"https:\/\/detailingclub.lv\/ru\/wp-json\/wp\/v2\/product"}],"about":[{"href":"https:\/\/detailingclub.lv\/ru\/wp-json\/wp\/v2\/types\/product"}],"replies":[{"embeddable":true,"href":"https:\/\/detailingclub.lv\/ru\/wp-json\/wp\/v2\/comments?post=5894"}],"wp:featuredmedia":[{"embeddable":true,"href":"https:\/\/detailingclub.lv\/ru\/wp-json\/wp\/v2\/media\/5889"}],"wp:attachment":[{"href":"https:\/\/detailingclub.lv\/ru\/wp-json\/wp\/v2\/media?parent=5894"}],"wp:term":[{"taxonomy":"product_brand","embeddable":true,"href":"https:\/\/detailingclub.lv\/ru\/wp-json\/wp\/v2\/product_brand?post=5894"},{"taxonomy":"product_cat","embeddable":true,"href":"https:\/\/detailingclub.lv\/ru\/wp-json\/wp\/v2\/product_cat?post=5894"},{"taxonomy":"product_tag","embeddable":true,"href":"https:\/\/detailingclub.lv\/ru\/wp-json\/wp\/v2\/product_tag?post=5894"}],"curies":[{"name":"wp","href":"https:\/\/api.w.org\/{rel}","templated":true}]}}