{"id":5888,"date":"2026-04-28T20:09:25","date_gmt":"2026-04-28T20:09:25","guid":{"rendered":"https:\/\/detailingclub.lv\/?post_type=product&#038;p=5888"},"modified":"2026-04-28T20:16:55","modified_gmt":"2026-04-28T20:16:55","slug":"soft99-glaco-glass-compound-roll-on-100ml","status":"publish","type":"product","link":"https:\/\/detailingclub.lv\/ru\/product\/soft99-glaco-glass-compound-roll-on-100ml\/","title":{"rendered":"Soft99 Glaco Glass Compound Roll On 100ml"},"content":{"rendered":"<p data-start=\"193\" data-end=\"340\">\u0160is produkts nav parasts stikla t\u012br\u012bt\u0101js. Tas ir <strong data-start=\"242\" data-end=\"283\">abraz\u012bvs stikla att\u012br\u012bt\u0101js (compound)<\/strong> \u2014 paredz\u0113ts dzi\u013cai t\u012br\u012b\u0161anai, nevis ikdienas mazg\u0101\u0161anai.<\/p>\n<hr data-start=\"342\" data-end=\"345\" \/>\n<h2 data-section-id=\"tstogu\" data-start=\"347\" data-end=\"370\"><span role=\"text\"><strong data-start=\"350\" data-end=\"370\">Kas tas \u012bsti ir:<\/strong><\/span><\/h2>\n<ul data-start=\"371\" data-end=\"576\">\n<li data-section-id=\"1p1ebrz\" data-start=\"371\" data-end=\"431\">Stikla <strong data-start=\"380\" data-end=\"429\">dzi\u013c\u0101s t\u012br\u012b\u0161anas l\u012bdzeklis ar abraz\u012bvu efektu<\/strong><\/li>\n<li data-section-id=\"1p5bkhj\" data-start=\"432\" data-end=\"576\">No\u0146em:\n<ul data-start=\"443\" data-end=\"576\">\n<li data-section-id=\"cy5n66\" data-start=\"443\" data-end=\"468\">\u016bdens traipus (ka\u013c\u0137i)<\/li>\n<li data-section-id=\"19oznz\" data-start=\"471\" data-end=\"486\">e\u013c\u013cas pl\u0113vi<\/li>\n<li data-section-id=\"1bmzurv\" data-start=\"489\" data-end=\"507\">ce\u013ca net\u012brumus<\/li>\n<li data-section-id=\"1stf0ps\" data-start=\"510\" data-end=\"576\">vecos stikla p\u0101rkl\u0101jumus<\/li>\n<\/ul>\n<\/li>\n<\/ul>\n<p data-start=\"578\" data-end=\"619\">\ud83d\udc49 Faktiski tas \u201creset\u0113\u201d stiklu uz nulli.<\/p>\n<hr data-start=\"621\" data-end=\"624\" \/>\n<h2 data-section-id=\"bjgfgb\" data-start=\"626\" data-end=\"654\"><span role=\"text\"><strong data-start=\"629\" data-end=\"654\">K\u0101p\u0113c tas ir svar\u012bgi:<\/strong><\/span><\/h2>\n<ul data-start=\"655\" data-end=\"867\">\n<li data-section-id=\"snztsg\" data-start=\"655\" data-end=\"743\">Sagatavo stiklu p\u0101rkl\u0101jumiem (piem\u0113ram, Glaco)<\/li>\n<li data-section-id=\"1r8mj29\" data-start=\"744\" data-end=\"770\">Uzlabo redzam\u012bbu liet\u016b<\/li>\n<li data-section-id=\"1947hn5\" data-start=\"771\" data-end=\"818\">No\u0146em to, ko parasts stikla t\u012br\u012bt\u0101js nesp\u0113j<\/li>\n<li data-section-id=\"1pay4g\" data-start=\"819\" data-end=\"867\">Atjauno stikla virsmu l\u012bdz ide\u0101lam st\u0101voklim<\/li>\n<\/ul>\n<hr data-start=\"869\" data-end=\"872\" \/>\n<h2 data-section-id=\"wghv7f\" data-start=\"874\" data-end=\"904\"><span role=\"text\"><strong data-start=\"877\" data-end=\"904\">Galven\u0101s priek\u0161roc\u012bbas:<\/strong><\/span><\/h2>\n<ul data-start=\"905\" data-end=\"1274\">\n<li data-section-id=\"1euof0m\" data-start=\"905\" data-end=\"1002\">Divu veidu abraz\u012bvi \u2192 efekt\u012bva, bet kontrol\u0113ta t\u012br\u012b\u0161ana<\/li>\n<li data-section-id=\"10n5a50\" data-start=\"1003\" data-end=\"1110\">Ieb\u016bv\u0113ts <strong data-start=\"1014\" data-end=\"1034\">filca aplikators<\/strong> \u2014 nav vajadz\u012bgi papildu instrumenti<\/li>\n<li data-section-id=\"1d8plig\" data-start=\"1111\" data-end=\"1147\">\u013bauj apstr\u0101d\u0101t lielu virsmu \u0101tri<\/li>\n<li data-section-id=\"izq6t3\" data-start=\"1148\" data-end=\"1228\">No\u0146em pat vecus hidrofobos p\u0101rkl\u0101jumus<\/li>\n<li data-section-id=\"14t4n0g\" data-start=\"1229\" data-end=\"1274\">Ide\u0101ls pirms stikla p\u0101rkl\u0101juma uzkl\u0101\u0161anas<\/li>\n<\/ul>\n<hr data-start=\"1276\" data-end=\"1279\" \/>\n<h2 data-section-id=\"1714jih\" data-start=\"1281\" data-end=\"1314\"><span role=\"text\">\u26a0\ufe0f <strong data-start=\"1287\" data-end=\"1314\">Svar\u012bgi (\u013coti b\u016btiski):<\/strong><\/span><\/h2>\n<ul data-start=\"1315\" data-end=\"1475\">\n<li data-section-id=\"1iz5h9b\" data-start=\"1315\" data-end=\"1354\">\u274c Nelietot uz kr\u0101sas vai plastmasas<\/li>\n<li data-section-id=\"kcnrtz\" data-start=\"1355\" data-end=\"1392\">\u274c Tas <strong data-start=\"1363\" data-end=\"1390\">nav skr\u0101p\u0113jumu no\u0146\u0113m\u0113js<\/strong><\/li>\n<li data-section-id=\"1sl1zzz\" data-start=\"1393\" data-end=\"1434\">\u274c Nelietot uz karsta stikla vai saul\u0113<\/li>\n<li data-section-id=\"w2p7g2\" data-start=\"1435\" data-end=\"1475\">\u2714 Tas ir tikai <strong data-start=\"1452\" data-end=\"1473\">stiklam (\u0101rpusei)<\/strong><\/li>\n<\/ul>\n<hr data-start=\"1477\" data-end=\"1480\" \/>\n<h2 data-section-id=\"1hj5o56\" data-start=\"1482\" data-end=\"1499\"><span role=\"text\"><strong data-start=\"1485\" data-end=\"1499\">K\u0101 lietot:<\/strong><\/span><\/h2>\n<ol data-start=\"1500\" data-end=\"1677\">\n<li data-section-id=\"4o1vpf\" data-start=\"1500\" data-end=\"1520\">Nomazg\u0101t stiklu<\/li>\n<li data-section-id=\"11442jd\" data-start=\"1521\" data-end=\"1541\">Sakrat\u012bt pudeli<\/li>\n<li data-section-id=\"cbzuij\" data-start=\"1542\" data-end=\"1573\">Ar aplikatoru pul\u0113t stiklu<\/li>\n<li data-section-id=\"szdemd\" data-start=\"1574\" data-end=\"1616\">Str\u0101d\u0101t l\u012bdz paz\u016bd hidrofobais efekts<\/li>\n<li data-section-id=\"eu5p4i\" data-start=\"1617\" data-end=\"1677\">Noskalot ar \u016bdeni<\/li>\n<\/ol>\n<hr data-start=\"1679\" data-end=\"1682\" \/>\n<h2 data-section-id=\"1w3bgym\" data-start=\"1684\" data-end=\"1702\"><span role=\"text\"><strong data-start=\"1687\" data-end=\"1702\">Kad lietot:<\/strong><\/span><\/h2>\n<ul data-start=\"1703\" data-end=\"1833\">\n<li data-section-id=\"1wrrq1l\" data-start=\"1703\" data-end=\"1745\">Pirms \u201canti-rain\u201d vai Glaco p\u0101rkl\u0101juma<\/li>\n<li data-section-id=\"1ejeygg\" data-start=\"1746\" data-end=\"1780\">Ja stikls \u201cneuz\u0146em\u201d p\u0101rkl\u0101jumu<\/li>\n<li data-section-id=\"7va80q\" data-start=\"1781\" data-end=\"1813\">Ja ir \u016bdens traipi vai pl\u0113ve<\/li>\n<li data-section-id=\"1ky8i6h\" data-start=\"1814\" data-end=\"1833\">1\u20132 reizes gad\u0101<\/li>\n<\/ul>","protected":false},"excerpt":{"rendered":"<div id=\"product-info\">\n<div class=\"flex flex-col gap-y-4 md:max-w-[500px] mx-auto\">\n<h2 class=\"text-3xl leading-10 font-semibold uppercase\">SOFT99 Glaco Glass Compound Roll On stiklu t\u012br\u012bt\u0101js<\/h2>\n<\/div>\n<\/div>\n<div class=\"w-full\">\n<div class=\"w-full\" data-orientation=\"vertical\">\n<div class=\"border-b border-black\/15 px-1 last:border-b-0\" data-state=\"open\" data-orientation=\"vertical\">\n<h3 class=\"flex\" data-orientation=\"vertical\" data-state=\"open\"><\/h3>\n<\/div>\n<\/div>\n<\/div>\n","protected":false},"featured_media":5892,"comment_status":"open","ping_status":"closed","template":"","meta":{"site-sidebar-layout":"default","site-content-layout":"","ast-site-content-layout":"default","site-content-style":"default","site-sidebar-style":"default","ast-global-header-display":"","ast-banner-title-visibility":"","ast-main-header-display":"","ast-hfb-above-header-display":"","ast-hfb-below-header-display":"","ast-hfb-mobile-header-display":"","site-post-title":"","ast-breadcrumbs-content":"","ast-featured-img":"","footer-sml-layout":"","ast-disable-related-posts":"","theme-transparent-header-meta":"default","adv-header-id-meta":"","stick-header-meta":"","header-above-stick-meta":"","header-main-stick-meta":"","header-below-stick-meta":"","astra-migrate-meta-layouts":"set","ast-page-background-enabled":"default","ast-page-background-meta":{"desktop":{"background-color":"var(--ast-global-color-5)","background-image":"","background-repeat":"repeat","background-position":"center center","background-size":"auto","background-attachment":"scroll","background-type":"","background-media":"","overlay-type":"","overlay-color":"","overlay-opacity":"","overlay-gradient":""},"tablet":{"background-color":"","background-image":"","background-repeat":"repeat","background-position":"center center","background-size":"auto","background-attachment":"scroll","background-type":"","background-media":"","overlay-type":"","overlay-color":"","overlay-opacity":"","overlay-gradient":""},"mobile":{"background-color":"","background-image":"","background-repeat":"repeat","background-position":"center center","background-size":"auto","background-attachment":"scroll","background-type":"","background-media":"","overlay-type":"","overlay-color":"","overlay-opacity":"","overlay-gradient":""}},"ast-content-background-meta":{"desktop":{"background-color":"var(--ast-global-color-4)","background-image":"","background-repeat":"repeat","background-position":"center center","background-size":"auto","background-attachment":"scroll","background-type":"","background-media":"","overlay-type":"","overlay-color":"","overlay-opacity":"","overlay-gradient":""},"tablet":{"background-color":"var(--ast-global-color-4)","background-image":"","background-repeat":"repeat","background-position":"center center","background-size":"auto","background-attachment":"scroll","background-type":"","background-media":"","overlay-type":"","overlay-color":"","overlay-opacity":"","overlay-gradient":""},"mobile":{"background-color":"var(--ast-global-color-4)","background-image":"","background-repeat":"repeat","background-position":"center center","background-size":"auto","background-attachment":"scroll","background-type":"","background-media":"","overlay-type":"","overlay-color":"","overlay-opacity":"","overlay-gradient":""}}},"product_brand":[100],"product_cat":[63],"product_tag":[],"class_list":{"0":"post-5888","1":"product","2":"type-product","3":"status-publish","4":"has-post-thumbnail","6":"product_brand-soft99","7":"product_cat-stiklu-tirisanas-lidzekli","8":"pa_tilpums-100-ml","9":"pa_zimols-soft99","10":"desktop-align-left","11":"tablet-align-left","12":"mobile-align-left","14":"first","15":"instock","16":"taxable","17":"shipping-taxable","18":"purchasable","19":"product-type-simple"},"yoast_head":"<!-- This site is optimized with the Yoast SEO plugin v27.4 - https:\/\/yoast.com\/product\/yoast-seo-wordpress\/ -->\n<title>Soft99 Glaco Glass Compound Roll On 100ml - detailingclub.lv<\/title>\n<meta name=\"description\" content=\"Soft99 Glaco Glass Compound Roll On 100ml no\u0146em \u016bdens traipus un vecos p\u0101rkl\u0101jumus, sagatavo stiklu hidrofobiem p\u0101rkl\u0101jumiem un uzlabo redzam\u012bbu.\" \/>\n<meta name=\"robots\" content=\"index, follow, max-snippet:-1, max-image-preview:large, max-video-preview:-1\" \/>\n<link rel=\"canonical\" href=\"https:\/\/detailingclub.lv\/ru\/product\/soft99-glaco-glass-compound-roll-on-100ml\/\" \/>\n<meta property=\"og:locale\" content=\"ru_RU\" \/>\n<meta property=\"og:type\" content=\"article\" \/>\n<meta property=\"og:title\" content=\"Soft99 Glaco Glass Compound Roll On 100ml - detailingclub.lv\" \/>\n<meta property=\"og:description\" content=\"Soft99 Glaco Glass Compound Roll On 100ml no\u0146em \u016bdens traipus un vecos p\u0101rkl\u0101jumus, sagatavo stiklu hidrofobiem p\u0101rkl\u0101jumiem un uzlabo redzam\u012bbu.\" \/>\n<meta property=\"og:url\" content=\"https:\/\/detailingclub.lv\/ru\/product\/soft99-glaco-glass-compound-roll-on-100ml\/\" \/>\n<meta property=\"og:site_name\" content=\"detailingclub.lv\" \/>\n<meta property=\"article:modified_time\" content=\"2026-04-28T20:16:55+00:00\" \/>\n<meta name=\"twitter:card\" content=\"summary_large_image\" \/>\n<meta name=\"twitter:label1\" content=\"\u041f\u0440\u0438\u043c\u0435\u0440\u043d\u043e\u0435 \u0432\u0440\u0435\u043c\u044f \u0434\u043b\u044f \u0447\u0442\u0435\u043d\u0438\u044f\" \/>\n\t<meta name=\"twitter:data1\" content=\"2 \u043c\u0438\u043d\u0443\u0442\u044b\" \/>\n<script type=\"application\/ld+json\" class=\"yoast-schema-graph\">{\"@context\":\"https:\\\/\\\/schema.org\",\"@graph\":[{\"@type\":\"WebPage\",\"@id\":\"https:\\\/\\\/detailingclub.lv\\\/products\\\/soft99-glaco-glass-compound-roll-on-100ml\\\/\",\"url\":\"https:\\\/\\\/detailingclub.lv\\\/products\\\/soft99-glaco-glass-compound-roll-on-100ml\\\/\",\"name\":\"Soft99 Glaco Glass Compound Roll On 100ml - detailingclub.lv\",\"isPartOf\":{\"@id\":\"https:\\\/\\\/detailingclub.lv\\\/#website\"},\"primaryImageOfPage\":{\"@id\":\"https:\\\/\\\/detailingclub.lv\\\/products\\\/soft99-glaco-glass-compound-roll-on-100ml\\\/#primaryimage\"},\"image\":{\"@id\":\"https:\\\/\\\/detailingclub.lv\\\/products\\\/soft99-glaco-glass-compound-roll-on-100ml\\\/#primaryimage\"},\"thumbnailUrl\":\"https:\\\/\\\/detailingclub.lv\\\/wp-content\\\/uploads\\\/2026\\\/04\\\/glaco-glass-compound-roll-on-01KPGGHADRRTTRR07TC63VRS61.avif\",\"datePublished\":\"2026-04-28T20:09:25+00:00\",\"dateModified\":\"2026-04-28T20:16:55+00:00\",\"description\":\"Soft99 Glaco Glass Compound Roll On 100ml no\u0146em \u016bdens traipus un vecos p\u0101rkl\u0101jumus, sagatavo stiklu hidrofobiem p\u0101rkl\u0101jumiem un uzlabo redzam\u012bbu.\",\"breadcrumb\":{\"@id\":\"https:\\\/\\\/detailingclub.lv\\\/products\\\/soft99-glaco-glass-compound-roll-on-100ml\\\/#breadcrumb\"},\"inLanguage\":\"ru-RU\",\"potentialAction\":[{\"@type\":\"ReadAction\",\"target\":[\"https:\\\/\\\/detailingclub.lv\\\/products\\\/soft99-glaco-glass-compound-roll-on-100ml\\\/\"]}]},{\"@type\":\"ImageObject\",\"inLanguage\":\"ru-RU\",\"@id\":\"https:\\\/\\\/detailingclub.lv\\\/products\\\/soft99-glaco-glass-compound-roll-on-100ml\\\/#primaryimage\",\"url\":\"https:\\\/\\\/detailingclub.lv\\\/wp-content\\\/uploads\\\/2026\\\/04\\\/glaco-glass-compound-roll-on-01KPGGHADRRTTRR07TC63VRS61.avif\",\"contentUrl\":\"https:\\\/\\\/detailingclub.lv\\\/wp-content\\\/uploads\\\/2026\\\/04\\\/glaco-glass-compound-roll-on-01KPGGHADRRTTRR07TC63VRS61.avif\",\"width\":640,\"height\":640},{\"@type\":\"BreadcrumbList\",\"@id\":\"https:\\\/\\\/detailingclub.lv\\\/products\\\/soft99-glaco-glass-compound-roll-on-100ml\\\/#breadcrumb\",\"itemListElement\":[{\"@type\":\"ListItem\",\"position\":1,\"name\":\"Home\",\"item\":\"https:\\\/\\\/detailingclub.lv\\\/\"},{\"@type\":\"ListItem\",\"position\":2,\"name\":\"VEIKALS\",\"item\":\"https:\\\/\\\/detailingclub.lv\\\/veikals\\\/\"},{\"@type\":\"ListItem\",\"position\":3,\"name\":\"Soft99 Glaco Glass Compound Roll On 100ml\"}]},{\"@type\":\"WebSite\",\"@id\":\"https:\\\/\\\/detailingclub.lv\\\/#website\",\"url\":\"https:\\\/\\\/detailingclub.lv\\\/\",\"name\":\"detailingclub.lv\",\"description\":\"\",\"publisher\":{\"@id\":\"https:\\\/\\\/detailingclub.lv\\\/#organization\"},\"potentialAction\":[{\"@type\":\"SearchAction\",\"target\":{\"@type\":\"EntryPoint\",\"urlTemplate\":\"https:\\\/\\\/detailingclub.lv\\\/?s={search_term_string}\"},\"query-input\":{\"@type\":\"PropertyValueSpecification\",\"valueRequired\":true,\"valueName\":\"search_term_string\"}}],\"inLanguage\":\"ru-RU\"},{\"@type\":\"Organization\",\"@id\":\"https:\\\/\\\/detailingclub.lv\\\/#organization\",\"name\":\"detailingclub.lv\",\"url\":\"https:\\\/\\\/detailingclub.lv\\\/\",\"logo\":{\"@type\":\"ImageObject\",\"inLanguage\":\"ru-RU\",\"@id\":\"https:\\\/\\\/detailingclub.lv\\\/#\\\/schema\\\/logo\\\/image\\\/\",\"url\":\"https:\\\/\\\/detailingclub.lv\\\/wp-content\\\/uploads\\\/2026\\\/05\\\/cropped-LOGO-\u0434\u043b\u0438\u043d\u043d\u043e\u0435-\u0431\u0435\u043b\u043e\u0435-\u0441-\u043d\u0430\u043a\u043b\u043e\u043d\u043e\u043c.png\",\"contentUrl\":\"https:\\\/\\\/detailingclub.lv\\\/wp-content\\\/uploads\\\/2026\\\/05\\\/cropped-LOGO-\u0434\u043b\u0438\u043d\u043d\u043e\u0435-\u0431\u0435\u043b\u043e\u0435-\u0441-\u043d\u0430\u043a\u043b\u043e\u043d\u043e\u043c.png\",\"width\":1140,\"height\":111,\"caption\":\"detailingclub.lv\"},\"image\":{\"@id\":\"https:\\\/\\\/detailingclub.lv\\\/#\\\/schema\\\/logo\\\/image\\\/\"}}]}<\/script>\n<!-- \/ Yoast SEO plugin. -->","yoast_head_json":{"title":"Soft99 Glaco Glass Compound Roll On 100ml - detailingclub.lv","description":"Soft99 Glaco Glass Compound Roll On 100ml no\u0146em \u016bdens traipus un vecos p\u0101rkl\u0101jumus, sagatavo stiklu hidrofobiem p\u0101rkl\u0101jumiem un uzlabo redzam\u012bbu.","robots":{"index":"index","follow":"follow","max-snippet":"max-snippet:-1","max-image-preview":"max-image-preview:large","max-video-preview":"max-video-preview:-1"},"canonical":"https:\/\/detailingclub.lv\/ru\/product\/soft99-glaco-glass-compound-roll-on-100ml\/","og_locale":"ru_RU","og_type":"article","og_title":"Soft99 Glaco Glass Compound Roll On 100ml - detailingclub.lv","og_description":"Soft99 Glaco Glass Compound Roll On 100ml no\u0146em \u016bdens traipus un vecos p\u0101rkl\u0101jumus, sagatavo stiklu hidrofobiem p\u0101rkl\u0101jumiem un uzlabo redzam\u012bbu.","og_url":"https:\/\/detailingclub.lv\/ru\/product\/soft99-glaco-glass-compound-roll-on-100ml\/","og_site_name":"detailingclub.lv","article_modified_time":"2026-04-28T20:16:55+00:00","twitter_card":"summary_large_image","twitter_misc":{"\u041f\u0440\u0438\u043c\u0435\u0440\u043d\u043e\u0435 \u0432\u0440\u0435\u043c\u044f \u0434\u043b\u044f \u0447\u0442\u0435\u043d\u0438\u044f":"2 \u043c\u0438\u043d\u0443\u0442\u044b"},"schema":{"@context":"https:\/\/schema.org","@graph":[{"@type":"WebPage","@id":"https:\/\/detailingclub.lv\/products\/soft99-glaco-glass-compound-roll-on-100ml\/","url":"https:\/\/detailingclub.lv\/products\/soft99-glaco-glass-compound-roll-on-100ml\/","name":"Soft99 Glaco Glass Compound Roll On 100ml - detailingclub.lv","isPartOf":{"@id":"https:\/\/detailingclub.lv\/#website"},"primaryImageOfPage":{"@id":"https:\/\/detailingclub.lv\/products\/soft99-glaco-glass-compound-roll-on-100ml\/#primaryimage"},"image":{"@id":"https:\/\/detailingclub.lv\/products\/soft99-glaco-glass-compound-roll-on-100ml\/#primaryimage"},"thumbnailUrl":"https:\/\/detailingclub.lv\/wp-content\/uploads\/2026\/04\/glaco-glass-compound-roll-on-01KPGGHADRRTTRR07TC63VRS61.avif","datePublished":"2026-04-28T20:09:25+00:00","dateModified":"2026-04-28T20:16:55+00:00","description":"Soft99 Glaco Glass Compound Roll On 100ml no\u0146em \u016bdens traipus un vecos p\u0101rkl\u0101jumus, sagatavo stiklu hidrofobiem p\u0101rkl\u0101jumiem un uzlabo redzam\u012bbu.","breadcrumb":{"@id":"https:\/\/detailingclub.lv\/products\/soft99-glaco-glass-compound-roll-on-100ml\/#breadcrumb"},"inLanguage":"ru-RU","potentialAction":[{"@type":"ReadAction","target":["https:\/\/detailingclub.lv\/products\/soft99-glaco-glass-compound-roll-on-100ml\/"]}]},{"@type":"ImageObject","inLanguage":"ru-RU","@id":"https:\/\/detailingclub.lv\/products\/soft99-glaco-glass-compound-roll-on-100ml\/#primaryimage","url":"https:\/\/detailingclub.lv\/wp-content\/uploads\/2026\/04\/glaco-glass-compound-roll-on-01KPGGHADRRTTRR07TC63VRS61.avif","contentUrl":"https:\/\/detailingclub.lv\/wp-content\/uploads\/2026\/04\/glaco-glass-compound-roll-on-01KPGGHADRRTTRR07TC63VRS61.avif","width":640,"height":640},{"@type":"BreadcrumbList","@id":"https:\/\/detailingclub.lv\/products\/soft99-glaco-glass-compound-roll-on-100ml\/#breadcrumb","itemListElement":[{"@type":"ListItem","position":1,"name":"Home","item":"https:\/\/detailingclub.lv\/"},{"@type":"ListItem","position":2,"name":"VEIKALS","item":"https:\/\/detailingclub.lv\/veikals\/"},{"@type":"ListItem","position":3,"name":"Soft99 Glaco Glass Compound Roll On 100ml"}]},{"@type":"WebSite","@id":"https:\/\/detailingclub.lv\/#website","url":"https:\/\/detailingclub.lv\/","name":"detailingclub.lv","description":"","publisher":{"@id":"https:\/\/detailingclub.lv\/#organization"},"potentialAction":[{"@type":"SearchAction","target":{"@type":"EntryPoint","urlTemplate":"https:\/\/detailingclub.lv\/?s={search_term_string}"},"query-input":{"@type":"PropertyValueSpecification","valueRequired":true,"valueName":"search_term_string"}}],"inLanguage":"ru-RU"},{"@type":"Organization","@id":"https:\/\/detailingclub.lv\/#organization","name":"detailingclub.lv","url":"https:\/\/detailingclub.lv\/","logo":{"@type":"ImageObject","inLanguage":"ru-RU","@id":"https:\/\/detailingclub.lv\/#\/schema\/logo\/image\/","url":"https:\/\/detailingclub.lv\/wp-content\/uploads\/2026\/05\/cropped-LOGO-\u0434\u043b\u0438\u043d\u043d\u043e\u0435-\u0431\u0435\u043b\u043e\u0435-\u0441-\u043d\u0430\u043a\u043b\u043e\u043d\u043e\u043c.png","contentUrl":"https:\/\/detailingclub.lv\/wp-content\/uploads\/2026\/05\/cropped-LOGO-\u0434\u043b\u0438\u043d\u043d\u043e\u0435-\u0431\u0435\u043b\u043e\u0435-\u0441-\u043d\u0430\u043a\u043b\u043e\u043d\u043e\u043c.png","width":1140,"height":111,"caption":"detailingclub.lv"},"image":{"@id":"https:\/\/detailingclub.lv\/#\/schema\/logo\/image\/"}}]}},"jetpack_sharing_enabled":true,"_links":{"self":[{"href":"https:\/\/detailingclub.lv\/ru\/wp-json\/wp\/v2\/product\/5888","targetHints":{"allow":["GET"]}}],"collection":[{"href":"https:\/\/detailingclub.lv\/ru\/wp-json\/wp\/v2\/product"}],"about":[{"href":"https:\/\/detailingclub.lv\/ru\/wp-json\/wp\/v2\/types\/product"}],"replies":[{"embeddable":true,"href":"https:\/\/detailingclub.lv\/ru\/wp-json\/wp\/v2\/comments?post=5888"}],"wp:featuredmedia":[{"embeddable":true,"href":"https:\/\/detailingclub.lv\/ru\/wp-json\/wp\/v2\/media\/5892"}],"wp:attachment":[{"href":"https:\/\/detailingclub.lv\/ru\/wp-json\/wp\/v2\/media?parent=5888"}],"wp:term":[{"taxonomy":"product_brand","embeddable":true,"href":"https:\/\/detailingclub.lv\/ru\/wp-json\/wp\/v2\/product_brand?post=5888"},{"taxonomy":"product_cat","embeddable":true,"href":"https:\/\/detailingclub.lv\/ru\/wp-json\/wp\/v2\/product_cat?post=5888"},{"taxonomy":"product_tag","embeddable":true,"href":"https:\/\/detailingclub.lv\/ru\/wp-json\/wp\/v2\/product_tag?post=5888"}],"curies":[{"name":"wp","href":"https:\/\/api.w.org\/{rel}","templated":true}]}}