{"id":5885,"date":"2026-04-28T20:03:40","date_gmt":"2026-04-28T20:03:40","guid":{"rendered":"https:\/\/detailingclub.lv\/?post_type=product&#038;p=5885"},"modified":"2026-04-28T20:03:40","modified_gmt":"2026-04-28T20:03:40","slug":"soft99-rain-drop-parklajums","status":"publish","type":"product","link":"https:\/\/detailingclub.lv\/ru\/product\/soft99-rain-drop-parklajums\/","title":{"rendered":"SOFT99 Rain Drop p\u0101rkl\u0101jums"},"content":{"rendered":"<p data-start=\"129\" data-end=\"311\">\u0160is produkts nav klasisks vasks un nav ar\u012b pilnv\u0113rt\u012bga keramika. Tas ir <strong data-start=\"201\" data-end=\"243\">quick detailer + spray sealant hibr\u012bds<\/strong>, kura galvenais m\u0113r\u0137is \u2014 <strong data-start=\"269\" data-end=\"310\">maksim\u0101ls rezult\u0101ts ar minim\u0101lu laiku<\/strong>.<\/p>\n<hr data-start=\"313\" data-end=\"316\" \/>\n<h2 data-section-id=\"tstogu\" data-start=\"318\" data-end=\"341\"><span role=\"text\"><strong data-start=\"321\" data-end=\"341\">Kas tas \u012bsti ir:<\/strong><\/span><\/h2>\n<ul data-start=\"342\" data-end=\"643\">\n<li data-section-id=\"pdsnlm\" data-start=\"342\" data-end=\"459\">Univers\u0101ls <strong data-start=\"355\" data-end=\"376\">5-in-1 p\u0101rkl\u0101jums<\/strong> (kr\u0101sa, stikls, plastmasa, hroms, lukturi)<\/li>\n<li data-section-id=\"1co9bn4\" data-start=\"460\" data-end=\"555\">Uzkl\u0101jams <strong data-start=\"472\" data-end=\"515\">uz mitras virsmas uzreiz p\u0113c mazg\u0101\u0161anas<\/strong><\/li>\n<li data-section-id=\"14i2uwa\" data-start=\"556\" data-end=\"643\">Str\u0101d\u0101 k\u0101:\n<ul data-start=\"571\" data-end=\"643\">\n<li data-section-id=\"3nj59m\" data-start=\"571\" data-end=\"591\">\u0101tra aizsardz\u012bba<\/li>\n<li data-section-id=\"3b72lm\" data-start=\"594\" data-end=\"620\">sp\u012bduma pastiprin\u0101t\u0101js<\/li>\n<li data-section-id=\"7rpowc\" data-start=\"623\" data-end=\"643\">\u017e\u0101v\u0113\u0161anas pal\u012bgs<\/li>\n<\/ul>\n<\/li>\n<\/ul>\n<hr data-start=\"645\" data-end=\"648\" \/>\n<h2 data-section-id=\"13zwoam\" data-start=\"650\" data-end=\"679\"><span role=\"text\"><strong data-start=\"653\" data-end=\"679\">K\u0101p\u0113c tas ir popul\u0101rs:<\/strong><\/span><\/h2>\n<ul data-start=\"680\" data-end=\"1010\">\n<li data-section-id=\"g3qq3q\" data-start=\"680\" data-end=\"783\"><strong data-start=\"682\" data-end=\"705\">\u013boti \u0101tra uzkl\u0101\u0161ana<\/strong> \u2014 var p\u0101rkl\u0101t visu auto p\u0101ris min\u016bt\u0113s<\/li>\n<li data-section-id=\"qzi14u\" data-start=\"784\" data-end=\"864\">Sp\u0113c\u012bgs hidrofobs efekts (\u016bdens notek)<\/li>\n<li data-section-id=\"e2na7o\" data-start=\"865\" data-end=\"956\">Var lietot uz <strong data-start=\"881\" data-end=\"916\">vis\u0101m \u0101r\u0113j\u0101m virsm\u0101m vienlaikus<\/strong><\/li>\n<li data-section-id=\"cderon\" data-start=\"957\" data-end=\"1010\">Nav j\u0101dom\u0101 par da\u017e\u0101diem produktiem katrai deta\u013cai<\/li>\n<\/ul>\n<hr data-start=\"1012\" data-end=\"1015\" \/>\n<h2 data-section-id=\"o6qgz7\" data-start=\"1017\" data-end=\"1045\"><span role=\"text\"><strong data-start=\"1020\" data-end=\"1045\">Aizsardz\u012bbas l\u012bmenis:<\/strong><\/span><\/h2>\n<ul data-start=\"1046\" data-end=\"1187\">\n<li data-section-id=\"5itvgc\" data-start=\"1046\" data-end=\"1105\">Kr\u0101sai: ~3 m\u0113ne\u0161i<\/li>\n<li data-section-id=\"1i6t2bt\" data-start=\"1106\" data-end=\"1187\">Stiklam: ~2 m\u0113ne\u0161i (k\u0101 \u201clietus efekts\u201d)<\/li>\n<\/ul>\n<p data-start=\"1189\" data-end=\"1242\">\ud83d\udc49 Tas nav Fusso l\u012bmenis, bet daudz \u0101tr\u0101ks un \u0113rt\u0101ks.<\/p>\n<hr data-start=\"1244\" data-end=\"1247\" \/>\n<h2 data-section-id=\"wghv7f\" data-start=\"1249\" data-end=\"1279\"><span role=\"text\"><strong data-start=\"1252\" data-end=\"1279\">Galven\u0101s priek\u0161roc\u012bbas:<\/strong><\/span><\/h2>\n<ul data-start=\"1280\" data-end=\"1491\">\n<li data-section-id=\"1gwi5ce\" data-start=\"1280\" data-end=\"1321\">Vienk\u0101r\u0161\u0101k\u0101 uzkl\u0101\u0161ana sav\u0101 kategorij\u0101<\/li>\n<li data-section-id=\"1yp8gw0\" data-start=\"1322\" data-end=\"1370\">\u201cAll-in-one\u201d produkts (nav j\u0101maina l\u012bdzek\u013ci)<\/li>\n<li data-section-id=\"6emzoi\" data-start=\"1371\" data-end=\"1407\">Uzlabo sp\u012bdumu un kr\u0101sas dzi\u013cumu<\/li>\n<li data-section-id=\"cuh3eb\" data-start=\"1408\" data-end=\"1440\">Samazina net\u012brumu pielip\u0161anu<\/li>\n<li data-section-id=\"bxcr2s\" data-start=\"1441\" data-end=\"1491\">Var izmantot k\u0101 booster uz vaska vai keramikas<\/li>\n<\/ul>\n<hr data-start=\"1493\" data-end=\"1496\" \/>\n<h2 data-section-id=\"1580lbl\" data-start=\"1498\" data-end=\"1524\"><span role=\"text\">\u26a0\ufe0f <strong data-start=\"1504\" data-end=\"1524\">Svar\u012bgi (re\u0101li):<\/strong><\/span><\/h2>\n<ul data-start=\"1525\" data-end=\"1665\">\n<li data-section-id=\"1drw8ju\" data-start=\"1525\" data-end=\"1573\">\u274c Nav ilgtermi\u0146a p\u0101rkl\u0101jums (ne 6\u201312 m\u0113ne\u0161i)<\/li>\n<li data-section-id=\"zvlwi\" data-start=\"1574\" data-end=\"1615\">\u274c Nepiedod k\u013c\u016bdas \u2014 j\u0101noslauka uzreiz<\/li>\n<li data-section-id=\"pzmpsa\" data-start=\"1616\" data-end=\"1665\">\u2714 Ide\u0101ls k\u0101 <strong data-start=\"1630\" data-end=\"1663\">regul\u0101rs uztur\u0113\u0161anas produkts<\/strong><\/li>\n<\/ul>\n<hr data-start=\"1667\" data-end=\"1670\" \/>\n<h2 data-section-id=\"1hj5o56\" data-start=\"1672\" data-end=\"1689\"><span role=\"text\"><strong data-start=\"1675\" data-end=\"1689\">K\u0101 lietot:<\/strong><\/span><\/h2>\n<ol data-start=\"1690\" data-end=\"1800\">\n<li data-section-id=\"1rws9bk\" data-start=\"1690\" data-end=\"1708\">Nomazg\u0101t auto<\/li>\n<li data-section-id=\"enwy8j\" data-start=\"1709\" data-end=\"1747\">Uzsmidzin\u0101t uz <strong data-start=\"1727\" data-end=\"1745\">mitras virsmas<\/strong><\/li>\n<li data-section-id=\"recz4\" data-start=\"1748\" data-end=\"1785\">Uzreiz izklied\u0113t ar mikro\u0161\u0137iedru<\/li>\n<li data-section-id=\"uanbh5\" data-start=\"1786\" data-end=\"1800\">Nosusin\u0101t<\/li>\n<\/ol>\n<hr data-start=\"1802\" data-end=\"1805\" \/>\n<h2 data-section-id=\"1w3bgym\" data-start=\"1807\" data-end=\"1825\"><span role=\"text\"><strong data-start=\"1810\" data-end=\"1825\">Kad lietot:<\/strong><\/span><\/h2>\n<ul data-start=\"1826\" data-end=\"1949\">\n<li data-section-id=\"ekuyfu\" data-start=\"1826\" data-end=\"1851\">P\u0113c katras mazg\u0101\u0161anas<\/li>\n<li data-section-id=\"18v91sw\" data-start=\"1852\" data-end=\"1875\">K\u0101 \u0101tru aizsardz\u012bbu<\/li>\n<li data-section-id=\"178geig\" data-start=\"1876\" data-end=\"1911\">K\u0101 \u201ctop-up\u201d Fusso vai keramikai<\/li>\n<li data-section-id=\"6ckucx\" data-start=\"1912\" data-end=\"1949\">Ja negribi t\u0113r\u0113t laiku vasko\u0161anai<\/li>\n<\/ul>","protected":false},"excerpt":{"rendered":"<div id=\"product-info\">\n<div class=\"flex flex-col gap-y-4 md:max-w-[500px] mx-auto\">\n<h2 class=\"text-3xl leading-10 font-semibold uppercase\">SOFT99 Rain Drop p\u0101rkl\u0101jums<\/h2>\n<\/div>\n<\/div>\n<div class=\"w-full\">\n<div class=\"w-full\" data-orientation=\"vertical\">\n<div class=\"border-b border-black\/15 px-1 last:border-b-0\" data-state=\"open\" data-orientation=\"vertical\">\n<h3 class=\"flex\" data-orientation=\"vertical\" data-state=\"open\"><\/h3>\n<\/div>\n<\/div>\n<\/div>\n","protected":false},"featured_media":5886,"comment_status":"open","ping_status":"closed","template":"","meta":{"site-sidebar-layout":"default","site-content-layout":"","ast-site-content-layout":"default","site-content-style":"default","site-sidebar-style":"default","ast-global-header-display":"","ast-banner-title-visibility":"","ast-main-header-display":"","ast-hfb-above-header-display":"","ast-hfb-below-header-display":"","ast-hfb-mobile-header-display":"","site-post-title":"","ast-breadcrumbs-content":"","ast-featured-img":"","footer-sml-layout":"","ast-disable-related-posts":"","theme-transparent-header-meta":"default","adv-header-id-meta":"","stick-header-meta":"","header-above-stick-meta":"","header-main-stick-meta":"","header-below-stick-meta":"","astra-migrate-meta-layouts":"set","ast-page-background-enabled":"default","ast-page-background-meta":{"desktop":{"background-color":"var(--ast-global-color-5)","background-image":"","background-repeat":"repeat","background-position":"center center","background-size":"auto","background-attachment":"scroll","background-type":"","background-media":"","overlay-type":"","overlay-color":"","overlay-opacity":"","overlay-gradient":""},"tablet":{"background-color":"","background-image":"","background-repeat":"repeat","background-position":"center center","background-size":"auto","background-attachment":"scroll","background-type":"","background-media":"","overlay-type":"","overlay-color":"","overlay-opacity":"","overlay-gradient":""},"mobile":{"background-color":"","background-image":"","background-repeat":"repeat","background-position":"center center","background-size":"auto","background-attachment":"scroll","background-type":"","background-media":"","overlay-type":"","overlay-color":"","overlay-opacity":"","overlay-gradient":""}},"ast-content-background-meta":{"desktop":{"background-color":"var(--ast-global-color-4)","background-image":"","background-repeat":"repeat","background-position":"center center","background-size":"auto","background-attachment":"scroll","background-type":"","background-media":"","overlay-type":"","overlay-color":"","overlay-opacity":"","overlay-gradient":""},"tablet":{"background-color":"var(--ast-global-color-4)","background-image":"","background-repeat":"repeat","background-position":"center center","background-size":"auto","background-attachment":"scroll","background-type":"","background-media":"","overlay-type":"","overlay-color":"","overlay-opacity":"","overlay-gradient":""},"mobile":{"background-color":"var(--ast-global-color-4)","background-image":"","background-repeat":"repeat","background-position":"center center","background-size":"auto","background-attachment":"scroll","background-type":"","background-media":"","overlay-type":"","overlay-color":"","overlay-opacity":"","overlay-gradient":""}}},"product_brand":[100],"product_cat":[85],"product_tag":[],"class_list":{"0":"post-5885","1":"product","2":"type-product","3":"status-publish","4":"has-post-thumbnail","6":"product_brand-soft99","7":"product_cat-atrie-vaski-un-detaileri","8":"pa_zimols-soft99","9":"desktop-align-left","10":"tablet-align-left","11":"mobile-align-left","13":"first","14":"instock","15":"taxable","16":"shipping-taxable","17":"purchasable","18":"product-type-simple"},"yoast_head":"<!-- This site is optimized with the Yoast SEO plugin v27.4 - https:\/\/yoast.com\/product\/yoast-seo-wordpress\/ -->\n<title>SOFT99 Rain Drop p\u0101rkl\u0101jums - detailingclub.lv<\/title>\n<meta name=\"description\" content=\"Soft99 Rain Drop ir univers\u0101ls spray sealant, kas nodro\u0161ina \u0101tru aizsardz\u012bbu, sp\u012bdumu un hidrofobu efektu vis\u0101m auto virsm\u0101m l\u012bdz 3 m\u0113ne\u0161iem.\" \/>\n<meta name=\"robots\" content=\"index, follow, max-snippet:-1, max-image-preview:large, max-video-preview:-1\" \/>\n<link rel=\"canonical\" href=\"https:\/\/detailingclub.lv\/ru\/product\/soft99-rain-drop-parklajums\/\" \/>\n<meta property=\"og:locale\" content=\"ru_RU\" \/>\n<meta property=\"og:type\" content=\"article\" \/>\n<meta property=\"og:title\" content=\"SOFT99 Rain Drop p\u0101rkl\u0101jums - detailingclub.lv\" \/>\n<meta property=\"og:description\" content=\"Soft99 Rain Drop ir univers\u0101ls spray sealant, kas nodro\u0161ina \u0101tru aizsardz\u012bbu, sp\u012bdumu un hidrofobu efektu vis\u0101m auto virsm\u0101m l\u012bdz 3 m\u0113ne\u0161iem.\" \/>\n<meta property=\"og:url\" content=\"https:\/\/detailingclub.lv\/ru\/product\/soft99-rain-drop-parklajums\/\" \/>\n<meta property=\"og:site_name\" content=\"detailingclub.lv\" \/>\n<meta name=\"twitter:card\" content=\"summary_large_image\" \/>\n<meta name=\"twitter:label1\" content=\"\u041f\u0440\u0438\u043c\u0435\u0440\u043d\u043e\u0435 \u0432\u0440\u0435\u043c\u044f \u0434\u043b\u044f \u0447\u0442\u0435\u043d\u0438\u044f\" \/>\n\t<meta name=\"twitter:data1\" content=\"2 \u043c\u0438\u043d\u0443\u0442\u044b\" \/>\n<script type=\"application\/ld+json\" class=\"yoast-schema-graph\">{\"@context\":\"https:\\\/\\\/schema.org\",\"@graph\":[{\"@type\":\"WebPage\",\"@id\":\"https:\\\/\\\/detailingclub.lv\\\/products\\\/soft99-rain-drop-parklajums\\\/\",\"url\":\"https:\\\/\\\/detailingclub.lv\\\/products\\\/soft99-rain-drop-parklajums\\\/\",\"name\":\"SOFT99 Rain Drop p\u0101rkl\u0101jums - detailingclub.lv\",\"isPartOf\":{\"@id\":\"https:\\\/\\\/detailingclub.lv\\\/#website\"},\"primaryImageOfPage\":{\"@id\":\"https:\\\/\\\/detailingclub.lv\\\/products\\\/soft99-rain-drop-parklajums\\\/#primaryimage\"},\"image\":{\"@id\":\"https:\\\/\\\/detailingclub.lv\\\/products\\\/soft99-rain-drop-parklajums\\\/#primaryimage\"},\"thumbnailUrl\":\"https:\\\/\\\/detailingclub.lv\\\/wp-content\\\/uploads\\\/2026\\\/04\\\/rain-drop-1170x1170-removebg-preview-01KPGGH8DS78P6FBBNNSBWRPV6.avif\",\"datePublished\":\"2026-04-28T20:03:40+00:00\",\"description\":\"Soft99 Rain Drop ir univers\u0101ls spray sealant, kas nodro\u0161ina \u0101tru aizsardz\u012bbu, sp\u012bdumu un hidrofobu efektu vis\u0101m auto virsm\u0101m l\u012bdz 3 m\u0113ne\u0161iem.\",\"breadcrumb\":{\"@id\":\"https:\\\/\\\/detailingclub.lv\\\/products\\\/soft99-rain-drop-parklajums\\\/#breadcrumb\"},\"inLanguage\":\"ru-RU\",\"potentialAction\":[{\"@type\":\"ReadAction\",\"target\":[\"https:\\\/\\\/detailingclub.lv\\\/products\\\/soft99-rain-drop-parklajums\\\/\"]}]},{\"@type\":\"ImageObject\",\"inLanguage\":\"ru-RU\",\"@id\":\"https:\\\/\\\/detailingclub.lv\\\/products\\\/soft99-rain-drop-parklajums\\\/#primaryimage\",\"url\":\"https:\\\/\\\/detailingclub.lv\\\/wp-content\\\/uploads\\\/2026\\\/04\\\/rain-drop-1170x1170-removebg-preview-01KPGGH8DS78P6FBBNNSBWRPV6.avif\",\"contentUrl\":\"https:\\\/\\\/detailingclub.lv\\\/wp-content\\\/uploads\\\/2026\\\/04\\\/rain-drop-1170x1170-removebg-preview-01KPGGH8DS78P6FBBNNSBWRPV6.avif\",\"width\":500,\"height\":500},{\"@type\":\"BreadcrumbList\",\"@id\":\"https:\\\/\\\/detailingclub.lv\\\/products\\\/soft99-rain-drop-parklajums\\\/#breadcrumb\",\"itemListElement\":[{\"@type\":\"ListItem\",\"position\":1,\"name\":\"Home\",\"item\":\"https:\\\/\\\/detailingclub.lv\\\/\"},{\"@type\":\"ListItem\",\"position\":2,\"name\":\"VEIKALS\",\"item\":\"https:\\\/\\\/detailingclub.lv\\\/veikals\\\/\"},{\"@type\":\"ListItem\",\"position\":3,\"name\":\"SOFT99 Rain Drop p\u0101rkl\u0101jums\"}]},{\"@type\":\"WebSite\",\"@id\":\"https:\\\/\\\/detailingclub.lv\\\/#website\",\"url\":\"https:\\\/\\\/detailingclub.lv\\\/\",\"name\":\"detailingclub.lv\",\"description\":\"\",\"publisher\":{\"@id\":\"https:\\\/\\\/detailingclub.lv\\\/#organization\"},\"potentialAction\":[{\"@type\":\"SearchAction\",\"target\":{\"@type\":\"EntryPoint\",\"urlTemplate\":\"https:\\\/\\\/detailingclub.lv\\\/?s={search_term_string}\"},\"query-input\":{\"@type\":\"PropertyValueSpecification\",\"valueRequired\":true,\"valueName\":\"search_term_string\"}}],\"inLanguage\":\"ru-RU\"},{\"@type\":\"Organization\",\"@id\":\"https:\\\/\\\/detailingclub.lv\\\/#organization\",\"name\":\"detailingclub.lv\",\"url\":\"https:\\\/\\\/detailingclub.lv\\\/\",\"logo\":{\"@type\":\"ImageObject\",\"inLanguage\":\"ru-RU\",\"@id\":\"https:\\\/\\\/detailingclub.lv\\\/#\\\/schema\\\/logo\\\/image\\\/\",\"url\":\"https:\\\/\\\/detailingclub.lv\\\/wp-content\\\/uploads\\\/2026\\\/05\\\/cropped-LOGO-\u0434\u043b\u0438\u043d\u043d\u043e\u0435-\u0431\u0435\u043b\u043e\u0435-\u0441-\u043d\u0430\u043a\u043b\u043e\u043d\u043e\u043c.png\",\"contentUrl\":\"https:\\\/\\\/detailingclub.lv\\\/wp-content\\\/uploads\\\/2026\\\/05\\\/cropped-LOGO-\u0434\u043b\u0438\u043d\u043d\u043e\u0435-\u0431\u0435\u043b\u043e\u0435-\u0441-\u043d\u0430\u043a\u043b\u043e\u043d\u043e\u043c.png\",\"width\":1140,\"height\":111,\"caption\":\"detailingclub.lv\"},\"image\":{\"@id\":\"https:\\\/\\\/detailingclub.lv\\\/#\\\/schema\\\/logo\\\/image\\\/\"}}]}<\/script>\n<!-- \/ Yoast SEO plugin. -->","yoast_head_json":{"title":"SOFT99 Rain Drop p\u0101rkl\u0101jums - detailingclub.lv","description":"Soft99 Rain Drop ir univers\u0101ls spray sealant, kas nodro\u0161ina \u0101tru aizsardz\u012bbu, sp\u012bdumu un hidrofobu efektu vis\u0101m auto virsm\u0101m l\u012bdz 3 m\u0113ne\u0161iem.","robots":{"index":"index","follow":"follow","max-snippet":"max-snippet:-1","max-image-preview":"max-image-preview:large","max-video-preview":"max-video-preview:-1"},"canonical":"https:\/\/detailingclub.lv\/ru\/product\/soft99-rain-drop-parklajums\/","og_locale":"ru_RU","og_type":"article","og_title":"SOFT99 Rain Drop p\u0101rkl\u0101jums - detailingclub.lv","og_description":"Soft99 Rain Drop ir univers\u0101ls spray sealant, kas nodro\u0161ina \u0101tru aizsardz\u012bbu, sp\u012bdumu un hidrofobu efektu vis\u0101m auto virsm\u0101m l\u012bdz 3 m\u0113ne\u0161iem.","og_url":"https:\/\/detailingclub.lv\/ru\/product\/soft99-rain-drop-parklajums\/","og_site_name":"detailingclub.lv","twitter_card":"summary_large_image","twitter_misc":{"\u041f\u0440\u0438\u043c\u0435\u0440\u043d\u043e\u0435 \u0432\u0440\u0435\u043c\u044f \u0434\u043b\u044f \u0447\u0442\u0435\u043d\u0438\u044f":"2 \u043c\u0438\u043d\u0443\u0442\u044b"},"schema":{"@context":"https:\/\/schema.org","@graph":[{"@type":"WebPage","@id":"https:\/\/detailingclub.lv\/products\/soft99-rain-drop-parklajums\/","url":"https:\/\/detailingclub.lv\/products\/soft99-rain-drop-parklajums\/","name":"SOFT99 Rain Drop p\u0101rkl\u0101jums - detailingclub.lv","isPartOf":{"@id":"https:\/\/detailingclub.lv\/#website"},"primaryImageOfPage":{"@id":"https:\/\/detailingclub.lv\/products\/soft99-rain-drop-parklajums\/#primaryimage"},"image":{"@id":"https:\/\/detailingclub.lv\/products\/soft99-rain-drop-parklajums\/#primaryimage"},"thumbnailUrl":"https:\/\/detailingclub.lv\/wp-content\/uploads\/2026\/04\/rain-drop-1170x1170-removebg-preview-01KPGGH8DS78P6FBBNNSBWRPV6.avif","datePublished":"2026-04-28T20:03:40+00:00","description":"Soft99 Rain Drop ir univers\u0101ls spray sealant, kas nodro\u0161ina \u0101tru aizsardz\u012bbu, sp\u012bdumu un hidrofobu efektu vis\u0101m auto virsm\u0101m l\u012bdz 3 m\u0113ne\u0161iem.","breadcrumb":{"@id":"https:\/\/detailingclub.lv\/products\/soft99-rain-drop-parklajums\/#breadcrumb"},"inLanguage":"ru-RU","potentialAction":[{"@type":"ReadAction","target":["https:\/\/detailingclub.lv\/products\/soft99-rain-drop-parklajums\/"]}]},{"@type":"ImageObject","inLanguage":"ru-RU","@id":"https:\/\/detailingclub.lv\/products\/soft99-rain-drop-parklajums\/#primaryimage","url":"https:\/\/detailingclub.lv\/wp-content\/uploads\/2026\/04\/rain-drop-1170x1170-removebg-preview-01KPGGH8DS78P6FBBNNSBWRPV6.avif","contentUrl":"https:\/\/detailingclub.lv\/wp-content\/uploads\/2026\/04\/rain-drop-1170x1170-removebg-preview-01KPGGH8DS78P6FBBNNSBWRPV6.avif","width":500,"height":500},{"@type":"BreadcrumbList","@id":"https:\/\/detailingclub.lv\/products\/soft99-rain-drop-parklajums\/#breadcrumb","itemListElement":[{"@type":"ListItem","position":1,"name":"Home","item":"https:\/\/detailingclub.lv\/"},{"@type":"ListItem","position":2,"name":"VEIKALS","item":"https:\/\/detailingclub.lv\/veikals\/"},{"@type":"ListItem","position":3,"name":"SOFT99 Rain Drop p\u0101rkl\u0101jums"}]},{"@type":"WebSite","@id":"https:\/\/detailingclub.lv\/#website","url":"https:\/\/detailingclub.lv\/","name":"detailingclub.lv","description":"","publisher":{"@id":"https:\/\/detailingclub.lv\/#organization"},"potentialAction":[{"@type":"SearchAction","target":{"@type":"EntryPoint","urlTemplate":"https:\/\/detailingclub.lv\/?s={search_term_string}"},"query-input":{"@type":"PropertyValueSpecification","valueRequired":true,"valueName":"search_term_string"}}],"inLanguage":"ru-RU"},{"@type":"Organization","@id":"https:\/\/detailingclub.lv\/#organization","name":"detailingclub.lv","url":"https:\/\/detailingclub.lv\/","logo":{"@type":"ImageObject","inLanguage":"ru-RU","@id":"https:\/\/detailingclub.lv\/#\/schema\/logo\/image\/","url":"https:\/\/detailingclub.lv\/wp-content\/uploads\/2026\/05\/cropped-LOGO-\u0434\u043b\u0438\u043d\u043d\u043e\u0435-\u0431\u0435\u043b\u043e\u0435-\u0441-\u043d\u0430\u043a\u043b\u043e\u043d\u043e\u043c.png","contentUrl":"https:\/\/detailingclub.lv\/wp-content\/uploads\/2026\/05\/cropped-LOGO-\u0434\u043b\u0438\u043d\u043d\u043e\u0435-\u0431\u0435\u043b\u043e\u0435-\u0441-\u043d\u0430\u043a\u043b\u043e\u043d\u043e\u043c.png","width":1140,"height":111,"caption":"detailingclub.lv"},"image":{"@id":"https:\/\/detailingclub.lv\/#\/schema\/logo\/image\/"}}]}},"jetpack_sharing_enabled":true,"_links":{"self":[{"href":"https:\/\/detailingclub.lv\/ru\/wp-json\/wp\/v2\/product\/5885","targetHints":{"allow":["GET"]}}],"collection":[{"href":"https:\/\/detailingclub.lv\/ru\/wp-json\/wp\/v2\/product"}],"about":[{"href":"https:\/\/detailingclub.lv\/ru\/wp-json\/wp\/v2\/types\/product"}],"replies":[{"embeddable":true,"href":"https:\/\/detailingclub.lv\/ru\/wp-json\/wp\/v2\/comments?post=5885"}],"wp:featuredmedia":[{"embeddable":true,"href":"https:\/\/detailingclub.lv\/ru\/wp-json\/wp\/v2\/media\/5886"}],"wp:attachment":[{"href":"https:\/\/detailingclub.lv\/ru\/wp-json\/wp\/v2\/media?parent=5885"}],"wp:term":[{"taxonomy":"product_brand","embeddable":true,"href":"https:\/\/detailingclub.lv\/ru\/wp-json\/wp\/v2\/product_brand?post=5885"},{"taxonomy":"product_cat","embeddable":true,"href":"https:\/\/detailingclub.lv\/ru\/wp-json\/wp\/v2\/product_cat?post=5885"},{"taxonomy":"product_tag","embeddable":true,"href":"https:\/\/detailingclub.lv\/ru\/wp-json\/wp\/v2\/product_tag?post=5885"}],"curies":[{"name":"wp","href":"https:\/\/api.w.org\/{rel}","templated":true}]}}