{"id":5689,"date":"2026-04-21T15:10:52","date_gmt":"2026-04-21T15:10:52","guid":{"rendered":"https:\/\/detailingclub.lv\/products\/liqui-moly-lidzeklis-transmisijas-skalosanai-150-ml-150ml\/"},"modified":"2026-04-21T16:43:17","modified_gmt":"2026-04-21T16:43:17","slug":"liqui-moly-lidzeklis-transmisijas-skalosanai-150-ml-150ml","status":"publish","type":"product","link":"https:\/\/detailingclub.lv\/ru\/product\/liqui-moly-lidzeklis-transmisijas-skalosanai-150-ml-150ml\/","title":{"rendered":"LIQUI MOLY L\u012bdzeklis transmisijas skalo\u0161anai 150 ml"},"content":{"rendered":"<p data-start=\"57\" data-end=\"330\">Ja p\u0101rnesumi s\u0101k sl\u0113gties smag\u0101k, par\u0101d\u0101s triecieni vai troksnis \u2014 bie\u017ei probl\u0113ma nav pati k\u0101rba, bet net\u012bra e\u013c\u013ca un nogulsnes sist\u0113m\u0101. <span class=\"hover:entity-accent entity-underline inline cursor-pointer align-baseline\"><span class=\"whitespace-normal\">Liqui Moly<\/span><\/span> transmisijas skalo\u0161anas l\u012bdzeklis ir paredz\u0113ts, lai izt\u012br\u012btu k\u0101rbu no iek\u0161puses pirms e\u013c\u013cas mai\u0146as.<\/p>\n<p data-start=\"332\" data-end=\"549\">Tas \u0161\u0137\u012bdina nogulsnes, met\u0101la da\u013ci\u0146as un e\u013c\u013cas atliekas, kas uzkr\u0101jas transmisij\u0101. Rezult\u0101ts \u2014 t\u012br\u0101ka sist\u0113ma, vienm\u0113r\u012bg\u0101ka p\u0101rsl\u0113g\u0161an\u0101s un ilg\u0101ks transmisijas kalpo\u0161anas laiks.<\/p>\n<hr data-start=\"551\" data-end=\"554\" \/>\n<p data-start=\"556\" data-end=\"581\"><strong data-start=\"556\" data-end=\"581\">K\u0101p\u0113c tas ir svar\u012bgi:<\/strong><\/p>\n<ul data-start=\"582\" data-end=\"787\">\n<li data-section-id=\"16l63f3\" data-start=\"582\" data-end=\"627\">Atjauno vienm\u0113r\u012bgu p\u0101rnesumu p\u0101rsl\u0113g\u0161anos<\/li>\n<li data-section-id=\"1j3kwug\" data-start=\"628\" data-end=\"673\">No\u0146em nogulsnes no transmisijas iek\u0161puses<\/li>\n<li data-section-id=\"1xdgn2i\" data-start=\"674\" data-end=\"706\">Samazina nodilumu un troksni<\/li>\n<li data-section-id=\"t79vmd\" data-start=\"707\" data-end=\"787\">Pagarina transmisijas kalpo\u0161anas laiku<\/li>\n<\/ul>\n<hr data-start=\"789\" data-end=\"792\" \/>\n<p data-start=\"794\" data-end=\"821\"><strong data-start=\"794\" data-end=\"821\">Galven\u0101s priek\u0161roc\u012bbas:<\/strong><\/p>\n<ul data-start=\"822\" data-end=\"1076\">\n<li data-section-id=\"1p8b4nk\" data-start=\"822\" data-end=\"876\">Efekt\u012bvi \u0161\u0137\u012bdina visus net\u012brumus transmisijas e\u013c\u013c\u0101<\/li>\n<li data-section-id=\"1gi8vug\" data-start=\"877\" data-end=\"943\">Dro\u0161s met\u0101liem un bl\u012bv\u0113m<\/li>\n<li data-section-id=\"15ga1qg\" data-start=\"944\" data-end=\"1037\">Piem\u0113rots manu\u0101laj\u0101m transmisij\u0101m un diferenci\u0101\u013ciem<\/li>\n<li data-section-id=\"wvkvn4\" data-start=\"1038\" data-end=\"1076\">Uzlabo kop\u0113jo transmisijas darb\u012bbu<\/li>\n<\/ul>\n<hr data-start=\"1078\" data-end=\"1081\" \/>\n<h3 data-section-id=\"k735iy\" data-start=\"1083\" data-end=\"1129\"><span role=\"text\"><strong data-start=\"1087\" data-end=\"1129\">K\u0101 lietot (p\u0113c ra\u017eot\u0101ja instrukcijas):<\/strong><\/span><\/h3>\n<ul data-start=\"1130\" data-end=\"1480\">\n<li data-section-id=\"oj2tyf\" data-start=\"1130\" data-end=\"1197\">Pievienot l\u012bdzekli <strong data-start=\"1151\" data-end=\"1195\">eso\u0161ajai transmisijas e\u013c\u013cai pirms mai\u0146as<\/strong><\/li>\n<li data-section-id=\"pbjn5g\" data-start=\"1198\" data-end=\"1266\">Iedarbin\u0101t dzin\u0113ju un \u013caut tam darboties tuk\u0161gait\u0101 (~10 min\u016btes)<\/li>\n<li data-section-id=\"1id1sp\" data-start=\"1267\" data-end=\"1323\">\u0160aj\u0101 laik\u0101 p\u0101rsl\u0113gt visus p\u0101rnesumus vair\u0101kas reizes<\/li>\n<li data-section-id=\"gdgwn3\" data-start=\"1324\" data-end=\"1414\">P\u0113c tam <strong data-start=\"1334\" data-end=\"1374\">nomain\u012bt transmisijas e\u013c\u013cu un filtru<\/strong><\/li>\n<li data-section-id=\"19i6hij\" data-start=\"1415\" data-end=\"1480\">Lietot tikai pirms e\u013c\u013cas mai\u0146as (ne ilgsto\u0161ai ekspluat\u0101cijai)<\/li>\n<\/ul>\n<hr data-start=\"1482\" data-end=\"1485\" \/>\n<p data-start=\"1487\" data-end=\"1502\"><strong data-start=\"1487\" data-end=\"1502\">Kad lietot:<\/strong><\/p>\n<ul data-start=\"1503\" data-end=\"1652\">\n<li data-section-id=\"m60suf\" data-start=\"1503\" data-end=\"1538\">Pirms transmisijas e\u013c\u013cas mai\u0146as<\/li>\n<li data-section-id=\"1gu6sv1\" data-start=\"1539\" data-end=\"1584\">Ja p\u0101rnesumi sl\u0113dzas smagi vai ar aizturi<\/li>\n<li data-section-id=\"aaex38\" data-start=\"1585\" data-end=\"1615\">Auto ar liel\u0101ku nobraukumu<\/li>\n<li data-section-id=\"1rnkqai\" data-start=\"1616\" data-end=\"1652\">Ja nav zin\u0101ma iepriek\u0161\u0113j\u0101 apkope<\/li>\n<\/ul>\n<p data-start=\"1654\" data-end=\"1785\">\u0160is ir viens no svar\u012bg\u0101kajiem, bet bie\u017ei ignor\u0113tajiem so\u013ciem transmisijas apkop\u0113 \u2014 jo net\u012bra k\u0101rba vienk\u0101r\u0161i nevar str\u0101d\u0101t pareizi.<\/p>","protected":false},"excerpt":{"rendered":"<h2>LIQUI MOLY L\u012bdzeklis transmisijas skalo\u0161anai 150 ml<\/h2>","protected":false},"featured_media":4827,"comment_status":"open","ping_status":"closed","template":"","meta":{"site-sidebar-layout":"default","site-content-layout":"","ast-site-content-layout":"default","site-content-style":"default","site-sidebar-style":"default","ast-global-header-display":"","ast-banner-title-visibility":"","ast-main-header-display":"","ast-hfb-above-header-display":"","ast-hfb-below-header-display":"","ast-hfb-mobile-header-display":"","site-post-title":"","ast-breadcrumbs-content":"","ast-featured-img":"","footer-sml-layout":"","ast-disable-related-posts":"","theme-transparent-header-meta":"default","adv-header-id-meta":"","stick-header-meta":"","header-above-stick-meta":"","header-main-stick-meta":"","header-below-stick-meta":"","astra-migrate-meta-layouts":"set","ast-page-background-enabled":"default","ast-page-background-meta":{"desktop":{"background-color":"var(--ast-global-color-5)","background-image":"","background-repeat":"repeat","background-position":"center center","background-size":"auto","background-attachment":"scroll","background-type":"","background-media":"","overlay-type":"","overlay-color":"","overlay-opacity":"","overlay-gradient":""},"tablet":{"background-color":"","background-image":"","background-repeat":"repeat","background-position":"center center","background-size":"auto","background-attachment":"scroll","background-type":"","background-media":"","overlay-type":"","overlay-color":"","overlay-opacity":"","overlay-gradient":""},"mobile":{"background-color":"","background-image":"","background-repeat":"repeat","background-position":"center center","background-size":"auto","background-attachment":"scroll","background-type":"","background-media":"","overlay-type":"","overlay-color":"","overlay-opacity":"","overlay-gradient":""}},"ast-content-background-meta":{"desktop":{"background-color":"var(--ast-global-color-4)","background-image":"","background-repeat":"repeat","background-position":"center center","background-size":"auto","background-attachment":"scroll","background-type":"","background-media":"","overlay-type":"","overlay-color":"","overlay-opacity":"","overlay-gradient":""},"tablet":{"background-color":"var(--ast-global-color-4)","background-image":"","background-repeat":"repeat","background-position":"center center","background-size":"auto","background-attachment":"scroll","background-type":"","background-media":"","overlay-type":"","overlay-color":"","overlay-opacity":"","overlay-gradient":""},"mobile":{"background-color":"var(--ast-global-color-4)","background-image":"","background-repeat":"repeat","background-position":"center center","background-size":"auto","background-attachment":"scroll","background-type":"","background-media":"","overlay-type":"","overlay-color":"","overlay-opacity":"","overlay-gradient":""}}},"product_brand":[99],"product_cat":[156],"product_tag":[],"class_list":{"0":"post-5689","1":"product","2":"type-product","3":"status-publish","4":"has-post-thumbnail","6":"product_brand-liqui-moly","7":"product_cat-citas-piedevas","8":"pa_tilpums-150-ml","9":"pa_zimols-liqui-moly","10":"desktop-align-left","11":"tablet-align-left","12":"mobile-align-left","14":"first","15":"instock","16":"taxable","17":"shipping-taxable","18":"purchasable","19":"product-type-simple"},"yoast_head":"<!-- This site is optimized with the Yoast SEO plugin v27.4 - https:\/\/yoast.com\/product\/yoast-seo-wordpress\/ -->\n<title>LIQUI MOLY L\u012bdzeklis transmisijas skalo\u0161anai 150 ml - detailingclub.lv<\/title>\n<meta name=\"description\" content=\"Liqui Moly transmisijas skalo\u0161anas l\u012bdzeklis 150 ml att\u012bra k\u0101rbu no nogulsn\u0113m, uzlabo p\u0101rsl\u0113g\u0161anos un pagarina transmisijas kalpo\u0161anas laiku.\" \/>\n<meta name=\"robots\" content=\"index, follow, max-snippet:-1, max-image-preview:large, max-video-preview:-1\" \/>\n<link rel=\"canonical\" href=\"https:\/\/detailingclub.lv\/ru\/product\/liqui-moly-lidzeklis-transmisijas-skalosanai-150-ml-150ml\/\" \/>\n<meta property=\"og:locale\" content=\"ru_RU\" \/>\n<meta property=\"og:type\" content=\"article\" \/>\n<meta property=\"og:title\" content=\"LIQUI MOLY L\u012bdzeklis transmisijas skalo\u0161anai 150 ml - detailingclub.lv\" \/>\n<meta property=\"og:description\" content=\"Liqui Moly transmisijas skalo\u0161anas l\u012bdzeklis 150 ml att\u012bra k\u0101rbu no nogulsn\u0113m, uzlabo p\u0101rsl\u0113g\u0161anos un pagarina transmisijas kalpo\u0161anas laiku.\" \/>\n<meta property=\"og:url\" content=\"https:\/\/detailingclub.lv\/ru\/product\/liqui-moly-lidzeklis-transmisijas-skalosanai-150-ml-150ml\/\" \/>\n<meta property=\"og:site_name\" content=\"detailingclub.lv\" \/>\n<meta property=\"article:modified_time\" content=\"2026-04-21T16:43:17+00:00\" \/>\n<meta property=\"og:image\" content=\"https:\/\/detailingclub.lv\/wp-content\/uploads\/2026\/04\/5412.jpg\" \/>\n\t<meta property=\"og:image:width\" content=\"661\" \/>\n\t<meta property=\"og:image:height\" content=\"1200\" \/>\n\t<meta property=\"og:image:type\" content=\"image\/jpeg\" \/>\n<meta name=\"twitter:card\" content=\"summary_large_image\" \/>\n<meta name=\"twitter:label1\" content=\"\u041f\u0440\u0438\u043c\u0435\u0440\u043d\u043e\u0435 \u0432\u0440\u0435\u043c\u044f \u0434\u043b\u044f \u0447\u0442\u0435\u043d\u0438\u044f\" \/>\n\t<meta name=\"twitter:data1\" content=\"2 \u043c\u0438\u043d\u0443\u0442\u044b\" \/>\n<script type=\"application\/ld+json\" class=\"yoast-schema-graph\">{\"@context\":\"https:\\\/\\\/schema.org\",\"@graph\":[{\"@type\":\"WebPage\",\"@id\":\"https:\\\/\\\/detailingclub.lv\\\/products\\\/liqui-moly-lidzeklis-transmisijas-skalosanai-150-ml-150ml\\\/\",\"url\":\"https:\\\/\\\/detailingclub.lv\\\/products\\\/liqui-moly-lidzeklis-transmisijas-skalosanai-150-ml-150ml\\\/\",\"name\":\"LIQUI MOLY L\u012bdzeklis transmisijas skalo\u0161anai 150 ml - detailingclub.lv\",\"isPartOf\":{\"@id\":\"https:\\\/\\\/detailingclub.lv\\\/#website\"},\"primaryImageOfPage\":{\"@id\":\"https:\\\/\\\/detailingclub.lv\\\/products\\\/liqui-moly-lidzeklis-transmisijas-skalosanai-150-ml-150ml\\\/#primaryimage\"},\"image\":{\"@id\":\"https:\\\/\\\/detailingclub.lv\\\/products\\\/liqui-moly-lidzeklis-transmisijas-skalosanai-150-ml-150ml\\\/#primaryimage\"},\"thumbnailUrl\":\"https:\\\/\\\/detailingclub.lv\\\/wp-content\\\/uploads\\\/2026\\\/04\\\/5412.jpg\",\"datePublished\":\"2026-04-21T15:10:52+00:00\",\"dateModified\":\"2026-04-21T16:43:17+00:00\",\"description\":\"Liqui Moly transmisijas skalo\u0161anas l\u012bdzeklis 150 ml att\u012bra k\u0101rbu no nogulsn\u0113m, uzlabo p\u0101rsl\u0113g\u0161anos un pagarina transmisijas kalpo\u0161anas laiku.\",\"breadcrumb\":{\"@id\":\"https:\\\/\\\/detailingclub.lv\\\/products\\\/liqui-moly-lidzeklis-transmisijas-skalosanai-150-ml-150ml\\\/#breadcrumb\"},\"inLanguage\":\"ru-RU\",\"potentialAction\":[{\"@type\":\"ReadAction\",\"target\":[\"https:\\\/\\\/detailingclub.lv\\\/products\\\/liqui-moly-lidzeklis-transmisijas-skalosanai-150-ml-150ml\\\/\"]}]},{\"@type\":\"ImageObject\",\"inLanguage\":\"ru-RU\",\"@id\":\"https:\\\/\\\/detailingclub.lv\\\/products\\\/liqui-moly-lidzeklis-transmisijas-skalosanai-150-ml-150ml\\\/#primaryimage\",\"url\":\"https:\\\/\\\/detailingclub.lv\\\/wp-content\\\/uploads\\\/2026\\\/04\\\/5412.jpg\",\"contentUrl\":\"https:\\\/\\\/detailingclub.lv\\\/wp-content\\\/uploads\\\/2026\\\/04\\\/5412.jpg\",\"width\":661,\"height\":1200},{\"@type\":\"BreadcrumbList\",\"@id\":\"https:\\\/\\\/detailingclub.lv\\\/products\\\/liqui-moly-lidzeklis-transmisijas-skalosanai-150-ml-150ml\\\/#breadcrumb\",\"itemListElement\":[{\"@type\":\"ListItem\",\"position\":1,\"name\":\"Home\",\"item\":\"https:\\\/\\\/detailingclub.lv\\\/\"},{\"@type\":\"ListItem\",\"position\":2,\"name\":\"VEIKALS\",\"item\":\"https:\\\/\\\/detailingclub.lv\\\/veikals\\\/\"},{\"@type\":\"ListItem\",\"position\":3,\"name\":\"LIQUI MOLY L\u012bdzeklis transmisijas skalo\u0161anai 150 ml\"}]},{\"@type\":\"WebSite\",\"@id\":\"https:\\\/\\\/detailingclub.lv\\\/#website\",\"url\":\"https:\\\/\\\/detailingclub.lv\\\/\",\"name\":\"detailingclub.lv\",\"description\":\"\",\"publisher\":{\"@id\":\"https:\\\/\\\/detailingclub.lv\\\/#organization\"},\"potentialAction\":[{\"@type\":\"SearchAction\",\"target\":{\"@type\":\"EntryPoint\",\"urlTemplate\":\"https:\\\/\\\/detailingclub.lv\\\/?s={search_term_string}\"},\"query-input\":{\"@type\":\"PropertyValueSpecification\",\"valueRequired\":true,\"valueName\":\"search_term_string\"}}],\"inLanguage\":\"ru-RU\"},{\"@type\":\"Organization\",\"@id\":\"https:\\\/\\\/detailingclub.lv\\\/#organization\",\"name\":\"detailingclub.lv\",\"url\":\"https:\\\/\\\/detailingclub.lv\\\/\",\"logo\":{\"@type\":\"ImageObject\",\"inLanguage\":\"ru-RU\",\"@id\":\"https:\\\/\\\/detailingclub.lv\\\/#\\\/schema\\\/logo\\\/image\\\/\",\"url\":\"https:\\\/\\\/detailingclub.lv\\\/wp-content\\\/uploads\\\/2026\\\/05\\\/cropped-LOGO-\u0434\u043b\u0438\u043d\u043d\u043e\u0435-\u0431\u0435\u043b\u043e\u0435-\u0441-\u043d\u0430\u043a\u043b\u043e\u043d\u043e\u043c.png\",\"contentUrl\":\"https:\\\/\\\/detailingclub.lv\\\/wp-content\\\/uploads\\\/2026\\\/05\\\/cropped-LOGO-\u0434\u043b\u0438\u043d\u043d\u043e\u0435-\u0431\u0435\u043b\u043e\u0435-\u0441-\u043d\u0430\u043a\u043b\u043e\u043d\u043e\u043c.png\",\"width\":1140,\"height\":111,\"caption\":\"detailingclub.lv\"},\"image\":{\"@id\":\"https:\\\/\\\/detailingclub.lv\\\/#\\\/schema\\\/logo\\\/image\\\/\"}}]}<\/script>\n<!-- \/ Yoast SEO plugin. -->","yoast_head_json":{"title":"LIQUI MOLY L\u012bdzeklis transmisijas skalo\u0161anai 150 ml - detailingclub.lv","description":"Liqui Moly transmisijas skalo\u0161anas l\u012bdzeklis 150 ml att\u012bra k\u0101rbu no nogulsn\u0113m, uzlabo p\u0101rsl\u0113g\u0161anos un pagarina transmisijas kalpo\u0161anas laiku.","robots":{"index":"index","follow":"follow","max-snippet":"max-snippet:-1","max-image-preview":"max-image-preview:large","max-video-preview":"max-video-preview:-1"},"canonical":"https:\/\/detailingclub.lv\/ru\/product\/liqui-moly-lidzeklis-transmisijas-skalosanai-150-ml-150ml\/","og_locale":"ru_RU","og_type":"article","og_title":"LIQUI MOLY L\u012bdzeklis transmisijas skalo\u0161anai 150 ml - detailingclub.lv","og_description":"Liqui Moly transmisijas skalo\u0161anas l\u012bdzeklis 150 ml att\u012bra k\u0101rbu no nogulsn\u0113m, uzlabo p\u0101rsl\u0113g\u0161anos un pagarina transmisijas kalpo\u0161anas laiku.","og_url":"https:\/\/detailingclub.lv\/ru\/product\/liqui-moly-lidzeklis-transmisijas-skalosanai-150-ml-150ml\/","og_site_name":"detailingclub.lv","article_modified_time":"2026-04-21T16:43:17+00:00","og_image":[{"width":661,"height":1200,"url":"https:\/\/detailingclub.lv\/wp-content\/uploads\/2026\/04\/5412.jpg","type":"image\/jpeg"}],"twitter_card":"summary_large_image","twitter_misc":{"\u041f\u0440\u0438\u043c\u0435\u0440\u043d\u043e\u0435 \u0432\u0440\u0435\u043c\u044f \u0434\u043b\u044f \u0447\u0442\u0435\u043d\u0438\u044f":"2 \u043c\u0438\u043d\u0443\u0442\u044b"},"schema":{"@context":"https:\/\/schema.org","@graph":[{"@type":"WebPage","@id":"https:\/\/detailingclub.lv\/products\/liqui-moly-lidzeklis-transmisijas-skalosanai-150-ml-150ml\/","url":"https:\/\/detailingclub.lv\/products\/liqui-moly-lidzeklis-transmisijas-skalosanai-150-ml-150ml\/","name":"LIQUI MOLY L\u012bdzeklis transmisijas skalo\u0161anai 150 ml - detailingclub.lv","isPartOf":{"@id":"https:\/\/detailingclub.lv\/#website"},"primaryImageOfPage":{"@id":"https:\/\/detailingclub.lv\/products\/liqui-moly-lidzeklis-transmisijas-skalosanai-150-ml-150ml\/#primaryimage"},"image":{"@id":"https:\/\/detailingclub.lv\/products\/liqui-moly-lidzeklis-transmisijas-skalosanai-150-ml-150ml\/#primaryimage"},"thumbnailUrl":"https:\/\/detailingclub.lv\/wp-content\/uploads\/2026\/04\/5412.jpg","datePublished":"2026-04-21T15:10:52+00:00","dateModified":"2026-04-21T16:43:17+00:00","description":"Liqui Moly transmisijas skalo\u0161anas l\u012bdzeklis 150 ml att\u012bra k\u0101rbu no nogulsn\u0113m, uzlabo p\u0101rsl\u0113g\u0161anos un pagarina transmisijas kalpo\u0161anas laiku.","breadcrumb":{"@id":"https:\/\/detailingclub.lv\/products\/liqui-moly-lidzeklis-transmisijas-skalosanai-150-ml-150ml\/#breadcrumb"},"inLanguage":"ru-RU","potentialAction":[{"@type":"ReadAction","target":["https:\/\/detailingclub.lv\/products\/liqui-moly-lidzeklis-transmisijas-skalosanai-150-ml-150ml\/"]}]},{"@type":"ImageObject","inLanguage":"ru-RU","@id":"https:\/\/detailingclub.lv\/products\/liqui-moly-lidzeklis-transmisijas-skalosanai-150-ml-150ml\/#primaryimage","url":"https:\/\/detailingclub.lv\/wp-content\/uploads\/2026\/04\/5412.jpg","contentUrl":"https:\/\/detailingclub.lv\/wp-content\/uploads\/2026\/04\/5412.jpg","width":661,"height":1200},{"@type":"BreadcrumbList","@id":"https:\/\/detailingclub.lv\/products\/liqui-moly-lidzeklis-transmisijas-skalosanai-150-ml-150ml\/#breadcrumb","itemListElement":[{"@type":"ListItem","position":1,"name":"Home","item":"https:\/\/detailingclub.lv\/"},{"@type":"ListItem","position":2,"name":"VEIKALS","item":"https:\/\/detailingclub.lv\/veikals\/"},{"@type":"ListItem","position":3,"name":"LIQUI MOLY L\u012bdzeklis transmisijas skalo\u0161anai 150 ml"}]},{"@type":"WebSite","@id":"https:\/\/detailingclub.lv\/#website","url":"https:\/\/detailingclub.lv\/","name":"detailingclub.lv","description":"","publisher":{"@id":"https:\/\/detailingclub.lv\/#organization"},"potentialAction":[{"@type":"SearchAction","target":{"@type":"EntryPoint","urlTemplate":"https:\/\/detailingclub.lv\/?s={search_term_string}"},"query-input":{"@type":"PropertyValueSpecification","valueRequired":true,"valueName":"search_term_string"}}],"inLanguage":"ru-RU"},{"@type":"Organization","@id":"https:\/\/detailingclub.lv\/#organization","name":"detailingclub.lv","url":"https:\/\/detailingclub.lv\/","logo":{"@type":"ImageObject","inLanguage":"ru-RU","@id":"https:\/\/detailingclub.lv\/#\/schema\/logo\/image\/","url":"https:\/\/detailingclub.lv\/wp-content\/uploads\/2026\/05\/cropped-LOGO-\u0434\u043b\u0438\u043d\u043d\u043e\u0435-\u0431\u0435\u043b\u043e\u0435-\u0441-\u043d\u0430\u043a\u043b\u043e\u043d\u043e\u043c.png","contentUrl":"https:\/\/detailingclub.lv\/wp-content\/uploads\/2026\/05\/cropped-LOGO-\u0434\u043b\u0438\u043d\u043d\u043e\u0435-\u0431\u0435\u043b\u043e\u0435-\u0441-\u043d\u0430\u043a\u043b\u043e\u043d\u043e\u043c.png","width":1140,"height":111,"caption":"detailingclub.lv"},"image":{"@id":"https:\/\/detailingclub.lv\/#\/schema\/logo\/image\/"}}]}},"jetpack_sharing_enabled":true,"_links":{"self":[{"href":"https:\/\/detailingclub.lv\/ru\/wp-json\/wp\/v2\/product\/5689","targetHints":{"allow":["GET"]}}],"collection":[{"href":"https:\/\/detailingclub.lv\/ru\/wp-json\/wp\/v2\/product"}],"about":[{"href":"https:\/\/detailingclub.lv\/ru\/wp-json\/wp\/v2\/types\/product"}],"replies":[{"embeddable":true,"href":"https:\/\/detailingclub.lv\/ru\/wp-json\/wp\/v2\/comments?post=5689"}],"wp:featuredmedia":[{"embeddable":true,"href":"https:\/\/detailingclub.lv\/ru\/wp-json\/wp\/v2\/media\/4827"}],"wp:attachment":[{"href":"https:\/\/detailingclub.lv\/ru\/wp-json\/wp\/v2\/media?parent=5689"}],"wp:term":[{"taxonomy":"product_brand","embeddable":true,"href":"https:\/\/detailingclub.lv\/ru\/wp-json\/wp\/v2\/product_brand?post=5689"},{"taxonomy":"product_cat","embeddable":true,"href":"https:\/\/detailingclub.lv\/ru\/wp-json\/wp\/v2\/product_cat?post=5689"},{"taxonomy":"product_tag","embeddable":true,"href":"https:\/\/detailingclub.lv\/ru\/wp-json\/wp\/v2\/product_tag?post=5689"}],"curies":[{"name":"wp","href":"https:\/\/api.w.org\/{rel}","templated":true}]}}