{"id":5688,"date":"2026-04-21T15:10:52","date_gmt":"2026-04-21T15:10:52","guid":{"rendered":"https:\/\/detailingclub.lv\/products\/liqui-moly-dzineja-ellas-sist-skalotajs-300ml\/"},"modified":"2026-04-21T16:41:47","modified_gmt":"2026-04-21T16:41:47","slug":"liqui-moly-dzineja-ellas-sist-skalotajs-300ml","status":"publish","type":"product","link":"https:\/\/detailingclub.lv\/ru\/product\/liqui-moly-dzineja-ellas-sist-skalotajs-300ml\/","title":{"rendered":"LIQUI MOLY Dzin\u0113ja e\u013c\u013cas sist. skalot\u0101js 300ml"},"content":{"rendered":"<p data-start=\"70\" data-end=\"283\">Ja dzin\u0113js nav t\u012brs no iek\u0161puses \u2014 pat lab\u0101k\u0101 e\u013c\u013ca nestr\u0101d\u0101s piln\u0101 apjom\u0101. <span class=\"hover:entity-accent entity-underline inline cursor-pointer align-baseline\"><span class=\"whitespace-normal\">Liqui Moly<\/span><\/span> Engine Flush ir \u0101trs un efekt\u012bvs risin\u0101jums, lai pirms e\u013c\u013cas mai\u0146as izt\u012br\u012btu visu e\u013c\u013co\u0161anas sist\u0113mu.<\/p>\n<p data-start=\"285\" data-end=\"457\">Tas \u0161\u0137\u012bdina nogulsnes, lakas veidojumus un e\u013c\u013cas atliekas, kas uzkr\u0101jas dzin\u0113j\u0101. \u0160ie net\u012brumi tiek izvad\u012bti kop\u0101 ar veco e\u013c\u013cu, atst\u0101jot dzin\u0113ju t\u012bru un gatavu jaunai e\u013c\u013cai.<\/p>\n<hr data-start=\"459\" data-end=\"462\" \/>\n<p data-start=\"464\" data-end=\"489\"><strong data-start=\"464\" data-end=\"489\">K\u0101p\u0113c tas ir svar\u012bgi:<\/strong><\/p>\n<ul data-start=\"490\" data-end=\"752\">\n<li data-section-id=\"nb7zg5\" data-start=\"490\" data-end=\"583\">Att\u012bra e\u013c\u013co\u0161anas sist\u0113mu no nogulsn\u0113m un net\u012brumiem<\/li>\n<li data-section-id=\"2qj243\" data-start=\"584\" data-end=\"636\">Uzlabo e\u013c\u013cas cirkul\u0101ciju un dzin\u0113ja efektivit\u0101ti<\/li>\n<li data-section-id=\"pm7fab\" data-start=\"637\" data-end=\"697\">Samazina nodilumu un pal\u012bdz dzin\u0113jam str\u0101d\u0101t vienm\u0113r\u012bg\u0101k<\/li>\n<li data-section-id=\"1svrqoc\" data-start=\"698\" data-end=\"752\">Nodro\u0161ina, ka jaun\u0101 e\u013c\u013ca str\u0101d\u0101 maksim\u0101li efekt\u012bvi<\/li>\n<\/ul>\n<hr data-start=\"754\" data-end=\"757\" \/>\n<p data-start=\"759\" data-end=\"786\"><strong data-start=\"759\" data-end=\"786\">Galven\u0101s priek\u0161roc\u012bbas:<\/strong><\/p>\n<ul data-start=\"787\" data-end=\"1039\">\n<li data-section-id=\"zk3y1i\" data-start=\"787\" data-end=\"844\">\u0100tra un efekt\u012bva dzin\u0113ja skalo\u0161ana pirms e\u013c\u013cas mai\u0146as<\/li>\n<li data-section-id=\"19iqlyl\" data-start=\"845\" data-end=\"924\">Piem\u0113rots benz\u012bna un d\u012bze\u013ca dzin\u0113jiem<\/li>\n<li data-section-id=\"78mcb5\" data-start=\"925\" data-end=\"1003\">Dro\u0161s katalizatoriem un DPF sist\u0113m\u0101m<\/li>\n<li data-section-id=\"1ubkz73\" data-start=\"1004\" data-end=\"1039\">Saudz\u012bga, bet efekt\u012bva t\u012br\u012b\u0161ana<\/li>\n<\/ul>\n<hr data-start=\"1041\" data-end=\"1044\" \/>\n<h3 data-section-id=\"jysabt\" data-start=\"1046\" data-end=\"1087\"><span role=\"text\"><strong data-start=\"1050\" data-end=\"1087\">K\u0101 lietot (ra\u017eot\u0101ja instrukcija):<\/strong><\/span><\/h3>\n<ul data-start=\"1088\" data-end=\"1478\">\n<li data-section-id=\"1b1wl84\" data-start=\"1088\" data-end=\"1194\">Pievienot l\u012bdzekli <strong data-start=\"1109\" data-end=\"1154\">motore\u013c\u013cai darba temperat\u016br\u0101 pirms mai\u0146as<\/strong><\/li>\n<li data-section-id=\"o49u14\" data-start=\"1195\" data-end=\"1299\">Iedarbin\u0101t dzin\u0113ju un \u013caut tam darboties tuk\u0161gait\u0101 ~10 min\u016btes<\/li>\n<li data-section-id=\"1jog7q9\" data-start=\"1300\" data-end=\"1335\"><strong data-start=\"1302\" data-end=\"1333\">Nebraukt ar auto \u0161aj\u0101 laik\u0101<\/strong><\/li>\n<li data-section-id=\"1pv8hnn\" data-start=\"1336\" data-end=\"1394\">P\u0113c tam <strong data-start=\"1346\" data-end=\"1392\">nekav\u0113joties nomain\u012bt e\u013c\u013cu un e\u013c\u013cas filtru<\/strong><\/li>\n<li data-section-id=\"6vcbc7\" data-start=\"1395\" data-end=\"1478\">300 ml pietiek l\u012bdz ~6 litriem motore\u013c\u013cas<\/li>\n<\/ul>","protected":false},"excerpt":{"rendered":"<h2>LIQUI MOLY Dzin\u0113ja e\u013c\u013cas sist. skalot\u0101js 300ml<\/h2>","protected":false},"featured_media":4825,"comment_status":"open","ping_status":"closed","template":"","meta":{"site-sidebar-layout":"default","site-content-layout":"","ast-site-content-layout":"default","site-content-style":"default","site-sidebar-style":"default","ast-global-header-display":"","ast-banner-title-visibility":"","ast-main-header-display":"","ast-hfb-above-header-display":"","ast-hfb-below-header-display":"","ast-hfb-mobile-header-display":"","site-post-title":"","ast-breadcrumbs-content":"","ast-featured-img":"","footer-sml-layout":"","ast-disable-related-posts":"","theme-transparent-header-meta":"default","adv-header-id-meta":"","stick-header-meta":"","header-above-stick-meta":"","header-main-stick-meta":"","header-below-stick-meta":"","astra-migrate-meta-layouts":"set","ast-page-background-enabled":"default","ast-page-background-meta":{"desktop":{"background-color":"var(--ast-global-color-5)","background-image":"","background-repeat":"repeat","background-position":"center center","background-size":"auto","background-attachment":"scroll","background-type":"","background-media":"","overlay-type":"","overlay-color":"","overlay-opacity":"","overlay-gradient":""},"tablet":{"background-color":"","background-image":"","background-repeat":"repeat","background-position":"center center","background-size":"auto","background-attachment":"scroll","background-type":"","background-media":"","overlay-type":"","overlay-color":"","overlay-opacity":"","overlay-gradient":""},"mobile":{"background-color":"","background-image":"","background-repeat":"repeat","background-position":"center center","background-size":"auto","background-attachment":"scroll","background-type":"","background-media":"","overlay-type":"","overlay-color":"","overlay-opacity":"","overlay-gradient":""}},"ast-content-background-meta":{"desktop":{"background-color":"var(--ast-global-color-4)","background-image":"","background-repeat":"repeat","background-position":"center center","background-size":"auto","background-attachment":"scroll","background-type":"","background-media":"","overlay-type":"","overlay-color":"","overlay-opacity":"","overlay-gradient":""},"tablet":{"background-color":"var(--ast-global-color-4)","background-image":"","background-repeat":"repeat","background-position":"center center","background-size":"auto","background-attachment":"scroll","background-type":"","background-media":"","overlay-type":"","overlay-color":"","overlay-opacity":"","overlay-gradient":""},"mobile":{"background-color":"var(--ast-global-color-4)","background-image":"","background-repeat":"repeat","background-position":"center center","background-size":"auto","background-attachment":"scroll","background-type":"","background-media":"","overlay-type":"","overlay-color":"","overlay-opacity":"","overlay-gradient":""}}},"product_brand":[99],"product_cat":[155],"product_tag":[],"class_list":{"0":"post-5688","1":"product","2":"type-product","3":"status-publish","4":"has-post-thumbnail","6":"product_brand-liqui-moly","7":"product_cat-ellas-piedevas","8":"pa_tilpums-300-ml","9":"pa_zimols-liqui-moly","10":"desktop-align-left","11":"tablet-align-left","12":"mobile-align-left","14":"first","15":"instock","16":"taxable","17":"shipping-taxable","18":"purchasable","19":"product-type-simple"},"yoast_head":"<!-- This site is optimized with the Yoast SEO plugin v27.4 - https:\/\/yoast.com\/product\/yoast-seo-wordpress\/ -->\n<title>LIQUI MOLY Dzin\u0113ja e\u013c\u013cas sist. skalot\u0101js 300ml - detailingclub.lv<\/title>\n<meta name=\"description\" content=\"Liqui Moly Engine Flush 300ml att\u012bra dzin\u0113ja e\u013c\u013co\u0161anas sist\u0113mu pirms e\u013c\u013cas mai\u0146as, no\u0146em nogulsnes un uzlabo motora darb\u012bbu.\" \/>\n<meta name=\"robots\" content=\"index, follow, max-snippet:-1, max-image-preview:large, max-video-preview:-1\" \/>\n<link rel=\"canonical\" href=\"https:\/\/detailingclub.lv\/ru\/product\/liqui-moly-dzineja-ellas-sist-skalotajs-300ml\/\" \/>\n<meta property=\"og:locale\" content=\"ru_RU\" \/>\n<meta property=\"og:type\" content=\"article\" \/>\n<meta property=\"og:title\" content=\"LIQUI MOLY Dzin\u0113ja e\u013c\u013cas sist. skalot\u0101js 300ml - detailingclub.lv\" \/>\n<meta property=\"og:description\" content=\"Liqui Moly Engine Flush 300ml att\u012bra dzin\u0113ja e\u013c\u013co\u0161anas sist\u0113mu pirms e\u013c\u013cas mai\u0146as, no\u0146em nogulsnes un uzlabo motora darb\u012bbu.\" \/>\n<meta property=\"og:url\" content=\"https:\/\/detailingclub.lv\/ru\/product\/liqui-moly-dzineja-ellas-sist-skalotajs-300ml\/\" \/>\n<meta property=\"og:site_name\" content=\"detailingclub.lv\" \/>\n<meta property=\"article:modified_time\" content=\"2026-04-21T16:41:47+00:00\" \/>\n<meta property=\"og:image\" content=\"https:\/\/detailingclub.lv\/wp-content\/uploads\/2026\/04\/5417.jpg\" \/>\n\t<meta property=\"og:image:width\" content=\"422\" \/>\n\t<meta property=\"og:image:height\" content=\"1200\" \/>\n\t<meta property=\"og:image:type\" content=\"image\/jpeg\" \/>\n<meta name=\"twitter:card\" content=\"summary_large_image\" \/>\n<meta name=\"twitter:label1\" content=\"\u041f\u0440\u0438\u043c\u0435\u0440\u043d\u043e\u0435 \u0432\u0440\u0435\u043c\u044f \u0434\u043b\u044f \u0447\u0442\u0435\u043d\u0438\u044f\" \/>\n\t<meta name=\"twitter:data1\" content=\"2 \u043c\u0438\u043d\u0443\u0442\u044b\" \/>\n<script type=\"application\/ld+json\" class=\"yoast-schema-graph\">{\"@context\":\"https:\\\/\\\/schema.org\",\"@graph\":[{\"@type\":\"WebPage\",\"@id\":\"https:\\\/\\\/detailingclub.lv\\\/products\\\/liqui-moly-dzineja-ellas-sist-skalotajs-300ml\\\/\",\"url\":\"https:\\\/\\\/detailingclub.lv\\\/products\\\/liqui-moly-dzineja-ellas-sist-skalotajs-300ml\\\/\",\"name\":\"LIQUI MOLY Dzin\u0113ja e\u013c\u013cas sist. skalot\u0101js 300ml - detailingclub.lv\",\"isPartOf\":{\"@id\":\"https:\\\/\\\/detailingclub.lv\\\/#website\"},\"primaryImageOfPage\":{\"@id\":\"https:\\\/\\\/detailingclub.lv\\\/products\\\/liqui-moly-dzineja-ellas-sist-skalotajs-300ml\\\/#primaryimage\"},\"image\":{\"@id\":\"https:\\\/\\\/detailingclub.lv\\\/products\\\/liqui-moly-dzineja-ellas-sist-skalotajs-300ml\\\/#primaryimage\"},\"thumbnailUrl\":\"https:\\\/\\\/detailingclub.lv\\\/wp-content\\\/uploads\\\/2026\\\/04\\\/5417.jpg\",\"datePublished\":\"2026-04-21T15:10:52+00:00\",\"dateModified\":\"2026-04-21T16:41:47+00:00\",\"description\":\"Liqui Moly Engine Flush 300ml att\u012bra dzin\u0113ja e\u013c\u013co\u0161anas sist\u0113mu pirms e\u013c\u013cas mai\u0146as, no\u0146em nogulsnes un uzlabo motora darb\u012bbu.\",\"breadcrumb\":{\"@id\":\"https:\\\/\\\/detailingclub.lv\\\/products\\\/liqui-moly-dzineja-ellas-sist-skalotajs-300ml\\\/#breadcrumb\"},\"inLanguage\":\"ru-RU\",\"potentialAction\":[{\"@type\":\"ReadAction\",\"target\":[\"https:\\\/\\\/detailingclub.lv\\\/products\\\/liqui-moly-dzineja-ellas-sist-skalotajs-300ml\\\/\"]}]},{\"@type\":\"ImageObject\",\"inLanguage\":\"ru-RU\",\"@id\":\"https:\\\/\\\/detailingclub.lv\\\/products\\\/liqui-moly-dzineja-ellas-sist-skalotajs-300ml\\\/#primaryimage\",\"url\":\"https:\\\/\\\/detailingclub.lv\\\/wp-content\\\/uploads\\\/2026\\\/04\\\/5417.jpg\",\"contentUrl\":\"https:\\\/\\\/detailingclub.lv\\\/wp-content\\\/uploads\\\/2026\\\/04\\\/5417.jpg\",\"width\":422,\"height\":1200},{\"@type\":\"BreadcrumbList\",\"@id\":\"https:\\\/\\\/detailingclub.lv\\\/products\\\/liqui-moly-dzineja-ellas-sist-skalotajs-300ml\\\/#breadcrumb\",\"itemListElement\":[{\"@type\":\"ListItem\",\"position\":1,\"name\":\"Home\",\"item\":\"https:\\\/\\\/detailingclub.lv\\\/\"},{\"@type\":\"ListItem\",\"position\":2,\"name\":\"VEIKALS\",\"item\":\"https:\\\/\\\/detailingclub.lv\\\/veikals\\\/\"},{\"@type\":\"ListItem\",\"position\":3,\"name\":\"LIQUI MOLY Dzin\u0113ja e\u013c\u013cas sist. skalot\u0101js 300ml\"}]},{\"@type\":\"WebSite\",\"@id\":\"https:\\\/\\\/detailingclub.lv\\\/#website\",\"url\":\"https:\\\/\\\/detailingclub.lv\\\/\",\"name\":\"detailingclub.lv\",\"description\":\"\",\"publisher\":{\"@id\":\"https:\\\/\\\/detailingclub.lv\\\/#organization\"},\"potentialAction\":[{\"@type\":\"SearchAction\",\"target\":{\"@type\":\"EntryPoint\",\"urlTemplate\":\"https:\\\/\\\/detailingclub.lv\\\/?s={search_term_string}\"},\"query-input\":{\"@type\":\"PropertyValueSpecification\",\"valueRequired\":true,\"valueName\":\"search_term_string\"}}],\"inLanguage\":\"ru-RU\"},{\"@type\":\"Organization\",\"@id\":\"https:\\\/\\\/detailingclub.lv\\\/#organization\",\"name\":\"detailingclub.lv\",\"url\":\"https:\\\/\\\/detailingclub.lv\\\/\",\"logo\":{\"@type\":\"ImageObject\",\"inLanguage\":\"ru-RU\",\"@id\":\"https:\\\/\\\/detailingclub.lv\\\/#\\\/schema\\\/logo\\\/image\\\/\",\"url\":\"https:\\\/\\\/detailingclub.lv\\\/wp-content\\\/uploads\\\/2026\\\/05\\\/cropped-LOGO-\u0434\u043b\u0438\u043d\u043d\u043e\u0435-\u0431\u0435\u043b\u043e\u0435-\u0441-\u043d\u0430\u043a\u043b\u043e\u043d\u043e\u043c.png\",\"contentUrl\":\"https:\\\/\\\/detailingclub.lv\\\/wp-content\\\/uploads\\\/2026\\\/05\\\/cropped-LOGO-\u0434\u043b\u0438\u043d\u043d\u043e\u0435-\u0431\u0435\u043b\u043e\u0435-\u0441-\u043d\u0430\u043a\u043b\u043e\u043d\u043e\u043c.png\",\"width\":1140,\"height\":111,\"caption\":\"detailingclub.lv\"},\"image\":{\"@id\":\"https:\\\/\\\/detailingclub.lv\\\/#\\\/schema\\\/logo\\\/image\\\/\"}}]}<\/script>\n<!-- \/ Yoast SEO plugin. -->","yoast_head_json":{"title":"LIQUI MOLY Dzin\u0113ja e\u013c\u013cas sist. skalot\u0101js 300ml - detailingclub.lv","description":"Liqui Moly Engine Flush 300ml att\u012bra dzin\u0113ja e\u013c\u013co\u0161anas sist\u0113mu pirms e\u013c\u013cas mai\u0146as, no\u0146em nogulsnes un uzlabo motora darb\u012bbu.","robots":{"index":"index","follow":"follow","max-snippet":"max-snippet:-1","max-image-preview":"max-image-preview:large","max-video-preview":"max-video-preview:-1"},"canonical":"https:\/\/detailingclub.lv\/ru\/product\/liqui-moly-dzineja-ellas-sist-skalotajs-300ml\/","og_locale":"ru_RU","og_type":"article","og_title":"LIQUI MOLY Dzin\u0113ja e\u013c\u013cas sist. skalot\u0101js 300ml - detailingclub.lv","og_description":"Liqui Moly Engine Flush 300ml att\u012bra dzin\u0113ja e\u013c\u013co\u0161anas sist\u0113mu pirms e\u013c\u013cas mai\u0146as, no\u0146em nogulsnes un uzlabo motora darb\u012bbu.","og_url":"https:\/\/detailingclub.lv\/ru\/product\/liqui-moly-dzineja-ellas-sist-skalotajs-300ml\/","og_site_name":"detailingclub.lv","article_modified_time":"2026-04-21T16:41:47+00:00","og_image":[{"width":422,"height":1200,"url":"https:\/\/detailingclub.lv\/wp-content\/uploads\/2026\/04\/5417.jpg","type":"image\/jpeg"}],"twitter_card":"summary_large_image","twitter_misc":{"\u041f\u0440\u0438\u043c\u0435\u0440\u043d\u043e\u0435 \u0432\u0440\u0435\u043c\u044f \u0434\u043b\u044f \u0447\u0442\u0435\u043d\u0438\u044f":"2 \u043c\u0438\u043d\u0443\u0442\u044b"},"schema":{"@context":"https:\/\/schema.org","@graph":[{"@type":"WebPage","@id":"https:\/\/detailingclub.lv\/products\/liqui-moly-dzineja-ellas-sist-skalotajs-300ml\/","url":"https:\/\/detailingclub.lv\/products\/liqui-moly-dzineja-ellas-sist-skalotajs-300ml\/","name":"LIQUI MOLY Dzin\u0113ja e\u013c\u013cas sist. skalot\u0101js 300ml - detailingclub.lv","isPartOf":{"@id":"https:\/\/detailingclub.lv\/#website"},"primaryImageOfPage":{"@id":"https:\/\/detailingclub.lv\/products\/liqui-moly-dzineja-ellas-sist-skalotajs-300ml\/#primaryimage"},"image":{"@id":"https:\/\/detailingclub.lv\/products\/liqui-moly-dzineja-ellas-sist-skalotajs-300ml\/#primaryimage"},"thumbnailUrl":"https:\/\/detailingclub.lv\/wp-content\/uploads\/2026\/04\/5417.jpg","datePublished":"2026-04-21T15:10:52+00:00","dateModified":"2026-04-21T16:41:47+00:00","description":"Liqui Moly Engine Flush 300ml att\u012bra dzin\u0113ja e\u013c\u013co\u0161anas sist\u0113mu pirms e\u013c\u013cas mai\u0146as, no\u0146em nogulsnes un uzlabo motora darb\u012bbu.","breadcrumb":{"@id":"https:\/\/detailingclub.lv\/products\/liqui-moly-dzineja-ellas-sist-skalotajs-300ml\/#breadcrumb"},"inLanguage":"ru-RU","potentialAction":[{"@type":"ReadAction","target":["https:\/\/detailingclub.lv\/products\/liqui-moly-dzineja-ellas-sist-skalotajs-300ml\/"]}]},{"@type":"ImageObject","inLanguage":"ru-RU","@id":"https:\/\/detailingclub.lv\/products\/liqui-moly-dzineja-ellas-sist-skalotajs-300ml\/#primaryimage","url":"https:\/\/detailingclub.lv\/wp-content\/uploads\/2026\/04\/5417.jpg","contentUrl":"https:\/\/detailingclub.lv\/wp-content\/uploads\/2026\/04\/5417.jpg","width":422,"height":1200},{"@type":"BreadcrumbList","@id":"https:\/\/detailingclub.lv\/products\/liqui-moly-dzineja-ellas-sist-skalotajs-300ml\/#breadcrumb","itemListElement":[{"@type":"ListItem","position":1,"name":"Home","item":"https:\/\/detailingclub.lv\/"},{"@type":"ListItem","position":2,"name":"VEIKALS","item":"https:\/\/detailingclub.lv\/veikals\/"},{"@type":"ListItem","position":3,"name":"LIQUI MOLY Dzin\u0113ja e\u013c\u013cas sist. skalot\u0101js 300ml"}]},{"@type":"WebSite","@id":"https:\/\/detailingclub.lv\/#website","url":"https:\/\/detailingclub.lv\/","name":"detailingclub.lv","description":"","publisher":{"@id":"https:\/\/detailingclub.lv\/#organization"},"potentialAction":[{"@type":"SearchAction","target":{"@type":"EntryPoint","urlTemplate":"https:\/\/detailingclub.lv\/?s={search_term_string}"},"query-input":{"@type":"PropertyValueSpecification","valueRequired":true,"valueName":"search_term_string"}}],"inLanguage":"ru-RU"},{"@type":"Organization","@id":"https:\/\/detailingclub.lv\/#organization","name":"detailingclub.lv","url":"https:\/\/detailingclub.lv\/","logo":{"@type":"ImageObject","inLanguage":"ru-RU","@id":"https:\/\/detailingclub.lv\/#\/schema\/logo\/image\/","url":"https:\/\/detailingclub.lv\/wp-content\/uploads\/2026\/05\/cropped-LOGO-\u0434\u043b\u0438\u043d\u043d\u043e\u0435-\u0431\u0435\u043b\u043e\u0435-\u0441-\u043d\u0430\u043a\u043b\u043e\u043d\u043e\u043c.png","contentUrl":"https:\/\/detailingclub.lv\/wp-content\/uploads\/2026\/05\/cropped-LOGO-\u0434\u043b\u0438\u043d\u043d\u043e\u0435-\u0431\u0435\u043b\u043e\u0435-\u0441-\u043d\u0430\u043a\u043b\u043e\u043d\u043e\u043c.png","width":1140,"height":111,"caption":"detailingclub.lv"},"image":{"@id":"https:\/\/detailingclub.lv\/#\/schema\/logo\/image\/"}}]}},"jetpack_sharing_enabled":true,"_links":{"self":[{"href":"https:\/\/detailingclub.lv\/ru\/wp-json\/wp\/v2\/product\/5688","targetHints":{"allow":["GET"]}}],"collection":[{"href":"https:\/\/detailingclub.lv\/ru\/wp-json\/wp\/v2\/product"}],"about":[{"href":"https:\/\/detailingclub.lv\/ru\/wp-json\/wp\/v2\/types\/product"}],"replies":[{"embeddable":true,"href":"https:\/\/detailingclub.lv\/ru\/wp-json\/wp\/v2\/comments?post=5688"}],"wp:featuredmedia":[{"embeddable":true,"href":"https:\/\/detailingclub.lv\/ru\/wp-json\/wp\/v2\/media\/4825"}],"wp:attachment":[{"href":"https:\/\/detailingclub.lv\/ru\/wp-json\/wp\/v2\/media?parent=5688"}],"wp:term":[{"taxonomy":"product_brand","embeddable":true,"href":"https:\/\/detailingclub.lv\/ru\/wp-json\/wp\/v2\/product_brand?post=5688"},{"taxonomy":"product_cat","embeddable":true,"href":"https:\/\/detailingclub.lv\/ru\/wp-json\/wp\/v2\/product_cat?post=5688"},{"taxonomy":"product_tag","embeddable":true,"href":"https:\/\/detailingclub.lv\/ru\/wp-json\/wp\/v2\/product_tag?post=5688"}],"curies":[{"name":"wp","href":"https:\/\/api.w.org\/{rel}","templated":true}]}}