{"id":5686,"date":"2026-04-21T15:10:52","date_gmt":"2026-04-21T15:10:52","guid":{"rendered":"https:\/\/detailingclub.lv\/products\/liqui-moly-dzineja-skalosanas-lidzeklis-pro-line-1l\/"},"modified":"2026-04-21T16:39:25","modified_gmt":"2026-04-21T16:39:25","slug":"liqui-moly-dzineja-skalosanas-lidzeklis-pro-line-1l","status":"publish","type":"product","link":"https:\/\/detailingclub.lv\/ru\/product\/liqui-moly-dzineja-skalosanas-lidzeklis-pro-line-1l\/","title":{"rendered":"LIQUI MOLY Dzin\u0113ja skalo\u0161anas l\u012bdzeklis PRO-LINE  1L"},"content":{"rendered":"<p data-start=\"57\" data-end=\"264\">Ja v\u0113lies maksim\u0101li t\u012bru dzin\u0113ju pirms e\u013c\u013cas mai\u0146as \u2014 \u0161is jau ir n\u0101kamais l\u012bmenis. PRO-LINE s\u0113rija no <span class=\"hover:entity-accent entity-underline inline cursor-pointer align-baseline\"><span class=\"whitespace-normal\">Liqui Moly<\/span><\/span> ir paredz\u0113ta ne tikai ikdienas lietot\u0101jiem, bet ar\u012b profesion\u0101\u013ciem.<\/p>\n<p data-start=\"266\" data-end=\"549\">\u0160is l\u012bdzeklis dzi\u013ci att\u012bra dzin\u0113ju no nogulsn\u0113m, kv\u0113piem un e\u013c\u013cas atliek\u0101m, kas uzkr\u0101jas e\u013c\u013co\u0161anas kan\u0101los, gredzenos un gult\u0146os. At\u0161\u0137ir\u012bb\u0101 no parastiem flush produktiem \u2014 tas darbojas intens\u012bv\u0101k un efekt\u012bv\u0101k, sagatavojot dzin\u0113ju jaunai e\u013c\u013cai.<\/p>\n<hr data-start=\"551\" data-end=\"554\" \/>\n<p data-start=\"556\" data-end=\"581\"><strong data-start=\"556\" data-end=\"581\">K\u0101p\u0113c tas ir svar\u012bgi:<\/strong><\/p>\n<ul data-start=\"582\" data-end=\"842\">\n<li data-section-id=\"1s75w5l\" data-start=\"582\" data-end=\"628\">Iz\u0161\u0137\u012bdina nogulsnes vis\u0101 e\u013c\u013co\u0161anas sist\u0113m\u0101<\/li>\n<li data-section-id=\"pfgj7r\" data-start=\"629\" data-end=\"712\">Att\u012bra virzu\u013cu gredzenus un e\u013c\u013cas kan\u0101lus<\/li>\n<li data-section-id=\"chojby\" data-start=\"713\" data-end=\"792\">Uzlabo kompresiju un samazina troksni<\/li>\n<li data-section-id=\"1iduiwd\" data-start=\"793\" data-end=\"842\">Nodro\u0161ina maksim\u0101lu jaun\u0101s e\u013c\u013cas efektivit\u0101ti<\/li>\n<\/ul>\n<hr data-start=\"844\" data-end=\"847\" \/>\n<p data-start=\"849\" data-end=\"876\"><strong data-start=\"849\" data-end=\"876\">Galven\u0101s priek\u0161roc\u012bbas:<\/strong><\/p>\n<ul data-start=\"877\" data-end=\"1171\">\n<li data-section-id=\"pyqkei\" data-start=\"877\" data-end=\"936\">Profesion\u0101la PRO-LINE formula ar dzi\u013cu t\u012br\u012b\u0161anas efektu<\/li>\n<li data-section-id=\"1lycyjz\" data-start=\"937\" data-end=\"1040\">Piem\u0113rots benz\u012bna un d\u012bze\u013ca dzin\u0113jiem (ar\u012b ar DPF un turb\u012bnu)<\/li>\n<li data-section-id=\"w1tbth\" data-start=\"1041\" data-end=\"1117\">\u0100tra iedarb\u012bba \u2014 tikai ~10 min\u016btes<\/li>\n<li data-section-id=\"1faz0v3\" data-start=\"1118\" data-end=\"1171\">Samazina e\u013c\u013cas pat\u0113ri\u0146u un uzlabo dzin\u0113ja darb\u012bbu<\/li>\n<\/ul>\n<hr data-start=\"1173\" data-end=\"1176\" \/>\n<h3 data-section-id=\"jysabt\" data-start=\"1178\" data-end=\"1219\"><span role=\"text\"><strong data-start=\"1182\" data-end=\"1219\">K\u0101 lietot (ra\u017eot\u0101ja instrukcija):<\/strong><\/span><\/h3>\n<ul data-start=\"1220\" data-end=\"1564\">\n<li data-section-id=\"pmqxrs\" data-start=\"1220\" data-end=\"1278\">Pievienot l\u012bdzekli <strong data-start=\"1241\" data-end=\"1276\">vecajai motore\u013c\u013cai pirms mai\u0146as<\/strong><\/li>\n<li data-section-id=\"nqtox4\" data-start=\"1279\" data-end=\"1383\">Iedarbin\u0101t dzin\u0113ju un \u013caut tam darboties tuk\u0161gait\u0101 ~10 min\u016btes<\/li>\n<li data-section-id=\"1jog7q9\" data-start=\"1384\" data-end=\"1419\"><strong data-start=\"1386\" data-end=\"1417\">Nebraukt ar auto \u0161aj\u0101 laik\u0101<\/strong><\/li>\n<li data-section-id=\"1pv8hnn\" data-start=\"1420\" data-end=\"1478\">P\u0113c tam <strong data-start=\"1430\" data-end=\"1476\">nekav\u0113joties nomain\u012bt e\u013c\u013cu un e\u013c\u013cas filtru<\/strong><\/li>\n<li data-section-id=\"150wu8d\" data-start=\"1479\" data-end=\"1564\">1L paredz\u0113ts liel\u0101kam e\u013c\u013cas apjomam (vai intens\u012bv\u0101kai skalo\u0161anai vair\u0101kos ciklos)<\/li>\n<\/ul>\n<hr data-start=\"1566\" data-end=\"1569\" \/>\n<p data-start=\"1571\" data-end=\"1586\"><strong data-start=\"1571\" data-end=\"1586\">Kad lietot:<\/strong><\/p>\n<ul data-start=\"1587\" data-end=\"1790\">\n<li data-section-id=\"1b5p8gh\" data-start=\"1587\" data-end=\"1650\">Pirms katras e\u013c\u013cas mai\u0146as (\u012bpa\u0161i ja auto lietots intens\u012bvi)<\/li>\n<li data-section-id=\"1d64yp5\" data-start=\"1651\" data-end=\"1708\">Auto ar lielu nobraukumu vai nezin\u0101mu apkopju v\u0113sturi<\/li>\n<li data-section-id=\"15ffces\" data-start=\"1709\" data-end=\"1739\">P\u0101rejot uz citu e\u013c\u013cas tipu<\/li>\n<li data-section-id=\"94v3f8\" data-start=\"1740\" data-end=\"1790\">Ja dzin\u0113js ir net\u012brs vai darbojas nevienm\u0113r\u012bgi<\/li>\n<\/ul>\n<p data-start=\"1792\" data-end=\"1897\">\u0160is ir produkts tiem, kas grib dar\u012bt pareizi \u2014 nevis tikai nomain\u012bt e\u013c\u013cu, bet izt\u012br\u012bt dzin\u0113ju l\u012bdz galam.<\/p>","protected":false},"excerpt":{"rendered":"<h2>LIQUI MOLY Dzin\u0113ja skalo\u0161anas l\u012bdzeklis PRO-LINE 1L<\/h2>","protected":false},"featured_media":4821,"comment_status":"open","ping_status":"closed","template":"","meta":{"site-sidebar-layout":"default","site-content-layout":"","ast-site-content-layout":"default","site-content-style":"default","site-sidebar-style":"default","ast-global-header-display":"","ast-banner-title-visibility":"","ast-main-header-display":"","ast-hfb-above-header-display":"","ast-hfb-below-header-display":"","ast-hfb-mobile-header-display":"","site-post-title":"","ast-breadcrumbs-content":"","ast-featured-img":"","footer-sml-layout":"","ast-disable-related-posts":"","theme-transparent-header-meta":"default","adv-header-id-meta":"","stick-header-meta":"","header-above-stick-meta":"","header-main-stick-meta":"","header-below-stick-meta":"","astra-migrate-meta-layouts":"set","ast-page-background-enabled":"default","ast-page-background-meta":{"desktop":{"background-color":"var(--ast-global-color-5)","background-image":"","background-repeat":"repeat","background-position":"center center","background-size":"auto","background-attachment":"scroll","background-type":"","background-media":"","overlay-type":"","overlay-color":"","overlay-opacity":"","overlay-gradient":""},"tablet":{"background-color":"","background-image":"","background-repeat":"repeat","background-position":"center center","background-size":"auto","background-attachment":"scroll","background-type":"","background-media":"","overlay-type":"","overlay-color":"","overlay-opacity":"","overlay-gradient":""},"mobile":{"background-color":"","background-image":"","background-repeat":"repeat","background-position":"center center","background-size":"auto","background-attachment":"scroll","background-type":"","background-media":"","overlay-type":"","overlay-color":"","overlay-opacity":"","overlay-gradient":""}},"ast-content-background-meta":{"desktop":{"background-color":"var(--ast-global-color-4)","background-image":"","background-repeat":"repeat","background-position":"center center","background-size":"auto","background-attachment":"scroll","background-type":"","background-media":"","overlay-type":"","overlay-color":"","overlay-opacity":"","overlay-gradient":""},"tablet":{"background-color":"var(--ast-global-color-4)","background-image":"","background-repeat":"repeat","background-position":"center center","background-size":"auto","background-attachment":"scroll","background-type":"","background-media":"","overlay-type":"","overlay-color":"","overlay-opacity":"","overlay-gradient":""},"mobile":{"background-color":"var(--ast-global-color-4)","background-image":"","background-repeat":"repeat","background-position":"center center","background-size":"auto","background-attachment":"scroll","background-type":"","background-media":"","overlay-type":"","overlay-color":"","overlay-opacity":"","overlay-gradient":""}}},"product_brand":[99],"product_cat":[155],"product_tag":[],"class_list":{"0":"post-5686","1":"product","2":"type-product","3":"status-publish","4":"has-post-thumbnail","6":"product_brand-liqui-moly","7":"product_cat-ellas-piedevas","8":"pa_tilpums-1l","9":"pa_zimols-liqui-moly","10":"desktop-align-left","11":"tablet-align-left","12":"mobile-align-left","14":"first","15":"instock","16":"taxable","17":"shipping-taxable","18":"purchasable","19":"product-type-simple"},"yoast_head":"<!-- This site is optimized with the Yoast SEO plugin v27.4 - https:\/\/yoast.com\/product\/yoast-seo-wordpress\/ -->\n<title>LIQUI MOLY Dzin\u0113ja skalo\u0161anas l\u012bdzeklis PRO-LINE 1L - detailingclub.lv<\/title>\n<meta name=\"description\" content=\"Liqui Moly PRO-LINE Engine Flush 1L dzi\u013ci att\u012bra dzin\u0113ju pirms e\u013c\u013cas mai\u0146as, no\u0146em nogulsnes un uzlabo motora darb\u012bbu. Profesion\u0101ls risin\u0101jums.\" \/>\n<meta name=\"robots\" content=\"index, follow, max-snippet:-1, max-image-preview:large, max-video-preview:-1\" \/>\n<link rel=\"canonical\" href=\"https:\/\/detailingclub.lv\/ru\/product\/liqui-moly-dzineja-skalosanas-lidzeklis-pro-line-1l\/\" \/>\n<meta property=\"og:locale\" content=\"ru_RU\" \/>\n<meta property=\"og:type\" content=\"article\" \/>\n<meta property=\"og:title\" content=\"LIQUI MOLY Dzin\u0113ja skalo\u0161anas l\u012bdzeklis PRO-LINE 1L - detailingclub.lv\" \/>\n<meta property=\"og:description\" content=\"Liqui Moly PRO-LINE Engine Flush 1L dzi\u013ci att\u012bra dzin\u0113ju pirms e\u013c\u013cas mai\u0146as, no\u0146em nogulsnes un uzlabo motora darb\u012bbu. Profesion\u0101ls risin\u0101jums.\" \/>\n<meta property=\"og:url\" content=\"https:\/\/detailingclub.lv\/ru\/product\/liqui-moly-dzineja-skalosanas-lidzeklis-pro-line-1l\/\" \/>\n<meta property=\"og:site_name\" content=\"detailingclub.lv\" \/>\n<meta property=\"article:modified_time\" content=\"2026-04-21T16:39:25+00:00\" \/>\n<meta property=\"og:image\" content=\"https:\/\/detailingclub.lv\/wp-content\/uploads\/2026\/04\/5420.jpg\" \/>\n\t<meta property=\"og:image:width\" content=\"509\" \/>\n\t<meta property=\"og:image:height\" content=\"1200\" \/>\n\t<meta property=\"og:image:type\" content=\"image\/jpeg\" \/>\n<meta name=\"twitter:card\" content=\"summary_large_image\" \/>\n<meta name=\"twitter:label1\" content=\"\u041f\u0440\u0438\u043c\u0435\u0440\u043d\u043e\u0435 \u0432\u0440\u0435\u043c\u044f \u0434\u043b\u044f \u0447\u0442\u0435\u043d\u0438\u044f\" \/>\n\t<meta name=\"twitter:data1\" content=\"2 \u043c\u0438\u043d\u0443\u0442\u044b\" \/>\n<script type=\"application\/ld+json\" class=\"yoast-schema-graph\">{\"@context\":\"https:\\\/\\\/schema.org\",\"@graph\":[{\"@type\":\"WebPage\",\"@id\":\"https:\\\/\\\/detailingclub.lv\\\/products\\\/liqui-moly-dzineja-skalosanas-lidzeklis-pro-line-1l\\\/\",\"url\":\"https:\\\/\\\/detailingclub.lv\\\/products\\\/liqui-moly-dzineja-skalosanas-lidzeklis-pro-line-1l\\\/\",\"name\":\"LIQUI MOLY Dzin\u0113ja skalo\u0161anas l\u012bdzeklis PRO-LINE 1L - detailingclub.lv\",\"isPartOf\":{\"@id\":\"https:\\\/\\\/detailingclub.lv\\\/#website\"},\"primaryImageOfPage\":{\"@id\":\"https:\\\/\\\/detailingclub.lv\\\/products\\\/liqui-moly-dzineja-skalosanas-lidzeklis-pro-line-1l\\\/#primaryimage\"},\"image\":{\"@id\":\"https:\\\/\\\/detailingclub.lv\\\/products\\\/liqui-moly-dzineja-skalosanas-lidzeklis-pro-line-1l\\\/#primaryimage\"},\"thumbnailUrl\":\"https:\\\/\\\/detailingclub.lv\\\/wp-content\\\/uploads\\\/2026\\\/04\\\/5420.jpg\",\"datePublished\":\"2026-04-21T15:10:52+00:00\",\"dateModified\":\"2026-04-21T16:39:25+00:00\",\"description\":\"Liqui Moly PRO-LINE Engine Flush 1L dzi\u013ci att\u012bra dzin\u0113ju pirms e\u013c\u013cas mai\u0146as, no\u0146em nogulsnes un uzlabo motora darb\u012bbu. Profesion\u0101ls risin\u0101jums.\",\"breadcrumb\":{\"@id\":\"https:\\\/\\\/detailingclub.lv\\\/products\\\/liqui-moly-dzineja-skalosanas-lidzeklis-pro-line-1l\\\/#breadcrumb\"},\"inLanguage\":\"ru-RU\",\"potentialAction\":[{\"@type\":\"ReadAction\",\"target\":[\"https:\\\/\\\/detailingclub.lv\\\/products\\\/liqui-moly-dzineja-skalosanas-lidzeklis-pro-line-1l\\\/\"]}]},{\"@type\":\"ImageObject\",\"inLanguage\":\"ru-RU\",\"@id\":\"https:\\\/\\\/detailingclub.lv\\\/products\\\/liqui-moly-dzineja-skalosanas-lidzeklis-pro-line-1l\\\/#primaryimage\",\"url\":\"https:\\\/\\\/detailingclub.lv\\\/wp-content\\\/uploads\\\/2026\\\/04\\\/5420.jpg\",\"contentUrl\":\"https:\\\/\\\/detailingclub.lv\\\/wp-content\\\/uploads\\\/2026\\\/04\\\/5420.jpg\",\"width\":509,\"height\":1200},{\"@type\":\"BreadcrumbList\",\"@id\":\"https:\\\/\\\/detailingclub.lv\\\/products\\\/liqui-moly-dzineja-skalosanas-lidzeklis-pro-line-1l\\\/#breadcrumb\",\"itemListElement\":[{\"@type\":\"ListItem\",\"position\":1,\"name\":\"Home\",\"item\":\"https:\\\/\\\/detailingclub.lv\\\/\"},{\"@type\":\"ListItem\",\"position\":2,\"name\":\"VEIKALS\",\"item\":\"https:\\\/\\\/detailingclub.lv\\\/veikals\\\/\"},{\"@type\":\"ListItem\",\"position\":3,\"name\":\"LIQUI MOLY Dzin\u0113ja skalo\u0161anas l\u012bdzeklis PRO-LINE 1L\"}]},{\"@type\":\"WebSite\",\"@id\":\"https:\\\/\\\/detailingclub.lv\\\/#website\",\"url\":\"https:\\\/\\\/detailingclub.lv\\\/\",\"name\":\"detailingclub.lv\",\"description\":\"\",\"publisher\":{\"@id\":\"https:\\\/\\\/detailingclub.lv\\\/#organization\"},\"potentialAction\":[{\"@type\":\"SearchAction\",\"target\":{\"@type\":\"EntryPoint\",\"urlTemplate\":\"https:\\\/\\\/detailingclub.lv\\\/?s={search_term_string}\"},\"query-input\":{\"@type\":\"PropertyValueSpecification\",\"valueRequired\":true,\"valueName\":\"search_term_string\"}}],\"inLanguage\":\"ru-RU\"},{\"@type\":\"Organization\",\"@id\":\"https:\\\/\\\/detailingclub.lv\\\/#organization\",\"name\":\"detailingclub.lv\",\"url\":\"https:\\\/\\\/detailingclub.lv\\\/\",\"logo\":{\"@type\":\"ImageObject\",\"inLanguage\":\"ru-RU\",\"@id\":\"https:\\\/\\\/detailingclub.lv\\\/#\\\/schema\\\/logo\\\/image\\\/\",\"url\":\"https:\\\/\\\/detailingclub.lv\\\/wp-content\\\/uploads\\\/2026\\\/05\\\/cropped-LOGO-\u0434\u043b\u0438\u043d\u043d\u043e\u0435-\u0431\u0435\u043b\u043e\u0435-\u0441-\u043d\u0430\u043a\u043b\u043e\u043d\u043e\u043c.png\",\"contentUrl\":\"https:\\\/\\\/detailingclub.lv\\\/wp-content\\\/uploads\\\/2026\\\/05\\\/cropped-LOGO-\u0434\u043b\u0438\u043d\u043d\u043e\u0435-\u0431\u0435\u043b\u043e\u0435-\u0441-\u043d\u0430\u043a\u043b\u043e\u043d\u043e\u043c.png\",\"width\":1140,\"height\":111,\"caption\":\"detailingclub.lv\"},\"image\":{\"@id\":\"https:\\\/\\\/detailingclub.lv\\\/#\\\/schema\\\/logo\\\/image\\\/\"}}]}<\/script>\n<!-- \/ Yoast SEO plugin. -->","yoast_head_json":{"title":"LIQUI MOLY Dzin\u0113ja skalo\u0161anas l\u012bdzeklis PRO-LINE 1L - detailingclub.lv","description":"Liqui Moly PRO-LINE Engine Flush 1L dzi\u013ci att\u012bra dzin\u0113ju pirms e\u013c\u013cas mai\u0146as, no\u0146em nogulsnes un uzlabo motora darb\u012bbu. Profesion\u0101ls risin\u0101jums.","robots":{"index":"index","follow":"follow","max-snippet":"max-snippet:-1","max-image-preview":"max-image-preview:large","max-video-preview":"max-video-preview:-1"},"canonical":"https:\/\/detailingclub.lv\/ru\/product\/liqui-moly-dzineja-skalosanas-lidzeklis-pro-line-1l\/","og_locale":"ru_RU","og_type":"article","og_title":"LIQUI MOLY Dzin\u0113ja skalo\u0161anas l\u012bdzeklis PRO-LINE 1L - detailingclub.lv","og_description":"Liqui Moly PRO-LINE Engine Flush 1L dzi\u013ci att\u012bra dzin\u0113ju pirms e\u013c\u013cas mai\u0146as, no\u0146em nogulsnes un uzlabo motora darb\u012bbu. Profesion\u0101ls risin\u0101jums.","og_url":"https:\/\/detailingclub.lv\/ru\/product\/liqui-moly-dzineja-skalosanas-lidzeklis-pro-line-1l\/","og_site_name":"detailingclub.lv","article_modified_time":"2026-04-21T16:39:25+00:00","og_image":[{"width":509,"height":1200,"url":"https:\/\/detailingclub.lv\/wp-content\/uploads\/2026\/04\/5420.jpg","type":"image\/jpeg"}],"twitter_card":"summary_large_image","twitter_misc":{"\u041f\u0440\u0438\u043c\u0435\u0440\u043d\u043e\u0435 \u0432\u0440\u0435\u043c\u044f \u0434\u043b\u044f \u0447\u0442\u0435\u043d\u0438\u044f":"2 \u043c\u0438\u043d\u0443\u0442\u044b"},"schema":{"@context":"https:\/\/schema.org","@graph":[{"@type":"WebPage","@id":"https:\/\/detailingclub.lv\/products\/liqui-moly-dzineja-skalosanas-lidzeklis-pro-line-1l\/","url":"https:\/\/detailingclub.lv\/products\/liqui-moly-dzineja-skalosanas-lidzeklis-pro-line-1l\/","name":"LIQUI MOLY Dzin\u0113ja skalo\u0161anas l\u012bdzeklis PRO-LINE 1L - detailingclub.lv","isPartOf":{"@id":"https:\/\/detailingclub.lv\/#website"},"primaryImageOfPage":{"@id":"https:\/\/detailingclub.lv\/products\/liqui-moly-dzineja-skalosanas-lidzeklis-pro-line-1l\/#primaryimage"},"image":{"@id":"https:\/\/detailingclub.lv\/products\/liqui-moly-dzineja-skalosanas-lidzeklis-pro-line-1l\/#primaryimage"},"thumbnailUrl":"https:\/\/detailingclub.lv\/wp-content\/uploads\/2026\/04\/5420.jpg","datePublished":"2026-04-21T15:10:52+00:00","dateModified":"2026-04-21T16:39:25+00:00","description":"Liqui Moly PRO-LINE Engine Flush 1L dzi\u013ci att\u012bra dzin\u0113ju pirms e\u013c\u013cas mai\u0146as, no\u0146em nogulsnes un uzlabo motora darb\u012bbu. Profesion\u0101ls risin\u0101jums.","breadcrumb":{"@id":"https:\/\/detailingclub.lv\/products\/liqui-moly-dzineja-skalosanas-lidzeklis-pro-line-1l\/#breadcrumb"},"inLanguage":"ru-RU","potentialAction":[{"@type":"ReadAction","target":["https:\/\/detailingclub.lv\/products\/liqui-moly-dzineja-skalosanas-lidzeklis-pro-line-1l\/"]}]},{"@type":"ImageObject","inLanguage":"ru-RU","@id":"https:\/\/detailingclub.lv\/products\/liqui-moly-dzineja-skalosanas-lidzeklis-pro-line-1l\/#primaryimage","url":"https:\/\/detailingclub.lv\/wp-content\/uploads\/2026\/04\/5420.jpg","contentUrl":"https:\/\/detailingclub.lv\/wp-content\/uploads\/2026\/04\/5420.jpg","width":509,"height":1200},{"@type":"BreadcrumbList","@id":"https:\/\/detailingclub.lv\/products\/liqui-moly-dzineja-skalosanas-lidzeklis-pro-line-1l\/#breadcrumb","itemListElement":[{"@type":"ListItem","position":1,"name":"Home","item":"https:\/\/detailingclub.lv\/"},{"@type":"ListItem","position":2,"name":"VEIKALS","item":"https:\/\/detailingclub.lv\/veikals\/"},{"@type":"ListItem","position":3,"name":"LIQUI MOLY Dzin\u0113ja skalo\u0161anas l\u012bdzeklis PRO-LINE 1L"}]},{"@type":"WebSite","@id":"https:\/\/detailingclub.lv\/#website","url":"https:\/\/detailingclub.lv\/","name":"detailingclub.lv","description":"","publisher":{"@id":"https:\/\/detailingclub.lv\/#organization"},"potentialAction":[{"@type":"SearchAction","target":{"@type":"EntryPoint","urlTemplate":"https:\/\/detailingclub.lv\/?s={search_term_string}"},"query-input":{"@type":"PropertyValueSpecification","valueRequired":true,"valueName":"search_term_string"}}],"inLanguage":"ru-RU"},{"@type":"Organization","@id":"https:\/\/detailingclub.lv\/#organization","name":"detailingclub.lv","url":"https:\/\/detailingclub.lv\/","logo":{"@type":"ImageObject","inLanguage":"ru-RU","@id":"https:\/\/detailingclub.lv\/#\/schema\/logo\/image\/","url":"https:\/\/detailingclub.lv\/wp-content\/uploads\/2026\/05\/cropped-LOGO-\u0434\u043b\u0438\u043d\u043d\u043e\u0435-\u0431\u0435\u043b\u043e\u0435-\u0441-\u043d\u0430\u043a\u043b\u043e\u043d\u043e\u043c.png","contentUrl":"https:\/\/detailingclub.lv\/wp-content\/uploads\/2026\/05\/cropped-LOGO-\u0434\u043b\u0438\u043d\u043d\u043e\u0435-\u0431\u0435\u043b\u043e\u0435-\u0441-\u043d\u0430\u043a\u043b\u043e\u043d\u043e\u043c.png","width":1140,"height":111,"caption":"detailingclub.lv"},"image":{"@id":"https:\/\/detailingclub.lv\/#\/schema\/logo\/image\/"}}]}},"jetpack_sharing_enabled":true,"_links":{"self":[{"href":"https:\/\/detailingclub.lv\/ru\/wp-json\/wp\/v2\/product\/5686","targetHints":{"allow":["GET"]}}],"collection":[{"href":"https:\/\/detailingclub.lv\/ru\/wp-json\/wp\/v2\/product"}],"about":[{"href":"https:\/\/detailingclub.lv\/ru\/wp-json\/wp\/v2\/types\/product"}],"replies":[{"embeddable":true,"href":"https:\/\/detailingclub.lv\/ru\/wp-json\/wp\/v2\/comments?post=5686"}],"wp:featuredmedia":[{"embeddable":true,"href":"https:\/\/detailingclub.lv\/ru\/wp-json\/wp\/v2\/media\/4821"}],"wp:attachment":[{"href":"https:\/\/detailingclub.lv\/ru\/wp-json\/wp\/v2\/media?parent=5686"}],"wp:term":[{"taxonomy":"product_brand","embeddable":true,"href":"https:\/\/detailingclub.lv\/ru\/wp-json\/wp\/v2\/product_brand?post=5686"},{"taxonomy":"product_cat","embeddable":true,"href":"https:\/\/detailingclub.lv\/ru\/wp-json\/wp\/v2\/product_cat?post=5686"},{"taxonomy":"product_tag","embeddable":true,"href":"https:\/\/detailingclub.lv\/ru\/wp-json\/wp\/v2\/product_tag?post=5686"}],"curies":[{"name":"wp","href":"https:\/\/api.w.org\/{rel}","templated":true}]}}