{"id":5677,"date":"2026-04-21T15:10:50","date_gmt":"2026-04-21T15:10:50","guid":{"rendered":"https:\/\/detailingclub.lv\/products\/liqui-moly-lidz-transmis-ellas-teces-noversana-500ml\/"},"modified":"2026-04-21T19:56:31","modified_gmt":"2026-04-21T19:56:31","slug":"liqui-moly-lidz-transmis-ellas-teces-noversana-500ml","status":"publish","type":"product","link":"https:\/\/detailingclub.lv\/ru\/product\/liqui-moly-lidz-transmis-ellas-teces-noversana-500ml\/","title":{"rendered":"LIQUI MOLY L\u012bdz. transmis. e\u013c\u013cas teces nov\u0113r\u0161ana 500ml"},"content":{"rendered":"<p data-start=\"207\" data-end=\"419\">\u0160is ir risin\u0101jums, kad transmisija s\u0101k \u201csv\u012bst\u201d vai pil\u0113t, bet tu v\u0113l neesi gatavs remontam. LIQUI MOLY piedeva ir paredz\u0113ta, lai <strong data-start=\"336\" data-end=\"418\">atjaunotu saciet\u0113ju\u0161as bl\u012bves un samazin\u0101tu vai piln\u012bb\u0101 nov\u0113rstu e\u013c\u013cas nopl\u016bdi<\/strong>.<\/p>\n<p data-start=\"421\" data-end=\"568\">Svar\u012bgi saprast: tas nav \u201cma\u0123iskais l\u012bdzeklis visam\u201d, bet <strong data-start=\"479\" data-end=\"567\">\u013coti efekt\u012bvs gad\u012bjumos, kad probl\u0113ma ir nolietotas bl\u012bves, nevis meh\u0101nisks boj\u0101jums<\/strong>.<\/p>\n<hr data-start=\"570\" data-end=\"573\" \/>\n<h2 data-section-id=\"bjgfgb\" data-start=\"575\" data-end=\"603\"><span role=\"text\"><strong data-start=\"578\" data-end=\"603\">K\u0101p\u0113c tas ir svar\u012bgi:<\/strong><\/span><\/h2>\n<ul data-start=\"604\" data-end=\"861\">\n<li data-section-id=\"112vdmw\" data-start=\"604\" data-end=\"690\">Aptur vai samazina e\u013c\u013cas nopl\u016bdi transmisij\u0101<\/li>\n<li data-section-id=\"1sjdeig\" data-start=\"691\" data-end=\"769\">Atjauno gumijas un plastmasas bl\u012bves<\/li>\n<li data-section-id=\"17nhckr\" data-start=\"770\" data-end=\"815\">Nov\u0113r\u0161 e\u013c\u013cas l\u012bme\u0146a kri\u0161anos un boj\u0101jumus<\/li>\n<li data-section-id=\"dfojth\" data-start=\"816\" data-end=\"861\">Samazina remonta nepiecie\u0161am\u012bbu \u012bstermi\u0146\u0101<\/li>\n<\/ul>\n<hr data-start=\"863\" data-end=\"866\" \/>\n<h2 data-section-id=\"wghv7f\" data-start=\"868\" data-end=\"898\"><span role=\"text\"><strong data-start=\"871\" data-end=\"898\">Galven\u0101s priek\u0161roc\u012bbas:<\/strong><\/span><\/h2>\n<ul data-start=\"899\" data-end=\"1259\">\n<li data-section-id=\"1i3cq03\" data-start=\"899\" data-end=\"926\">Darbojas bez demont\u0101\u017eas<\/li>\n<li data-section-id=\"ln0dmp\" data-start=\"927\" data-end=\"1024\">Piem\u0113rots manu\u0101laj\u0101m, diferenci\u0101\u013cu un pal\u012bgtransmisij\u0101m<\/li>\n<li data-section-id=\"w6evf7\" data-start=\"1025\" data-end=\"1096\">500ml pietiek l\u012bdz ~10L e\u013c\u013cas<\/li>\n<li data-section-id=\"1llfaha\" data-start=\"1097\" data-end=\"1169\">Efekts par\u0101d\u0101s p\u0113c ~600\u2013800 km<\/li>\n<li data-section-id=\"wuxacl\" data-start=\"1170\" data-end=\"1259\">Samazina vides pies\u0101r\u0146ojumu (nav e\u013c\u013cas pilienu)<\/li>\n<\/ul>\n<hr data-start=\"1261\" data-end=\"1264\" \/>\n<h2 data-section-id=\"1f92cct\" data-start=\"1266\" data-end=\"1314\"><span role=\"text\">\u26a0\ufe0f <strong data-start=\"1272\" data-end=\"1314\">Svar\u012bgi zin\u0101t (re\u0101li, bez marketinga):<\/strong><\/span><\/h2>\n<ul data-start=\"1315\" data-end=\"1559\">\n<li data-section-id=\"1ho3zxe\" data-start=\"1315\" data-end=\"1382\">Nestr\u0101d\u0101s, ja ir meh\u0101nisks boj\u0101jums (plaisa, sal\u016bzis bl\u012bvsl\u0113gs)<\/li>\n<li data-section-id=\"1gprxqu\" data-start=\"1383\" data-end=\"1491\">Nav paredz\u0113ts <strong data-start=\"1399\" data-end=\"1451\">autom\u0101tiskaj\u0101m k\u0101rb\u0101m vai slapj\u0101 saj\u016bga sist\u0113m\u0101m<\/strong><\/li>\n<li data-section-id=\"13841y\" data-start=\"1492\" data-end=\"1559\">Tas ir risin\u0101jums <strong data-start=\"1512\" data-end=\"1557\">simptomam (nopl\u016bdei), nevis visam mezglam<\/strong><\/li>\n<\/ul>\n<hr data-start=\"1561\" data-end=\"1564\" \/>\n<h2 data-section-id=\"5ux40p\" data-start=\"1566\" data-end=\"1611\"><span role=\"text\"><strong data-start=\"1569\" data-end=\"1611\">K\u0101 lietot (p\u0113c ra\u017eot\u0101ja instrukcijas):<\/strong><\/span><\/h2>\n<ul data-start=\"1612\" data-end=\"1798\">\n<li data-section-id=\"1c359bo\" data-start=\"1612\" data-end=\"1652\">Pievienot piedevu transmisijas e\u013c\u013cai<\/li>\n<li data-section-id=\"1fhvjv\" data-start=\"1653\" data-end=\"1748\">Var pievienot jebkur\u0101 laik\u0101 (nav j\u0101maina e\u013c\u013ca uzreiz)<\/li>\n<li data-section-id=\"1n84orf\" data-start=\"1749\" data-end=\"1798\">Izbraukt ar auto (efekts par\u0101d\u0101s pak\u0101peniski)<\/li>\n<\/ul>\n<hr data-start=\"1800\" data-end=\"1803\" \/>\n<h2 data-section-id=\"1w3bgym\" data-start=\"1805\" data-end=\"1823\"><span role=\"text\"><strong data-start=\"1808\" data-end=\"1823\">Kad lietot:<\/strong><\/span><\/h2>\n<ul data-start=\"1824\" data-end=\"1979\">\n<li data-section-id=\"26y74h\" data-start=\"1824\" data-end=\"1864\">Ja transmisija s\u0101k \u201csv\u012bst\u201d vai pil\u0113t<\/li>\n<li data-section-id=\"jsznxr\" data-start=\"1865\" data-end=\"1893\">Ja bl\u012bves ir novecoju\u0161as<\/li>\n<li data-section-id=\"l9sek9\" data-start=\"1894\" data-end=\"1933\">K\u0101 pagaidu risin\u0101jums pirms remonta<\/li>\n<li data-section-id=\"1j4oz1l\" data-start=\"1934\" data-end=\"1979\">Lai samazin\u0101tu e\u013c\u013cas pat\u0113ri\u0146u transmisij\u0101<\/li>\n<\/ul>\n<hr data-start=\"1981\" data-end=\"1984\" \/>\n<p data-start=\"1986\" data-end=\"2172\">\u0160is ir produkts, kas <strong data-start=\"2007\" data-end=\"2035\">var re\u0101li ietaup\u012bt naudu<\/strong>, bet tikai tad, ja lieto pareizaj\u0101 situ\u0101cij\u0101. Ja nopl\u016bde ir neliela \u2014 tas bie\u017ei pal\u012bdz. Ja probl\u0113ma nopietna \u2014 tas tikai atliks remontu.<\/p>","protected":false},"excerpt":{"rendered":"<h2>LIQUI MOLY L\u012bdz. transmis. e\u013c\u013cas teces nov\u0113r\u0161ana 500ml<\/h2>","protected":false},"featured_media":4803,"comment_status":"open","ping_status":"closed","template":"","meta":{"site-sidebar-layout":"default","site-content-layout":"","ast-site-content-layout":"default","site-content-style":"default","site-sidebar-style":"default","ast-global-header-display":"","ast-banner-title-visibility":"","ast-main-header-display":"","ast-hfb-above-header-display":"","ast-hfb-below-header-display":"","ast-hfb-mobile-header-display":"","site-post-title":"","ast-breadcrumbs-content":"","ast-featured-img":"","footer-sml-layout":"","ast-disable-related-posts":"","theme-transparent-header-meta":"default","adv-header-id-meta":"","stick-header-meta":"","header-above-stick-meta":"","header-main-stick-meta":"","header-below-stick-meta":"","astra-migrate-meta-layouts":"set","ast-page-background-enabled":"default","ast-page-background-meta":{"desktop":{"background-color":"var(--ast-global-color-5)","background-image":"","background-repeat":"repeat","background-position":"center center","background-size":"auto","background-attachment":"scroll","background-type":"","background-media":"","overlay-type":"","overlay-color":"","overlay-opacity":"","overlay-gradient":""},"tablet":{"background-color":"","background-image":"","background-repeat":"repeat","background-position":"center center","background-size":"auto","background-attachment":"scroll","background-type":"","background-media":"","overlay-type":"","overlay-color":"","overlay-opacity":"","overlay-gradient":""},"mobile":{"background-color":"","background-image":"","background-repeat":"repeat","background-position":"center center","background-size":"auto","background-attachment":"scroll","background-type":"","background-media":"","overlay-type":"","overlay-color":"","overlay-opacity":"","overlay-gradient":""}},"ast-content-background-meta":{"desktop":{"background-color":"var(--ast-global-color-4)","background-image":"","background-repeat":"repeat","background-position":"center center","background-size":"auto","background-attachment":"scroll","background-type":"","background-media":"","overlay-type":"","overlay-color":"","overlay-opacity":"","overlay-gradient":""},"tablet":{"background-color":"var(--ast-global-color-4)","background-image":"","background-repeat":"repeat","background-position":"center center","background-size":"auto","background-attachment":"scroll","background-type":"","background-media":"","overlay-type":"","overlay-color":"","overlay-opacity":"","overlay-gradient":""},"mobile":{"background-color":"var(--ast-global-color-4)","background-image":"","background-repeat":"repeat","background-position":"center center","background-size":"auto","background-attachment":"scroll","background-type":"","background-media":"","overlay-type":"","overlay-color":"","overlay-opacity":"","overlay-gradient":""}}},"product_brand":[99],"product_cat":[156,155],"product_tag":[],"class_list":{"0":"post-5677","1":"product","2":"type-product","3":"status-publish","4":"has-post-thumbnail","6":"product_brand-liqui-moly","7":"product_cat-citas-piedevas","8":"product_cat-ellas-piedevas","9":"pa_tilpums-500-ml","10":"pa_zimols-liqui-moly","11":"desktop-align-left","12":"tablet-align-left","13":"mobile-align-left","15":"first","16":"instock","17":"taxable","18":"shipping-taxable","19":"purchasable","20":"product-type-simple"},"yoast_head":"<!-- This site is optimized with the Yoast SEO plugin v27.4 - https:\/\/yoast.com\/product\/yoast-seo-wordpress\/ -->\n<title>LIQUI MOLY L\u012bdz. transmis. e\u013c\u013cas teces nov\u0113r\u0161ana 500ml - detailingclub.lv<\/title>\n<meta name=\"description\" content=\"Liqui Moly transmisijas e\u013c\u013cas teces nov\u0113r\u0161anas l\u012bdzeklis 500ml atjauno bl\u012bves, samazina nopl\u016bdi un pal\u012bdz aizsarg\u0101t transmisiju bez demont\u0101\u017eas.\" \/>\n<meta name=\"robots\" content=\"index, follow, max-snippet:-1, max-image-preview:large, max-video-preview:-1\" \/>\n<link rel=\"canonical\" href=\"https:\/\/detailingclub.lv\/ru\/product\/liqui-moly-lidz-transmis-ellas-teces-noversana-500ml\/\" \/>\n<meta property=\"og:locale\" content=\"ru_RU\" \/>\n<meta property=\"og:type\" content=\"article\" \/>\n<meta property=\"og:title\" content=\"LIQUI MOLY L\u012bdz. transmis. e\u013c\u013cas teces nov\u0113r\u0161ana 500ml - detailingclub.lv\" \/>\n<meta property=\"og:description\" content=\"Liqui Moly transmisijas e\u013c\u013cas teces nov\u0113r\u0161anas l\u012bdzeklis 500ml atjauno bl\u012bves, samazina nopl\u016bdi un pal\u012bdz aizsarg\u0101t transmisiju bez demont\u0101\u017eas.\" \/>\n<meta property=\"og:url\" content=\"https:\/\/detailingclub.lv\/ru\/product\/liqui-moly-lidz-transmis-ellas-teces-noversana-500ml\/\" \/>\n<meta property=\"og:site_name\" content=\"detailingclub.lv\" \/>\n<meta property=\"article:modified_time\" content=\"2026-04-21T19:56:31+00:00\" \/>\n<meta property=\"og:image\" content=\"https:\/\/detailingclub.lv\/wp-content\/uploads\/2026\/04\/5458.jpg\" \/>\n\t<meta property=\"og:image:width\" content=\"636\" \/>\n\t<meta property=\"og:image:height\" content=\"1200\" \/>\n\t<meta property=\"og:image:type\" content=\"image\/jpeg\" \/>\n<meta name=\"twitter:card\" content=\"summary_large_image\" \/>\n<meta name=\"twitter:label1\" content=\"\u041f\u0440\u0438\u043c\u0435\u0440\u043d\u043e\u0435 \u0432\u0440\u0435\u043c\u044f \u0434\u043b\u044f \u0447\u0442\u0435\u043d\u0438\u044f\" \/>\n\t<meta name=\"twitter:data1\" content=\"2 \u043c\u0438\u043d\u0443\u0442\u044b\" \/>\n<script type=\"application\/ld+json\" class=\"yoast-schema-graph\">{\"@context\":\"https:\\\/\\\/schema.org\",\"@graph\":[{\"@type\":\"WebPage\",\"@id\":\"https:\\\/\\\/detailingclub.lv\\\/products\\\/liqui-moly-lidz-transmis-ellas-teces-noversana-500ml\\\/\",\"url\":\"https:\\\/\\\/detailingclub.lv\\\/products\\\/liqui-moly-lidz-transmis-ellas-teces-noversana-500ml\\\/\",\"name\":\"LIQUI MOLY L\u012bdz. transmis. e\u013c\u013cas teces nov\u0113r\u0161ana 500ml - detailingclub.lv\",\"isPartOf\":{\"@id\":\"https:\\\/\\\/detailingclub.lv\\\/#website\"},\"primaryImageOfPage\":{\"@id\":\"https:\\\/\\\/detailingclub.lv\\\/products\\\/liqui-moly-lidz-transmis-ellas-teces-noversana-500ml\\\/#primaryimage\"},\"image\":{\"@id\":\"https:\\\/\\\/detailingclub.lv\\\/products\\\/liqui-moly-lidz-transmis-ellas-teces-noversana-500ml\\\/#primaryimage\"},\"thumbnailUrl\":\"https:\\\/\\\/detailingclub.lv\\\/wp-content\\\/uploads\\\/2026\\\/04\\\/5458.jpg\",\"datePublished\":\"2026-04-21T15:10:50+00:00\",\"dateModified\":\"2026-04-21T19:56:31+00:00\",\"description\":\"Liqui Moly transmisijas e\u013c\u013cas teces nov\u0113r\u0161anas l\u012bdzeklis 500ml atjauno bl\u012bves, samazina nopl\u016bdi un pal\u012bdz aizsarg\u0101t transmisiju bez demont\u0101\u017eas.\",\"breadcrumb\":{\"@id\":\"https:\\\/\\\/detailingclub.lv\\\/products\\\/liqui-moly-lidz-transmis-ellas-teces-noversana-500ml\\\/#breadcrumb\"},\"inLanguage\":\"ru-RU\",\"potentialAction\":[{\"@type\":\"ReadAction\",\"target\":[\"https:\\\/\\\/detailingclub.lv\\\/products\\\/liqui-moly-lidz-transmis-ellas-teces-noversana-500ml\\\/\"]}]},{\"@type\":\"ImageObject\",\"inLanguage\":\"ru-RU\",\"@id\":\"https:\\\/\\\/detailingclub.lv\\\/products\\\/liqui-moly-lidz-transmis-ellas-teces-noversana-500ml\\\/#primaryimage\",\"url\":\"https:\\\/\\\/detailingclub.lv\\\/wp-content\\\/uploads\\\/2026\\\/04\\\/5458.jpg\",\"contentUrl\":\"https:\\\/\\\/detailingclub.lv\\\/wp-content\\\/uploads\\\/2026\\\/04\\\/5458.jpg\",\"width\":636,\"height\":1200},{\"@type\":\"BreadcrumbList\",\"@id\":\"https:\\\/\\\/detailingclub.lv\\\/products\\\/liqui-moly-lidz-transmis-ellas-teces-noversana-500ml\\\/#breadcrumb\",\"itemListElement\":[{\"@type\":\"ListItem\",\"position\":1,\"name\":\"Home\",\"item\":\"https:\\\/\\\/detailingclub.lv\\\/\"},{\"@type\":\"ListItem\",\"position\":2,\"name\":\"VEIKALS\",\"item\":\"https:\\\/\\\/detailingclub.lv\\\/veikals\\\/\"},{\"@type\":\"ListItem\",\"position\":3,\"name\":\"LIQUI MOLY L\u012bdz. transmis. e\u013c\u013cas teces nov\u0113r\u0161ana 500ml\"}]},{\"@type\":\"WebSite\",\"@id\":\"https:\\\/\\\/detailingclub.lv\\\/#website\",\"url\":\"https:\\\/\\\/detailingclub.lv\\\/\",\"name\":\"detailingclub.lv\",\"description\":\"\",\"publisher\":{\"@id\":\"https:\\\/\\\/detailingclub.lv\\\/#organization\"},\"potentialAction\":[{\"@type\":\"SearchAction\",\"target\":{\"@type\":\"EntryPoint\",\"urlTemplate\":\"https:\\\/\\\/detailingclub.lv\\\/?s={search_term_string}\"},\"query-input\":{\"@type\":\"PropertyValueSpecification\",\"valueRequired\":true,\"valueName\":\"search_term_string\"}}],\"inLanguage\":\"ru-RU\"},{\"@type\":\"Organization\",\"@id\":\"https:\\\/\\\/detailingclub.lv\\\/#organization\",\"name\":\"detailingclub.lv\",\"url\":\"https:\\\/\\\/detailingclub.lv\\\/\",\"logo\":{\"@type\":\"ImageObject\",\"inLanguage\":\"ru-RU\",\"@id\":\"https:\\\/\\\/detailingclub.lv\\\/#\\\/schema\\\/logo\\\/image\\\/\",\"url\":\"https:\\\/\\\/detailingclub.lv\\\/wp-content\\\/uploads\\\/2026\\\/05\\\/cropped-LOGO-\u0434\u043b\u0438\u043d\u043d\u043e\u0435-\u0431\u0435\u043b\u043e\u0435-\u0441-\u043d\u0430\u043a\u043b\u043e\u043d\u043e\u043c.png\",\"contentUrl\":\"https:\\\/\\\/detailingclub.lv\\\/wp-content\\\/uploads\\\/2026\\\/05\\\/cropped-LOGO-\u0434\u043b\u0438\u043d\u043d\u043e\u0435-\u0431\u0435\u043b\u043e\u0435-\u0441-\u043d\u0430\u043a\u043b\u043e\u043d\u043e\u043c.png\",\"width\":1140,\"height\":111,\"caption\":\"detailingclub.lv\"},\"image\":{\"@id\":\"https:\\\/\\\/detailingclub.lv\\\/#\\\/schema\\\/logo\\\/image\\\/\"}}]}<\/script>\n<!-- \/ Yoast SEO plugin. -->","yoast_head_json":{"title":"LIQUI MOLY L\u012bdz. transmis. e\u013c\u013cas teces nov\u0113r\u0161ana 500ml - detailingclub.lv","description":"Liqui Moly transmisijas e\u013c\u013cas teces nov\u0113r\u0161anas l\u012bdzeklis 500ml atjauno bl\u012bves, samazina nopl\u016bdi un pal\u012bdz aizsarg\u0101t transmisiju bez demont\u0101\u017eas.","robots":{"index":"index","follow":"follow","max-snippet":"max-snippet:-1","max-image-preview":"max-image-preview:large","max-video-preview":"max-video-preview:-1"},"canonical":"https:\/\/detailingclub.lv\/ru\/product\/liqui-moly-lidz-transmis-ellas-teces-noversana-500ml\/","og_locale":"ru_RU","og_type":"article","og_title":"LIQUI MOLY L\u012bdz. transmis. e\u013c\u013cas teces nov\u0113r\u0161ana 500ml - detailingclub.lv","og_description":"Liqui Moly transmisijas e\u013c\u013cas teces nov\u0113r\u0161anas l\u012bdzeklis 500ml atjauno bl\u012bves, samazina nopl\u016bdi un pal\u012bdz aizsarg\u0101t transmisiju bez demont\u0101\u017eas.","og_url":"https:\/\/detailingclub.lv\/ru\/product\/liqui-moly-lidz-transmis-ellas-teces-noversana-500ml\/","og_site_name":"detailingclub.lv","article_modified_time":"2026-04-21T19:56:31+00:00","og_image":[{"width":636,"height":1200,"url":"https:\/\/detailingclub.lv\/wp-content\/uploads\/2026\/04\/5458.jpg","type":"image\/jpeg"}],"twitter_card":"summary_large_image","twitter_misc":{"\u041f\u0440\u0438\u043c\u0435\u0440\u043d\u043e\u0435 \u0432\u0440\u0435\u043c\u044f \u0434\u043b\u044f \u0447\u0442\u0435\u043d\u0438\u044f":"2 \u043c\u0438\u043d\u0443\u0442\u044b"},"schema":{"@context":"https:\/\/schema.org","@graph":[{"@type":"WebPage","@id":"https:\/\/detailingclub.lv\/products\/liqui-moly-lidz-transmis-ellas-teces-noversana-500ml\/","url":"https:\/\/detailingclub.lv\/products\/liqui-moly-lidz-transmis-ellas-teces-noversana-500ml\/","name":"LIQUI MOLY L\u012bdz. transmis. e\u013c\u013cas teces nov\u0113r\u0161ana 500ml - detailingclub.lv","isPartOf":{"@id":"https:\/\/detailingclub.lv\/#website"},"primaryImageOfPage":{"@id":"https:\/\/detailingclub.lv\/products\/liqui-moly-lidz-transmis-ellas-teces-noversana-500ml\/#primaryimage"},"image":{"@id":"https:\/\/detailingclub.lv\/products\/liqui-moly-lidz-transmis-ellas-teces-noversana-500ml\/#primaryimage"},"thumbnailUrl":"https:\/\/detailingclub.lv\/wp-content\/uploads\/2026\/04\/5458.jpg","datePublished":"2026-04-21T15:10:50+00:00","dateModified":"2026-04-21T19:56:31+00:00","description":"Liqui Moly transmisijas e\u013c\u013cas teces nov\u0113r\u0161anas l\u012bdzeklis 500ml atjauno bl\u012bves, samazina nopl\u016bdi un pal\u012bdz aizsarg\u0101t transmisiju bez demont\u0101\u017eas.","breadcrumb":{"@id":"https:\/\/detailingclub.lv\/products\/liqui-moly-lidz-transmis-ellas-teces-noversana-500ml\/#breadcrumb"},"inLanguage":"ru-RU","potentialAction":[{"@type":"ReadAction","target":["https:\/\/detailingclub.lv\/products\/liqui-moly-lidz-transmis-ellas-teces-noversana-500ml\/"]}]},{"@type":"ImageObject","inLanguage":"ru-RU","@id":"https:\/\/detailingclub.lv\/products\/liqui-moly-lidz-transmis-ellas-teces-noversana-500ml\/#primaryimage","url":"https:\/\/detailingclub.lv\/wp-content\/uploads\/2026\/04\/5458.jpg","contentUrl":"https:\/\/detailingclub.lv\/wp-content\/uploads\/2026\/04\/5458.jpg","width":636,"height":1200},{"@type":"BreadcrumbList","@id":"https:\/\/detailingclub.lv\/products\/liqui-moly-lidz-transmis-ellas-teces-noversana-500ml\/#breadcrumb","itemListElement":[{"@type":"ListItem","position":1,"name":"Home","item":"https:\/\/detailingclub.lv\/"},{"@type":"ListItem","position":2,"name":"VEIKALS","item":"https:\/\/detailingclub.lv\/veikals\/"},{"@type":"ListItem","position":3,"name":"LIQUI MOLY L\u012bdz. transmis. e\u013c\u013cas teces nov\u0113r\u0161ana 500ml"}]},{"@type":"WebSite","@id":"https:\/\/detailingclub.lv\/#website","url":"https:\/\/detailingclub.lv\/","name":"detailingclub.lv","description":"","publisher":{"@id":"https:\/\/detailingclub.lv\/#organization"},"potentialAction":[{"@type":"SearchAction","target":{"@type":"EntryPoint","urlTemplate":"https:\/\/detailingclub.lv\/?s={search_term_string}"},"query-input":{"@type":"PropertyValueSpecification","valueRequired":true,"valueName":"search_term_string"}}],"inLanguage":"ru-RU"},{"@type":"Organization","@id":"https:\/\/detailingclub.lv\/#organization","name":"detailingclub.lv","url":"https:\/\/detailingclub.lv\/","logo":{"@type":"ImageObject","inLanguage":"ru-RU","@id":"https:\/\/detailingclub.lv\/#\/schema\/logo\/image\/","url":"https:\/\/detailingclub.lv\/wp-content\/uploads\/2026\/05\/cropped-LOGO-\u0434\u043b\u0438\u043d\u043d\u043e\u0435-\u0431\u0435\u043b\u043e\u0435-\u0441-\u043d\u0430\u043a\u043b\u043e\u043d\u043e\u043c.png","contentUrl":"https:\/\/detailingclub.lv\/wp-content\/uploads\/2026\/05\/cropped-LOGO-\u0434\u043b\u0438\u043d\u043d\u043e\u0435-\u0431\u0435\u043b\u043e\u0435-\u0441-\u043d\u0430\u043a\u043b\u043e\u043d\u043e\u043c.png","width":1140,"height":111,"caption":"detailingclub.lv"},"image":{"@id":"https:\/\/detailingclub.lv\/#\/schema\/logo\/image\/"}}]}},"jetpack_sharing_enabled":true,"_links":{"self":[{"href":"https:\/\/detailingclub.lv\/ru\/wp-json\/wp\/v2\/product\/5677","targetHints":{"allow":["GET"]}}],"collection":[{"href":"https:\/\/detailingclub.lv\/ru\/wp-json\/wp\/v2\/product"}],"about":[{"href":"https:\/\/detailingclub.lv\/ru\/wp-json\/wp\/v2\/types\/product"}],"replies":[{"embeddable":true,"href":"https:\/\/detailingclub.lv\/ru\/wp-json\/wp\/v2\/comments?post=5677"}],"wp:featuredmedia":[{"embeddable":true,"href":"https:\/\/detailingclub.lv\/ru\/wp-json\/wp\/v2\/media\/4803"}],"wp:attachment":[{"href":"https:\/\/detailingclub.lv\/ru\/wp-json\/wp\/v2\/media?parent=5677"}],"wp:term":[{"taxonomy":"product_brand","embeddable":true,"href":"https:\/\/detailingclub.lv\/ru\/wp-json\/wp\/v2\/product_brand?post=5677"},{"taxonomy":"product_cat","embeddable":true,"href":"https:\/\/detailingclub.lv\/ru\/wp-json\/wp\/v2\/product_cat?post=5677"},{"taxonomy":"product_tag","embeddable":true,"href":"https:\/\/detailingclub.lv\/ru\/wp-json\/wp\/v2\/product_tag?post=5677"}],"curies":[{"name":"wp","href":"https:\/\/api.w.org\/{rel}","templated":true}]}}