{"id":5673,"date":"2026-04-21T15:10:50","date_gmt":"2026-04-21T15:10:50","guid":{"rendered":"https:\/\/detailingclub.lv\/products\/liqui-moly-ellas-piedeva-ar-mos2-pro-line-1l\/"},"modified":"2026-04-21T16:53:34","modified_gmt":"2026-04-21T16:53:34","slug":"liqui-moly-ellas-piedeva-ar-mos2-pro-line-1l","status":"publish","type":"product","link":"https:\/\/detailingclub.lv\/ru\/product\/liqui-moly-ellas-piedeva-ar-mos2-pro-line-1l\/","title":{"rendered":"LIQUI MOLY E\u013c\u013cas piedeva ar MoS2 PRO-LINE 1L"},"content":{"rendered":"<p data-start=\"50\" data-end=\"353\">Ja dzin\u0113js jau ir ar nobraukumu un tu gribi maksim\u0101li samazin\u0101t nodilumu \u2014 \u0161is ir viens no efekt\u012bv\u0101kajiem \u201cmeh\u0101niskajiem\u201d risin\u0101jumiem. PRO-LINE MoS2 piedeva no <span class=\"hover:entity-accent entity-underline inline cursor-pointer align-baseline\"><span class=\"whitespace-normal\">Liqui Moly<\/span><\/span> izmanto molibd\u0113na disulf\u012bdu, kas veido sl\u012bdo\u0161u aizsargsl\u0101ni uz met\u0101la virsm\u0101m un b\u016btiski samazina berzi.<\/p>\n<p data-start=\"355\" data-end=\"518\">At\u0161\u0137ir\u012bb\u0101 no vienk\u0101r\u0161\u0101m piedev\u0101m \u2014 \u0161\u012b str\u0101d\u0101 ar\u012b ekstrem\u0101los apst\u0101k\u013cos, kad e\u013c\u013cas pl\u0113ve \u012bslaic\u012bgi var neb\u016bt pietiekama (piem\u0113ram, auksts starts vai augsta slodze).<\/p>\n<hr data-start=\"520\" data-end=\"523\" \/>\n<p data-start=\"525\" data-end=\"550\"><strong data-start=\"525\" data-end=\"550\">K\u0101p\u0113c tas ir svar\u012bgi:<\/strong><\/p>\n<ul data-start=\"551\" data-end=\"739\">\n<li data-section-id=\"1gt0fsb\" data-start=\"551\" data-end=\"596\">Samazina met\u0101la berzi un dzin\u0113ja nodilumu<\/li>\n<li data-section-id=\"hijm2i\" data-start=\"597\" data-end=\"663\">Aizsarg\u0101 dzin\u0113ju ar\u012b kritiskos br\u012b\u017eos (aukstie starti, slodze)<\/li>\n<li data-section-id=\"1ogh2wr\" data-start=\"664\" data-end=\"698\">Samazina troksni un vibr\u0101cijas<\/li>\n<li data-section-id=\"1i9jw4x\" data-start=\"699\" data-end=\"739\">Uzlabo dzin\u0113ja darb\u012bbas vienm\u0113r\u012bgumu<\/li>\n<\/ul>\n<p data-start=\"741\" data-end=\"883\">MoS2 da\u013ci\u0146as izveido notur\u012bgu aizsargk\u0101rtu uz met\u0101la virsm\u0101m, kas samazina tie\u0161u kontaktu un nodilumu.<\/p>\n<hr data-start=\"885\" data-end=\"888\" \/>\n<p data-start=\"890\" data-end=\"917\"><strong data-start=\"890\" data-end=\"917\">Galven\u0101s priek\u0161roc\u012bbas:<\/strong><\/p>\n<ul data-start=\"918\" data-end=\"1135\">\n<li data-section-id=\"1nij036\" data-start=\"918\" data-end=\"973\">Profesion\u0101la PRO-LINE formula intens\u012bvai lieto\u0161anai<\/li>\n<li data-section-id=\"16kjc4l\" data-start=\"974\" data-end=\"1036\">Efekt\u012bva aizsardz\u012bba pie augstas temperat\u016bras un spiediena<\/li>\n<li data-section-id=\"jt3znn\" data-start=\"1037\" data-end=\"1093\">Sader\u012bga ar vis\u0101m miner\u0101laj\u0101m un sint\u0113tiskaj\u0101m e\u013c\u013c\u0101m<\/li>\n<li data-section-id=\"1s1f3ky\" data-start=\"1094\" data-end=\"1135\">Piem\u0113rota benz\u012bna un d\u012bze\u013ca dzin\u0113jiem<\/li>\n<\/ul>\n<hr data-start=\"1137\" data-end=\"1140\" \/>\n<h3 data-section-id=\"a6y0vu\" data-start=\"1142\" data-end=\"1186\"><span role=\"text\"><strong data-start=\"1146\" data-end=\"1186\">K\u0101 lietot (p\u0113c ra\u017eot\u0101ja principiem):<\/strong><\/span><\/h3>\n<ul data-start=\"1187\" data-end=\"1535\">\n<li data-section-id=\"k0tz5p\" data-start=\"1187\" data-end=\"1225\">Pirms lieto\u0161anas <strong data-start=\"1206\" data-end=\"1223\">labi sakrat\u012bt<\/strong><\/li>\n<li data-section-id=\"3w5taq\" data-start=\"1226\" data-end=\"1283\">Pievienot motore\u013c\u013cai (ieteicams <strong data-start=\"1260\" data-end=\"1280\">p\u0113c e\u013c\u013cas mai\u0146as<\/strong>)<\/li>\n<li data-section-id=\"9hwwhv\" data-start=\"1284\" data-end=\"1424\">Doz\u0113\u0161ana: apm\u0113ram <strong data-start=\"1304\" data-end=\"1329\">3\u20135% no e\u013c\u013cas tilpuma<\/strong> (1L pietiek liel\u0101kam e\u013c\u013cas daudzumam, piem\u0113ram, profesion\u0101lai lieto\u0161anai vai vair\u0101kiem auto)<\/li>\n<li data-section-id=\"1yvyppi\" data-start=\"1425\" data-end=\"1496\">P\u0113c pievieno\u0161anas iedarbin\u0101t dzin\u0113ju \u2013 piedeva sajaucas autom\u0101tiski<\/li>\n<li data-section-id=\"7p3pwv\" data-start=\"1497\" data-end=\"1535\">Nep\u0101rsniegt maksim\u0101lo e\u013c\u013cas l\u012bmeni<\/li>\n<\/ul>\n<hr data-start=\"1537\" data-end=\"1540\" \/>\n<p data-start=\"1542\" data-end=\"1557\"><strong data-start=\"1542\" data-end=\"1557\">Kad lietot:<\/strong><\/p>\n<ul data-start=\"1558\" data-end=\"1709\">\n<li data-section-id=\"141uvv2\" data-start=\"1558\" data-end=\"1586\">Auto ar lielu nobraukumu<\/li>\n<li data-section-id=\"umd57l\" data-start=\"1587\" data-end=\"1628\">Paaugstin\u0101ta dzin\u0113ja trok\u0161\u0146a gad\u012bjum\u0101<\/li>\n<li data-section-id=\"1amc0si\" data-start=\"1629\" data-end=\"1668\">Intens\u012bvas ekspluat\u0101cijas apst\u0101k\u013cos<\/li>\n<li data-section-id=\"tkf9o5\" data-start=\"1669\" data-end=\"1709\">Profilaksei, lai samazin\u0101tu nodilumu<\/li>\n<\/ul>\n<p data-start=\"1711\" data-end=\"1832\">\u0160is ir produkts, kas dod re\u0101lu meh\u0101nisku aizsardz\u012bbu \u2014 ne tikai \u201cuzlabo saj\u016btu\u201d, bet fiziski samazina deta\u013cu nolietojumu.<\/p>","protected":false},"excerpt":{"rendered":"<h2>LIQUI MOLY E\u013c\u013cas piedeva ar MoS2 PRO-LINE 1L<\/h2>","protected":false},"featured_media":4795,"comment_status":"open","ping_status":"closed","template":"","meta":{"site-sidebar-layout":"default","site-content-layout":"","ast-site-content-layout":"default","site-content-style":"default","site-sidebar-style":"default","ast-global-header-display":"","ast-banner-title-visibility":"","ast-main-header-display":"","ast-hfb-above-header-display":"","ast-hfb-below-header-display":"","ast-hfb-mobile-header-display":"","site-post-title":"","ast-breadcrumbs-content":"","ast-featured-img":"","footer-sml-layout":"","ast-disable-related-posts":"","theme-transparent-header-meta":"default","adv-header-id-meta":"","stick-header-meta":"","header-above-stick-meta":"","header-main-stick-meta":"","header-below-stick-meta":"","astra-migrate-meta-layouts":"set","ast-page-background-enabled":"default","ast-page-background-meta":{"desktop":{"background-color":"var(--ast-global-color-5)","background-image":"","background-repeat":"repeat","background-position":"center center","background-size":"auto","background-attachment":"scroll","background-type":"","background-media":"","overlay-type":"","overlay-color":"","overlay-opacity":"","overlay-gradient":""},"tablet":{"background-color":"","background-image":"","background-repeat":"repeat","background-position":"center center","background-size":"auto","background-attachment":"scroll","background-type":"","background-media":"","overlay-type":"","overlay-color":"","overlay-opacity":"","overlay-gradient":""},"mobile":{"background-color":"","background-image":"","background-repeat":"repeat","background-position":"center center","background-size":"auto","background-attachment":"scroll","background-type":"","background-media":"","overlay-type":"","overlay-color":"","overlay-opacity":"","overlay-gradient":""}},"ast-content-background-meta":{"desktop":{"background-color":"var(--ast-global-color-4)","background-image":"","background-repeat":"repeat","background-position":"center center","background-size":"auto","background-attachment":"scroll","background-type":"","background-media":"","overlay-type":"","overlay-color":"","overlay-opacity":"","overlay-gradient":""},"tablet":{"background-color":"var(--ast-global-color-4)","background-image":"","background-repeat":"repeat","background-position":"center center","background-size":"auto","background-attachment":"scroll","background-type":"","background-media":"","overlay-type":"","overlay-color":"","overlay-opacity":"","overlay-gradient":""},"mobile":{"background-color":"var(--ast-global-color-4)","background-image":"","background-repeat":"repeat","background-position":"center center","background-size":"auto","background-attachment":"scroll","background-type":"","background-media":"","overlay-type":"","overlay-color":"","overlay-opacity":"","overlay-gradient":""}}},"product_brand":[99],"product_cat":[155],"product_tag":[],"class_list":{"0":"post-5673","1":"product","2":"type-product","3":"status-publish","4":"has-post-thumbnail","6":"product_brand-liqui-moly","7":"product_cat-ellas-piedevas","8":"pa_tilpums-1l","9":"pa_zimols-liqui-moly","10":"desktop-align-left","11":"tablet-align-left","12":"mobile-align-left","14":"first","15":"instock","16":"taxable","17":"shipping-taxable","18":"purchasable","19":"product-type-simple"},"yoast_head":"<!-- This site is optimized with the Yoast SEO plugin v27.4 - https:\/\/yoast.com\/product\/yoast-seo-wordpress\/ -->\n<title>LIQUI MOLY E\u013c\u013cas piedeva ar MoS2 PRO-LINE 1L - detailingclub.lv<\/title>\n<meta name=\"description\" content=\"Liqui Moly MoS2 PRO-LINE 1L e\u013c\u013cas piedeva samazina dzin\u0113ja berzi un nodilumu, uzlabo darb\u012bbu un nodro\u0161ina ilgsto\u0161u aizsardz\u012bbu.\" \/>\n<meta name=\"robots\" content=\"index, follow, max-snippet:-1, max-image-preview:large, max-video-preview:-1\" \/>\n<link rel=\"canonical\" href=\"https:\/\/detailingclub.lv\/ru\/product\/liqui-moly-ellas-piedeva-ar-mos2-pro-line-1l\/\" \/>\n<meta property=\"og:locale\" content=\"ru_RU\" \/>\n<meta property=\"og:type\" content=\"article\" \/>\n<meta property=\"og:title\" content=\"LIQUI MOLY E\u013c\u013cas piedeva ar MoS2 PRO-LINE 1L - detailingclub.lv\" \/>\n<meta property=\"og:description\" content=\"Liqui Moly MoS2 PRO-LINE 1L e\u013c\u013cas piedeva samazina dzin\u0113ja berzi un nodilumu, uzlabo darb\u012bbu un nodro\u0161ina ilgsto\u0161u aizsardz\u012bbu.\" \/>\n<meta property=\"og:url\" content=\"https:\/\/detailingclub.lv\/ru\/product\/liqui-moly-ellas-piedeva-ar-mos2-pro-line-1l\/\" \/>\n<meta property=\"og:site_name\" content=\"detailingclub.lv\" \/>\n<meta property=\"article:modified_time\" content=\"2026-04-21T16:53:34+00:00\" \/>\n<meta property=\"og:image\" content=\"https:\/\/detailingclub.lv\/wp-content\/uploads\/2026\/04\/5431.jpg\" \/>\n\t<meta property=\"og:image:width\" content=\"455\" \/>\n\t<meta property=\"og:image:height\" content=\"1200\" \/>\n\t<meta property=\"og:image:type\" content=\"image\/jpeg\" \/>\n<meta name=\"twitter:card\" content=\"summary_large_image\" \/>\n<meta name=\"twitter:label1\" content=\"\u041f\u0440\u0438\u043c\u0435\u0440\u043d\u043e\u0435 \u0432\u0440\u0435\u043c\u044f \u0434\u043b\u044f \u0447\u0442\u0435\u043d\u0438\u044f\" \/>\n\t<meta name=\"twitter:data1\" content=\"2 \u043c\u0438\u043d\u0443\u0442\u044b\" \/>\n<script type=\"application\/ld+json\" class=\"yoast-schema-graph\">{\"@context\":\"https:\\\/\\\/schema.org\",\"@graph\":[{\"@type\":\"WebPage\",\"@id\":\"https:\\\/\\\/detailingclub.lv\\\/products\\\/liqui-moly-ellas-piedeva-ar-mos2-pro-line-1l\\\/\",\"url\":\"https:\\\/\\\/detailingclub.lv\\\/products\\\/liqui-moly-ellas-piedeva-ar-mos2-pro-line-1l\\\/\",\"name\":\"LIQUI MOLY E\u013c\u013cas piedeva ar MoS2 PRO-LINE 1L - detailingclub.lv\",\"isPartOf\":{\"@id\":\"https:\\\/\\\/detailingclub.lv\\\/#website\"},\"primaryImageOfPage\":{\"@id\":\"https:\\\/\\\/detailingclub.lv\\\/products\\\/liqui-moly-ellas-piedeva-ar-mos2-pro-line-1l\\\/#primaryimage\"},\"image\":{\"@id\":\"https:\\\/\\\/detailingclub.lv\\\/products\\\/liqui-moly-ellas-piedeva-ar-mos2-pro-line-1l\\\/#primaryimage\"},\"thumbnailUrl\":\"https:\\\/\\\/detailingclub.lv\\\/wp-content\\\/uploads\\\/2026\\\/04\\\/5431.jpg\",\"datePublished\":\"2026-04-21T15:10:50+00:00\",\"dateModified\":\"2026-04-21T16:53:34+00:00\",\"description\":\"Liqui Moly MoS2 PRO-LINE 1L e\u013c\u013cas piedeva samazina dzin\u0113ja berzi un nodilumu, uzlabo darb\u012bbu un nodro\u0161ina ilgsto\u0161u aizsardz\u012bbu.\",\"breadcrumb\":{\"@id\":\"https:\\\/\\\/detailingclub.lv\\\/products\\\/liqui-moly-ellas-piedeva-ar-mos2-pro-line-1l\\\/#breadcrumb\"},\"inLanguage\":\"ru-RU\",\"potentialAction\":[{\"@type\":\"ReadAction\",\"target\":[\"https:\\\/\\\/detailingclub.lv\\\/products\\\/liqui-moly-ellas-piedeva-ar-mos2-pro-line-1l\\\/\"]}]},{\"@type\":\"ImageObject\",\"inLanguage\":\"ru-RU\",\"@id\":\"https:\\\/\\\/detailingclub.lv\\\/products\\\/liqui-moly-ellas-piedeva-ar-mos2-pro-line-1l\\\/#primaryimage\",\"url\":\"https:\\\/\\\/detailingclub.lv\\\/wp-content\\\/uploads\\\/2026\\\/04\\\/5431.jpg\",\"contentUrl\":\"https:\\\/\\\/detailingclub.lv\\\/wp-content\\\/uploads\\\/2026\\\/04\\\/5431.jpg\",\"width\":455,\"height\":1200},{\"@type\":\"BreadcrumbList\",\"@id\":\"https:\\\/\\\/detailingclub.lv\\\/products\\\/liqui-moly-ellas-piedeva-ar-mos2-pro-line-1l\\\/#breadcrumb\",\"itemListElement\":[{\"@type\":\"ListItem\",\"position\":1,\"name\":\"Home\",\"item\":\"https:\\\/\\\/detailingclub.lv\\\/\"},{\"@type\":\"ListItem\",\"position\":2,\"name\":\"VEIKALS\",\"item\":\"https:\\\/\\\/detailingclub.lv\\\/veikals\\\/\"},{\"@type\":\"ListItem\",\"position\":3,\"name\":\"LIQUI MOLY E\u013c\u013cas piedeva ar MoS2 PRO-LINE 1L\"}]},{\"@type\":\"WebSite\",\"@id\":\"https:\\\/\\\/detailingclub.lv\\\/#website\",\"url\":\"https:\\\/\\\/detailingclub.lv\\\/\",\"name\":\"detailingclub.lv\",\"description\":\"\",\"publisher\":{\"@id\":\"https:\\\/\\\/detailingclub.lv\\\/#organization\"},\"potentialAction\":[{\"@type\":\"SearchAction\",\"target\":{\"@type\":\"EntryPoint\",\"urlTemplate\":\"https:\\\/\\\/detailingclub.lv\\\/?s={search_term_string}\"},\"query-input\":{\"@type\":\"PropertyValueSpecification\",\"valueRequired\":true,\"valueName\":\"search_term_string\"}}],\"inLanguage\":\"ru-RU\"},{\"@type\":\"Organization\",\"@id\":\"https:\\\/\\\/detailingclub.lv\\\/#organization\",\"name\":\"detailingclub.lv\",\"url\":\"https:\\\/\\\/detailingclub.lv\\\/\",\"logo\":{\"@type\":\"ImageObject\",\"inLanguage\":\"ru-RU\",\"@id\":\"https:\\\/\\\/detailingclub.lv\\\/#\\\/schema\\\/logo\\\/image\\\/\",\"url\":\"https:\\\/\\\/detailingclub.lv\\\/wp-content\\\/uploads\\\/2026\\\/05\\\/cropped-LOGO-\u0434\u043b\u0438\u043d\u043d\u043e\u0435-\u0431\u0435\u043b\u043e\u0435-\u0441-\u043d\u0430\u043a\u043b\u043e\u043d\u043e\u043c.png\",\"contentUrl\":\"https:\\\/\\\/detailingclub.lv\\\/wp-content\\\/uploads\\\/2026\\\/05\\\/cropped-LOGO-\u0434\u043b\u0438\u043d\u043d\u043e\u0435-\u0431\u0435\u043b\u043e\u0435-\u0441-\u043d\u0430\u043a\u043b\u043e\u043d\u043e\u043c.png\",\"width\":1140,\"height\":111,\"caption\":\"detailingclub.lv\"},\"image\":{\"@id\":\"https:\\\/\\\/detailingclub.lv\\\/#\\\/schema\\\/logo\\\/image\\\/\"}}]}<\/script>\n<!-- \/ Yoast SEO plugin. -->","yoast_head_json":{"title":"LIQUI MOLY E\u013c\u013cas piedeva ar MoS2 PRO-LINE 1L - detailingclub.lv","description":"Liqui Moly MoS2 PRO-LINE 1L e\u013c\u013cas piedeva samazina dzin\u0113ja berzi un nodilumu, uzlabo darb\u012bbu un nodro\u0161ina ilgsto\u0161u aizsardz\u012bbu.","robots":{"index":"index","follow":"follow","max-snippet":"max-snippet:-1","max-image-preview":"max-image-preview:large","max-video-preview":"max-video-preview:-1"},"canonical":"https:\/\/detailingclub.lv\/ru\/product\/liqui-moly-ellas-piedeva-ar-mos2-pro-line-1l\/","og_locale":"ru_RU","og_type":"article","og_title":"LIQUI MOLY E\u013c\u013cas piedeva ar MoS2 PRO-LINE 1L - detailingclub.lv","og_description":"Liqui Moly MoS2 PRO-LINE 1L e\u013c\u013cas piedeva samazina dzin\u0113ja berzi un nodilumu, uzlabo darb\u012bbu un nodro\u0161ina ilgsto\u0161u aizsardz\u012bbu.","og_url":"https:\/\/detailingclub.lv\/ru\/product\/liqui-moly-ellas-piedeva-ar-mos2-pro-line-1l\/","og_site_name":"detailingclub.lv","article_modified_time":"2026-04-21T16:53:34+00:00","og_image":[{"width":455,"height":1200,"url":"https:\/\/detailingclub.lv\/wp-content\/uploads\/2026\/04\/5431.jpg","type":"image\/jpeg"}],"twitter_card":"summary_large_image","twitter_misc":{"\u041f\u0440\u0438\u043c\u0435\u0440\u043d\u043e\u0435 \u0432\u0440\u0435\u043c\u044f \u0434\u043b\u044f \u0447\u0442\u0435\u043d\u0438\u044f":"2 \u043c\u0438\u043d\u0443\u0442\u044b"},"schema":{"@context":"https:\/\/schema.org","@graph":[{"@type":"WebPage","@id":"https:\/\/detailingclub.lv\/products\/liqui-moly-ellas-piedeva-ar-mos2-pro-line-1l\/","url":"https:\/\/detailingclub.lv\/products\/liqui-moly-ellas-piedeva-ar-mos2-pro-line-1l\/","name":"LIQUI MOLY E\u013c\u013cas piedeva ar MoS2 PRO-LINE 1L - detailingclub.lv","isPartOf":{"@id":"https:\/\/detailingclub.lv\/#website"},"primaryImageOfPage":{"@id":"https:\/\/detailingclub.lv\/products\/liqui-moly-ellas-piedeva-ar-mos2-pro-line-1l\/#primaryimage"},"image":{"@id":"https:\/\/detailingclub.lv\/products\/liqui-moly-ellas-piedeva-ar-mos2-pro-line-1l\/#primaryimage"},"thumbnailUrl":"https:\/\/detailingclub.lv\/wp-content\/uploads\/2026\/04\/5431.jpg","datePublished":"2026-04-21T15:10:50+00:00","dateModified":"2026-04-21T16:53:34+00:00","description":"Liqui Moly MoS2 PRO-LINE 1L e\u013c\u013cas piedeva samazina dzin\u0113ja berzi un nodilumu, uzlabo darb\u012bbu un nodro\u0161ina ilgsto\u0161u aizsardz\u012bbu.","breadcrumb":{"@id":"https:\/\/detailingclub.lv\/products\/liqui-moly-ellas-piedeva-ar-mos2-pro-line-1l\/#breadcrumb"},"inLanguage":"ru-RU","potentialAction":[{"@type":"ReadAction","target":["https:\/\/detailingclub.lv\/products\/liqui-moly-ellas-piedeva-ar-mos2-pro-line-1l\/"]}]},{"@type":"ImageObject","inLanguage":"ru-RU","@id":"https:\/\/detailingclub.lv\/products\/liqui-moly-ellas-piedeva-ar-mos2-pro-line-1l\/#primaryimage","url":"https:\/\/detailingclub.lv\/wp-content\/uploads\/2026\/04\/5431.jpg","contentUrl":"https:\/\/detailingclub.lv\/wp-content\/uploads\/2026\/04\/5431.jpg","width":455,"height":1200},{"@type":"BreadcrumbList","@id":"https:\/\/detailingclub.lv\/products\/liqui-moly-ellas-piedeva-ar-mos2-pro-line-1l\/#breadcrumb","itemListElement":[{"@type":"ListItem","position":1,"name":"Home","item":"https:\/\/detailingclub.lv\/"},{"@type":"ListItem","position":2,"name":"VEIKALS","item":"https:\/\/detailingclub.lv\/veikals\/"},{"@type":"ListItem","position":3,"name":"LIQUI MOLY E\u013c\u013cas piedeva ar MoS2 PRO-LINE 1L"}]},{"@type":"WebSite","@id":"https:\/\/detailingclub.lv\/#website","url":"https:\/\/detailingclub.lv\/","name":"detailingclub.lv","description":"","publisher":{"@id":"https:\/\/detailingclub.lv\/#organization"},"potentialAction":[{"@type":"SearchAction","target":{"@type":"EntryPoint","urlTemplate":"https:\/\/detailingclub.lv\/?s={search_term_string}"},"query-input":{"@type":"PropertyValueSpecification","valueRequired":true,"valueName":"search_term_string"}}],"inLanguage":"ru-RU"},{"@type":"Organization","@id":"https:\/\/detailingclub.lv\/#organization","name":"detailingclub.lv","url":"https:\/\/detailingclub.lv\/","logo":{"@type":"ImageObject","inLanguage":"ru-RU","@id":"https:\/\/detailingclub.lv\/#\/schema\/logo\/image\/","url":"https:\/\/detailingclub.lv\/wp-content\/uploads\/2026\/05\/cropped-LOGO-\u0434\u043b\u0438\u043d\u043d\u043e\u0435-\u0431\u0435\u043b\u043e\u0435-\u0441-\u043d\u0430\u043a\u043b\u043e\u043d\u043e\u043c.png","contentUrl":"https:\/\/detailingclub.lv\/wp-content\/uploads\/2026\/05\/cropped-LOGO-\u0434\u043b\u0438\u043d\u043d\u043e\u0435-\u0431\u0435\u043b\u043e\u0435-\u0441-\u043d\u0430\u043a\u043b\u043e\u043d\u043e\u043c.png","width":1140,"height":111,"caption":"detailingclub.lv"},"image":{"@id":"https:\/\/detailingclub.lv\/#\/schema\/logo\/image\/"}}]}},"jetpack_sharing_enabled":true,"_links":{"self":[{"href":"https:\/\/detailingclub.lv\/ru\/wp-json\/wp\/v2\/product\/5673","targetHints":{"allow":["GET"]}}],"collection":[{"href":"https:\/\/detailingclub.lv\/ru\/wp-json\/wp\/v2\/product"}],"about":[{"href":"https:\/\/detailingclub.lv\/ru\/wp-json\/wp\/v2\/types\/product"}],"replies":[{"embeddable":true,"href":"https:\/\/detailingclub.lv\/ru\/wp-json\/wp\/v2\/comments?post=5673"}],"wp:featuredmedia":[{"embeddable":true,"href":"https:\/\/detailingclub.lv\/ru\/wp-json\/wp\/v2\/media\/4795"}],"wp:attachment":[{"href":"https:\/\/detailingclub.lv\/ru\/wp-json\/wp\/v2\/media?parent=5673"}],"wp:term":[{"taxonomy":"product_brand","embeddable":true,"href":"https:\/\/detailingclub.lv\/ru\/wp-json\/wp\/v2\/product_brand?post=5673"},{"taxonomy":"product_cat","embeddable":true,"href":"https:\/\/detailingclub.lv\/ru\/wp-json\/wp\/v2\/product_cat?post=5673"},{"taxonomy":"product_tag","embeddable":true,"href":"https:\/\/detailingclub.lv\/ru\/wp-json\/wp\/v2\/product_tag?post=5673"}],"curies":[{"name":"wp","href":"https:\/\/api.w.org\/{rel}","templated":true}]}}