{"id":5672,"date":"2026-04-21T15:10:50","date_gmt":"2026-04-21T15:10:50","guid":{"rendered":"https:\/\/detailingclub.lv\/products\/liqui-moly-piedeva-hidrauliskajiem-varstiem-300ml\/"},"modified":"2026-04-21T16:52:34","modified_gmt":"2026-04-21T16:52:34","slug":"liqui-moly-piedeva-hidrauliskajiem-varstiem-300ml","status":"publish","type":"product","link":"https:\/\/detailingclub.lv\/ru\/product\/liqui-moly-piedeva-hidrauliskajiem-varstiem-300ml\/","title":{"rendered":"LIQUI MOLY Piedeva hidrauliskajiem v\u0101rstiem 300ml"},"content":{"rendered":"<p data-start=\"83\" data-end=\"274\">Ja dzirdi rakstur\u012bgu \u201cklik\u0161\u0137\u0113\u0161anu\u201d vai klaudzo\u0146u no dzin\u0113ja \u2014 \u012bpa\u0161i aukst\u0101 start\u0101 \u2014 \u013coti bie\u017ei vain\u012bgi ir hidrauliskie v\u0101rsti (hidrokompensatori). \u0160\u012b piedeva ir paredz\u0113ta tie\u0161i \u0161ai probl\u0113mai.<\/p>\n<p data-start=\"276\" data-end=\"545\">Liqui Moly hidraulisko v\u0101rstu piedeva att\u012bra e\u013c\u013co\u0161anas kan\u0101lus un atbr\u012bvo aizs\u0113r\u0113ju\u0161us vai \u201cpielipu\u0161us\u201d hidrokompensatorus, \u013caujot tiem atkal darboties pareizi. Rezult\u0101ts \u2014 klus\u0101ks dzin\u0113js un stabil\u0101ka darb\u012bba jau p\u0113c neilga laika. <span class=\"hover:entity-accent entity-underline inline cursor-pointer align-baseline\"><span class=\"whitespace-normal\">Liqui Moly<\/span><\/span><\/p>\n<hr data-start=\"547\" data-end=\"550\" \/>\n<p data-start=\"552\" data-end=\"577\"><strong data-start=\"552\" data-end=\"577\">K\u0101p\u0113c tas ir svar\u012bgi:<\/strong><\/p>\n<ul data-start=\"578\" data-end=\"887\">\n<li data-section-id=\"aop1q7\" data-start=\"578\" data-end=\"673\">Samazina vai piln\u012bb\u0101 nov\u0113r\u0161 hidrokompensatoru troksni<\/li>\n<li data-section-id=\"2k81th\" data-start=\"674\" data-end=\"755\">Att\u012bra e\u013c\u013cas kan\u0101lus un urbumus dzin\u0113j\u0101<\/li>\n<li data-section-id=\"uui41c\" data-start=\"756\" data-end=\"840\">Atjauno hidraulisko v\u0101rstu pareizu darb\u012bbu<\/li>\n<li data-section-id=\"r42c8a\" data-start=\"841\" data-end=\"887\">Uzlabo dzin\u0113ja kop\u0113jo darb\u012bbas stabilit\u0101ti<\/li>\n<\/ul>\n<hr data-start=\"889\" data-end=\"892\" \/>\n<p data-start=\"894\" data-end=\"921\"><strong data-start=\"894\" data-end=\"921\">Galven\u0101s priek\u0161roc\u012bbas:<\/strong><\/p>\n<ul data-start=\"922\" data-end=\"1152\">\n<li data-section-id=\"2jlyon\" data-start=\"922\" data-end=\"978\">\u0100trs efekts \u2013 bie\u017ei j\u016btams jau p\u0113c da\u017eiem simtiem km<\/li>\n<li data-section-id=\"8rbtoj\" data-start=\"979\" data-end=\"1021\">Samazina klik\u0161\u0137us un meh\u0101nisko troksni<\/li>\n<li data-section-id=\"9z9hqh\" data-start=\"1022\" data-end=\"1059\">Uzlabo e\u013c\u013co\u0161anas sist\u0113mas darb\u012bbu<\/li>\n<li data-section-id=\"117a5md\" data-start=\"1060\" data-end=\"1152\">Piem\u0113rots benz\u012bna un d\u012bze\u013ca dzin\u0113jiem (ar\u012b ar DPF)<\/li>\n<\/ul>\n<hr data-start=\"1154\" data-end=\"1157\" \/>\n<h3 data-section-id=\"k735iy\" data-start=\"1159\" data-end=\"1205\"><span role=\"text\"><strong data-start=\"1163\" data-end=\"1205\">K\u0101 lietot (p\u0113c ra\u017eot\u0101ja instrukcijas):<\/strong><\/span><\/h3>\n<ul data-start=\"1206\" data-end=\"1474\">\n<li data-section-id=\"k1ekr7\" data-start=\"1206\" data-end=\"1248\">Pievienot motore\u013c\u013cai <strong data-start=\"1229\" data-end=\"1246\">jebkur\u0101 laik\u0101<\/strong><\/li>\n<li data-section-id=\"11p1yse\" data-start=\"1249\" data-end=\"1338\">300 ml paredz\u0113ti l\u012bdz <strong data-start=\"1273\" data-end=\"1298\">~6 litriem motore\u013c\u013cas<\/strong><\/li>\n<li data-section-id=\"9op53z\" data-start=\"1339\" data-end=\"1398\">P\u0113c pievieno\u0161anas iedarbin\u0101t dzin\u0113ju un \u013caut tam uzsilt<\/li>\n<li data-section-id=\"18ynfw1\" data-start=\"1399\" data-end=\"1474\">Produkts darbojas brauk\u0161anas laik\u0101 \u2013 papildu darb\u012bbas nav nepiecie\u0161amas<\/li>\n<\/ul>\n<p data-start=\"1476\" data-end=\"1532\"><strong data-start=\"1476\" data-end=\"1488\">Svar\u012bgi:<\/strong> nav piem\u0113rots motocikliem ar slapjo saj\u016bgu.<\/p>\n<hr data-start=\"1534\" data-end=\"1537\" \/>\n<p data-start=\"1539\" data-end=\"1554\"><strong data-start=\"1539\" data-end=\"1554\">Kad lietot:<\/strong><\/p>\n<ul data-start=\"1555\" data-end=\"1733\">\n<li data-section-id=\"uqcg21\" data-start=\"1555\" data-end=\"1604\">Ja dzin\u0113js \u201cklik\u0161\u0137\u201d vai klaudz (\u012bpa\u0161i auksts)<\/li>\n<li data-section-id=\"141uvv2\" data-start=\"1605\" data-end=\"1633\">Auto ar lielu nobraukumu<\/li>\n<li data-section-id=\"dh0x7z\" data-start=\"1634\" data-end=\"1680\">Ja hidrokompensatori darbojas nevienm\u0113r\u012bgi<\/li>\n<li data-section-id=\"cwu1sd\" data-start=\"1681\" data-end=\"1733\">Profilaksei, lai uztur\u0113tu t\u012bru e\u013c\u013co\u0161anas sist\u0113mu<\/li>\n<\/ul>\n<p data-start=\"1735\" data-end=\"1884\">\u0160is ir konkr\u0113ts risin\u0101jums konkr\u0113tai probl\u0113mai \u2014 ja ir hidrokompensatoru troksnis, \u0161is bie\u017ei ir pirmais un lo\u0123isk\u0101kais solis pirms meh\u0101niska remonta.<\/p>","protected":false},"excerpt":{"rendered":"<h2>LIQUI MOLY Piedeva hidrauliskajiem v\u0101rstiem 300ml<\/h2>","protected":false},"featured_media":4793,"comment_status":"open","ping_status":"closed","template":"","meta":{"site-sidebar-layout":"default","site-content-layout":"","ast-site-content-layout":"default","site-content-style":"default","site-sidebar-style":"default","ast-global-header-display":"","ast-banner-title-visibility":"","ast-main-header-display":"","ast-hfb-above-header-display":"","ast-hfb-below-header-display":"","ast-hfb-mobile-header-display":"","site-post-title":"","ast-breadcrumbs-content":"","ast-featured-img":"","footer-sml-layout":"","ast-disable-related-posts":"","theme-transparent-header-meta":"default","adv-header-id-meta":"","stick-header-meta":"","header-above-stick-meta":"","header-main-stick-meta":"","header-below-stick-meta":"","astra-migrate-meta-layouts":"set","ast-page-background-enabled":"default","ast-page-background-meta":{"desktop":{"background-color":"var(--ast-global-color-5)","background-image":"","background-repeat":"repeat","background-position":"center center","background-size":"auto","background-attachment":"scroll","background-type":"","background-media":"","overlay-type":"","overlay-color":"","overlay-opacity":"","overlay-gradient":""},"tablet":{"background-color":"","background-image":"","background-repeat":"repeat","background-position":"center center","background-size":"auto","background-attachment":"scroll","background-type":"","background-media":"","overlay-type":"","overlay-color":"","overlay-opacity":"","overlay-gradient":""},"mobile":{"background-color":"","background-image":"","background-repeat":"repeat","background-position":"center center","background-size":"auto","background-attachment":"scroll","background-type":"","background-media":"","overlay-type":"","overlay-color":"","overlay-opacity":"","overlay-gradient":""}},"ast-content-background-meta":{"desktop":{"background-color":"var(--ast-global-color-4)","background-image":"","background-repeat":"repeat","background-position":"center center","background-size":"auto","background-attachment":"scroll","background-type":"","background-media":"","overlay-type":"","overlay-color":"","overlay-opacity":"","overlay-gradient":""},"tablet":{"background-color":"var(--ast-global-color-4)","background-image":"","background-repeat":"repeat","background-position":"center center","background-size":"auto","background-attachment":"scroll","background-type":"","background-media":"","overlay-type":"","overlay-color":"","overlay-opacity":"","overlay-gradient":""},"mobile":{"background-color":"var(--ast-global-color-4)","background-image":"","background-repeat":"repeat","background-position":"center center","background-size":"auto","background-attachment":"scroll","background-type":"","background-media":"","overlay-type":"","overlay-color":"","overlay-opacity":"","overlay-gradient":""}}},"product_brand":[99],"product_cat":[155],"product_tag":[],"class_list":{"0":"post-5672","1":"product","2":"type-product","3":"status-publish","4":"has-post-thumbnail","6":"product_brand-liqui-moly","7":"product_cat-ellas-piedevas","8":"pa_tilpums-300-ml","9":"pa_zimols-liqui-moly","10":"desktop-align-left","11":"tablet-align-left","12":"mobile-align-left","14":"first","15":"instock","16":"taxable","17":"shipping-taxable","18":"purchasable","19":"product-type-simple"},"yoast_head":"<!-- This site is optimized with the Yoast SEO plugin v27.4 - https:\/\/yoast.com\/product\/yoast-seo-wordpress\/ -->\n<title>LIQUI MOLY Piedeva hidrauliskajiem v\u0101rstiem 300ml - detailingclub.lv<\/title>\n<meta name=\"description\" content=\"Liqui Moly hidraulisko v\u0101rstu piedeva 300ml samazina dzin\u0113ja troksni, att\u012bra e\u013c\u013co\u0161anas sist\u0113mu un uzlabo hidrokompensatoru darb\u012bbu.\" \/>\n<meta name=\"robots\" content=\"index, follow, max-snippet:-1, max-image-preview:large, max-video-preview:-1\" \/>\n<link rel=\"canonical\" href=\"https:\/\/detailingclub.lv\/ru\/product\/liqui-moly-piedeva-hidrauliskajiem-varstiem-300ml\/\" \/>\n<meta property=\"og:locale\" content=\"ru_RU\" \/>\n<meta property=\"og:type\" content=\"article\" \/>\n<meta property=\"og:title\" content=\"LIQUI MOLY Piedeva hidrauliskajiem v\u0101rstiem 300ml - detailingclub.lv\" \/>\n<meta property=\"og:description\" content=\"Liqui Moly hidraulisko v\u0101rstu piedeva 300ml samazina dzin\u0113ja troksni, att\u012bra e\u013c\u013co\u0161anas sist\u0113mu un uzlabo hidrokompensatoru darb\u012bbu.\" \/>\n<meta property=\"og:url\" content=\"https:\/\/detailingclub.lv\/ru\/product\/liqui-moly-piedeva-hidrauliskajiem-varstiem-300ml\/\" \/>\n<meta property=\"og:site_name\" content=\"detailingclub.lv\" \/>\n<meta property=\"article:modified_time\" content=\"2026-04-21T16:52:34+00:00\" \/>\n<meta property=\"og:image\" content=\"https:\/\/detailingclub.lv\/wp-content\/uploads\/2026\/04\/5452.jpg\" \/>\n\t<meta property=\"og:image:width\" content=\"457\" \/>\n\t<meta property=\"og:image:height\" content=\"1200\" \/>\n\t<meta property=\"og:image:type\" content=\"image\/jpeg\" \/>\n<meta name=\"twitter:card\" content=\"summary_large_image\" \/>\n<meta name=\"twitter:label1\" content=\"\u041f\u0440\u0438\u043c\u0435\u0440\u043d\u043e\u0435 \u0432\u0440\u0435\u043c\u044f \u0434\u043b\u044f \u0447\u0442\u0435\u043d\u0438\u044f\" \/>\n\t<meta name=\"twitter:data1\" content=\"2 \u043c\u0438\u043d\u0443\u0442\u044b\" \/>\n<script type=\"application\/ld+json\" class=\"yoast-schema-graph\">{\"@context\":\"https:\\\/\\\/schema.org\",\"@graph\":[{\"@type\":\"WebPage\",\"@id\":\"https:\\\/\\\/detailingclub.lv\\\/products\\\/liqui-moly-piedeva-hidrauliskajiem-varstiem-300ml\\\/\",\"url\":\"https:\\\/\\\/detailingclub.lv\\\/products\\\/liqui-moly-piedeva-hidrauliskajiem-varstiem-300ml\\\/\",\"name\":\"LIQUI MOLY Piedeva hidrauliskajiem v\u0101rstiem 300ml - detailingclub.lv\",\"isPartOf\":{\"@id\":\"https:\\\/\\\/detailingclub.lv\\\/#website\"},\"primaryImageOfPage\":{\"@id\":\"https:\\\/\\\/detailingclub.lv\\\/products\\\/liqui-moly-piedeva-hidrauliskajiem-varstiem-300ml\\\/#primaryimage\"},\"image\":{\"@id\":\"https:\\\/\\\/detailingclub.lv\\\/products\\\/liqui-moly-piedeva-hidrauliskajiem-varstiem-300ml\\\/#primaryimage\"},\"thumbnailUrl\":\"https:\\\/\\\/detailingclub.lv\\\/wp-content\\\/uploads\\\/2026\\\/04\\\/5452.jpg\",\"datePublished\":\"2026-04-21T15:10:50+00:00\",\"dateModified\":\"2026-04-21T16:52:34+00:00\",\"description\":\"Liqui Moly hidraulisko v\u0101rstu piedeva 300ml samazina dzin\u0113ja troksni, att\u012bra e\u013c\u013co\u0161anas sist\u0113mu un uzlabo hidrokompensatoru darb\u012bbu.\",\"breadcrumb\":{\"@id\":\"https:\\\/\\\/detailingclub.lv\\\/products\\\/liqui-moly-piedeva-hidrauliskajiem-varstiem-300ml\\\/#breadcrumb\"},\"inLanguage\":\"ru-RU\",\"potentialAction\":[{\"@type\":\"ReadAction\",\"target\":[\"https:\\\/\\\/detailingclub.lv\\\/products\\\/liqui-moly-piedeva-hidrauliskajiem-varstiem-300ml\\\/\"]}]},{\"@type\":\"ImageObject\",\"inLanguage\":\"ru-RU\",\"@id\":\"https:\\\/\\\/detailingclub.lv\\\/products\\\/liqui-moly-piedeva-hidrauliskajiem-varstiem-300ml\\\/#primaryimage\",\"url\":\"https:\\\/\\\/detailingclub.lv\\\/wp-content\\\/uploads\\\/2026\\\/04\\\/5452.jpg\",\"contentUrl\":\"https:\\\/\\\/detailingclub.lv\\\/wp-content\\\/uploads\\\/2026\\\/04\\\/5452.jpg\",\"width\":457,\"height\":1200},{\"@type\":\"BreadcrumbList\",\"@id\":\"https:\\\/\\\/detailingclub.lv\\\/products\\\/liqui-moly-piedeva-hidrauliskajiem-varstiem-300ml\\\/#breadcrumb\",\"itemListElement\":[{\"@type\":\"ListItem\",\"position\":1,\"name\":\"Home\",\"item\":\"https:\\\/\\\/detailingclub.lv\\\/\"},{\"@type\":\"ListItem\",\"position\":2,\"name\":\"VEIKALS\",\"item\":\"https:\\\/\\\/detailingclub.lv\\\/veikals\\\/\"},{\"@type\":\"ListItem\",\"position\":3,\"name\":\"LIQUI MOLY Piedeva hidrauliskajiem v\u0101rstiem 300ml\"}]},{\"@type\":\"WebSite\",\"@id\":\"https:\\\/\\\/detailingclub.lv\\\/#website\",\"url\":\"https:\\\/\\\/detailingclub.lv\\\/\",\"name\":\"detailingclub.lv\",\"description\":\"\",\"publisher\":{\"@id\":\"https:\\\/\\\/detailingclub.lv\\\/#organization\"},\"potentialAction\":[{\"@type\":\"SearchAction\",\"target\":{\"@type\":\"EntryPoint\",\"urlTemplate\":\"https:\\\/\\\/detailingclub.lv\\\/?s={search_term_string}\"},\"query-input\":{\"@type\":\"PropertyValueSpecification\",\"valueRequired\":true,\"valueName\":\"search_term_string\"}}],\"inLanguage\":\"ru-RU\"},{\"@type\":\"Organization\",\"@id\":\"https:\\\/\\\/detailingclub.lv\\\/#organization\",\"name\":\"detailingclub.lv\",\"url\":\"https:\\\/\\\/detailingclub.lv\\\/\",\"logo\":{\"@type\":\"ImageObject\",\"inLanguage\":\"ru-RU\",\"@id\":\"https:\\\/\\\/detailingclub.lv\\\/#\\\/schema\\\/logo\\\/image\\\/\",\"url\":\"https:\\\/\\\/detailingclub.lv\\\/wp-content\\\/uploads\\\/2026\\\/05\\\/cropped-LOGO-\u0434\u043b\u0438\u043d\u043d\u043e\u0435-\u0431\u0435\u043b\u043e\u0435-\u0441-\u043d\u0430\u043a\u043b\u043e\u043d\u043e\u043c.png\",\"contentUrl\":\"https:\\\/\\\/detailingclub.lv\\\/wp-content\\\/uploads\\\/2026\\\/05\\\/cropped-LOGO-\u0434\u043b\u0438\u043d\u043d\u043e\u0435-\u0431\u0435\u043b\u043e\u0435-\u0441-\u043d\u0430\u043a\u043b\u043e\u043d\u043e\u043c.png\",\"width\":1140,\"height\":111,\"caption\":\"detailingclub.lv\"},\"image\":{\"@id\":\"https:\\\/\\\/detailingclub.lv\\\/#\\\/schema\\\/logo\\\/image\\\/\"}}]}<\/script>\n<!-- \/ Yoast SEO plugin. -->","yoast_head_json":{"title":"LIQUI MOLY Piedeva hidrauliskajiem v\u0101rstiem 300ml - detailingclub.lv","description":"Liqui Moly hidraulisko v\u0101rstu piedeva 300ml samazina dzin\u0113ja troksni, att\u012bra e\u013c\u013co\u0161anas sist\u0113mu un uzlabo hidrokompensatoru darb\u012bbu.","robots":{"index":"index","follow":"follow","max-snippet":"max-snippet:-1","max-image-preview":"max-image-preview:large","max-video-preview":"max-video-preview:-1"},"canonical":"https:\/\/detailingclub.lv\/ru\/product\/liqui-moly-piedeva-hidrauliskajiem-varstiem-300ml\/","og_locale":"ru_RU","og_type":"article","og_title":"LIQUI MOLY Piedeva hidrauliskajiem v\u0101rstiem 300ml - detailingclub.lv","og_description":"Liqui Moly hidraulisko v\u0101rstu piedeva 300ml samazina dzin\u0113ja troksni, att\u012bra e\u013c\u013co\u0161anas sist\u0113mu un uzlabo hidrokompensatoru darb\u012bbu.","og_url":"https:\/\/detailingclub.lv\/ru\/product\/liqui-moly-piedeva-hidrauliskajiem-varstiem-300ml\/","og_site_name":"detailingclub.lv","article_modified_time":"2026-04-21T16:52:34+00:00","og_image":[{"width":457,"height":1200,"url":"https:\/\/detailingclub.lv\/wp-content\/uploads\/2026\/04\/5452.jpg","type":"image\/jpeg"}],"twitter_card":"summary_large_image","twitter_misc":{"\u041f\u0440\u0438\u043c\u0435\u0440\u043d\u043e\u0435 \u0432\u0440\u0435\u043c\u044f \u0434\u043b\u044f \u0447\u0442\u0435\u043d\u0438\u044f":"2 \u043c\u0438\u043d\u0443\u0442\u044b"},"schema":{"@context":"https:\/\/schema.org","@graph":[{"@type":"WebPage","@id":"https:\/\/detailingclub.lv\/products\/liqui-moly-piedeva-hidrauliskajiem-varstiem-300ml\/","url":"https:\/\/detailingclub.lv\/products\/liqui-moly-piedeva-hidrauliskajiem-varstiem-300ml\/","name":"LIQUI MOLY Piedeva hidrauliskajiem v\u0101rstiem 300ml - detailingclub.lv","isPartOf":{"@id":"https:\/\/detailingclub.lv\/#website"},"primaryImageOfPage":{"@id":"https:\/\/detailingclub.lv\/products\/liqui-moly-piedeva-hidrauliskajiem-varstiem-300ml\/#primaryimage"},"image":{"@id":"https:\/\/detailingclub.lv\/products\/liqui-moly-piedeva-hidrauliskajiem-varstiem-300ml\/#primaryimage"},"thumbnailUrl":"https:\/\/detailingclub.lv\/wp-content\/uploads\/2026\/04\/5452.jpg","datePublished":"2026-04-21T15:10:50+00:00","dateModified":"2026-04-21T16:52:34+00:00","description":"Liqui Moly hidraulisko v\u0101rstu piedeva 300ml samazina dzin\u0113ja troksni, att\u012bra e\u013c\u013co\u0161anas sist\u0113mu un uzlabo hidrokompensatoru darb\u012bbu.","breadcrumb":{"@id":"https:\/\/detailingclub.lv\/products\/liqui-moly-piedeva-hidrauliskajiem-varstiem-300ml\/#breadcrumb"},"inLanguage":"ru-RU","potentialAction":[{"@type":"ReadAction","target":["https:\/\/detailingclub.lv\/products\/liqui-moly-piedeva-hidrauliskajiem-varstiem-300ml\/"]}]},{"@type":"ImageObject","inLanguage":"ru-RU","@id":"https:\/\/detailingclub.lv\/products\/liqui-moly-piedeva-hidrauliskajiem-varstiem-300ml\/#primaryimage","url":"https:\/\/detailingclub.lv\/wp-content\/uploads\/2026\/04\/5452.jpg","contentUrl":"https:\/\/detailingclub.lv\/wp-content\/uploads\/2026\/04\/5452.jpg","width":457,"height":1200},{"@type":"BreadcrumbList","@id":"https:\/\/detailingclub.lv\/products\/liqui-moly-piedeva-hidrauliskajiem-varstiem-300ml\/#breadcrumb","itemListElement":[{"@type":"ListItem","position":1,"name":"Home","item":"https:\/\/detailingclub.lv\/"},{"@type":"ListItem","position":2,"name":"VEIKALS","item":"https:\/\/detailingclub.lv\/veikals\/"},{"@type":"ListItem","position":3,"name":"LIQUI MOLY Piedeva hidrauliskajiem v\u0101rstiem 300ml"}]},{"@type":"WebSite","@id":"https:\/\/detailingclub.lv\/#website","url":"https:\/\/detailingclub.lv\/","name":"detailingclub.lv","description":"","publisher":{"@id":"https:\/\/detailingclub.lv\/#organization"},"potentialAction":[{"@type":"SearchAction","target":{"@type":"EntryPoint","urlTemplate":"https:\/\/detailingclub.lv\/?s={search_term_string}"},"query-input":{"@type":"PropertyValueSpecification","valueRequired":true,"valueName":"search_term_string"}}],"inLanguage":"ru-RU"},{"@type":"Organization","@id":"https:\/\/detailingclub.lv\/#organization","name":"detailingclub.lv","url":"https:\/\/detailingclub.lv\/","logo":{"@type":"ImageObject","inLanguage":"ru-RU","@id":"https:\/\/detailingclub.lv\/#\/schema\/logo\/image\/","url":"https:\/\/detailingclub.lv\/wp-content\/uploads\/2026\/05\/cropped-LOGO-\u0434\u043b\u0438\u043d\u043d\u043e\u0435-\u0431\u0435\u043b\u043e\u0435-\u0441-\u043d\u0430\u043a\u043b\u043e\u043d\u043e\u043c.png","contentUrl":"https:\/\/detailingclub.lv\/wp-content\/uploads\/2026\/05\/cropped-LOGO-\u0434\u043b\u0438\u043d\u043d\u043e\u0435-\u0431\u0435\u043b\u043e\u0435-\u0441-\u043d\u0430\u043a\u043b\u043e\u043d\u043e\u043c.png","width":1140,"height":111,"caption":"detailingclub.lv"},"image":{"@id":"https:\/\/detailingclub.lv\/#\/schema\/logo\/image\/"}}]}},"jetpack_sharing_enabled":true,"_links":{"self":[{"href":"https:\/\/detailingclub.lv\/ru\/wp-json\/wp\/v2\/product\/5672","targetHints":{"allow":["GET"]}}],"collection":[{"href":"https:\/\/detailingclub.lv\/ru\/wp-json\/wp\/v2\/product"}],"about":[{"href":"https:\/\/detailingclub.lv\/ru\/wp-json\/wp\/v2\/types\/product"}],"replies":[{"embeddable":true,"href":"https:\/\/detailingclub.lv\/ru\/wp-json\/wp\/v2\/comments?post=5672"}],"wp:featuredmedia":[{"embeddable":true,"href":"https:\/\/detailingclub.lv\/ru\/wp-json\/wp\/v2\/media\/4793"}],"wp:attachment":[{"href":"https:\/\/detailingclub.lv\/ru\/wp-json\/wp\/v2\/media?parent=5672"}],"wp:term":[{"taxonomy":"product_brand","embeddable":true,"href":"https:\/\/detailingclub.lv\/ru\/wp-json\/wp\/v2\/product_brand?post=5672"},{"taxonomy":"product_cat","embeddable":true,"href":"https:\/\/detailingclub.lv\/ru\/wp-json\/wp\/v2\/product_cat?post=5672"},{"taxonomy":"product_tag","embeddable":true,"href":"https:\/\/detailingclub.lv\/ru\/wp-json\/wp\/v2\/product_tag?post=5672"}],"curies":[{"name":"wp","href":"https:\/\/api.w.org\/{rel}","templated":true}]}}