{"id":5670,"date":"2026-04-21T15:10:50","date_gmt":"2026-04-21T15:10:50","guid":{"rendered":"https:\/\/detailingclub.lv\/products\/liqui-moly-lidz-motorellas-viskozitates-paliel-pro-line-1l\/"},"modified":"2026-04-21T16:50:25","modified_gmt":"2026-04-21T16:50:25","slug":"liqui-moly-lidz-motorellas-viskozitates-paliel-pro-line-1l","status":"publish","type":"product","link":"https:\/\/detailingclub.lv\/ru\/product\/liqui-moly-lidz-motorellas-viskozitates-paliel-pro-line-1l\/","title":{"rendered":"LIQUI MOLY L\u012bdz. motore\u013c\u013cas viskozit\u0101tes paliel. PRO-LINE 1L"},"content":{"rendered":"<p data-start=\"81\" data-end=\"356\">Ja dzin\u0113js s\u0101k pat\u0113r\u0113t e\u013c\u013cu, kr\u012btas spiediens vai par\u0101d\u0101s troksnis \u2014 tas bie\u017ei noz\u012bm\u0113, ka e\u013c\u013ca vairs nesp\u0113j nodro\u0161in\u0101t stabilu aizsardz\u012bbu. Pro-Line s\u0113rijas viskozit\u0101tes stabilizators ir profesion\u0101ls risin\u0101jums, kas uzlabo e\u013c\u013cas \u012bpa\u0161\u012bbas un pal\u012bdz kompens\u0113t dzin\u0113ja nodilumu.<\/p>\n<p data-start=\"358\" data-end=\"542\">Produkts stabiliz\u0113 motore\u013c\u013cas viskozit\u0101ti pat pie augstas temperat\u016bras un slodzes, nodro\u0161inot vienm\u0113r\u012bgu e\u013c\u013cas pl\u0113vi un past\u0101v\u012bgu e\u013c\u013cas spiedienu. <span class=\"hover:entity-accent entity-underline inline cursor-pointer align-baseline\"><span class=\"whitespace-normal\">Liqui Moly<\/span><\/span><\/p>\n<hr data-start=\"544\" data-end=\"547\" \/>\n<p data-start=\"549\" data-end=\"574\"><strong data-start=\"549\" data-end=\"574\">K\u0101p\u0113c tas ir svar\u012bgi:<\/strong><\/p>\n<ul data-start=\"575\" data-end=\"905\">\n<li data-section-id=\"5xymj7\" data-start=\"575\" data-end=\"652\">Samazina e\u013c\u013cas pat\u0113ri\u0146u un d\u016bmo\u0161anu<\/li>\n<li data-section-id=\"1cu1bca\" data-start=\"653\" data-end=\"752\">Stabiliz\u0113 e\u013c\u013cas viskozit\u0101ti un uztur vienm\u0113r\u012bgu spiedienu<\/li>\n<li data-section-id=\"1c59v7h\" data-start=\"753\" data-end=\"849\">Samazina troksni (piem\u0113ram, hidrokompensatoru darb\u012bbu)<\/li>\n<li data-section-id=\"iacpe6\" data-start=\"850\" data-end=\"905\">Uzlabo dzin\u0113ja bl\u012bv\u0113jumu un samazina nodiluma sekas<\/li>\n<\/ul>\n<hr data-start=\"907\" data-end=\"910\" \/>\n<p data-start=\"912\" data-end=\"939\"><strong data-start=\"912\" data-end=\"939\">Galven\u0101s priek\u0161roc\u012bbas:<\/strong><\/p>\n<ul data-start=\"940\" data-end=\"1228\">\n<li data-section-id=\"1nij036\" data-start=\"940\" data-end=\"995\">Profesion\u0101la PRO-LINE formula intens\u012bvai lieto\u0161anai<\/li>\n<li data-section-id=\"1m6fbx1\" data-start=\"996\" data-end=\"1091\">Aizsarg\u0101 e\u013c\u013cu no meh\u0101nisk\u0101s \u201csadal\u012b\u0161an\u0101s\u201d pie slodzes<\/li>\n<li data-section-id=\"1gxehg5\" data-start=\"1092\" data-end=\"1184\">Piem\u0113rots benz\u012bna un d\u012bze\u013ca dzin\u0113jiem (ar\u012b ar DPF)<\/li>\n<li data-section-id=\"dh9sy2\" data-start=\"1185\" data-end=\"1228\">\u012apa\u0161i efekt\u012bvs auto ar lielu nobraukumu<\/li>\n<\/ul>\n<hr data-start=\"1230\" data-end=\"1233\" \/>\n<h3 data-section-id=\"k735iy\" data-start=\"1235\" data-end=\"1281\"><span role=\"text\"><strong data-start=\"1239\" data-end=\"1281\">K\u0101 lietot (p\u0113c ra\u017eot\u0101ja instrukcijas):<\/strong><\/span><\/h3>\n<ul data-start=\"1282\" data-end=\"1604\">\n<li data-section-id=\"14njls5\" data-start=\"1282\" data-end=\"1375\">Pievienot motore\u013c\u013cai (var lietot <strong data-start=\"1317\" data-end=\"1334\">jebkur\u0101 laik\u0101<\/strong>)<\/li>\n<li data-section-id=\"bvfflo\" data-start=\"1376\" data-end=\"1460\">1L pietiek l\u012bdz <strong data-start=\"1394\" data-end=\"1420\">~20 litriem motore\u013c\u013cas<\/strong><\/li>\n<li data-section-id=\"4t3hj\" data-start=\"1461\" data-end=\"1565\">P\u0113c pievieno\u0161anas \u013caut dzin\u0113jam uzsilt vai \u012bsu br\u012bdi darboties<\/li>\n<li data-section-id=\"7p3pwv\" data-start=\"1566\" data-end=\"1604\">Nep\u0101rsniegt maksim\u0101lo e\u013c\u013cas l\u012bmeni<\/li>\n<\/ul>\n<hr data-start=\"1606\" data-end=\"1609\" \/>\n<p data-start=\"1611\" data-end=\"1626\"><strong data-start=\"1611\" data-end=\"1626\">Kad lietot:<\/strong><\/p>\n<ul data-start=\"1627\" data-end=\"1752\">\n<li data-section-id=\"wbdsxj\" data-start=\"1627\" data-end=\"1653\">Ja dzin\u0113js pat\u0113r\u0113 e\u013c\u013cu<\/li>\n<li data-section-id=\"1dt3jfe\" data-start=\"1654\" data-end=\"1683\">Ja kr\u012btas e\u013c\u013cas spiediens<\/li>\n<li data-section-id=\"141uvv2\" data-start=\"1684\" data-end=\"1712\">Auto ar lielu nobraukumu<\/li>\n<li data-section-id=\"1amc0si\" data-start=\"1713\" data-end=\"1752\">Intens\u012bvas ekspluat\u0101cijas apst\u0101k\u013cos<\/li>\n<\/ul>\n<p data-start=\"1754\" data-end=\"1873\">\u0160is ir produkts, kas re\u0101li uzlabo e\u013c\u013cas darb\u012bbu \u2014 nevis tikai \u201cpievieno piedevu\u201d, bet stabiliz\u0113 visu e\u013c\u013co\u0161anas sist\u0113mu.<\/p>","protected":false},"excerpt":{"rendered":"<h2>LIQUI MOLY L\u012bdz. motore\u013c\u013cas viskozit\u0101tes paliel. PRO-LINE 1L<\/h2>","protected":false},"featured_media":4789,"comment_status":"open","ping_status":"closed","template":"","meta":{"site-sidebar-layout":"default","site-content-layout":"","ast-site-content-layout":"default","site-content-style":"default","site-sidebar-style":"default","ast-global-header-display":"","ast-banner-title-visibility":"","ast-main-header-display":"","ast-hfb-above-header-display":"","ast-hfb-below-header-display":"","ast-hfb-mobile-header-display":"","site-post-title":"","ast-breadcrumbs-content":"","ast-featured-img":"","footer-sml-layout":"","ast-disable-related-posts":"","theme-transparent-header-meta":"default","adv-header-id-meta":"","stick-header-meta":"","header-above-stick-meta":"","header-main-stick-meta":"","header-below-stick-meta":"","astra-migrate-meta-layouts":"set","ast-page-background-enabled":"default","ast-page-background-meta":{"desktop":{"background-color":"var(--ast-global-color-5)","background-image":"","background-repeat":"repeat","background-position":"center center","background-size":"auto","background-attachment":"scroll","background-type":"","background-media":"","overlay-type":"","overlay-color":"","overlay-opacity":"","overlay-gradient":""},"tablet":{"background-color":"","background-image":"","background-repeat":"repeat","background-position":"center center","background-size":"auto","background-attachment":"scroll","background-type":"","background-media":"","overlay-type":"","overlay-color":"","overlay-opacity":"","overlay-gradient":""},"mobile":{"background-color":"","background-image":"","background-repeat":"repeat","background-position":"center center","background-size":"auto","background-attachment":"scroll","background-type":"","background-media":"","overlay-type":"","overlay-color":"","overlay-opacity":"","overlay-gradient":""}},"ast-content-background-meta":{"desktop":{"background-color":"var(--ast-global-color-4)","background-image":"","background-repeat":"repeat","background-position":"center center","background-size":"auto","background-attachment":"scroll","background-type":"","background-media":"","overlay-type":"","overlay-color":"","overlay-opacity":"","overlay-gradient":""},"tablet":{"background-color":"var(--ast-global-color-4)","background-image":"","background-repeat":"repeat","background-position":"center center","background-size":"auto","background-attachment":"scroll","background-type":"","background-media":"","overlay-type":"","overlay-color":"","overlay-opacity":"","overlay-gradient":""},"mobile":{"background-color":"var(--ast-global-color-4)","background-image":"","background-repeat":"repeat","background-position":"center center","background-size":"auto","background-attachment":"scroll","background-type":"","background-media":"","overlay-type":"","overlay-color":"","overlay-opacity":"","overlay-gradient":""}}},"product_brand":[99],"product_cat":[155],"product_tag":[],"class_list":{"0":"post-5670","1":"product","2":"type-product","3":"status-publish","4":"has-post-thumbnail","6":"product_brand-liqui-moly","7":"product_cat-ellas-piedevas","8":"pa_tilpums-1l","9":"pa_zimols-liqui-moly","10":"desktop-align-left","11":"tablet-align-left","12":"mobile-align-left","14":"first","15":"instock","16":"taxable","17":"shipping-taxable","18":"purchasable","19":"product-type-simple"},"yoast_head":"<!-- This site is optimized with the Yoast SEO plugin v27.4 - https:\/\/yoast.com\/product\/yoast-seo-wordpress\/ -->\n<title>LIQUI MOLY L\u012bdz. motore\u013c\u013cas viskozit\u0101tes paliel. PRO-LINE 1L - detailingclub.lv<\/title>\n<meta name=\"description\" content=\"Liqui Moly Pro-Line viskozit\u0101tes palielin\u0101t\u0101js 1L stabiliz\u0113 e\u013c\u013cas spiedienu, samazina e\u013c\u013cas pat\u0113ri\u0146u un uzlabo dzin\u0113ja darb\u012bbu. Ide\u0101li nodilu\u0161iem motoriem.\" \/>\n<meta name=\"robots\" content=\"index, follow, max-snippet:-1, max-image-preview:large, max-video-preview:-1\" \/>\n<link rel=\"canonical\" href=\"https:\/\/detailingclub.lv\/ru\/product\/liqui-moly-lidz-motorellas-viskozitates-paliel-pro-line-1l\/\" \/>\n<meta property=\"og:locale\" content=\"ru_RU\" \/>\n<meta property=\"og:type\" content=\"article\" \/>\n<meta property=\"og:title\" content=\"LIQUI MOLY L\u012bdz. motore\u013c\u013cas viskozit\u0101tes paliel. PRO-LINE 1L - detailingclub.lv\" \/>\n<meta property=\"og:description\" content=\"Liqui Moly Pro-Line viskozit\u0101tes palielin\u0101t\u0101js 1L stabiliz\u0113 e\u013c\u013cas spiedienu, samazina e\u013c\u013cas pat\u0113ri\u0146u un uzlabo dzin\u0113ja darb\u012bbu. Ide\u0101li nodilu\u0161iem motoriem.\" \/>\n<meta property=\"og:url\" content=\"https:\/\/detailingclub.lv\/ru\/product\/liqui-moly-lidz-motorellas-viskozitates-paliel-pro-line-1l\/\" \/>\n<meta property=\"og:site_name\" content=\"detailingclub.lv\" \/>\n<meta property=\"article:modified_time\" content=\"2026-04-21T16:50:25+00:00\" \/>\n<meta property=\"og:image\" content=\"https:\/\/detailingclub.lv\/wp-content\/uploads\/2026\/04\/5486.jpg\" \/>\n\t<meta property=\"og:image:width\" content=\"455\" \/>\n\t<meta property=\"og:image:height\" content=\"1200\" \/>\n\t<meta property=\"og:image:type\" content=\"image\/jpeg\" \/>\n<meta name=\"twitter:card\" content=\"summary_large_image\" \/>\n<meta name=\"twitter:label1\" content=\"\u041f\u0440\u0438\u043c\u0435\u0440\u043d\u043e\u0435 \u0432\u0440\u0435\u043c\u044f \u0434\u043b\u044f \u0447\u0442\u0435\u043d\u0438\u044f\" \/>\n\t<meta name=\"twitter:data1\" content=\"2 \u043c\u0438\u043d\u0443\u0442\u044b\" \/>\n<script type=\"application\/ld+json\" class=\"yoast-schema-graph\">{\"@context\":\"https:\\\/\\\/schema.org\",\"@graph\":[{\"@type\":\"WebPage\",\"@id\":\"https:\\\/\\\/detailingclub.lv\\\/products\\\/liqui-moly-lidz-motorellas-viskozitates-paliel-pro-line-1l\\\/\",\"url\":\"https:\\\/\\\/detailingclub.lv\\\/products\\\/liqui-moly-lidz-motorellas-viskozitates-paliel-pro-line-1l\\\/\",\"name\":\"LIQUI MOLY L\u012bdz. motore\u013c\u013cas viskozit\u0101tes paliel. PRO-LINE 1L - detailingclub.lv\",\"isPartOf\":{\"@id\":\"https:\\\/\\\/detailingclub.lv\\\/#website\"},\"primaryImageOfPage\":{\"@id\":\"https:\\\/\\\/detailingclub.lv\\\/products\\\/liqui-moly-lidz-motorellas-viskozitates-paliel-pro-line-1l\\\/#primaryimage\"},\"image\":{\"@id\":\"https:\\\/\\\/detailingclub.lv\\\/products\\\/liqui-moly-lidz-motorellas-viskozitates-paliel-pro-line-1l\\\/#primaryimage\"},\"thumbnailUrl\":\"https:\\\/\\\/detailingclub.lv\\\/wp-content\\\/uploads\\\/2026\\\/04\\\/5486.jpg\",\"datePublished\":\"2026-04-21T15:10:50+00:00\",\"dateModified\":\"2026-04-21T16:50:25+00:00\",\"description\":\"Liqui Moly Pro-Line viskozit\u0101tes palielin\u0101t\u0101js 1L stabiliz\u0113 e\u013c\u013cas spiedienu, samazina e\u013c\u013cas pat\u0113ri\u0146u un uzlabo dzin\u0113ja darb\u012bbu. Ide\u0101li nodilu\u0161iem motoriem.\",\"breadcrumb\":{\"@id\":\"https:\\\/\\\/detailingclub.lv\\\/products\\\/liqui-moly-lidz-motorellas-viskozitates-paliel-pro-line-1l\\\/#breadcrumb\"},\"inLanguage\":\"ru-RU\",\"potentialAction\":[{\"@type\":\"ReadAction\",\"target\":[\"https:\\\/\\\/detailingclub.lv\\\/products\\\/liqui-moly-lidz-motorellas-viskozitates-paliel-pro-line-1l\\\/\"]}]},{\"@type\":\"ImageObject\",\"inLanguage\":\"ru-RU\",\"@id\":\"https:\\\/\\\/detailingclub.lv\\\/products\\\/liqui-moly-lidz-motorellas-viskozitates-paliel-pro-line-1l\\\/#primaryimage\",\"url\":\"https:\\\/\\\/detailingclub.lv\\\/wp-content\\\/uploads\\\/2026\\\/04\\\/5486.jpg\",\"contentUrl\":\"https:\\\/\\\/detailingclub.lv\\\/wp-content\\\/uploads\\\/2026\\\/04\\\/5486.jpg\",\"width\":455,\"height\":1200},{\"@type\":\"BreadcrumbList\",\"@id\":\"https:\\\/\\\/detailingclub.lv\\\/products\\\/liqui-moly-lidz-motorellas-viskozitates-paliel-pro-line-1l\\\/#breadcrumb\",\"itemListElement\":[{\"@type\":\"ListItem\",\"position\":1,\"name\":\"Home\",\"item\":\"https:\\\/\\\/detailingclub.lv\\\/\"},{\"@type\":\"ListItem\",\"position\":2,\"name\":\"VEIKALS\",\"item\":\"https:\\\/\\\/detailingclub.lv\\\/veikals\\\/\"},{\"@type\":\"ListItem\",\"position\":3,\"name\":\"LIQUI MOLY L\u012bdz. motore\u013c\u013cas viskozit\u0101tes paliel. PRO-LINE 1L\"}]},{\"@type\":\"WebSite\",\"@id\":\"https:\\\/\\\/detailingclub.lv\\\/#website\",\"url\":\"https:\\\/\\\/detailingclub.lv\\\/\",\"name\":\"detailingclub.lv\",\"description\":\"\",\"publisher\":{\"@id\":\"https:\\\/\\\/detailingclub.lv\\\/#organization\"},\"potentialAction\":[{\"@type\":\"SearchAction\",\"target\":{\"@type\":\"EntryPoint\",\"urlTemplate\":\"https:\\\/\\\/detailingclub.lv\\\/?s={search_term_string}\"},\"query-input\":{\"@type\":\"PropertyValueSpecification\",\"valueRequired\":true,\"valueName\":\"search_term_string\"}}],\"inLanguage\":\"ru-RU\"},{\"@type\":\"Organization\",\"@id\":\"https:\\\/\\\/detailingclub.lv\\\/#organization\",\"name\":\"detailingclub.lv\",\"url\":\"https:\\\/\\\/detailingclub.lv\\\/\",\"logo\":{\"@type\":\"ImageObject\",\"inLanguage\":\"ru-RU\",\"@id\":\"https:\\\/\\\/detailingclub.lv\\\/#\\\/schema\\\/logo\\\/image\\\/\",\"url\":\"https:\\\/\\\/detailingclub.lv\\\/wp-content\\\/uploads\\\/2026\\\/05\\\/cropped-LOGO-\u0434\u043b\u0438\u043d\u043d\u043e\u0435-\u0431\u0435\u043b\u043e\u0435-\u0441-\u043d\u0430\u043a\u043b\u043e\u043d\u043e\u043c.png\",\"contentUrl\":\"https:\\\/\\\/detailingclub.lv\\\/wp-content\\\/uploads\\\/2026\\\/05\\\/cropped-LOGO-\u0434\u043b\u0438\u043d\u043d\u043e\u0435-\u0431\u0435\u043b\u043e\u0435-\u0441-\u043d\u0430\u043a\u043b\u043e\u043d\u043e\u043c.png\",\"width\":1140,\"height\":111,\"caption\":\"detailingclub.lv\"},\"image\":{\"@id\":\"https:\\\/\\\/detailingclub.lv\\\/#\\\/schema\\\/logo\\\/image\\\/\"}}]}<\/script>\n<!-- \/ Yoast SEO plugin. -->","yoast_head_json":{"title":"LIQUI MOLY L\u012bdz. motore\u013c\u013cas viskozit\u0101tes paliel. PRO-LINE 1L - detailingclub.lv","description":"Liqui Moly Pro-Line viskozit\u0101tes palielin\u0101t\u0101js 1L stabiliz\u0113 e\u013c\u013cas spiedienu, samazina e\u013c\u013cas pat\u0113ri\u0146u un uzlabo dzin\u0113ja darb\u012bbu. Ide\u0101li nodilu\u0161iem motoriem.","robots":{"index":"index","follow":"follow","max-snippet":"max-snippet:-1","max-image-preview":"max-image-preview:large","max-video-preview":"max-video-preview:-1"},"canonical":"https:\/\/detailingclub.lv\/ru\/product\/liqui-moly-lidz-motorellas-viskozitates-paliel-pro-line-1l\/","og_locale":"ru_RU","og_type":"article","og_title":"LIQUI MOLY L\u012bdz. motore\u013c\u013cas viskozit\u0101tes paliel. PRO-LINE 1L - detailingclub.lv","og_description":"Liqui Moly Pro-Line viskozit\u0101tes palielin\u0101t\u0101js 1L stabiliz\u0113 e\u013c\u013cas spiedienu, samazina e\u013c\u013cas pat\u0113ri\u0146u un uzlabo dzin\u0113ja darb\u012bbu. Ide\u0101li nodilu\u0161iem motoriem.","og_url":"https:\/\/detailingclub.lv\/ru\/product\/liqui-moly-lidz-motorellas-viskozitates-paliel-pro-line-1l\/","og_site_name":"detailingclub.lv","article_modified_time":"2026-04-21T16:50:25+00:00","og_image":[{"width":455,"height":1200,"url":"https:\/\/detailingclub.lv\/wp-content\/uploads\/2026\/04\/5486.jpg","type":"image\/jpeg"}],"twitter_card":"summary_large_image","twitter_misc":{"\u041f\u0440\u0438\u043c\u0435\u0440\u043d\u043e\u0435 \u0432\u0440\u0435\u043c\u044f \u0434\u043b\u044f \u0447\u0442\u0435\u043d\u0438\u044f":"2 \u043c\u0438\u043d\u0443\u0442\u044b"},"schema":{"@context":"https:\/\/schema.org","@graph":[{"@type":"WebPage","@id":"https:\/\/detailingclub.lv\/products\/liqui-moly-lidz-motorellas-viskozitates-paliel-pro-line-1l\/","url":"https:\/\/detailingclub.lv\/products\/liqui-moly-lidz-motorellas-viskozitates-paliel-pro-line-1l\/","name":"LIQUI MOLY L\u012bdz. motore\u013c\u013cas viskozit\u0101tes paliel. PRO-LINE 1L - detailingclub.lv","isPartOf":{"@id":"https:\/\/detailingclub.lv\/#website"},"primaryImageOfPage":{"@id":"https:\/\/detailingclub.lv\/products\/liqui-moly-lidz-motorellas-viskozitates-paliel-pro-line-1l\/#primaryimage"},"image":{"@id":"https:\/\/detailingclub.lv\/products\/liqui-moly-lidz-motorellas-viskozitates-paliel-pro-line-1l\/#primaryimage"},"thumbnailUrl":"https:\/\/detailingclub.lv\/wp-content\/uploads\/2026\/04\/5486.jpg","datePublished":"2026-04-21T15:10:50+00:00","dateModified":"2026-04-21T16:50:25+00:00","description":"Liqui Moly Pro-Line viskozit\u0101tes palielin\u0101t\u0101js 1L stabiliz\u0113 e\u013c\u013cas spiedienu, samazina e\u013c\u013cas pat\u0113ri\u0146u un uzlabo dzin\u0113ja darb\u012bbu. Ide\u0101li nodilu\u0161iem motoriem.","breadcrumb":{"@id":"https:\/\/detailingclub.lv\/products\/liqui-moly-lidz-motorellas-viskozitates-paliel-pro-line-1l\/#breadcrumb"},"inLanguage":"ru-RU","potentialAction":[{"@type":"ReadAction","target":["https:\/\/detailingclub.lv\/products\/liqui-moly-lidz-motorellas-viskozitates-paliel-pro-line-1l\/"]}]},{"@type":"ImageObject","inLanguage":"ru-RU","@id":"https:\/\/detailingclub.lv\/products\/liqui-moly-lidz-motorellas-viskozitates-paliel-pro-line-1l\/#primaryimage","url":"https:\/\/detailingclub.lv\/wp-content\/uploads\/2026\/04\/5486.jpg","contentUrl":"https:\/\/detailingclub.lv\/wp-content\/uploads\/2026\/04\/5486.jpg","width":455,"height":1200},{"@type":"BreadcrumbList","@id":"https:\/\/detailingclub.lv\/products\/liqui-moly-lidz-motorellas-viskozitates-paliel-pro-line-1l\/#breadcrumb","itemListElement":[{"@type":"ListItem","position":1,"name":"Home","item":"https:\/\/detailingclub.lv\/"},{"@type":"ListItem","position":2,"name":"VEIKALS","item":"https:\/\/detailingclub.lv\/veikals\/"},{"@type":"ListItem","position":3,"name":"LIQUI MOLY L\u012bdz. motore\u013c\u013cas viskozit\u0101tes paliel. PRO-LINE 1L"}]},{"@type":"WebSite","@id":"https:\/\/detailingclub.lv\/#website","url":"https:\/\/detailingclub.lv\/","name":"detailingclub.lv","description":"","publisher":{"@id":"https:\/\/detailingclub.lv\/#organization"},"potentialAction":[{"@type":"SearchAction","target":{"@type":"EntryPoint","urlTemplate":"https:\/\/detailingclub.lv\/?s={search_term_string}"},"query-input":{"@type":"PropertyValueSpecification","valueRequired":true,"valueName":"search_term_string"}}],"inLanguage":"ru-RU"},{"@type":"Organization","@id":"https:\/\/detailingclub.lv\/#organization","name":"detailingclub.lv","url":"https:\/\/detailingclub.lv\/","logo":{"@type":"ImageObject","inLanguage":"ru-RU","@id":"https:\/\/detailingclub.lv\/#\/schema\/logo\/image\/","url":"https:\/\/detailingclub.lv\/wp-content\/uploads\/2026\/05\/cropped-LOGO-\u0434\u043b\u0438\u043d\u043d\u043e\u0435-\u0431\u0435\u043b\u043e\u0435-\u0441-\u043d\u0430\u043a\u043b\u043e\u043d\u043e\u043c.png","contentUrl":"https:\/\/detailingclub.lv\/wp-content\/uploads\/2026\/05\/cropped-LOGO-\u0434\u043b\u0438\u043d\u043d\u043e\u0435-\u0431\u0435\u043b\u043e\u0435-\u0441-\u043d\u0430\u043a\u043b\u043e\u043d\u043e\u043c.png","width":1140,"height":111,"caption":"detailingclub.lv"},"image":{"@id":"https:\/\/detailingclub.lv\/#\/schema\/logo\/image\/"}}]}},"jetpack_sharing_enabled":true,"_links":{"self":[{"href":"https:\/\/detailingclub.lv\/ru\/wp-json\/wp\/v2\/product\/5670","targetHints":{"allow":["GET"]}}],"collection":[{"href":"https:\/\/detailingclub.lv\/ru\/wp-json\/wp\/v2\/product"}],"about":[{"href":"https:\/\/detailingclub.lv\/ru\/wp-json\/wp\/v2\/types\/product"}],"replies":[{"embeddable":true,"href":"https:\/\/detailingclub.lv\/ru\/wp-json\/wp\/v2\/comments?post=5670"}],"wp:featuredmedia":[{"embeddable":true,"href":"https:\/\/detailingclub.lv\/ru\/wp-json\/wp\/v2\/media\/4789"}],"wp:attachment":[{"href":"https:\/\/detailingclub.lv\/ru\/wp-json\/wp\/v2\/media?parent=5670"}],"wp:term":[{"taxonomy":"product_brand","embeddable":true,"href":"https:\/\/detailingclub.lv\/ru\/wp-json\/wp\/v2\/product_brand?post=5670"},{"taxonomy":"product_cat","embeddable":true,"href":"https:\/\/detailingclub.lv\/ru\/wp-json\/wp\/v2\/product_cat?post=5670"},{"taxonomy":"product_tag","embeddable":true,"href":"https:\/\/detailingclub.lv\/ru\/wp-json\/wp\/v2\/product_tag?post=5670"}],"curies":[{"name":"wp","href":"https:\/\/api.w.org\/{rel}","templated":true}]}}