{"id":564,"date":"2026-03-20T19:42:44","date_gmt":"2026-03-20T19:42:44","guid":{"rendered":"https:\/\/detailingclub.lv\/?post_type=product&#038;p=564"},"modified":"2026-05-11T20:19:07","modified_gmt":"2026-05-11T20:19:07","slug":"soft99-ultra-glaco-stikla-parklajuma-komplekts","status":"publish","type":"product","link":"https:\/\/detailingclub.lv\/ru\/product\/soft99-ultra-glaco-stikla-parklajuma-komplekts\/","title":{"rendered":"SOFT99 Ultra Glaco \u043a\u043e\u043c\u043f\u043b\u0435\u043a\u0442 \u0434\u043b\u044f \u043d\u0430\u043d\u0435\u0441\u0435\u043d\u0438\u044f \u043f\u043e\u043a\u0440\u044b\u0442\u0438\u044f \u043d\u0430 \u0441\u0442\u0435\u043a\u043b\u043e"},"content":{"rendered":"<p class=\"whitespace-pre-wrap break-words\">\u0160is visaptvero\u0161ais stikla p\u0101rkl\u0101juma komplekts ietver le\u0123end\u0101ros SOFT99 produktus, kas paredz\u0113ti, lai sagatavotu, p\u0101rkl\u0101tu un uztur\u0113tu j\u016bsu automa\u0161\u012bnas logus, nodro\u0161inot vislab\u0101ko brauk\u0161anas pieredzi. Komplekt\u0101 ietilpst viss nepiecie\u0161amais optim\u0101lai stikla apstr\u0101dei un redzam\u012bbai.<\/p>\n<hr \/>\n<p class=\"whitespace-pre-wrap break-words\">Lieto\u0161anas instrukcijas:<\/p>\n<ol class=\"-mt-1 list-decimal space-y-2 pl-8\">\n<li class=\"whitespace-normal break-words\">R\u016bp\u012bgi not\u012briet stikla virsmu ar Glaco De Cleaner.<\/li>\n<li class=\"whitespace-normal break-words\">Izmantojiet Glaco Glass Compound Roll On, lai sagatavotu virsmu.<\/li>\n<li class=\"whitespace-normal break-words\">Uzkl\u0101jiet Ultra Glaco p\u0101rkl\u0101jumu uz t\u012bra un sagatavota stikla.<\/li>\n<li class=\"whitespace-normal break-words\">Lai ieg\u016btu lab\u0101kos rezult\u0101tus, iev\u0113rojiet konkr\u0113tos nor\u0101d\u012bjumus uz katra produkta.<\/li>\n<\/ol>\n<hr \/>\n<p class=\"whitespace-pre-wrap break-words\">Atrunas un ieteikumi:<\/p>\n<ul class=\"-mt-1 list-disc space-y-2 pl-8\">\n<li class=\"whitespace-normal break-words\">Pirms lieto\u0161anas r\u016bp\u012bgi izlasiet visus produkta nor\u0101d\u012bjumus.<\/li>\n<li class=\"whitespace-normal break-words\">Izmantojiet labi v\u0113din\u0101m\u0101 viet\u0101.<\/li>\n<li class=\"whitespace-normal break-words\">Lai pasarg\u0101tu \u0101du no \u0137imik\u0101lij\u0101m, lietojiet cimdus.<\/li>\n<li class=\"whitespace-normal break-words\">Izvairieties no uzkl\u0101\u0161anas tie\u0161\u0101 saules gaism\u0101 vai uz karst\u0101m virsm\u0101m.<\/li>\n<li class=\"whitespace-normal break-words\">Glab\u0101jiet b\u0113rniem nepieejam\u0101 viet\u0101.<\/li>\n<li class=\"whitespace-normal break-words\">Uzglab\u0101jiet v\u0113s\u0101, saus\u0101 viet\u0101.<\/li>\n<\/ul>\n<hr \/>\n<p class=\"whitespace-pre-wrap break-words\">Komplekt\u0101 ietilpst:<\/p>\n<ul class=\"-mt-1 list-disc space-y-2 pl-8\">\n<li class=\"whitespace-normal break-words\">1 x Glaco Glass Compound Roll On<\/li>\n<li class=\"whitespace-normal break-words\">1 x Ultra Glaco<\/li>\n<li class=\"whitespace-normal break-words\">1 x Glaco De Cleaner<\/li>\n<\/ul>","protected":false},"excerpt":{"rendered":"<p>SOFT99 Ultra Glaco \u043a\u043e\u043c\u043f\u043b\u0435\u043a\u0442 \u0434\u043b\u044f \u043d\u0430\u043d\u0435\u0441\u0435\u043d\u0438\u044f \u043f\u043e\u043a\u0440\u044b\u0442\u0438\u044f \u043d\u0430 \u0441\u0442\u0435\u043a\u043b\u043e<\/p>","protected":false},"featured_media":566,"comment_status":"open","ping_status":"closed","template":"","meta":{"site-sidebar-layout":"default","site-content-layout":"","ast-site-content-layout":"default","site-content-style":"default","site-sidebar-style":"default","ast-global-header-display":"","ast-banner-title-visibility":"","ast-main-header-display":"","ast-hfb-above-header-display":"","ast-hfb-below-header-display":"","ast-hfb-mobile-header-display":"","site-post-title":"","ast-breadcrumbs-content":"","ast-featured-img":"","footer-sml-layout":"","ast-disable-related-posts":"","theme-transparent-header-meta":"default","adv-header-id-meta":"","stick-header-meta":"","header-above-stick-meta":"","header-main-stick-meta":"","header-below-stick-meta":"","astra-migrate-meta-layouts":"set","ast-page-background-enabled":"default","ast-page-background-meta":{"desktop":{"background-color":"var(--ast-global-color-5)","background-image":"","background-repeat":"repeat","background-position":"center center","background-size":"auto","background-attachment":"scroll","background-type":"","background-media":"","overlay-type":"","overlay-color":"","overlay-opacity":"","overlay-gradient":""},"tablet":{"background-color":"","background-image":"","background-repeat":"repeat","background-position":"center center","background-size":"auto","background-attachment":"scroll","background-type":"","background-media":"","overlay-type":"","overlay-color":"","overlay-opacity":"","overlay-gradient":""},"mobile":{"background-color":"","background-image":"","background-repeat":"repeat","background-position":"center center","background-size":"auto","background-attachment":"scroll","background-type":"","background-media":"","overlay-type":"","overlay-color":"","overlay-opacity":"","overlay-gradient":""}},"ast-content-background-meta":{"desktop":{"background-color":"var(--ast-global-color-4)","background-image":"","background-repeat":"repeat","background-position":"center center","background-size":"auto","background-attachment":"scroll","background-type":"","background-media":"","overlay-type":"","overlay-color":"","overlay-opacity":"","overlay-gradient":""},"tablet":{"background-color":"var(--ast-global-color-4)","background-image":"","background-repeat":"repeat","background-position":"center center","background-size":"auto","background-attachment":"scroll","background-type":"","background-media":"","overlay-type":"","overlay-color":"","overlay-opacity":"","overlay-gradient":""},"mobile":{"background-color":"var(--ast-global-color-4)","background-image":"","background-repeat":"repeat","background-position":"center center","background-size":"auto","background-attachment":"scroll","background-type":"","background-media":"","overlay-type":"","overlay-color":"","overlay-opacity":"","overlay-gradient":""}}},"product_brand":[100],"product_cat":[64,42,45,88,32,63],"product_tag":[],"class_list":{"0":"post-564","1":"product","2":"type-product","3":"status-publish","4":"has-post-thumbnail","6":"product_brand-soft99","7":"product_cat-antilietus-parklajumi","8":"product_cat-arejas-kopsanas-komplekti","9":"product_cat-must-have","10":"product_cat-parklajumi-stiklam","11":"product_cat-stiklu-kopsana-un-antilietus","12":"product_cat-stiklu-tirisanas-lidzekli","13":"pa_zimols-soft99","14":"desktop-align-left","15":"tablet-align-left","16":"mobile-align-left","18":"first","19":"instock","20":"taxable","21":"shipping-taxable","22":"purchasable","23":"product-type-simple"},"yoast_head":"<!-- This site is optimized with the Yoast SEO plugin v27.4 - https:\/\/yoast.com\/product\/yoast-seo-wordpress\/ -->\n<title>SOFT99 Ultra Glaco stikla p\u0101rkl\u0101juma komplekts - detailingclub.lv<\/title>\n<meta name=\"robots\" content=\"index, follow, max-snippet:-1, max-image-preview:large, max-video-preview:-1\" \/>\n<link rel=\"canonical\" href=\"https:\/\/detailingclub.lv\/ru\/product\/soft99-ultra-glaco-stikla-parklajuma-komplekts\/\" \/>\n<meta property=\"og:locale\" content=\"ru_RU\" \/>\n<meta property=\"og:type\" content=\"article\" \/>\n<meta property=\"og:title\" content=\"SOFT99 Ultra Glaco stikla p\u0101rkl\u0101juma komplekts - detailingclub.lv\" \/>\n<meta property=\"og:description\" content=\"SOFT99 Ultra Glaco stikla p\u0101rkl\u0101juma komplekts\" \/>\n<meta property=\"og:url\" content=\"https:\/\/detailingclub.lv\/ru\/product\/soft99-ultra-glaco-stikla-parklajuma-komplekts\/\" \/>\n<meta property=\"og:site_name\" content=\"detailingclub.lv\" \/>\n<meta property=\"article:modified_time\" content=\"2026-05-11T20:19:07+00:00\" \/>\n<meta property=\"og:image\" content=\"https:\/\/detailingclub.lv\/wp-content\/uploads\/2026\/03\/soft99_ultra_glaco_anti-regen_glascoating_set_-_crop_promo_pack-1-1.webp\" \/>\n\t<meta property=\"og:image:width\" content=\"1200\" \/>\n\t<meta property=\"og:image:height\" content=\"1030\" \/>\n\t<meta property=\"og:image:type\" content=\"image\/webp\" \/>\n<meta name=\"twitter:card\" content=\"summary_large_image\" \/>\n<meta name=\"twitter:label1\" content=\"\u041f\u0440\u0438\u043c\u0435\u0440\u043d\u043e\u0435 \u0432\u0440\u0435\u043c\u044f \u0434\u043b\u044f \u0447\u0442\u0435\u043d\u0438\u044f\" \/>\n\t<meta name=\"twitter:data1\" content=\"1 \u043c\u0438\u043d\u0443\u0442\u0430\" \/>\n<script type=\"application\/ld+json\" class=\"yoast-schema-graph\">{\"@context\":\"https:\\\/\\\/schema.org\",\"@graph\":[{\"@type\":\"WebPage\",\"@id\":\"https:\\\/\\\/detailingclub.lv\\\/products\\\/soft99-ultra-glaco-stikla-parklajuma-komplekts\\\/\",\"url\":\"https:\\\/\\\/detailingclub.lv\\\/products\\\/soft99-ultra-glaco-stikla-parklajuma-komplekts\\\/\",\"name\":\"SOFT99 Ultra Glaco stikla p\u0101rkl\u0101juma komplekts - detailingclub.lv\",\"isPartOf\":{\"@id\":\"https:\\\/\\\/detailingclub.lv\\\/#website\"},\"primaryImageOfPage\":{\"@id\":\"https:\\\/\\\/detailingclub.lv\\\/products\\\/soft99-ultra-glaco-stikla-parklajuma-komplekts\\\/#primaryimage\"},\"image\":{\"@id\":\"https:\\\/\\\/detailingclub.lv\\\/products\\\/soft99-ultra-glaco-stikla-parklajuma-komplekts\\\/#primaryimage\"},\"thumbnailUrl\":\"https:\\\/\\\/detailingclub.lv\\\/wp-content\\\/uploads\\\/2026\\\/03\\\/soft99_ultra_glaco_anti-regen_glascoating_set_-_crop_promo_pack-1-1.webp\",\"datePublished\":\"2026-03-20T19:42:44+00:00\",\"dateModified\":\"2026-05-11T20:19:07+00:00\",\"breadcrumb\":{\"@id\":\"https:\\\/\\\/detailingclub.lv\\\/products\\\/soft99-ultra-glaco-stikla-parklajuma-komplekts\\\/#breadcrumb\"},\"inLanguage\":\"ru-RU\",\"potentialAction\":[{\"@type\":\"ReadAction\",\"target\":[\"https:\\\/\\\/detailingclub.lv\\\/products\\\/soft99-ultra-glaco-stikla-parklajuma-komplekts\\\/\"]}]},{\"@type\":\"ImageObject\",\"inLanguage\":\"ru-RU\",\"@id\":\"https:\\\/\\\/detailingclub.lv\\\/products\\\/soft99-ultra-glaco-stikla-parklajuma-komplekts\\\/#primaryimage\",\"url\":\"https:\\\/\\\/detailingclub.lv\\\/wp-content\\\/uploads\\\/2026\\\/03\\\/soft99_ultra_glaco_anti-regen_glascoating_set_-_crop_promo_pack-1-1.webp\",\"contentUrl\":\"https:\\\/\\\/detailingclub.lv\\\/wp-content\\\/uploads\\\/2026\\\/03\\\/soft99_ultra_glaco_anti-regen_glascoating_set_-_crop_promo_pack-1-1.webp\",\"width\":1200,\"height\":1030},{\"@type\":\"BreadcrumbList\",\"@id\":\"https:\\\/\\\/detailingclub.lv\\\/products\\\/soft99-ultra-glaco-stikla-parklajuma-komplekts\\\/#breadcrumb\",\"itemListElement\":[{\"@type\":\"ListItem\",\"position\":1,\"name\":\"Home\",\"item\":\"https:\\\/\\\/detailingclub.lv\\\/\"},{\"@type\":\"ListItem\",\"position\":2,\"name\":\"VEIKALS\",\"item\":\"https:\\\/\\\/detailingclub.lv\\\/veikals\\\/\"},{\"@type\":\"ListItem\",\"position\":3,\"name\":\"SOFT99 Ultra Glaco stikla p\u0101rkl\u0101juma komplekts\"}]},{\"@type\":\"WebSite\",\"@id\":\"https:\\\/\\\/detailingclub.lv\\\/#website\",\"url\":\"https:\\\/\\\/detailingclub.lv\\\/\",\"name\":\"detailingclub.lv\",\"description\":\"\",\"publisher\":{\"@id\":\"https:\\\/\\\/detailingclub.lv\\\/#organization\"},\"potentialAction\":[{\"@type\":\"SearchAction\",\"target\":{\"@type\":\"EntryPoint\",\"urlTemplate\":\"https:\\\/\\\/detailingclub.lv\\\/?s={search_term_string}\"},\"query-input\":{\"@type\":\"PropertyValueSpecification\",\"valueRequired\":true,\"valueName\":\"search_term_string\"}}],\"inLanguage\":\"ru-RU\"},{\"@type\":\"Organization\",\"@id\":\"https:\\\/\\\/detailingclub.lv\\\/#organization\",\"name\":\"detailingclub.lv\",\"url\":\"https:\\\/\\\/detailingclub.lv\\\/\",\"logo\":{\"@type\":\"ImageObject\",\"inLanguage\":\"ru-RU\",\"@id\":\"https:\\\/\\\/detailingclub.lv\\\/#\\\/schema\\\/logo\\\/image\\\/\",\"url\":\"https:\\\/\\\/detailingclub.lv\\\/wp-content\\\/uploads\\\/2026\\\/05\\\/cropped-LOGO-\u0434\u043b\u0438\u043d\u043d\u043e\u0435-\u0431\u0435\u043b\u043e\u0435-\u0441-\u043d\u0430\u043a\u043b\u043e\u043d\u043e\u043c.png\",\"contentUrl\":\"https:\\\/\\\/detailingclub.lv\\\/wp-content\\\/uploads\\\/2026\\\/05\\\/cropped-LOGO-\u0434\u043b\u0438\u043d\u043d\u043e\u0435-\u0431\u0435\u043b\u043e\u0435-\u0441-\u043d\u0430\u043a\u043b\u043e\u043d\u043e\u043c.png\",\"width\":1140,\"height\":111,\"caption\":\"detailingclub.lv\"},\"image\":{\"@id\":\"https:\\\/\\\/detailingclub.lv\\\/#\\\/schema\\\/logo\\\/image\\\/\"}}]}<\/script>\n<!-- \/ Yoast SEO plugin. -->","yoast_head_json":{"title":"SOFT99 Ultra Glaco stikla p\u0101rkl\u0101juma komplekts - detailingclub.lv","robots":{"index":"index","follow":"follow","max-snippet":"max-snippet:-1","max-image-preview":"max-image-preview:large","max-video-preview":"max-video-preview:-1"},"canonical":"https:\/\/detailingclub.lv\/ru\/product\/soft99-ultra-glaco-stikla-parklajuma-komplekts\/","og_locale":"ru_RU","og_type":"article","og_title":"SOFT99 Ultra Glaco stikla p\u0101rkl\u0101juma komplekts - detailingclub.lv","og_description":"SOFT99 Ultra Glaco stikla p\u0101rkl\u0101juma komplekts","og_url":"https:\/\/detailingclub.lv\/ru\/product\/soft99-ultra-glaco-stikla-parklajuma-komplekts\/","og_site_name":"detailingclub.lv","article_modified_time":"2026-05-11T20:19:07+00:00","og_image":[{"width":1200,"height":1030,"url":"https:\/\/detailingclub.lv\/wp-content\/uploads\/2026\/03\/soft99_ultra_glaco_anti-regen_glascoating_set_-_crop_promo_pack-1-1.webp","type":"image\/webp"}],"twitter_card":"summary_large_image","twitter_misc":{"\u041f\u0440\u0438\u043c\u0435\u0440\u043d\u043e\u0435 \u0432\u0440\u0435\u043c\u044f \u0434\u043b\u044f \u0447\u0442\u0435\u043d\u0438\u044f":"1 \u043c\u0438\u043d\u0443\u0442\u0430"},"schema":{"@context":"https:\/\/schema.org","@graph":[{"@type":"WebPage","@id":"https:\/\/detailingclub.lv\/products\/soft99-ultra-glaco-stikla-parklajuma-komplekts\/","url":"https:\/\/detailingclub.lv\/products\/soft99-ultra-glaco-stikla-parklajuma-komplekts\/","name":"SOFT99 Ultra Glaco stikla p\u0101rkl\u0101juma komplekts - detailingclub.lv","isPartOf":{"@id":"https:\/\/detailingclub.lv\/#website"},"primaryImageOfPage":{"@id":"https:\/\/detailingclub.lv\/products\/soft99-ultra-glaco-stikla-parklajuma-komplekts\/#primaryimage"},"image":{"@id":"https:\/\/detailingclub.lv\/products\/soft99-ultra-glaco-stikla-parklajuma-komplekts\/#primaryimage"},"thumbnailUrl":"https:\/\/detailingclub.lv\/wp-content\/uploads\/2026\/03\/soft99_ultra_glaco_anti-regen_glascoating_set_-_crop_promo_pack-1-1.webp","datePublished":"2026-03-20T19:42:44+00:00","dateModified":"2026-05-11T20:19:07+00:00","breadcrumb":{"@id":"https:\/\/detailingclub.lv\/products\/soft99-ultra-glaco-stikla-parklajuma-komplekts\/#breadcrumb"},"inLanguage":"ru-RU","potentialAction":[{"@type":"ReadAction","target":["https:\/\/detailingclub.lv\/products\/soft99-ultra-glaco-stikla-parklajuma-komplekts\/"]}]},{"@type":"ImageObject","inLanguage":"ru-RU","@id":"https:\/\/detailingclub.lv\/products\/soft99-ultra-glaco-stikla-parklajuma-komplekts\/#primaryimage","url":"https:\/\/detailingclub.lv\/wp-content\/uploads\/2026\/03\/soft99_ultra_glaco_anti-regen_glascoating_set_-_crop_promo_pack-1-1.webp","contentUrl":"https:\/\/detailingclub.lv\/wp-content\/uploads\/2026\/03\/soft99_ultra_glaco_anti-regen_glascoating_set_-_crop_promo_pack-1-1.webp","width":1200,"height":1030},{"@type":"BreadcrumbList","@id":"https:\/\/detailingclub.lv\/products\/soft99-ultra-glaco-stikla-parklajuma-komplekts\/#breadcrumb","itemListElement":[{"@type":"ListItem","position":1,"name":"Home","item":"https:\/\/detailingclub.lv\/"},{"@type":"ListItem","position":2,"name":"VEIKALS","item":"https:\/\/detailingclub.lv\/veikals\/"},{"@type":"ListItem","position":3,"name":"SOFT99 Ultra Glaco stikla p\u0101rkl\u0101juma komplekts"}]},{"@type":"WebSite","@id":"https:\/\/detailingclub.lv\/#website","url":"https:\/\/detailingclub.lv\/","name":"detailingclub.lv","description":"","publisher":{"@id":"https:\/\/detailingclub.lv\/#organization"},"potentialAction":[{"@type":"SearchAction","target":{"@type":"EntryPoint","urlTemplate":"https:\/\/detailingclub.lv\/?s={search_term_string}"},"query-input":{"@type":"PropertyValueSpecification","valueRequired":true,"valueName":"search_term_string"}}],"inLanguage":"ru-RU"},{"@type":"Organization","@id":"https:\/\/detailingclub.lv\/#organization","name":"detailingclub.lv","url":"https:\/\/detailingclub.lv\/","logo":{"@type":"ImageObject","inLanguage":"ru-RU","@id":"https:\/\/detailingclub.lv\/#\/schema\/logo\/image\/","url":"https:\/\/detailingclub.lv\/wp-content\/uploads\/2026\/05\/cropped-LOGO-\u0434\u043b\u0438\u043d\u043d\u043e\u0435-\u0431\u0435\u043b\u043e\u0435-\u0441-\u043d\u0430\u043a\u043b\u043e\u043d\u043e\u043c.png","contentUrl":"https:\/\/detailingclub.lv\/wp-content\/uploads\/2026\/05\/cropped-LOGO-\u0434\u043b\u0438\u043d\u043d\u043e\u0435-\u0431\u0435\u043b\u043e\u0435-\u0441-\u043d\u0430\u043a\u043b\u043e\u043d\u043e\u043c.png","width":1140,"height":111,"caption":"detailingclub.lv"},"image":{"@id":"https:\/\/detailingclub.lv\/#\/schema\/logo\/image\/"}}]}},"jetpack_sharing_enabled":true,"_links":{"self":[{"href":"https:\/\/detailingclub.lv\/ru\/wp-json\/wp\/v2\/product\/564","targetHints":{"allow":["GET"]}}],"collection":[{"href":"https:\/\/detailingclub.lv\/ru\/wp-json\/wp\/v2\/product"}],"about":[{"href":"https:\/\/detailingclub.lv\/ru\/wp-json\/wp\/v2\/types\/product"}],"replies":[{"embeddable":true,"href":"https:\/\/detailingclub.lv\/ru\/wp-json\/wp\/v2\/comments?post=564"}],"wp:featuredmedia":[{"embeddable":true,"href":"https:\/\/detailingclub.lv\/ru\/wp-json\/wp\/v2\/media\/566"}],"wp:attachment":[{"href":"https:\/\/detailingclub.lv\/ru\/wp-json\/wp\/v2\/media?parent=564"}],"wp:term":[{"taxonomy":"product_brand","embeddable":true,"href":"https:\/\/detailingclub.lv\/ru\/wp-json\/wp\/v2\/product_brand?post=564"},{"taxonomy":"product_cat","embeddable":true,"href":"https:\/\/detailingclub.lv\/ru\/wp-json\/wp\/v2\/product_cat?post=564"},{"taxonomy":"product_tag","embeddable":true,"href":"https:\/\/detailingclub.lv\/ru\/wp-json\/wp\/v2\/product_tag?post=564"}],"curies":[{"name":"wp","href":"https:\/\/api.w.org\/{rel}","templated":true}]}}