{"id":5364,"date":"2026-04-21T15:10:22","date_gmt":"2026-04-21T15:10:22","guid":{"rendered":"https:\/\/detailingclub.lv\/products\/liqui-moly-lidzeklis-auto-tirisanai-500ml\/"},"modified":"2026-04-21T19:38:59","modified_gmt":"2026-04-21T19:38:59","slug":"liqui-moly-lidzeklis-auto-tirisanai-500ml","status":"publish","type":"product","link":"https:\/\/detailingclub.lv\/ru\/product\/liqui-moly-lidzeklis-auto-tirisanai-500ml\/","title":{"rendered":"LIQUI MOLY L\u012bdzeklis auto t\u012br\u012b\u0161anai 500ml"},"content":{"rendered":"<p data-start=\"166\" data-end=\"329\">\u0160is nav parasts \u201cauto \u0161amp\u016bns\u201d. Tas ir <strong data-start=\"205\" data-end=\"235\">intens\u012bvs priek\u0161att\u012br\u012bt\u0101js<\/strong>, kas paredz\u0113ts situ\u0101cij\u0101m, kad auto ir tie\u0161\u0101m net\u012brs \u2014 e\u013c\u013ca, degvielas traipi, ce\u013ca net\u012brumi.<\/p>\n<p data-start=\"331\" data-end=\"489\">LIQUI MOLY 1546 ir izstr\u0101d\u0101ts, lai <strong data-start=\"366\" data-end=\"417\">\u0161\u0137\u012bdin\u0101tu smagus pies\u0101r\u0146ojumus pirms mazg\u0101\u0161anas<\/strong>, nevis vienk\u0101r\u0161i tos noskalotu.<\/p>\n<hr data-start=\"491\" data-end=\"494\" \/>\n<h2 data-section-id=\"bjgfgb\" data-start=\"496\" data-end=\"524\"><span role=\"text\"><strong data-start=\"499\" data-end=\"524\">K\u0101p\u0113c tas ir svar\u012bgi:<\/strong><\/span><\/h2>\n<ul data-start=\"525\" data-end=\"789\">\n<li data-section-id=\"t09da6\" data-start=\"525\" data-end=\"607\">No\u0146em e\u013c\u013cu, degvielu un smagus net\u012brumus<\/li>\n<li data-section-id=\"szps6v\" data-start=\"608\" data-end=\"694\">Darbojas ar\u012b pret virsmas r\u016bsu un oksid\u0101ciju<\/li>\n<li data-section-id=\"1g5host\" data-start=\"695\" data-end=\"738\">Sagatavo virsmu kvalitat\u012bvai mazg\u0101\u0161anai<\/li>\n<li data-section-id=\"1k3u2x3\" data-start=\"739\" data-end=\"789\">Samazina nepiecie\u0161am\u012bbu p\u0113c agres\u012bvas ber\u0161anas<\/li>\n<\/ul>\n<hr data-start=\"791\" data-end=\"794\" \/>\n<h2 data-section-id=\"wghv7f\" data-start=\"796\" data-end=\"826\"><span role=\"text\"><strong data-start=\"799\" data-end=\"826\">Galven\u0101s priek\u0161roc\u012bbas:<\/strong><\/span><\/h2>\n<ul data-start=\"827\" data-end=\"1169\">\n<li data-section-id=\"hejm6j\" data-start=\"827\" data-end=\"909\">Sp\u0113c\u012bga ies\u016bk\u0161an\u0101s un \u0161\u0137\u012bdin\u0101\u0161anas sp\u0113ja<\/li>\n<li data-section-id=\"1eq3zsh\" data-start=\"910\" data-end=\"979\">Biolo\u0123iski no\u0101rd\u0101ms sast\u0101vs<\/li>\n<li data-section-id=\"1fu3dmi\" data-start=\"980\" data-end=\"1066\">Dro\u0161s plastmasai, gumijai, stiklam un kr\u0101sai<\/li>\n<li data-section-id=\"p9xl6m\" data-start=\"1067\" data-end=\"1125\">Ide\u0101li piem\u0113rots \u0161asijai, sliek\u0161\u0146iem, priek\u0161\u0113jai da\u013cai<\/li>\n<li data-section-id=\"1f5ri1p\" data-start=\"1126\" data-end=\"1169\">Profesion\u0101ls \u201cpre-wash\u201d l\u012bme\u0146a produkts<\/li>\n<\/ul>\n<hr data-start=\"1171\" data-end=\"1174\" \/>\n<h2 data-section-id=\"5ux40p\" data-start=\"1176\" data-end=\"1221\"><span role=\"text\"><strong data-start=\"1179\" data-end=\"1221\">K\u0101 lietot (p\u0113c ra\u017eot\u0101ja instrukcijas):<\/strong><\/span><\/h2>\n<ul data-start=\"1222\" data-end=\"1421\">\n<li data-section-id=\"yijetk\" data-start=\"1222\" data-end=\"1241\">Sakrat\u012bt pudeli<\/li>\n<li data-section-id=\"3frmhn\" data-start=\"1242\" data-end=\"1275\">Uzsmidzin\u0101t uz net\u012br\u0101m viet\u0101m<\/li>\n<li data-section-id=\"1s7xom5\" data-start=\"1276\" data-end=\"1352\">Atst\u0101t iedarboties <strong data-start=\"1297\" data-end=\"1312\">1\u20133 min\u016btes<\/strong><\/li>\n<li data-section-id=\"1796sqo\" data-start=\"1353\" data-end=\"1379\">Ne\u013caut l\u012bdzeklim no\u017e\u016bt<\/li>\n<li data-section-id=\"lp31c\" data-start=\"1380\" data-end=\"1421\">Noskalot vai mazg\u0101t ar s\u016bkli \/ birsti<\/li>\n<\/ul>\n<hr data-start=\"1423\" data-end=\"1426\" \/>\n<h2 data-section-id=\"1w3bgym\" data-start=\"1428\" data-end=\"1446\"><span role=\"text\"><strong data-start=\"1431\" data-end=\"1446\">Kad lietot:<\/strong><\/span><\/h2>\n<ul data-start=\"1447\" data-end=\"1586\">\n<li data-section-id=\"13rzqrl\" data-start=\"1447\" data-end=\"1499\">Stipri net\u012bram auto (e\u013c\u013ca, darva, ce\u013ca net\u012brumi)<\/li>\n<li data-section-id=\"16aalh0\" data-start=\"1500\" data-end=\"1529\">Pirms galven\u0101s mazg\u0101\u0161anas<\/li>\n<li data-section-id=\"lcm4xm\" data-start=\"1530\" data-end=\"1563\">\u0160asijas un sliek\u0161\u0146u t\u012br\u012b\u0161anai<\/li>\n<li data-section-id=\"1ae5hxa\" data-start=\"1564\" data-end=\"1586\">P\u0113c ziemas sezonas<\/li>\n<\/ul>\n<hr data-start=\"1588\" data-end=\"1591\" \/>\n<p data-start=\"1593\" data-end=\"1742\">\u0160is ir produkts, kas <strong data-start=\"1614\" data-end=\"1674\">nav ikdienas lieto\u0161anai, bet kritisks \u201csmagos gad\u012bjumos\u201d<\/strong>. Ja izmanto to pareizi \u2014 mazg\u0101\u0161ana k\u013c\u016bst daudz viegl\u0101ka un dro\u0161\u0101ka.<\/p>","protected":false},"excerpt":{"rendered":"<h2>LIQUI MOLY L\u012bdzeklis auto t\u012br\u012b\u0161anai 500ml<\/h2>","protected":false},"featured_media":3768,"comment_status":"open","ping_status":"closed","template":"","meta":{"site-sidebar-layout":"default","site-content-layout":"","ast-site-content-layout":"default","site-content-style":"default","site-sidebar-style":"default","ast-global-header-display":"","ast-banner-title-visibility":"","ast-main-header-display":"","ast-hfb-above-header-display":"","ast-hfb-below-header-display":"","ast-hfb-mobile-header-display":"","site-post-title":"","ast-breadcrumbs-content":"","ast-featured-img":"","footer-sml-layout":"","ast-disable-related-posts":"","theme-transparent-header-meta":"default","adv-header-id-meta":"","stick-header-meta":"","header-above-stick-meta":"","header-main-stick-meta":"","header-below-stick-meta":"","astra-migrate-meta-layouts":"set","ast-page-background-enabled":"default","ast-page-background-meta":{"desktop":{"background-color":"var(--ast-global-color-5)","background-image":"","background-repeat":"repeat","background-position":"center center","background-size":"auto","background-attachment":"scroll","background-type":"","background-media":"","overlay-type":"","overlay-color":"","overlay-opacity":"","overlay-gradient":""},"tablet":{"background-color":"","background-image":"","background-repeat":"repeat","background-position":"center center","background-size":"auto","background-attachment":"scroll","background-type":"","background-media":"","overlay-type":"","overlay-color":"","overlay-opacity":"","overlay-gradient":""},"mobile":{"background-color":"","background-image":"","background-repeat":"repeat","background-position":"center center","background-size":"auto","background-attachment":"scroll","background-type":"","background-media":"","overlay-type":"","overlay-color":"","overlay-opacity":"","overlay-gradient":""}},"ast-content-background-meta":{"desktop":{"background-color":"var(--ast-global-color-4)","background-image":"","background-repeat":"repeat","background-position":"center center","background-size":"auto","background-attachment":"scroll","background-type":"","background-media":"","overlay-type":"","overlay-color":"","overlay-opacity":"","overlay-gradient":""},"tablet":{"background-color":"var(--ast-global-color-4)","background-image":"","background-repeat":"repeat","background-position":"center center","background-size":"auto","background-attachment":"scroll","background-type":"","background-media":"","overlay-type":"","overlay-color":"","overlay-opacity":"","overlay-gradient":""},"mobile":{"background-color":"var(--ast-global-color-4)","background-image":"","background-repeat":"repeat","background-position":"center center","background-size":"auto","background-attachment":"scroll","background-type":"","background-media":"","overlay-type":"","overlay-color":"","overlay-opacity":"","overlay-gradient":""}}},"product_brand":[99],"product_cat":[60],"product_tag":[],"class_list":{"0":"post-5364","1":"product","2":"type-product","3":"status-publish","4":"has-post-thumbnail","6":"product_brand-liqui-moly","7":"product_cat-vispareji-tirisanas-lidzekli-apc","8":"desktop-align-left","9":"tablet-align-left","10":"mobile-align-left","12":"first","13":"instock","14":"taxable","15":"shipping-taxable","16":"purchasable","17":"product-type-simple"},"yoast_head":"<!-- This site is optimized with the Yoast SEO plugin v27.4 - https:\/\/yoast.com\/product\/yoast-seo-wordpress\/ -->\n<title>LIQUI MOLY L\u012bdzeklis auto t\u012br\u012b\u0161anai 500ml - detailingclub.lv<\/title>\n<meta name=\"description\" content=\"Liqui Moly auto t\u012br\u012b\u0161anas l\u012bdzeklis 500ml efekt\u012bvi no\u0146em e\u013c\u013cu, degvielu un smagus net\u012brumus, sagatavo auto virsmu mazg\u0101\u0161anai un nodro\u0161ina dzi\u013cu att\u012br\u012b\u0161anu.\" \/>\n<meta name=\"robots\" content=\"index, follow, max-snippet:-1, max-image-preview:large, max-video-preview:-1\" \/>\n<link rel=\"canonical\" href=\"https:\/\/detailingclub.lv\/ru\/product\/liqui-moly-lidzeklis-auto-tirisanai-500ml\/\" \/>\n<meta property=\"og:locale\" content=\"ru_RU\" \/>\n<meta property=\"og:type\" content=\"article\" \/>\n<meta property=\"og:title\" content=\"LIQUI MOLY L\u012bdzeklis auto t\u012br\u012b\u0161anai 500ml - detailingclub.lv\" \/>\n<meta property=\"og:description\" content=\"Liqui Moly auto t\u012br\u012b\u0161anas l\u012bdzeklis 500ml efekt\u012bvi no\u0146em e\u013c\u013cu, degvielu un smagus net\u012brumus, sagatavo auto virsmu mazg\u0101\u0161anai un nodro\u0161ina dzi\u013cu att\u012br\u012b\u0161anu.\" \/>\n<meta property=\"og:url\" content=\"https:\/\/detailingclub.lv\/ru\/product\/liqui-moly-lidzeklis-auto-tirisanai-500ml\/\" \/>\n<meta property=\"og:site_name\" content=\"detailingclub.lv\" \/>\n<meta property=\"article:modified_time\" content=\"2026-04-21T19:38:59+00:00\" \/>\n<meta property=\"og:image\" content=\"https:\/\/detailingclub.lv\/wp-content\/uploads\/2026\/04\/4498.jpg\" \/>\n\t<meta property=\"og:image:width\" content=\"262\" \/>\n\t<meta property=\"og:image:height\" content=\"600\" \/>\n\t<meta property=\"og:image:type\" content=\"image\/jpeg\" \/>\n<meta name=\"twitter:card\" content=\"summary_large_image\" \/>\n<meta name=\"twitter:label1\" content=\"\u041f\u0440\u0438\u043c\u0435\u0440\u043d\u043e\u0435 \u0432\u0440\u0435\u043c\u044f \u0434\u043b\u044f \u0447\u0442\u0435\u043d\u0438\u044f\" \/>\n\t<meta name=\"twitter:data1\" content=\"2 \u043c\u0438\u043d\u0443\u0442\u044b\" \/>\n<script type=\"application\/ld+json\" class=\"yoast-schema-graph\">{\"@context\":\"https:\\\/\\\/schema.org\",\"@graph\":[{\"@type\":\"WebPage\",\"@id\":\"https:\\\/\\\/detailingclub.lv\\\/products\\\/liqui-moly-lidzeklis-auto-tirisanai-500ml\\\/\",\"url\":\"https:\\\/\\\/detailingclub.lv\\\/products\\\/liqui-moly-lidzeklis-auto-tirisanai-500ml\\\/\",\"name\":\"LIQUI MOLY L\u012bdzeklis auto t\u012br\u012b\u0161anai 500ml - detailingclub.lv\",\"isPartOf\":{\"@id\":\"https:\\\/\\\/detailingclub.lv\\\/#website\"},\"primaryImageOfPage\":{\"@id\":\"https:\\\/\\\/detailingclub.lv\\\/products\\\/liqui-moly-lidzeklis-auto-tirisanai-500ml\\\/#primaryimage\"},\"image\":{\"@id\":\"https:\\\/\\\/detailingclub.lv\\\/products\\\/liqui-moly-lidzeklis-auto-tirisanai-500ml\\\/#primaryimage\"},\"thumbnailUrl\":\"https:\\\/\\\/detailingclub.lv\\\/wp-content\\\/uploads\\\/2026\\\/04\\\/4498.jpg\",\"datePublished\":\"2026-04-21T15:10:22+00:00\",\"dateModified\":\"2026-04-21T19:38:59+00:00\",\"description\":\"Liqui Moly auto t\u012br\u012b\u0161anas l\u012bdzeklis 500ml efekt\u012bvi no\u0146em e\u013c\u013cu, degvielu un smagus net\u012brumus, sagatavo auto virsmu mazg\u0101\u0161anai un nodro\u0161ina dzi\u013cu att\u012br\u012b\u0161anu.\",\"breadcrumb\":{\"@id\":\"https:\\\/\\\/detailingclub.lv\\\/products\\\/liqui-moly-lidzeklis-auto-tirisanai-500ml\\\/#breadcrumb\"},\"inLanguage\":\"ru-RU\",\"potentialAction\":[{\"@type\":\"ReadAction\",\"target\":[\"https:\\\/\\\/detailingclub.lv\\\/products\\\/liqui-moly-lidzeklis-auto-tirisanai-500ml\\\/\"]}]},{\"@type\":\"ImageObject\",\"inLanguage\":\"ru-RU\",\"@id\":\"https:\\\/\\\/detailingclub.lv\\\/products\\\/liqui-moly-lidzeklis-auto-tirisanai-500ml\\\/#primaryimage\",\"url\":\"https:\\\/\\\/detailingclub.lv\\\/wp-content\\\/uploads\\\/2026\\\/04\\\/4498.jpg\",\"contentUrl\":\"https:\\\/\\\/detailingclub.lv\\\/wp-content\\\/uploads\\\/2026\\\/04\\\/4498.jpg\",\"width\":262,\"height\":600},{\"@type\":\"BreadcrumbList\",\"@id\":\"https:\\\/\\\/detailingclub.lv\\\/products\\\/liqui-moly-lidzeklis-auto-tirisanai-500ml\\\/#breadcrumb\",\"itemListElement\":[{\"@type\":\"ListItem\",\"position\":1,\"name\":\"Home\",\"item\":\"https:\\\/\\\/detailingclub.lv\\\/\"},{\"@type\":\"ListItem\",\"position\":2,\"name\":\"VEIKALS\",\"item\":\"https:\\\/\\\/detailingclub.lv\\\/veikals\\\/\"},{\"@type\":\"ListItem\",\"position\":3,\"name\":\"LIQUI MOLY L\u012bdzeklis auto t\u012br\u012b\u0161anai 500ml\"}]},{\"@type\":\"WebSite\",\"@id\":\"https:\\\/\\\/detailingclub.lv\\\/#website\",\"url\":\"https:\\\/\\\/detailingclub.lv\\\/\",\"name\":\"detailingclub.lv\",\"description\":\"\",\"publisher\":{\"@id\":\"https:\\\/\\\/detailingclub.lv\\\/#organization\"},\"potentialAction\":[{\"@type\":\"SearchAction\",\"target\":{\"@type\":\"EntryPoint\",\"urlTemplate\":\"https:\\\/\\\/detailingclub.lv\\\/?s={search_term_string}\"},\"query-input\":{\"@type\":\"PropertyValueSpecification\",\"valueRequired\":true,\"valueName\":\"search_term_string\"}}],\"inLanguage\":\"ru-RU\"},{\"@type\":\"Organization\",\"@id\":\"https:\\\/\\\/detailingclub.lv\\\/#organization\",\"name\":\"detailingclub.lv\",\"url\":\"https:\\\/\\\/detailingclub.lv\\\/\",\"logo\":{\"@type\":\"ImageObject\",\"inLanguage\":\"ru-RU\",\"@id\":\"https:\\\/\\\/detailingclub.lv\\\/#\\\/schema\\\/logo\\\/image\\\/\",\"url\":\"https:\\\/\\\/detailingclub.lv\\\/wp-content\\\/uploads\\\/2026\\\/05\\\/cropped-LOGO-\u0434\u043b\u0438\u043d\u043d\u043e\u0435-\u0431\u0435\u043b\u043e\u0435-\u0441-\u043d\u0430\u043a\u043b\u043e\u043d\u043e\u043c.png\",\"contentUrl\":\"https:\\\/\\\/detailingclub.lv\\\/wp-content\\\/uploads\\\/2026\\\/05\\\/cropped-LOGO-\u0434\u043b\u0438\u043d\u043d\u043e\u0435-\u0431\u0435\u043b\u043e\u0435-\u0441-\u043d\u0430\u043a\u043b\u043e\u043d\u043e\u043c.png\",\"width\":1140,\"height\":111,\"caption\":\"detailingclub.lv\"},\"image\":{\"@id\":\"https:\\\/\\\/detailingclub.lv\\\/#\\\/schema\\\/logo\\\/image\\\/\"}}]}<\/script>\n<!-- \/ Yoast SEO plugin. -->","yoast_head_json":{"title":"LIQUI MOLY L\u012bdzeklis auto t\u012br\u012b\u0161anai 500ml - detailingclub.lv","description":"Liqui Moly auto t\u012br\u012b\u0161anas l\u012bdzeklis 500ml efekt\u012bvi no\u0146em e\u013c\u013cu, degvielu un smagus net\u012brumus, sagatavo auto virsmu mazg\u0101\u0161anai un nodro\u0161ina dzi\u013cu att\u012br\u012b\u0161anu.","robots":{"index":"index","follow":"follow","max-snippet":"max-snippet:-1","max-image-preview":"max-image-preview:large","max-video-preview":"max-video-preview:-1"},"canonical":"https:\/\/detailingclub.lv\/ru\/product\/liqui-moly-lidzeklis-auto-tirisanai-500ml\/","og_locale":"ru_RU","og_type":"article","og_title":"LIQUI MOLY L\u012bdzeklis auto t\u012br\u012b\u0161anai 500ml - detailingclub.lv","og_description":"Liqui Moly auto t\u012br\u012b\u0161anas l\u012bdzeklis 500ml efekt\u012bvi no\u0146em e\u013c\u013cu, degvielu un smagus net\u012brumus, sagatavo auto virsmu mazg\u0101\u0161anai un nodro\u0161ina dzi\u013cu att\u012br\u012b\u0161anu.","og_url":"https:\/\/detailingclub.lv\/ru\/product\/liqui-moly-lidzeklis-auto-tirisanai-500ml\/","og_site_name":"detailingclub.lv","article_modified_time":"2026-04-21T19:38:59+00:00","og_image":[{"width":262,"height":600,"url":"https:\/\/detailingclub.lv\/wp-content\/uploads\/2026\/04\/4498.jpg","type":"image\/jpeg"}],"twitter_card":"summary_large_image","twitter_misc":{"\u041f\u0440\u0438\u043c\u0435\u0440\u043d\u043e\u0435 \u0432\u0440\u0435\u043c\u044f \u0434\u043b\u044f \u0447\u0442\u0435\u043d\u0438\u044f":"2 \u043c\u0438\u043d\u0443\u0442\u044b"},"schema":{"@context":"https:\/\/schema.org","@graph":[{"@type":"WebPage","@id":"https:\/\/detailingclub.lv\/products\/liqui-moly-lidzeklis-auto-tirisanai-500ml\/","url":"https:\/\/detailingclub.lv\/products\/liqui-moly-lidzeklis-auto-tirisanai-500ml\/","name":"LIQUI MOLY L\u012bdzeklis auto t\u012br\u012b\u0161anai 500ml - detailingclub.lv","isPartOf":{"@id":"https:\/\/detailingclub.lv\/#website"},"primaryImageOfPage":{"@id":"https:\/\/detailingclub.lv\/products\/liqui-moly-lidzeklis-auto-tirisanai-500ml\/#primaryimage"},"image":{"@id":"https:\/\/detailingclub.lv\/products\/liqui-moly-lidzeklis-auto-tirisanai-500ml\/#primaryimage"},"thumbnailUrl":"https:\/\/detailingclub.lv\/wp-content\/uploads\/2026\/04\/4498.jpg","datePublished":"2026-04-21T15:10:22+00:00","dateModified":"2026-04-21T19:38:59+00:00","description":"Liqui Moly auto t\u012br\u012b\u0161anas l\u012bdzeklis 500ml efekt\u012bvi no\u0146em e\u013c\u013cu, degvielu un smagus net\u012brumus, sagatavo auto virsmu mazg\u0101\u0161anai un nodro\u0161ina dzi\u013cu att\u012br\u012b\u0161anu.","breadcrumb":{"@id":"https:\/\/detailingclub.lv\/products\/liqui-moly-lidzeklis-auto-tirisanai-500ml\/#breadcrumb"},"inLanguage":"ru-RU","potentialAction":[{"@type":"ReadAction","target":["https:\/\/detailingclub.lv\/products\/liqui-moly-lidzeklis-auto-tirisanai-500ml\/"]}]},{"@type":"ImageObject","inLanguage":"ru-RU","@id":"https:\/\/detailingclub.lv\/products\/liqui-moly-lidzeklis-auto-tirisanai-500ml\/#primaryimage","url":"https:\/\/detailingclub.lv\/wp-content\/uploads\/2026\/04\/4498.jpg","contentUrl":"https:\/\/detailingclub.lv\/wp-content\/uploads\/2026\/04\/4498.jpg","width":262,"height":600},{"@type":"BreadcrumbList","@id":"https:\/\/detailingclub.lv\/products\/liqui-moly-lidzeklis-auto-tirisanai-500ml\/#breadcrumb","itemListElement":[{"@type":"ListItem","position":1,"name":"Home","item":"https:\/\/detailingclub.lv\/"},{"@type":"ListItem","position":2,"name":"VEIKALS","item":"https:\/\/detailingclub.lv\/veikals\/"},{"@type":"ListItem","position":3,"name":"LIQUI MOLY L\u012bdzeklis auto t\u012br\u012b\u0161anai 500ml"}]},{"@type":"WebSite","@id":"https:\/\/detailingclub.lv\/#website","url":"https:\/\/detailingclub.lv\/","name":"detailingclub.lv","description":"","publisher":{"@id":"https:\/\/detailingclub.lv\/#organization"},"potentialAction":[{"@type":"SearchAction","target":{"@type":"EntryPoint","urlTemplate":"https:\/\/detailingclub.lv\/?s={search_term_string}"},"query-input":{"@type":"PropertyValueSpecification","valueRequired":true,"valueName":"search_term_string"}}],"inLanguage":"ru-RU"},{"@type":"Organization","@id":"https:\/\/detailingclub.lv\/#organization","name":"detailingclub.lv","url":"https:\/\/detailingclub.lv\/","logo":{"@type":"ImageObject","inLanguage":"ru-RU","@id":"https:\/\/detailingclub.lv\/#\/schema\/logo\/image\/","url":"https:\/\/detailingclub.lv\/wp-content\/uploads\/2026\/05\/cropped-LOGO-\u0434\u043b\u0438\u043d\u043d\u043e\u0435-\u0431\u0435\u043b\u043e\u0435-\u0441-\u043d\u0430\u043a\u043b\u043e\u043d\u043e\u043c.png","contentUrl":"https:\/\/detailingclub.lv\/wp-content\/uploads\/2026\/05\/cropped-LOGO-\u0434\u043b\u0438\u043d\u043d\u043e\u0435-\u0431\u0435\u043b\u043e\u0435-\u0441-\u043d\u0430\u043a\u043b\u043e\u043d\u043e\u043c.png","width":1140,"height":111,"caption":"detailingclub.lv"},"image":{"@id":"https:\/\/detailingclub.lv\/#\/schema\/logo\/image\/"}}]}},"jetpack_sharing_enabled":true,"_links":{"self":[{"href":"https:\/\/detailingclub.lv\/ru\/wp-json\/wp\/v2\/product\/5364","targetHints":{"allow":["GET"]}}],"collection":[{"href":"https:\/\/detailingclub.lv\/ru\/wp-json\/wp\/v2\/product"}],"about":[{"href":"https:\/\/detailingclub.lv\/ru\/wp-json\/wp\/v2\/types\/product"}],"replies":[{"embeddable":true,"href":"https:\/\/detailingclub.lv\/ru\/wp-json\/wp\/v2\/comments?post=5364"}],"wp:featuredmedia":[{"embeddable":true,"href":"https:\/\/detailingclub.lv\/ru\/wp-json\/wp\/v2\/media\/3768"}],"wp:attachment":[{"href":"https:\/\/detailingclub.lv\/ru\/wp-json\/wp\/v2\/media?parent=5364"}],"wp:term":[{"taxonomy":"product_brand","embeddable":true,"href":"https:\/\/detailingclub.lv\/ru\/wp-json\/wp\/v2\/product_brand?post=5364"},{"taxonomy":"product_cat","embeddable":true,"href":"https:\/\/detailingclub.lv\/ru\/wp-json\/wp\/v2\/product_cat?post=5364"},{"taxonomy":"product_tag","embeddable":true,"href":"https:\/\/detailingclub.lv\/ru\/wp-json\/wp\/v2\/product_tag?post=5364"}],"curies":[{"name":"wp","href":"https:\/\/api.w.org\/{rel}","templated":true}]}}