{"id":5363,"date":"2026-04-21T15:10:22","date_gmt":"2026-04-21T15:10:22","guid":{"rendered":"https:\/\/detailingclub.lv\/products\/liqui-moly-automasinu-sampuns-1l\/"},"modified":"2026-04-21T19:34:23","modified_gmt":"2026-04-21T19:34:23","slug":"liqui-moly-automasinu-sampuns-1l","status":"publish","type":"product","link":"https:\/\/detailingclub.lv\/ru\/product\/liqui-moly-automasinu-sampuns-1l\/","title":{"rendered":"LIQUI MOLY Automa\u0161\u012bnu \u0161amp\u016bns 1L"},"content":{"rendered":"<p data-start=\"165\" data-end=\"319\">\u0160is ir klasisks auto \u0161amp\u016bns bez \u201ctrikiem\u201d, bet ar vienu svar\u012bgu \u012bpa\u0161\u012bbu \u2014 <strong data-start=\"240\" data-end=\"318\">tas t\u012bra, neboj\u0101jot to, ko tu jau esi uzkl\u0101jis (vasks, sealants, keramika)<\/strong>.<\/p>\n<p data-start=\"321\" data-end=\"487\">LIQUI MOLY \u0161amp\u016bns veido bag\u0101t\u012bgas putas un <strong data-start=\"365\" data-end=\"413\">maigi no\u0146em ce\u013ca net\u012brumus, putek\u013cus un s\u0101li<\/strong>, saglab\u0101jot virsb\u016bves aizsardz\u012bbu<\/p>\n<hr data-start=\"489\" data-end=\"492\" \/>\n<h2 data-section-id=\"bjgfgb\" data-start=\"494\" data-end=\"522\"><span role=\"text\"><strong data-start=\"497\" data-end=\"522\">K\u0101p\u0113c tas ir svar\u012bgi:<\/strong><\/span><\/h2>\n<ul data-start=\"523\" data-end=\"764\">\n<li data-section-id=\"wmg85s\" data-start=\"523\" data-end=\"605\">No\u0146em net\u012brumus bez agres\u012bvas iedarb\u012bbas<\/li>\n<li data-section-id=\"6qxp9r\" data-start=\"606\" data-end=\"684\">Nesaboj\u0101 vasku un aizsargp\u0101rkl\u0101jumus<\/li>\n<li data-section-id=\"18flh3\" data-start=\"685\" data-end=\"731\">Nodro\u0161ina dro\u0161u mazg\u0101\u0161anu bez skr\u0101p\u0113jumiem<\/li>\n<li data-section-id=\"158x9bk\" data-start=\"732\" data-end=\"764\">Piem\u0113rots regul\u0101rai kop\u0161anai<\/li>\n<\/ul>\n<hr data-start=\"766\" data-end=\"769\" \/>\n<h2 data-section-id=\"wghv7f\" data-start=\"771\" data-end=\"801\"><span role=\"text\"><strong data-start=\"774\" data-end=\"801\">Galven\u0101s priek\u0161roc\u012bbas:<\/strong><\/span><\/h2>\n<ul data-start=\"802\" data-end=\"1124\">\n<li data-section-id=\"58434n\" data-start=\"802\" data-end=\"877\">pH neitr\u0101ls \u2014 dro\u0161s vis\u0101m virsm\u0101m<\/li>\n<li data-section-id=\"y9x3ne\" data-start=\"878\" data-end=\"964\">Bag\u0101t\u012bgas putas \u2014 lab\u0101ka net\u012brumu atdal\u012b\u0161ana<\/li>\n<li data-section-id=\"1jbsvdn\" data-start=\"965\" data-end=\"1006\">Piem\u0113rots kr\u0101sai, stiklam, plastmasai<\/li>\n<li data-section-id=\"1po5av\" data-start=\"1007\" data-end=\"1093\">Ekonomisks koncentr\u0101ts (at\u0161\u0137aid\u0101ms ar \u016bdeni)<\/li>\n<li data-section-id=\"1ar5wfy\" data-start=\"1094\" data-end=\"1124\">Ide\u0101ls ikdienas mazg\u0101\u0161anai<\/li>\n<\/ul>\n<hr data-start=\"1126\" data-end=\"1129\" \/>\n<h2 data-section-id=\"cvk73t\" data-start=\"1131\" data-end=\"1172\"><span role=\"text\"><strong data-start=\"1134\" data-end=\"1172\">K\u0101 lietot (p\u0113c ra\u017eot\u0101ja principa):<\/strong><\/span><\/h2>\n<ul data-start=\"1173\" data-end=\"1343\">\n<li data-section-id=\"17d8q6u\" data-start=\"1173\" data-end=\"1199\">Noskalot auto ar \u016bdeni<\/li>\n<li data-section-id=\"xlh2n5\" data-start=\"1200\" data-end=\"1253\">Sajaukt ar \u016bdeni (aptuveni 30\u201350 ml uz 10L \u016bdens)<\/li>\n<li data-section-id=\"hfv5n1\" data-start=\"1254\" data-end=\"1297\">Mazg\u0101t ar s\u016bkli vai mikro\u0161\u0137iedras cimdu<\/li>\n<li data-section-id=\"1wcbkbl\" data-start=\"1298\" data-end=\"1324\">Noskalot ar t\u012bru \u016bdeni<\/li>\n<li data-section-id=\"zgep8h\" data-start=\"1325\" data-end=\"1343\">Nosusin\u0101t auto<\/li>\n<\/ul>\n<hr data-start=\"1345\" data-end=\"1348\" \/>\n<h2 data-section-id=\"1w3bgym\" data-start=\"1350\" data-end=\"1368\"><span role=\"text\"><strong data-start=\"1353\" data-end=\"1368\">Kad lietot:<\/strong><\/span><\/h2>\n<ul data-start=\"1369\" data-end=\"1497\">\n<li data-section-id=\"1bumdr7\" data-start=\"1369\" data-end=\"1398\">Regul\u0101rai auto mazg\u0101\u0161anai<\/li>\n<li data-section-id=\"mtlccn\" data-start=\"1399\" data-end=\"1433\">P\u0113c lietus, putek\u013ciem vai s\u0101ls<\/li>\n<li data-section-id=\"1ayoicn\" data-start=\"1434\" data-end=\"1475\">Pirms detailera vai aizsargp\u0101rkl\u0101juma<\/li>\n<li data-section-id=\"qqmfjg\" data-start=\"1476\" data-end=\"1497\">Ikdienas kop\u0161anai<\/li>\n<\/ul>\n<hr data-start=\"1499\" data-end=\"1502\" \/>\n<p data-start=\"1504\" data-end=\"1621\">\u0160is ir \u201cb\u0101zes produkts\u201d, bet kritiski svar\u012bgs \u2014 <strong data-start=\"1552\" data-end=\"1620\">ja \u0161amp\u016bns ir nepareizs, tu l\u0113n\u0101m no\u0146em visu aizsardz\u012bbu no auto<\/strong>.<\/p>","protected":false},"excerpt":{"rendered":"<h2>LIQUI MOLY Automa\u0161\u012bnu \u0161amp\u016bns 1L<\/h2>","protected":false},"featured_media":3766,"comment_status":"open","ping_status":"closed","template":"","meta":{"site-sidebar-layout":"default","site-content-layout":"","ast-site-content-layout":"default","site-content-style":"default","site-sidebar-style":"default","ast-global-header-display":"","ast-banner-title-visibility":"","ast-main-header-display":"","ast-hfb-above-header-display":"","ast-hfb-below-header-display":"","ast-hfb-mobile-header-display":"","site-post-title":"","ast-breadcrumbs-content":"","ast-featured-img":"","footer-sml-layout":"","ast-disable-related-posts":"","theme-transparent-header-meta":"default","adv-header-id-meta":"","stick-header-meta":"","header-above-stick-meta":"","header-main-stick-meta":"","header-below-stick-meta":"","astra-migrate-meta-layouts":"set","ast-page-background-enabled":"default","ast-page-background-meta":{"desktop":{"background-color":"var(--ast-global-color-5)","background-image":"","background-repeat":"repeat","background-position":"center center","background-size":"auto","background-attachment":"scroll","background-type":"","background-media":"","overlay-type":"","overlay-color":"","overlay-opacity":"","overlay-gradient":""},"tablet":{"background-color":"","background-image":"","background-repeat":"repeat","background-position":"center center","background-size":"auto","background-attachment":"scroll","background-type":"","background-media":"","overlay-type":"","overlay-color":"","overlay-opacity":"","overlay-gradient":""},"mobile":{"background-color":"","background-image":"","background-repeat":"repeat","background-position":"center center","background-size":"auto","background-attachment":"scroll","background-type":"","background-media":"","overlay-type":"","overlay-color":"","overlay-opacity":"","overlay-gradient":""}},"ast-content-background-meta":{"desktop":{"background-color":"var(--ast-global-color-4)","background-image":"","background-repeat":"repeat","background-position":"center center","background-size":"auto","background-attachment":"scroll","background-type":"","background-media":"","overlay-type":"","overlay-color":"","overlay-opacity":"","overlay-gradient":""},"tablet":{"background-color":"var(--ast-global-color-4)","background-image":"","background-repeat":"repeat","background-position":"center center","background-size":"auto","background-attachment":"scroll","background-type":"","background-media":"","overlay-type":"","overlay-color":"","overlay-opacity":"","overlay-gradient":""},"mobile":{"background-color":"var(--ast-global-color-4)","background-image":"","background-repeat":"repeat","background-position":"center center","background-size":"auto","background-attachment":"scroll","background-type":"","background-media":"","overlay-type":"","overlay-color":"","overlay-opacity":"","overlay-gradient":""}}},"product_brand":[99],"product_cat":[47],"product_tag":[],"class_list":{"0":"post-5363","1":"product","2":"type-product","3":"status-publish","4":"has-post-thumbnail","6":"product_brand-liqui-moly","7":"product_cat-sampuni","8":"pa_tilpums-1l","9":"pa_zimols-liqui-moly","10":"desktop-align-left","11":"tablet-align-left","12":"mobile-align-left","14":"first","15":"instock","16":"taxable","17":"shipping-taxable","18":"purchasable","19":"product-type-simple"},"yoast_head":"<!-- This site is optimized with the Yoast SEO plugin v27.4 - https:\/\/yoast.com\/product\/yoast-seo-wordpress\/ -->\n<title>LIQUI MOLY Automa\u0161\u012bnu \u0161amp\u016bns 1L - detailingclub.lv<\/title>\n<meta name=\"description\" content=\"Liqui Moly auto \u0161amp\u016bns 1L ar pH neitr\u0101lu formulu efekt\u012bvi no\u0146em net\u012brumus, neboj\u0101 vasku un nodro\u0161ina dro\u0161u auto mazg\u0101\u0161anu.\" \/>\n<meta name=\"robots\" content=\"index, follow, max-snippet:-1, max-image-preview:large, max-video-preview:-1\" \/>\n<link rel=\"canonical\" href=\"https:\/\/detailingclub.lv\/ru\/product\/liqui-moly-automasinu-sampuns-1l\/\" \/>\n<meta property=\"og:locale\" content=\"ru_RU\" \/>\n<meta property=\"og:type\" content=\"article\" \/>\n<meta property=\"og:title\" content=\"LIQUI MOLY Automa\u0161\u012bnu \u0161amp\u016bns 1L - detailingclub.lv\" \/>\n<meta property=\"og:description\" content=\"Liqui Moly auto \u0161amp\u016bns 1L ar pH neitr\u0101lu formulu efekt\u012bvi no\u0146em net\u012brumus, neboj\u0101 vasku un nodro\u0161ina dro\u0161u auto mazg\u0101\u0161anu.\" \/>\n<meta property=\"og:url\" content=\"https:\/\/detailingclub.lv\/ru\/product\/liqui-moly-automasinu-sampuns-1l\/\" \/>\n<meta property=\"og:site_name\" content=\"detailingclub.lv\" \/>\n<meta property=\"article:modified_time\" content=\"2026-04-21T19:34:23+00:00\" \/>\n<meta property=\"og:image\" content=\"https:\/\/detailingclub.lv\/wp-content\/uploads\/2026\/04\/4481.jpg\" \/>\n\t<meta property=\"og:image:width\" content=\"548\" \/>\n\t<meta property=\"og:image:height\" content=\"1200\" \/>\n\t<meta property=\"og:image:type\" content=\"image\/jpeg\" \/>\n<meta name=\"twitter:card\" content=\"summary_large_image\" \/>\n<meta name=\"twitter:label1\" content=\"\u041f\u0440\u0438\u043c\u0435\u0440\u043d\u043e\u0435 \u0432\u0440\u0435\u043c\u044f \u0434\u043b\u044f \u0447\u0442\u0435\u043d\u0438\u044f\" \/>\n\t<meta name=\"twitter:data1\" content=\"2 \u043c\u0438\u043d\u0443\u0442\u044b\" \/>\n<script type=\"application\/ld+json\" class=\"yoast-schema-graph\">{\"@context\":\"https:\\\/\\\/schema.org\",\"@graph\":[{\"@type\":\"WebPage\",\"@id\":\"https:\\\/\\\/detailingclub.lv\\\/products\\\/liqui-moly-automasinu-sampuns-1l\\\/\",\"url\":\"https:\\\/\\\/detailingclub.lv\\\/products\\\/liqui-moly-automasinu-sampuns-1l\\\/\",\"name\":\"LIQUI MOLY Automa\u0161\u012bnu \u0161amp\u016bns 1L - detailingclub.lv\",\"isPartOf\":{\"@id\":\"https:\\\/\\\/detailingclub.lv\\\/#website\"},\"primaryImageOfPage\":{\"@id\":\"https:\\\/\\\/detailingclub.lv\\\/products\\\/liqui-moly-automasinu-sampuns-1l\\\/#primaryimage\"},\"image\":{\"@id\":\"https:\\\/\\\/detailingclub.lv\\\/products\\\/liqui-moly-automasinu-sampuns-1l\\\/#primaryimage\"},\"thumbnailUrl\":\"https:\\\/\\\/detailingclub.lv\\\/wp-content\\\/uploads\\\/2026\\\/04\\\/4481.jpg\",\"datePublished\":\"2026-04-21T15:10:22+00:00\",\"dateModified\":\"2026-04-21T19:34:23+00:00\",\"description\":\"Liqui Moly auto \u0161amp\u016bns 1L ar pH neitr\u0101lu formulu efekt\u012bvi no\u0146em net\u012brumus, neboj\u0101 vasku un nodro\u0161ina dro\u0161u auto mazg\u0101\u0161anu.\",\"breadcrumb\":{\"@id\":\"https:\\\/\\\/detailingclub.lv\\\/products\\\/liqui-moly-automasinu-sampuns-1l\\\/#breadcrumb\"},\"inLanguage\":\"ru-RU\",\"potentialAction\":[{\"@type\":\"ReadAction\",\"target\":[\"https:\\\/\\\/detailingclub.lv\\\/products\\\/liqui-moly-automasinu-sampuns-1l\\\/\"]}]},{\"@type\":\"ImageObject\",\"inLanguage\":\"ru-RU\",\"@id\":\"https:\\\/\\\/detailingclub.lv\\\/products\\\/liqui-moly-automasinu-sampuns-1l\\\/#primaryimage\",\"url\":\"https:\\\/\\\/detailingclub.lv\\\/wp-content\\\/uploads\\\/2026\\\/04\\\/4481.jpg\",\"contentUrl\":\"https:\\\/\\\/detailingclub.lv\\\/wp-content\\\/uploads\\\/2026\\\/04\\\/4481.jpg\",\"width\":548,\"height\":1200},{\"@type\":\"BreadcrumbList\",\"@id\":\"https:\\\/\\\/detailingclub.lv\\\/products\\\/liqui-moly-automasinu-sampuns-1l\\\/#breadcrumb\",\"itemListElement\":[{\"@type\":\"ListItem\",\"position\":1,\"name\":\"Home\",\"item\":\"https:\\\/\\\/detailingclub.lv\\\/\"},{\"@type\":\"ListItem\",\"position\":2,\"name\":\"VEIKALS\",\"item\":\"https:\\\/\\\/detailingclub.lv\\\/veikals\\\/\"},{\"@type\":\"ListItem\",\"position\":3,\"name\":\"LIQUI MOLY Automa\u0161\u012bnu \u0161amp\u016bns 1L\"}]},{\"@type\":\"WebSite\",\"@id\":\"https:\\\/\\\/detailingclub.lv\\\/#website\",\"url\":\"https:\\\/\\\/detailingclub.lv\\\/\",\"name\":\"detailingclub.lv\",\"description\":\"\",\"publisher\":{\"@id\":\"https:\\\/\\\/detailingclub.lv\\\/#organization\"},\"potentialAction\":[{\"@type\":\"SearchAction\",\"target\":{\"@type\":\"EntryPoint\",\"urlTemplate\":\"https:\\\/\\\/detailingclub.lv\\\/?s={search_term_string}\"},\"query-input\":{\"@type\":\"PropertyValueSpecification\",\"valueRequired\":true,\"valueName\":\"search_term_string\"}}],\"inLanguage\":\"ru-RU\"},{\"@type\":\"Organization\",\"@id\":\"https:\\\/\\\/detailingclub.lv\\\/#organization\",\"name\":\"detailingclub.lv\",\"url\":\"https:\\\/\\\/detailingclub.lv\\\/\",\"logo\":{\"@type\":\"ImageObject\",\"inLanguage\":\"ru-RU\",\"@id\":\"https:\\\/\\\/detailingclub.lv\\\/#\\\/schema\\\/logo\\\/image\\\/\",\"url\":\"https:\\\/\\\/detailingclub.lv\\\/wp-content\\\/uploads\\\/2026\\\/05\\\/cropped-LOGO-\u0434\u043b\u0438\u043d\u043d\u043e\u0435-\u0431\u0435\u043b\u043e\u0435-\u0441-\u043d\u0430\u043a\u043b\u043e\u043d\u043e\u043c.png\",\"contentUrl\":\"https:\\\/\\\/detailingclub.lv\\\/wp-content\\\/uploads\\\/2026\\\/05\\\/cropped-LOGO-\u0434\u043b\u0438\u043d\u043d\u043e\u0435-\u0431\u0435\u043b\u043e\u0435-\u0441-\u043d\u0430\u043a\u043b\u043e\u043d\u043e\u043c.png\",\"width\":1140,\"height\":111,\"caption\":\"detailingclub.lv\"},\"image\":{\"@id\":\"https:\\\/\\\/detailingclub.lv\\\/#\\\/schema\\\/logo\\\/image\\\/\"}}]}<\/script>\n<!-- \/ Yoast SEO plugin. -->","yoast_head_json":{"title":"LIQUI MOLY Automa\u0161\u012bnu \u0161amp\u016bns 1L - detailingclub.lv","description":"Liqui Moly auto \u0161amp\u016bns 1L ar pH neitr\u0101lu formulu efekt\u012bvi no\u0146em net\u012brumus, neboj\u0101 vasku un nodro\u0161ina dro\u0161u auto mazg\u0101\u0161anu.","robots":{"index":"index","follow":"follow","max-snippet":"max-snippet:-1","max-image-preview":"max-image-preview:large","max-video-preview":"max-video-preview:-1"},"canonical":"https:\/\/detailingclub.lv\/ru\/product\/liqui-moly-automasinu-sampuns-1l\/","og_locale":"ru_RU","og_type":"article","og_title":"LIQUI MOLY Automa\u0161\u012bnu \u0161amp\u016bns 1L - detailingclub.lv","og_description":"Liqui Moly auto \u0161amp\u016bns 1L ar pH neitr\u0101lu formulu efekt\u012bvi no\u0146em net\u012brumus, neboj\u0101 vasku un nodro\u0161ina dro\u0161u auto mazg\u0101\u0161anu.","og_url":"https:\/\/detailingclub.lv\/ru\/product\/liqui-moly-automasinu-sampuns-1l\/","og_site_name":"detailingclub.lv","article_modified_time":"2026-04-21T19:34:23+00:00","og_image":[{"width":548,"height":1200,"url":"https:\/\/detailingclub.lv\/wp-content\/uploads\/2026\/04\/4481.jpg","type":"image\/jpeg"}],"twitter_card":"summary_large_image","twitter_misc":{"\u041f\u0440\u0438\u043c\u0435\u0440\u043d\u043e\u0435 \u0432\u0440\u0435\u043c\u044f \u0434\u043b\u044f \u0447\u0442\u0435\u043d\u0438\u044f":"2 \u043c\u0438\u043d\u0443\u0442\u044b"},"schema":{"@context":"https:\/\/schema.org","@graph":[{"@type":"WebPage","@id":"https:\/\/detailingclub.lv\/products\/liqui-moly-automasinu-sampuns-1l\/","url":"https:\/\/detailingclub.lv\/products\/liqui-moly-automasinu-sampuns-1l\/","name":"LIQUI MOLY Automa\u0161\u012bnu \u0161amp\u016bns 1L - detailingclub.lv","isPartOf":{"@id":"https:\/\/detailingclub.lv\/#website"},"primaryImageOfPage":{"@id":"https:\/\/detailingclub.lv\/products\/liqui-moly-automasinu-sampuns-1l\/#primaryimage"},"image":{"@id":"https:\/\/detailingclub.lv\/products\/liqui-moly-automasinu-sampuns-1l\/#primaryimage"},"thumbnailUrl":"https:\/\/detailingclub.lv\/wp-content\/uploads\/2026\/04\/4481.jpg","datePublished":"2026-04-21T15:10:22+00:00","dateModified":"2026-04-21T19:34:23+00:00","description":"Liqui Moly auto \u0161amp\u016bns 1L ar pH neitr\u0101lu formulu efekt\u012bvi no\u0146em net\u012brumus, neboj\u0101 vasku un nodro\u0161ina dro\u0161u auto mazg\u0101\u0161anu.","breadcrumb":{"@id":"https:\/\/detailingclub.lv\/products\/liqui-moly-automasinu-sampuns-1l\/#breadcrumb"},"inLanguage":"ru-RU","potentialAction":[{"@type":"ReadAction","target":["https:\/\/detailingclub.lv\/products\/liqui-moly-automasinu-sampuns-1l\/"]}]},{"@type":"ImageObject","inLanguage":"ru-RU","@id":"https:\/\/detailingclub.lv\/products\/liqui-moly-automasinu-sampuns-1l\/#primaryimage","url":"https:\/\/detailingclub.lv\/wp-content\/uploads\/2026\/04\/4481.jpg","contentUrl":"https:\/\/detailingclub.lv\/wp-content\/uploads\/2026\/04\/4481.jpg","width":548,"height":1200},{"@type":"BreadcrumbList","@id":"https:\/\/detailingclub.lv\/products\/liqui-moly-automasinu-sampuns-1l\/#breadcrumb","itemListElement":[{"@type":"ListItem","position":1,"name":"Home","item":"https:\/\/detailingclub.lv\/"},{"@type":"ListItem","position":2,"name":"VEIKALS","item":"https:\/\/detailingclub.lv\/veikals\/"},{"@type":"ListItem","position":3,"name":"LIQUI MOLY Automa\u0161\u012bnu \u0161amp\u016bns 1L"}]},{"@type":"WebSite","@id":"https:\/\/detailingclub.lv\/#website","url":"https:\/\/detailingclub.lv\/","name":"detailingclub.lv","description":"","publisher":{"@id":"https:\/\/detailingclub.lv\/#organization"},"potentialAction":[{"@type":"SearchAction","target":{"@type":"EntryPoint","urlTemplate":"https:\/\/detailingclub.lv\/?s={search_term_string}"},"query-input":{"@type":"PropertyValueSpecification","valueRequired":true,"valueName":"search_term_string"}}],"inLanguage":"ru-RU"},{"@type":"Organization","@id":"https:\/\/detailingclub.lv\/#organization","name":"detailingclub.lv","url":"https:\/\/detailingclub.lv\/","logo":{"@type":"ImageObject","inLanguage":"ru-RU","@id":"https:\/\/detailingclub.lv\/#\/schema\/logo\/image\/","url":"https:\/\/detailingclub.lv\/wp-content\/uploads\/2026\/05\/cropped-LOGO-\u0434\u043b\u0438\u043d\u043d\u043e\u0435-\u0431\u0435\u043b\u043e\u0435-\u0441-\u043d\u0430\u043a\u043b\u043e\u043d\u043e\u043c.png","contentUrl":"https:\/\/detailingclub.lv\/wp-content\/uploads\/2026\/05\/cropped-LOGO-\u0434\u043b\u0438\u043d\u043d\u043e\u0435-\u0431\u0435\u043b\u043e\u0435-\u0441-\u043d\u0430\u043a\u043b\u043e\u043d\u043e\u043c.png","width":1140,"height":111,"caption":"detailingclub.lv"},"image":{"@id":"https:\/\/detailingclub.lv\/#\/schema\/logo\/image\/"}}]}},"jetpack_sharing_enabled":true,"_links":{"self":[{"href":"https:\/\/detailingclub.lv\/ru\/wp-json\/wp\/v2\/product\/5363","targetHints":{"allow":["GET"]}}],"collection":[{"href":"https:\/\/detailingclub.lv\/ru\/wp-json\/wp\/v2\/product"}],"about":[{"href":"https:\/\/detailingclub.lv\/ru\/wp-json\/wp\/v2\/types\/product"}],"replies":[{"embeddable":true,"href":"https:\/\/detailingclub.lv\/ru\/wp-json\/wp\/v2\/comments?post=5363"}],"wp:featuredmedia":[{"embeddable":true,"href":"https:\/\/detailingclub.lv\/ru\/wp-json\/wp\/v2\/media\/3766"}],"wp:attachment":[{"href":"https:\/\/detailingclub.lv\/ru\/wp-json\/wp\/v2\/media?parent=5363"}],"wp:term":[{"taxonomy":"product_brand","embeddable":true,"href":"https:\/\/detailingclub.lv\/ru\/wp-json\/wp\/v2\/product_brand?post=5363"},{"taxonomy":"product_cat","embeddable":true,"href":"https:\/\/detailingclub.lv\/ru\/wp-json\/wp\/v2\/product_cat?post=5363"},{"taxonomy":"product_tag","embeddable":true,"href":"https:\/\/detailingclub.lv\/ru\/wp-json\/wp\/v2\/product_tag?post=5363"}],"curies":[{"name":"wp","href":"https:\/\/api.w.org\/{rel}","templated":true}]}}