{"id":5362,"date":"2026-04-21T15:10:22","date_gmt":"2026-04-21T15:10:22","guid":{"rendered":"https:\/\/detailingclub.lv\/products\/sonax-profiline-krasas-attiritajs-attaukotajs-400ml\/"},"modified":"2026-04-28T18:07:33","modified_gmt":"2026-04-28T18:07:33","slug":"sonax-profiline-krasas-attiritajs-attaukotajs-400ml","status":"publish","type":"product","link":"https:\/\/detailingclub.lv\/ru\/product\/sonax-profiline-krasas-attiritajs-attaukotajs-400ml\/","title":{"rendered":"SONAX PROFILINE Kr\u0101sas att\u012br\u012bt\u0101js\/ attaukot\u0101js 400ml"},"content":{"rendered":"<p data-start=\"170\" data-end=\"411\">Ja tu uzkl\u0101j vasku vai keramiku uz \u201cnet\u012bras\u201d virsmas \u2014 tu vienk\u0101r\u0161i iznieko produktu. \u0160is SONAX PROFILINE attaukot\u0101js ir paredz\u0113ts, lai <strong data-start=\"306\" data-end=\"410\">piln\u012bb\u0101 att\u012br\u012btu kr\u0101su no e\u013c\u013c\u0101m, silikona un pul\u0113\u0161anas atlikumiem pirms aizsargp\u0101rkl\u0101juma uzkl\u0101\u0161anas<\/strong>.<\/p>\n<p data-start=\"413\" data-end=\"538\">Tas nav parasts t\u012br\u012bt\u0101js \u2014 tas ir <strong data-start=\"447\" data-end=\"497\">kritisks sagatavo\u0161anas solis detailing proces\u0101<\/strong>.<\/p>\n<hr data-start=\"540\" data-end=\"543\" \/>\n<h2 data-section-id=\"bjgfgb\" data-start=\"545\" data-end=\"573\"><span role=\"text\"><strong data-start=\"548\" data-end=\"573\">K\u0101p\u0113c tas ir svar\u012bgi:<\/strong><\/span><\/h2>\n<ul data-start=\"574\" data-end=\"880\">\n<li data-section-id=\"3tu384\" data-start=\"574\" data-end=\"658\">No\u0146em taukus, e\u013c\u013cas un pul\u0113\u0161anas atlikumus<\/li>\n<li data-section-id=\"1p3pbjm\" data-start=\"659\" data-end=\"746\">Nodro\u0161ina pareizu p\u0101rkl\u0101juma sa\u0137eri ar virsmu<\/li>\n<li data-section-id=\"iz7uv6\" data-start=\"747\" data-end=\"844\">Atkl\u0101j re\u0101lo kr\u0101sas st\u0101vokli (skr\u0101p\u0113jumus, hologrammas)<\/li>\n<li data-section-id=\"13668qx\" data-start=\"845\" data-end=\"880\">Uzlabo gala rezult\u0101ta kvalit\u0101ti<\/li>\n<\/ul>\n<hr data-start=\"882\" data-end=\"885\" \/>\n<h2 data-section-id=\"wghv7f\" data-start=\"887\" data-end=\"917\"><span role=\"text\"><strong data-start=\"890\" data-end=\"917\">Galven\u0101s priek\u0161roc\u012bbas:<\/strong><\/span><\/h2>\n<ul data-start=\"918\" data-end=\"1278\">\n<li data-section-id=\"1pacxe3\" data-start=\"918\" data-end=\"1012\">Sp\u0113c\u012bgs \u0161\u0137\u012bdin\u0101t\u0101ju mais\u012bjums efekt\u012bvai attauko\u0161anai<\/li>\n<li data-section-id=\"1y4vrfj\" data-start=\"1013\" data-end=\"1118\">Ide\u0101li piem\u0113rots pirms vaska, sealanta vai keramisk\u0101 p\u0101rkl\u0101juma<\/li>\n<li data-section-id=\"jx7lon\" data-start=\"1119\" data-end=\"1207\">Var izmantot ar\u012b pul\u0113\u0161anas rezult\u0101ta kontrolei<\/li>\n<li data-section-id=\"gpoys\" data-start=\"1208\" data-end=\"1233\">No\u017e\u016bst bez atlikumiem<\/li>\n<li data-section-id=\"1oqi4rh\" data-start=\"1234\" data-end=\"1278\">Profesion\u0101l\u0101s PROFILINE s\u0113rijas produkts<\/li>\n<\/ul>\n<hr data-start=\"1280\" data-end=\"1283\" \/>\n<h3 data-section-id=\"k735iy\" data-start=\"1285\" data-end=\"1331\"><span role=\"text\"><strong data-start=\"1289\" data-end=\"1331\">K\u0101 lietot (p\u0113c ra\u017eot\u0101ja instrukcijas):<\/strong><\/span><\/h3>\n<ul data-start=\"1332\" data-end=\"1447\">\n<li data-section-id=\"1n151ae\" data-start=\"1332\" data-end=\"1380\">Uzsmidzin\u0101t l\u012bdzekli uz mikro\u0161\u0137iedras dr\u0101nas<\/li>\n<li data-section-id=\"1hteayh\" data-start=\"1381\" data-end=\"1407\">Noslauc\u012bt sausu virsmu<\/li>\n<li data-section-id=\"vlfuvh\" data-start=\"1408\" data-end=\"1447\">Ar otru t\u012bru dr\u0101nu no\u0146emt atlikumus<\/li>\n<\/ul>\n<p data-start=\"1449\" data-end=\"1463\"><strong data-start=\"1449\" data-end=\"1461\">Svar\u012bgi:<\/strong><\/p>\n<ul data-start=\"1464\" data-end=\"1597\">\n<li data-section-id=\"170w03z\" data-start=\"1464\" data-end=\"1495\">Nelietot uz karstas virsmas<\/li>\n<li data-section-id=\"1jnjpld\" data-start=\"1496\" data-end=\"1597\">Neizmantot uz jut\u012bg\u0101m virsm\u0101m (piem\u0113ram, \u0101das vai ekr\u0101niem)<\/li>\n<\/ul>\n<hr data-start=\"1599\" data-end=\"1602\" \/>\n<h2 data-section-id=\"1w3bgym\" data-start=\"1604\" data-end=\"1622\"><span role=\"text\"><strong data-start=\"1607\" data-end=\"1622\">Kad lietot:<\/strong><\/span><\/h2>\n<ul data-start=\"1623\" data-end=\"1763\">\n<li data-section-id=\"6yn0em\" data-start=\"1623\" data-end=\"1640\">P\u0113c pul\u0113\u0161anas<\/li>\n<li data-section-id=\"wvmsut\" data-start=\"1641\" data-end=\"1691\">Pirms vaska, sealanta vai keramikas uzkl\u0101\u0161anas<\/li>\n<li data-section-id=\"1d3tqr5\" data-start=\"1692\" data-end=\"1720\">Pirms kr\u0101so\u0161anas darbiem<\/li>\n<li data-section-id=\"2iug9k\" data-start=\"1721\" data-end=\"1763\">Kad nepiecie\u0161ama maksim\u0101li t\u012bra virsma<\/li>\n<\/ul>\n<hr data-start=\"1765\" data-end=\"1768\" \/>\n<p data-start=\"1770\" data-end=\"1896\">\u0160is ir produkts, ko ies\u0101c\u0113ji bie\u017ei izlai\u017e \u2014 un tie\u0161i t\u0101p\u0113c p\u0101rkl\u0101jumi neturas. <strong data-start=\"1849\" data-end=\"1896\">Bez attauko\u0161anas nav kvalitat\u012bva rezult\u0101ta.<\/strong><\/p>","protected":false},"excerpt":{"rendered":"<h2>SONAX PROFILINE Kr\u0101sas att\u012br\u012bt\u0101js\/ attaukot\u0101js 400ml<\/h2>","protected":false},"featured_media":3764,"comment_status":"open","ping_status":"closed","template":"","meta":{"site-sidebar-layout":"default","site-content-layout":"","ast-site-content-layout":"default","site-content-style":"default","site-sidebar-style":"default","ast-global-header-display":"","ast-banner-title-visibility":"","ast-main-header-display":"","ast-hfb-above-header-display":"","ast-hfb-below-header-display":"","ast-hfb-mobile-header-display":"","site-post-title":"","ast-breadcrumbs-content":"","ast-featured-img":"","footer-sml-layout":"","ast-disable-related-posts":"","theme-transparent-header-meta":"default","adv-header-id-meta":"","stick-header-meta":"","header-above-stick-meta":"","header-main-stick-meta":"","header-below-stick-meta":"","astra-migrate-meta-layouts":"set","ast-page-background-enabled":"default","ast-page-background-meta":{"desktop":{"background-color":"var(--ast-global-color-5)","background-image":"","background-repeat":"repeat","background-position":"center center","background-size":"auto","background-attachment":"scroll","background-type":"","background-media":"","overlay-type":"","overlay-color":"","overlay-opacity":"","overlay-gradient":""},"tablet":{"background-color":"","background-image":"","background-repeat":"repeat","background-position":"center center","background-size":"auto","background-attachment":"scroll","background-type":"","background-media":"","overlay-type":"","overlay-color":"","overlay-opacity":"","overlay-gradient":""},"mobile":{"background-color":"","background-image":"","background-repeat":"repeat","background-position":"center center","background-size":"auto","background-attachment":"scroll","background-type":"","background-media":"","overlay-type":"","overlay-color":"","overlay-opacity":"","overlay-gradient":""}},"ast-content-background-meta":{"desktop":{"background-color":"var(--ast-global-color-4)","background-image":"","background-repeat":"repeat","background-position":"center center","background-size":"auto","background-attachment":"scroll","background-type":"","background-media":"","overlay-type":"","overlay-color":"","overlay-opacity":"","overlay-gradient":""},"tablet":{"background-color":"var(--ast-global-color-4)","background-image":"","background-repeat":"repeat","background-position":"center center","background-size":"auto","background-attachment":"scroll","background-type":"","background-media":"","overlay-type":"","overlay-color":"","overlay-opacity":"","overlay-gradient":""},"mobile":{"background-color":"var(--ast-global-color-4)","background-image":"","background-repeat":"repeat","background-position":"center center","background-size":"auto","background-attachment":"scroll","background-type":"","background-media":"","overlay-type":"","overlay-color":"","overlay-opacity":"","overlay-gradient":""}}},"product_brand":[101],"product_cat":[58,57,90],"product_tag":[],"class_list":{"0":"post-5362","1":"product","2":"type-product","3":"status-publish","4":"has-post-thumbnail","6":"product_brand-sonax","7":"product_cat-pulesanas-atlieku-nonemeji","8":"product_cat-virsbuves-attaukosanas-lidzekli","9":"product_cat-virsbuves-sagatavosana","10":"pa_tilpums-400-ml","11":"pa_zimols-sonax","12":"desktop-align-left","13":"tablet-align-left","14":"mobile-align-left","16":"first","17":"instock","18":"taxable","19":"shipping-taxable","20":"purchasable","21":"product-type-simple"},"yoast_head":"<!-- This site is optimized with the Yoast SEO plugin v27.4 - https:\/\/yoast.com\/product\/yoast-seo-wordpress\/ -->\n<title>SONAX PROFILINE Kr\u0101sas att\u012br\u012bt\u0101js\/ attaukot\u0101js 400ml - detailingclub.lv<\/title>\n<meta name=\"description\" content=\"SONAX PROFILINE kr\u0101sas att\u012br\u012bt\u0101js 400ml efekt\u012bvi no\u0146em taukus un pul\u0113\u0161anas atlikumus, sagatavo virsmu p\u0101rkl\u0101jumiem un nodro\u0161ina perfektu rezult\u0101tu.\" \/>\n<meta name=\"robots\" content=\"index, follow, max-snippet:-1, max-image-preview:large, max-video-preview:-1\" \/>\n<link rel=\"canonical\" href=\"https:\/\/detailingclub.lv\/ru\/product\/sonax-profiline-krasas-attiritajs-attaukotajs-400ml\/\" \/>\n<meta property=\"og:locale\" content=\"ru_RU\" \/>\n<meta property=\"og:type\" content=\"article\" \/>\n<meta property=\"og:title\" content=\"SONAX PROFILINE Kr\u0101sas att\u012br\u012bt\u0101js\/ attaukot\u0101js 400ml - detailingclub.lv\" \/>\n<meta property=\"og:description\" content=\"SONAX PROFILINE kr\u0101sas att\u012br\u012bt\u0101js 400ml efekt\u012bvi no\u0146em taukus un pul\u0113\u0161anas atlikumus, sagatavo virsmu p\u0101rkl\u0101jumiem un nodro\u0161ina perfektu rezult\u0101tu.\" \/>\n<meta property=\"og:url\" content=\"https:\/\/detailingclub.lv\/ru\/product\/sonax-profiline-krasas-attiritajs-attaukotajs-400ml\/\" \/>\n<meta property=\"og:site_name\" content=\"detailingclub.lv\" \/>\n<meta property=\"article:modified_time\" content=\"2026-04-28T18:07:33+00:00\" \/>\n<meta property=\"og:image\" content=\"https:\/\/detailingclub.lv\/wp-content\/uploads\/2026\/04\/5855.jpg\" \/>\n\t<meta property=\"og:image:width\" content=\"273\" \/>\n\t<meta property=\"og:image:height\" content=\"1200\" \/>\n\t<meta property=\"og:image:type\" content=\"image\/jpeg\" \/>\n<meta name=\"twitter:card\" content=\"summary_large_image\" \/>\n<meta name=\"twitter:label1\" content=\"\u041f\u0440\u0438\u043c\u0435\u0440\u043d\u043e\u0435 \u0432\u0440\u0435\u043c\u044f \u0434\u043b\u044f \u0447\u0442\u0435\u043d\u0438\u044f\" \/>\n\t<meta name=\"twitter:data1\" content=\"2 \u043c\u0438\u043d\u0443\u0442\u044b\" \/>\n<script type=\"application\/ld+json\" class=\"yoast-schema-graph\">{\"@context\":\"https:\\\/\\\/schema.org\",\"@graph\":[{\"@type\":\"WebPage\",\"@id\":\"https:\\\/\\\/detailingclub.lv\\\/products\\\/sonax-profiline-krasas-attiritajs-attaukotajs-400ml\\\/\",\"url\":\"https:\\\/\\\/detailingclub.lv\\\/products\\\/sonax-profiline-krasas-attiritajs-attaukotajs-400ml\\\/\",\"name\":\"SONAX PROFILINE Kr\u0101sas att\u012br\u012bt\u0101js\\\/ attaukot\u0101js 400ml - detailingclub.lv\",\"isPartOf\":{\"@id\":\"https:\\\/\\\/detailingclub.lv\\\/#website\"},\"primaryImageOfPage\":{\"@id\":\"https:\\\/\\\/detailingclub.lv\\\/products\\\/sonax-profiline-krasas-attiritajs-attaukotajs-400ml\\\/#primaryimage\"},\"image\":{\"@id\":\"https:\\\/\\\/detailingclub.lv\\\/products\\\/sonax-profiline-krasas-attiritajs-attaukotajs-400ml\\\/#primaryimage\"},\"thumbnailUrl\":\"https:\\\/\\\/detailingclub.lv\\\/wp-content\\\/uploads\\\/2026\\\/04\\\/5855.jpg\",\"datePublished\":\"2026-04-21T15:10:22+00:00\",\"dateModified\":\"2026-04-28T18:07:33+00:00\",\"description\":\"SONAX PROFILINE kr\u0101sas att\u012br\u012bt\u0101js 400ml efekt\u012bvi no\u0146em taukus un pul\u0113\u0161anas atlikumus, sagatavo virsmu p\u0101rkl\u0101jumiem un nodro\u0161ina perfektu rezult\u0101tu.\",\"breadcrumb\":{\"@id\":\"https:\\\/\\\/detailingclub.lv\\\/products\\\/sonax-profiline-krasas-attiritajs-attaukotajs-400ml\\\/#breadcrumb\"},\"inLanguage\":\"ru-RU\",\"potentialAction\":[{\"@type\":\"ReadAction\",\"target\":[\"https:\\\/\\\/detailingclub.lv\\\/products\\\/sonax-profiline-krasas-attiritajs-attaukotajs-400ml\\\/\"]}]},{\"@type\":\"ImageObject\",\"inLanguage\":\"ru-RU\",\"@id\":\"https:\\\/\\\/detailingclub.lv\\\/products\\\/sonax-profiline-krasas-attiritajs-attaukotajs-400ml\\\/#primaryimage\",\"url\":\"https:\\\/\\\/detailingclub.lv\\\/wp-content\\\/uploads\\\/2026\\\/04\\\/5855.jpg\",\"contentUrl\":\"https:\\\/\\\/detailingclub.lv\\\/wp-content\\\/uploads\\\/2026\\\/04\\\/5855.jpg\",\"width\":273,\"height\":1200},{\"@type\":\"BreadcrumbList\",\"@id\":\"https:\\\/\\\/detailingclub.lv\\\/products\\\/sonax-profiline-krasas-attiritajs-attaukotajs-400ml\\\/#breadcrumb\",\"itemListElement\":[{\"@type\":\"ListItem\",\"position\":1,\"name\":\"Home\",\"item\":\"https:\\\/\\\/detailingclub.lv\\\/\"},{\"@type\":\"ListItem\",\"position\":2,\"name\":\"VEIKALS\",\"item\":\"https:\\\/\\\/detailingclub.lv\\\/veikals\\\/\"},{\"@type\":\"ListItem\",\"position\":3,\"name\":\"SONAX PROFILINE Kr\u0101sas att\u012br\u012bt\u0101js\\\/ attaukot\u0101js 400ml\"}]},{\"@type\":\"WebSite\",\"@id\":\"https:\\\/\\\/detailingclub.lv\\\/#website\",\"url\":\"https:\\\/\\\/detailingclub.lv\\\/\",\"name\":\"detailingclub.lv\",\"description\":\"\",\"publisher\":{\"@id\":\"https:\\\/\\\/detailingclub.lv\\\/#organization\"},\"potentialAction\":[{\"@type\":\"SearchAction\",\"target\":{\"@type\":\"EntryPoint\",\"urlTemplate\":\"https:\\\/\\\/detailingclub.lv\\\/?s={search_term_string}\"},\"query-input\":{\"@type\":\"PropertyValueSpecification\",\"valueRequired\":true,\"valueName\":\"search_term_string\"}}],\"inLanguage\":\"ru-RU\"},{\"@type\":\"Organization\",\"@id\":\"https:\\\/\\\/detailingclub.lv\\\/#organization\",\"name\":\"detailingclub.lv\",\"url\":\"https:\\\/\\\/detailingclub.lv\\\/\",\"logo\":{\"@type\":\"ImageObject\",\"inLanguage\":\"ru-RU\",\"@id\":\"https:\\\/\\\/detailingclub.lv\\\/#\\\/schema\\\/logo\\\/image\\\/\",\"url\":\"https:\\\/\\\/detailingclub.lv\\\/wp-content\\\/uploads\\\/2026\\\/05\\\/cropped-LOGO-\u0434\u043b\u0438\u043d\u043d\u043e\u0435-\u0431\u0435\u043b\u043e\u0435-\u0441-\u043d\u0430\u043a\u043b\u043e\u043d\u043e\u043c.png\",\"contentUrl\":\"https:\\\/\\\/detailingclub.lv\\\/wp-content\\\/uploads\\\/2026\\\/05\\\/cropped-LOGO-\u0434\u043b\u0438\u043d\u043d\u043e\u0435-\u0431\u0435\u043b\u043e\u0435-\u0441-\u043d\u0430\u043a\u043b\u043e\u043d\u043e\u043c.png\",\"width\":1140,\"height\":111,\"caption\":\"detailingclub.lv\"},\"image\":{\"@id\":\"https:\\\/\\\/detailingclub.lv\\\/#\\\/schema\\\/logo\\\/image\\\/\"}}]}<\/script>\n<!-- \/ Yoast SEO plugin. -->","yoast_head_json":{"title":"SONAX PROFILINE Kr\u0101sas att\u012br\u012bt\u0101js\/ attaukot\u0101js 400ml - detailingclub.lv","description":"SONAX PROFILINE kr\u0101sas att\u012br\u012bt\u0101js 400ml efekt\u012bvi no\u0146em taukus un pul\u0113\u0161anas atlikumus, sagatavo virsmu p\u0101rkl\u0101jumiem un nodro\u0161ina perfektu rezult\u0101tu.","robots":{"index":"index","follow":"follow","max-snippet":"max-snippet:-1","max-image-preview":"max-image-preview:large","max-video-preview":"max-video-preview:-1"},"canonical":"https:\/\/detailingclub.lv\/ru\/product\/sonax-profiline-krasas-attiritajs-attaukotajs-400ml\/","og_locale":"ru_RU","og_type":"article","og_title":"SONAX PROFILINE Kr\u0101sas att\u012br\u012bt\u0101js\/ attaukot\u0101js 400ml - detailingclub.lv","og_description":"SONAX PROFILINE kr\u0101sas att\u012br\u012bt\u0101js 400ml efekt\u012bvi no\u0146em taukus un pul\u0113\u0161anas atlikumus, sagatavo virsmu p\u0101rkl\u0101jumiem un nodro\u0161ina perfektu rezult\u0101tu.","og_url":"https:\/\/detailingclub.lv\/ru\/product\/sonax-profiline-krasas-attiritajs-attaukotajs-400ml\/","og_site_name":"detailingclub.lv","article_modified_time":"2026-04-28T18:07:33+00:00","og_image":[{"width":273,"height":1200,"url":"https:\/\/detailingclub.lv\/wp-content\/uploads\/2026\/04\/5855.jpg","type":"image\/jpeg"}],"twitter_card":"summary_large_image","twitter_misc":{"\u041f\u0440\u0438\u043c\u0435\u0440\u043d\u043e\u0435 \u0432\u0440\u0435\u043c\u044f \u0434\u043b\u044f \u0447\u0442\u0435\u043d\u0438\u044f":"2 \u043c\u0438\u043d\u0443\u0442\u044b"},"schema":{"@context":"https:\/\/schema.org","@graph":[{"@type":"WebPage","@id":"https:\/\/detailingclub.lv\/products\/sonax-profiline-krasas-attiritajs-attaukotajs-400ml\/","url":"https:\/\/detailingclub.lv\/products\/sonax-profiline-krasas-attiritajs-attaukotajs-400ml\/","name":"SONAX PROFILINE Kr\u0101sas att\u012br\u012bt\u0101js\/ attaukot\u0101js 400ml - detailingclub.lv","isPartOf":{"@id":"https:\/\/detailingclub.lv\/#website"},"primaryImageOfPage":{"@id":"https:\/\/detailingclub.lv\/products\/sonax-profiline-krasas-attiritajs-attaukotajs-400ml\/#primaryimage"},"image":{"@id":"https:\/\/detailingclub.lv\/products\/sonax-profiline-krasas-attiritajs-attaukotajs-400ml\/#primaryimage"},"thumbnailUrl":"https:\/\/detailingclub.lv\/wp-content\/uploads\/2026\/04\/5855.jpg","datePublished":"2026-04-21T15:10:22+00:00","dateModified":"2026-04-28T18:07:33+00:00","description":"SONAX PROFILINE kr\u0101sas att\u012br\u012bt\u0101js 400ml efekt\u012bvi no\u0146em taukus un pul\u0113\u0161anas atlikumus, sagatavo virsmu p\u0101rkl\u0101jumiem un nodro\u0161ina perfektu rezult\u0101tu.","breadcrumb":{"@id":"https:\/\/detailingclub.lv\/products\/sonax-profiline-krasas-attiritajs-attaukotajs-400ml\/#breadcrumb"},"inLanguage":"ru-RU","potentialAction":[{"@type":"ReadAction","target":["https:\/\/detailingclub.lv\/products\/sonax-profiline-krasas-attiritajs-attaukotajs-400ml\/"]}]},{"@type":"ImageObject","inLanguage":"ru-RU","@id":"https:\/\/detailingclub.lv\/products\/sonax-profiline-krasas-attiritajs-attaukotajs-400ml\/#primaryimage","url":"https:\/\/detailingclub.lv\/wp-content\/uploads\/2026\/04\/5855.jpg","contentUrl":"https:\/\/detailingclub.lv\/wp-content\/uploads\/2026\/04\/5855.jpg","width":273,"height":1200},{"@type":"BreadcrumbList","@id":"https:\/\/detailingclub.lv\/products\/sonax-profiline-krasas-attiritajs-attaukotajs-400ml\/#breadcrumb","itemListElement":[{"@type":"ListItem","position":1,"name":"Home","item":"https:\/\/detailingclub.lv\/"},{"@type":"ListItem","position":2,"name":"VEIKALS","item":"https:\/\/detailingclub.lv\/veikals\/"},{"@type":"ListItem","position":3,"name":"SONAX PROFILINE Kr\u0101sas att\u012br\u012bt\u0101js\/ attaukot\u0101js 400ml"}]},{"@type":"WebSite","@id":"https:\/\/detailingclub.lv\/#website","url":"https:\/\/detailingclub.lv\/","name":"detailingclub.lv","description":"","publisher":{"@id":"https:\/\/detailingclub.lv\/#organization"},"potentialAction":[{"@type":"SearchAction","target":{"@type":"EntryPoint","urlTemplate":"https:\/\/detailingclub.lv\/?s={search_term_string}"},"query-input":{"@type":"PropertyValueSpecification","valueRequired":true,"valueName":"search_term_string"}}],"inLanguage":"ru-RU"},{"@type":"Organization","@id":"https:\/\/detailingclub.lv\/#organization","name":"detailingclub.lv","url":"https:\/\/detailingclub.lv\/","logo":{"@type":"ImageObject","inLanguage":"ru-RU","@id":"https:\/\/detailingclub.lv\/#\/schema\/logo\/image\/","url":"https:\/\/detailingclub.lv\/wp-content\/uploads\/2026\/05\/cropped-LOGO-\u0434\u043b\u0438\u043d\u043d\u043e\u0435-\u0431\u0435\u043b\u043e\u0435-\u0441-\u043d\u0430\u043a\u043b\u043e\u043d\u043e\u043c.png","contentUrl":"https:\/\/detailingclub.lv\/wp-content\/uploads\/2026\/05\/cropped-LOGO-\u0434\u043b\u0438\u043d\u043d\u043e\u0435-\u0431\u0435\u043b\u043e\u0435-\u0441-\u043d\u0430\u043a\u043b\u043e\u043d\u043e\u043c.png","width":1140,"height":111,"caption":"detailingclub.lv"},"image":{"@id":"https:\/\/detailingclub.lv\/#\/schema\/logo\/image\/"}}]}},"jetpack_sharing_enabled":true,"_links":{"self":[{"href":"https:\/\/detailingclub.lv\/ru\/wp-json\/wp\/v2\/product\/5362","targetHints":{"allow":["GET"]}}],"collection":[{"href":"https:\/\/detailingclub.lv\/ru\/wp-json\/wp\/v2\/product"}],"about":[{"href":"https:\/\/detailingclub.lv\/ru\/wp-json\/wp\/v2\/types\/product"}],"replies":[{"embeddable":true,"href":"https:\/\/detailingclub.lv\/ru\/wp-json\/wp\/v2\/comments?post=5362"}],"wp:featuredmedia":[{"embeddable":true,"href":"https:\/\/detailingclub.lv\/ru\/wp-json\/wp\/v2\/media\/3764"}],"wp:attachment":[{"href":"https:\/\/detailingclub.lv\/ru\/wp-json\/wp\/v2\/media?parent=5362"}],"wp:term":[{"taxonomy":"product_brand","embeddable":true,"href":"https:\/\/detailingclub.lv\/ru\/wp-json\/wp\/v2\/product_brand?post=5362"},{"taxonomy":"product_cat","embeddable":true,"href":"https:\/\/detailingclub.lv\/ru\/wp-json\/wp\/v2\/product_cat?post=5362"},{"taxonomy":"product_tag","embeddable":true,"href":"https:\/\/detailingclub.lv\/ru\/wp-json\/wp\/v2\/product_tag?post=5362"}],"curies":[{"name":"wp","href":"https:\/\/api.w.org\/{rel}","templated":true}]}}