{"id":5360,"date":"2026-04-21T15:10:21","date_gmt":"2026-04-21T15:10:21","guid":{"rendered":"https:\/\/detailingclub.lv\/products\/sonax-sveku-nonemsanas-lidzeklis-400ml\/"},"modified":"2026-04-21T19:26:41","modified_gmt":"2026-04-21T19:26:41","slug":"sonax-sveku-nonemsanas-lidzeklis-400ml","status":"publish","type":"product","link":"https:\/\/detailingclub.lv\/ru\/product\/sonax-sveku-nonemsanas-lidzeklis-400ml\/","title":{"rendered":"SONAX Sve\u0137u no\u0146em\u0161anas l\u012bdzeklis 400ml"},"content":{"rendered":"<p data-start=\"177\" data-end=\"453\">Ja uz virsb\u016bves ir koku sve\u0137i vai putnu izk\u0101rn\u012bjumi \u2014 tas nav vienk\u0101r\u0161s net\u012brums. Tie <strong data-start=\"263\" data-end=\"306\">rea\u0123\u0113 ar lakas virsmu un var to saboj\u0101t<\/strong>, ja netiek savlaic\u012bgi no\u0146emti. SONAX sve\u0137u no\u0146em\u0161anas l\u012bdzeklis ir paredz\u0113ts, lai <strong data-start=\"389\" data-end=\"452\">\u0101tri un dro\u0161i no\u0146emtu \u0161os agres\u012bvos pies\u0101r\u0146ojumus bez p\u0113d\u0101m<\/strong>.<\/p>\n<p data-start=\"455\" data-end=\"566\">Tas \u0161\u0137\u012bdina organiskos net\u012brumus, neboj\u0101jot kr\u0101su vai citus materi\u0101lus.<\/p>\n<hr data-start=\"568\" data-end=\"571\" \/>\n<p data-start=\"573\" data-end=\"598\"><strong data-start=\"573\" data-end=\"598\">K\u0101p\u0113c tas ir svar\u012bgi:<\/strong><\/p>\n<ul data-start=\"599\" data-end=\"850\">\n<li data-section-id=\"yp1wl2\" data-start=\"599\" data-end=\"702\">No\u0146em koku sve\u0137us, putnu izk\u0101rn\u012bjumus un organiskos net\u012brumus<\/li>\n<li data-section-id=\"231o5\" data-start=\"703\" data-end=\"752\">Aizsarg\u0101 kr\u0101su no boj\u0101jumiem (etching efekta)<\/li>\n<li data-section-id=\"19jt48e\" data-start=\"753\" data-end=\"824\">Str\u0101d\u0101 \u0101tri un bez atlikumiem<\/li>\n<li data-section-id=\"27iuni\" data-start=\"825\" data-end=\"850\">Dro\u0161s da\u017e\u0101d\u0101m virsm\u0101m<\/li>\n<\/ul>\n<hr data-start=\"852\" data-end=\"855\" \/>\n<p data-start=\"857\" data-end=\"884\"><strong data-start=\"857\" data-end=\"884\">Galven\u0101s priek\u0161roc\u012bbas:<\/strong><\/p>\n<ul data-start=\"885\" data-end=\"1244\">\n<li data-section-id=\"mcr0rt\" data-start=\"885\" data-end=\"974\">Piem\u0113rots kr\u0101sai, stiklam, hromam un plastmasai<\/li>\n<li data-section-id=\"1c8pl65\" data-start=\"975\" data-end=\"1073\">Var lietot ar\u012b uz moderniem lukturiem (XENON, plastmasa)<\/li>\n<li data-section-id=\"1xquy9\" data-start=\"1074\" data-end=\"1142\">Neatst\u0101j traipus vai pl\u0113vi<\/li>\n<li data-section-id=\"1swprfw\" data-start=\"1143\" data-end=\"1185\">\u0100tra iedarb\u012bba \u2014 net\u012brumi \u0161\u0137\u012bst uzreiz<\/li>\n<li data-section-id=\"1b48ds4\" data-start=\"1186\" data-end=\"1244\">Profesion\u0101ls risin\u0101jums problem\u0101tiskiem pies\u0101r\u0146ojumiem<\/li>\n<\/ul>\n<hr data-start=\"1246\" data-end=\"1249\" \/>\n<h3 data-section-id=\"k735iy\" data-start=\"1251\" data-end=\"1297\"><span role=\"text\"><strong data-start=\"1255\" data-end=\"1297\">K\u0101 lietot (p\u0113c ra\u017eot\u0101ja instrukcijas):<\/strong><\/span><\/h3>\n<ul data-start=\"1298\" data-end=\"1503\">\n<li data-section-id=\"1uqz04b\" data-start=\"1298\" data-end=\"1327\">Pirms lieto\u0161anas sakrat\u012bt<\/li>\n<li data-section-id=\"158qt2r\" data-start=\"1328\" data-end=\"1389\">Uzsmidzin\u0101t l\u012bdzekli uz mikro\u0161\u0137iedras vai tie\u0161i uz traipa<\/li>\n<li data-section-id=\"1th1hcj\" data-start=\"1390\" data-end=\"1430\">Maigi noslauc\u012bt, l\u012bdz net\u012brumi paz\u016bd<\/li>\n<li data-section-id=\"1yqk3qr\" data-start=\"1431\" data-end=\"1461\">Ja nepiecie\u0161ams \u2014 atk\u0101rtot<\/li>\n<li data-section-id=\"1hy7vp7\" data-start=\"1462\" data-end=\"1503\">P\u0113c tam nomazg\u0101t vai noslauc\u012bt virsmu<\/li>\n<\/ul>\n<p data-start=\"1505\" data-end=\"1628\"><strong data-start=\"1505\" data-end=\"1517\">Svar\u012bgi:<\/strong> nelietot uz karstas virsmas un p\u0101rbaud\u012bt sader\u012bbu maz\u0101k redzam\u0101 viet\u0101.<\/p>\n<hr data-start=\"1630\" data-end=\"1633\" \/>\n<p data-start=\"1635\" data-end=\"1650\"><strong data-start=\"1635\" data-end=\"1650\">Kad lietot:<\/strong><\/p>\n<ul data-start=\"1651\" data-end=\"1798\">\n<li data-section-id=\"d9akvf\" data-start=\"1651\" data-end=\"1680\">P\u0113c st\u0101v\u0113\u0161anas zem kokiem<\/li>\n<li data-section-id=\"19bkequ\" data-start=\"1681\" data-end=\"1723\">Ja uz auto ir sve\u0137i vai putnu nos\u0113dumi<\/li>\n<li data-section-id=\"qpnxae\" data-start=\"1724\" data-end=\"1765\">Pirms pul\u0113\u0161anas vai aizsargp\u0101rkl\u0101juma<\/li>\n<li data-section-id=\"1hsyfgf\" data-start=\"1766\" data-end=\"1798\">Regul\u0101rai virsb\u016bves kop\u0161anai<\/li>\n<\/ul>\n<hr data-start=\"1800\" data-end=\"1803\" \/>\n<p data-start=\"1805\" data-end=\"1919\">\u0160is ir produkts, kas <strong data-start=\"1826\" data-end=\"1864\">pasarg\u0101 laku no re\u0101liem boj\u0101jumiem<\/strong>, nevis tikai uzlabo izskatu \u2014 sve\u0137us nedr\u012bkst ignor\u0113t.<\/p>","protected":false},"excerpt":{"rendered":"<h2>SONAX Sve\u0137u no\u0146em\u0161anas l\u012bdzeklis 400ml<\/h2>","protected":false},"featured_media":3760,"comment_status":"open","ping_status":"closed","template":"","meta":{"site-sidebar-layout":"default","site-content-layout":"","ast-site-content-layout":"default","site-content-style":"default","site-sidebar-style":"default","ast-global-header-display":"","ast-banner-title-visibility":"","ast-main-header-display":"","ast-hfb-above-header-display":"","ast-hfb-below-header-display":"","ast-hfb-mobile-header-display":"","site-post-title":"","ast-breadcrumbs-content":"","ast-featured-img":"","footer-sml-layout":"","ast-disable-related-posts":"","theme-transparent-header-meta":"default","adv-header-id-meta":"","stick-header-meta":"","header-above-stick-meta":"","header-main-stick-meta":"","header-below-stick-meta":"","astra-migrate-meta-layouts":"set","ast-page-background-enabled":"default","ast-page-background-meta":{"desktop":{"background-color":"var(--ast-global-color-5)","background-image":"","background-repeat":"repeat","background-position":"center center","background-size":"auto","background-attachment":"scroll","background-type":"","background-media":"","overlay-type":"","overlay-color":"","overlay-opacity":"","overlay-gradient":""},"tablet":{"background-color":"","background-image":"","background-repeat":"repeat","background-position":"center center","background-size":"auto","background-attachment":"scroll","background-type":"","background-media":"","overlay-type":"","overlay-color":"","overlay-opacity":"","overlay-gradient":""},"mobile":{"background-color":"","background-image":"","background-repeat":"repeat","background-position":"center center","background-size":"auto","background-attachment":"scroll","background-type":"","background-media":"","overlay-type":"","overlay-color":"","overlay-opacity":"","overlay-gradient":""}},"ast-content-background-meta":{"desktop":{"background-color":"var(--ast-global-color-4)","background-image":"","background-repeat":"repeat","background-position":"center center","background-size":"auto","background-attachment":"scroll","background-type":"","background-media":"","overlay-type":"","overlay-color":"","overlay-opacity":"","overlay-gradient":""},"tablet":{"background-color":"var(--ast-global-color-4)","background-image":"","background-repeat":"repeat","background-position":"center center","background-size":"auto","background-attachment":"scroll","background-type":"","background-media":"","overlay-type":"","overlay-color":"","overlay-opacity":"","overlay-gradient":""},"mobile":{"background-color":"var(--ast-global-color-4)","background-image":"","background-repeat":"repeat","background-position":"center center","background-size":"auto","background-attachment":"scroll","background-type":"","background-media":"","overlay-type":"","overlay-color":"","overlay-opacity":"","overlay-gradient":""}}},"product_brand":[101],"product_cat":[56],"product_tag":[],"class_list":{"0":"post-5360","1":"product","2":"type-product","3":"status-publish","4":"has-post-thumbnail","6":"product_brand-sonax","7":"product_cat-kukainu-limju-un-sveku-nonemeji","8":"pa_tilpums-400-ml","9":"pa_zimols-sonax","10":"desktop-align-left","11":"tablet-align-left","12":"mobile-align-left","14":"first","15":"instock","16":"taxable","17":"shipping-taxable","18":"purchasable","19":"product-type-simple"},"yoast_head":"<!-- This site is optimized with the Yoast SEO plugin v27.4 - https:\/\/yoast.com\/product\/yoast-seo-wordpress\/ -->\n<title>SONAX Sve\u0137u no\u0146em\u0161anas l\u012bdzeklis 400ml - detailingclub.lv<\/title>\n<meta name=\"description\" content=\"SONAX sve\u0137u no\u0146em\u0161anas l\u012bdzeklis 400ml efekt\u012bvi no\u0146em koku sve\u0137us un putnu nos\u0113dumus, aizsarg\u0101 auto kr\u0101su un neatst\u0101j atlikumus.\" \/>\n<meta name=\"robots\" content=\"index, follow, max-snippet:-1, max-image-preview:large, max-video-preview:-1\" \/>\n<link rel=\"canonical\" href=\"https:\/\/detailingclub.lv\/ru\/product\/sonax-sveku-nonemsanas-lidzeklis-400ml\/\" \/>\n<meta property=\"og:locale\" content=\"ru_RU\" \/>\n<meta property=\"og:type\" content=\"article\" \/>\n<meta property=\"og:title\" content=\"SONAX Sve\u0137u no\u0146em\u0161anas l\u012bdzeklis 400ml - detailingclub.lv\" \/>\n<meta property=\"og:description\" content=\"SONAX sve\u0137u no\u0146em\u0161anas l\u012bdzeklis 400ml efekt\u012bvi no\u0146em koku sve\u0137us un putnu nos\u0113dumus, aizsarg\u0101 auto kr\u0101su un neatst\u0101j atlikumus.\" \/>\n<meta property=\"og:url\" content=\"https:\/\/detailingclub.lv\/ru\/product\/sonax-sveku-nonemsanas-lidzeklis-400ml\/\" \/>\n<meta property=\"og:site_name\" content=\"detailingclub.lv\" \/>\n<meta property=\"article:modified_time\" content=\"2026-04-21T19:26:41+00:00\" \/>\n<meta property=\"og:image\" content=\"https:\/\/detailingclub.lv\/wp-content\/uploads\/2026\/04\/5880.jpg\" \/>\n\t<meta property=\"og:image:width\" content=\"276\" \/>\n\t<meta property=\"og:image:height\" content=\"1200\" \/>\n\t<meta property=\"og:image:type\" content=\"image\/jpeg\" \/>\n<meta name=\"twitter:card\" content=\"summary_large_image\" \/>\n<meta name=\"twitter:label1\" content=\"\u041f\u0440\u0438\u043c\u0435\u0440\u043d\u043e\u0435 \u0432\u0440\u0435\u043c\u044f \u0434\u043b\u044f \u0447\u0442\u0435\u043d\u0438\u044f\" \/>\n\t<meta name=\"twitter:data1\" content=\"2 \u043c\u0438\u043d\u0443\u0442\u044b\" \/>\n<script type=\"application\/ld+json\" class=\"yoast-schema-graph\">{\"@context\":\"https:\\\/\\\/schema.org\",\"@graph\":[{\"@type\":\"WebPage\",\"@id\":\"https:\\\/\\\/detailingclub.lv\\\/products\\\/sonax-sveku-nonemsanas-lidzeklis-400ml\\\/\",\"url\":\"https:\\\/\\\/detailingclub.lv\\\/products\\\/sonax-sveku-nonemsanas-lidzeklis-400ml\\\/\",\"name\":\"SONAX Sve\u0137u no\u0146em\u0161anas l\u012bdzeklis 400ml - detailingclub.lv\",\"isPartOf\":{\"@id\":\"https:\\\/\\\/detailingclub.lv\\\/#website\"},\"primaryImageOfPage\":{\"@id\":\"https:\\\/\\\/detailingclub.lv\\\/products\\\/sonax-sveku-nonemsanas-lidzeklis-400ml\\\/#primaryimage\"},\"image\":{\"@id\":\"https:\\\/\\\/detailingclub.lv\\\/products\\\/sonax-sveku-nonemsanas-lidzeklis-400ml\\\/#primaryimage\"},\"thumbnailUrl\":\"https:\\\/\\\/detailingclub.lv\\\/wp-content\\\/uploads\\\/2026\\\/04\\\/5880.jpg\",\"datePublished\":\"2026-04-21T15:10:21+00:00\",\"dateModified\":\"2026-04-21T19:26:41+00:00\",\"description\":\"SONAX sve\u0137u no\u0146em\u0161anas l\u012bdzeklis 400ml efekt\u012bvi no\u0146em koku sve\u0137us un putnu nos\u0113dumus, aizsarg\u0101 auto kr\u0101su un neatst\u0101j atlikumus.\",\"breadcrumb\":{\"@id\":\"https:\\\/\\\/detailingclub.lv\\\/products\\\/sonax-sveku-nonemsanas-lidzeklis-400ml\\\/#breadcrumb\"},\"inLanguage\":\"ru-RU\",\"potentialAction\":[{\"@type\":\"ReadAction\",\"target\":[\"https:\\\/\\\/detailingclub.lv\\\/products\\\/sonax-sveku-nonemsanas-lidzeklis-400ml\\\/\"]}]},{\"@type\":\"ImageObject\",\"inLanguage\":\"ru-RU\",\"@id\":\"https:\\\/\\\/detailingclub.lv\\\/products\\\/sonax-sveku-nonemsanas-lidzeklis-400ml\\\/#primaryimage\",\"url\":\"https:\\\/\\\/detailingclub.lv\\\/wp-content\\\/uploads\\\/2026\\\/04\\\/5880.jpg\",\"contentUrl\":\"https:\\\/\\\/detailingclub.lv\\\/wp-content\\\/uploads\\\/2026\\\/04\\\/5880.jpg\",\"width\":276,\"height\":1200},{\"@type\":\"BreadcrumbList\",\"@id\":\"https:\\\/\\\/detailingclub.lv\\\/products\\\/sonax-sveku-nonemsanas-lidzeklis-400ml\\\/#breadcrumb\",\"itemListElement\":[{\"@type\":\"ListItem\",\"position\":1,\"name\":\"Home\",\"item\":\"https:\\\/\\\/detailingclub.lv\\\/\"},{\"@type\":\"ListItem\",\"position\":2,\"name\":\"VEIKALS\",\"item\":\"https:\\\/\\\/detailingclub.lv\\\/veikals\\\/\"},{\"@type\":\"ListItem\",\"position\":3,\"name\":\"SONAX Sve\u0137u no\u0146em\u0161anas l\u012bdzeklis 400ml\"}]},{\"@type\":\"WebSite\",\"@id\":\"https:\\\/\\\/detailingclub.lv\\\/#website\",\"url\":\"https:\\\/\\\/detailingclub.lv\\\/\",\"name\":\"detailingclub.lv\",\"description\":\"\",\"publisher\":{\"@id\":\"https:\\\/\\\/detailingclub.lv\\\/#organization\"},\"potentialAction\":[{\"@type\":\"SearchAction\",\"target\":{\"@type\":\"EntryPoint\",\"urlTemplate\":\"https:\\\/\\\/detailingclub.lv\\\/?s={search_term_string}\"},\"query-input\":{\"@type\":\"PropertyValueSpecification\",\"valueRequired\":true,\"valueName\":\"search_term_string\"}}],\"inLanguage\":\"ru-RU\"},{\"@type\":\"Organization\",\"@id\":\"https:\\\/\\\/detailingclub.lv\\\/#organization\",\"name\":\"detailingclub.lv\",\"url\":\"https:\\\/\\\/detailingclub.lv\\\/\",\"logo\":{\"@type\":\"ImageObject\",\"inLanguage\":\"ru-RU\",\"@id\":\"https:\\\/\\\/detailingclub.lv\\\/#\\\/schema\\\/logo\\\/image\\\/\",\"url\":\"https:\\\/\\\/detailingclub.lv\\\/wp-content\\\/uploads\\\/2026\\\/05\\\/cropped-LOGO-\u0434\u043b\u0438\u043d\u043d\u043e\u0435-\u0431\u0435\u043b\u043e\u0435-\u0441-\u043d\u0430\u043a\u043b\u043e\u043d\u043e\u043c.png\",\"contentUrl\":\"https:\\\/\\\/detailingclub.lv\\\/wp-content\\\/uploads\\\/2026\\\/05\\\/cropped-LOGO-\u0434\u043b\u0438\u043d\u043d\u043e\u0435-\u0431\u0435\u043b\u043e\u0435-\u0441-\u043d\u0430\u043a\u043b\u043e\u043d\u043e\u043c.png\",\"width\":1140,\"height\":111,\"caption\":\"detailingclub.lv\"},\"image\":{\"@id\":\"https:\\\/\\\/detailingclub.lv\\\/#\\\/schema\\\/logo\\\/image\\\/\"}}]}<\/script>\n<!-- \/ Yoast SEO plugin. -->","yoast_head_json":{"title":"SONAX Sve\u0137u no\u0146em\u0161anas l\u012bdzeklis 400ml - detailingclub.lv","description":"SONAX sve\u0137u no\u0146em\u0161anas l\u012bdzeklis 400ml efekt\u012bvi no\u0146em koku sve\u0137us un putnu nos\u0113dumus, aizsarg\u0101 auto kr\u0101su un neatst\u0101j atlikumus.","robots":{"index":"index","follow":"follow","max-snippet":"max-snippet:-1","max-image-preview":"max-image-preview:large","max-video-preview":"max-video-preview:-1"},"canonical":"https:\/\/detailingclub.lv\/ru\/product\/sonax-sveku-nonemsanas-lidzeklis-400ml\/","og_locale":"ru_RU","og_type":"article","og_title":"SONAX Sve\u0137u no\u0146em\u0161anas l\u012bdzeklis 400ml - detailingclub.lv","og_description":"SONAX sve\u0137u no\u0146em\u0161anas l\u012bdzeklis 400ml efekt\u012bvi no\u0146em koku sve\u0137us un putnu nos\u0113dumus, aizsarg\u0101 auto kr\u0101su un neatst\u0101j atlikumus.","og_url":"https:\/\/detailingclub.lv\/ru\/product\/sonax-sveku-nonemsanas-lidzeklis-400ml\/","og_site_name":"detailingclub.lv","article_modified_time":"2026-04-21T19:26:41+00:00","og_image":[{"width":276,"height":1200,"url":"https:\/\/detailingclub.lv\/wp-content\/uploads\/2026\/04\/5880.jpg","type":"image\/jpeg"}],"twitter_card":"summary_large_image","twitter_misc":{"\u041f\u0440\u0438\u043c\u0435\u0440\u043d\u043e\u0435 \u0432\u0440\u0435\u043c\u044f \u0434\u043b\u044f \u0447\u0442\u0435\u043d\u0438\u044f":"2 \u043c\u0438\u043d\u0443\u0442\u044b"},"schema":{"@context":"https:\/\/schema.org","@graph":[{"@type":"WebPage","@id":"https:\/\/detailingclub.lv\/products\/sonax-sveku-nonemsanas-lidzeklis-400ml\/","url":"https:\/\/detailingclub.lv\/products\/sonax-sveku-nonemsanas-lidzeklis-400ml\/","name":"SONAX Sve\u0137u no\u0146em\u0161anas l\u012bdzeklis 400ml - detailingclub.lv","isPartOf":{"@id":"https:\/\/detailingclub.lv\/#website"},"primaryImageOfPage":{"@id":"https:\/\/detailingclub.lv\/products\/sonax-sveku-nonemsanas-lidzeklis-400ml\/#primaryimage"},"image":{"@id":"https:\/\/detailingclub.lv\/products\/sonax-sveku-nonemsanas-lidzeklis-400ml\/#primaryimage"},"thumbnailUrl":"https:\/\/detailingclub.lv\/wp-content\/uploads\/2026\/04\/5880.jpg","datePublished":"2026-04-21T15:10:21+00:00","dateModified":"2026-04-21T19:26:41+00:00","description":"SONAX sve\u0137u no\u0146em\u0161anas l\u012bdzeklis 400ml efekt\u012bvi no\u0146em koku sve\u0137us un putnu nos\u0113dumus, aizsarg\u0101 auto kr\u0101su un neatst\u0101j atlikumus.","breadcrumb":{"@id":"https:\/\/detailingclub.lv\/products\/sonax-sveku-nonemsanas-lidzeklis-400ml\/#breadcrumb"},"inLanguage":"ru-RU","potentialAction":[{"@type":"ReadAction","target":["https:\/\/detailingclub.lv\/products\/sonax-sveku-nonemsanas-lidzeklis-400ml\/"]}]},{"@type":"ImageObject","inLanguage":"ru-RU","@id":"https:\/\/detailingclub.lv\/products\/sonax-sveku-nonemsanas-lidzeklis-400ml\/#primaryimage","url":"https:\/\/detailingclub.lv\/wp-content\/uploads\/2026\/04\/5880.jpg","contentUrl":"https:\/\/detailingclub.lv\/wp-content\/uploads\/2026\/04\/5880.jpg","width":276,"height":1200},{"@type":"BreadcrumbList","@id":"https:\/\/detailingclub.lv\/products\/sonax-sveku-nonemsanas-lidzeklis-400ml\/#breadcrumb","itemListElement":[{"@type":"ListItem","position":1,"name":"Home","item":"https:\/\/detailingclub.lv\/"},{"@type":"ListItem","position":2,"name":"VEIKALS","item":"https:\/\/detailingclub.lv\/veikals\/"},{"@type":"ListItem","position":3,"name":"SONAX Sve\u0137u no\u0146em\u0161anas l\u012bdzeklis 400ml"}]},{"@type":"WebSite","@id":"https:\/\/detailingclub.lv\/#website","url":"https:\/\/detailingclub.lv\/","name":"detailingclub.lv","description":"","publisher":{"@id":"https:\/\/detailingclub.lv\/#organization"},"potentialAction":[{"@type":"SearchAction","target":{"@type":"EntryPoint","urlTemplate":"https:\/\/detailingclub.lv\/?s={search_term_string}"},"query-input":{"@type":"PropertyValueSpecification","valueRequired":true,"valueName":"search_term_string"}}],"inLanguage":"ru-RU"},{"@type":"Organization","@id":"https:\/\/detailingclub.lv\/#organization","name":"detailingclub.lv","url":"https:\/\/detailingclub.lv\/","logo":{"@type":"ImageObject","inLanguage":"ru-RU","@id":"https:\/\/detailingclub.lv\/#\/schema\/logo\/image\/","url":"https:\/\/detailingclub.lv\/wp-content\/uploads\/2026\/05\/cropped-LOGO-\u0434\u043b\u0438\u043d\u043d\u043e\u0435-\u0431\u0435\u043b\u043e\u0435-\u0441-\u043d\u0430\u043a\u043b\u043e\u043d\u043e\u043c.png","contentUrl":"https:\/\/detailingclub.lv\/wp-content\/uploads\/2026\/05\/cropped-LOGO-\u0434\u043b\u0438\u043d\u043d\u043e\u0435-\u0431\u0435\u043b\u043e\u0435-\u0441-\u043d\u0430\u043a\u043b\u043e\u043d\u043e\u043c.png","width":1140,"height":111,"caption":"detailingclub.lv"},"image":{"@id":"https:\/\/detailingclub.lv\/#\/schema\/logo\/image\/"}}]}},"jetpack_sharing_enabled":true,"_links":{"self":[{"href":"https:\/\/detailingclub.lv\/ru\/wp-json\/wp\/v2\/product\/5360","targetHints":{"allow":["GET"]}}],"collection":[{"href":"https:\/\/detailingclub.lv\/ru\/wp-json\/wp\/v2\/product"}],"about":[{"href":"https:\/\/detailingclub.lv\/ru\/wp-json\/wp\/v2\/types\/product"}],"replies":[{"embeddable":true,"href":"https:\/\/detailingclub.lv\/ru\/wp-json\/wp\/v2\/comments?post=5360"}],"wp:featuredmedia":[{"embeddable":true,"href":"https:\/\/detailingclub.lv\/ru\/wp-json\/wp\/v2\/media\/3760"}],"wp:attachment":[{"href":"https:\/\/detailingclub.lv\/ru\/wp-json\/wp\/v2\/media?parent=5360"}],"wp:term":[{"taxonomy":"product_brand","embeddable":true,"href":"https:\/\/detailingclub.lv\/ru\/wp-json\/wp\/v2\/product_brand?post=5360"},{"taxonomy":"product_cat","embeddable":true,"href":"https:\/\/detailingclub.lv\/ru\/wp-json\/wp\/v2\/product_cat?post=5360"},{"taxonomy":"product_tag","embeddable":true,"href":"https:\/\/detailingclub.lv\/ru\/wp-json\/wp\/v2\/product_tag?post=5360"}],"curies":[{"name":"wp","href":"https:\/\/api.w.org\/{rel}","templated":true}]}}