{"id":5359,"date":"2026-04-21T15:10:21","date_gmt":"2026-04-21T15:10:21","guid":{"rendered":"https:\/\/detailingclub.lv\/products\/sonax-profiline-aktivas-tirisanas-putas-energy-1l\/"},"modified":"2026-04-28T17:48:24","modified_gmt":"2026-04-28T17:48:24","slug":"sonax-profiline-aktivas-tirisanas-putas-energy-1l","status":"publish","type":"product","link":"https:\/\/detailingclub.lv\/ru\/product\/sonax-profiline-aktivas-tirisanas-putas-energy-1l\/","title":{"rendered":"SONAX PROFILINE Akt\u012bv\u0101s t\u012br\u012b\u0161anas putas Energy 1L"},"content":{"rendered":"<p data-start=\"161\" data-end=\"402\">Ja auto mazg\u0101\u0161ana s\u0101kas ar \u0161vamm\u012bti \u2014 tu jau dari to nepareizi. Net\u012brumi vispirms ir j\u0101no\u0146em bez kontakta. SONAX ActiFoam Energy ir paredz\u0113ts, lai <strong data-start=\"308\" data-end=\"373\">m\u012bkstin\u0101tu un no\u0146emtu net\u012brumus jau pirms kontakta mazg\u0101\u0161anas<\/strong>, samazinot skr\u0101p\u0113jumu risku.<\/p>\n<p data-start=\"404\" data-end=\"593\">\u0160\u012bs ir profesion\u0101la l\u012bme\u0146a akt\u012bv\u0101s putas (\u201csnow foam\u201d), kas veido biezu sl\u0101ni un <strong data-start=\"485\" data-end=\"552\">efekt\u012bvi \u0161\u0137\u012bdina ce\u013ca net\u012brumus, kukai\u0146us un e\u013c\u013cainus nos\u0113dumus<\/strong>.<\/p>\n<hr data-start=\"595\" data-end=\"598\" \/>\n<p data-start=\"600\" data-end=\"625\"><strong data-start=\"600\" data-end=\"625\">K\u0101p\u0113c tas ir svar\u012bgi:<\/strong><\/p>\n<ul data-start=\"626\" data-end=\"784\">\n<li data-section-id=\"1qvmqb5\" data-start=\"626\" data-end=\"672\">Samazina skr\u0101p\u0113jumu risku mazg\u0101\u0161anas laik\u0101<\/li>\n<li data-section-id=\"1uqv3sw\" data-start=\"673\" data-end=\"720\">No\u0146em liel\u0101ko da\u013cu net\u012brumu bez piesk\u0101riena<\/li>\n<li data-section-id=\"3kigmo\" data-start=\"721\" data-end=\"758\">Sagatavo virsmu dro\u0161ai mazg\u0101\u0161anai<\/li>\n<li data-section-id=\"ssyjos\" data-start=\"759\" data-end=\"784\">Uzlabo gala rezult\u0101tu<\/li>\n<\/ul>\n<hr data-start=\"786\" data-end=\"789\" \/>\n<p data-start=\"791\" data-end=\"818\"><strong data-start=\"791\" data-end=\"818\">Galven\u0101s priek\u0161roc\u012bbas:<\/strong><\/p>\n<ul data-start=\"819\" data-end=\"1202\">\n<li data-section-id=\"1dggy8a\" data-start=\"819\" data-end=\"910\">Sp\u0113c\u012bga net\u012brumu \u0161\u0137\u012bdin\u0101\u0161ana ar biezu putu efektu<\/li>\n<li data-section-id=\"6seqrv\" data-start=\"911\" data-end=\"996\">pH neitr\u0101ls \u2014 dro\u0161s vaskiem un p\u0101rkl\u0101jumiem<\/li>\n<li data-section-id=\"nyzu7d\" data-start=\"997\" data-end=\"1098\">Var izmantot k\u0101 \u0161amp\u016bnu, kukai\u0146u no\u0146\u0113m\u0113ju un disku t\u012br\u012bt\u0101ju<\/li>\n<li data-section-id=\"j20dlo\" data-start=\"1099\" data-end=\"1181\">Koncentr\u0101ts \u2014 pietiek daudz\u0101m mazg\u0101\u0161an\u0101m<\/li>\n<li data-section-id=\"1yzudl1\" data-start=\"1182\" data-end=\"1202\">Pat\u012bkams arom\u0101ts<\/li>\n<\/ul>\n<hr data-start=\"1204\" data-end=\"1207\" \/>\n<h3 data-section-id=\"k735iy\" data-start=\"1209\" data-end=\"1255\"><span role=\"text\"><strong data-start=\"1213\" data-end=\"1255\">K\u0101 lietot (p\u0113c ra\u017eot\u0101ja instrukcijas):<\/strong><\/span><\/h3>\n<ul data-start=\"1256\" data-end=\"1557\">\n<li data-section-id=\"1h1ar4u\" data-start=\"1256\" data-end=\"1291\">Iepriek\u0161 noskalot auto ar \u016bdeni<\/li>\n<li data-section-id=\"ijf0x8\" data-start=\"1292\" data-end=\"1462\">Sajaukt ar \u016bdeni:\n<ul data-start=\"1316\" data-end=\"1462\">\n<li data-section-id=\"1c0qhr4\" data-start=\"1316\" data-end=\"1380\">Putu lance: ~1:10\u20131:20<\/li>\n<li data-section-id=\"12705wz\" data-start=\"1383\" data-end=\"1462\">Rokas putot\u0101js: ~15\u201325 ml uz 1L \u016bdens<\/li>\n<\/ul>\n<\/li>\n<li data-section-id=\"zxvpsn\" data-start=\"1463\" data-end=\"1499\">Uzkl\u0101t putas no apak\u0161as uz aug\u0161u<\/li>\n<li data-section-id=\"9u2ss8\" data-start=\"1500\" data-end=\"1535\">\u013baut iedarboties (ne\u013caut no\u017e\u016bt)<\/li>\n<li data-section-id=\"1ob9lzt\" data-start=\"1536\" data-end=\"1557\">Noskalot ar \u016bdeni<\/li>\n<\/ul>\n<hr data-start=\"1559\" data-end=\"1562\" \/>\n<p data-start=\"1564\" data-end=\"1579\"><strong data-start=\"1564\" data-end=\"1579\">Kad lietot:<\/strong><\/p>\n<ul data-start=\"1580\" data-end=\"1702\">\n<li data-section-id=\"1bza7k0\" data-start=\"1580\" data-end=\"1612\">Pirms katras auto mazg\u0101\u0161anas<\/li>\n<li data-section-id=\"tcko08\" data-start=\"1613\" data-end=\"1636\">Stipri net\u012bram auto<\/li>\n<li data-section-id=\"10hqta1\" data-start=\"1637\" data-end=\"1663\">P\u0113c gariem braucieniem<\/li>\n<li data-section-id=\"7ac3dp\" data-start=\"1664\" data-end=\"1702\">Detailing proces\u0101 k\u0101 pirmais solis<\/li>\n<\/ul>\n<hr data-start=\"1704\" data-end=\"1707\" \/>\n<p data-start=\"1709\" data-end=\"1827\">\u0160is ir produkts, kas <strong data-start=\"1730\" data-end=\"1767\">re\u0101li nosaka mazg\u0101\u0161anas kvalit\u0101ti<\/strong> \u2014 ja izlai\u017e \u0161o soli, tu vienk\u0101r\u0161i berz\u0113 net\u012brumus pa kr\u0101su.<\/p>","protected":false},"excerpt":{"rendered":"<h2>SONAX PROFILINE Akt\u012bv\u0101s t\u012br\u012b\u0161anas putas Energy 1L<\/h2>","protected":false},"featured_media":3758,"comment_status":"open","ping_status":"closed","template":"","meta":{"site-sidebar-layout":"default","site-content-layout":"","ast-site-content-layout":"default","site-content-style":"default","site-sidebar-style":"default","ast-global-header-display":"","ast-banner-title-visibility":"","ast-main-header-display":"","ast-hfb-above-header-display":"","ast-hfb-below-header-display":"","ast-hfb-mobile-header-display":"","site-post-title":"","ast-breadcrumbs-content":"","ast-featured-img":"","footer-sml-layout":"","ast-disable-related-posts":"","theme-transparent-header-meta":"default","adv-header-id-meta":"","stick-header-meta":"","header-above-stick-meta":"","header-main-stick-meta":"","header-below-stick-meta":"","astra-migrate-meta-layouts":"set","ast-page-background-enabled":"default","ast-page-background-meta":{"desktop":{"background-color":"var(--ast-global-color-5)","background-image":"","background-repeat":"repeat","background-position":"center center","background-size":"auto","background-attachment":"scroll","background-type":"","background-media":"","overlay-type":"","overlay-color":"","overlay-opacity":"","overlay-gradient":""},"tablet":{"background-color":"","background-image":"","background-repeat":"repeat","background-position":"center center","background-size":"auto","background-attachment":"scroll","background-type":"","background-media":"","overlay-type":"","overlay-color":"","overlay-opacity":"","overlay-gradient":""},"mobile":{"background-color":"","background-image":"","background-repeat":"repeat","background-position":"center center","background-size":"auto","background-attachment":"scroll","background-type":"","background-media":"","overlay-type":"","overlay-color":"","overlay-opacity":"","overlay-gradient":""}},"ast-content-background-meta":{"desktop":{"background-color":"var(--ast-global-color-4)","background-image":"","background-repeat":"repeat","background-position":"center center","background-size":"auto","background-attachment":"scroll","background-type":"","background-media":"","overlay-type":"","overlay-color":"","overlay-opacity":"","overlay-gradient":""},"tablet":{"background-color":"var(--ast-global-color-4)","background-image":"","background-repeat":"repeat","background-position":"center center","background-size":"auto","background-attachment":"scroll","background-type":"","background-media":"","overlay-type":"","overlay-color":"","overlay-opacity":"","overlay-gradient":""},"mobile":{"background-color":"var(--ast-global-color-4)","background-image":"","background-repeat":"repeat","background-position":"center center","background-size":"auto","background-attachment":"scroll","background-type":"","background-media":"","overlay-type":"","overlay-color":"","overlay-opacity":"","overlay-gradient":""}}},"product_brand":[101],"product_cat":[46],"product_tag":[],"class_list":{"0":"post-5359","1":"product","2":"type-product","3":"status-publish","4":"has-post-thumbnail","6":"product_brand-sonax","7":"product_cat-pre-wash","8":"pa_tilpums-1l","9":"pa_zimols-sonax","10":"desktop-align-left","11":"tablet-align-left","12":"mobile-align-left","14":"first","15":"instock","16":"taxable","17":"shipping-taxable","18":"purchasable","19":"product-type-simple"},"yoast_head":"<!-- This site is optimized with the Yoast SEO plugin v27.4 - https:\/\/yoast.com\/product\/yoast-seo-wordpress\/ -->\n<title>SONAX PROFILINE Akt\u012bv\u0101s t\u012br\u012b\u0161anas putas Energy 1L - detailingclub.lv<\/title>\n<meta name=\"description\" content=\"SONAX PROFILINE ActiFoam Energy 1L akt\u012bv\u0101s putas efekt\u012bvi no\u0146em net\u012brumus bez kontakta, samazina skr\u0101p\u0113jumus un nodro\u0161ina dro\u0161u auto mazg\u0101\u0161anu.\" \/>\n<meta name=\"robots\" content=\"index, follow, max-snippet:-1, max-image-preview:large, max-video-preview:-1\" \/>\n<link rel=\"canonical\" href=\"https:\/\/detailingclub.lv\/ru\/product\/sonax-profiline-aktivas-tirisanas-putas-energy-1l\/\" \/>\n<meta property=\"og:locale\" content=\"ru_RU\" \/>\n<meta property=\"og:type\" content=\"article\" \/>\n<meta property=\"og:title\" content=\"SONAX PROFILINE Akt\u012bv\u0101s t\u012br\u012b\u0161anas putas Energy 1L - detailingclub.lv\" \/>\n<meta property=\"og:description\" content=\"SONAX PROFILINE ActiFoam Energy 1L akt\u012bv\u0101s putas efekt\u012bvi no\u0146em net\u012brumus bez kontakta, samazina skr\u0101p\u0113jumus un nodro\u0161ina dro\u0161u auto mazg\u0101\u0161anu.\" \/>\n<meta property=\"og:url\" content=\"https:\/\/detailingclub.lv\/ru\/product\/sonax-profiline-aktivas-tirisanas-putas-energy-1l\/\" \/>\n<meta property=\"og:site_name\" content=\"detailingclub.lv\" \/>\n<meta property=\"article:modified_time\" content=\"2026-04-28T17:48:24+00:00\" \/>\n<meta property=\"og:image\" content=\"https:\/\/detailingclub.lv\/wp-content\/uploads\/2026\/04\/5888.jpg\" \/>\n\t<meta property=\"og:image:width\" content=\"383\" \/>\n\t<meta property=\"og:image:height\" content=\"1200\" \/>\n\t<meta property=\"og:image:type\" content=\"image\/jpeg\" \/>\n<meta name=\"twitter:card\" content=\"summary_large_image\" \/>\n<meta name=\"twitter:label1\" content=\"\u041f\u0440\u0438\u043c\u0435\u0440\u043d\u043e\u0435 \u0432\u0440\u0435\u043c\u044f \u0434\u043b\u044f \u0447\u0442\u0435\u043d\u0438\u044f\" \/>\n\t<meta name=\"twitter:data1\" content=\"2 \u043c\u0438\u043d\u0443\u0442\u044b\" \/>\n<script type=\"application\/ld+json\" class=\"yoast-schema-graph\">{\"@context\":\"https:\\\/\\\/schema.org\",\"@graph\":[{\"@type\":\"WebPage\",\"@id\":\"https:\\\/\\\/detailingclub.lv\\\/products\\\/sonax-profiline-aktivas-tirisanas-putas-energy-1l\\\/\",\"url\":\"https:\\\/\\\/detailingclub.lv\\\/products\\\/sonax-profiline-aktivas-tirisanas-putas-energy-1l\\\/\",\"name\":\"SONAX PROFILINE Akt\u012bv\u0101s t\u012br\u012b\u0161anas putas Energy 1L - detailingclub.lv\",\"isPartOf\":{\"@id\":\"https:\\\/\\\/detailingclub.lv\\\/#website\"},\"primaryImageOfPage\":{\"@id\":\"https:\\\/\\\/detailingclub.lv\\\/products\\\/sonax-profiline-aktivas-tirisanas-putas-energy-1l\\\/#primaryimage\"},\"image\":{\"@id\":\"https:\\\/\\\/detailingclub.lv\\\/products\\\/sonax-profiline-aktivas-tirisanas-putas-energy-1l\\\/#primaryimage\"},\"thumbnailUrl\":\"https:\\\/\\\/detailingclub.lv\\\/wp-content\\\/uploads\\\/2026\\\/04\\\/5888.jpg\",\"datePublished\":\"2026-04-21T15:10:21+00:00\",\"dateModified\":\"2026-04-28T17:48:24+00:00\",\"description\":\"SONAX PROFILINE ActiFoam Energy 1L akt\u012bv\u0101s putas efekt\u012bvi no\u0146em net\u012brumus bez kontakta, samazina skr\u0101p\u0113jumus un nodro\u0161ina dro\u0161u auto mazg\u0101\u0161anu.\",\"breadcrumb\":{\"@id\":\"https:\\\/\\\/detailingclub.lv\\\/products\\\/sonax-profiline-aktivas-tirisanas-putas-energy-1l\\\/#breadcrumb\"},\"inLanguage\":\"ru-RU\",\"potentialAction\":[{\"@type\":\"ReadAction\",\"target\":[\"https:\\\/\\\/detailingclub.lv\\\/products\\\/sonax-profiline-aktivas-tirisanas-putas-energy-1l\\\/\"]}]},{\"@type\":\"ImageObject\",\"inLanguage\":\"ru-RU\",\"@id\":\"https:\\\/\\\/detailingclub.lv\\\/products\\\/sonax-profiline-aktivas-tirisanas-putas-energy-1l\\\/#primaryimage\",\"url\":\"https:\\\/\\\/detailingclub.lv\\\/wp-content\\\/uploads\\\/2026\\\/04\\\/5888.jpg\",\"contentUrl\":\"https:\\\/\\\/detailingclub.lv\\\/wp-content\\\/uploads\\\/2026\\\/04\\\/5888.jpg\",\"width\":383,\"height\":1200},{\"@type\":\"BreadcrumbList\",\"@id\":\"https:\\\/\\\/detailingclub.lv\\\/products\\\/sonax-profiline-aktivas-tirisanas-putas-energy-1l\\\/#breadcrumb\",\"itemListElement\":[{\"@type\":\"ListItem\",\"position\":1,\"name\":\"Home\",\"item\":\"https:\\\/\\\/detailingclub.lv\\\/\"},{\"@type\":\"ListItem\",\"position\":2,\"name\":\"VEIKALS\",\"item\":\"https:\\\/\\\/detailingclub.lv\\\/veikals\\\/\"},{\"@type\":\"ListItem\",\"position\":3,\"name\":\"SONAX PROFILINE Akt\u012bv\u0101s t\u012br\u012b\u0161anas putas Energy 1L\"}]},{\"@type\":\"WebSite\",\"@id\":\"https:\\\/\\\/detailingclub.lv\\\/#website\",\"url\":\"https:\\\/\\\/detailingclub.lv\\\/\",\"name\":\"detailingclub.lv\",\"description\":\"\",\"publisher\":{\"@id\":\"https:\\\/\\\/detailingclub.lv\\\/#organization\"},\"potentialAction\":[{\"@type\":\"SearchAction\",\"target\":{\"@type\":\"EntryPoint\",\"urlTemplate\":\"https:\\\/\\\/detailingclub.lv\\\/?s={search_term_string}\"},\"query-input\":{\"@type\":\"PropertyValueSpecification\",\"valueRequired\":true,\"valueName\":\"search_term_string\"}}],\"inLanguage\":\"ru-RU\"},{\"@type\":\"Organization\",\"@id\":\"https:\\\/\\\/detailingclub.lv\\\/#organization\",\"name\":\"detailingclub.lv\",\"url\":\"https:\\\/\\\/detailingclub.lv\\\/\",\"logo\":{\"@type\":\"ImageObject\",\"inLanguage\":\"ru-RU\",\"@id\":\"https:\\\/\\\/detailingclub.lv\\\/#\\\/schema\\\/logo\\\/image\\\/\",\"url\":\"https:\\\/\\\/detailingclub.lv\\\/wp-content\\\/uploads\\\/2026\\\/05\\\/cropped-LOGO-\u0434\u043b\u0438\u043d\u043d\u043e\u0435-\u0431\u0435\u043b\u043e\u0435-\u0441-\u043d\u0430\u043a\u043b\u043e\u043d\u043e\u043c.png\",\"contentUrl\":\"https:\\\/\\\/detailingclub.lv\\\/wp-content\\\/uploads\\\/2026\\\/05\\\/cropped-LOGO-\u0434\u043b\u0438\u043d\u043d\u043e\u0435-\u0431\u0435\u043b\u043e\u0435-\u0441-\u043d\u0430\u043a\u043b\u043e\u043d\u043e\u043c.png\",\"width\":1140,\"height\":111,\"caption\":\"detailingclub.lv\"},\"image\":{\"@id\":\"https:\\\/\\\/detailingclub.lv\\\/#\\\/schema\\\/logo\\\/image\\\/\"}}]}<\/script>\n<!-- \/ Yoast SEO plugin. -->","yoast_head_json":{"title":"SONAX PROFILINE Akt\u012bv\u0101s t\u012br\u012b\u0161anas putas Energy 1L - detailingclub.lv","description":"SONAX PROFILINE ActiFoam Energy 1L akt\u012bv\u0101s putas efekt\u012bvi no\u0146em net\u012brumus bez kontakta, samazina skr\u0101p\u0113jumus un nodro\u0161ina dro\u0161u auto mazg\u0101\u0161anu.","robots":{"index":"index","follow":"follow","max-snippet":"max-snippet:-1","max-image-preview":"max-image-preview:large","max-video-preview":"max-video-preview:-1"},"canonical":"https:\/\/detailingclub.lv\/ru\/product\/sonax-profiline-aktivas-tirisanas-putas-energy-1l\/","og_locale":"ru_RU","og_type":"article","og_title":"SONAX PROFILINE Akt\u012bv\u0101s t\u012br\u012b\u0161anas putas Energy 1L - detailingclub.lv","og_description":"SONAX PROFILINE ActiFoam Energy 1L akt\u012bv\u0101s putas efekt\u012bvi no\u0146em net\u012brumus bez kontakta, samazina skr\u0101p\u0113jumus un nodro\u0161ina dro\u0161u auto mazg\u0101\u0161anu.","og_url":"https:\/\/detailingclub.lv\/ru\/product\/sonax-profiline-aktivas-tirisanas-putas-energy-1l\/","og_site_name":"detailingclub.lv","article_modified_time":"2026-04-28T17:48:24+00:00","og_image":[{"width":383,"height":1200,"url":"https:\/\/detailingclub.lv\/wp-content\/uploads\/2026\/04\/5888.jpg","type":"image\/jpeg"}],"twitter_card":"summary_large_image","twitter_misc":{"\u041f\u0440\u0438\u043c\u0435\u0440\u043d\u043e\u0435 \u0432\u0440\u0435\u043c\u044f \u0434\u043b\u044f \u0447\u0442\u0435\u043d\u0438\u044f":"2 \u043c\u0438\u043d\u0443\u0442\u044b"},"schema":{"@context":"https:\/\/schema.org","@graph":[{"@type":"WebPage","@id":"https:\/\/detailingclub.lv\/products\/sonax-profiline-aktivas-tirisanas-putas-energy-1l\/","url":"https:\/\/detailingclub.lv\/products\/sonax-profiline-aktivas-tirisanas-putas-energy-1l\/","name":"SONAX PROFILINE Akt\u012bv\u0101s t\u012br\u012b\u0161anas putas Energy 1L - detailingclub.lv","isPartOf":{"@id":"https:\/\/detailingclub.lv\/#website"},"primaryImageOfPage":{"@id":"https:\/\/detailingclub.lv\/products\/sonax-profiline-aktivas-tirisanas-putas-energy-1l\/#primaryimage"},"image":{"@id":"https:\/\/detailingclub.lv\/products\/sonax-profiline-aktivas-tirisanas-putas-energy-1l\/#primaryimage"},"thumbnailUrl":"https:\/\/detailingclub.lv\/wp-content\/uploads\/2026\/04\/5888.jpg","datePublished":"2026-04-21T15:10:21+00:00","dateModified":"2026-04-28T17:48:24+00:00","description":"SONAX PROFILINE ActiFoam Energy 1L akt\u012bv\u0101s putas efekt\u012bvi no\u0146em net\u012brumus bez kontakta, samazina skr\u0101p\u0113jumus un nodro\u0161ina dro\u0161u auto mazg\u0101\u0161anu.","breadcrumb":{"@id":"https:\/\/detailingclub.lv\/products\/sonax-profiline-aktivas-tirisanas-putas-energy-1l\/#breadcrumb"},"inLanguage":"ru-RU","potentialAction":[{"@type":"ReadAction","target":["https:\/\/detailingclub.lv\/products\/sonax-profiline-aktivas-tirisanas-putas-energy-1l\/"]}]},{"@type":"ImageObject","inLanguage":"ru-RU","@id":"https:\/\/detailingclub.lv\/products\/sonax-profiline-aktivas-tirisanas-putas-energy-1l\/#primaryimage","url":"https:\/\/detailingclub.lv\/wp-content\/uploads\/2026\/04\/5888.jpg","contentUrl":"https:\/\/detailingclub.lv\/wp-content\/uploads\/2026\/04\/5888.jpg","width":383,"height":1200},{"@type":"BreadcrumbList","@id":"https:\/\/detailingclub.lv\/products\/sonax-profiline-aktivas-tirisanas-putas-energy-1l\/#breadcrumb","itemListElement":[{"@type":"ListItem","position":1,"name":"Home","item":"https:\/\/detailingclub.lv\/"},{"@type":"ListItem","position":2,"name":"VEIKALS","item":"https:\/\/detailingclub.lv\/veikals\/"},{"@type":"ListItem","position":3,"name":"SONAX PROFILINE Akt\u012bv\u0101s t\u012br\u012b\u0161anas putas Energy 1L"}]},{"@type":"WebSite","@id":"https:\/\/detailingclub.lv\/#website","url":"https:\/\/detailingclub.lv\/","name":"detailingclub.lv","description":"","publisher":{"@id":"https:\/\/detailingclub.lv\/#organization"},"potentialAction":[{"@type":"SearchAction","target":{"@type":"EntryPoint","urlTemplate":"https:\/\/detailingclub.lv\/?s={search_term_string}"},"query-input":{"@type":"PropertyValueSpecification","valueRequired":true,"valueName":"search_term_string"}}],"inLanguage":"ru-RU"},{"@type":"Organization","@id":"https:\/\/detailingclub.lv\/#organization","name":"detailingclub.lv","url":"https:\/\/detailingclub.lv\/","logo":{"@type":"ImageObject","inLanguage":"ru-RU","@id":"https:\/\/detailingclub.lv\/#\/schema\/logo\/image\/","url":"https:\/\/detailingclub.lv\/wp-content\/uploads\/2026\/05\/cropped-LOGO-\u0434\u043b\u0438\u043d\u043d\u043e\u0435-\u0431\u0435\u043b\u043e\u0435-\u0441-\u043d\u0430\u043a\u043b\u043e\u043d\u043e\u043c.png","contentUrl":"https:\/\/detailingclub.lv\/wp-content\/uploads\/2026\/05\/cropped-LOGO-\u0434\u043b\u0438\u043d\u043d\u043e\u0435-\u0431\u0435\u043b\u043e\u0435-\u0441-\u043d\u0430\u043a\u043b\u043e\u043d\u043e\u043c.png","width":1140,"height":111,"caption":"detailingclub.lv"},"image":{"@id":"https:\/\/detailingclub.lv\/#\/schema\/logo\/image\/"}}]}},"jetpack_sharing_enabled":true,"_links":{"self":[{"href":"https:\/\/detailingclub.lv\/ru\/wp-json\/wp\/v2\/product\/5359","targetHints":{"allow":["GET"]}}],"collection":[{"href":"https:\/\/detailingclub.lv\/ru\/wp-json\/wp\/v2\/product"}],"about":[{"href":"https:\/\/detailingclub.lv\/ru\/wp-json\/wp\/v2\/types\/product"}],"replies":[{"embeddable":true,"href":"https:\/\/detailingclub.lv\/ru\/wp-json\/wp\/v2\/comments?post=5359"}],"wp:featuredmedia":[{"embeddable":true,"href":"https:\/\/detailingclub.lv\/ru\/wp-json\/wp\/v2\/media\/3758"}],"wp:attachment":[{"href":"https:\/\/detailingclub.lv\/ru\/wp-json\/wp\/v2\/media?parent=5359"}],"wp:term":[{"taxonomy":"product_brand","embeddable":true,"href":"https:\/\/detailingclub.lv\/ru\/wp-json\/wp\/v2\/product_brand?post=5359"},{"taxonomy":"product_cat","embeddable":true,"href":"https:\/\/detailingclub.lv\/ru\/wp-json\/wp\/v2\/product_cat?post=5359"},{"taxonomy":"product_tag","embeddable":true,"href":"https:\/\/detailingclub.lv\/ru\/wp-json\/wp\/v2\/product_tag?post=5359"}],"curies":[{"name":"wp","href":"https:\/\/api.w.org\/{rel}","templated":true}]}}