{"id":5357,"date":"2026-04-21T15:10:21","date_gmt":"2026-04-21T15:10:21","guid":{"rendered":"https:\/\/detailingclub.lv\/products\/sonax-netirumu-nonemejs-dzesgumija-2gab\/"},"modified":"2026-04-21T19:30:46","modified_gmt":"2026-04-21T19:30:46","slug":"sonax-netirumu-nonemejs-dzesgumija-2gab","status":"publish","type":"product","link":"https:\/\/detailingclub.lv\/ru\/product\/sonax-netirumu-nonemejs-dzesgumija-2gab\/","title":{"rendered":"SONAX Net\u012brumu no\u0146\u0113m\u0113js\/ dz\u0113\u0161gumija 2gab."},"content":{"rendered":"<p data-start=\"159\" data-end=\"372\">Ir net\u012brumi, kurus ar \u0137\u012bmiju vienk\u0101r\u0161i nevar no\u0146emt \u2014 melnas sv\u012btras, gumijas p\u0113das, plastmasas nospiedumi. \u0160eit str\u0101d\u0101 \u0161is SONAX \u201cdz\u0113\u0161gumijas\u201d tipa s\u016bklis, kas <strong data-start=\"320\" data-end=\"371\">meh\u0101niski no\u0146em net\u012brumus bez agres\u012bvas \u0137\u012bmijas<\/strong>.<\/p>\n<p data-start=\"374\" data-end=\"493\">Tas darbojas k\u0101 dz\u0113\u0161gumija \u2014 <strong data-start=\"403\" data-end=\"445\">burtiski \u201cizdz\u0113\u0161\u201d net\u012brumus no virsmas<\/strong>, \u012bpa\u0161i no plastmasas, salona un ciet\u0101m virsm\u0101m.<\/p>\n<hr data-start=\"495\" data-end=\"498\" \/>\n<p data-start=\"500\" data-end=\"525\"><strong data-start=\"500\" data-end=\"525\">K\u0101p\u0113c tas ir svar\u012bgi:<\/strong><\/p>\n<ul data-start=\"526\" data-end=\"718\">\n<li data-section-id=\"vrpui\" data-start=\"526\" data-end=\"565\">No\u0146em notur\u012bgus traipus bez \u0137\u012bmijas<\/li>\n<li data-section-id=\"g3vea0\" data-start=\"566\" data-end=\"622\">Efekt\u012bvs pret meln\u0101m sv\u012btr\u0101m un gumijas nospiedumiem<\/li>\n<li data-section-id=\"23wt6b\" data-start=\"623\" data-end=\"664\">\u0100trs risin\u0101jums problem\u0101tisk\u0101m viet\u0101m<\/li>\n<li data-section-id=\"1x4pk2f\" data-start=\"665\" data-end=\"718\">Samazina nepiecie\u0161am\u012bbu p\u0113c agres\u012bviem l\u012bdzek\u013ciem<\/li>\n<\/ul>\n<hr data-start=\"720\" data-end=\"723\" \/>\n<p data-start=\"725\" data-end=\"752\"><strong data-start=\"725\" data-end=\"752\">Galven\u0101s priek\u0161roc\u012bbas:<\/strong><\/p>\n<ul data-start=\"753\" data-end=\"950\">\n<li data-section-id=\"seiaru\" data-start=\"753\" data-end=\"780\">Darbojas tikai ar \u016bdeni<\/li>\n<li data-section-id=\"1ymzxww\" data-start=\"781\" data-end=\"836\">Piem\u0113rots plastmasai, vinilam, sliek\u0161\u0146iem, pane\u013ciem<\/li>\n<li data-section-id=\"dndrhw\" data-start=\"837\" data-end=\"883\">Ide\u0101li piem\u0113rots salonam un durvju apdarei<\/li>\n<li data-section-id=\"19n2jen\" data-start=\"884\" data-end=\"910\">Var izmantot ar\u012b m\u0101j\u0101s<\/li>\n<li data-section-id=\"15ff7cz\" data-start=\"911\" data-end=\"950\">Komplekt\u0101 2 gab. ilg\u0101kai lieto\u0161anai<\/li>\n<\/ul>\n<hr data-start=\"952\" data-end=\"955\" \/>\n<h3 data-section-id=\"fh672x\" data-start=\"957\" data-end=\"975\"><span role=\"text\"><strong data-start=\"961\" data-end=\"975\">K\u0101 lietot:<\/strong><\/span><\/h3>\n<ul data-start=\"976\" data-end=\"1114\">\n<li data-section-id=\"89t81u\" data-start=\"976\" data-end=\"1005\">Samitrin\u0101t s\u016bkli ar \u016bdeni<\/li>\n<li data-section-id=\"wd0ayb\" data-start=\"1006\" data-end=\"1046\">Viegl\u0101m kust\u012bb\u0101m berz\u0113t net\u012bro vietu<\/li>\n<li data-section-id=\"us3jhc\" data-start=\"1047\" data-end=\"1083\">Noslauc\u012bt virsmu ar mikro\u0161\u0137iedru<\/li>\n<li data-section-id=\"1yqk3qr\" data-start=\"1084\" data-end=\"1114\">Ja nepiecie\u0161ams \u2014 atk\u0101rtot<\/li>\n<\/ul>\n<p data-start=\"1116\" data-end=\"1204\"><strong data-start=\"1116\" data-end=\"1128\">Svar\u012bgi:<\/strong> nelietot uz jut\u012bg\u0101m vai sp\u012bd\u012bg\u0101m lakot\u0101m virsm\u0101m (var b\u016bt abraz\u012bvs efekts).<\/p>\n<hr data-start=\"1206\" data-end=\"1209\" \/>\n<p data-start=\"1211\" data-end=\"1226\"><strong data-start=\"1211\" data-end=\"1226\">Kad lietot:<\/strong><\/p>\n<ul data-start=\"1227\" data-end=\"1357\">\n<li data-section-id=\"9sbcgj\" data-start=\"1227\" data-end=\"1264\">Melnu sv\u012btru un traipu no\u0146em\u0161anai<\/li>\n<li data-section-id=\"cncti9\" data-start=\"1265\" data-end=\"1296\">Salona plastmasas t\u012br\u012b\u0161anai<\/li>\n<li data-section-id=\"1wqin8\" data-start=\"1297\" data-end=\"1325\">Sliek\u0161\u0146u un durvju zon\u0101m<\/li>\n<li data-section-id=\"1cevwal\" data-start=\"1326\" data-end=\"1357\">Viet\u0101s, kur \u0137\u012bmija nestr\u0101d\u0101<\/li>\n<\/ul>\n<hr data-start=\"1359\" data-end=\"1362\" \/>\n<p data-start=\"1364\" data-end=\"1472\">\u0160is ir mazs, bet \u013coti efekt\u012bvs instruments \u2014 <strong data-start=\"1409\" data-end=\"1471\">bie\u017ei vien tas izdara vair\u0101k nek\u0101 d\u0101rgi t\u012br\u012b\u0161anas l\u012bdzek\u013ci<\/strong>.<\/p>","protected":false},"excerpt":{"rendered":"<h2>SONAX Net\u012brumu no\u0146\u0113m\u0113js\/ dz\u0113\u0161gumija 2gab.<\/h2>","protected":false},"featured_media":3754,"comment_status":"open","ping_status":"closed","template":"","meta":{"site-sidebar-layout":"default","site-content-layout":"","ast-site-content-layout":"default","site-content-style":"default","site-sidebar-style":"default","ast-global-header-display":"","ast-banner-title-visibility":"","ast-main-header-display":"","ast-hfb-above-header-display":"","ast-hfb-below-header-display":"","ast-hfb-mobile-header-display":"","site-post-title":"","ast-breadcrumbs-content":"","ast-featured-img":"","footer-sml-layout":"","ast-disable-related-posts":"","theme-transparent-header-meta":"default","adv-header-id-meta":"","stick-header-meta":"","header-above-stick-meta":"","header-main-stick-meta":"","header-below-stick-meta":"","astra-migrate-meta-layouts":"set","ast-page-background-enabled":"default","ast-page-background-meta":{"desktop":{"background-color":"var(--ast-global-color-5)","background-image":"","background-repeat":"repeat","background-position":"center center","background-size":"auto","background-attachment":"scroll","background-type":"","background-media":"","overlay-type":"","overlay-color":"","overlay-opacity":"","overlay-gradient":""},"tablet":{"background-color":"","background-image":"","background-repeat":"repeat","background-position":"center center","background-size":"auto","background-attachment":"scroll","background-type":"","background-media":"","overlay-type":"","overlay-color":"","overlay-opacity":"","overlay-gradient":""},"mobile":{"background-color":"","background-image":"","background-repeat":"repeat","background-position":"center center","background-size":"auto","background-attachment":"scroll","background-type":"","background-media":"","overlay-type":"","overlay-color":"","overlay-opacity":"","overlay-gradient":""}},"ast-content-background-meta":{"desktop":{"background-color":"var(--ast-global-color-4)","background-image":"","background-repeat":"repeat","background-position":"center center","background-size":"auto","background-attachment":"scroll","background-type":"","background-media":"","overlay-type":"","overlay-color":"","overlay-opacity":"","overlay-gradient":""},"tablet":{"background-color":"var(--ast-global-color-4)","background-image":"","background-repeat":"repeat","background-position":"center center","background-size":"auto","background-attachment":"scroll","background-type":"","background-media":"","overlay-type":"","overlay-color":"","overlay-opacity":"","overlay-gradient":""},"mobile":{"background-color":"var(--ast-global-color-4)","background-image":"","background-repeat":"repeat","background-position":"center center","background-size":"auto","background-attachment":"scroll","background-type":"","background-media":"","overlay-type":"","overlay-color":"","overlay-opacity":"","overlay-gradient":""}}},"product_brand":[101],"product_cat":[94,97],"product_tag":[],"class_list":{"0":"post-5357","1":"product","2":"type-product","3":"status-publish","4":"has-post-thumbnail","6":"product_brand-sonax","7":"product_cat-mazgasanas-cimdi-un-sukli","8":"product_cat-paligaprikojums-piederumi","9":"desktop-align-left","10":"tablet-align-left","11":"mobile-align-left","13":"first","14":"instock","15":"taxable","16":"shipping-taxable","17":"purchasable","18":"product-type-simple"},"yoast_head":"<!-- This site is optimized with the Yoast SEO plugin v27.4 - https:\/\/yoast.com\/product\/yoast-seo-wordpress\/ -->\n<title>SONAX Net\u012brumu no\u0146\u0113m\u0113js\/ dz\u0113\u0161gumija 2gab. - detailingclub.lv<\/title>\n<meta name=\"description\" content=\"SONAX net\u012brumu no\u0146\u0113m\u0113js dz\u0113\u0161gumija 2gab. efekt\u012bvi no\u0146em notur\u012bgus traipus un sv\u012btras bez \u0137\u012bmijas, piem\u0113rots plastmasai un salonam.\" \/>\n<meta name=\"robots\" content=\"index, follow, max-snippet:-1, max-image-preview:large, max-video-preview:-1\" \/>\n<link rel=\"canonical\" href=\"https:\/\/detailingclub.lv\/ru\/product\/sonax-netirumu-nonemejs-dzesgumija-2gab\/\" \/>\n<meta property=\"og:locale\" content=\"ru_RU\" \/>\n<meta property=\"og:type\" content=\"article\" \/>\n<meta property=\"og:title\" content=\"SONAX Net\u012brumu no\u0146\u0113m\u0113js\/ dz\u0113\u0161gumija 2gab. - detailingclub.lv\" \/>\n<meta property=\"og:description\" content=\"SONAX net\u012brumu no\u0146\u0113m\u0113js dz\u0113\u0161gumija 2gab. efekt\u012bvi no\u0146em notur\u012bgus traipus un sv\u012btras bez \u0137\u012bmijas, piem\u0113rots plastmasai un salonam.\" \/>\n<meta property=\"og:url\" content=\"https:\/\/detailingclub.lv\/ru\/product\/sonax-netirumu-nonemejs-dzesgumija-2gab\/\" \/>\n<meta property=\"og:site_name\" content=\"detailingclub.lv\" \/>\n<meta property=\"article:modified_time\" content=\"2026-04-21T19:30:46+00:00\" \/>\n<meta property=\"og:image\" content=\"https:\/\/detailingclub.lv\/wp-content\/uploads\/2026\/04\/5891.jpg\" \/>\n\t<meta property=\"og:image:width\" content=\"1200\" \/>\n\t<meta property=\"og:image:height\" content=\"697\" \/>\n\t<meta property=\"og:image:type\" content=\"image\/jpeg\" \/>\n<meta name=\"twitter:card\" content=\"summary_large_image\" \/>\n<meta name=\"twitter:label1\" content=\"\u041f\u0440\u0438\u043c\u0435\u0440\u043d\u043e\u0435 \u0432\u0440\u0435\u043c\u044f \u0434\u043b\u044f \u0447\u0442\u0435\u043d\u0438\u044f\" \/>\n\t<meta name=\"twitter:data1\" content=\"2 \u043c\u0438\u043d\u0443\u0442\u044b\" \/>\n<script type=\"application\/ld+json\" class=\"yoast-schema-graph\">{\"@context\":\"https:\\\/\\\/schema.org\",\"@graph\":[{\"@type\":\"WebPage\",\"@id\":\"https:\\\/\\\/detailingclub.lv\\\/products\\\/sonax-netirumu-nonemejs-dzesgumija-2gab\\\/\",\"url\":\"https:\\\/\\\/detailingclub.lv\\\/products\\\/sonax-netirumu-nonemejs-dzesgumija-2gab\\\/\",\"name\":\"SONAX Net\u012brumu no\u0146\u0113m\u0113js\\\/ dz\u0113\u0161gumija 2gab. - detailingclub.lv\",\"isPartOf\":{\"@id\":\"https:\\\/\\\/detailingclub.lv\\\/#website\"},\"primaryImageOfPage\":{\"@id\":\"https:\\\/\\\/detailingclub.lv\\\/products\\\/sonax-netirumu-nonemejs-dzesgumija-2gab\\\/#primaryimage\"},\"image\":{\"@id\":\"https:\\\/\\\/detailingclub.lv\\\/products\\\/sonax-netirumu-nonemejs-dzesgumija-2gab\\\/#primaryimage\"},\"thumbnailUrl\":\"https:\\\/\\\/detailingclub.lv\\\/wp-content\\\/uploads\\\/2026\\\/04\\\/5891.jpg\",\"datePublished\":\"2026-04-21T15:10:21+00:00\",\"dateModified\":\"2026-04-21T19:30:46+00:00\",\"description\":\"SONAX net\u012brumu no\u0146\u0113m\u0113js dz\u0113\u0161gumija 2gab. efekt\u012bvi no\u0146em notur\u012bgus traipus un sv\u012btras bez \u0137\u012bmijas, piem\u0113rots plastmasai un salonam.\",\"breadcrumb\":{\"@id\":\"https:\\\/\\\/detailingclub.lv\\\/products\\\/sonax-netirumu-nonemejs-dzesgumija-2gab\\\/#breadcrumb\"},\"inLanguage\":\"ru-RU\",\"potentialAction\":[{\"@type\":\"ReadAction\",\"target\":[\"https:\\\/\\\/detailingclub.lv\\\/products\\\/sonax-netirumu-nonemejs-dzesgumija-2gab\\\/\"]}]},{\"@type\":\"ImageObject\",\"inLanguage\":\"ru-RU\",\"@id\":\"https:\\\/\\\/detailingclub.lv\\\/products\\\/sonax-netirumu-nonemejs-dzesgumija-2gab\\\/#primaryimage\",\"url\":\"https:\\\/\\\/detailingclub.lv\\\/wp-content\\\/uploads\\\/2026\\\/04\\\/5891.jpg\",\"contentUrl\":\"https:\\\/\\\/detailingclub.lv\\\/wp-content\\\/uploads\\\/2026\\\/04\\\/5891.jpg\",\"width\":1200,\"height\":697},{\"@type\":\"BreadcrumbList\",\"@id\":\"https:\\\/\\\/detailingclub.lv\\\/products\\\/sonax-netirumu-nonemejs-dzesgumija-2gab\\\/#breadcrumb\",\"itemListElement\":[{\"@type\":\"ListItem\",\"position\":1,\"name\":\"Home\",\"item\":\"https:\\\/\\\/detailingclub.lv\\\/\"},{\"@type\":\"ListItem\",\"position\":2,\"name\":\"VEIKALS\",\"item\":\"https:\\\/\\\/detailingclub.lv\\\/veikals\\\/\"},{\"@type\":\"ListItem\",\"position\":3,\"name\":\"SONAX Net\u012brumu no\u0146\u0113m\u0113js\\\/ dz\u0113\u0161gumija 2gab.\"}]},{\"@type\":\"WebSite\",\"@id\":\"https:\\\/\\\/detailingclub.lv\\\/#website\",\"url\":\"https:\\\/\\\/detailingclub.lv\\\/\",\"name\":\"detailingclub.lv\",\"description\":\"\",\"publisher\":{\"@id\":\"https:\\\/\\\/detailingclub.lv\\\/#organization\"},\"potentialAction\":[{\"@type\":\"SearchAction\",\"target\":{\"@type\":\"EntryPoint\",\"urlTemplate\":\"https:\\\/\\\/detailingclub.lv\\\/?s={search_term_string}\"},\"query-input\":{\"@type\":\"PropertyValueSpecification\",\"valueRequired\":true,\"valueName\":\"search_term_string\"}}],\"inLanguage\":\"ru-RU\"},{\"@type\":\"Organization\",\"@id\":\"https:\\\/\\\/detailingclub.lv\\\/#organization\",\"name\":\"detailingclub.lv\",\"url\":\"https:\\\/\\\/detailingclub.lv\\\/\",\"logo\":{\"@type\":\"ImageObject\",\"inLanguage\":\"ru-RU\",\"@id\":\"https:\\\/\\\/detailingclub.lv\\\/#\\\/schema\\\/logo\\\/image\\\/\",\"url\":\"https:\\\/\\\/detailingclub.lv\\\/wp-content\\\/uploads\\\/2026\\\/05\\\/cropped-LOGO-\u0434\u043b\u0438\u043d\u043d\u043e\u0435-\u0431\u0435\u043b\u043e\u0435-\u0441-\u043d\u0430\u043a\u043b\u043e\u043d\u043e\u043c.png\",\"contentUrl\":\"https:\\\/\\\/detailingclub.lv\\\/wp-content\\\/uploads\\\/2026\\\/05\\\/cropped-LOGO-\u0434\u043b\u0438\u043d\u043d\u043e\u0435-\u0431\u0435\u043b\u043e\u0435-\u0441-\u043d\u0430\u043a\u043b\u043e\u043d\u043e\u043c.png\",\"width\":1140,\"height\":111,\"caption\":\"detailingclub.lv\"},\"image\":{\"@id\":\"https:\\\/\\\/detailingclub.lv\\\/#\\\/schema\\\/logo\\\/image\\\/\"}}]}<\/script>\n<!-- \/ Yoast SEO plugin. -->","yoast_head_json":{"title":"SONAX Net\u012brumu no\u0146\u0113m\u0113js\/ dz\u0113\u0161gumija 2gab. - detailingclub.lv","description":"SONAX net\u012brumu no\u0146\u0113m\u0113js dz\u0113\u0161gumija 2gab. efekt\u012bvi no\u0146em notur\u012bgus traipus un sv\u012btras bez \u0137\u012bmijas, piem\u0113rots plastmasai un salonam.","robots":{"index":"index","follow":"follow","max-snippet":"max-snippet:-1","max-image-preview":"max-image-preview:large","max-video-preview":"max-video-preview:-1"},"canonical":"https:\/\/detailingclub.lv\/ru\/product\/sonax-netirumu-nonemejs-dzesgumija-2gab\/","og_locale":"ru_RU","og_type":"article","og_title":"SONAX Net\u012brumu no\u0146\u0113m\u0113js\/ dz\u0113\u0161gumija 2gab. - detailingclub.lv","og_description":"SONAX net\u012brumu no\u0146\u0113m\u0113js dz\u0113\u0161gumija 2gab. efekt\u012bvi no\u0146em notur\u012bgus traipus un sv\u012btras bez \u0137\u012bmijas, piem\u0113rots plastmasai un salonam.","og_url":"https:\/\/detailingclub.lv\/ru\/product\/sonax-netirumu-nonemejs-dzesgumija-2gab\/","og_site_name":"detailingclub.lv","article_modified_time":"2026-04-21T19:30:46+00:00","og_image":[{"width":1200,"height":697,"url":"https:\/\/detailingclub.lv\/wp-content\/uploads\/2026\/04\/5891.jpg","type":"image\/jpeg"}],"twitter_card":"summary_large_image","twitter_misc":{"\u041f\u0440\u0438\u043c\u0435\u0440\u043d\u043e\u0435 \u0432\u0440\u0435\u043c\u044f \u0434\u043b\u044f \u0447\u0442\u0435\u043d\u0438\u044f":"2 \u043c\u0438\u043d\u0443\u0442\u044b"},"schema":{"@context":"https:\/\/schema.org","@graph":[{"@type":"WebPage","@id":"https:\/\/detailingclub.lv\/products\/sonax-netirumu-nonemejs-dzesgumija-2gab\/","url":"https:\/\/detailingclub.lv\/products\/sonax-netirumu-nonemejs-dzesgumija-2gab\/","name":"SONAX Net\u012brumu no\u0146\u0113m\u0113js\/ dz\u0113\u0161gumija 2gab. - detailingclub.lv","isPartOf":{"@id":"https:\/\/detailingclub.lv\/#website"},"primaryImageOfPage":{"@id":"https:\/\/detailingclub.lv\/products\/sonax-netirumu-nonemejs-dzesgumija-2gab\/#primaryimage"},"image":{"@id":"https:\/\/detailingclub.lv\/products\/sonax-netirumu-nonemejs-dzesgumija-2gab\/#primaryimage"},"thumbnailUrl":"https:\/\/detailingclub.lv\/wp-content\/uploads\/2026\/04\/5891.jpg","datePublished":"2026-04-21T15:10:21+00:00","dateModified":"2026-04-21T19:30:46+00:00","description":"SONAX net\u012brumu no\u0146\u0113m\u0113js dz\u0113\u0161gumija 2gab. efekt\u012bvi no\u0146em notur\u012bgus traipus un sv\u012btras bez \u0137\u012bmijas, piem\u0113rots plastmasai un salonam.","breadcrumb":{"@id":"https:\/\/detailingclub.lv\/products\/sonax-netirumu-nonemejs-dzesgumija-2gab\/#breadcrumb"},"inLanguage":"ru-RU","potentialAction":[{"@type":"ReadAction","target":["https:\/\/detailingclub.lv\/products\/sonax-netirumu-nonemejs-dzesgumija-2gab\/"]}]},{"@type":"ImageObject","inLanguage":"ru-RU","@id":"https:\/\/detailingclub.lv\/products\/sonax-netirumu-nonemejs-dzesgumija-2gab\/#primaryimage","url":"https:\/\/detailingclub.lv\/wp-content\/uploads\/2026\/04\/5891.jpg","contentUrl":"https:\/\/detailingclub.lv\/wp-content\/uploads\/2026\/04\/5891.jpg","width":1200,"height":697},{"@type":"BreadcrumbList","@id":"https:\/\/detailingclub.lv\/products\/sonax-netirumu-nonemejs-dzesgumija-2gab\/#breadcrumb","itemListElement":[{"@type":"ListItem","position":1,"name":"Home","item":"https:\/\/detailingclub.lv\/"},{"@type":"ListItem","position":2,"name":"VEIKALS","item":"https:\/\/detailingclub.lv\/veikals\/"},{"@type":"ListItem","position":3,"name":"SONAX Net\u012brumu no\u0146\u0113m\u0113js\/ dz\u0113\u0161gumija 2gab."}]},{"@type":"WebSite","@id":"https:\/\/detailingclub.lv\/#website","url":"https:\/\/detailingclub.lv\/","name":"detailingclub.lv","description":"","publisher":{"@id":"https:\/\/detailingclub.lv\/#organization"},"potentialAction":[{"@type":"SearchAction","target":{"@type":"EntryPoint","urlTemplate":"https:\/\/detailingclub.lv\/?s={search_term_string}"},"query-input":{"@type":"PropertyValueSpecification","valueRequired":true,"valueName":"search_term_string"}}],"inLanguage":"ru-RU"},{"@type":"Organization","@id":"https:\/\/detailingclub.lv\/#organization","name":"detailingclub.lv","url":"https:\/\/detailingclub.lv\/","logo":{"@type":"ImageObject","inLanguage":"ru-RU","@id":"https:\/\/detailingclub.lv\/#\/schema\/logo\/image\/","url":"https:\/\/detailingclub.lv\/wp-content\/uploads\/2026\/05\/cropped-LOGO-\u0434\u043b\u0438\u043d\u043d\u043e\u0435-\u0431\u0435\u043b\u043e\u0435-\u0441-\u043d\u0430\u043a\u043b\u043e\u043d\u043e\u043c.png","contentUrl":"https:\/\/detailingclub.lv\/wp-content\/uploads\/2026\/05\/cropped-LOGO-\u0434\u043b\u0438\u043d\u043d\u043e\u0435-\u0431\u0435\u043b\u043e\u0435-\u0441-\u043d\u0430\u043a\u043b\u043e\u043d\u043e\u043c.png","width":1140,"height":111,"caption":"detailingclub.lv"},"image":{"@id":"https:\/\/detailingclub.lv\/#\/schema\/logo\/image\/"}}]}},"jetpack_sharing_enabled":true,"_links":{"self":[{"href":"https:\/\/detailingclub.lv\/ru\/wp-json\/wp\/v2\/product\/5357","targetHints":{"allow":["GET"]}}],"collection":[{"href":"https:\/\/detailingclub.lv\/ru\/wp-json\/wp\/v2\/product"}],"about":[{"href":"https:\/\/detailingclub.lv\/ru\/wp-json\/wp\/v2\/types\/product"}],"replies":[{"embeddable":true,"href":"https:\/\/detailingclub.lv\/ru\/wp-json\/wp\/v2\/comments?post=5357"}],"wp:featuredmedia":[{"embeddable":true,"href":"https:\/\/detailingclub.lv\/ru\/wp-json\/wp\/v2\/media\/3754"}],"wp:attachment":[{"href":"https:\/\/detailingclub.lv\/ru\/wp-json\/wp\/v2\/media?parent=5357"}],"wp:term":[{"taxonomy":"product_brand","embeddable":true,"href":"https:\/\/detailingclub.lv\/ru\/wp-json\/wp\/v2\/product_brand?post=5357"},{"taxonomy":"product_cat","embeddable":true,"href":"https:\/\/detailingclub.lv\/ru\/wp-json\/wp\/v2\/product_cat?post=5357"},{"taxonomy":"product_tag","embeddable":true,"href":"https:\/\/detailingclub.lv\/ru\/wp-json\/wp\/v2\/product_tag?post=5357"}],"curies":[{"name":"wp","href":"https:\/\/api.w.org\/{rel}","templated":true}]}}