{"id":5334,"date":"2026-04-21T15:10:18","date_gmt":"2026-04-21T15:10:18","guid":{"rendered":"https:\/\/detailingclub.lv\/products\/sonax-cieta-pulesanas-ripa-ekscentriskai-darbibai-143-1gab\/"},"modified":"2026-04-21T18:28:51","modified_gmt":"2026-04-21T18:28:51","slug":"sonax-cieta-pulesanas-ripa-ekscentriskai-darbibai-143-1gab","status":"publish","type":"product","link":"https:\/\/detailingclub.lv\/ru\/product\/sonax-cieta-pulesanas-ripa-ekscentriskai-darbibai-143-1gab\/","title":{"rendered":"SONAX Cieta pul\u0113\u0161anas ripa ekscentriskai darb\u012bbai 143 1gab."},"content":{"rendered":"<p data-start=\"168\" data-end=\"382\">Ja pul\u0113\u0161anas pasta ir laba, bet rezult\u0101ts nav \u2014 probl\u0113ma bie\u017ei ir rip\u0101. \u0160\u012b SONAX ciet\u0101 pul\u0113\u0161anas ripa ir paredz\u0113ta, lai <strong data-start=\"288\" data-end=\"381\">maksim\u0101li efekt\u012bvi no\u0146emtu skr\u0101p\u0113jumus un defektus, izmantojot ekscentrisko (DA) pul\u0113t\u0101ju<\/strong>.<\/p>\n<p data-start=\"384\" data-end=\"478\">T\u0101 nodro\u0161ina augst\u0101ku korekcijas l\u012bmeni, vienlaikus saglab\u0101jot kontroli un dro\u0161\u012bbu uz virsmas.<\/p>\n<hr data-start=\"480\" data-end=\"483\" \/>\n<p data-start=\"485\" data-end=\"510\"><strong data-start=\"485\" data-end=\"510\">K\u0101p\u0113c tas ir svar\u012bgi:<\/strong><\/p>\n<ul data-start=\"511\" data-end=\"700\">\n<li data-section-id=\"1akmcna\" data-start=\"511\" data-end=\"562\">Palielina pul\u0113\u0161anas efektivit\u0101ti (lab\u0101ks \u201ccut\u201d)<\/li>\n<li data-section-id=\"6fj3n1\" data-start=\"563\" data-end=\"611\">\u013bauj no\u0146emt dzi\u013c\u0101kus skr\u0101p\u0113jumus un defektus<\/li>\n<li data-section-id=\"m19aw2\" data-start=\"612\" data-end=\"652\">Nodro\u0161ina vienm\u0113r\u012bgu darba rezult\u0101tu<\/li>\n<li data-section-id=\"12f8wsz\" data-start=\"653\" data-end=\"700\">Samazina laiku, kas nepiecie\u0161ams korekcijai<\/li>\n<\/ul>\n<hr data-start=\"702\" data-end=\"705\" \/>\n<p data-start=\"707\" data-end=\"734\"><strong data-start=\"707\" data-end=\"734\">Galven\u0101s priek\u0161roc\u012bbas:<\/strong><\/p>\n<ul data-start=\"735\" data-end=\"1031\">\n<li data-section-id=\"bqqrxm\" data-start=\"735\" data-end=\"776\">Cieta strukt\u016bra \u2014 agres\u012bvai pul\u0113\u0161anai<\/li>\n<li data-section-id=\"n3sy1e\" data-start=\"777\" data-end=\"838\">Paredz\u0113ta ekscentriskaj\u0101m (Dual Action) pul\u0113\u0161anas ma\u0161\u012bn\u0101m<\/li>\n<li data-section-id=\"sef2ru\" data-start=\"839\" data-end=\"910\">Ide\u0101li piem\u0113rota lieto\u0161anai ar \u201ccutting\u201d past\u0101m (piem\u0113ram, Cut Max)<\/li>\n<li data-section-id=\"5i2q21\" data-start=\"911\" data-end=\"973\">Augstas kvalit\u0101tes putas \u2014 vienm\u0113r\u012bgs spiediena sadal\u012bjums<\/li>\n<li data-section-id=\"jn2wck\" data-start=\"974\" data-end=\"1031\">\u00d8 143mm \u2014 univers\u0101ls izm\u0113rs liel\u0101kajai da\u013cai pul\u0113t\u0101ju<\/li>\n<\/ul>\n<hr data-start=\"1033\" data-end=\"1036\" \/>\n<h3 data-section-id=\"fh672x\" data-start=\"1038\" data-end=\"1056\"><span role=\"text\"><strong data-start=\"1042\" data-end=\"1056\">K\u0101 lietot:<\/strong><\/span><\/h3>\n<ul data-start=\"1057\" data-end=\"1265\">\n<li data-section-id=\"ttr4vg\" data-start=\"1057\" data-end=\"1099\">Uzst\u0101d\u012bt ripu uz ekscentrisk\u0101 pul\u0113t\u0101ja<\/li>\n<li data-section-id=\"r9kr7q\" data-start=\"1100\" data-end=\"1135\">Uzkl\u0101t pul\u0113\u0161anas pastu uz ripas<\/li>\n<li data-section-id=\"8wc5v3\" data-start=\"1136\" data-end=\"1188\">S\u0101kt ar zemiem apgriezieniem, p\u0113c tam palielin\u0101t<\/li>\n<li data-section-id=\"hj8ajh\" data-start=\"1189\" data-end=\"1229\">Str\u0101d\u0101t pa neliel\u0101m zon\u0101m (40\u201350 cm)<\/li>\n<li data-section-id=\"13a5edp\" data-start=\"1230\" data-end=\"1265\">Regul\u0101ri t\u012br\u012bt ripu darba laik\u0101<\/li>\n<\/ul>\n<hr data-start=\"1267\" data-end=\"1270\" \/>\n<p data-start=\"1272\" data-end=\"1287\"><strong data-start=\"1272\" data-end=\"1287\">Kad lietot:<\/strong><\/p>\n<ul data-start=\"1288\" data-end=\"1424\">\n<li data-section-id=\"lquuts\" data-start=\"1288\" data-end=\"1319\">Dzi\u013cu skr\u0101p\u0113jumu no\u0146em\u0161anai<\/li>\n<li data-section-id=\"1p6vq7n\" data-start=\"1320\" data-end=\"1346\">Pirms fini\u0161a pul\u0113\u0161anas<\/li>\n<li data-section-id=\"19izkte\" data-start=\"1347\" data-end=\"1376\">Kr\u0101sas korekcijas proces\u0101<\/li>\n<li data-section-id=\"18e2261\" data-start=\"1377\" data-end=\"1424\">Profesion\u0101lai un pusprofesion\u0101lai pul\u0113\u0161anai<\/li>\n<\/ul>\n<hr data-start=\"1426\" data-end=\"1429\" \/>\n<p data-start=\"1431\" data-end=\"1540\">\u0160is ir instruments, kas <strong data-start=\"1455\" data-end=\"1482\">tie\u0161i ietekm\u0113 rezult\u0101tu<\/strong> \u2014 bez pareizas ripas pat lab\u0101k\u0101 pasta nestr\u0101d\u0101s k\u0101 vajag.<\/p>\n<hr data-start=\"1542\" data-end=\"1545\" \/>\n<p data-start=\"1547\" data-end=\"1602\"><strong data-start=\"1547\" data-end=\"1567\">Focus keyphrase:<\/strong> SONAX ciet\u0101 pul\u0113\u0161anas ripa 143mm<\/p>\n<p data-start=\"1604\" data-end=\"1758\" data-is-last-node=\"\" data-is-only-node=\"\"><strong data-start=\"1604\" data-end=\"1625\">Meta description:<\/strong><br data-start=\"1625\" data-end=\"1628\" \/>SONAX ciet\u0101 pul\u0113\u0161anas ripa 143mm ekscentriskai pul\u0113\u0161anai nodro\u0161ina efekt\u012bvu skr\u0101p\u0113jumu no\u0146em\u0161anu un prec\u012bzu auto kr\u0101sas korekciju.<\/p>","protected":false},"excerpt":{"rendered":"<h2>SONAX Cieta pul\u0113\u0161anas ripa ekscentriskai darb\u012bbai 143 1gab.<\/h2>","protected":false},"featured_media":5770,"comment_status":"open","ping_status":"closed","template":"","meta":{"site-sidebar-layout":"default","site-content-layout":"","ast-site-content-layout":"default","site-content-style":"default","site-sidebar-style":"default","ast-global-header-display":"","ast-banner-title-visibility":"","ast-main-header-display":"","ast-hfb-above-header-display":"","ast-hfb-below-header-display":"","ast-hfb-mobile-header-display":"","site-post-title":"","ast-breadcrumbs-content":"","ast-featured-img":"","footer-sml-layout":"","ast-disable-related-posts":"","theme-transparent-header-meta":"default","adv-header-id-meta":"","stick-header-meta":"","header-above-stick-meta":"","header-main-stick-meta":"","header-below-stick-meta":"","astra-migrate-meta-layouts":"set","ast-page-background-enabled":"default","ast-page-background-meta":{"desktop":{"background-color":"var(--ast-global-color-5)","background-image":"","background-repeat":"repeat","background-position":"center center","background-size":"auto","background-attachment":"scroll","background-type":"","background-media":"","overlay-type":"","overlay-color":"","overlay-opacity":"","overlay-gradient":""},"tablet":{"background-color":"","background-image":"","background-repeat":"repeat","background-position":"center center","background-size":"auto","background-attachment":"scroll","background-type":"","background-media":"","overlay-type":"","overlay-color":"","overlay-opacity":"","overlay-gradient":""},"mobile":{"background-color":"","background-image":"","background-repeat":"repeat","background-position":"center center","background-size":"auto","background-attachment":"scroll","background-type":"","background-media":"","overlay-type":"","overlay-color":"","overlay-opacity":"","overlay-gradient":""}},"ast-content-background-meta":{"desktop":{"background-color":"var(--ast-global-color-4)","background-image":"","background-repeat":"repeat","background-position":"center center","background-size":"auto","background-attachment":"scroll","background-type":"","background-media":"","overlay-type":"","overlay-color":"","overlay-opacity":"","overlay-gradient":""},"tablet":{"background-color":"var(--ast-global-color-4)","background-image":"","background-repeat":"repeat","background-position":"center center","background-size":"auto","background-attachment":"scroll","background-type":"","background-media":"","overlay-type":"","overlay-color":"","overlay-opacity":"","overlay-gradient":""},"mobile":{"background-color":"var(--ast-global-color-4)","background-image":"","background-repeat":"repeat","background-position":"center center","background-size":"auto","background-attachment":"scroll","background-type":"","background-media":"","overlay-type":"","overlay-color":"","overlay-opacity":"","overlay-gradient":""}}},"product_brand":[101],"product_cat":[15],"product_tag":[],"class_list":{"0":"post-5334","1":"product","2":"type-product","3":"status-publish","4":"has-post-thumbnail","6":"product_brand-sonax","7":"product_cat-bez-kategorijas","8":"pa_zimols-sonax","9":"desktop-align-left","10":"tablet-align-left","11":"mobile-align-left","13":"first","14":"instock","15":"taxable","16":"shipping-taxable","17":"purchasable","18":"product-type-simple"},"yoast_head":"<!-- This site is optimized with the Yoast SEO plugin v27.4 - https:\/\/yoast.com\/product\/yoast-seo-wordpress\/ -->\n<title>SONAX Cieta pul\u0113\u0161anas ripa ekscentriskai darb\u012bbai 143 1gab. - detailingclub.lv<\/title>\n<meta name=\"description\" content=\"SONAX ciet\u0101 pul\u0113\u0161anas ripa 143mm ekscentriskai pul\u0113\u0161anai nodro\u0161ina efekt\u012bvu skr\u0101p\u0113jumu no\u0146em\u0161anu un prec\u012bzu auto kr\u0101sas korekciju.\" \/>\n<meta name=\"robots\" content=\"index, follow, max-snippet:-1, max-image-preview:large, max-video-preview:-1\" \/>\n<link rel=\"canonical\" href=\"https:\/\/detailingclub.lv\/ru\/product\/sonax-cieta-pulesanas-ripa-ekscentriskai-darbibai-143-1gab\/\" \/>\n<meta property=\"og:locale\" content=\"ru_RU\" \/>\n<meta property=\"og:type\" content=\"article\" \/>\n<meta property=\"og:title\" content=\"SONAX Cieta pul\u0113\u0161anas ripa ekscentriskai darb\u012bbai 143 1gab. - detailingclub.lv\" \/>\n<meta property=\"og:description\" content=\"SONAX ciet\u0101 pul\u0113\u0161anas ripa 143mm ekscentriskai pul\u0113\u0161anai nodro\u0161ina efekt\u012bvu skr\u0101p\u0113jumu no\u0146em\u0161anu un prec\u012bzu auto kr\u0101sas korekciju.\" \/>\n<meta property=\"og:url\" content=\"https:\/\/detailingclub.lv\/ru\/product\/sonax-cieta-pulesanas-ripa-ekscentriskai-darbibai-143-1gab\/\" \/>\n<meta property=\"og:site_name\" content=\"detailingclub.lv\" \/>\n<meta property=\"article:modified_time\" content=\"2026-04-21T18:28:51+00:00\" \/>\n<meta property=\"og:image\" content=\"https:\/\/detailingclub.lv\/wp-content\/uploads\/2026\/04\/sonax-cieta-pulesanas-ripa-ekscentriskai-darbibai-143-1gab.jpg\" \/>\n\t<meta property=\"og:image:width\" content=\"1200\" \/>\n\t<meta property=\"og:image:height\" content=\"1107\" \/>\n\t<meta property=\"og:image:type\" content=\"image\/jpeg\" \/>\n<meta name=\"twitter:card\" content=\"summary_large_image\" \/>\n<meta name=\"twitter:label1\" content=\"\u041f\u0440\u0438\u043c\u0435\u0440\u043d\u043e\u0435 \u0432\u0440\u0435\u043c\u044f \u0434\u043b\u044f \u0447\u0442\u0435\u043d\u0438\u044f\" \/>\n\t<meta name=\"twitter:data1\" content=\"2 \u043c\u0438\u043d\u0443\u0442\u044b\" \/>\n<script type=\"application\/ld+json\" class=\"yoast-schema-graph\">{\"@context\":\"https:\\\/\\\/schema.org\",\"@graph\":[{\"@type\":\"WebPage\",\"@id\":\"https:\\\/\\\/detailingclub.lv\\\/products\\\/sonax-cieta-pulesanas-ripa-ekscentriskai-darbibai-143-1gab\\\/\",\"url\":\"https:\\\/\\\/detailingclub.lv\\\/products\\\/sonax-cieta-pulesanas-ripa-ekscentriskai-darbibai-143-1gab\\\/\",\"name\":\"SONAX Cieta pul\u0113\u0161anas ripa ekscentriskai darb\u012bbai 143 1gab. - detailingclub.lv\",\"isPartOf\":{\"@id\":\"https:\\\/\\\/detailingclub.lv\\\/#website\"},\"primaryImageOfPage\":{\"@id\":\"https:\\\/\\\/detailingclub.lv\\\/products\\\/sonax-cieta-pulesanas-ripa-ekscentriskai-darbibai-143-1gab\\\/#primaryimage\"},\"image\":{\"@id\":\"https:\\\/\\\/detailingclub.lv\\\/products\\\/sonax-cieta-pulesanas-ripa-ekscentriskai-darbibai-143-1gab\\\/#primaryimage\"},\"thumbnailUrl\":\"https:\\\/\\\/detailingclub.lv\\\/wp-content\\\/uploads\\\/2026\\\/04\\\/sonax-cieta-pulesanas-ripa-ekscentriskai-darbibai-143-1gab.jpg\",\"datePublished\":\"2026-04-21T15:10:18+00:00\",\"dateModified\":\"2026-04-21T18:28:51+00:00\",\"description\":\"SONAX ciet\u0101 pul\u0113\u0161anas ripa 143mm ekscentriskai pul\u0113\u0161anai nodro\u0161ina efekt\u012bvu skr\u0101p\u0113jumu no\u0146em\u0161anu un prec\u012bzu auto kr\u0101sas korekciju.\",\"breadcrumb\":{\"@id\":\"https:\\\/\\\/detailingclub.lv\\\/products\\\/sonax-cieta-pulesanas-ripa-ekscentriskai-darbibai-143-1gab\\\/#breadcrumb\"},\"inLanguage\":\"ru-RU\",\"potentialAction\":[{\"@type\":\"ReadAction\",\"target\":[\"https:\\\/\\\/detailingclub.lv\\\/products\\\/sonax-cieta-pulesanas-ripa-ekscentriskai-darbibai-143-1gab\\\/\"]}]},{\"@type\":\"ImageObject\",\"inLanguage\":\"ru-RU\",\"@id\":\"https:\\\/\\\/detailingclub.lv\\\/products\\\/sonax-cieta-pulesanas-ripa-ekscentriskai-darbibai-143-1gab\\\/#primaryimage\",\"url\":\"https:\\\/\\\/detailingclub.lv\\\/wp-content\\\/uploads\\\/2026\\\/04\\\/sonax-cieta-pulesanas-ripa-ekscentriskai-darbibai-143-1gab.jpg\",\"contentUrl\":\"https:\\\/\\\/detailingclub.lv\\\/wp-content\\\/uploads\\\/2026\\\/04\\\/sonax-cieta-pulesanas-ripa-ekscentriskai-darbibai-143-1gab.jpg\",\"width\":1200,\"height\":1107},{\"@type\":\"BreadcrumbList\",\"@id\":\"https:\\\/\\\/detailingclub.lv\\\/products\\\/sonax-cieta-pulesanas-ripa-ekscentriskai-darbibai-143-1gab\\\/#breadcrumb\",\"itemListElement\":[{\"@type\":\"ListItem\",\"position\":1,\"name\":\"Home\",\"item\":\"https:\\\/\\\/detailingclub.lv\\\/\"},{\"@type\":\"ListItem\",\"position\":2,\"name\":\"VEIKALS\",\"item\":\"https:\\\/\\\/detailingclub.lv\\\/veikals\\\/\"},{\"@type\":\"ListItem\",\"position\":3,\"name\":\"SONAX Cieta pul\u0113\u0161anas ripa ekscentriskai darb\u012bbai 143 1gab.\"}]},{\"@type\":\"WebSite\",\"@id\":\"https:\\\/\\\/detailingclub.lv\\\/#website\",\"url\":\"https:\\\/\\\/detailingclub.lv\\\/\",\"name\":\"detailingclub.lv\",\"description\":\"\",\"publisher\":{\"@id\":\"https:\\\/\\\/detailingclub.lv\\\/#organization\"},\"potentialAction\":[{\"@type\":\"SearchAction\",\"target\":{\"@type\":\"EntryPoint\",\"urlTemplate\":\"https:\\\/\\\/detailingclub.lv\\\/?s={search_term_string}\"},\"query-input\":{\"@type\":\"PropertyValueSpecification\",\"valueRequired\":true,\"valueName\":\"search_term_string\"}}],\"inLanguage\":\"ru-RU\"},{\"@type\":\"Organization\",\"@id\":\"https:\\\/\\\/detailingclub.lv\\\/#organization\",\"name\":\"detailingclub.lv\",\"url\":\"https:\\\/\\\/detailingclub.lv\\\/\",\"logo\":{\"@type\":\"ImageObject\",\"inLanguage\":\"ru-RU\",\"@id\":\"https:\\\/\\\/detailingclub.lv\\\/#\\\/schema\\\/logo\\\/image\\\/\",\"url\":\"https:\\\/\\\/detailingclub.lv\\\/wp-content\\\/uploads\\\/2026\\\/05\\\/cropped-LOGO-\u0434\u043b\u0438\u043d\u043d\u043e\u0435-\u0431\u0435\u043b\u043e\u0435-\u0441-\u043d\u0430\u043a\u043b\u043e\u043d\u043e\u043c.png\",\"contentUrl\":\"https:\\\/\\\/detailingclub.lv\\\/wp-content\\\/uploads\\\/2026\\\/05\\\/cropped-LOGO-\u0434\u043b\u0438\u043d\u043d\u043e\u0435-\u0431\u0435\u043b\u043e\u0435-\u0441-\u043d\u0430\u043a\u043b\u043e\u043d\u043e\u043c.png\",\"width\":1140,\"height\":111,\"caption\":\"detailingclub.lv\"},\"image\":{\"@id\":\"https:\\\/\\\/detailingclub.lv\\\/#\\\/schema\\\/logo\\\/image\\\/\"}}]}<\/script>\n<!-- \/ Yoast SEO plugin. -->","yoast_head_json":{"title":"SONAX Cieta pul\u0113\u0161anas ripa ekscentriskai darb\u012bbai 143 1gab. - detailingclub.lv","description":"SONAX ciet\u0101 pul\u0113\u0161anas ripa 143mm ekscentriskai pul\u0113\u0161anai nodro\u0161ina efekt\u012bvu skr\u0101p\u0113jumu no\u0146em\u0161anu un prec\u012bzu auto kr\u0101sas korekciju.","robots":{"index":"index","follow":"follow","max-snippet":"max-snippet:-1","max-image-preview":"max-image-preview:large","max-video-preview":"max-video-preview:-1"},"canonical":"https:\/\/detailingclub.lv\/ru\/product\/sonax-cieta-pulesanas-ripa-ekscentriskai-darbibai-143-1gab\/","og_locale":"ru_RU","og_type":"article","og_title":"SONAX Cieta pul\u0113\u0161anas ripa ekscentriskai darb\u012bbai 143 1gab. - detailingclub.lv","og_description":"SONAX ciet\u0101 pul\u0113\u0161anas ripa 143mm ekscentriskai pul\u0113\u0161anai nodro\u0161ina efekt\u012bvu skr\u0101p\u0113jumu no\u0146em\u0161anu un prec\u012bzu auto kr\u0101sas korekciju.","og_url":"https:\/\/detailingclub.lv\/ru\/product\/sonax-cieta-pulesanas-ripa-ekscentriskai-darbibai-143-1gab\/","og_site_name":"detailingclub.lv","article_modified_time":"2026-04-21T18:28:51+00:00","og_image":[{"width":1200,"height":1107,"url":"https:\/\/detailingclub.lv\/wp-content\/uploads\/2026\/04\/sonax-cieta-pulesanas-ripa-ekscentriskai-darbibai-143-1gab.jpg","type":"image\/jpeg"}],"twitter_card":"summary_large_image","twitter_misc":{"\u041f\u0440\u0438\u043c\u0435\u0440\u043d\u043e\u0435 \u0432\u0440\u0435\u043c\u044f \u0434\u043b\u044f \u0447\u0442\u0435\u043d\u0438\u044f":"2 \u043c\u0438\u043d\u0443\u0442\u044b"},"schema":{"@context":"https:\/\/schema.org","@graph":[{"@type":"WebPage","@id":"https:\/\/detailingclub.lv\/products\/sonax-cieta-pulesanas-ripa-ekscentriskai-darbibai-143-1gab\/","url":"https:\/\/detailingclub.lv\/products\/sonax-cieta-pulesanas-ripa-ekscentriskai-darbibai-143-1gab\/","name":"SONAX Cieta pul\u0113\u0161anas ripa ekscentriskai darb\u012bbai 143 1gab. - detailingclub.lv","isPartOf":{"@id":"https:\/\/detailingclub.lv\/#website"},"primaryImageOfPage":{"@id":"https:\/\/detailingclub.lv\/products\/sonax-cieta-pulesanas-ripa-ekscentriskai-darbibai-143-1gab\/#primaryimage"},"image":{"@id":"https:\/\/detailingclub.lv\/products\/sonax-cieta-pulesanas-ripa-ekscentriskai-darbibai-143-1gab\/#primaryimage"},"thumbnailUrl":"https:\/\/detailingclub.lv\/wp-content\/uploads\/2026\/04\/sonax-cieta-pulesanas-ripa-ekscentriskai-darbibai-143-1gab.jpg","datePublished":"2026-04-21T15:10:18+00:00","dateModified":"2026-04-21T18:28:51+00:00","description":"SONAX ciet\u0101 pul\u0113\u0161anas ripa 143mm ekscentriskai pul\u0113\u0161anai nodro\u0161ina efekt\u012bvu skr\u0101p\u0113jumu no\u0146em\u0161anu un prec\u012bzu auto kr\u0101sas korekciju.","breadcrumb":{"@id":"https:\/\/detailingclub.lv\/products\/sonax-cieta-pulesanas-ripa-ekscentriskai-darbibai-143-1gab\/#breadcrumb"},"inLanguage":"ru-RU","potentialAction":[{"@type":"ReadAction","target":["https:\/\/detailingclub.lv\/products\/sonax-cieta-pulesanas-ripa-ekscentriskai-darbibai-143-1gab\/"]}]},{"@type":"ImageObject","inLanguage":"ru-RU","@id":"https:\/\/detailingclub.lv\/products\/sonax-cieta-pulesanas-ripa-ekscentriskai-darbibai-143-1gab\/#primaryimage","url":"https:\/\/detailingclub.lv\/wp-content\/uploads\/2026\/04\/sonax-cieta-pulesanas-ripa-ekscentriskai-darbibai-143-1gab.jpg","contentUrl":"https:\/\/detailingclub.lv\/wp-content\/uploads\/2026\/04\/sonax-cieta-pulesanas-ripa-ekscentriskai-darbibai-143-1gab.jpg","width":1200,"height":1107},{"@type":"BreadcrumbList","@id":"https:\/\/detailingclub.lv\/products\/sonax-cieta-pulesanas-ripa-ekscentriskai-darbibai-143-1gab\/#breadcrumb","itemListElement":[{"@type":"ListItem","position":1,"name":"Home","item":"https:\/\/detailingclub.lv\/"},{"@type":"ListItem","position":2,"name":"VEIKALS","item":"https:\/\/detailingclub.lv\/veikals\/"},{"@type":"ListItem","position":3,"name":"SONAX Cieta pul\u0113\u0161anas ripa ekscentriskai darb\u012bbai 143 1gab."}]},{"@type":"WebSite","@id":"https:\/\/detailingclub.lv\/#website","url":"https:\/\/detailingclub.lv\/","name":"detailingclub.lv","description":"","publisher":{"@id":"https:\/\/detailingclub.lv\/#organization"},"potentialAction":[{"@type":"SearchAction","target":{"@type":"EntryPoint","urlTemplate":"https:\/\/detailingclub.lv\/?s={search_term_string}"},"query-input":{"@type":"PropertyValueSpecification","valueRequired":true,"valueName":"search_term_string"}}],"inLanguage":"ru-RU"},{"@type":"Organization","@id":"https:\/\/detailingclub.lv\/#organization","name":"detailingclub.lv","url":"https:\/\/detailingclub.lv\/","logo":{"@type":"ImageObject","inLanguage":"ru-RU","@id":"https:\/\/detailingclub.lv\/#\/schema\/logo\/image\/","url":"https:\/\/detailingclub.lv\/wp-content\/uploads\/2026\/05\/cropped-LOGO-\u0434\u043b\u0438\u043d\u043d\u043e\u0435-\u0431\u0435\u043b\u043e\u0435-\u0441-\u043d\u0430\u043a\u043b\u043e\u043d\u043e\u043c.png","contentUrl":"https:\/\/detailingclub.lv\/wp-content\/uploads\/2026\/05\/cropped-LOGO-\u0434\u043b\u0438\u043d\u043d\u043e\u0435-\u0431\u0435\u043b\u043e\u0435-\u0441-\u043d\u0430\u043a\u043b\u043e\u043d\u043e\u043c.png","width":1140,"height":111,"caption":"detailingclub.lv"},"image":{"@id":"https:\/\/detailingclub.lv\/#\/schema\/logo\/image\/"}}]}},"jetpack_sharing_enabled":true,"_links":{"self":[{"href":"https:\/\/detailingclub.lv\/ru\/wp-json\/wp\/v2\/product\/5334","targetHints":{"allow":["GET"]}}],"collection":[{"href":"https:\/\/detailingclub.lv\/ru\/wp-json\/wp\/v2\/product"}],"about":[{"href":"https:\/\/detailingclub.lv\/ru\/wp-json\/wp\/v2\/types\/product"}],"replies":[{"embeddable":true,"href":"https:\/\/detailingclub.lv\/ru\/wp-json\/wp\/v2\/comments?post=5334"}],"wp:featuredmedia":[{"embeddable":true,"href":"https:\/\/detailingclub.lv\/ru\/wp-json\/wp\/v2\/media\/5770"}],"wp:attachment":[{"href":"https:\/\/detailingclub.lv\/ru\/wp-json\/wp\/v2\/media?parent=5334"}],"wp:term":[{"taxonomy":"product_brand","embeddable":true,"href":"https:\/\/detailingclub.lv\/ru\/wp-json\/wp\/v2\/product_brand?post=5334"},{"taxonomy":"product_cat","embeddable":true,"href":"https:\/\/detailingclub.lv\/ru\/wp-json\/wp\/v2\/product_cat?post=5334"},{"taxonomy":"product_tag","embeddable":true,"href":"https:\/\/detailingclub.lv\/ru\/wp-json\/wp\/v2\/product_tag?post=5334"}],"curies":[{"name":"wp","href":"https:\/\/api.w.org\/{rel}","templated":true}]}}