{"id":5329,"date":"2026-04-21T15:10:18","date_gmt":"2026-04-21T15:10:18","guid":{"rendered":"https:\/\/detailingclub.lv\/products\/liqui-moly-pretlietus-lidzeklis-125ml\/"},"modified":"2026-04-21T18:30:42","modified_gmt":"2026-04-21T18:30:42","slug":"liqui-moly-pretlietus-lidzeklis-125ml","status":"publish","type":"product","link":"https:\/\/detailingclub.lv\/ru\/product\/liqui-moly-pretlietus-lidzeklis-125ml\/","title":{"rendered":"LIQUI MOLY Pretlietus l\u012bdzeklis 125ml"},"content":{"rendered":"<h2 data-section-id=\"1nzcp8t\" data-start=\"111\" data-end=\"155\"><span role=\"text\"><strong data-start=\"114\" data-end=\"155\">LIQUI MOLY Pretlietus l\u012bdzeklis 125ml<\/strong><\/span><\/h2>\n<p data-start=\"157\" data-end=\"391\">Ja liet\u016b stikls k\u013c\u016bst \u201cakls\u201d un sloti\u0146as netiek gal\u0101 \u2014 probl\u0113ma nav sloti\u0146\u0101s, bet stikl\u0101. \u0160is Liqui Moly pretlietus l\u012bdzeklis ir paredz\u0113ts, lai <strong data-start=\"301\" data-end=\"390\">izveidotu neredzamu hidrofobu p\u0101rkl\u0101jumu, kas liek \u016bdenim vienk\u0101r\u0161i notec\u0113t no stikla<\/strong>.<\/p>\n<p data-start=\"393\" data-end=\"525\">Braucot jau no ~60 km\/h, \u016bdens pilieni s\u0101k sl\u012bd\u0113t nost pa\u0161i, iev\u0113rojami uzlabojot redzam\u012bbu.<\/p>\n<hr data-start=\"527\" data-end=\"530\" \/>\n<p data-start=\"532\" data-end=\"557\"><strong data-start=\"532\" data-end=\"557\">K\u0101p\u0113c tas ir svar\u012bgi:<\/strong><\/p>\n<ul data-start=\"558\" data-end=\"804\">\n<li data-section-id=\"227bxd\" data-start=\"558\" data-end=\"647\">Uzlabo redzam\u012bbu liet\u016b un sliktos laikapst\u0101k\u013cos<\/li>\n<li data-section-id=\"ae349w\" data-start=\"648\" data-end=\"693\">Samazina nepiecie\u0161am\u012bbu izmantot sloti\u0146as<\/li>\n<li data-section-id=\"jdbpb\" data-start=\"694\" data-end=\"771\">Atgr\u016b\u017e \u016bdeni, net\u012brumus un kukai\u0146us<\/li>\n<li data-section-id=\"fv62o4\" data-start=\"772\" data-end=\"804\">Palielina brauk\u0161anas dro\u0161\u012bbu<\/li>\n<\/ul>\n<hr data-start=\"806\" data-end=\"809\" \/>\n<p data-start=\"811\" data-end=\"838\"><strong data-start=\"811\" data-end=\"838\">Galven\u0101s priek\u0161roc\u012bbas:<\/strong><\/p>\n<ul data-start=\"839\" data-end=\"1267\">\n<li data-section-id=\"twrd6x\" data-start=\"839\" data-end=\"920\">\u201cLotus efekts\u201d \u2014 \u016bdens nepiel\u012bp stiklam<\/li>\n<li data-section-id=\"n8qe9f\" data-start=\"921\" data-end=\"1014\">Efekts s\u0101k darboties brauk\u0161anas laik\u0101 (no ~60 km\/h)<\/li>\n<li data-section-id=\"1lsq2lv\" data-start=\"1015\" data-end=\"1102\">Atvieglo net\u012brumu, ledus un kukai\u0146u no\u0146em\u0161anu<\/li>\n<li data-section-id=\"1f9g8n9\" data-start=\"1103\" data-end=\"1190\">Piem\u0113rots visiem auto stikliem un ar\u012b \u0137iver\u0113m<\/li>\n<li data-section-id=\"1mz4foa\" data-start=\"1191\" data-end=\"1267\">Efekts saglab\u0101jas vair\u0101kas ned\u0113\u013cas<\/li>\n<\/ul>\n<hr data-start=\"1269\" data-end=\"1272\" \/>\n<h3 data-section-id=\"k735iy\" data-start=\"1274\" data-end=\"1320\"><span role=\"text\"><strong data-start=\"1278\" data-end=\"1320\">K\u0101 lietot (p\u0113c ra\u017eot\u0101ja instrukcijas):<\/strong><\/span><\/h3>\n<ul data-start=\"1321\" data-end=\"1566\">\n<li data-section-id=\"nsrqwy\" data-start=\"1321\" data-end=\"1395\">R\u016bp\u012bgi not\u012br\u012bt un no\u017e\u0101v\u0113t stiklu<\/li>\n<li data-section-id=\"1q4hcw3\" data-start=\"1396\" data-end=\"1425\">Uzkl\u0101t l\u012bdzekli uz dr\u0101nas<\/li>\n<li data-section-id=\"1e62f0p\" data-start=\"1426\" data-end=\"1465\">Iemas\u0113t stikl\u0101 ar ap\u013cveida kust\u012bb\u0101m<\/li>\n<li data-section-id=\"h6m320\" data-start=\"1466\" data-end=\"1566\">P\u0113c ~10 min\u016bt\u0113m nopul\u0113t ar sausu dr\u0101nu l\u012bdz caursp\u012bd\u012bgumam<\/li>\n<\/ul>\n<p data-start=\"1568\" data-end=\"1682\"><strong data-start=\"1568\" data-end=\"1579\">Padoms:<\/strong> atk\u0101rtot apstr\u0101di apm\u0113ram reizi m\u0113nes\u012b, lai uztur\u0113tu efektu.<\/p>\n<hr data-start=\"1684\" data-end=\"1687\" \/>\n<p data-start=\"1689\" data-end=\"1704\"><strong data-start=\"1689\" data-end=\"1704\">Kad lietot:<\/strong><\/p>\n<ul data-start=\"1705\" data-end=\"1843\">\n<li data-section-id=\"1je20pu\" data-start=\"1705\" data-end=\"1732\">Pirms lietainas sezonas<\/li>\n<li data-section-id=\"13oyqkl\" data-start=\"1733\" data-end=\"1767\">Gar\u0101kiem braucieniem pa \u0161oseju<\/li>\n<li data-section-id=\"tsvpi1\" data-start=\"1768\" data-end=\"1799\">Ja stikls \u0101tri k\u013c\u016bst net\u012brs<\/li>\n<li data-section-id=\"16j6w06\" data-start=\"1800\" data-end=\"1843\">Detailing proces\u0101 k\u0101 stikla aizsardz\u012bba<\/li>\n<\/ul>\n<hr data-start=\"1845\" data-end=\"1848\" \/>\n<p data-start=\"1850\" data-end=\"1973\">\u0160is ir produkts, kas <strong data-start=\"1871\" data-end=\"1910\">re\u0101li maina brauk\u0161anas saj\u016btu liet\u016b<\/strong> \u2014 maz\u0101k sloti\u0146u, lab\u0101ka redzam\u012bba un liel\u0101ka kontrole uz ce\u013ca.<\/p>","protected":false},"excerpt":{"rendered":"<h2>LIQUI MOLY Pretlietus l\u012bdzeklis 125ml<\/h2>","protected":false},"featured_media":3708,"comment_status":"open","ping_status":"closed","template":"","meta":{"site-sidebar-layout":"default","site-content-layout":"","ast-site-content-layout":"default","site-content-style":"default","site-sidebar-style":"default","ast-global-header-display":"","ast-banner-title-visibility":"","ast-main-header-display":"","ast-hfb-above-header-display":"","ast-hfb-below-header-display":"","ast-hfb-mobile-header-display":"","site-post-title":"","ast-breadcrumbs-content":"","ast-featured-img":"","footer-sml-layout":"","ast-disable-related-posts":"","theme-transparent-header-meta":"default","adv-header-id-meta":"","stick-header-meta":"","header-above-stick-meta":"","header-main-stick-meta":"","header-below-stick-meta":"","astra-migrate-meta-layouts":"set","ast-page-background-enabled":"default","ast-page-background-meta":{"desktop":{"background-color":"var(--ast-global-color-5)","background-image":"","background-repeat":"repeat","background-position":"center center","background-size":"auto","background-attachment":"scroll","background-type":"","background-media":"","overlay-type":"","overlay-color":"","overlay-opacity":"","overlay-gradient":""},"tablet":{"background-color":"","background-image":"","background-repeat":"repeat","background-position":"center center","background-size":"auto","background-attachment":"scroll","background-type":"","background-media":"","overlay-type":"","overlay-color":"","overlay-opacity":"","overlay-gradient":""},"mobile":{"background-color":"","background-image":"","background-repeat":"repeat","background-position":"center center","background-size":"auto","background-attachment":"scroll","background-type":"","background-media":"","overlay-type":"","overlay-color":"","overlay-opacity":"","overlay-gradient":""}},"ast-content-background-meta":{"desktop":{"background-color":"var(--ast-global-color-4)","background-image":"","background-repeat":"repeat","background-position":"center center","background-size":"auto","background-attachment":"scroll","background-type":"","background-media":"","overlay-type":"","overlay-color":"","overlay-opacity":"","overlay-gradient":""},"tablet":{"background-color":"var(--ast-global-color-4)","background-image":"","background-repeat":"repeat","background-position":"center center","background-size":"auto","background-attachment":"scroll","background-type":"","background-media":"","overlay-type":"","overlay-color":"","overlay-opacity":"","overlay-gradient":""},"mobile":{"background-color":"var(--ast-global-color-4)","background-image":"","background-repeat":"repeat","background-position":"center center","background-size":"auto","background-attachment":"scroll","background-type":"","background-media":"","overlay-type":"","overlay-color":"","overlay-opacity":"","overlay-gradient":""}}},"product_brand":[99],"product_cat":[64,88],"product_tag":[],"class_list":{"0":"post-5329","1":"product","2":"type-product","3":"status-publish","4":"has-post-thumbnail","6":"product_brand-liqui-moly","7":"product_cat-antilietus-parklajumi","8":"product_cat-parklajumi-stiklam","9":"pa_tilpums-125-ml","10":"pa_zimols-liqui-moly","11":"desktop-align-left","12":"tablet-align-left","13":"mobile-align-left","15":"first","16":"instock","17":"taxable","18":"shipping-taxable","19":"purchasable","20":"product-type-simple"},"yoast_head":"<!-- This site is optimized with the Yoast SEO plugin v27.4 - https:\/\/yoast.com\/product\/yoast-seo-wordpress\/ -->\n<title>LIQUI MOLY Pretlietus l\u012bdzeklis 125ml - detailingclub.lv<\/title>\n<meta name=\"description\" content=\"Liqui Moly pretlietus l\u012bdzeklis 125ml uz stikla veido hidrofobu p\u0101rkl\u0101jumu, uzlabo redzam\u012bbu liet\u016b un liek \u016bdenim notec\u0113t jau no 60 km\/h.\" \/>\n<meta name=\"robots\" content=\"index, follow, max-snippet:-1, max-image-preview:large, max-video-preview:-1\" \/>\n<link rel=\"canonical\" href=\"https:\/\/detailingclub.lv\/ru\/product\/liqui-moly-pretlietus-lidzeklis-125ml\/\" \/>\n<meta property=\"og:locale\" content=\"ru_RU\" \/>\n<meta property=\"og:type\" content=\"article\" \/>\n<meta property=\"og:title\" content=\"LIQUI MOLY Pretlietus l\u012bdzeklis 125ml - detailingclub.lv\" \/>\n<meta property=\"og:description\" content=\"Liqui Moly pretlietus l\u012bdzeklis 125ml uz stikla veido hidrofobu p\u0101rkl\u0101jumu, uzlabo redzam\u012bbu liet\u016b un liek \u016bdenim notec\u0113t jau no 60 km\/h.\" \/>\n<meta property=\"og:url\" content=\"https:\/\/detailingclub.lv\/ru\/product\/liqui-moly-pretlietus-lidzeklis-125ml\/\" \/>\n<meta property=\"og:site_name\" content=\"detailingclub.lv\" \/>\n<meta property=\"article:modified_time\" content=\"2026-04-21T18:30:42+00:00\" \/>\n<meta property=\"og:image\" content=\"https:\/\/detailingclub.lv\/wp-content\/uploads\/2026\/04\/4529.jpg\" \/>\n\t<meta property=\"og:image:width\" content=\"419\" \/>\n\t<meta property=\"og:image:height\" content=\"1200\" \/>\n\t<meta property=\"og:image:type\" content=\"image\/jpeg\" \/>\n<meta name=\"twitter:card\" content=\"summary_large_image\" \/>\n<meta name=\"twitter:label1\" content=\"\u041f\u0440\u0438\u043c\u0435\u0440\u043d\u043e\u0435 \u0432\u0440\u0435\u043c\u044f \u0434\u043b\u044f \u0447\u0442\u0435\u043d\u0438\u044f\" \/>\n\t<meta name=\"twitter:data1\" content=\"2 \u043c\u0438\u043d\u0443\u0442\u044b\" \/>\n<script type=\"application\/ld+json\" class=\"yoast-schema-graph\">{\"@context\":\"https:\\\/\\\/schema.org\",\"@graph\":[{\"@type\":\"WebPage\",\"@id\":\"https:\\\/\\\/detailingclub.lv\\\/products\\\/liqui-moly-pretlietus-lidzeklis-125ml\\\/\",\"url\":\"https:\\\/\\\/detailingclub.lv\\\/products\\\/liqui-moly-pretlietus-lidzeklis-125ml\\\/\",\"name\":\"LIQUI MOLY Pretlietus l\u012bdzeklis 125ml - detailingclub.lv\",\"isPartOf\":{\"@id\":\"https:\\\/\\\/detailingclub.lv\\\/#website\"},\"primaryImageOfPage\":{\"@id\":\"https:\\\/\\\/detailingclub.lv\\\/products\\\/liqui-moly-pretlietus-lidzeklis-125ml\\\/#primaryimage\"},\"image\":{\"@id\":\"https:\\\/\\\/detailingclub.lv\\\/products\\\/liqui-moly-pretlietus-lidzeklis-125ml\\\/#primaryimage\"},\"thumbnailUrl\":\"https:\\\/\\\/detailingclub.lv\\\/wp-content\\\/uploads\\\/2026\\\/04\\\/4529.jpg\",\"datePublished\":\"2026-04-21T15:10:18+00:00\",\"dateModified\":\"2026-04-21T18:30:42+00:00\",\"description\":\"Liqui Moly pretlietus l\u012bdzeklis 125ml uz stikla veido hidrofobu p\u0101rkl\u0101jumu, uzlabo redzam\u012bbu liet\u016b un liek \u016bdenim notec\u0113t jau no 60 km\\\/h.\",\"breadcrumb\":{\"@id\":\"https:\\\/\\\/detailingclub.lv\\\/products\\\/liqui-moly-pretlietus-lidzeklis-125ml\\\/#breadcrumb\"},\"inLanguage\":\"ru-RU\",\"potentialAction\":[{\"@type\":\"ReadAction\",\"target\":[\"https:\\\/\\\/detailingclub.lv\\\/products\\\/liqui-moly-pretlietus-lidzeklis-125ml\\\/\"]}]},{\"@type\":\"ImageObject\",\"inLanguage\":\"ru-RU\",\"@id\":\"https:\\\/\\\/detailingclub.lv\\\/products\\\/liqui-moly-pretlietus-lidzeklis-125ml\\\/#primaryimage\",\"url\":\"https:\\\/\\\/detailingclub.lv\\\/wp-content\\\/uploads\\\/2026\\\/04\\\/4529.jpg\",\"contentUrl\":\"https:\\\/\\\/detailingclub.lv\\\/wp-content\\\/uploads\\\/2026\\\/04\\\/4529.jpg\",\"width\":419,\"height\":1200},{\"@type\":\"BreadcrumbList\",\"@id\":\"https:\\\/\\\/detailingclub.lv\\\/products\\\/liqui-moly-pretlietus-lidzeklis-125ml\\\/#breadcrumb\",\"itemListElement\":[{\"@type\":\"ListItem\",\"position\":1,\"name\":\"Home\",\"item\":\"https:\\\/\\\/detailingclub.lv\\\/\"},{\"@type\":\"ListItem\",\"position\":2,\"name\":\"VEIKALS\",\"item\":\"https:\\\/\\\/detailingclub.lv\\\/veikals\\\/\"},{\"@type\":\"ListItem\",\"position\":3,\"name\":\"LIQUI MOLY Pretlietus l\u012bdzeklis 125ml\"}]},{\"@type\":\"WebSite\",\"@id\":\"https:\\\/\\\/detailingclub.lv\\\/#website\",\"url\":\"https:\\\/\\\/detailingclub.lv\\\/\",\"name\":\"detailingclub.lv\",\"description\":\"\",\"publisher\":{\"@id\":\"https:\\\/\\\/detailingclub.lv\\\/#organization\"},\"potentialAction\":[{\"@type\":\"SearchAction\",\"target\":{\"@type\":\"EntryPoint\",\"urlTemplate\":\"https:\\\/\\\/detailingclub.lv\\\/?s={search_term_string}\"},\"query-input\":{\"@type\":\"PropertyValueSpecification\",\"valueRequired\":true,\"valueName\":\"search_term_string\"}}],\"inLanguage\":\"ru-RU\"},{\"@type\":\"Organization\",\"@id\":\"https:\\\/\\\/detailingclub.lv\\\/#organization\",\"name\":\"detailingclub.lv\",\"url\":\"https:\\\/\\\/detailingclub.lv\\\/\",\"logo\":{\"@type\":\"ImageObject\",\"inLanguage\":\"ru-RU\",\"@id\":\"https:\\\/\\\/detailingclub.lv\\\/#\\\/schema\\\/logo\\\/image\\\/\",\"url\":\"https:\\\/\\\/detailingclub.lv\\\/wp-content\\\/uploads\\\/2026\\\/05\\\/cropped-LOGO-\u0434\u043b\u0438\u043d\u043d\u043e\u0435-\u0431\u0435\u043b\u043e\u0435-\u0441-\u043d\u0430\u043a\u043b\u043e\u043d\u043e\u043c.png\",\"contentUrl\":\"https:\\\/\\\/detailingclub.lv\\\/wp-content\\\/uploads\\\/2026\\\/05\\\/cropped-LOGO-\u0434\u043b\u0438\u043d\u043d\u043e\u0435-\u0431\u0435\u043b\u043e\u0435-\u0441-\u043d\u0430\u043a\u043b\u043e\u043d\u043e\u043c.png\",\"width\":1140,\"height\":111,\"caption\":\"detailingclub.lv\"},\"image\":{\"@id\":\"https:\\\/\\\/detailingclub.lv\\\/#\\\/schema\\\/logo\\\/image\\\/\"}}]}<\/script>\n<!-- \/ Yoast SEO plugin. -->","yoast_head_json":{"title":"LIQUI MOLY Pretlietus l\u012bdzeklis 125ml - detailingclub.lv","description":"Liqui Moly pretlietus l\u012bdzeklis 125ml uz stikla veido hidrofobu p\u0101rkl\u0101jumu, uzlabo redzam\u012bbu liet\u016b un liek \u016bdenim notec\u0113t jau no 60 km\/h.","robots":{"index":"index","follow":"follow","max-snippet":"max-snippet:-1","max-image-preview":"max-image-preview:large","max-video-preview":"max-video-preview:-1"},"canonical":"https:\/\/detailingclub.lv\/ru\/product\/liqui-moly-pretlietus-lidzeklis-125ml\/","og_locale":"ru_RU","og_type":"article","og_title":"LIQUI MOLY Pretlietus l\u012bdzeklis 125ml - detailingclub.lv","og_description":"Liqui Moly pretlietus l\u012bdzeklis 125ml uz stikla veido hidrofobu p\u0101rkl\u0101jumu, uzlabo redzam\u012bbu liet\u016b un liek \u016bdenim notec\u0113t jau no 60 km\/h.","og_url":"https:\/\/detailingclub.lv\/ru\/product\/liqui-moly-pretlietus-lidzeklis-125ml\/","og_site_name":"detailingclub.lv","article_modified_time":"2026-04-21T18:30:42+00:00","og_image":[{"width":419,"height":1200,"url":"https:\/\/detailingclub.lv\/wp-content\/uploads\/2026\/04\/4529.jpg","type":"image\/jpeg"}],"twitter_card":"summary_large_image","twitter_misc":{"\u041f\u0440\u0438\u043c\u0435\u0440\u043d\u043e\u0435 \u0432\u0440\u0435\u043c\u044f \u0434\u043b\u044f \u0447\u0442\u0435\u043d\u0438\u044f":"2 \u043c\u0438\u043d\u0443\u0442\u044b"},"schema":{"@context":"https:\/\/schema.org","@graph":[{"@type":"WebPage","@id":"https:\/\/detailingclub.lv\/products\/liqui-moly-pretlietus-lidzeklis-125ml\/","url":"https:\/\/detailingclub.lv\/products\/liqui-moly-pretlietus-lidzeklis-125ml\/","name":"LIQUI MOLY Pretlietus l\u012bdzeklis 125ml - detailingclub.lv","isPartOf":{"@id":"https:\/\/detailingclub.lv\/#website"},"primaryImageOfPage":{"@id":"https:\/\/detailingclub.lv\/products\/liqui-moly-pretlietus-lidzeklis-125ml\/#primaryimage"},"image":{"@id":"https:\/\/detailingclub.lv\/products\/liqui-moly-pretlietus-lidzeklis-125ml\/#primaryimage"},"thumbnailUrl":"https:\/\/detailingclub.lv\/wp-content\/uploads\/2026\/04\/4529.jpg","datePublished":"2026-04-21T15:10:18+00:00","dateModified":"2026-04-21T18:30:42+00:00","description":"Liqui Moly pretlietus l\u012bdzeklis 125ml uz stikla veido hidrofobu p\u0101rkl\u0101jumu, uzlabo redzam\u012bbu liet\u016b un liek \u016bdenim notec\u0113t jau no 60 km\/h.","breadcrumb":{"@id":"https:\/\/detailingclub.lv\/products\/liqui-moly-pretlietus-lidzeklis-125ml\/#breadcrumb"},"inLanguage":"ru-RU","potentialAction":[{"@type":"ReadAction","target":["https:\/\/detailingclub.lv\/products\/liqui-moly-pretlietus-lidzeklis-125ml\/"]}]},{"@type":"ImageObject","inLanguage":"ru-RU","@id":"https:\/\/detailingclub.lv\/products\/liqui-moly-pretlietus-lidzeklis-125ml\/#primaryimage","url":"https:\/\/detailingclub.lv\/wp-content\/uploads\/2026\/04\/4529.jpg","contentUrl":"https:\/\/detailingclub.lv\/wp-content\/uploads\/2026\/04\/4529.jpg","width":419,"height":1200},{"@type":"BreadcrumbList","@id":"https:\/\/detailingclub.lv\/products\/liqui-moly-pretlietus-lidzeklis-125ml\/#breadcrumb","itemListElement":[{"@type":"ListItem","position":1,"name":"Home","item":"https:\/\/detailingclub.lv\/"},{"@type":"ListItem","position":2,"name":"VEIKALS","item":"https:\/\/detailingclub.lv\/veikals\/"},{"@type":"ListItem","position":3,"name":"LIQUI MOLY Pretlietus l\u012bdzeklis 125ml"}]},{"@type":"WebSite","@id":"https:\/\/detailingclub.lv\/#website","url":"https:\/\/detailingclub.lv\/","name":"detailingclub.lv","description":"","publisher":{"@id":"https:\/\/detailingclub.lv\/#organization"},"potentialAction":[{"@type":"SearchAction","target":{"@type":"EntryPoint","urlTemplate":"https:\/\/detailingclub.lv\/?s={search_term_string}"},"query-input":{"@type":"PropertyValueSpecification","valueRequired":true,"valueName":"search_term_string"}}],"inLanguage":"ru-RU"},{"@type":"Organization","@id":"https:\/\/detailingclub.lv\/#organization","name":"detailingclub.lv","url":"https:\/\/detailingclub.lv\/","logo":{"@type":"ImageObject","inLanguage":"ru-RU","@id":"https:\/\/detailingclub.lv\/#\/schema\/logo\/image\/","url":"https:\/\/detailingclub.lv\/wp-content\/uploads\/2026\/05\/cropped-LOGO-\u0434\u043b\u0438\u043d\u043d\u043e\u0435-\u0431\u0435\u043b\u043e\u0435-\u0441-\u043d\u0430\u043a\u043b\u043e\u043d\u043e\u043c.png","contentUrl":"https:\/\/detailingclub.lv\/wp-content\/uploads\/2026\/05\/cropped-LOGO-\u0434\u043b\u0438\u043d\u043d\u043e\u0435-\u0431\u0435\u043b\u043e\u0435-\u0441-\u043d\u0430\u043a\u043b\u043e\u043d\u043e\u043c.png","width":1140,"height":111,"caption":"detailingclub.lv"},"image":{"@id":"https:\/\/detailingclub.lv\/#\/schema\/logo\/image\/"}}]}},"jetpack_sharing_enabled":true,"_links":{"self":[{"href":"https:\/\/detailingclub.lv\/ru\/wp-json\/wp\/v2\/product\/5329","targetHints":{"allow":["GET"]}}],"collection":[{"href":"https:\/\/detailingclub.lv\/ru\/wp-json\/wp\/v2\/product"}],"about":[{"href":"https:\/\/detailingclub.lv\/ru\/wp-json\/wp\/v2\/types\/product"}],"replies":[{"embeddable":true,"href":"https:\/\/detailingclub.lv\/ru\/wp-json\/wp\/v2\/comments?post=5329"}],"wp:featuredmedia":[{"embeddable":true,"href":"https:\/\/detailingclub.lv\/ru\/wp-json\/wp\/v2\/media\/3708"}],"wp:attachment":[{"href":"https:\/\/detailingclub.lv\/ru\/wp-json\/wp\/v2\/media?parent=5329"}],"wp:term":[{"taxonomy":"product_brand","embeddable":true,"href":"https:\/\/detailingclub.lv\/ru\/wp-json\/wp\/v2\/product_brand?post=5329"},{"taxonomy":"product_cat","embeddable":true,"href":"https:\/\/detailingclub.lv\/ru\/wp-json\/wp\/v2\/product_cat?post=5329"},{"taxonomy":"product_tag","embeddable":true,"href":"https:\/\/detailingclub.lv\/ru\/wp-json\/wp\/v2\/product_tag?post=5329"}],"curies":[{"name":"wp","href":"https:\/\/api.w.org\/{rel}","templated":true}]}}