{"id":5327,"date":"2026-04-21T15:10:18","date_gmt":"2026-04-21T15:10:18","guid":{"rendered":"https:\/\/detailingclub.lv\/products\/sonax-profiline-stikla-pulesanas-pasta-250ml\/"},"modified":"2026-04-21T18:31:51","modified_gmt":"2026-04-21T18:31:51","slug":"sonax-profiline-stikla-pulesanas-pasta-250ml","status":"publish","type":"product","link":"https:\/\/detailingclub.lv\/ru\/product\/sonax-profiline-stikla-pulesanas-pasta-250ml\/","title":{"rendered":"SONAX PROFILINE Stikla pul\u0113\u0161anas pasta 250ml"},"content":{"rendered":"<h2 data-section-id=\"1cjdai5\" data-start=\"97\" data-end=\"148\"><span role=\"text\"><strong data-start=\"100\" data-end=\"148\">SONAX PROFILINE Stikla pul\u0113\u0161anas pasta 250ml<\/strong><\/span><\/h2>\n<p data-start=\"150\" data-end=\"409\">Ja stikl\u0101 ir mikro skr\u0101p\u0113jumi, mat\u0113jums vai \u201cmiglas efekts\u201d, ko nevar no\u0146emt ar parastu t\u012br\u012bt\u0101ju \u2014 vien\u012bgais risin\u0101jums ir pul\u0113\u0161ana. SONAX PROFILINE Glass Polish ir profesion\u0101la pasta, kas <strong data-start=\"339\" data-end=\"408\">meh\u0101niski un \u0137\u012bmiski atjauno stikla virsmu, nevis tikai to not\u012bra<\/strong>.<\/p>\n<p data-start=\"411\" data-end=\"541\">T\u0101 izmanto cerija oks\u012bdu, kas \u013cauj <strong data-start=\"446\" data-end=\"482\">re\u0101li no\u0146emt boj\u0101jumus no stikla<\/strong>, nevis tos mask\u0113t.<\/p>\n<hr data-start=\"543\" data-end=\"546\" \/>\n<p data-start=\"548\" data-end=\"573\"><strong data-start=\"548\" data-end=\"573\">K\u0101p\u0113c tas ir svar\u012bgi:<\/strong><\/p>\n<ul data-start=\"574\" data-end=\"836\">\n<li data-section-id=\"1p9j25r\" data-start=\"574\" data-end=\"663\">No\u0146em vieglus skr\u0101p\u0113jumus un mat\u0113jumu no stikla<\/li>\n<li data-section-id=\"1mvvz7k\" data-start=\"664\" data-end=\"709\">Atjauno stikla caursp\u012bd\u012bgumu un redzam\u012bbu<\/li>\n<li data-section-id=\"5utsfu\" data-start=\"710\" data-end=\"806\">No\u0146em vecus p\u0101rkl\u0101jumus (piem\u0113ram, sliktu \u201canti-rain\u201d)<\/li>\n<li data-section-id=\"1otvpg0\" data-start=\"807\" data-end=\"836\">Uzlabo brauk\u0161anas dro\u0161\u012bbu<\/li>\n<\/ul>\n<hr data-start=\"838\" data-end=\"841\" \/>\n<p data-start=\"843\" data-end=\"870\"><strong data-start=\"843\" data-end=\"870\">Galven\u0101s priek\u0161roc\u012bbas:<\/strong><\/p>\n<ul data-start=\"871\" data-end=\"1291\">\n<li data-section-id=\"14kxun2\" data-start=\"871\" data-end=\"963\">Cerija oks\u012bda tehnolo\u0123ija \u2014 re\u0101la stikla korekcija<\/li>\n<li data-section-id=\"11i4x1x\" data-start=\"964\" data-end=\"1060\">Piem\u0113rota priek\u0161\u0113jiem un s\u0101nu stikliem (\u012bstais stikls)<\/li>\n<li data-section-id=\"1gda4gc\" data-start=\"1061\" data-end=\"1148\">No\u0146em oksid\u0101ciju, traipus un \u201cetching\u201d efektu<\/li>\n<li data-section-id=\"1tgivto\" data-start=\"1149\" data-end=\"1236\">Bez silikona \u2014 dro\u0161a profesion\u0101lai lieto\u0161anai<\/li>\n<li data-section-id=\"1wanrxi\" data-start=\"1237\" data-end=\"1291\">Ide\u0101li piem\u0113rota detailing un atjauno\u0161anas darbiem<\/li>\n<\/ul>\n<hr data-start=\"1293\" data-end=\"1296\" \/>\n<h3 data-section-id=\"k735iy\" data-start=\"1298\" data-end=\"1344\"><span role=\"text\"><strong data-start=\"1302\" data-end=\"1344\">K\u0101 lietot (p\u0113c ra\u017eot\u0101ja instrukcijas):<\/strong><\/span><\/h3>\n<ul data-start=\"1345\" data-end=\"1721\">\n<li data-section-id=\"1si9f3e\" data-start=\"1345\" data-end=\"1435\">Uzkl\u0101t pastu uz <strong data-start=\"1363\" data-end=\"1395\">mitras filca pul\u0113\u0161anas ripas<\/strong><\/li>\n<li data-section-id=\"13tv9u3\" data-start=\"1436\" data-end=\"1483\">Pul\u0113t ar rot\u0101cijas pul\u0113t\u0101ju (~600\u20131000 rpm)<\/li>\n<li data-section-id=\"13fsae3\" data-start=\"1484\" data-end=\"1532\">Str\u0101d\u0101t ar vienm\u0113r\u012bg\u0101m, p\u0101rkl\u0101jo\u0161\u0101m kust\u012bb\u0101m<\/li>\n<li data-section-id=\"10b6pm\" data-start=\"1533\" data-end=\"1629\">Nep\u0101rkars\u0113t virsmu un nestr\u0101d\u0101t vien\u0101 viet\u0101 p\u0101r\u0101k ilgi<\/li>\n<li data-section-id=\"jsio1f\" data-start=\"1630\" data-end=\"1676\">Ja nepiecie\u0161ams \u2014 samitrin\u0101t ripu ar \u016bdeni<\/li>\n<li data-section-id=\"abwj7v\" data-start=\"1677\" data-end=\"1721\">P\u0113c darba not\u012br\u012bt stiklu ar mikro\u0161\u0137iedru<\/li>\n<\/ul>\n<p data-start=\"1723\" data-end=\"1838\"><strong data-start=\"1723\" data-end=\"1735\">Svar\u012bgi:<\/strong> nedarbojas uz dzi\u013ciem boj\u0101jumiem (piem\u0113ram, akmens sitieniem).<\/p>\n<hr data-start=\"1840\" data-end=\"1843\" \/>\n<p data-start=\"1845\" data-end=\"1860\"><strong data-start=\"1845\" data-end=\"1860\">Kad lietot:<\/strong><\/p>\n<ul data-start=\"1861\" data-end=\"2026\">\n<li data-section-id=\"ky9wyd\" data-start=\"1861\" data-end=\"1902\">Mikro skr\u0101p\u0113jumu no\u0146em\u0161anai no stikla<\/li>\n<li data-section-id=\"1p9oesx\" data-start=\"1903\" data-end=\"1949\">Ja stikls izskat\u0101s bl\u0101vs vai \u201capdu\u013c\u0137ojies\u201d<\/li>\n<li data-section-id=\"1n0a07q\" data-start=\"1950\" data-end=\"1988\">Pirms stikla p\u0101rkl\u0101juma uzkl\u0101\u0161anas<\/li>\n<li data-section-id=\"5ebgzg\" data-start=\"1989\" data-end=\"2026\">Profesion\u0101lai stikla atjauno\u0161anai<\/li>\n<\/ul>\n<hr data-start=\"2028\" data-end=\"2031\" \/>\n<p data-start=\"2033\" data-end=\"2150\">\u0160is nav ikdienas produkts \u2014 tas ir instruments, kas <strong data-start=\"2085\" data-end=\"2149\">re\u0101li atjauno stiklu, nevis tikai uzlabo t\u0101 izskatu uz br\u012bdi<\/strong>.<\/p>","protected":false},"excerpt":{"rendered":"<h2>SONAX PROFILINE Stikla pul\u0113\u0161anas pasta 250ml<\/h2>","protected":false},"featured_media":3704,"comment_status":"open","ping_status":"closed","template":"","meta":{"site-sidebar-layout":"default","site-content-layout":"","ast-site-content-layout":"default","site-content-style":"default","site-sidebar-style":"default","ast-global-header-display":"","ast-banner-title-visibility":"","ast-main-header-display":"","ast-hfb-above-header-display":"","ast-hfb-below-header-display":"","ast-hfb-mobile-header-display":"","site-post-title":"","ast-breadcrumbs-content":"","ast-featured-img":"","footer-sml-layout":"","ast-disable-related-posts":"","theme-transparent-header-meta":"default","adv-header-id-meta":"","stick-header-meta":"","header-above-stick-meta":"","header-main-stick-meta":"","header-below-stick-meta":"","astra-migrate-meta-layouts":"set","ast-page-background-enabled":"default","ast-page-background-meta":{"desktop":{"background-color":"var(--ast-global-color-5)","background-image":"","background-repeat":"repeat","background-position":"center center","background-size":"auto","background-attachment":"scroll","background-type":"","background-media":"","overlay-type":"","overlay-color":"","overlay-opacity":"","overlay-gradient":""},"tablet":{"background-color":"","background-image":"","background-repeat":"repeat","background-position":"center center","background-size":"auto","background-attachment":"scroll","background-type":"","background-media":"","overlay-type":"","overlay-color":"","overlay-opacity":"","overlay-gradient":""},"mobile":{"background-color":"","background-image":"","background-repeat":"repeat","background-position":"center center","background-size":"auto","background-attachment":"scroll","background-type":"","background-media":"","overlay-type":"","overlay-color":"","overlay-opacity":"","overlay-gradient":""}},"ast-content-background-meta":{"desktop":{"background-color":"var(--ast-global-color-4)","background-image":"","background-repeat":"repeat","background-position":"center center","background-size":"auto","background-attachment":"scroll","background-type":"","background-media":"","overlay-type":"","overlay-color":"","overlay-opacity":"","overlay-gradient":""},"tablet":{"background-color":"var(--ast-global-color-4)","background-image":"","background-repeat":"repeat","background-position":"center center","background-size":"auto","background-attachment":"scroll","background-type":"","background-media":"","overlay-type":"","overlay-color":"","overlay-opacity":"","overlay-gradient":""},"mobile":{"background-color":"var(--ast-global-color-4)","background-image":"","background-repeat":"repeat","background-position":"center center","background-size":"auto","background-attachment":"scroll","background-type":"","background-media":"","overlay-type":"","overlay-color":"","overlay-opacity":"","overlay-gradient":""}}},"product_brand":[101],"product_cat":[63],"product_tag":[],"class_list":{"0":"post-5327","1":"product","2":"type-product","3":"status-publish","4":"has-post-thumbnail","6":"product_brand-sonax","7":"product_cat-stiklu-tirisanas-lidzekli","8":"pa_tilpums-250-ml","9":"pa_zimols-sonax","10":"desktop-align-left","11":"tablet-align-left","12":"mobile-align-left","14":"first","15":"instock","16":"taxable","17":"shipping-taxable","18":"purchasable","19":"product-type-simple"},"yoast_head":"<!-- This site is optimized with the Yoast SEO plugin v27.4 - https:\/\/yoast.com\/product\/yoast-seo-wordpress\/ -->\n<title>SONAX PROFILINE Stikla pul\u0113\u0161anas pasta 250ml - detailingclub.lv<\/title>\n<meta name=\"description\" content=\"SONAX PROFILINE stikla pul\u0113\u0161anas pasta 250ml no\u0146em skr\u0101p\u0113jumus un mat\u0113jumu, atjauno caursp\u012bd\u012bgumu un uzlabo redzam\u012bbu auto stikliem.\" \/>\n<meta name=\"robots\" content=\"index, follow, max-snippet:-1, max-image-preview:large, max-video-preview:-1\" \/>\n<link rel=\"canonical\" href=\"https:\/\/detailingclub.lv\/ru\/product\/sonax-profiline-stikla-pulesanas-pasta-250ml\/\" \/>\n<meta property=\"og:locale\" content=\"ru_RU\" \/>\n<meta property=\"og:type\" content=\"article\" \/>\n<meta property=\"og:title\" content=\"SONAX PROFILINE Stikla pul\u0113\u0161anas pasta 250ml - detailingclub.lv\" \/>\n<meta property=\"og:description\" content=\"SONAX PROFILINE stikla pul\u0113\u0161anas pasta 250ml no\u0146em skr\u0101p\u0113jumus un mat\u0113jumu, atjauno caursp\u012bd\u012bgumu un uzlabo redzam\u012bbu auto stikliem.\" \/>\n<meta property=\"og:url\" content=\"https:\/\/detailingclub.lv\/ru\/product\/sonax-profiline-stikla-pulesanas-pasta-250ml\/\" \/>\n<meta property=\"og:site_name\" content=\"detailingclub.lv\" \/>\n<meta property=\"article:modified_time\" content=\"2026-04-21T18:31:51+00:00\" \/>\n<meta property=\"og:image\" content=\"https:\/\/detailingclub.lv\/wp-content\/uploads\/2026\/04\/5865.jpg\" \/>\n\t<meta property=\"og:image:width\" content=\"373\" \/>\n\t<meta property=\"og:image:height\" content=\"1200\" \/>\n\t<meta property=\"og:image:type\" content=\"image\/jpeg\" \/>\n<meta name=\"twitter:card\" content=\"summary_large_image\" \/>\n<meta name=\"twitter:label1\" content=\"\u041f\u0440\u0438\u043c\u0435\u0440\u043d\u043e\u0435 \u0432\u0440\u0435\u043c\u044f \u0434\u043b\u044f \u0447\u0442\u0435\u043d\u0438\u044f\" \/>\n\t<meta name=\"twitter:data1\" content=\"2 \u043c\u0438\u043d\u0443\u0442\u044b\" \/>\n<script type=\"application\/ld+json\" class=\"yoast-schema-graph\">{\"@context\":\"https:\\\/\\\/schema.org\",\"@graph\":[{\"@type\":\"WebPage\",\"@id\":\"https:\\\/\\\/detailingclub.lv\\\/products\\\/sonax-profiline-stikla-pulesanas-pasta-250ml\\\/\",\"url\":\"https:\\\/\\\/detailingclub.lv\\\/products\\\/sonax-profiline-stikla-pulesanas-pasta-250ml\\\/\",\"name\":\"SONAX PROFILINE Stikla pul\u0113\u0161anas pasta 250ml - detailingclub.lv\",\"isPartOf\":{\"@id\":\"https:\\\/\\\/detailingclub.lv\\\/#website\"},\"primaryImageOfPage\":{\"@id\":\"https:\\\/\\\/detailingclub.lv\\\/products\\\/sonax-profiline-stikla-pulesanas-pasta-250ml\\\/#primaryimage\"},\"image\":{\"@id\":\"https:\\\/\\\/detailingclub.lv\\\/products\\\/sonax-profiline-stikla-pulesanas-pasta-250ml\\\/#primaryimage\"},\"thumbnailUrl\":\"https:\\\/\\\/detailingclub.lv\\\/wp-content\\\/uploads\\\/2026\\\/04\\\/5865.jpg\",\"datePublished\":\"2026-04-21T15:10:18+00:00\",\"dateModified\":\"2026-04-21T18:31:51+00:00\",\"description\":\"SONAX PROFILINE stikla pul\u0113\u0161anas pasta 250ml no\u0146em skr\u0101p\u0113jumus un mat\u0113jumu, atjauno caursp\u012bd\u012bgumu un uzlabo redzam\u012bbu auto stikliem.\",\"breadcrumb\":{\"@id\":\"https:\\\/\\\/detailingclub.lv\\\/products\\\/sonax-profiline-stikla-pulesanas-pasta-250ml\\\/#breadcrumb\"},\"inLanguage\":\"ru-RU\",\"potentialAction\":[{\"@type\":\"ReadAction\",\"target\":[\"https:\\\/\\\/detailingclub.lv\\\/products\\\/sonax-profiline-stikla-pulesanas-pasta-250ml\\\/\"]}]},{\"@type\":\"ImageObject\",\"inLanguage\":\"ru-RU\",\"@id\":\"https:\\\/\\\/detailingclub.lv\\\/products\\\/sonax-profiline-stikla-pulesanas-pasta-250ml\\\/#primaryimage\",\"url\":\"https:\\\/\\\/detailingclub.lv\\\/wp-content\\\/uploads\\\/2026\\\/04\\\/5865.jpg\",\"contentUrl\":\"https:\\\/\\\/detailingclub.lv\\\/wp-content\\\/uploads\\\/2026\\\/04\\\/5865.jpg\",\"width\":373,\"height\":1200},{\"@type\":\"BreadcrumbList\",\"@id\":\"https:\\\/\\\/detailingclub.lv\\\/products\\\/sonax-profiline-stikla-pulesanas-pasta-250ml\\\/#breadcrumb\",\"itemListElement\":[{\"@type\":\"ListItem\",\"position\":1,\"name\":\"Home\",\"item\":\"https:\\\/\\\/detailingclub.lv\\\/\"},{\"@type\":\"ListItem\",\"position\":2,\"name\":\"VEIKALS\",\"item\":\"https:\\\/\\\/detailingclub.lv\\\/veikals\\\/\"},{\"@type\":\"ListItem\",\"position\":3,\"name\":\"SONAX PROFILINE Stikla pul\u0113\u0161anas pasta 250ml\"}]},{\"@type\":\"WebSite\",\"@id\":\"https:\\\/\\\/detailingclub.lv\\\/#website\",\"url\":\"https:\\\/\\\/detailingclub.lv\\\/\",\"name\":\"detailingclub.lv\",\"description\":\"\",\"publisher\":{\"@id\":\"https:\\\/\\\/detailingclub.lv\\\/#organization\"},\"potentialAction\":[{\"@type\":\"SearchAction\",\"target\":{\"@type\":\"EntryPoint\",\"urlTemplate\":\"https:\\\/\\\/detailingclub.lv\\\/?s={search_term_string}\"},\"query-input\":{\"@type\":\"PropertyValueSpecification\",\"valueRequired\":true,\"valueName\":\"search_term_string\"}}],\"inLanguage\":\"ru-RU\"},{\"@type\":\"Organization\",\"@id\":\"https:\\\/\\\/detailingclub.lv\\\/#organization\",\"name\":\"detailingclub.lv\",\"url\":\"https:\\\/\\\/detailingclub.lv\\\/\",\"logo\":{\"@type\":\"ImageObject\",\"inLanguage\":\"ru-RU\",\"@id\":\"https:\\\/\\\/detailingclub.lv\\\/#\\\/schema\\\/logo\\\/image\\\/\",\"url\":\"https:\\\/\\\/detailingclub.lv\\\/wp-content\\\/uploads\\\/2026\\\/05\\\/cropped-LOGO-\u0434\u043b\u0438\u043d\u043d\u043e\u0435-\u0431\u0435\u043b\u043e\u0435-\u0441-\u043d\u0430\u043a\u043b\u043e\u043d\u043e\u043c.png\",\"contentUrl\":\"https:\\\/\\\/detailingclub.lv\\\/wp-content\\\/uploads\\\/2026\\\/05\\\/cropped-LOGO-\u0434\u043b\u0438\u043d\u043d\u043e\u0435-\u0431\u0435\u043b\u043e\u0435-\u0441-\u043d\u0430\u043a\u043b\u043e\u043d\u043e\u043c.png\",\"width\":1140,\"height\":111,\"caption\":\"detailingclub.lv\"},\"image\":{\"@id\":\"https:\\\/\\\/detailingclub.lv\\\/#\\\/schema\\\/logo\\\/image\\\/\"}}]}<\/script>\n<!-- \/ Yoast SEO plugin. -->","yoast_head_json":{"title":"SONAX PROFILINE Stikla pul\u0113\u0161anas pasta 250ml - detailingclub.lv","description":"SONAX PROFILINE stikla pul\u0113\u0161anas pasta 250ml no\u0146em skr\u0101p\u0113jumus un mat\u0113jumu, atjauno caursp\u012bd\u012bgumu un uzlabo redzam\u012bbu auto stikliem.","robots":{"index":"index","follow":"follow","max-snippet":"max-snippet:-1","max-image-preview":"max-image-preview:large","max-video-preview":"max-video-preview:-1"},"canonical":"https:\/\/detailingclub.lv\/ru\/product\/sonax-profiline-stikla-pulesanas-pasta-250ml\/","og_locale":"ru_RU","og_type":"article","og_title":"SONAX PROFILINE Stikla pul\u0113\u0161anas pasta 250ml - detailingclub.lv","og_description":"SONAX PROFILINE stikla pul\u0113\u0161anas pasta 250ml no\u0146em skr\u0101p\u0113jumus un mat\u0113jumu, atjauno caursp\u012bd\u012bgumu un uzlabo redzam\u012bbu auto stikliem.","og_url":"https:\/\/detailingclub.lv\/ru\/product\/sonax-profiline-stikla-pulesanas-pasta-250ml\/","og_site_name":"detailingclub.lv","article_modified_time":"2026-04-21T18:31:51+00:00","og_image":[{"width":373,"height":1200,"url":"https:\/\/detailingclub.lv\/wp-content\/uploads\/2026\/04\/5865.jpg","type":"image\/jpeg"}],"twitter_card":"summary_large_image","twitter_misc":{"\u041f\u0440\u0438\u043c\u0435\u0440\u043d\u043e\u0435 \u0432\u0440\u0435\u043c\u044f \u0434\u043b\u044f \u0447\u0442\u0435\u043d\u0438\u044f":"2 \u043c\u0438\u043d\u0443\u0442\u044b"},"schema":{"@context":"https:\/\/schema.org","@graph":[{"@type":"WebPage","@id":"https:\/\/detailingclub.lv\/products\/sonax-profiline-stikla-pulesanas-pasta-250ml\/","url":"https:\/\/detailingclub.lv\/products\/sonax-profiline-stikla-pulesanas-pasta-250ml\/","name":"SONAX PROFILINE Stikla pul\u0113\u0161anas pasta 250ml - detailingclub.lv","isPartOf":{"@id":"https:\/\/detailingclub.lv\/#website"},"primaryImageOfPage":{"@id":"https:\/\/detailingclub.lv\/products\/sonax-profiline-stikla-pulesanas-pasta-250ml\/#primaryimage"},"image":{"@id":"https:\/\/detailingclub.lv\/products\/sonax-profiline-stikla-pulesanas-pasta-250ml\/#primaryimage"},"thumbnailUrl":"https:\/\/detailingclub.lv\/wp-content\/uploads\/2026\/04\/5865.jpg","datePublished":"2026-04-21T15:10:18+00:00","dateModified":"2026-04-21T18:31:51+00:00","description":"SONAX PROFILINE stikla pul\u0113\u0161anas pasta 250ml no\u0146em skr\u0101p\u0113jumus un mat\u0113jumu, atjauno caursp\u012bd\u012bgumu un uzlabo redzam\u012bbu auto stikliem.","breadcrumb":{"@id":"https:\/\/detailingclub.lv\/products\/sonax-profiline-stikla-pulesanas-pasta-250ml\/#breadcrumb"},"inLanguage":"ru-RU","potentialAction":[{"@type":"ReadAction","target":["https:\/\/detailingclub.lv\/products\/sonax-profiline-stikla-pulesanas-pasta-250ml\/"]}]},{"@type":"ImageObject","inLanguage":"ru-RU","@id":"https:\/\/detailingclub.lv\/products\/sonax-profiline-stikla-pulesanas-pasta-250ml\/#primaryimage","url":"https:\/\/detailingclub.lv\/wp-content\/uploads\/2026\/04\/5865.jpg","contentUrl":"https:\/\/detailingclub.lv\/wp-content\/uploads\/2026\/04\/5865.jpg","width":373,"height":1200},{"@type":"BreadcrumbList","@id":"https:\/\/detailingclub.lv\/products\/sonax-profiline-stikla-pulesanas-pasta-250ml\/#breadcrumb","itemListElement":[{"@type":"ListItem","position":1,"name":"Home","item":"https:\/\/detailingclub.lv\/"},{"@type":"ListItem","position":2,"name":"VEIKALS","item":"https:\/\/detailingclub.lv\/veikals\/"},{"@type":"ListItem","position":3,"name":"SONAX PROFILINE Stikla pul\u0113\u0161anas pasta 250ml"}]},{"@type":"WebSite","@id":"https:\/\/detailingclub.lv\/#website","url":"https:\/\/detailingclub.lv\/","name":"detailingclub.lv","description":"","publisher":{"@id":"https:\/\/detailingclub.lv\/#organization"},"potentialAction":[{"@type":"SearchAction","target":{"@type":"EntryPoint","urlTemplate":"https:\/\/detailingclub.lv\/?s={search_term_string}"},"query-input":{"@type":"PropertyValueSpecification","valueRequired":true,"valueName":"search_term_string"}}],"inLanguage":"ru-RU"},{"@type":"Organization","@id":"https:\/\/detailingclub.lv\/#organization","name":"detailingclub.lv","url":"https:\/\/detailingclub.lv\/","logo":{"@type":"ImageObject","inLanguage":"ru-RU","@id":"https:\/\/detailingclub.lv\/#\/schema\/logo\/image\/","url":"https:\/\/detailingclub.lv\/wp-content\/uploads\/2026\/05\/cropped-LOGO-\u0434\u043b\u0438\u043d\u043d\u043e\u0435-\u0431\u0435\u043b\u043e\u0435-\u0441-\u043d\u0430\u043a\u043b\u043e\u043d\u043e\u043c.png","contentUrl":"https:\/\/detailingclub.lv\/wp-content\/uploads\/2026\/05\/cropped-LOGO-\u0434\u043b\u0438\u043d\u043d\u043e\u0435-\u0431\u0435\u043b\u043e\u0435-\u0441-\u043d\u0430\u043a\u043b\u043e\u043d\u043e\u043c.png","width":1140,"height":111,"caption":"detailingclub.lv"},"image":{"@id":"https:\/\/detailingclub.lv\/#\/schema\/logo\/image\/"}}]}},"jetpack_sharing_enabled":true,"_links":{"self":[{"href":"https:\/\/detailingclub.lv\/ru\/wp-json\/wp\/v2\/product\/5327","targetHints":{"allow":["GET"]}}],"collection":[{"href":"https:\/\/detailingclub.lv\/ru\/wp-json\/wp\/v2\/product"}],"about":[{"href":"https:\/\/detailingclub.lv\/ru\/wp-json\/wp\/v2\/types\/product"}],"replies":[{"embeddable":true,"href":"https:\/\/detailingclub.lv\/ru\/wp-json\/wp\/v2\/comments?post=5327"}],"wp:featuredmedia":[{"embeddable":true,"href":"https:\/\/detailingclub.lv\/ru\/wp-json\/wp\/v2\/media\/3704"}],"wp:attachment":[{"href":"https:\/\/detailingclub.lv\/ru\/wp-json\/wp\/v2\/media?parent=5327"}],"wp:term":[{"taxonomy":"product_brand","embeddable":true,"href":"https:\/\/detailingclub.lv\/ru\/wp-json\/wp\/v2\/product_brand?post=5327"},{"taxonomy":"product_cat","embeddable":true,"href":"https:\/\/detailingclub.lv\/ru\/wp-json\/wp\/v2\/product_cat?post=5327"},{"taxonomy":"product_tag","embeddable":true,"href":"https:\/\/detailingclub.lv\/ru\/wp-json\/wp\/v2\/product_tag?post=5327"}],"curies":[{"name":"wp","href":"https:\/\/api.w.org\/{rel}","templated":true}]}}