{"id":5326,"date":"2026-04-21T15:10:18","date_gmt":"2026-04-21T15:10:18","guid":{"rendered":"https:\/\/detailingclub.lv\/products\/sonax-stikla-tirisanas-lidzeklis-500ml\/"},"modified":"2026-04-21T18:32:48","modified_gmt":"2026-04-21T18:32:48","slug":"sonax-stikla-tirisanas-lidzeklis-500ml","status":"publish","type":"product","link":"https:\/\/detailingclub.lv\/ru\/product\/sonax-stikla-tirisanas-lidzeklis-500ml\/","title":{"rendered":"SONAX Stikla t\u012br\u012b\u0161anas l\u012bdzeklis 500ml"},"content":{"rendered":"<p data-start=\"144\" data-end=\"366\">Ja stikls izskat\u0101s t\u012brs, bet saul\u0113 redzi sv\u012btras vai \u201cmiglu\u201d \u2014 tas noz\u012bm\u0113, ka tas nav \u012bsti t\u012brs. \u0160is SONAX stikla t\u012br\u012bt\u0101js ir paredz\u0113ts, lai <strong data-start=\"285\" data-end=\"365\">\u0101tri un bez sv\u012btr\u0101m no\u0146emtu visus net\u012brumus gan no \u0101rpuses, gan salona puses<\/strong>.<\/p>\n<p data-start=\"368\" data-end=\"501\">Tas efekt\u012bvi \u0161\u0137\u012bdina kukai\u0146us, taukus un nikot\u012bna pl\u0113vi, atst\u0101jot stiklu piln\u012bgi caursp\u012bd\u012bgu.<\/p>\n<hr data-start=\"503\" data-end=\"506\" \/>\n<p data-start=\"508\" data-end=\"533\"><strong data-start=\"508\" data-end=\"533\">K\u0101p\u0113c tas ir svar\u012bgi:<\/strong><\/p>\n<ul data-start=\"534\" data-end=\"820\">\n<li data-section-id=\"j11v7l\" data-start=\"534\" data-end=\"624\">No\u0146em kukai\u0146u atliekas, taukus un ce\u013ca net\u012brumus<\/li>\n<li data-section-id=\"4guq7w\" data-start=\"625\" data-end=\"701\">Not\u012bra nikot\u012bna pl\u0113vi no iek\u0161puses<\/li>\n<li data-section-id=\"18ra7hz\" data-start=\"702\" data-end=\"777\">Nodro\u0161ina t\u012bru stiklu bez sv\u012btr\u0101m<\/li>\n<li data-section-id=\"cvpr0y\" data-start=\"778\" data-end=\"820\">Uzlabo redzam\u012bbu un brauk\u0161anas dro\u0161\u012bbu<\/li>\n<\/ul>\n<hr data-start=\"822\" data-end=\"825\" \/>\n<p data-start=\"827\" data-end=\"854\"><strong data-start=\"827\" data-end=\"854\">Galven\u0101s priek\u0161roc\u012bbas:<\/strong><\/p>\n<ul data-start=\"855\" data-end=\"1171\">\n<li data-section-id=\"1swprfw\" data-start=\"855\" data-end=\"897\">\u0100tra iedarb\u012bba \u2014 net\u012brumi \u0161\u0137\u012bst uzreiz<\/li>\n<li data-section-id=\"1ijsc4c\" data-start=\"898\" data-end=\"981\">Piem\u0113rots stiklam, spogu\u013ciem un lukturiem<\/li>\n<li data-section-id=\"1hrn1f8\" data-start=\"982\" data-end=\"1060\">Dro\u0161s lieto\u0161anai gan auto, gan m\u0101j\u0101s<\/li>\n<li data-section-id=\"yas4hr\" data-start=\"1061\" data-end=\"1104\">Neatst\u0101j atlikumus vai pl\u0113vi uz virsmas<\/li>\n<li data-section-id=\"18y0xdg\" data-start=\"1105\" data-end=\"1171\">Pat\u012bkams citrona arom\u0101ts<\/li>\n<\/ul>\n<hr data-start=\"1173\" data-end=\"1176\" \/>\n<h3 data-section-id=\"fh672x\" data-start=\"1178\" data-end=\"1196\"><span role=\"text\"><strong data-start=\"1182\" data-end=\"1196\">K\u0101 lietot:<\/strong><\/span><\/h3>\n<ul data-start=\"1197\" data-end=\"1336\">\n<li data-section-id=\"1k1tlyo\" data-start=\"1197\" data-end=\"1256\">Uzsmidzin\u0101t l\u012bdzekli uz stikla vai mikro\u0161\u0137iedras dr\u0101nas<\/li>\n<li data-section-id=\"4t3zg9\" data-start=\"1257\" data-end=\"1284\">Noslauc\u012bt ar t\u012bru dr\u0101nu<\/li>\n<li data-section-id=\"1cqxgyv\" data-start=\"1285\" data-end=\"1336\">Ja nepiecie\u0161ams \u2014 nopul\u0113t ar sausu mikro\u0161\u0137iedru<\/li>\n<\/ul>\n<hr data-start=\"1338\" data-end=\"1341\" \/>\n<p data-start=\"1343\" data-end=\"1358\"><strong data-start=\"1343\" data-end=\"1358\">Kad lietot:<\/strong><\/p>\n<ul data-start=\"1359\" data-end=\"1504\">\n<li data-section-id=\"fbo7ae\" data-start=\"1359\" data-end=\"1389\">Regul\u0101rai stiklu t\u012br\u012b\u0161anai<\/li>\n<li data-section-id=\"1qud2rp\" data-start=\"1390\" data-end=\"1429\">Salona stikla att\u012br\u012b\u0161anai no pl\u0113ves<\/li>\n<li data-section-id=\"1w5uoh\" data-start=\"1430\" data-end=\"1476\">P\u0113c gariem braucieniem (kukai\u0146i, net\u012brumi)<\/li>\n<li data-section-id=\"1je20pu\" data-start=\"1477\" data-end=\"1504\">Pirms lietainas sezonas<\/li>\n<\/ul>\n<hr data-start=\"1506\" data-end=\"1509\" \/>\n<p data-start=\"1511\" data-end=\"1605\">\u0160is ir \u201cmust-have\u201d produkts \u2014 <strong data-start=\"1541\" data-end=\"1604\">bez perfekti t\u012bra stikla viss p\u0101r\u0113jais detailing zaud\u0113 j\u0113gu<\/strong>.<\/p>","protected":false},"excerpt":{"rendered":"<h2>SONAX Stikla t\u012br\u012b\u0161anas l\u012bdzeklis 500ml<\/h2>","protected":false},"featured_media":3702,"comment_status":"open","ping_status":"closed","template":"","meta":{"site-sidebar-layout":"default","site-content-layout":"","ast-site-content-layout":"default","site-content-style":"default","site-sidebar-style":"default","ast-global-header-display":"","ast-banner-title-visibility":"","ast-main-header-display":"","ast-hfb-above-header-display":"","ast-hfb-below-header-display":"","ast-hfb-mobile-header-display":"","site-post-title":"","ast-breadcrumbs-content":"","ast-featured-img":"","footer-sml-layout":"","ast-disable-related-posts":"","theme-transparent-header-meta":"default","adv-header-id-meta":"","stick-header-meta":"","header-above-stick-meta":"","header-main-stick-meta":"","header-below-stick-meta":"","astra-migrate-meta-layouts":"set","ast-page-background-enabled":"default","ast-page-background-meta":{"desktop":{"background-color":"var(--ast-global-color-5)","background-image":"","background-repeat":"repeat","background-position":"center center","background-size":"auto","background-attachment":"scroll","background-type":"","background-media":"","overlay-type":"","overlay-color":"","overlay-opacity":"","overlay-gradient":""},"tablet":{"background-color":"","background-image":"","background-repeat":"repeat","background-position":"center center","background-size":"auto","background-attachment":"scroll","background-type":"","background-media":"","overlay-type":"","overlay-color":"","overlay-opacity":"","overlay-gradient":""},"mobile":{"background-color":"","background-image":"","background-repeat":"repeat","background-position":"center center","background-size":"auto","background-attachment":"scroll","background-type":"","background-media":"","overlay-type":"","overlay-color":"","overlay-opacity":"","overlay-gradient":""}},"ast-content-background-meta":{"desktop":{"background-color":"var(--ast-global-color-4)","background-image":"","background-repeat":"repeat","background-position":"center center","background-size":"auto","background-attachment":"scroll","background-type":"","background-media":"","overlay-type":"","overlay-color":"","overlay-opacity":"","overlay-gradient":""},"tablet":{"background-color":"var(--ast-global-color-4)","background-image":"","background-repeat":"repeat","background-position":"center center","background-size":"auto","background-attachment":"scroll","background-type":"","background-media":"","overlay-type":"","overlay-color":"","overlay-opacity":"","overlay-gradient":""},"mobile":{"background-color":"var(--ast-global-color-4)","background-image":"","background-repeat":"repeat","background-position":"center center","background-size":"auto","background-attachment":"scroll","background-type":"","background-media":"","overlay-type":"","overlay-color":"","overlay-opacity":"","overlay-gradient":""}}},"product_brand":[101],"product_cat":[63],"product_tag":[],"class_list":{"0":"post-5326","1":"product","2":"type-product","3":"status-publish","4":"has-post-thumbnail","6":"product_brand-sonax","7":"product_cat-stiklu-tirisanas-lidzekli","8":"pa_tilpums-500-ml","9":"pa_zimols-sonax","10":"desktop-align-left","11":"tablet-align-left","12":"mobile-align-left","14":"first","15":"instock","16":"taxable","17":"shipping-taxable","18":"purchasable","19":"product-type-simple"},"yoast_head":"<!-- This site is optimized with the Yoast SEO plugin v27.4 - https:\/\/yoast.com\/product\/yoast-seo-wordpress\/ -->\n<title>SONAX Stikla t\u012br\u012b\u0161anas l\u012bdzeklis 500ml - detailingclub.lv<\/title>\n<meta name=\"description\" content=\"SONAX stikla t\u012br\u012b\u0161anas l\u012bdzeklis 500ml efekt\u012bvi no\u0146em kukai\u0146us, taukus un net\u012brumus bez sv\u012btr\u0101m, nodro\u0161inot perfektu redzam\u012bbu auto stikliem.\" \/>\n<meta name=\"robots\" content=\"index, follow, max-snippet:-1, max-image-preview:large, max-video-preview:-1\" \/>\n<link rel=\"canonical\" href=\"https:\/\/detailingclub.lv\/ru\/product\/sonax-stikla-tirisanas-lidzeklis-500ml\/\" \/>\n<meta property=\"og:locale\" content=\"ru_RU\" \/>\n<meta property=\"og:type\" content=\"article\" \/>\n<meta property=\"og:title\" content=\"SONAX Stikla t\u012br\u012b\u0161anas l\u012bdzeklis 500ml - detailingclub.lv\" \/>\n<meta property=\"og:description\" content=\"SONAX stikla t\u012br\u012b\u0161anas l\u012bdzeklis 500ml efekt\u012bvi no\u0146em kukai\u0146us, taukus un net\u012brumus bez sv\u012btr\u0101m, nodro\u0161inot perfektu redzam\u012bbu auto stikliem.\" \/>\n<meta property=\"og:url\" content=\"https:\/\/detailingclub.lv\/ru\/product\/sonax-stikla-tirisanas-lidzeklis-500ml\/\" \/>\n<meta property=\"og:site_name\" content=\"detailingclub.lv\" \/>\n<meta property=\"article:modified_time\" content=\"2026-04-21T18:32:48+00:00\" \/>\n<meta property=\"og:image\" content=\"https:\/\/detailingclub.lv\/wp-content\/uploads\/2026\/04\/5877.jpg\" \/>\n\t<meta property=\"og:image:width\" content=\"444\" \/>\n\t<meta property=\"og:image:height\" content=\"1200\" \/>\n\t<meta property=\"og:image:type\" content=\"image\/jpeg\" \/>\n<meta name=\"twitter:card\" content=\"summary_large_image\" \/>\n<meta name=\"twitter:label1\" content=\"\u041f\u0440\u0438\u043c\u0435\u0440\u043d\u043e\u0435 \u0432\u0440\u0435\u043c\u044f \u0434\u043b\u044f \u0447\u0442\u0435\u043d\u0438\u044f\" \/>\n\t<meta name=\"twitter:data1\" content=\"2 \u043c\u0438\u043d\u0443\u0442\u044b\" \/>\n<script type=\"application\/ld+json\" class=\"yoast-schema-graph\">{\"@context\":\"https:\\\/\\\/schema.org\",\"@graph\":[{\"@type\":\"WebPage\",\"@id\":\"https:\\\/\\\/detailingclub.lv\\\/products\\\/sonax-stikla-tirisanas-lidzeklis-500ml\\\/\",\"url\":\"https:\\\/\\\/detailingclub.lv\\\/products\\\/sonax-stikla-tirisanas-lidzeklis-500ml\\\/\",\"name\":\"SONAX Stikla t\u012br\u012b\u0161anas l\u012bdzeklis 500ml - detailingclub.lv\",\"isPartOf\":{\"@id\":\"https:\\\/\\\/detailingclub.lv\\\/#website\"},\"primaryImageOfPage\":{\"@id\":\"https:\\\/\\\/detailingclub.lv\\\/products\\\/sonax-stikla-tirisanas-lidzeklis-500ml\\\/#primaryimage\"},\"image\":{\"@id\":\"https:\\\/\\\/detailingclub.lv\\\/products\\\/sonax-stikla-tirisanas-lidzeklis-500ml\\\/#primaryimage\"},\"thumbnailUrl\":\"https:\\\/\\\/detailingclub.lv\\\/wp-content\\\/uploads\\\/2026\\\/04\\\/5877.jpg\",\"datePublished\":\"2026-04-21T15:10:18+00:00\",\"dateModified\":\"2026-04-21T18:32:48+00:00\",\"description\":\"SONAX stikla t\u012br\u012b\u0161anas l\u012bdzeklis 500ml efekt\u012bvi no\u0146em kukai\u0146us, taukus un net\u012brumus bez sv\u012btr\u0101m, nodro\u0161inot perfektu redzam\u012bbu auto stikliem.\",\"breadcrumb\":{\"@id\":\"https:\\\/\\\/detailingclub.lv\\\/products\\\/sonax-stikla-tirisanas-lidzeklis-500ml\\\/#breadcrumb\"},\"inLanguage\":\"ru-RU\",\"potentialAction\":[{\"@type\":\"ReadAction\",\"target\":[\"https:\\\/\\\/detailingclub.lv\\\/products\\\/sonax-stikla-tirisanas-lidzeklis-500ml\\\/\"]}]},{\"@type\":\"ImageObject\",\"inLanguage\":\"ru-RU\",\"@id\":\"https:\\\/\\\/detailingclub.lv\\\/products\\\/sonax-stikla-tirisanas-lidzeklis-500ml\\\/#primaryimage\",\"url\":\"https:\\\/\\\/detailingclub.lv\\\/wp-content\\\/uploads\\\/2026\\\/04\\\/5877.jpg\",\"contentUrl\":\"https:\\\/\\\/detailingclub.lv\\\/wp-content\\\/uploads\\\/2026\\\/04\\\/5877.jpg\",\"width\":444,\"height\":1200},{\"@type\":\"BreadcrumbList\",\"@id\":\"https:\\\/\\\/detailingclub.lv\\\/products\\\/sonax-stikla-tirisanas-lidzeklis-500ml\\\/#breadcrumb\",\"itemListElement\":[{\"@type\":\"ListItem\",\"position\":1,\"name\":\"Home\",\"item\":\"https:\\\/\\\/detailingclub.lv\\\/\"},{\"@type\":\"ListItem\",\"position\":2,\"name\":\"VEIKALS\",\"item\":\"https:\\\/\\\/detailingclub.lv\\\/veikals\\\/\"},{\"@type\":\"ListItem\",\"position\":3,\"name\":\"SONAX Stikla t\u012br\u012b\u0161anas l\u012bdzeklis 500ml\"}]},{\"@type\":\"WebSite\",\"@id\":\"https:\\\/\\\/detailingclub.lv\\\/#website\",\"url\":\"https:\\\/\\\/detailingclub.lv\\\/\",\"name\":\"detailingclub.lv\",\"description\":\"\",\"publisher\":{\"@id\":\"https:\\\/\\\/detailingclub.lv\\\/#organization\"},\"potentialAction\":[{\"@type\":\"SearchAction\",\"target\":{\"@type\":\"EntryPoint\",\"urlTemplate\":\"https:\\\/\\\/detailingclub.lv\\\/?s={search_term_string}\"},\"query-input\":{\"@type\":\"PropertyValueSpecification\",\"valueRequired\":true,\"valueName\":\"search_term_string\"}}],\"inLanguage\":\"ru-RU\"},{\"@type\":\"Organization\",\"@id\":\"https:\\\/\\\/detailingclub.lv\\\/#organization\",\"name\":\"detailingclub.lv\",\"url\":\"https:\\\/\\\/detailingclub.lv\\\/\",\"logo\":{\"@type\":\"ImageObject\",\"inLanguage\":\"ru-RU\",\"@id\":\"https:\\\/\\\/detailingclub.lv\\\/#\\\/schema\\\/logo\\\/image\\\/\",\"url\":\"https:\\\/\\\/detailingclub.lv\\\/wp-content\\\/uploads\\\/2026\\\/05\\\/cropped-LOGO-\u0434\u043b\u0438\u043d\u043d\u043e\u0435-\u0431\u0435\u043b\u043e\u0435-\u0441-\u043d\u0430\u043a\u043b\u043e\u043d\u043e\u043c.png\",\"contentUrl\":\"https:\\\/\\\/detailingclub.lv\\\/wp-content\\\/uploads\\\/2026\\\/05\\\/cropped-LOGO-\u0434\u043b\u0438\u043d\u043d\u043e\u0435-\u0431\u0435\u043b\u043e\u0435-\u0441-\u043d\u0430\u043a\u043b\u043e\u043d\u043e\u043c.png\",\"width\":1140,\"height\":111,\"caption\":\"detailingclub.lv\"},\"image\":{\"@id\":\"https:\\\/\\\/detailingclub.lv\\\/#\\\/schema\\\/logo\\\/image\\\/\"}}]}<\/script>\n<!-- \/ Yoast SEO plugin. -->","yoast_head_json":{"title":"SONAX Stikla t\u012br\u012b\u0161anas l\u012bdzeklis 500ml - detailingclub.lv","description":"SONAX stikla t\u012br\u012b\u0161anas l\u012bdzeklis 500ml efekt\u012bvi no\u0146em kukai\u0146us, taukus un net\u012brumus bez sv\u012btr\u0101m, nodro\u0161inot perfektu redzam\u012bbu auto stikliem.","robots":{"index":"index","follow":"follow","max-snippet":"max-snippet:-1","max-image-preview":"max-image-preview:large","max-video-preview":"max-video-preview:-1"},"canonical":"https:\/\/detailingclub.lv\/ru\/product\/sonax-stikla-tirisanas-lidzeklis-500ml\/","og_locale":"ru_RU","og_type":"article","og_title":"SONAX Stikla t\u012br\u012b\u0161anas l\u012bdzeklis 500ml - detailingclub.lv","og_description":"SONAX stikla t\u012br\u012b\u0161anas l\u012bdzeklis 500ml efekt\u012bvi no\u0146em kukai\u0146us, taukus un net\u012brumus bez sv\u012btr\u0101m, nodro\u0161inot perfektu redzam\u012bbu auto stikliem.","og_url":"https:\/\/detailingclub.lv\/ru\/product\/sonax-stikla-tirisanas-lidzeklis-500ml\/","og_site_name":"detailingclub.lv","article_modified_time":"2026-04-21T18:32:48+00:00","og_image":[{"width":444,"height":1200,"url":"https:\/\/detailingclub.lv\/wp-content\/uploads\/2026\/04\/5877.jpg","type":"image\/jpeg"}],"twitter_card":"summary_large_image","twitter_misc":{"\u041f\u0440\u0438\u043c\u0435\u0440\u043d\u043e\u0435 \u0432\u0440\u0435\u043c\u044f \u0434\u043b\u044f \u0447\u0442\u0435\u043d\u0438\u044f":"2 \u043c\u0438\u043d\u0443\u0442\u044b"},"schema":{"@context":"https:\/\/schema.org","@graph":[{"@type":"WebPage","@id":"https:\/\/detailingclub.lv\/products\/sonax-stikla-tirisanas-lidzeklis-500ml\/","url":"https:\/\/detailingclub.lv\/products\/sonax-stikla-tirisanas-lidzeklis-500ml\/","name":"SONAX Stikla t\u012br\u012b\u0161anas l\u012bdzeklis 500ml - detailingclub.lv","isPartOf":{"@id":"https:\/\/detailingclub.lv\/#website"},"primaryImageOfPage":{"@id":"https:\/\/detailingclub.lv\/products\/sonax-stikla-tirisanas-lidzeklis-500ml\/#primaryimage"},"image":{"@id":"https:\/\/detailingclub.lv\/products\/sonax-stikla-tirisanas-lidzeklis-500ml\/#primaryimage"},"thumbnailUrl":"https:\/\/detailingclub.lv\/wp-content\/uploads\/2026\/04\/5877.jpg","datePublished":"2026-04-21T15:10:18+00:00","dateModified":"2026-04-21T18:32:48+00:00","description":"SONAX stikla t\u012br\u012b\u0161anas l\u012bdzeklis 500ml efekt\u012bvi no\u0146em kukai\u0146us, taukus un net\u012brumus bez sv\u012btr\u0101m, nodro\u0161inot perfektu redzam\u012bbu auto stikliem.","breadcrumb":{"@id":"https:\/\/detailingclub.lv\/products\/sonax-stikla-tirisanas-lidzeklis-500ml\/#breadcrumb"},"inLanguage":"ru-RU","potentialAction":[{"@type":"ReadAction","target":["https:\/\/detailingclub.lv\/products\/sonax-stikla-tirisanas-lidzeklis-500ml\/"]}]},{"@type":"ImageObject","inLanguage":"ru-RU","@id":"https:\/\/detailingclub.lv\/products\/sonax-stikla-tirisanas-lidzeklis-500ml\/#primaryimage","url":"https:\/\/detailingclub.lv\/wp-content\/uploads\/2026\/04\/5877.jpg","contentUrl":"https:\/\/detailingclub.lv\/wp-content\/uploads\/2026\/04\/5877.jpg","width":444,"height":1200},{"@type":"BreadcrumbList","@id":"https:\/\/detailingclub.lv\/products\/sonax-stikla-tirisanas-lidzeklis-500ml\/#breadcrumb","itemListElement":[{"@type":"ListItem","position":1,"name":"Home","item":"https:\/\/detailingclub.lv\/"},{"@type":"ListItem","position":2,"name":"VEIKALS","item":"https:\/\/detailingclub.lv\/veikals\/"},{"@type":"ListItem","position":3,"name":"SONAX Stikla t\u012br\u012b\u0161anas l\u012bdzeklis 500ml"}]},{"@type":"WebSite","@id":"https:\/\/detailingclub.lv\/#website","url":"https:\/\/detailingclub.lv\/","name":"detailingclub.lv","description":"","publisher":{"@id":"https:\/\/detailingclub.lv\/#organization"},"potentialAction":[{"@type":"SearchAction","target":{"@type":"EntryPoint","urlTemplate":"https:\/\/detailingclub.lv\/?s={search_term_string}"},"query-input":{"@type":"PropertyValueSpecification","valueRequired":true,"valueName":"search_term_string"}}],"inLanguage":"ru-RU"},{"@type":"Organization","@id":"https:\/\/detailingclub.lv\/#organization","name":"detailingclub.lv","url":"https:\/\/detailingclub.lv\/","logo":{"@type":"ImageObject","inLanguage":"ru-RU","@id":"https:\/\/detailingclub.lv\/#\/schema\/logo\/image\/","url":"https:\/\/detailingclub.lv\/wp-content\/uploads\/2026\/05\/cropped-LOGO-\u0434\u043b\u0438\u043d\u043d\u043e\u0435-\u0431\u0435\u043b\u043e\u0435-\u0441-\u043d\u0430\u043a\u043b\u043e\u043d\u043e\u043c.png","contentUrl":"https:\/\/detailingclub.lv\/wp-content\/uploads\/2026\/05\/cropped-LOGO-\u0434\u043b\u0438\u043d\u043d\u043e\u0435-\u0431\u0435\u043b\u043e\u0435-\u0441-\u043d\u0430\u043a\u043b\u043e\u043d\u043e\u043c.png","width":1140,"height":111,"caption":"detailingclub.lv"},"image":{"@id":"https:\/\/detailingclub.lv\/#\/schema\/logo\/image\/"}}]}},"jetpack_sharing_enabled":true,"_links":{"self":[{"href":"https:\/\/detailingclub.lv\/ru\/wp-json\/wp\/v2\/product\/5326","targetHints":{"allow":["GET"]}}],"collection":[{"href":"https:\/\/detailingclub.lv\/ru\/wp-json\/wp\/v2\/product"}],"about":[{"href":"https:\/\/detailingclub.lv\/ru\/wp-json\/wp\/v2\/types\/product"}],"replies":[{"embeddable":true,"href":"https:\/\/detailingclub.lv\/ru\/wp-json\/wp\/v2\/comments?post=5326"}],"wp:featuredmedia":[{"embeddable":true,"href":"https:\/\/detailingclub.lv\/ru\/wp-json\/wp\/v2\/media\/3702"}],"wp:attachment":[{"href":"https:\/\/detailingclub.lv\/ru\/wp-json\/wp\/v2\/media?parent=5326"}],"wp:term":[{"taxonomy":"product_brand","embeddable":true,"href":"https:\/\/detailingclub.lv\/ru\/wp-json\/wp\/v2\/product_brand?post=5326"},{"taxonomy":"product_cat","embeddable":true,"href":"https:\/\/detailingclub.lv\/ru\/wp-json\/wp\/v2\/product_cat?post=5326"},{"taxonomy":"product_tag","embeddable":true,"href":"https:\/\/detailingclub.lv\/ru\/wp-json\/wp\/v2\/product_tag?post=5326"}],"curies":[{"name":"wp","href":"https:\/\/api.w.org\/{rel}","templated":true}]}}