{"id":5304,"date":"2026-04-21T15:10:09","date_gmt":"2026-04-21T15:10:09","guid":{"rendered":"https:\/\/detailingclub.lv\/products\/sonax-profiline-auto-lukturu-pulesanas-pasta-250ml\/"},"modified":"2026-04-21T18:07:25","modified_gmt":"2026-04-21T18:07:25","slug":"sonax-profiline-auto-lukturu-pulesanas-pasta-250ml","status":"publish","type":"product","link":"https:\/\/detailingclub.lv\/ru\/product\/sonax-profiline-auto-lukturu-pulesanas-pasta-250ml\/","title":{"rendered":"SONAX PROFILINE Auto lukturu pul\u0113\u0161anas pasta 250ml"},"content":{"rendered":"<h2 data-section-id=\"1ipr1oe\" data-start=\"98\" data-end=\"155\"><span role=\"text\"><strong data-start=\"101\" data-end=\"155\">SONAX PROFILINE Auto lukturu pul\u0113\u0161anas pasta 250ml<\/strong><\/span><\/h2>\n<p data-start=\"157\" data-end=\"437\">Ja lukturi k\u013cuvu\u0161i dzelteni, mat\u0113ti vai ar skr\u0101p\u0113jumiem \u2014 tas nav tikai vizu\u0101ls defekts, tas tie\u0161i ietekm\u0113 redzam\u012bbu. SONAX PROFILINE Headlight Polish ir profesion\u0101la pul\u0113\u0161anas pasta, kas paredz\u0113ta, lai <strong data-start=\"360\" data-end=\"436\">atjaunotu plastmasas lukturu caursp\u012bd\u012bgumu un uzlabotu gaismas kvalit\u0101ti<\/strong>.<\/p>\n<p data-start=\"439\" data-end=\"572\">T\u0101 no\u0146em oksid\u0101ciju un skr\u0101p\u0113jumus, atgrie\u017eot lukturiem s\u0101kotn\u0113jo izskatu un funkcionalit\u0101ti.<\/p>\n<hr data-start=\"574\" data-end=\"577\" \/>\n<p data-start=\"579\" data-end=\"604\"><strong data-start=\"579\" data-end=\"604\">K\u0101p\u0113c tas ir svar\u012bgi:<\/strong><\/p>\n<ul data-start=\"605\" data-end=\"898\">\n<li data-section-id=\"x8kxkb\" data-start=\"605\" data-end=\"690\">No\u0146em dzeltenumu un oksid\u0101ciju no lukturiem<\/li>\n<li data-section-id=\"1qqdjcm\" data-start=\"691\" data-end=\"785\">Atjauno gaismas caurlaid\u012bbu (lab\u0101ka redzam\u012bba nakt\u012b)<\/li>\n<li data-section-id=\"12t1wbc\" data-start=\"786\" data-end=\"865\">No\u0146em nelielus un vid\u0113jus skr\u0101p\u0113jumus<\/li>\n<li data-section-id=\"fv62o4\" data-start=\"866\" data-end=\"898\">Palielina brauk\u0161anas dro\u0161\u012bbu<\/li>\n<\/ul>\n<hr data-start=\"900\" data-end=\"903\" \/>\n<p data-start=\"905\" data-end=\"932\"><strong data-start=\"905\" data-end=\"932\">Galven\u0101s priek\u0161roc\u012bbas:<\/strong><\/p>\n<ul data-start=\"933\" data-end=\"1328\">\n<li data-section-id=\"hjltzp\" data-start=\"933\" data-end=\"1023\">Profesion\u0101la abraz\u012bv\u0101 pasta lukturu atjauno\u0161anai<\/li>\n<li data-section-id=\"1uag74a\" data-start=\"1024\" data-end=\"1114\">Piem\u0113rota priek\u0161\u0113jiem un aizmugur\u0113jiem lukturiem<\/li>\n<li data-section-id=\"i7c1j7\" data-start=\"1115\" data-end=\"1209\">Nodro\u0161ina skaidru un vienm\u0113r\u012bgu virsmu p\u0113c pul\u0113\u0161anas<\/li>\n<li data-section-id=\"splxsc\" data-start=\"1210\" data-end=\"1289\">Ide\u0101li lieto\u0161anai ar pul\u0113\u0161anas ma\u0161\u012bnu<\/li>\n<li data-section-id=\"11vazjs\" data-start=\"1290\" data-end=\"1328\">Sagatavo virsmu aizsargp\u0101rkl\u0101jumam<\/li>\n<\/ul>\n<hr data-start=\"1330\" data-end=\"1333\" \/>\n<h3 data-section-id=\"k735iy\" data-start=\"1335\" data-end=\"1381\"><span role=\"text\"><strong data-start=\"1339\" data-end=\"1381\">K\u0101 lietot (p\u0113c ra\u017eot\u0101ja instrukcijas):<\/strong><\/span><\/h3>\n<ul data-start=\"1382\" data-end=\"1653\">\n<li data-section-id=\"142zfrt\" data-start=\"1382\" data-end=\"1450\">Ja nepiecie\u0161ams \u2014 nosl\u012bp\u0113t virsmu (stipras oksid\u0101cijas gad\u012bjum\u0101)<\/li>\n<li data-section-id=\"1jd0v78\" data-start=\"1451\" data-end=\"1497\">Uzkl\u0101t nelielu daudzumu uz pul\u0113\u0161anas ripas<\/li>\n<li data-section-id=\"pw0is9\" data-start=\"1498\" data-end=\"1553\">Pul\u0113t ar pul\u0113\u0161anas ma\u0161\u012bnu l\u012bdz virsma k\u013c\u016bst skaidra<\/li>\n<li data-section-id=\"13sfy20\" data-start=\"1554\" data-end=\"1600\">Noslauc\u012bt atlikumus ar mikro\u0161\u0137iedras dr\u0101nu<\/li>\n<li data-section-id=\"ud31l8\" data-start=\"1601\" data-end=\"1653\">P\u0113c pul\u0113\u0161anas ieteicams uzkl\u0101t aizsargp\u0101rkl\u0101jumu<\/li>\n<\/ul>\n<hr data-start=\"1655\" data-end=\"1658\" \/>\n<p data-start=\"1660\" data-end=\"1675\"><strong data-start=\"1660\" data-end=\"1675\">Kad lietot:<\/strong><\/p>\n<ul data-start=\"1676\" data-end=\"1804\">\n<li data-section-id=\"68dngh\" data-start=\"1676\" data-end=\"1713\">Dzelteniem vai mat\u0113tiem lukturiem<\/li>\n<li data-section-id=\"vn3ba0\" data-start=\"1714\" data-end=\"1748\">Ja redzam\u012bba nakt\u012b pasliktin\u0101s<\/li>\n<li data-section-id=\"145dobq\" data-start=\"1749\" data-end=\"1774\">Pirms auto p\u0101rdo\u0161anas<\/li>\n<li data-section-id=\"getk1m\" data-start=\"1775\" data-end=\"1804\">Pilnam detailing procesam<\/li>\n<\/ul>\n<hr data-start=\"1806\" data-end=\"1809\" \/>\n<p data-start=\"1811\" data-end=\"1954\">\u0160is ir produkts, kas dod <strong data-start=\"1836\" data-end=\"1890\">re\u0101lu dro\u0161\u012bbas uzlabojumu, ne tikai vizu\u0101lu efektu<\/strong> \u2014 labi lukturi noz\u012bm\u0113 lab\u0101ku redzam\u012bbu un maz\u0101ku risku uz ce\u013ca.<\/p>","protected":false},"excerpt":{"rendered":"<h2>SONAX PROFILINE Auto lukturu pul\u0113\u0161anas pasta 250ml<\/h2>","protected":false},"featured_media":3635,"comment_status":"open","ping_status":"closed","template":"","meta":{"site-sidebar-layout":"default","site-content-layout":"","ast-site-content-layout":"default","site-content-style":"default","site-sidebar-style":"default","ast-global-header-display":"","ast-banner-title-visibility":"","ast-main-header-display":"","ast-hfb-above-header-display":"","ast-hfb-below-header-display":"","ast-hfb-mobile-header-display":"","site-post-title":"","ast-breadcrumbs-content":"","ast-featured-img":"","footer-sml-layout":"","ast-disable-related-posts":"","theme-transparent-header-meta":"default","adv-header-id-meta":"","stick-header-meta":"","header-above-stick-meta":"","header-main-stick-meta":"","header-below-stick-meta":"","astra-migrate-meta-layouts":"set","ast-page-background-enabled":"default","ast-page-background-meta":{"desktop":{"background-color":"var(--ast-global-color-5)","background-image":"","background-repeat":"repeat","background-position":"center center","background-size":"auto","background-attachment":"scroll","background-type":"","background-media":"","overlay-type":"","overlay-color":"","overlay-opacity":"","overlay-gradient":""},"tablet":{"background-color":"","background-image":"","background-repeat":"repeat","background-position":"center center","background-size":"auto","background-attachment":"scroll","background-type":"","background-media":"","overlay-type":"","overlay-color":"","overlay-opacity":"","overlay-gradient":""},"mobile":{"background-color":"","background-image":"","background-repeat":"repeat","background-position":"center center","background-size":"auto","background-attachment":"scroll","background-type":"","background-media":"","overlay-type":"","overlay-color":"","overlay-opacity":"","overlay-gradient":""}},"ast-content-background-meta":{"desktop":{"background-color":"var(--ast-global-color-4)","background-image":"","background-repeat":"repeat","background-position":"center center","background-size":"auto","background-attachment":"scroll","background-type":"","background-media":"","overlay-type":"","overlay-color":"","overlay-opacity":"","overlay-gradient":""},"tablet":{"background-color":"var(--ast-global-color-4)","background-image":"","background-repeat":"repeat","background-position":"center center","background-size":"auto","background-attachment":"scroll","background-type":"","background-media":"","overlay-type":"","overlay-color":"","overlay-opacity":"","overlay-gradient":""},"mobile":{"background-color":"var(--ast-global-color-4)","background-image":"","background-repeat":"repeat","background-position":"center center","background-size":"auto","background-attachment":"scroll","background-type":"","background-media":"","overlay-type":"","overlay-color":"","overlay-opacity":"","overlay-gradient":""}}},"product_brand":[101],"product_cat":[15],"product_tag":[],"class_list":{"0":"post-5304","1":"product","2":"type-product","3":"status-publish","4":"has-post-thumbnail","6":"product_brand-sonax","7":"product_cat-bez-kategorijas","8":"pa_tilpums-250-ml","9":"pa_zimols-sonax","10":"desktop-align-left","11":"tablet-align-left","12":"mobile-align-left","14":"first","15":"instock","16":"taxable","17":"shipping-taxable","18":"purchasable","19":"product-type-simple"},"yoast_head":"<!-- This site is optimized with the Yoast SEO plugin v27.4 - https:\/\/yoast.com\/product\/yoast-seo-wordpress\/ -->\n<title>SONAX PROFILINE Auto lukturu pul\u0113\u0161anas pasta 250ml - detailingclub.lv<\/title>\n<meta name=\"description\" content=\"SONAX PROFILINE lukturu pul\u0113\u0161anas pasta 250ml no\u0146em dzeltenumu un skr\u0101p\u0113jumus, atjauno caursp\u012bd\u012bgumu un uzlabo auto lukturu redzam\u012bbu.\" \/>\n<meta name=\"robots\" content=\"index, follow, max-snippet:-1, max-image-preview:large, max-video-preview:-1\" \/>\n<link rel=\"canonical\" href=\"https:\/\/detailingclub.lv\/ru\/product\/sonax-profiline-auto-lukturu-pulesanas-pasta-250ml\/\" \/>\n<meta property=\"og:locale\" content=\"ru_RU\" \/>\n<meta property=\"og:type\" content=\"article\" \/>\n<meta property=\"og:title\" content=\"SONAX PROFILINE Auto lukturu pul\u0113\u0161anas pasta 250ml - detailingclub.lv\" \/>\n<meta property=\"og:description\" content=\"SONAX PROFILINE lukturu pul\u0113\u0161anas pasta 250ml no\u0146em dzeltenumu un skr\u0101p\u0113jumus, atjauno caursp\u012bd\u012bgumu un uzlabo auto lukturu redzam\u012bbu.\" \/>\n<meta property=\"og:url\" content=\"https:\/\/detailingclub.lv\/ru\/product\/sonax-profiline-auto-lukturu-pulesanas-pasta-250ml\/\" \/>\n<meta property=\"og:site_name\" content=\"detailingclub.lv\" \/>\n<meta property=\"article:modified_time\" content=\"2026-04-21T18:07:25+00:00\" \/>\n<meta property=\"og:image\" content=\"https:\/\/detailingclub.lv\/wp-content\/uploads\/2026\/04\/5866.jpg\" \/>\n\t<meta property=\"og:image:width\" content=\"382\" \/>\n\t<meta property=\"og:image:height\" content=\"1200\" \/>\n\t<meta property=\"og:image:type\" content=\"image\/jpeg\" \/>\n<meta name=\"twitter:card\" content=\"summary_large_image\" \/>\n<meta name=\"twitter:label1\" content=\"\u041f\u0440\u0438\u043c\u0435\u0440\u043d\u043e\u0435 \u0432\u0440\u0435\u043c\u044f \u0434\u043b\u044f \u0447\u0442\u0435\u043d\u0438\u044f\" \/>\n\t<meta name=\"twitter:data1\" content=\"2 \u043c\u0438\u043d\u0443\u0442\u044b\" \/>\n<script type=\"application\/ld+json\" class=\"yoast-schema-graph\">{\"@context\":\"https:\\\/\\\/schema.org\",\"@graph\":[{\"@type\":\"WebPage\",\"@id\":\"https:\\\/\\\/detailingclub.lv\\\/products\\\/sonax-profiline-auto-lukturu-pulesanas-pasta-250ml\\\/\",\"url\":\"https:\\\/\\\/detailingclub.lv\\\/products\\\/sonax-profiline-auto-lukturu-pulesanas-pasta-250ml\\\/\",\"name\":\"SONAX PROFILINE Auto lukturu pul\u0113\u0161anas pasta 250ml - detailingclub.lv\",\"isPartOf\":{\"@id\":\"https:\\\/\\\/detailingclub.lv\\\/#website\"},\"primaryImageOfPage\":{\"@id\":\"https:\\\/\\\/detailingclub.lv\\\/products\\\/sonax-profiline-auto-lukturu-pulesanas-pasta-250ml\\\/#primaryimage\"},\"image\":{\"@id\":\"https:\\\/\\\/detailingclub.lv\\\/products\\\/sonax-profiline-auto-lukturu-pulesanas-pasta-250ml\\\/#primaryimage\"},\"thumbnailUrl\":\"https:\\\/\\\/detailingclub.lv\\\/wp-content\\\/uploads\\\/2026\\\/04\\\/5866.jpg\",\"datePublished\":\"2026-04-21T15:10:09+00:00\",\"dateModified\":\"2026-04-21T18:07:25+00:00\",\"description\":\"SONAX PROFILINE lukturu pul\u0113\u0161anas pasta 250ml no\u0146em dzeltenumu un skr\u0101p\u0113jumus, atjauno caursp\u012bd\u012bgumu un uzlabo auto lukturu redzam\u012bbu.\",\"breadcrumb\":{\"@id\":\"https:\\\/\\\/detailingclub.lv\\\/products\\\/sonax-profiline-auto-lukturu-pulesanas-pasta-250ml\\\/#breadcrumb\"},\"inLanguage\":\"ru-RU\",\"potentialAction\":[{\"@type\":\"ReadAction\",\"target\":[\"https:\\\/\\\/detailingclub.lv\\\/products\\\/sonax-profiline-auto-lukturu-pulesanas-pasta-250ml\\\/\"]}]},{\"@type\":\"ImageObject\",\"inLanguage\":\"ru-RU\",\"@id\":\"https:\\\/\\\/detailingclub.lv\\\/products\\\/sonax-profiline-auto-lukturu-pulesanas-pasta-250ml\\\/#primaryimage\",\"url\":\"https:\\\/\\\/detailingclub.lv\\\/wp-content\\\/uploads\\\/2026\\\/04\\\/5866.jpg\",\"contentUrl\":\"https:\\\/\\\/detailingclub.lv\\\/wp-content\\\/uploads\\\/2026\\\/04\\\/5866.jpg\",\"width\":382,\"height\":1200},{\"@type\":\"BreadcrumbList\",\"@id\":\"https:\\\/\\\/detailingclub.lv\\\/products\\\/sonax-profiline-auto-lukturu-pulesanas-pasta-250ml\\\/#breadcrumb\",\"itemListElement\":[{\"@type\":\"ListItem\",\"position\":1,\"name\":\"Home\",\"item\":\"https:\\\/\\\/detailingclub.lv\\\/\"},{\"@type\":\"ListItem\",\"position\":2,\"name\":\"VEIKALS\",\"item\":\"https:\\\/\\\/detailingclub.lv\\\/veikals\\\/\"},{\"@type\":\"ListItem\",\"position\":3,\"name\":\"SONAX PROFILINE Auto lukturu pul\u0113\u0161anas pasta 250ml\"}]},{\"@type\":\"WebSite\",\"@id\":\"https:\\\/\\\/detailingclub.lv\\\/#website\",\"url\":\"https:\\\/\\\/detailingclub.lv\\\/\",\"name\":\"detailingclub.lv\",\"description\":\"\",\"publisher\":{\"@id\":\"https:\\\/\\\/detailingclub.lv\\\/#organization\"},\"potentialAction\":[{\"@type\":\"SearchAction\",\"target\":{\"@type\":\"EntryPoint\",\"urlTemplate\":\"https:\\\/\\\/detailingclub.lv\\\/?s={search_term_string}\"},\"query-input\":{\"@type\":\"PropertyValueSpecification\",\"valueRequired\":true,\"valueName\":\"search_term_string\"}}],\"inLanguage\":\"ru-RU\"},{\"@type\":\"Organization\",\"@id\":\"https:\\\/\\\/detailingclub.lv\\\/#organization\",\"name\":\"detailingclub.lv\",\"url\":\"https:\\\/\\\/detailingclub.lv\\\/\",\"logo\":{\"@type\":\"ImageObject\",\"inLanguage\":\"ru-RU\",\"@id\":\"https:\\\/\\\/detailingclub.lv\\\/#\\\/schema\\\/logo\\\/image\\\/\",\"url\":\"https:\\\/\\\/detailingclub.lv\\\/wp-content\\\/uploads\\\/2026\\\/05\\\/cropped-LOGO-\u0434\u043b\u0438\u043d\u043d\u043e\u0435-\u0431\u0435\u043b\u043e\u0435-\u0441-\u043d\u0430\u043a\u043b\u043e\u043d\u043e\u043c.png\",\"contentUrl\":\"https:\\\/\\\/detailingclub.lv\\\/wp-content\\\/uploads\\\/2026\\\/05\\\/cropped-LOGO-\u0434\u043b\u0438\u043d\u043d\u043e\u0435-\u0431\u0435\u043b\u043e\u0435-\u0441-\u043d\u0430\u043a\u043b\u043e\u043d\u043e\u043c.png\",\"width\":1140,\"height\":111,\"caption\":\"detailingclub.lv\"},\"image\":{\"@id\":\"https:\\\/\\\/detailingclub.lv\\\/#\\\/schema\\\/logo\\\/image\\\/\"}}]}<\/script>\n<!-- \/ Yoast SEO plugin. -->","yoast_head_json":{"title":"SONAX PROFILINE Auto lukturu pul\u0113\u0161anas pasta 250ml - detailingclub.lv","description":"SONAX PROFILINE lukturu pul\u0113\u0161anas pasta 250ml no\u0146em dzeltenumu un skr\u0101p\u0113jumus, atjauno caursp\u012bd\u012bgumu un uzlabo auto lukturu redzam\u012bbu.","robots":{"index":"index","follow":"follow","max-snippet":"max-snippet:-1","max-image-preview":"max-image-preview:large","max-video-preview":"max-video-preview:-1"},"canonical":"https:\/\/detailingclub.lv\/ru\/product\/sonax-profiline-auto-lukturu-pulesanas-pasta-250ml\/","og_locale":"ru_RU","og_type":"article","og_title":"SONAX PROFILINE Auto lukturu pul\u0113\u0161anas pasta 250ml - detailingclub.lv","og_description":"SONAX PROFILINE lukturu pul\u0113\u0161anas pasta 250ml no\u0146em dzeltenumu un skr\u0101p\u0113jumus, atjauno caursp\u012bd\u012bgumu un uzlabo auto lukturu redzam\u012bbu.","og_url":"https:\/\/detailingclub.lv\/ru\/product\/sonax-profiline-auto-lukturu-pulesanas-pasta-250ml\/","og_site_name":"detailingclub.lv","article_modified_time":"2026-04-21T18:07:25+00:00","og_image":[{"width":382,"height":1200,"url":"https:\/\/detailingclub.lv\/wp-content\/uploads\/2026\/04\/5866.jpg","type":"image\/jpeg"}],"twitter_card":"summary_large_image","twitter_misc":{"\u041f\u0440\u0438\u043c\u0435\u0440\u043d\u043e\u0435 \u0432\u0440\u0435\u043c\u044f \u0434\u043b\u044f \u0447\u0442\u0435\u043d\u0438\u044f":"2 \u043c\u0438\u043d\u0443\u0442\u044b"},"schema":{"@context":"https:\/\/schema.org","@graph":[{"@type":"WebPage","@id":"https:\/\/detailingclub.lv\/products\/sonax-profiline-auto-lukturu-pulesanas-pasta-250ml\/","url":"https:\/\/detailingclub.lv\/products\/sonax-profiline-auto-lukturu-pulesanas-pasta-250ml\/","name":"SONAX PROFILINE Auto lukturu pul\u0113\u0161anas pasta 250ml - detailingclub.lv","isPartOf":{"@id":"https:\/\/detailingclub.lv\/#website"},"primaryImageOfPage":{"@id":"https:\/\/detailingclub.lv\/products\/sonax-profiline-auto-lukturu-pulesanas-pasta-250ml\/#primaryimage"},"image":{"@id":"https:\/\/detailingclub.lv\/products\/sonax-profiline-auto-lukturu-pulesanas-pasta-250ml\/#primaryimage"},"thumbnailUrl":"https:\/\/detailingclub.lv\/wp-content\/uploads\/2026\/04\/5866.jpg","datePublished":"2026-04-21T15:10:09+00:00","dateModified":"2026-04-21T18:07:25+00:00","description":"SONAX PROFILINE lukturu pul\u0113\u0161anas pasta 250ml no\u0146em dzeltenumu un skr\u0101p\u0113jumus, atjauno caursp\u012bd\u012bgumu un uzlabo auto lukturu redzam\u012bbu.","breadcrumb":{"@id":"https:\/\/detailingclub.lv\/products\/sonax-profiline-auto-lukturu-pulesanas-pasta-250ml\/#breadcrumb"},"inLanguage":"ru-RU","potentialAction":[{"@type":"ReadAction","target":["https:\/\/detailingclub.lv\/products\/sonax-profiline-auto-lukturu-pulesanas-pasta-250ml\/"]}]},{"@type":"ImageObject","inLanguage":"ru-RU","@id":"https:\/\/detailingclub.lv\/products\/sonax-profiline-auto-lukturu-pulesanas-pasta-250ml\/#primaryimage","url":"https:\/\/detailingclub.lv\/wp-content\/uploads\/2026\/04\/5866.jpg","contentUrl":"https:\/\/detailingclub.lv\/wp-content\/uploads\/2026\/04\/5866.jpg","width":382,"height":1200},{"@type":"BreadcrumbList","@id":"https:\/\/detailingclub.lv\/products\/sonax-profiline-auto-lukturu-pulesanas-pasta-250ml\/#breadcrumb","itemListElement":[{"@type":"ListItem","position":1,"name":"Home","item":"https:\/\/detailingclub.lv\/"},{"@type":"ListItem","position":2,"name":"VEIKALS","item":"https:\/\/detailingclub.lv\/veikals\/"},{"@type":"ListItem","position":3,"name":"SONAX PROFILINE Auto lukturu pul\u0113\u0161anas pasta 250ml"}]},{"@type":"WebSite","@id":"https:\/\/detailingclub.lv\/#website","url":"https:\/\/detailingclub.lv\/","name":"detailingclub.lv","description":"","publisher":{"@id":"https:\/\/detailingclub.lv\/#organization"},"potentialAction":[{"@type":"SearchAction","target":{"@type":"EntryPoint","urlTemplate":"https:\/\/detailingclub.lv\/?s={search_term_string}"},"query-input":{"@type":"PropertyValueSpecification","valueRequired":true,"valueName":"search_term_string"}}],"inLanguage":"ru-RU"},{"@type":"Organization","@id":"https:\/\/detailingclub.lv\/#organization","name":"detailingclub.lv","url":"https:\/\/detailingclub.lv\/","logo":{"@type":"ImageObject","inLanguage":"ru-RU","@id":"https:\/\/detailingclub.lv\/#\/schema\/logo\/image\/","url":"https:\/\/detailingclub.lv\/wp-content\/uploads\/2026\/05\/cropped-LOGO-\u0434\u043b\u0438\u043d\u043d\u043e\u0435-\u0431\u0435\u043b\u043e\u0435-\u0441-\u043d\u0430\u043a\u043b\u043e\u043d\u043e\u043c.png","contentUrl":"https:\/\/detailingclub.lv\/wp-content\/uploads\/2026\/05\/cropped-LOGO-\u0434\u043b\u0438\u043d\u043d\u043e\u0435-\u0431\u0435\u043b\u043e\u0435-\u0441-\u043d\u0430\u043a\u043b\u043e\u043d\u043e\u043c.png","width":1140,"height":111,"caption":"detailingclub.lv"},"image":{"@id":"https:\/\/detailingclub.lv\/#\/schema\/logo\/image\/"}}]}},"jetpack_sharing_enabled":true,"_links":{"self":[{"href":"https:\/\/detailingclub.lv\/ru\/wp-json\/wp\/v2\/product\/5304","targetHints":{"allow":["GET"]}}],"collection":[{"href":"https:\/\/detailingclub.lv\/ru\/wp-json\/wp\/v2\/product"}],"about":[{"href":"https:\/\/detailingclub.lv\/ru\/wp-json\/wp\/v2\/types\/product"}],"replies":[{"embeddable":true,"href":"https:\/\/detailingclub.lv\/ru\/wp-json\/wp\/v2\/comments?post=5304"}],"wp:featuredmedia":[{"embeddable":true,"href":"https:\/\/detailingclub.lv\/ru\/wp-json\/wp\/v2\/media\/3635"}],"wp:attachment":[{"href":"https:\/\/detailingclub.lv\/ru\/wp-json\/wp\/v2\/media?parent=5304"}],"wp:term":[{"taxonomy":"product_brand","embeddable":true,"href":"https:\/\/detailingclub.lv\/ru\/wp-json\/wp\/v2\/product_brand?post=5304"},{"taxonomy":"product_cat","embeddable":true,"href":"https:\/\/detailingclub.lv\/ru\/wp-json\/wp\/v2\/product_cat?post=5304"},{"taxonomy":"product_tag","embeddable":true,"href":"https:\/\/detailingclub.lv\/ru\/wp-json\/wp\/v2\/product_tag?post=5304"}],"curies":[{"name":"wp","href":"https:\/\/api.w.org\/{rel}","templated":true}]}}