{"id":5303,"date":"2026-04-21T15:10:09","date_gmt":"2026-04-21T15:10:09","guid":{"rendered":"https:\/\/detailingclub.lv\/products\/sonax-keramiskais-atrais-diteileris-750ml\/"},"modified":"2026-04-28T20:43:14","modified_gmt":"2026-04-28T20:43:14","slug":"sonax-keramiskais-atrais-diteileris-750ml","status":"publish","type":"product","link":"https:\/\/detailingclub.lv\/ru\/product\/sonax-keramiskais-atrais-diteileris-750ml\/","title":{"rendered":"SONAX Keramiskais \u0101trais D\u012bteileris 750ml"},"content":{"rendered":"<h2 data-section-id=\"1muoy50\" data-start=\"113\" data-end=\"168\"><span role=\"text\"><strong data-start=\"116\" data-end=\"168\">SONAX XTREME Keramiskais \u0101trais detaileris 750ml<\/strong><\/span><\/h2>\n<p data-start=\"170\" data-end=\"387\">Ja auto ir t\u012brs, bet tr\u016bkst \u201cwow efekta\u201d \u2014 tas noz\u012bm\u0113, ka virsmai nav aizsargk\u0101rtas. SONAX Ceramic Quick Detailer ir paredz\u0113ts, lai <strong data-start=\"302\" data-end=\"386\">da\u017eu min\u016b\u0161u laik\u0101 pie\u0161\u0137irtu sp\u012bdumu, gludumu un aizsardz\u012bbu bez pilnas pul\u0113\u0161anas<\/strong>.<\/p>\n<p data-start=\"389\" data-end=\"564\">Tas darbojas k\u0101 \u201cfinish\u201d produkts \u2014 no\u0146em vieglus net\u012brumus un vienlaikus uzkl\u0101j keramisku aizsargk\u0101rtu, kas atgr\u016b\u017e \u016bdeni un net\u012brumus.<\/p>\n<hr data-start=\"566\" data-end=\"569\" \/>\n<p data-start=\"571\" data-end=\"596\"><strong data-start=\"571\" data-end=\"596\">K\u0101p\u0113c tas ir svar\u012bgi:<\/strong><\/p>\n<ul data-start=\"597\" data-end=\"951\">\n<li data-section-id=\"6k4zji\" data-start=\"597\" data-end=\"700\">\u0100tri no\u0146em putek\u013cus, pirkstu nospiedumus un vieglus net\u012brumus<\/li>\n<li data-section-id=\"12f4cmy\" data-start=\"701\" data-end=\"786\">Pie\u0161\u0137ir sp\u0113c\u012bgu sp\u012bdumu un \u201csl\u012bd\u012bgu\u201d virsmu<\/li>\n<li data-section-id=\"7m7ih0\" data-start=\"787\" data-end=\"863\">Atjauno eso\u0161o keramisko p\u0101rkl\u0101jumu<\/li>\n<li data-section-id=\"1i03a3\" data-start=\"864\" data-end=\"951\">Nodro\u0161ina hidrofobu efektu (\u016bdens notek pats)<\/li>\n<\/ul>\n<hr data-start=\"953\" data-end=\"956\" \/>\n<p data-start=\"958\" data-end=\"985\"><strong data-start=\"958\" data-end=\"985\">Galven\u0101s priek\u0161roc\u012bbas:<\/strong><\/p>\n<ul data-start=\"986\" data-end=\"1329\">\n<li data-section-id=\"1cyywp7\" data-start=\"986\" data-end=\"1072\">Keramiska (Si-C) tehnolo\u0123ija ilg\u0101kam efektam<\/li>\n<li data-section-id=\"48c9mb\" data-start=\"1073\" data-end=\"1122\">Var izmantot k\u0101 \u0101tro t\u012br\u012bt\u0101ju vai aizsardz\u012bbu<\/li>\n<li data-section-id=\"12z0xbq\" data-start=\"1123\" data-end=\"1200\">Dro\u0161s ar\u012b mat\u0113t\u0101m virsm\u0101m un pl\u0113v\u0113m<\/li>\n<li data-section-id=\"10tu7bo\" data-start=\"1201\" data-end=\"1282\">Uzreiz uzlabo kr\u0101sas dzi\u013cumu un sp\u012bdumu<\/li>\n<li data-section-id=\"g2la7u\" data-start=\"1283\" data-end=\"1329\">Ide\u0101ls p\u0113c mazg\u0101\u0161anas vai starp mazg\u0101\u0161an\u0101m<\/li>\n<\/ul>\n<hr data-start=\"1331\" data-end=\"1334\" \/>\n<h3 data-section-id=\"k735iy\" data-start=\"1336\" data-end=\"1382\"><span role=\"text\"><strong data-start=\"1340\" data-end=\"1382\">K\u0101 lietot (p\u0113c ra\u017eot\u0101ja instrukcijas):<\/strong><\/span><\/h3>\n<ul data-start=\"1383\" data-end=\"1657\">\n<li data-section-id=\"1741vgt\" data-start=\"1383\" data-end=\"1477\">Nomazg\u0101t auto (vai lietot uz viegli net\u012bras virsmas)<\/li>\n<li data-section-id=\"yijetk\" data-start=\"1478\" data-end=\"1497\">Sakrat\u012bt pudeli<\/li>\n<li data-section-id=\"1dnx8us\" data-start=\"1498\" data-end=\"1537\">Uzsmidzin\u0101t uz mikro\u0161\u0137iedras dr\u0101nas<\/li>\n<li data-section-id=\"1dqe4rj\" data-start=\"1538\" data-end=\"1569\">Vienm\u0113r\u012bgi uzkl\u0101t pa virsmu<\/li>\n<li data-section-id=\"w5hwnv\" data-start=\"1570\" data-end=\"1657\">Noslauc\u012bt ar sausu mikro\u0161\u0137iedru l\u012bdz sp\u012bdumam<\/li>\n<\/ul>\n<p data-start=\"1659\" data-end=\"1716\"><strong data-start=\"1659\" data-end=\"1671\">Svar\u012bgi:<\/strong> nelietot uz karstas virsmas un ne\u013caut iz\u017e\u016bt.<\/p>\n<hr data-start=\"1718\" data-end=\"1721\" \/>\n<p data-start=\"1723\" data-end=\"1738\"><strong data-start=\"1723\" data-end=\"1738\">Kad lietot:<\/strong><\/p>\n<ul data-start=\"1739\" data-end=\"1889\">\n<li data-section-id=\"gj2reb\" data-start=\"1739\" data-end=\"1778\">P\u0113c auto mazg\u0101\u0161anas (finish efekts)<\/li>\n<li data-section-id=\"1durfia\" data-start=\"1779\" data-end=\"1816\">Starp mazg\u0101\u0161an\u0101m (\u0101trai kop\u0161anai)<\/li>\n<li data-section-id=\"1pg9yzy\" data-start=\"1817\" data-end=\"1854\">Lai uztur\u0113tu keramisko p\u0101rkl\u0101jumu<\/li>\n<li data-section-id=\"1yka7oq\" data-start=\"1855\" data-end=\"1889\">Pirms auto p\u0101rdo\u0161anas vai foto<\/li>\n<\/ul>\n<hr data-start=\"1891\" data-end=\"1894\" \/>\n<p data-start=\"1896\" data-end=\"2032\">\u0160is ir produkts, kas dod <strong data-start=\"1921\" data-end=\"1967\">maksim\u0101lu vizu\u0101lo efektu ar minim\u0101lu darbu<\/strong> \u2014 ide\u0101ls tiem, kas grib sp\u012bdumu bez sare\u017e\u0123\u012bta detailing procesa.<\/p>","protected":false},"excerpt":{"rendered":"<h2>SONAX Keramiskais \u0101trais D\u012bteileris 750ml<\/h2>","protected":false},"featured_media":3633,"comment_status":"open","ping_status":"closed","template":"","meta":{"site-sidebar-layout":"default","site-content-layout":"","ast-site-content-layout":"default","site-content-style":"default","site-sidebar-style":"default","ast-global-header-display":"","ast-banner-title-visibility":"","ast-main-header-display":"","ast-hfb-above-header-display":"","ast-hfb-below-header-display":"","ast-hfb-mobile-header-display":"","site-post-title":"","ast-breadcrumbs-content":"","ast-featured-img":"","footer-sml-layout":"","ast-disable-related-posts":"","theme-transparent-header-meta":"default","adv-header-id-meta":"","stick-header-meta":"","header-above-stick-meta":"","header-main-stick-meta":"","header-below-stick-meta":"","astra-migrate-meta-layouts":"set","ast-page-background-enabled":"default","ast-page-background-meta":{"desktop":{"background-color":"var(--ast-global-color-5)","background-image":"","background-repeat":"repeat","background-position":"center center","background-size":"auto","background-attachment":"scroll","background-type":"","background-media":"","overlay-type":"","overlay-color":"","overlay-opacity":"","overlay-gradient":""},"tablet":{"background-color":"","background-image":"","background-repeat":"repeat","background-position":"center center","background-size":"auto","background-attachment":"scroll","background-type":"","background-media":"","overlay-type":"","overlay-color":"","overlay-opacity":"","overlay-gradient":""},"mobile":{"background-color":"","background-image":"","background-repeat":"repeat","background-position":"center center","background-size":"auto","background-attachment":"scroll","background-type":"","background-media":"","overlay-type":"","overlay-color":"","overlay-opacity":"","overlay-gradient":""}},"ast-content-background-meta":{"desktop":{"background-color":"var(--ast-global-color-4)","background-image":"","background-repeat":"repeat","background-position":"center center","background-size":"auto","background-attachment":"scroll","background-type":"","background-media":"","overlay-type":"","overlay-color":"","overlay-opacity":"","overlay-gradient":""},"tablet":{"background-color":"var(--ast-global-color-4)","background-image":"","background-repeat":"repeat","background-position":"center center","background-size":"auto","background-attachment":"scroll","background-type":"","background-media":"","overlay-type":"","overlay-color":"","overlay-opacity":"","overlay-gradient":""},"mobile":{"background-color":"var(--ast-global-color-4)","background-image":"","background-repeat":"repeat","background-position":"center center","background-size":"auto","background-attachment":"scroll","background-type":"","background-media":"","overlay-type":"","overlay-color":"","overlay-opacity":"","overlay-gradient":""}}},"product_brand":[101],"product_cat":[85],"product_tag":[],"class_list":{"0":"post-5303","1":"product","2":"type-product","3":"status-publish","4":"has-post-thumbnail","6":"product_brand-sonax","7":"product_cat-atrie-vaski-un-detaileri","8":"pa_tilpums-750-ml","9":"pa_zimols-sonax","10":"desktop-align-left","11":"tablet-align-left","12":"mobile-align-left","14":"first","15":"instock","16":"taxable","17":"shipping-taxable","18":"purchasable","19":"product-type-simple"},"yoast_head":"<!-- This site is optimized with the Yoast SEO plugin v27.4 - https:\/\/yoast.com\/product\/yoast-seo-wordpress\/ -->\n<title>SONAX Keramiskais \u0101trais D\u012bteileris 750ml - detailingclub.lv<\/title>\n<meta name=\"description\" content=\"SONAX XTREME keramiskais \u0101trais detaileris 750ml nodro\u0161ina sp\u012bdumu, gludumu un hidrofobu efektu, \u0101tri att\u012bra virsmu un atjauno keramisko aizsardz\u012bbu.\" \/>\n<meta name=\"robots\" content=\"index, follow, max-snippet:-1, max-image-preview:large, max-video-preview:-1\" \/>\n<link rel=\"canonical\" href=\"https:\/\/detailingclub.lv\/ru\/product\/sonax-keramiskais-atrais-diteileris-750ml\/\" \/>\n<meta property=\"og:locale\" content=\"ru_RU\" \/>\n<meta property=\"og:type\" content=\"article\" \/>\n<meta property=\"og:title\" content=\"SONAX Keramiskais \u0101trais D\u012bteileris 750ml - detailingclub.lv\" \/>\n<meta property=\"og:description\" content=\"SONAX XTREME keramiskais \u0101trais detaileris 750ml nodro\u0161ina sp\u012bdumu, gludumu un hidrofobu efektu, \u0101tri att\u012bra virsmu un atjauno keramisko aizsardz\u012bbu.\" \/>\n<meta property=\"og:url\" content=\"https:\/\/detailingclub.lv\/ru\/product\/sonax-keramiskais-atrais-diteileris-750ml\/\" \/>\n<meta property=\"og:site_name\" content=\"detailingclub.lv\" \/>\n<meta property=\"article:modified_time\" content=\"2026-04-28T20:43:14+00:00\" \/>\n<meta property=\"og:image\" content=\"https:\/\/detailingclub.lv\/wp-content\/uploads\/2026\/04\/5861.jpg\" \/>\n\t<meta property=\"og:image:width\" content=\"409\" \/>\n\t<meta property=\"og:image:height\" content=\"1200\" \/>\n\t<meta property=\"og:image:type\" content=\"image\/jpeg\" \/>\n<meta name=\"twitter:card\" content=\"summary_large_image\" \/>\n<meta name=\"twitter:label1\" content=\"\u041f\u0440\u0438\u043c\u0435\u0440\u043d\u043e\u0435 \u0432\u0440\u0435\u043c\u044f \u0434\u043b\u044f \u0447\u0442\u0435\u043d\u0438\u044f\" \/>\n\t<meta name=\"twitter:data1\" content=\"2 \u043c\u0438\u043d\u0443\u0442\u044b\" \/>\n<script type=\"application\/ld+json\" class=\"yoast-schema-graph\">{\"@context\":\"https:\\\/\\\/schema.org\",\"@graph\":[{\"@type\":\"WebPage\",\"@id\":\"https:\\\/\\\/detailingclub.lv\\\/products\\\/sonax-keramiskais-atrais-diteileris-750ml\\\/\",\"url\":\"https:\\\/\\\/detailingclub.lv\\\/products\\\/sonax-keramiskais-atrais-diteileris-750ml\\\/\",\"name\":\"SONAX Keramiskais \u0101trais D\u012bteileris 750ml - detailingclub.lv\",\"isPartOf\":{\"@id\":\"https:\\\/\\\/detailingclub.lv\\\/#website\"},\"primaryImageOfPage\":{\"@id\":\"https:\\\/\\\/detailingclub.lv\\\/products\\\/sonax-keramiskais-atrais-diteileris-750ml\\\/#primaryimage\"},\"image\":{\"@id\":\"https:\\\/\\\/detailingclub.lv\\\/products\\\/sonax-keramiskais-atrais-diteileris-750ml\\\/#primaryimage\"},\"thumbnailUrl\":\"https:\\\/\\\/detailingclub.lv\\\/wp-content\\\/uploads\\\/2026\\\/04\\\/5861.jpg\",\"datePublished\":\"2026-04-21T15:10:09+00:00\",\"dateModified\":\"2026-04-28T20:43:14+00:00\",\"description\":\"SONAX XTREME keramiskais \u0101trais detaileris 750ml nodro\u0161ina sp\u012bdumu, gludumu un hidrofobu efektu, \u0101tri att\u012bra virsmu un atjauno keramisko aizsardz\u012bbu.\",\"breadcrumb\":{\"@id\":\"https:\\\/\\\/detailingclub.lv\\\/products\\\/sonax-keramiskais-atrais-diteileris-750ml\\\/#breadcrumb\"},\"inLanguage\":\"ru-RU\",\"potentialAction\":[{\"@type\":\"ReadAction\",\"target\":[\"https:\\\/\\\/detailingclub.lv\\\/products\\\/sonax-keramiskais-atrais-diteileris-750ml\\\/\"]}]},{\"@type\":\"ImageObject\",\"inLanguage\":\"ru-RU\",\"@id\":\"https:\\\/\\\/detailingclub.lv\\\/products\\\/sonax-keramiskais-atrais-diteileris-750ml\\\/#primaryimage\",\"url\":\"https:\\\/\\\/detailingclub.lv\\\/wp-content\\\/uploads\\\/2026\\\/04\\\/5861.jpg\",\"contentUrl\":\"https:\\\/\\\/detailingclub.lv\\\/wp-content\\\/uploads\\\/2026\\\/04\\\/5861.jpg\",\"width\":409,\"height\":1200},{\"@type\":\"BreadcrumbList\",\"@id\":\"https:\\\/\\\/detailingclub.lv\\\/products\\\/sonax-keramiskais-atrais-diteileris-750ml\\\/#breadcrumb\",\"itemListElement\":[{\"@type\":\"ListItem\",\"position\":1,\"name\":\"Home\",\"item\":\"https:\\\/\\\/detailingclub.lv\\\/\"},{\"@type\":\"ListItem\",\"position\":2,\"name\":\"VEIKALS\",\"item\":\"https:\\\/\\\/detailingclub.lv\\\/veikals\\\/\"},{\"@type\":\"ListItem\",\"position\":3,\"name\":\"SONAX Keramiskais \u0101trais D\u012bteileris 750ml\"}]},{\"@type\":\"WebSite\",\"@id\":\"https:\\\/\\\/detailingclub.lv\\\/#website\",\"url\":\"https:\\\/\\\/detailingclub.lv\\\/\",\"name\":\"detailingclub.lv\",\"description\":\"\",\"publisher\":{\"@id\":\"https:\\\/\\\/detailingclub.lv\\\/#organization\"},\"potentialAction\":[{\"@type\":\"SearchAction\",\"target\":{\"@type\":\"EntryPoint\",\"urlTemplate\":\"https:\\\/\\\/detailingclub.lv\\\/?s={search_term_string}\"},\"query-input\":{\"@type\":\"PropertyValueSpecification\",\"valueRequired\":true,\"valueName\":\"search_term_string\"}}],\"inLanguage\":\"ru-RU\"},{\"@type\":\"Organization\",\"@id\":\"https:\\\/\\\/detailingclub.lv\\\/#organization\",\"name\":\"detailingclub.lv\",\"url\":\"https:\\\/\\\/detailingclub.lv\\\/\",\"logo\":{\"@type\":\"ImageObject\",\"inLanguage\":\"ru-RU\",\"@id\":\"https:\\\/\\\/detailingclub.lv\\\/#\\\/schema\\\/logo\\\/image\\\/\",\"url\":\"https:\\\/\\\/detailingclub.lv\\\/wp-content\\\/uploads\\\/2026\\\/05\\\/cropped-LOGO-\u0434\u043b\u0438\u043d\u043d\u043e\u0435-\u0431\u0435\u043b\u043e\u0435-\u0441-\u043d\u0430\u043a\u043b\u043e\u043d\u043e\u043c.png\",\"contentUrl\":\"https:\\\/\\\/detailingclub.lv\\\/wp-content\\\/uploads\\\/2026\\\/05\\\/cropped-LOGO-\u0434\u043b\u0438\u043d\u043d\u043e\u0435-\u0431\u0435\u043b\u043e\u0435-\u0441-\u043d\u0430\u043a\u043b\u043e\u043d\u043e\u043c.png\",\"width\":1140,\"height\":111,\"caption\":\"detailingclub.lv\"},\"image\":{\"@id\":\"https:\\\/\\\/detailingclub.lv\\\/#\\\/schema\\\/logo\\\/image\\\/\"}}]}<\/script>\n<!-- \/ Yoast SEO plugin. -->","yoast_head_json":{"title":"SONAX Keramiskais \u0101trais D\u012bteileris 750ml - detailingclub.lv","description":"SONAX XTREME keramiskais \u0101trais detaileris 750ml nodro\u0161ina sp\u012bdumu, gludumu un hidrofobu efektu, \u0101tri att\u012bra virsmu un atjauno keramisko aizsardz\u012bbu.","robots":{"index":"index","follow":"follow","max-snippet":"max-snippet:-1","max-image-preview":"max-image-preview:large","max-video-preview":"max-video-preview:-1"},"canonical":"https:\/\/detailingclub.lv\/ru\/product\/sonax-keramiskais-atrais-diteileris-750ml\/","og_locale":"ru_RU","og_type":"article","og_title":"SONAX Keramiskais \u0101trais D\u012bteileris 750ml - detailingclub.lv","og_description":"SONAX XTREME keramiskais \u0101trais detaileris 750ml nodro\u0161ina sp\u012bdumu, gludumu un hidrofobu efektu, \u0101tri att\u012bra virsmu un atjauno keramisko aizsardz\u012bbu.","og_url":"https:\/\/detailingclub.lv\/ru\/product\/sonax-keramiskais-atrais-diteileris-750ml\/","og_site_name":"detailingclub.lv","article_modified_time":"2026-04-28T20:43:14+00:00","og_image":[{"width":409,"height":1200,"url":"https:\/\/detailingclub.lv\/wp-content\/uploads\/2026\/04\/5861.jpg","type":"image\/jpeg"}],"twitter_card":"summary_large_image","twitter_misc":{"\u041f\u0440\u0438\u043c\u0435\u0440\u043d\u043e\u0435 \u0432\u0440\u0435\u043c\u044f \u0434\u043b\u044f \u0447\u0442\u0435\u043d\u0438\u044f":"2 \u043c\u0438\u043d\u0443\u0442\u044b"},"schema":{"@context":"https:\/\/schema.org","@graph":[{"@type":"WebPage","@id":"https:\/\/detailingclub.lv\/products\/sonax-keramiskais-atrais-diteileris-750ml\/","url":"https:\/\/detailingclub.lv\/products\/sonax-keramiskais-atrais-diteileris-750ml\/","name":"SONAX Keramiskais \u0101trais D\u012bteileris 750ml - detailingclub.lv","isPartOf":{"@id":"https:\/\/detailingclub.lv\/#website"},"primaryImageOfPage":{"@id":"https:\/\/detailingclub.lv\/products\/sonax-keramiskais-atrais-diteileris-750ml\/#primaryimage"},"image":{"@id":"https:\/\/detailingclub.lv\/products\/sonax-keramiskais-atrais-diteileris-750ml\/#primaryimage"},"thumbnailUrl":"https:\/\/detailingclub.lv\/wp-content\/uploads\/2026\/04\/5861.jpg","datePublished":"2026-04-21T15:10:09+00:00","dateModified":"2026-04-28T20:43:14+00:00","description":"SONAX XTREME keramiskais \u0101trais detaileris 750ml nodro\u0161ina sp\u012bdumu, gludumu un hidrofobu efektu, \u0101tri att\u012bra virsmu un atjauno keramisko aizsardz\u012bbu.","breadcrumb":{"@id":"https:\/\/detailingclub.lv\/products\/sonax-keramiskais-atrais-diteileris-750ml\/#breadcrumb"},"inLanguage":"ru-RU","potentialAction":[{"@type":"ReadAction","target":["https:\/\/detailingclub.lv\/products\/sonax-keramiskais-atrais-diteileris-750ml\/"]}]},{"@type":"ImageObject","inLanguage":"ru-RU","@id":"https:\/\/detailingclub.lv\/products\/sonax-keramiskais-atrais-diteileris-750ml\/#primaryimage","url":"https:\/\/detailingclub.lv\/wp-content\/uploads\/2026\/04\/5861.jpg","contentUrl":"https:\/\/detailingclub.lv\/wp-content\/uploads\/2026\/04\/5861.jpg","width":409,"height":1200},{"@type":"BreadcrumbList","@id":"https:\/\/detailingclub.lv\/products\/sonax-keramiskais-atrais-diteileris-750ml\/#breadcrumb","itemListElement":[{"@type":"ListItem","position":1,"name":"Home","item":"https:\/\/detailingclub.lv\/"},{"@type":"ListItem","position":2,"name":"VEIKALS","item":"https:\/\/detailingclub.lv\/veikals\/"},{"@type":"ListItem","position":3,"name":"SONAX Keramiskais \u0101trais D\u012bteileris 750ml"}]},{"@type":"WebSite","@id":"https:\/\/detailingclub.lv\/#website","url":"https:\/\/detailingclub.lv\/","name":"detailingclub.lv","description":"","publisher":{"@id":"https:\/\/detailingclub.lv\/#organization"},"potentialAction":[{"@type":"SearchAction","target":{"@type":"EntryPoint","urlTemplate":"https:\/\/detailingclub.lv\/?s={search_term_string}"},"query-input":{"@type":"PropertyValueSpecification","valueRequired":true,"valueName":"search_term_string"}}],"inLanguage":"ru-RU"},{"@type":"Organization","@id":"https:\/\/detailingclub.lv\/#organization","name":"detailingclub.lv","url":"https:\/\/detailingclub.lv\/","logo":{"@type":"ImageObject","inLanguage":"ru-RU","@id":"https:\/\/detailingclub.lv\/#\/schema\/logo\/image\/","url":"https:\/\/detailingclub.lv\/wp-content\/uploads\/2026\/05\/cropped-LOGO-\u0434\u043b\u0438\u043d\u043d\u043e\u0435-\u0431\u0435\u043b\u043e\u0435-\u0441-\u043d\u0430\u043a\u043b\u043e\u043d\u043e\u043c.png","contentUrl":"https:\/\/detailingclub.lv\/wp-content\/uploads\/2026\/05\/cropped-LOGO-\u0434\u043b\u0438\u043d\u043d\u043e\u0435-\u0431\u0435\u043b\u043e\u0435-\u0441-\u043d\u0430\u043a\u043b\u043e\u043d\u043e\u043c.png","width":1140,"height":111,"caption":"detailingclub.lv"},"image":{"@id":"https:\/\/detailingclub.lv\/#\/schema\/logo\/image\/"}}]}},"jetpack_sharing_enabled":true,"_links":{"self":[{"href":"https:\/\/detailingclub.lv\/ru\/wp-json\/wp\/v2\/product\/5303","targetHints":{"allow":["GET"]}}],"collection":[{"href":"https:\/\/detailingclub.lv\/ru\/wp-json\/wp\/v2\/product"}],"about":[{"href":"https:\/\/detailingclub.lv\/ru\/wp-json\/wp\/v2\/types\/product"}],"replies":[{"embeddable":true,"href":"https:\/\/detailingclub.lv\/ru\/wp-json\/wp\/v2\/comments?post=5303"}],"wp:featuredmedia":[{"embeddable":true,"href":"https:\/\/detailingclub.lv\/ru\/wp-json\/wp\/v2\/media\/3633"}],"wp:attachment":[{"href":"https:\/\/detailingclub.lv\/ru\/wp-json\/wp\/v2\/media?parent=5303"}],"wp:term":[{"taxonomy":"product_brand","embeddable":true,"href":"https:\/\/detailingclub.lv\/ru\/wp-json\/wp\/v2\/product_brand?post=5303"},{"taxonomy":"product_cat","embeddable":true,"href":"https:\/\/detailingclub.lv\/ru\/wp-json\/wp\/v2\/product_cat?post=5303"},{"taxonomy":"product_tag","embeddable":true,"href":"https:\/\/detailingclub.lv\/ru\/wp-json\/wp\/v2\/product_tag?post=5303"}],"curies":[{"name":"wp","href":"https:\/\/api.w.org\/{rel}","templated":true}]}}