{"id":5277,"date":"2026-04-21T15:10:08","date_gmt":"2026-04-21T15:10:08","guid":{"rendered":"https:\/\/detailingclub.lv\/products\/sonax-xtreme-vejstiklu-mazgasanas-koncentrats-nanopro-250ml\/"},"modified":"2026-04-21T18:05:34","modified_gmt":"2026-04-21T18:05:34","slug":"sonax-xtreme-vejstiklu-mazgasanas-koncentrats-nanopro-250ml","status":"publish","type":"product","link":"https:\/\/detailingclub.lv\/ru\/product\/sonax-xtreme-vejstiklu-mazgasanas-koncentrats-nanopro-250ml\/","title":{"rendered":"SONAX XTREME v\u0113jstiklu mazg\u0101\u0161anas koncentr\u0101ts NanoPro 250ml"},"content":{"rendered":"<h2 data-section-id=\"11f7mr9\" data-start=\"99\" data-end=\"165\"><span role=\"text\"><strong data-start=\"102\" data-end=\"165\">SONAX XTREME v\u0113jstiklu mazg\u0101\u0161anas koncentr\u0101ts NanoPro 250ml<\/strong><\/span><\/h2>\n<p data-start=\"167\" data-end=\"369\">Ja parasts logu \u0161\u0137idrums netiek gal\u0101 ar kukai\u0146iem un ce\u013ca pl\u0113vi \u2014 probl\u0113ma ir formul\u0101. SONAX NanoPro koncentr\u0101ts ir izstr\u0101d\u0101ts, lai <strong data-start=\"299\" data-end=\"368\">maksim\u0101li efekt\u012bvi t\u012br\u012btu stiklu pat sare\u017e\u0123\u012btos vasaras apst\u0101k\u013cos<\/strong>.<\/p>\n<p data-start=\"371\" data-end=\"530\">Pateicoties nanotehnolo\u0123ijai, tas daudz \u0101tr\u0101k sadala net\u012brumus un kukai\u0146u atliekas, nodro\u0161inot t\u012bru stiklu bez sv\u012btr\u0101m.<\/p>\n<hr data-start=\"532\" data-end=\"535\" \/>\n<p data-start=\"537\" data-end=\"562\"><strong data-start=\"537\" data-end=\"562\">K\u0101p\u0113c tas ir svar\u012bgi:<\/strong><\/p>\n<ul data-start=\"563\" data-end=\"870\">\n<li data-section-id=\"gv3vnf\" data-start=\"563\" data-end=\"642\">\u0100tri no\u0146em kukai\u0146us un taukainu pl\u0113vi<\/li>\n<li data-section-id=\"7qludg\" data-start=\"643\" data-end=\"686\">Nodro\u0161ina skaidru redzam\u012bbu bez sv\u012btr\u0101m<\/li>\n<li data-section-id=\"1vquhb9\" data-start=\"687\" data-end=\"783\">Efekt\u012bv\u0101ks nek\u0101 parasts \u0161\u0137idrums (NanoPro tehnolo\u0123ija)<\/li>\n<li data-section-id=\"1fv9biz\" data-start=\"784\" data-end=\"870\">Dro\u0161s moderniem lukturiem (XENON, plastmasa)<\/li>\n<\/ul>\n<hr data-start=\"872\" data-end=\"875\" \/>\n<p data-start=\"877\" data-end=\"904\"><strong data-start=\"877\" data-end=\"904\">Galven\u0101s priek\u0161roc\u012bbas:<\/strong><\/p>\n<ul data-start=\"905\" data-end=\"1198\">\n<li data-section-id=\"1z0uaqk\" data-start=\"905\" data-end=\"1003\">Koncentr\u0101ts \u2014 l\u012bdz 25L gatava \u0161\u0137idruma no vienas pudeles<\/li>\n<li data-section-id=\"a3flk5\" data-start=\"1004\" data-end=\"1046\">Ekonomisks un vietu taupo\u0161s risin\u0101jums<\/li>\n<li data-section-id=\"1pr77gz\" data-start=\"1047\" data-end=\"1126\">Neizraisa sprieguma plaisas lukturiem<\/li>\n<li data-section-id=\"psvdc2\" data-start=\"1127\" data-end=\"1171\">Piem\u0113rots vis\u0101m logu mazg\u0101\u0161anas sist\u0113m\u0101m<\/li>\n<li data-section-id=\"18z2vs4\" data-start=\"1172\" data-end=\"1198\">Ide\u0101li vasaras sezonai<\/li>\n<\/ul>\n<hr data-start=\"1200\" data-end=\"1203\" \/>\n<h3 data-section-id=\"k735iy\" data-start=\"1205\" data-end=\"1251\"><span role=\"text\"><strong data-start=\"1209\" data-end=\"1251\">K\u0101 lietot (p\u0113c ra\u017eot\u0101ja instrukcijas):<\/strong><\/span><\/h3>\n<ul data-start=\"1252\" data-end=\"1402\">\n<li data-section-id=\"1a2jd0g\" data-start=\"1252\" data-end=\"1333\">At\u0161\u0137aid\u012bt ar \u016bdeni proporcij\u0101 <strong data-start=\"1284\" data-end=\"1293\">1:100<\/strong><\/li>\n<li data-section-id=\"1s8b28d\" data-start=\"1334\" data-end=\"1366\">Ieliet logu \u0161\u0137idruma tvertn\u0113<\/li>\n<li data-section-id=\"dyy12g\" data-start=\"1367\" data-end=\"1402\">Lietot k\u0101 parastu logu \u0161\u0137idrumu<\/li>\n<\/ul>\n<hr data-start=\"1404\" data-end=\"1407\" \/>\n<p data-start=\"1409\" data-end=\"1424\"><strong data-start=\"1409\" data-end=\"1424\">Kad lietot:<\/strong><\/p>\n<ul data-start=\"1425\" data-end=\"1597\">\n<li data-section-id=\"1bj1dt4\" data-start=\"1425\" data-end=\"1450\">Vasar\u0101 un silt\u0101 laik\u0101<\/li>\n<li data-section-id=\"1qinru5\" data-start=\"1451\" data-end=\"1497\">P\u0113c gariem braucieniem (kukai\u0146i uz stikla)<\/li>\n<li data-section-id=\"1j7py9r\" data-start=\"1498\" data-end=\"1539\">Ikdienas brauk\u0161anai pils\u0113t\u0101 un \u0161osej\u0101<\/li>\n<li data-section-id=\"v6c9xn\" data-start=\"1540\" data-end=\"1597\">Ja gribi ekonomisk\u0101ku risin\u0101jumu nek\u0101 gatavs \u0161\u0137idrums<\/li>\n<\/ul>\n<hr data-start=\"1599\" data-end=\"1602\" \/>\n<p data-start=\"1604\" data-end=\"1736\">\u0160is ir produkts, kas dod <strong data-start=\"1629\" data-end=\"1671\">maksim\u0101lu efektu par minim\u0101lu daudzumu<\/strong> \u2014 koncentr\u0101ts, kas re\u0101li str\u0101d\u0101, nevis tikai \u201cat\u0161\u0137aid\u012bts \u016bdens\u201d.<\/p>","protected":false},"excerpt":{"rendered":"<h2>SONAX XTREME v\u0113jstiklu mazg\u0101\u0161anas koncentr\u0101ts NanoPro 250ml<\/h2>","protected":false},"featured_media":3584,"comment_status":"open","ping_status":"closed","template":"","meta":{"site-sidebar-layout":"default","site-content-layout":"","ast-site-content-layout":"default","site-content-style":"default","site-sidebar-style":"default","ast-global-header-display":"","ast-banner-title-visibility":"","ast-main-header-display":"","ast-hfb-above-header-display":"","ast-hfb-below-header-display":"","ast-hfb-mobile-header-display":"","site-post-title":"","ast-breadcrumbs-content":"","ast-featured-img":"","footer-sml-layout":"","ast-disable-related-posts":"","theme-transparent-header-meta":"default","adv-header-id-meta":"","stick-header-meta":"","header-above-stick-meta":"","header-main-stick-meta":"","header-below-stick-meta":"","astra-migrate-meta-layouts":"set","ast-page-background-enabled":"default","ast-page-background-meta":{"desktop":{"background-color":"var(--ast-global-color-5)","background-image":"","background-repeat":"repeat","background-position":"center center","background-size":"auto","background-attachment":"scroll","background-type":"","background-media":"","overlay-type":"","overlay-color":"","overlay-opacity":"","overlay-gradient":""},"tablet":{"background-color":"","background-image":"","background-repeat":"repeat","background-position":"center center","background-size":"auto","background-attachment":"scroll","background-type":"","background-media":"","overlay-type":"","overlay-color":"","overlay-opacity":"","overlay-gradient":""},"mobile":{"background-color":"","background-image":"","background-repeat":"repeat","background-position":"center center","background-size":"auto","background-attachment":"scroll","background-type":"","background-media":"","overlay-type":"","overlay-color":"","overlay-opacity":"","overlay-gradient":""}},"ast-content-background-meta":{"desktop":{"background-color":"var(--ast-global-color-4)","background-image":"","background-repeat":"repeat","background-position":"center center","background-size":"auto","background-attachment":"scroll","background-type":"","background-media":"","overlay-type":"","overlay-color":"","overlay-opacity":"","overlay-gradient":""},"tablet":{"background-color":"var(--ast-global-color-4)","background-image":"","background-repeat":"repeat","background-position":"center center","background-size":"auto","background-attachment":"scroll","background-type":"","background-media":"","overlay-type":"","overlay-color":"","overlay-opacity":"","overlay-gradient":""},"mobile":{"background-color":"var(--ast-global-color-4)","background-image":"","background-repeat":"repeat","background-position":"center center","background-size":"auto","background-attachment":"scroll","background-type":"","background-media":"","overlay-type":"","overlay-color":"","overlay-opacity":"","overlay-gradient":""}}},"product_brand":[101],"product_cat":[66],"product_tag":[],"class_list":{"0":"post-5277","1":"product","2":"type-product","3":"status-publish","4":"has-post-thumbnail","6":"product_brand-sonax","7":"product_cat-vejstiklu-mazgasanas-skidrumi","8":"pa_tilpums-250-ml","9":"pa_zimols-sonax","10":"desktop-align-left","11":"tablet-align-left","12":"mobile-align-left","14":"first","15":"instock","16":"taxable","17":"shipping-taxable","18":"purchasable","19":"product-type-simple"},"yoast_head":"<!-- This site is optimized with the Yoast SEO plugin v27.4 - https:\/\/yoast.com\/product\/yoast-seo-wordpress\/ -->\n<title>SONAX XTREME v\u0113jstiklu mazg\u0101\u0161anas koncentr\u0101ts NanoPro 250ml - detailingclub.lv<\/title>\n<meta name=\"description\" content=\"SONAX XTREME NanoPro 250ml koncentr\u0101ts efekt\u012bvi no\u0146em kukai\u0146us un net\u012brumus, nodro\u0161ina skaidru redzam\u012bbu un \u013cauj pagatavot l\u012bdz 25L \u0161\u0137idruma.\" \/>\n<meta name=\"robots\" content=\"index, follow, max-snippet:-1, max-image-preview:large, max-video-preview:-1\" \/>\n<link rel=\"canonical\" href=\"https:\/\/detailingclub.lv\/ru\/product\/sonax-xtreme-vejstiklu-mazgasanas-koncentrats-nanopro-250ml\/\" \/>\n<meta property=\"og:locale\" content=\"ru_RU\" \/>\n<meta property=\"og:type\" content=\"article\" \/>\n<meta property=\"og:title\" content=\"SONAX XTREME v\u0113jstiklu mazg\u0101\u0161anas koncentr\u0101ts NanoPro 250ml - detailingclub.lv\" \/>\n<meta property=\"og:description\" content=\"SONAX XTREME NanoPro 250ml koncentr\u0101ts efekt\u012bvi no\u0146em kukai\u0146us un net\u012brumus, nodro\u0161ina skaidru redzam\u012bbu un \u013cauj pagatavot l\u012bdz 25L \u0161\u0137idruma.\" \/>\n<meta property=\"og:url\" content=\"https:\/\/detailingclub.lv\/ru\/product\/sonax-xtreme-vejstiklu-mazgasanas-koncentrats-nanopro-250ml\/\" \/>\n<meta property=\"og:site_name\" content=\"detailingclub.lv\" \/>\n<meta property=\"article:modified_time\" content=\"2026-04-21T18:05:34+00:00\" \/>\n<meta property=\"og:image\" content=\"https:\/\/detailingclub.lv\/wp-content\/uploads\/2026\/04\/5863.jpg\" \/>\n\t<meta property=\"og:image:width\" content=\"297\" \/>\n\t<meta property=\"og:image:height\" content=\"1200\" \/>\n\t<meta property=\"og:image:type\" content=\"image\/jpeg\" \/>\n<meta name=\"twitter:card\" content=\"summary_large_image\" \/>\n<meta name=\"twitter:label1\" content=\"\u041f\u0440\u0438\u043c\u0435\u0440\u043d\u043e\u0435 \u0432\u0440\u0435\u043c\u044f \u0434\u043b\u044f \u0447\u0442\u0435\u043d\u0438\u044f\" \/>\n\t<meta name=\"twitter:data1\" content=\"2 \u043c\u0438\u043d\u0443\u0442\u044b\" \/>\n<script type=\"application\/ld+json\" class=\"yoast-schema-graph\">{\"@context\":\"https:\\\/\\\/schema.org\",\"@graph\":[{\"@type\":\"WebPage\",\"@id\":\"https:\\\/\\\/detailingclub.lv\\\/products\\\/sonax-xtreme-vejstiklu-mazgasanas-koncentrats-nanopro-250ml\\\/\",\"url\":\"https:\\\/\\\/detailingclub.lv\\\/products\\\/sonax-xtreme-vejstiklu-mazgasanas-koncentrats-nanopro-250ml\\\/\",\"name\":\"SONAX XTREME v\u0113jstiklu mazg\u0101\u0161anas koncentr\u0101ts NanoPro 250ml - detailingclub.lv\",\"isPartOf\":{\"@id\":\"https:\\\/\\\/detailingclub.lv\\\/#website\"},\"primaryImageOfPage\":{\"@id\":\"https:\\\/\\\/detailingclub.lv\\\/products\\\/sonax-xtreme-vejstiklu-mazgasanas-koncentrats-nanopro-250ml\\\/#primaryimage\"},\"image\":{\"@id\":\"https:\\\/\\\/detailingclub.lv\\\/products\\\/sonax-xtreme-vejstiklu-mazgasanas-koncentrats-nanopro-250ml\\\/#primaryimage\"},\"thumbnailUrl\":\"https:\\\/\\\/detailingclub.lv\\\/wp-content\\\/uploads\\\/2026\\\/04\\\/5863.jpg\",\"datePublished\":\"2026-04-21T15:10:08+00:00\",\"dateModified\":\"2026-04-21T18:05:34+00:00\",\"description\":\"SONAX XTREME NanoPro 250ml koncentr\u0101ts efekt\u012bvi no\u0146em kukai\u0146us un net\u012brumus, nodro\u0161ina skaidru redzam\u012bbu un \u013cauj pagatavot l\u012bdz 25L \u0161\u0137idruma.\",\"breadcrumb\":{\"@id\":\"https:\\\/\\\/detailingclub.lv\\\/products\\\/sonax-xtreme-vejstiklu-mazgasanas-koncentrats-nanopro-250ml\\\/#breadcrumb\"},\"inLanguage\":\"ru-RU\",\"potentialAction\":[{\"@type\":\"ReadAction\",\"target\":[\"https:\\\/\\\/detailingclub.lv\\\/products\\\/sonax-xtreme-vejstiklu-mazgasanas-koncentrats-nanopro-250ml\\\/\"]}]},{\"@type\":\"ImageObject\",\"inLanguage\":\"ru-RU\",\"@id\":\"https:\\\/\\\/detailingclub.lv\\\/products\\\/sonax-xtreme-vejstiklu-mazgasanas-koncentrats-nanopro-250ml\\\/#primaryimage\",\"url\":\"https:\\\/\\\/detailingclub.lv\\\/wp-content\\\/uploads\\\/2026\\\/04\\\/5863.jpg\",\"contentUrl\":\"https:\\\/\\\/detailingclub.lv\\\/wp-content\\\/uploads\\\/2026\\\/04\\\/5863.jpg\",\"width\":297,\"height\":1200},{\"@type\":\"BreadcrumbList\",\"@id\":\"https:\\\/\\\/detailingclub.lv\\\/products\\\/sonax-xtreme-vejstiklu-mazgasanas-koncentrats-nanopro-250ml\\\/#breadcrumb\",\"itemListElement\":[{\"@type\":\"ListItem\",\"position\":1,\"name\":\"Home\",\"item\":\"https:\\\/\\\/detailingclub.lv\\\/\"},{\"@type\":\"ListItem\",\"position\":2,\"name\":\"VEIKALS\",\"item\":\"https:\\\/\\\/detailingclub.lv\\\/veikals\\\/\"},{\"@type\":\"ListItem\",\"position\":3,\"name\":\"SONAX XTREME v\u0113jstiklu mazg\u0101\u0161anas koncentr\u0101ts NanoPro 250ml\"}]},{\"@type\":\"WebSite\",\"@id\":\"https:\\\/\\\/detailingclub.lv\\\/#website\",\"url\":\"https:\\\/\\\/detailingclub.lv\\\/\",\"name\":\"detailingclub.lv\",\"description\":\"\",\"publisher\":{\"@id\":\"https:\\\/\\\/detailingclub.lv\\\/#organization\"},\"potentialAction\":[{\"@type\":\"SearchAction\",\"target\":{\"@type\":\"EntryPoint\",\"urlTemplate\":\"https:\\\/\\\/detailingclub.lv\\\/?s={search_term_string}\"},\"query-input\":{\"@type\":\"PropertyValueSpecification\",\"valueRequired\":true,\"valueName\":\"search_term_string\"}}],\"inLanguage\":\"ru-RU\"},{\"@type\":\"Organization\",\"@id\":\"https:\\\/\\\/detailingclub.lv\\\/#organization\",\"name\":\"detailingclub.lv\",\"url\":\"https:\\\/\\\/detailingclub.lv\\\/\",\"logo\":{\"@type\":\"ImageObject\",\"inLanguage\":\"ru-RU\",\"@id\":\"https:\\\/\\\/detailingclub.lv\\\/#\\\/schema\\\/logo\\\/image\\\/\",\"url\":\"https:\\\/\\\/detailingclub.lv\\\/wp-content\\\/uploads\\\/2026\\\/05\\\/cropped-LOGO-\u0434\u043b\u0438\u043d\u043d\u043e\u0435-\u0431\u0435\u043b\u043e\u0435-\u0441-\u043d\u0430\u043a\u043b\u043e\u043d\u043e\u043c.png\",\"contentUrl\":\"https:\\\/\\\/detailingclub.lv\\\/wp-content\\\/uploads\\\/2026\\\/05\\\/cropped-LOGO-\u0434\u043b\u0438\u043d\u043d\u043e\u0435-\u0431\u0435\u043b\u043e\u0435-\u0441-\u043d\u0430\u043a\u043b\u043e\u043d\u043e\u043c.png\",\"width\":1140,\"height\":111,\"caption\":\"detailingclub.lv\"},\"image\":{\"@id\":\"https:\\\/\\\/detailingclub.lv\\\/#\\\/schema\\\/logo\\\/image\\\/\"}}]}<\/script>\n<!-- \/ Yoast SEO plugin. -->","yoast_head_json":{"title":"SONAX XTREME v\u0113jstiklu mazg\u0101\u0161anas koncentr\u0101ts NanoPro 250ml - detailingclub.lv","description":"SONAX XTREME NanoPro 250ml koncentr\u0101ts efekt\u012bvi no\u0146em kukai\u0146us un net\u012brumus, nodro\u0161ina skaidru redzam\u012bbu un \u013cauj pagatavot l\u012bdz 25L \u0161\u0137idruma.","robots":{"index":"index","follow":"follow","max-snippet":"max-snippet:-1","max-image-preview":"max-image-preview:large","max-video-preview":"max-video-preview:-1"},"canonical":"https:\/\/detailingclub.lv\/ru\/product\/sonax-xtreme-vejstiklu-mazgasanas-koncentrats-nanopro-250ml\/","og_locale":"ru_RU","og_type":"article","og_title":"SONAX XTREME v\u0113jstiklu mazg\u0101\u0161anas koncentr\u0101ts NanoPro 250ml - detailingclub.lv","og_description":"SONAX XTREME NanoPro 250ml koncentr\u0101ts efekt\u012bvi no\u0146em kukai\u0146us un net\u012brumus, nodro\u0161ina skaidru redzam\u012bbu un \u013cauj pagatavot l\u012bdz 25L \u0161\u0137idruma.","og_url":"https:\/\/detailingclub.lv\/ru\/product\/sonax-xtreme-vejstiklu-mazgasanas-koncentrats-nanopro-250ml\/","og_site_name":"detailingclub.lv","article_modified_time":"2026-04-21T18:05:34+00:00","og_image":[{"width":297,"height":1200,"url":"https:\/\/detailingclub.lv\/wp-content\/uploads\/2026\/04\/5863.jpg","type":"image\/jpeg"}],"twitter_card":"summary_large_image","twitter_misc":{"\u041f\u0440\u0438\u043c\u0435\u0440\u043d\u043e\u0435 \u0432\u0440\u0435\u043c\u044f \u0434\u043b\u044f \u0447\u0442\u0435\u043d\u0438\u044f":"2 \u043c\u0438\u043d\u0443\u0442\u044b"},"schema":{"@context":"https:\/\/schema.org","@graph":[{"@type":"WebPage","@id":"https:\/\/detailingclub.lv\/products\/sonax-xtreme-vejstiklu-mazgasanas-koncentrats-nanopro-250ml\/","url":"https:\/\/detailingclub.lv\/products\/sonax-xtreme-vejstiklu-mazgasanas-koncentrats-nanopro-250ml\/","name":"SONAX XTREME v\u0113jstiklu mazg\u0101\u0161anas koncentr\u0101ts NanoPro 250ml - detailingclub.lv","isPartOf":{"@id":"https:\/\/detailingclub.lv\/#website"},"primaryImageOfPage":{"@id":"https:\/\/detailingclub.lv\/products\/sonax-xtreme-vejstiklu-mazgasanas-koncentrats-nanopro-250ml\/#primaryimage"},"image":{"@id":"https:\/\/detailingclub.lv\/products\/sonax-xtreme-vejstiklu-mazgasanas-koncentrats-nanopro-250ml\/#primaryimage"},"thumbnailUrl":"https:\/\/detailingclub.lv\/wp-content\/uploads\/2026\/04\/5863.jpg","datePublished":"2026-04-21T15:10:08+00:00","dateModified":"2026-04-21T18:05:34+00:00","description":"SONAX XTREME NanoPro 250ml koncentr\u0101ts efekt\u012bvi no\u0146em kukai\u0146us un net\u012brumus, nodro\u0161ina skaidru redzam\u012bbu un \u013cauj pagatavot l\u012bdz 25L \u0161\u0137idruma.","breadcrumb":{"@id":"https:\/\/detailingclub.lv\/products\/sonax-xtreme-vejstiklu-mazgasanas-koncentrats-nanopro-250ml\/#breadcrumb"},"inLanguage":"ru-RU","potentialAction":[{"@type":"ReadAction","target":["https:\/\/detailingclub.lv\/products\/sonax-xtreme-vejstiklu-mazgasanas-koncentrats-nanopro-250ml\/"]}]},{"@type":"ImageObject","inLanguage":"ru-RU","@id":"https:\/\/detailingclub.lv\/products\/sonax-xtreme-vejstiklu-mazgasanas-koncentrats-nanopro-250ml\/#primaryimage","url":"https:\/\/detailingclub.lv\/wp-content\/uploads\/2026\/04\/5863.jpg","contentUrl":"https:\/\/detailingclub.lv\/wp-content\/uploads\/2026\/04\/5863.jpg","width":297,"height":1200},{"@type":"BreadcrumbList","@id":"https:\/\/detailingclub.lv\/products\/sonax-xtreme-vejstiklu-mazgasanas-koncentrats-nanopro-250ml\/#breadcrumb","itemListElement":[{"@type":"ListItem","position":1,"name":"Home","item":"https:\/\/detailingclub.lv\/"},{"@type":"ListItem","position":2,"name":"VEIKALS","item":"https:\/\/detailingclub.lv\/veikals\/"},{"@type":"ListItem","position":3,"name":"SONAX XTREME v\u0113jstiklu mazg\u0101\u0161anas koncentr\u0101ts NanoPro 250ml"}]},{"@type":"WebSite","@id":"https:\/\/detailingclub.lv\/#website","url":"https:\/\/detailingclub.lv\/","name":"detailingclub.lv","description":"","publisher":{"@id":"https:\/\/detailingclub.lv\/#organization"},"potentialAction":[{"@type":"SearchAction","target":{"@type":"EntryPoint","urlTemplate":"https:\/\/detailingclub.lv\/?s={search_term_string}"},"query-input":{"@type":"PropertyValueSpecification","valueRequired":true,"valueName":"search_term_string"}}],"inLanguage":"ru-RU"},{"@type":"Organization","@id":"https:\/\/detailingclub.lv\/#organization","name":"detailingclub.lv","url":"https:\/\/detailingclub.lv\/","logo":{"@type":"ImageObject","inLanguage":"ru-RU","@id":"https:\/\/detailingclub.lv\/#\/schema\/logo\/image\/","url":"https:\/\/detailingclub.lv\/wp-content\/uploads\/2026\/05\/cropped-LOGO-\u0434\u043b\u0438\u043d\u043d\u043e\u0435-\u0431\u0435\u043b\u043e\u0435-\u0441-\u043d\u0430\u043a\u043b\u043e\u043d\u043e\u043c.png","contentUrl":"https:\/\/detailingclub.lv\/wp-content\/uploads\/2026\/05\/cropped-LOGO-\u0434\u043b\u0438\u043d\u043d\u043e\u0435-\u0431\u0435\u043b\u043e\u0435-\u0441-\u043d\u0430\u043a\u043b\u043e\u043d\u043e\u043c.png","width":1140,"height":111,"caption":"detailingclub.lv"},"image":{"@id":"https:\/\/detailingclub.lv\/#\/schema\/logo\/image\/"}}]}},"jetpack_sharing_enabled":true,"_links":{"self":[{"href":"https:\/\/detailingclub.lv\/ru\/wp-json\/wp\/v2\/product\/5277","targetHints":{"allow":["GET"]}}],"collection":[{"href":"https:\/\/detailingclub.lv\/ru\/wp-json\/wp\/v2\/product"}],"about":[{"href":"https:\/\/detailingclub.lv\/ru\/wp-json\/wp\/v2\/types\/product"}],"replies":[{"embeddable":true,"href":"https:\/\/detailingclub.lv\/ru\/wp-json\/wp\/v2\/comments?post=5277"}],"wp:featuredmedia":[{"embeddable":true,"href":"https:\/\/detailingclub.lv\/ru\/wp-json\/wp\/v2\/media\/3584"}],"wp:attachment":[{"href":"https:\/\/detailingclub.lv\/ru\/wp-json\/wp\/v2\/media?parent=5277"}],"wp:term":[{"taxonomy":"product_brand","embeddable":true,"href":"https:\/\/detailingclub.lv\/ru\/wp-json\/wp\/v2\/product_brand?post=5277"},{"taxonomy":"product_cat","embeddable":true,"href":"https:\/\/detailingclub.lv\/ru\/wp-json\/wp\/v2\/product_cat?post=5277"},{"taxonomy":"product_tag","embeddable":true,"href":"https:\/\/detailingclub.lv\/ru\/wp-json\/wp\/v2\/product_tag?post=5277"}],"curies":[{"name":"wp","href":"https:\/\/api.w.org\/{rel}","templated":true}]}}