{"id":5263,"date":"2026-04-21T15:10:03","date_gmt":"2026-04-21T15:10:03","guid":{"rendered":"https:\/\/detailingclub.lv\/products\/liqui-moly-tirosas-putas-parvalkiem-300ml\/"},"modified":"2026-04-21T17:10:55","modified_gmt":"2026-04-21T17:10:55","slug":"liqui-moly-tirosas-putas-parvalkiem-300ml","status":"publish","type":"product","link":"https:\/\/detailingclub.lv\/ru\/product\/liqui-moly-tirosas-putas-parvalkiem-300ml\/","title":{"rendered":"LIQUI MOLY T\u012bro\u0161as putas p\u0101rvalkiem 300ml"},"content":{"rendered":"<p data-start=\"73\" data-end=\"280\">Ja s\u0113dek\u013ci izskat\u0101s net\u012bri, ar ple\u0137iem vai \u201cnoguru\u0161i\u201d \u2014 ar parastu t\u012br\u012b\u0161anu to neatrisin\u0101si. \u0160\u012bs putas ir paredz\u0113tas <strong data-start=\"190\" data-end=\"217\">dzi\u013cai auduma t\u012br\u012b\u0161anai<\/strong>, izvelkot net\u012brumus no pa\u0161\u0101m \u0161\u0137iedr\u0101m, nevis tikai no virsmas.<\/p>\n<p data-start=\"282\" data-end=\"480\">Liqui Moly akt\u012bv\u0101 putu formula \u0101tri ies\u016bcas materi\u0101l\u0101, \u0161\u0137\u012bdina net\u012brumus un \u013cauj tos viegli no\u0146emt. Rezult\u0101ts \u2014 t\u012brs audums, atjaunotas kr\u0101sas un svaigs salons. <span class=\"hover:entity-accent entity-underline inline cursor-pointer align-baseline\"><span class=\"whitespace-normal\">Liqui Moly<\/span><\/span><\/p>\n<hr data-start=\"482\" data-end=\"485\" \/>\n<p data-start=\"487\" data-end=\"512\"><strong data-start=\"487\" data-end=\"512\">K\u0101p\u0113c tas ir svar\u012bgi:<\/strong><\/p>\n<ul data-start=\"513\" data-end=\"825\">\n<li data-section-id=\"1o1vab5\" data-start=\"513\" data-end=\"614\">Att\u012bra audumu, vel\u016bru un pakl\u0101jus <strong data-start=\"549\" data-end=\"574\">l\u012bdz \u0161\u0137iedru dzi\u013cumam<\/strong><\/li>\n<li data-section-id=\"1xqpruv\" data-start=\"615\" data-end=\"702\">No\u0146em pat notur\u012bgus traipus un ce\u013ca net\u012brumus<\/li>\n<li data-section-id=\"w4cnzj\" data-start=\"703\" data-end=\"739\">Atjauno s\u0113dek\u013cu kr\u0101su un izskatu<\/li>\n<li data-section-id=\"7ecn0p\" data-start=\"740\" data-end=\"825\">Nov\u0113r\u0161 nepat\u012bkamas smakas (citrusa arom\u0101ts)<\/li>\n<\/ul>\n<hr data-start=\"827\" data-end=\"830\" \/>\n<p data-start=\"832\" data-end=\"859\"><strong data-start=\"832\" data-end=\"859\">Galven\u0101s priek\u0161roc\u012bbas:<\/strong><\/p>\n<ul data-start=\"860\" data-end=\"1163\">\n<li data-section-id=\"1t9sycg\" data-start=\"860\" data-end=\"913\">Akt\u012bv\u0101s putas \u2013 net\u012brumi tiek \u201cizcelti\u201d no auduma<\/li>\n<li data-section-id=\"1adgltv\" data-start=\"914\" data-end=\"988\">Neatst\u0101j traipus vai \u016bdens p\u0113das<\/li>\n<li data-section-id=\"1ubkz73\" data-start=\"989\" data-end=\"1024\">Saudz\u012bga, bet efekt\u012bva t\u012br\u012b\u0161ana<\/li>\n<li data-section-id=\"ngvv7e\" data-start=\"1025\" data-end=\"1119\">Piem\u0113rota s\u0113dek\u013ciem, griestiem, pakl\u0101jiem un apdarei<\/li>\n<li data-section-id=\"7spgo4\" data-start=\"1120\" data-end=\"1163\">\u0100trs rezult\u0101ts bez sare\u017e\u0123\u012btas apstr\u0101des<\/li>\n<\/ul>\n<hr data-start=\"1165\" data-end=\"1168\" \/>\n<h3 data-section-id=\"k735iy\" data-start=\"1170\" data-end=\"1216\"><span role=\"text\"><strong data-start=\"1174\" data-end=\"1216\">K\u0101 lietot (p\u0113c ra\u017eot\u0101ja instrukcijas):<\/strong><\/span><\/h3>\n<ul data-start=\"1217\" data-end=\"1496\">\n<li data-section-id=\"omwx6u\" data-start=\"1217\" data-end=\"1267\">Pirms lieto\u0161anas <strong data-start=\"1236\" data-end=\"1265\">k\u0101rt\u012bgi sakrat\u012bt baloni\u0146u<\/strong><\/li>\n<li data-section-id=\"aufied\" data-start=\"1268\" data-end=\"1308\">Uzsmidzin\u0101t putas uz net\u012br\u0101s virsmas<\/li>\n<li data-section-id=\"u9eh2t\" data-start=\"1309\" data-end=\"1339\">\u013baut \u012bsu br\u012bdi iedarboties<\/li>\n<li data-section-id=\"1n2rjwl\" data-start=\"1340\" data-end=\"1399\">Ar birsti vai s\u016bkli viegli iemas\u0113t (smag\u0101kiem traipiem)<\/li>\n<li data-section-id=\"i11lnq\" data-start=\"1400\" data-end=\"1496\">Noslauc\u012bt vai <strong data-start=\"1416\" data-end=\"1456\">izs\u016bkt ar putek\u013cs\u016bc\u0113ju p\u0113c no\u017e\u016b\u0161anas<\/strong><\/li>\n<\/ul>\n<p data-start=\"1498\" data-end=\"1572\"><strong data-start=\"1498\" data-end=\"1510\">Svar\u012bgi:<\/strong> nelietot uz karst\u0101m virsm\u0101m, test\u0113t uz maz\u0101k redzamas vietas.<\/p>\n<hr data-start=\"1574\" data-end=\"1577\" \/>\n<p data-start=\"1579\" data-end=\"1594\"><strong data-start=\"1579\" data-end=\"1594\">Kad lietot:<\/strong><\/p>\n<ul data-start=\"1595\" data-end=\"1736\">\n<li data-section-id=\"9hipsi\" data-start=\"1595\" data-end=\"1625\">Net\u012bri s\u0113dek\u013ci vai pakl\u0101ji<\/li>\n<li data-section-id=\"xej8l9\" data-start=\"1626\" data-end=\"1680\">Traipi no dz\u0113rieniem, dub\u013ciem, ikdienas lieto\u0161anas<\/li>\n<li data-section-id=\"145dobq\" data-start=\"1681\" data-end=\"1706\">Pirms auto p\u0101rdo\u0161anas<\/li>\n<li data-section-id=\"5u481q\" data-start=\"1707\" data-end=\"1736\">Dzi\u013cajai salona t\u012br\u012b\u0161anai<\/li>\n<\/ul>\n<p data-start=\"1738\" data-end=\"1826\">\u0160is ir produkts, kas dod <strong data-start=\"1763\" data-end=\"1791\">re\u0101lu \u201cpirms\/p\u0113c\u201d efektu<\/strong> \u2014 \u012bpa\u0161i, ja salons sen nav t\u012br\u012bts.<\/p>","protected":false},"excerpt":{"rendered":"<h2>LIQUI MOLY T\u012bro\u0161as putas p\u0101rvalkiem 300ml<\/h2>","protected":false},"featured_media":3556,"comment_status":"open","ping_status":"closed","template":"","meta":{"site-sidebar-layout":"default","site-content-layout":"","ast-site-content-layout":"default","site-content-style":"default","site-sidebar-style":"default","ast-global-header-display":"","ast-banner-title-visibility":"","ast-main-header-display":"","ast-hfb-above-header-display":"","ast-hfb-below-header-display":"","ast-hfb-mobile-header-display":"","site-post-title":"","ast-breadcrumbs-content":"","ast-featured-img":"","footer-sml-layout":"","ast-disable-related-posts":"","theme-transparent-header-meta":"default","adv-header-id-meta":"","stick-header-meta":"","header-above-stick-meta":"","header-main-stick-meta":"","header-below-stick-meta":"","astra-migrate-meta-layouts":"set","ast-page-background-enabled":"default","ast-page-background-meta":{"desktop":{"background-color":"var(--ast-global-color-5)","background-image":"","background-repeat":"repeat","background-position":"center center","background-size":"auto","background-attachment":"scroll","background-type":"","background-media":"","overlay-type":"","overlay-color":"","overlay-opacity":"","overlay-gradient":""},"tablet":{"background-color":"","background-image":"","background-repeat":"repeat","background-position":"center center","background-size":"auto","background-attachment":"scroll","background-type":"","background-media":"","overlay-type":"","overlay-color":"","overlay-opacity":"","overlay-gradient":""},"mobile":{"background-color":"","background-image":"","background-repeat":"repeat","background-position":"center center","background-size":"auto","background-attachment":"scroll","background-type":"","background-media":"","overlay-type":"","overlay-color":"","overlay-opacity":"","overlay-gradient":""}},"ast-content-background-meta":{"desktop":{"background-color":"var(--ast-global-color-4)","background-image":"","background-repeat":"repeat","background-position":"center center","background-size":"auto","background-attachment":"scroll","background-type":"","background-media":"","overlay-type":"","overlay-color":"","overlay-opacity":"","overlay-gradient":""},"tablet":{"background-color":"var(--ast-global-color-4)","background-image":"","background-repeat":"repeat","background-position":"center center","background-size":"auto","background-attachment":"scroll","background-type":"","background-media":"","overlay-type":"","overlay-color":"","overlay-opacity":"","overlay-gradient":""},"mobile":{"background-color":"var(--ast-global-color-4)","background-image":"","background-repeat":"repeat","background-position":"center center","background-size":"auto","background-attachment":"scroll","background-type":"","background-media":"","overlay-type":"","overlay-color":"","overlay-opacity":"","overlay-gradient":""}}},"product_brand":[99],"product_cat":[74],"product_tag":[],"class_list":{"0":"post-5263","1":"product","2":"type-product","3":"status-publish","4":"has-post-thumbnail","6":"product_brand-liqui-moly","7":"product_cat-auduma-sedeklu-un-paklaju-tirisanai","8":"pa_tilpums-300-ml","9":"pa_zimols-liqui-moly","10":"desktop-align-left","11":"tablet-align-left","12":"mobile-align-left","14":"first","15":"instock","16":"taxable","17":"shipping-taxable","18":"purchasable","19":"product-type-simple"},"yoast_head":"<!-- This site is optimized with the Yoast SEO plugin v27.4 - https:\/\/yoast.com\/product\/yoast-seo-wordpress\/ -->\n<title>LIQUI MOLY T\u012bro\u0161as putas p\u0101rvalkiem 300ml - detailingclub.lv<\/title>\n<meta name=\"robots\" content=\"index, follow, max-snippet:-1, max-image-preview:large, max-video-preview:-1\" \/>\n<link rel=\"canonical\" href=\"https:\/\/detailingclub.lv\/ru\/product\/liqui-moly-tirosas-putas-parvalkiem-300ml\/\" \/>\n<meta property=\"og:locale\" content=\"ru_RU\" \/>\n<meta property=\"og:type\" content=\"article\" \/>\n<meta property=\"og:title\" content=\"LIQUI MOLY T\u012bro\u0161as putas p\u0101rvalkiem 300ml - detailingclub.lv\" \/>\n<meta property=\"og:description\" content=\"LIQUI MOLY T\u012bro\u0161as putas p\u0101rvalkiem 300ml\" \/>\n<meta property=\"og:url\" content=\"https:\/\/detailingclub.lv\/ru\/product\/liqui-moly-tirosas-putas-parvalkiem-300ml\/\" \/>\n<meta property=\"og:site_name\" content=\"detailingclub.lv\" \/>\n<meta property=\"article:modified_time\" content=\"2026-04-21T17:10:55+00:00\" \/>\n<meta property=\"og:image\" content=\"https:\/\/detailingclub.lv\/wp-content\/uploads\/2026\/04\/5922.jpg\" \/>\n\t<meta property=\"og:image:width\" content=\"375\" \/>\n\t<meta property=\"og:image:height\" content=\"1200\" \/>\n\t<meta property=\"og:image:type\" content=\"image\/jpeg\" \/>\n<meta name=\"twitter:card\" content=\"summary_large_image\" \/>\n<meta name=\"twitter:label1\" content=\"\u041f\u0440\u0438\u043c\u0435\u0440\u043d\u043e\u0435 \u0432\u0440\u0435\u043c\u044f \u0434\u043b\u044f \u0447\u0442\u0435\u043d\u0438\u044f\" \/>\n\t<meta name=\"twitter:data1\" content=\"2 \u043c\u0438\u043d\u0443\u0442\u044b\" \/>\n<script type=\"application\/ld+json\" class=\"yoast-schema-graph\">{\"@context\":\"https:\\\/\\\/schema.org\",\"@graph\":[{\"@type\":\"WebPage\",\"@id\":\"https:\\\/\\\/detailingclub.lv\\\/products\\\/liqui-moly-tirosas-putas-parvalkiem-300ml\\\/\",\"url\":\"https:\\\/\\\/detailingclub.lv\\\/products\\\/liqui-moly-tirosas-putas-parvalkiem-300ml\\\/\",\"name\":\"LIQUI MOLY T\u012bro\u0161as putas p\u0101rvalkiem 300ml - detailingclub.lv\",\"isPartOf\":{\"@id\":\"https:\\\/\\\/detailingclub.lv\\\/#website\"},\"primaryImageOfPage\":{\"@id\":\"https:\\\/\\\/detailingclub.lv\\\/products\\\/liqui-moly-tirosas-putas-parvalkiem-300ml\\\/#primaryimage\"},\"image\":{\"@id\":\"https:\\\/\\\/detailingclub.lv\\\/products\\\/liqui-moly-tirosas-putas-parvalkiem-300ml\\\/#primaryimage\"},\"thumbnailUrl\":\"https:\\\/\\\/detailingclub.lv\\\/wp-content\\\/uploads\\\/2026\\\/04\\\/5922.jpg\",\"datePublished\":\"2026-04-21T15:10:03+00:00\",\"dateModified\":\"2026-04-21T17:10:55+00:00\",\"breadcrumb\":{\"@id\":\"https:\\\/\\\/detailingclub.lv\\\/products\\\/liqui-moly-tirosas-putas-parvalkiem-300ml\\\/#breadcrumb\"},\"inLanguage\":\"ru-RU\",\"potentialAction\":[{\"@type\":\"ReadAction\",\"target\":[\"https:\\\/\\\/detailingclub.lv\\\/products\\\/liqui-moly-tirosas-putas-parvalkiem-300ml\\\/\"]}]},{\"@type\":\"ImageObject\",\"inLanguage\":\"ru-RU\",\"@id\":\"https:\\\/\\\/detailingclub.lv\\\/products\\\/liqui-moly-tirosas-putas-parvalkiem-300ml\\\/#primaryimage\",\"url\":\"https:\\\/\\\/detailingclub.lv\\\/wp-content\\\/uploads\\\/2026\\\/04\\\/5922.jpg\",\"contentUrl\":\"https:\\\/\\\/detailingclub.lv\\\/wp-content\\\/uploads\\\/2026\\\/04\\\/5922.jpg\",\"width\":375,\"height\":1200},{\"@type\":\"BreadcrumbList\",\"@id\":\"https:\\\/\\\/detailingclub.lv\\\/products\\\/liqui-moly-tirosas-putas-parvalkiem-300ml\\\/#breadcrumb\",\"itemListElement\":[{\"@type\":\"ListItem\",\"position\":1,\"name\":\"Home\",\"item\":\"https:\\\/\\\/detailingclub.lv\\\/\"},{\"@type\":\"ListItem\",\"position\":2,\"name\":\"VEIKALS\",\"item\":\"https:\\\/\\\/detailingclub.lv\\\/veikals\\\/\"},{\"@type\":\"ListItem\",\"position\":3,\"name\":\"LIQUI MOLY T\u012bro\u0161as putas p\u0101rvalkiem 300ml\"}]},{\"@type\":\"WebSite\",\"@id\":\"https:\\\/\\\/detailingclub.lv\\\/#website\",\"url\":\"https:\\\/\\\/detailingclub.lv\\\/\",\"name\":\"detailingclub.lv\",\"description\":\"\",\"publisher\":{\"@id\":\"https:\\\/\\\/detailingclub.lv\\\/#organization\"},\"potentialAction\":[{\"@type\":\"SearchAction\",\"target\":{\"@type\":\"EntryPoint\",\"urlTemplate\":\"https:\\\/\\\/detailingclub.lv\\\/?s={search_term_string}\"},\"query-input\":{\"@type\":\"PropertyValueSpecification\",\"valueRequired\":true,\"valueName\":\"search_term_string\"}}],\"inLanguage\":\"ru-RU\"},{\"@type\":\"Organization\",\"@id\":\"https:\\\/\\\/detailingclub.lv\\\/#organization\",\"name\":\"detailingclub.lv\",\"url\":\"https:\\\/\\\/detailingclub.lv\\\/\",\"logo\":{\"@type\":\"ImageObject\",\"inLanguage\":\"ru-RU\",\"@id\":\"https:\\\/\\\/detailingclub.lv\\\/#\\\/schema\\\/logo\\\/image\\\/\",\"url\":\"https:\\\/\\\/detailingclub.lv\\\/wp-content\\\/uploads\\\/2026\\\/05\\\/cropped-LOGO-\u0434\u043b\u0438\u043d\u043d\u043e\u0435-\u0431\u0435\u043b\u043e\u0435-\u0441-\u043d\u0430\u043a\u043b\u043e\u043d\u043e\u043c.png\",\"contentUrl\":\"https:\\\/\\\/detailingclub.lv\\\/wp-content\\\/uploads\\\/2026\\\/05\\\/cropped-LOGO-\u0434\u043b\u0438\u043d\u043d\u043e\u0435-\u0431\u0435\u043b\u043e\u0435-\u0441-\u043d\u0430\u043a\u043b\u043e\u043d\u043e\u043c.png\",\"width\":1140,\"height\":111,\"caption\":\"detailingclub.lv\"},\"image\":{\"@id\":\"https:\\\/\\\/detailingclub.lv\\\/#\\\/schema\\\/logo\\\/image\\\/\"}}]}<\/script>\n<!-- \/ Yoast SEO plugin. -->","yoast_head_json":{"title":"LIQUI MOLY T\u012bro\u0161as putas p\u0101rvalkiem 300ml - detailingclub.lv","robots":{"index":"index","follow":"follow","max-snippet":"max-snippet:-1","max-image-preview":"max-image-preview:large","max-video-preview":"max-video-preview:-1"},"canonical":"https:\/\/detailingclub.lv\/ru\/product\/liqui-moly-tirosas-putas-parvalkiem-300ml\/","og_locale":"ru_RU","og_type":"article","og_title":"LIQUI MOLY T\u012bro\u0161as putas p\u0101rvalkiem 300ml - detailingclub.lv","og_description":"LIQUI MOLY T\u012bro\u0161as putas p\u0101rvalkiem 300ml","og_url":"https:\/\/detailingclub.lv\/ru\/product\/liqui-moly-tirosas-putas-parvalkiem-300ml\/","og_site_name":"detailingclub.lv","article_modified_time":"2026-04-21T17:10:55+00:00","og_image":[{"width":375,"height":1200,"url":"https:\/\/detailingclub.lv\/wp-content\/uploads\/2026\/04\/5922.jpg","type":"image\/jpeg"}],"twitter_card":"summary_large_image","twitter_misc":{"\u041f\u0440\u0438\u043c\u0435\u0440\u043d\u043e\u0435 \u0432\u0440\u0435\u043c\u044f \u0434\u043b\u044f \u0447\u0442\u0435\u043d\u0438\u044f":"2 \u043c\u0438\u043d\u0443\u0442\u044b"},"schema":{"@context":"https:\/\/schema.org","@graph":[{"@type":"WebPage","@id":"https:\/\/detailingclub.lv\/products\/liqui-moly-tirosas-putas-parvalkiem-300ml\/","url":"https:\/\/detailingclub.lv\/products\/liqui-moly-tirosas-putas-parvalkiem-300ml\/","name":"LIQUI MOLY T\u012bro\u0161as putas p\u0101rvalkiem 300ml - detailingclub.lv","isPartOf":{"@id":"https:\/\/detailingclub.lv\/#website"},"primaryImageOfPage":{"@id":"https:\/\/detailingclub.lv\/products\/liqui-moly-tirosas-putas-parvalkiem-300ml\/#primaryimage"},"image":{"@id":"https:\/\/detailingclub.lv\/products\/liqui-moly-tirosas-putas-parvalkiem-300ml\/#primaryimage"},"thumbnailUrl":"https:\/\/detailingclub.lv\/wp-content\/uploads\/2026\/04\/5922.jpg","datePublished":"2026-04-21T15:10:03+00:00","dateModified":"2026-04-21T17:10:55+00:00","breadcrumb":{"@id":"https:\/\/detailingclub.lv\/products\/liqui-moly-tirosas-putas-parvalkiem-300ml\/#breadcrumb"},"inLanguage":"ru-RU","potentialAction":[{"@type":"ReadAction","target":["https:\/\/detailingclub.lv\/products\/liqui-moly-tirosas-putas-parvalkiem-300ml\/"]}]},{"@type":"ImageObject","inLanguage":"ru-RU","@id":"https:\/\/detailingclub.lv\/products\/liqui-moly-tirosas-putas-parvalkiem-300ml\/#primaryimage","url":"https:\/\/detailingclub.lv\/wp-content\/uploads\/2026\/04\/5922.jpg","contentUrl":"https:\/\/detailingclub.lv\/wp-content\/uploads\/2026\/04\/5922.jpg","width":375,"height":1200},{"@type":"BreadcrumbList","@id":"https:\/\/detailingclub.lv\/products\/liqui-moly-tirosas-putas-parvalkiem-300ml\/#breadcrumb","itemListElement":[{"@type":"ListItem","position":1,"name":"Home","item":"https:\/\/detailingclub.lv\/"},{"@type":"ListItem","position":2,"name":"VEIKALS","item":"https:\/\/detailingclub.lv\/veikals\/"},{"@type":"ListItem","position":3,"name":"LIQUI MOLY T\u012bro\u0161as putas p\u0101rvalkiem 300ml"}]},{"@type":"WebSite","@id":"https:\/\/detailingclub.lv\/#website","url":"https:\/\/detailingclub.lv\/","name":"detailingclub.lv","description":"","publisher":{"@id":"https:\/\/detailingclub.lv\/#organization"},"potentialAction":[{"@type":"SearchAction","target":{"@type":"EntryPoint","urlTemplate":"https:\/\/detailingclub.lv\/?s={search_term_string}"},"query-input":{"@type":"PropertyValueSpecification","valueRequired":true,"valueName":"search_term_string"}}],"inLanguage":"ru-RU"},{"@type":"Organization","@id":"https:\/\/detailingclub.lv\/#organization","name":"detailingclub.lv","url":"https:\/\/detailingclub.lv\/","logo":{"@type":"ImageObject","inLanguage":"ru-RU","@id":"https:\/\/detailingclub.lv\/#\/schema\/logo\/image\/","url":"https:\/\/detailingclub.lv\/wp-content\/uploads\/2026\/05\/cropped-LOGO-\u0434\u043b\u0438\u043d\u043d\u043e\u0435-\u0431\u0435\u043b\u043e\u0435-\u0441-\u043d\u0430\u043a\u043b\u043e\u043d\u043e\u043c.png","contentUrl":"https:\/\/detailingclub.lv\/wp-content\/uploads\/2026\/05\/cropped-LOGO-\u0434\u043b\u0438\u043d\u043d\u043e\u0435-\u0431\u0435\u043b\u043e\u0435-\u0441-\u043d\u0430\u043a\u043b\u043e\u043d\u043e\u043c.png","width":1140,"height":111,"caption":"detailingclub.lv"},"image":{"@id":"https:\/\/detailingclub.lv\/#\/schema\/logo\/image\/"}}]}},"jetpack_sharing_enabled":true,"_links":{"self":[{"href":"https:\/\/detailingclub.lv\/ru\/wp-json\/wp\/v2\/product\/5263","targetHints":{"allow":["GET"]}}],"collection":[{"href":"https:\/\/detailingclub.lv\/ru\/wp-json\/wp\/v2\/product"}],"about":[{"href":"https:\/\/detailingclub.lv\/ru\/wp-json\/wp\/v2\/types\/product"}],"replies":[{"embeddable":true,"href":"https:\/\/detailingclub.lv\/ru\/wp-json\/wp\/v2\/comments?post=5263"}],"wp:featuredmedia":[{"embeddable":true,"href":"https:\/\/detailingclub.lv\/ru\/wp-json\/wp\/v2\/media\/3556"}],"wp:attachment":[{"href":"https:\/\/detailingclub.lv\/ru\/wp-json\/wp\/v2\/media?parent=5263"}],"wp:term":[{"taxonomy":"product_brand","embeddable":true,"href":"https:\/\/detailingclub.lv\/ru\/wp-json\/wp\/v2\/product_brand?post=5263"},{"taxonomy":"product_cat","embeddable":true,"href":"https:\/\/detailingclub.lv\/ru\/wp-json\/wp\/v2\/product_cat?post=5263"},{"taxonomy":"product_tag","embeddable":true,"href":"https:\/\/detailingclub.lv\/ru\/wp-json\/wp\/v2\/product_tag?post=5263"}],"curies":[{"name":"wp","href":"https:\/\/api.w.org\/{rel}","templated":true}]}}