{"id":5260,"date":"2026-04-21T15:10:03","date_gmt":"2026-04-21T15:10:03","guid":{"rendered":"https:\/\/detailingclub.lv\/products\/sonax-mikro-skiedras-audums-virsmas-tirisanai-2gab\/"},"modified":"2026-04-28T17:37:35","modified_gmt":"2026-04-28T17:37:35","slug":"sonax-mikro-skiedras-audums-virsmas-tirisanai-2gab","status":"publish","type":"product","link":"https:\/\/detailingclub.lv\/ru\/product\/sonax-mikro-skiedras-audums-virsmas-tirisanai-2gab\/","title":{"rendered":"SONAX Mikro \u0161\u0137iedras audums virsmas t\u012br\u012b\u0161anai 2gab."},"content":{"rendered":"<p data-start=\"56\" data-end=\"288\">Ja p\u0113c t\u012br\u012b\u0161anas paliek sv\u012btras, p\u016bkas vai \u201cdu\u013c\u0137ains\u201d stikls \u2014 probl\u0113ma gandr\u012bz vienm\u0113r ir nepareizs audums. SONAX mikro\u0161\u0137iedras dr\u0101nas ir rad\u012btas, lai nodro\u0161in\u0101tu <strong data-start=\"220\" data-end=\"287\">perfekti t\u012bru rezult\u0101tu bez sv\u012btr\u0101m un bez riska saboj\u0101t virsmu<\/strong>.<\/p>\n<p data-start=\"290\" data-end=\"461\">T\u0101s izmanto \u012bpa\u0161u mikro\u0161\u0137iedras strukt\u016bru, kas sav\u0101c net\u012brumus un mitrumu sev\u012b, nevis izsm\u0113r\u0113 pa virsmu. Rezult\u0101ts \u2014 t\u012brs stikls, panelis un plastmasa ar minim\u0101lu piep\u016bli.<\/p>\n<h5 data-start=\"290\" data-end=\"461\"><strong>Izm\u0113rs 40 x 40 cm<\/strong><\/h5>\n<hr data-start=\"463\" data-end=\"466\" \/>\n<p data-start=\"468\" data-end=\"493\"><strong data-start=\"468\" data-end=\"493\">K\u0101p\u0113c tas ir svar\u012bgi:<\/strong><\/p>\n<ul data-start=\"494\" data-end=\"798\">\n<li data-section-id=\"1mzdjac\" data-start=\"494\" data-end=\"570\">T\u012bra bez sv\u012btr\u0101m, p\u016bk\u0101m un ple\u0137iem<\/li>\n<li data-section-id=\"14lfnde\" data-start=\"571\" data-end=\"659\">Efekt\u012bvi sav\u0101c net\u012brumus un mitrumu no virsmas<\/li>\n<li data-section-id=\"1idg6dm\" data-start=\"660\" data-end=\"755\">Dro\u0161s pat jut\u012bg\u0101m virsm\u0101m (ekr\u0101ni, plastmasa, stikls)<\/li>\n<li data-section-id=\"1wt9e5g\" data-start=\"756\" data-end=\"798\">Uzlabo t\u012br\u012b\u0161anas l\u012bdzek\u013cu efektivit\u0101ti<\/li>\n<\/ul>\n<hr data-start=\"800\" data-end=\"803\" \/>\n<p data-start=\"805\" data-end=\"832\"><strong data-start=\"805\" data-end=\"832\">Galven\u0101s priek\u0161roc\u012bbas:<\/strong><\/p>\n<ul data-start=\"833\" data-end=\"1231\">\n<li data-section-id=\"1qcn202\" data-start=\"833\" data-end=\"918\">Augstas kvalit\u0101tes mikro\u0161\u0137iedra (bez p\u016bk\u0101m)<\/li>\n<li data-section-id=\"1qk2wkl\" data-start=\"919\" data-end=\"996\">Var lietot <strong data-start=\"932\" data-end=\"956\">gan mitru, gan sausu<\/strong><\/li>\n<li data-section-id=\"1m4q1bu\" data-start=\"997\" data-end=\"1087\">Ide\u0101li stiklam, spogu\u013ciem, plastmasai un salonam<\/li>\n<li data-section-id=\"14wzyoa\" data-start=\"1088\" data-end=\"1178\">Mazg\u0101jams un atk\u0101rtoti lietojams (l\u012bdz ~40\u201360\u00b0C)<\/li>\n<li data-section-id=\"wu28og\" data-start=\"1179\" data-end=\"1231\">2 gab. komplekts \u2013 praktiski ikdienas lieto\u0161anai<\/li>\n<\/ul>\n<hr data-start=\"1233\" data-end=\"1236\" \/>\n<h3 data-section-id=\"1qesste\" data-start=\"1238\" data-end=\"1283\"><span role=\"text\"><strong data-start=\"1242\" data-end=\"1283\">K\u0101 lietot (p\u0113c ra\u017eot\u0101ja ieteikumiem):<\/strong><\/span><\/h3>\n<ul data-start=\"1284\" data-end=\"1621\">\n<li data-section-id=\"1k6io91\" data-start=\"1284\" data-end=\"1342\">Lietot <strong data-start=\"1293\" data-end=\"1302\">sausu<\/strong> \u2013 putek\u013cu noslauc\u012b\u0161anai vai pul\u0113\u0161anai<\/li>\n<li data-section-id=\"1uhr0wi\" data-start=\"1343\" data-end=\"1448\">Lietot <strong data-start=\"1352\" data-end=\"1387\">mitru vai ar t\u012br\u012b\u0161anas l\u012bdzekli<\/strong> \u2013 dzi\u013c\u0101kai t\u012br\u012b\u0161anai<\/li>\n<li data-section-id=\"11b6sim\" data-start=\"1449\" data-end=\"1505\">Noslauc\u012bt virsmu ar viegl\u0101m kust\u012bb\u0101m (bez spiediena)<\/li>\n<li data-section-id=\"1mld1fv\" data-start=\"1506\" data-end=\"1590\">P\u0113c lieto\u0161anas izmazg\u0101t (bez m\u012bkstin\u0101t\u0101ja)<\/li>\n<li data-section-id=\"1tzx5ny\" data-start=\"1591\" data-end=\"1621\">Ne\u017e\u0101v\u0113t augst\u0101 temperat\u016br\u0101<\/li>\n<\/ul>\n<hr data-start=\"1623\" data-end=\"1626\" \/>\n<p data-start=\"1628\" data-end=\"1643\"><strong data-start=\"1628\" data-end=\"1643\">Kad lietot:<\/strong><\/p>\n<ul data-start=\"1644\" data-end=\"1773\">\n<li data-section-id=\"1ujsqjw\" data-start=\"1644\" data-end=\"1675\">Stikla un spogu\u013cu t\u012br\u012b\u0161anai<\/li>\n<li data-section-id=\"qbg15d\" data-start=\"1676\" data-end=\"1709\">Pane\u013ca un plastmasas kop\u0161anai<\/li>\n<li data-section-id=\"am3vlh\" data-start=\"1710\" data-end=\"1741\">Ekr\u0101niem un jut\u012bg\u0101m virsm\u0101m<\/li>\n<li data-section-id=\"121guix\" data-start=\"1742\" data-end=\"1773\">Ikdienas salona uztur\u0113\u0161anai<\/li>\n<\/ul>\n<p data-start=\"1775\" data-end=\"1911\">\u0160is ir viens no svar\u012bg\u0101kajiem detailing instrumentiem \u2014 jo pat lab\u0101kais t\u012br\u012b\u0161anas l\u012bdzeklis nedos rezult\u0101tu, ja izmanto nepareizu dr\u0101nu.<\/p>","protected":false},"excerpt":{"rendered":"<h2>SONAX Mikro \u0161\u0137iedras audums virsmas t\u012br\u012b\u0161anai 2gab.<\/h2>","protected":false},"featured_media":3550,"comment_status":"open","ping_status":"closed","template":"","meta":{"site-sidebar-layout":"default","site-content-layout":"","ast-site-content-layout":"default","site-content-style":"default","site-sidebar-style":"default","ast-global-header-display":"","ast-banner-title-visibility":"","ast-main-header-display":"","ast-hfb-above-header-display":"","ast-hfb-below-header-display":"","ast-hfb-mobile-header-display":"","site-post-title":"","ast-breadcrumbs-content":"","ast-featured-img":"","footer-sml-layout":"","ast-disable-related-posts":"","theme-transparent-header-meta":"default","adv-header-id-meta":"","stick-header-meta":"","header-above-stick-meta":"","header-main-stick-meta":"","header-below-stick-meta":"","astra-migrate-meta-layouts":"set","ast-page-background-enabled":"default","ast-page-background-meta":{"desktop":{"background-color":"var(--ast-global-color-5)","background-image":"","background-repeat":"repeat","background-position":"center center","background-size":"auto","background-attachment":"scroll","background-type":"","background-media":"","overlay-type":"","overlay-color":"","overlay-opacity":"","overlay-gradient":""},"tablet":{"background-color":"","background-image":"","background-repeat":"repeat","background-position":"center center","background-size":"auto","background-attachment":"scroll","background-type":"","background-media":"","overlay-type":"","overlay-color":"","overlay-opacity":"","overlay-gradient":""},"mobile":{"background-color":"","background-image":"","background-repeat":"repeat","background-position":"center center","background-size":"auto","background-attachment":"scroll","background-type":"","background-media":"","overlay-type":"","overlay-color":"","overlay-opacity":"","overlay-gradient":""}},"ast-content-background-meta":{"desktop":{"background-color":"var(--ast-global-color-4)","background-image":"","background-repeat":"repeat","background-position":"center center","background-size":"auto","background-attachment":"scroll","background-type":"","background-media":"","overlay-type":"","overlay-color":"","overlay-opacity":"","overlay-gradient":""},"tablet":{"background-color":"var(--ast-global-color-4)","background-image":"","background-repeat":"repeat","background-position":"center center","background-size":"auto","background-attachment":"scroll","background-type":"","background-media":"","overlay-type":"","overlay-color":"","overlay-opacity":"","overlay-gradient":""},"mobile":{"background-color":"var(--ast-global-color-4)","background-image":"","background-repeat":"repeat","background-position":"center center","background-size":"auto","background-attachment":"scroll","background-type":"","background-media":"","overlay-type":"","overlay-color":"","overlay-opacity":"","overlay-gradient":""}}},"product_brand":[101],"product_cat":[93],"product_tag":[],"class_list":{"0":"post-5260","1":"product","2":"type-product","3":"status-publish","4":"has-post-thumbnail","6":"product_brand-sonax","7":"product_cat-mikroskiedras-dvieli-un-salvetes","8":"pa_zimols-sonax","9":"desktop-align-left","10":"tablet-align-left","11":"mobile-align-left","13":"first","14":"instock","15":"taxable","16":"shipping-taxable","17":"purchasable","18":"product-type-simple"},"yoast_head":"<!-- This site is optimized with the Yoast SEO plugin v27.4 - https:\/\/yoast.com\/product\/yoast-seo-wordpress\/ -->\n<title>SONAX Mikro \u0161\u0137iedras audums virsmas t\u012br\u012b\u0161anai 2gab. - detailingclub.lv<\/title>\n<meta name=\"description\" content=\"SONAX mikro\u0161\u0137iedras audums 2gab. efekt\u012bvai auto salona un stikla t\u012br\u012b\u0161anai bez sv\u012btr\u0101m. Mazg\u0101jams, bez p\u016bk\u0101m un dro\u0161s vis\u0101m virsm\u0101m.\" \/>\n<meta name=\"robots\" content=\"index, follow, max-snippet:-1, max-image-preview:large, max-video-preview:-1\" \/>\n<link rel=\"canonical\" href=\"https:\/\/detailingclub.lv\/ru\/product\/sonax-mikro-skiedras-audums-virsmas-tirisanai-2gab\/\" \/>\n<meta property=\"og:locale\" content=\"ru_RU\" \/>\n<meta property=\"og:type\" content=\"article\" \/>\n<meta property=\"og:title\" content=\"SONAX Mikro \u0161\u0137iedras audums virsmas t\u012br\u012b\u0161anai 2gab. - detailingclub.lv\" \/>\n<meta property=\"og:description\" content=\"SONAX mikro\u0161\u0137iedras audums 2gab. efekt\u012bvai auto salona un stikla t\u012br\u012b\u0161anai bez sv\u012btr\u0101m. Mazg\u0101jams, bez p\u016bk\u0101m un dro\u0161s vis\u0101m virsm\u0101m.\" \/>\n<meta property=\"og:url\" content=\"https:\/\/detailingclub.lv\/ru\/product\/sonax-mikro-skiedras-audums-virsmas-tirisanai-2gab\/\" \/>\n<meta property=\"og:site_name\" content=\"detailingclub.lv\" \/>\n<meta property=\"article:modified_time\" content=\"2026-04-28T17:37:35+00:00\" \/>\n<meta property=\"og:image\" content=\"https:\/\/detailingclub.lv\/wp-content\/uploads\/2026\/04\/5892.jpg\" \/>\n\t<meta property=\"og:image:width\" content=\"818\" \/>\n\t<meta property=\"og:image:height\" content=\"1200\" \/>\n\t<meta property=\"og:image:type\" content=\"image\/jpeg\" \/>\n<meta name=\"twitter:card\" content=\"summary_large_image\" \/>\n<meta name=\"twitter:label1\" content=\"\u041f\u0440\u0438\u043c\u0435\u0440\u043d\u043e\u0435 \u0432\u0440\u0435\u043c\u044f \u0434\u043b\u044f \u0447\u0442\u0435\u043d\u0438\u044f\" \/>\n\t<meta name=\"twitter:data1\" content=\"2 \u043c\u0438\u043d\u0443\u0442\u044b\" \/>\n<script type=\"application\/ld+json\" class=\"yoast-schema-graph\">{\"@context\":\"https:\\\/\\\/schema.org\",\"@graph\":[{\"@type\":\"WebPage\",\"@id\":\"https:\\\/\\\/detailingclub.lv\\\/products\\\/sonax-mikro-skiedras-audums-virsmas-tirisanai-2gab\\\/\",\"url\":\"https:\\\/\\\/detailingclub.lv\\\/products\\\/sonax-mikro-skiedras-audums-virsmas-tirisanai-2gab\\\/\",\"name\":\"SONAX Mikro \u0161\u0137iedras audums virsmas t\u012br\u012b\u0161anai 2gab. - detailingclub.lv\",\"isPartOf\":{\"@id\":\"https:\\\/\\\/detailingclub.lv\\\/#website\"},\"primaryImageOfPage\":{\"@id\":\"https:\\\/\\\/detailingclub.lv\\\/products\\\/sonax-mikro-skiedras-audums-virsmas-tirisanai-2gab\\\/#primaryimage\"},\"image\":{\"@id\":\"https:\\\/\\\/detailingclub.lv\\\/products\\\/sonax-mikro-skiedras-audums-virsmas-tirisanai-2gab\\\/#primaryimage\"},\"thumbnailUrl\":\"https:\\\/\\\/detailingclub.lv\\\/wp-content\\\/uploads\\\/2026\\\/04\\\/5892.jpg\",\"datePublished\":\"2026-04-21T15:10:03+00:00\",\"dateModified\":\"2026-04-28T17:37:35+00:00\",\"description\":\"SONAX mikro\u0161\u0137iedras audums 2gab. efekt\u012bvai auto salona un stikla t\u012br\u012b\u0161anai bez sv\u012btr\u0101m. Mazg\u0101jams, bez p\u016bk\u0101m un dro\u0161s vis\u0101m virsm\u0101m.\",\"breadcrumb\":{\"@id\":\"https:\\\/\\\/detailingclub.lv\\\/products\\\/sonax-mikro-skiedras-audums-virsmas-tirisanai-2gab\\\/#breadcrumb\"},\"inLanguage\":\"ru-RU\",\"potentialAction\":[{\"@type\":\"ReadAction\",\"target\":[\"https:\\\/\\\/detailingclub.lv\\\/products\\\/sonax-mikro-skiedras-audums-virsmas-tirisanai-2gab\\\/\"]}]},{\"@type\":\"ImageObject\",\"inLanguage\":\"ru-RU\",\"@id\":\"https:\\\/\\\/detailingclub.lv\\\/products\\\/sonax-mikro-skiedras-audums-virsmas-tirisanai-2gab\\\/#primaryimage\",\"url\":\"https:\\\/\\\/detailingclub.lv\\\/wp-content\\\/uploads\\\/2026\\\/04\\\/5892.jpg\",\"contentUrl\":\"https:\\\/\\\/detailingclub.lv\\\/wp-content\\\/uploads\\\/2026\\\/04\\\/5892.jpg\",\"width\":818,\"height\":1200},{\"@type\":\"BreadcrumbList\",\"@id\":\"https:\\\/\\\/detailingclub.lv\\\/products\\\/sonax-mikro-skiedras-audums-virsmas-tirisanai-2gab\\\/#breadcrumb\",\"itemListElement\":[{\"@type\":\"ListItem\",\"position\":1,\"name\":\"Home\",\"item\":\"https:\\\/\\\/detailingclub.lv\\\/\"},{\"@type\":\"ListItem\",\"position\":2,\"name\":\"VEIKALS\",\"item\":\"https:\\\/\\\/detailingclub.lv\\\/veikals\\\/\"},{\"@type\":\"ListItem\",\"position\":3,\"name\":\"SONAX Mikro \u0161\u0137iedras audums virsmas t\u012br\u012b\u0161anai 2gab.\"}]},{\"@type\":\"WebSite\",\"@id\":\"https:\\\/\\\/detailingclub.lv\\\/#website\",\"url\":\"https:\\\/\\\/detailingclub.lv\\\/\",\"name\":\"detailingclub.lv\",\"description\":\"\",\"publisher\":{\"@id\":\"https:\\\/\\\/detailingclub.lv\\\/#organization\"},\"potentialAction\":[{\"@type\":\"SearchAction\",\"target\":{\"@type\":\"EntryPoint\",\"urlTemplate\":\"https:\\\/\\\/detailingclub.lv\\\/?s={search_term_string}\"},\"query-input\":{\"@type\":\"PropertyValueSpecification\",\"valueRequired\":true,\"valueName\":\"search_term_string\"}}],\"inLanguage\":\"ru-RU\"},{\"@type\":\"Organization\",\"@id\":\"https:\\\/\\\/detailingclub.lv\\\/#organization\",\"name\":\"detailingclub.lv\",\"url\":\"https:\\\/\\\/detailingclub.lv\\\/\",\"logo\":{\"@type\":\"ImageObject\",\"inLanguage\":\"ru-RU\",\"@id\":\"https:\\\/\\\/detailingclub.lv\\\/#\\\/schema\\\/logo\\\/image\\\/\",\"url\":\"https:\\\/\\\/detailingclub.lv\\\/wp-content\\\/uploads\\\/2026\\\/05\\\/cropped-LOGO-\u0434\u043b\u0438\u043d\u043d\u043e\u0435-\u0431\u0435\u043b\u043e\u0435-\u0441-\u043d\u0430\u043a\u043b\u043e\u043d\u043e\u043c.png\",\"contentUrl\":\"https:\\\/\\\/detailingclub.lv\\\/wp-content\\\/uploads\\\/2026\\\/05\\\/cropped-LOGO-\u0434\u043b\u0438\u043d\u043d\u043e\u0435-\u0431\u0435\u043b\u043e\u0435-\u0441-\u043d\u0430\u043a\u043b\u043e\u043d\u043e\u043c.png\",\"width\":1140,\"height\":111,\"caption\":\"detailingclub.lv\"},\"image\":{\"@id\":\"https:\\\/\\\/detailingclub.lv\\\/#\\\/schema\\\/logo\\\/image\\\/\"}}]}<\/script>\n<!-- \/ Yoast SEO plugin. -->","yoast_head_json":{"title":"SONAX Mikro \u0161\u0137iedras audums virsmas t\u012br\u012b\u0161anai 2gab. - detailingclub.lv","description":"SONAX mikro\u0161\u0137iedras audums 2gab. efekt\u012bvai auto salona un stikla t\u012br\u012b\u0161anai bez sv\u012btr\u0101m. Mazg\u0101jams, bez p\u016bk\u0101m un dro\u0161s vis\u0101m virsm\u0101m.","robots":{"index":"index","follow":"follow","max-snippet":"max-snippet:-1","max-image-preview":"max-image-preview:large","max-video-preview":"max-video-preview:-1"},"canonical":"https:\/\/detailingclub.lv\/ru\/product\/sonax-mikro-skiedras-audums-virsmas-tirisanai-2gab\/","og_locale":"ru_RU","og_type":"article","og_title":"SONAX Mikro \u0161\u0137iedras audums virsmas t\u012br\u012b\u0161anai 2gab. - detailingclub.lv","og_description":"SONAX mikro\u0161\u0137iedras audums 2gab. efekt\u012bvai auto salona un stikla t\u012br\u012b\u0161anai bez sv\u012btr\u0101m. Mazg\u0101jams, bez p\u016bk\u0101m un dro\u0161s vis\u0101m virsm\u0101m.","og_url":"https:\/\/detailingclub.lv\/ru\/product\/sonax-mikro-skiedras-audums-virsmas-tirisanai-2gab\/","og_site_name":"detailingclub.lv","article_modified_time":"2026-04-28T17:37:35+00:00","og_image":[{"width":818,"height":1200,"url":"https:\/\/detailingclub.lv\/wp-content\/uploads\/2026\/04\/5892.jpg","type":"image\/jpeg"}],"twitter_card":"summary_large_image","twitter_misc":{"\u041f\u0440\u0438\u043c\u0435\u0440\u043d\u043e\u0435 \u0432\u0440\u0435\u043c\u044f \u0434\u043b\u044f \u0447\u0442\u0435\u043d\u0438\u044f":"2 \u043c\u0438\u043d\u0443\u0442\u044b"},"schema":{"@context":"https:\/\/schema.org","@graph":[{"@type":"WebPage","@id":"https:\/\/detailingclub.lv\/products\/sonax-mikro-skiedras-audums-virsmas-tirisanai-2gab\/","url":"https:\/\/detailingclub.lv\/products\/sonax-mikro-skiedras-audums-virsmas-tirisanai-2gab\/","name":"SONAX Mikro \u0161\u0137iedras audums virsmas t\u012br\u012b\u0161anai 2gab. - detailingclub.lv","isPartOf":{"@id":"https:\/\/detailingclub.lv\/#website"},"primaryImageOfPage":{"@id":"https:\/\/detailingclub.lv\/products\/sonax-mikro-skiedras-audums-virsmas-tirisanai-2gab\/#primaryimage"},"image":{"@id":"https:\/\/detailingclub.lv\/products\/sonax-mikro-skiedras-audums-virsmas-tirisanai-2gab\/#primaryimage"},"thumbnailUrl":"https:\/\/detailingclub.lv\/wp-content\/uploads\/2026\/04\/5892.jpg","datePublished":"2026-04-21T15:10:03+00:00","dateModified":"2026-04-28T17:37:35+00:00","description":"SONAX mikro\u0161\u0137iedras audums 2gab. efekt\u012bvai auto salona un stikla t\u012br\u012b\u0161anai bez sv\u012btr\u0101m. Mazg\u0101jams, bez p\u016bk\u0101m un dro\u0161s vis\u0101m virsm\u0101m.","breadcrumb":{"@id":"https:\/\/detailingclub.lv\/products\/sonax-mikro-skiedras-audums-virsmas-tirisanai-2gab\/#breadcrumb"},"inLanguage":"ru-RU","potentialAction":[{"@type":"ReadAction","target":["https:\/\/detailingclub.lv\/products\/sonax-mikro-skiedras-audums-virsmas-tirisanai-2gab\/"]}]},{"@type":"ImageObject","inLanguage":"ru-RU","@id":"https:\/\/detailingclub.lv\/products\/sonax-mikro-skiedras-audums-virsmas-tirisanai-2gab\/#primaryimage","url":"https:\/\/detailingclub.lv\/wp-content\/uploads\/2026\/04\/5892.jpg","contentUrl":"https:\/\/detailingclub.lv\/wp-content\/uploads\/2026\/04\/5892.jpg","width":818,"height":1200},{"@type":"BreadcrumbList","@id":"https:\/\/detailingclub.lv\/products\/sonax-mikro-skiedras-audums-virsmas-tirisanai-2gab\/#breadcrumb","itemListElement":[{"@type":"ListItem","position":1,"name":"Home","item":"https:\/\/detailingclub.lv\/"},{"@type":"ListItem","position":2,"name":"VEIKALS","item":"https:\/\/detailingclub.lv\/veikals\/"},{"@type":"ListItem","position":3,"name":"SONAX Mikro \u0161\u0137iedras audums virsmas t\u012br\u012b\u0161anai 2gab."}]},{"@type":"WebSite","@id":"https:\/\/detailingclub.lv\/#website","url":"https:\/\/detailingclub.lv\/","name":"detailingclub.lv","description":"","publisher":{"@id":"https:\/\/detailingclub.lv\/#organization"},"potentialAction":[{"@type":"SearchAction","target":{"@type":"EntryPoint","urlTemplate":"https:\/\/detailingclub.lv\/?s={search_term_string}"},"query-input":{"@type":"PropertyValueSpecification","valueRequired":true,"valueName":"search_term_string"}}],"inLanguage":"ru-RU"},{"@type":"Organization","@id":"https:\/\/detailingclub.lv\/#organization","name":"detailingclub.lv","url":"https:\/\/detailingclub.lv\/","logo":{"@type":"ImageObject","inLanguage":"ru-RU","@id":"https:\/\/detailingclub.lv\/#\/schema\/logo\/image\/","url":"https:\/\/detailingclub.lv\/wp-content\/uploads\/2026\/05\/cropped-LOGO-\u0434\u043b\u0438\u043d\u043d\u043e\u0435-\u0431\u0435\u043b\u043e\u0435-\u0441-\u043d\u0430\u043a\u043b\u043e\u043d\u043e\u043c.png","contentUrl":"https:\/\/detailingclub.lv\/wp-content\/uploads\/2026\/05\/cropped-LOGO-\u0434\u043b\u0438\u043d\u043d\u043e\u0435-\u0431\u0435\u043b\u043e\u0435-\u0441-\u043d\u0430\u043a\u043b\u043e\u043d\u043e\u043c.png","width":1140,"height":111,"caption":"detailingclub.lv"},"image":{"@id":"https:\/\/detailingclub.lv\/#\/schema\/logo\/image\/"}}]}},"jetpack_sharing_enabled":true,"_links":{"self":[{"href":"https:\/\/detailingclub.lv\/ru\/wp-json\/wp\/v2\/product\/5260","targetHints":{"allow":["GET"]}}],"collection":[{"href":"https:\/\/detailingclub.lv\/ru\/wp-json\/wp\/v2\/product"}],"about":[{"href":"https:\/\/detailingclub.lv\/ru\/wp-json\/wp\/v2\/types\/product"}],"replies":[{"embeddable":true,"href":"https:\/\/detailingclub.lv\/ru\/wp-json\/wp\/v2\/comments?post=5260"}],"wp:featuredmedia":[{"embeddable":true,"href":"https:\/\/detailingclub.lv\/ru\/wp-json\/wp\/v2\/media\/3550"}],"wp:attachment":[{"href":"https:\/\/detailingclub.lv\/ru\/wp-json\/wp\/v2\/media?parent=5260"}],"wp:term":[{"taxonomy":"product_brand","embeddable":true,"href":"https:\/\/detailingclub.lv\/ru\/wp-json\/wp\/v2\/product_brand?post=5260"},{"taxonomy":"product_cat","embeddable":true,"href":"https:\/\/detailingclub.lv\/ru\/wp-json\/wp\/v2\/product_cat?post=5260"},{"taxonomy":"product_tag","embeddable":true,"href":"https:\/\/detailingclub.lv\/ru\/wp-json\/wp\/v2\/product_tag?post=5260"}],"curies":[{"name":"wp","href":"https:\/\/api.w.org\/{rel}","templated":true}]}}