{"id":5258,"date":"2026-04-21T15:10:03","date_gmt":"2026-04-21T15:10:03","guid":{"rendered":"https:\/\/detailingclub.lv\/products\/sonax-cieta-tirisanas-birste-1gab\/"},"modified":"2026-04-21T17:16:58","modified_gmt":"2026-04-21T17:16:58","slug":"sonax-cieta-tirisanas-birste-1gab","status":"publish","type":"product","link":"https:\/\/detailingclub.lv\/ru\/product\/sonax-cieta-tirisanas-birste-1gab\/","title":{"rendered":"SONAX Cieta t\u012br\u012b\u0161anas birste 1gab."},"content":{"rendered":"<p data-start=\"40\" data-end=\"257\">Ja s\u0113dek\u013ci, pakl\u0101ji vai bag\u0101\u017enieks ir stipri net\u012bri \u2014 ar m\u012bkstu birsti tu vienk\u0101r\u0161i netiksi gal\u0101. \u0160\u012b SONAX ciet\u0101 t\u012br\u012b\u0161anas birste ir paredz\u0113ta <strong data-start=\"183\" data-end=\"207\">intens\u012bvai t\u012br\u012b\u0161anai<\/strong>, kad vajag re\u0101li \u201cizcelt\u201d net\u012brumus no materi\u0101la.<\/p>\n<p data-start=\"259\" data-end=\"492\">T\u0101 izmanto stingrus, iztur\u012bgus sarus, kas dzi\u013ci iedarbojas audum\u0101 un pal\u012bdz t\u012br\u012b\u0161anas l\u012bdzek\u013ciem str\u0101d\u0101t daudz efekt\u012bv\u0101k. <span class=\"hover:entity-accent entity-underline inline cursor-pointer align-baseline\"><span class=\"whitespace-normal\">SONAX<\/span><\/span> instruments, kas paredz\u0113ts nevis vieglai kop\u0161anai, bet re\u0101lam rezult\u0101tam.<\/p>\n<hr data-start=\"494\" data-end=\"497\" \/>\n<p data-start=\"499\" data-end=\"524\"><strong data-start=\"499\" data-end=\"524\">K\u0101p\u0113c tas ir svar\u012bgi:<\/strong><\/p>\n<ul data-start=\"525\" data-end=\"815\">\n<li data-section-id=\"cbqmd\" data-start=\"525\" data-end=\"614\">Dzi\u013ci att\u012bra stipri net\u012brus audumus un pakl\u0101jus<\/li>\n<li data-section-id=\"1tt3c8s\" data-start=\"615\" data-end=\"714\">Efekt\u012bvi izce\u013c net\u012brumus no \u0161\u0137iedr\u0101m, nevis tikai virsmas<\/li>\n<li data-section-id=\"1lyh8xy\" data-start=\"715\" data-end=\"754\">Uzlabo t\u012br\u012b\u0161anas l\u012bdzek\u013cu iedarb\u012bbu<\/li>\n<li data-section-id=\"l1ae4g\" data-start=\"755\" data-end=\"815\">\u013bauj sasniegt profesion\u0101lu rezult\u0101tu ar\u012b m\u0101jas apst\u0101k\u013cos<\/li>\n<\/ul>\n<hr data-start=\"817\" data-end=\"820\" \/>\n<p data-start=\"822\" data-end=\"849\"><strong data-start=\"822\" data-end=\"849\">Galven\u0101s priek\u0161roc\u012bbas:<\/strong><\/p>\n<ul data-start=\"850\" data-end=\"1134\">\n<li data-section-id=\"1eufd87\" data-start=\"850\" data-end=\"889\">Stingri sari \u2014 intens\u012bvai t\u012br\u012b\u0161anai<\/li>\n<li data-section-id=\"1jp61zx\" data-start=\"890\" data-end=\"977\">Piem\u0113rota s\u0113dek\u013ciem, pakl\u0101jiem un bag\u0101\u017eniekam<\/li>\n<li data-section-id=\"1bc2wbi\" data-start=\"978\" data-end=\"1055\">Var izmantot ar\u012b plastmasas virsm\u0101m<\/li>\n<li data-section-id=\"1899rzw\" data-start=\"1056\" data-end=\"1094\">Ergonomiska forma \u0113rtai lieto\u0161anai<\/li>\n<li data-section-id=\"1kgmejv\" data-start=\"1095\" data-end=\"1134\">Ide\u0101li piem\u0113rota detailing procesam<\/li>\n<\/ul>\n<hr data-start=\"1136\" data-end=\"1139\" \/>\n<h3 data-section-id=\"fh672x\" data-start=\"1141\" data-end=\"1159\"><span role=\"text\"><strong data-start=\"1145\" data-end=\"1159\">K\u0101 lietot:<\/strong><\/span><\/h3>\n<ul data-start=\"1160\" data-end=\"1381\">\n<li data-section-id=\"gjxhyd\" data-start=\"1160\" data-end=\"1212\">Uzkl\u0101t t\u012br\u012b\u0161anas l\u012bdzekli uz virsmas vai birstes<\/li>\n<li data-section-id=\"b2ii0t\" data-start=\"1213\" data-end=\"1265\">Ar vid\u0113ju spiedienu izt\u012br\u012bt virsmu (nep\u0101rsp\u012bl\u0113t)<\/li>\n<li data-section-id=\"i9u0lc\" data-start=\"1266\" data-end=\"1295\">Str\u0101d\u0101t pa neliel\u0101m zon\u0101m<\/li>\n<li data-section-id=\"3p95sk\" data-start=\"1296\" data-end=\"1346\">Noslauc\u012bt net\u012brumus ar mikro\u0161\u0137iedru vai izs\u016bkt<\/li>\n<li data-section-id=\"urxv1h\" data-start=\"1347\" data-end=\"1381\">P\u0113c lieto\u0161anas izskalot birsti<\/li>\n<\/ul>\n<p data-start=\"1383\" data-end=\"1464\"><strong data-start=\"1383\" data-end=\"1395\">Svar\u012bgi:<\/strong> neizmantot uz jut\u012bg\u0101m vai m\u012bkst\u0101m virsm\u0101m (\u0101da, delik\u0101ti materi\u0101li).<\/p>\n<hr data-start=\"1466\" data-end=\"1469\" \/>\n<p data-start=\"1471\" data-end=\"1486\"><strong data-start=\"1471\" data-end=\"1486\">Kad lietot:<\/strong><\/p>\n<ul data-start=\"1487\" data-end=\"1630\">\n<li data-section-id=\"8cq8nr\" data-start=\"1487\" data-end=\"1524\">Stipri net\u012bri s\u0113dek\u013ci vai pakl\u0101ji<\/li>\n<li data-section-id=\"g3w8yd\" data-start=\"1525\" data-end=\"1550\">Dzi\u013c\u0101 salona t\u012br\u012b\u0161ana<\/li>\n<li data-section-id=\"k98y1f\" data-start=\"1551\" data-end=\"1586\">P\u0113c ziemas vai dub\u013caina perioda<\/li>\n<li data-section-id=\"8f2inz\" data-start=\"1587\" data-end=\"1630\">Pirms \u0137\u012bmisk\u0101s t\u012br\u012b\u0161anas vai p\u0101rdo\u0161anas<\/li>\n<\/ul>\n<p data-start=\"1632\" data-end=\"1732\">\u0160\u012b nav univers\u0101la birste \u2014 t\u0101 ir instruments gad\u012bjumiem, kad <strong data-start=\"1693\" data-end=\"1731\">parastie risin\u0101jumi vairs nestr\u0101d\u0101<\/strong>.<\/p>","protected":false},"excerpt":{"rendered":"<h2>SONAX Cieta t\u012br\u012b\u0161anas birste 1gab.<\/h2>","protected":false},"featured_media":3546,"comment_status":"open","ping_status":"closed","template":"","meta":{"site-sidebar-layout":"default","site-content-layout":"","ast-site-content-layout":"default","site-content-style":"default","site-sidebar-style":"default","ast-global-header-display":"","ast-banner-title-visibility":"","ast-main-header-display":"","ast-hfb-above-header-display":"","ast-hfb-below-header-display":"","ast-hfb-mobile-header-display":"","site-post-title":"","ast-breadcrumbs-content":"","ast-featured-img":"","footer-sml-layout":"","ast-disable-related-posts":"","theme-transparent-header-meta":"default","adv-header-id-meta":"","stick-header-meta":"","header-above-stick-meta":"","header-main-stick-meta":"","header-below-stick-meta":"","astra-migrate-meta-layouts":"set","ast-page-background-enabled":"default","ast-page-background-meta":{"desktop":{"background-color":"var(--ast-global-color-5)","background-image":"","background-repeat":"repeat","background-position":"center center","background-size":"auto","background-attachment":"scroll","background-type":"","background-media":"","overlay-type":"","overlay-color":"","overlay-opacity":"","overlay-gradient":""},"tablet":{"background-color":"","background-image":"","background-repeat":"repeat","background-position":"center center","background-size":"auto","background-attachment":"scroll","background-type":"","background-media":"","overlay-type":"","overlay-color":"","overlay-opacity":"","overlay-gradient":""},"mobile":{"background-color":"","background-image":"","background-repeat":"repeat","background-position":"center center","background-size":"auto","background-attachment":"scroll","background-type":"","background-media":"","overlay-type":"","overlay-color":"","overlay-opacity":"","overlay-gradient":""}},"ast-content-background-meta":{"desktop":{"background-color":"var(--ast-global-color-4)","background-image":"","background-repeat":"repeat","background-position":"center center","background-size":"auto","background-attachment":"scroll","background-type":"","background-media":"","overlay-type":"","overlay-color":"","overlay-opacity":"","overlay-gradient":""},"tablet":{"background-color":"var(--ast-global-color-4)","background-image":"","background-repeat":"repeat","background-position":"center center","background-size":"auto","background-attachment":"scroll","background-type":"","background-media":"","overlay-type":"","overlay-color":"","overlay-opacity":"","overlay-gradient":""},"mobile":{"background-color":"var(--ast-global-color-4)","background-image":"","background-repeat":"repeat","background-position":"center center","background-size":"auto","background-attachment":"scroll","background-type":"","background-media":"","overlay-type":"","overlay-color":"","overlay-opacity":"","overlay-gradient":""}}},"product_brand":[101],"product_cat":[95],"product_tag":[],"class_list":{"0":"post-5258","1":"product","2":"type-product","3":"status-publish","4":"has-post-thumbnail","6":"product_brand-sonax","7":"product_cat-otas-un-birstes-detailigam","8":"pa_zimols-sonax","9":"desktop-align-left","10":"tablet-align-left","11":"mobile-align-left","13":"first","14":"instock","15":"taxable","16":"shipping-taxable","17":"purchasable","18":"product-type-simple"},"yoast_head":"<!-- This site is optimized with the Yoast SEO plugin v27.4 - https:\/\/yoast.com\/product\/yoast-seo-wordpress\/ -->\n<title>SONAX Cieta t\u012br\u012b\u0161anas birste 1gab. - detailingclub.lv<\/title>\n<meta name=\"description\" content=\"SONAX cieta t\u012br\u012b\u0161anas birste efekt\u012bvai auduma un pakl\u0101ju dzi\u013cai t\u012br\u012b\u0161anai. Stingri sari, ide\u0101li stipriem net\u012brumiem auto salon\u0101.\" \/>\n<meta name=\"robots\" content=\"index, follow, max-snippet:-1, max-image-preview:large, max-video-preview:-1\" \/>\n<link rel=\"canonical\" href=\"https:\/\/detailingclub.lv\/ru\/product\/sonax-cieta-tirisanas-birste-1gab\/\" \/>\n<meta property=\"og:locale\" content=\"ru_RU\" \/>\n<meta property=\"og:type\" content=\"article\" \/>\n<meta property=\"og:title\" content=\"SONAX Cieta t\u012br\u012b\u0161anas birste 1gab. - detailingclub.lv\" \/>\n<meta property=\"og:description\" content=\"SONAX cieta t\u012br\u012b\u0161anas birste efekt\u012bvai auduma un pakl\u0101ju dzi\u013cai t\u012br\u012b\u0161anai. Stingri sari, ide\u0101li stipriem net\u012brumiem auto salon\u0101.\" \/>\n<meta property=\"og:url\" content=\"https:\/\/detailingclub.lv\/ru\/product\/sonax-cieta-tirisanas-birste-1gab\/\" \/>\n<meta property=\"og:site_name\" content=\"detailingclub.lv\" \/>\n<meta property=\"article:modified_time\" content=\"2026-04-21T17:16:58+00:00\" \/>\n<meta property=\"og:image\" content=\"https:\/\/detailingclub.lv\/wp-content\/uploads\/2026\/04\/5904.jpg\" \/>\n\t<meta property=\"og:image:width\" content=\"1200\" \/>\n\t<meta property=\"og:image:height\" content=\"410\" \/>\n\t<meta property=\"og:image:type\" content=\"image\/jpeg\" \/>\n<meta name=\"twitter:card\" content=\"summary_large_image\" \/>\n<meta name=\"twitter:label1\" content=\"\u041f\u0440\u0438\u043c\u0435\u0440\u043d\u043e\u0435 \u0432\u0440\u0435\u043c\u044f \u0434\u043b\u044f \u0447\u0442\u0435\u043d\u0438\u044f\" \/>\n\t<meta name=\"twitter:data1\" content=\"2 \u043c\u0438\u043d\u0443\u0442\u044b\" \/>\n<script type=\"application\/ld+json\" class=\"yoast-schema-graph\">{\"@context\":\"https:\\\/\\\/schema.org\",\"@graph\":[{\"@type\":\"WebPage\",\"@id\":\"https:\\\/\\\/detailingclub.lv\\\/products\\\/sonax-cieta-tirisanas-birste-1gab\\\/\",\"url\":\"https:\\\/\\\/detailingclub.lv\\\/products\\\/sonax-cieta-tirisanas-birste-1gab\\\/\",\"name\":\"SONAX Cieta t\u012br\u012b\u0161anas birste 1gab. - detailingclub.lv\",\"isPartOf\":{\"@id\":\"https:\\\/\\\/detailingclub.lv\\\/#website\"},\"primaryImageOfPage\":{\"@id\":\"https:\\\/\\\/detailingclub.lv\\\/products\\\/sonax-cieta-tirisanas-birste-1gab\\\/#primaryimage\"},\"image\":{\"@id\":\"https:\\\/\\\/detailingclub.lv\\\/products\\\/sonax-cieta-tirisanas-birste-1gab\\\/#primaryimage\"},\"thumbnailUrl\":\"https:\\\/\\\/detailingclub.lv\\\/wp-content\\\/uploads\\\/2026\\\/04\\\/5904.jpg\",\"datePublished\":\"2026-04-21T15:10:03+00:00\",\"dateModified\":\"2026-04-21T17:16:58+00:00\",\"description\":\"SONAX cieta t\u012br\u012b\u0161anas birste efekt\u012bvai auduma un pakl\u0101ju dzi\u013cai t\u012br\u012b\u0161anai. Stingri sari, ide\u0101li stipriem net\u012brumiem auto salon\u0101.\",\"breadcrumb\":{\"@id\":\"https:\\\/\\\/detailingclub.lv\\\/products\\\/sonax-cieta-tirisanas-birste-1gab\\\/#breadcrumb\"},\"inLanguage\":\"ru-RU\",\"potentialAction\":[{\"@type\":\"ReadAction\",\"target\":[\"https:\\\/\\\/detailingclub.lv\\\/products\\\/sonax-cieta-tirisanas-birste-1gab\\\/\"]}]},{\"@type\":\"ImageObject\",\"inLanguage\":\"ru-RU\",\"@id\":\"https:\\\/\\\/detailingclub.lv\\\/products\\\/sonax-cieta-tirisanas-birste-1gab\\\/#primaryimage\",\"url\":\"https:\\\/\\\/detailingclub.lv\\\/wp-content\\\/uploads\\\/2026\\\/04\\\/5904.jpg\",\"contentUrl\":\"https:\\\/\\\/detailingclub.lv\\\/wp-content\\\/uploads\\\/2026\\\/04\\\/5904.jpg\",\"width\":1200,\"height\":410},{\"@type\":\"BreadcrumbList\",\"@id\":\"https:\\\/\\\/detailingclub.lv\\\/products\\\/sonax-cieta-tirisanas-birste-1gab\\\/#breadcrumb\",\"itemListElement\":[{\"@type\":\"ListItem\",\"position\":1,\"name\":\"Home\",\"item\":\"https:\\\/\\\/detailingclub.lv\\\/\"},{\"@type\":\"ListItem\",\"position\":2,\"name\":\"VEIKALS\",\"item\":\"https:\\\/\\\/detailingclub.lv\\\/veikals\\\/\"},{\"@type\":\"ListItem\",\"position\":3,\"name\":\"SONAX Cieta t\u012br\u012b\u0161anas birste 1gab.\"}]},{\"@type\":\"WebSite\",\"@id\":\"https:\\\/\\\/detailingclub.lv\\\/#website\",\"url\":\"https:\\\/\\\/detailingclub.lv\\\/\",\"name\":\"detailingclub.lv\",\"description\":\"\",\"publisher\":{\"@id\":\"https:\\\/\\\/detailingclub.lv\\\/#organization\"},\"potentialAction\":[{\"@type\":\"SearchAction\",\"target\":{\"@type\":\"EntryPoint\",\"urlTemplate\":\"https:\\\/\\\/detailingclub.lv\\\/?s={search_term_string}\"},\"query-input\":{\"@type\":\"PropertyValueSpecification\",\"valueRequired\":true,\"valueName\":\"search_term_string\"}}],\"inLanguage\":\"ru-RU\"},{\"@type\":\"Organization\",\"@id\":\"https:\\\/\\\/detailingclub.lv\\\/#organization\",\"name\":\"detailingclub.lv\",\"url\":\"https:\\\/\\\/detailingclub.lv\\\/\",\"logo\":{\"@type\":\"ImageObject\",\"inLanguage\":\"ru-RU\",\"@id\":\"https:\\\/\\\/detailingclub.lv\\\/#\\\/schema\\\/logo\\\/image\\\/\",\"url\":\"https:\\\/\\\/detailingclub.lv\\\/wp-content\\\/uploads\\\/2026\\\/05\\\/cropped-LOGO-\u0434\u043b\u0438\u043d\u043d\u043e\u0435-\u0431\u0435\u043b\u043e\u0435-\u0441-\u043d\u0430\u043a\u043b\u043e\u043d\u043e\u043c.png\",\"contentUrl\":\"https:\\\/\\\/detailingclub.lv\\\/wp-content\\\/uploads\\\/2026\\\/05\\\/cropped-LOGO-\u0434\u043b\u0438\u043d\u043d\u043e\u0435-\u0431\u0435\u043b\u043e\u0435-\u0441-\u043d\u0430\u043a\u043b\u043e\u043d\u043e\u043c.png\",\"width\":1140,\"height\":111,\"caption\":\"detailingclub.lv\"},\"image\":{\"@id\":\"https:\\\/\\\/detailingclub.lv\\\/#\\\/schema\\\/logo\\\/image\\\/\"}}]}<\/script>\n<!-- \/ Yoast SEO plugin. -->","yoast_head_json":{"title":"SONAX Cieta t\u012br\u012b\u0161anas birste 1gab. - detailingclub.lv","description":"SONAX cieta t\u012br\u012b\u0161anas birste efekt\u012bvai auduma un pakl\u0101ju dzi\u013cai t\u012br\u012b\u0161anai. Stingri sari, ide\u0101li stipriem net\u012brumiem auto salon\u0101.","robots":{"index":"index","follow":"follow","max-snippet":"max-snippet:-1","max-image-preview":"max-image-preview:large","max-video-preview":"max-video-preview:-1"},"canonical":"https:\/\/detailingclub.lv\/ru\/product\/sonax-cieta-tirisanas-birste-1gab\/","og_locale":"ru_RU","og_type":"article","og_title":"SONAX Cieta t\u012br\u012b\u0161anas birste 1gab. - detailingclub.lv","og_description":"SONAX cieta t\u012br\u012b\u0161anas birste efekt\u012bvai auduma un pakl\u0101ju dzi\u013cai t\u012br\u012b\u0161anai. Stingri sari, ide\u0101li stipriem net\u012brumiem auto salon\u0101.","og_url":"https:\/\/detailingclub.lv\/ru\/product\/sonax-cieta-tirisanas-birste-1gab\/","og_site_name":"detailingclub.lv","article_modified_time":"2026-04-21T17:16:58+00:00","og_image":[{"width":1200,"height":410,"url":"https:\/\/detailingclub.lv\/wp-content\/uploads\/2026\/04\/5904.jpg","type":"image\/jpeg"}],"twitter_card":"summary_large_image","twitter_misc":{"\u041f\u0440\u0438\u043c\u0435\u0440\u043d\u043e\u0435 \u0432\u0440\u0435\u043c\u044f \u0434\u043b\u044f \u0447\u0442\u0435\u043d\u0438\u044f":"2 \u043c\u0438\u043d\u0443\u0442\u044b"},"schema":{"@context":"https:\/\/schema.org","@graph":[{"@type":"WebPage","@id":"https:\/\/detailingclub.lv\/products\/sonax-cieta-tirisanas-birste-1gab\/","url":"https:\/\/detailingclub.lv\/products\/sonax-cieta-tirisanas-birste-1gab\/","name":"SONAX Cieta t\u012br\u012b\u0161anas birste 1gab. - detailingclub.lv","isPartOf":{"@id":"https:\/\/detailingclub.lv\/#website"},"primaryImageOfPage":{"@id":"https:\/\/detailingclub.lv\/products\/sonax-cieta-tirisanas-birste-1gab\/#primaryimage"},"image":{"@id":"https:\/\/detailingclub.lv\/products\/sonax-cieta-tirisanas-birste-1gab\/#primaryimage"},"thumbnailUrl":"https:\/\/detailingclub.lv\/wp-content\/uploads\/2026\/04\/5904.jpg","datePublished":"2026-04-21T15:10:03+00:00","dateModified":"2026-04-21T17:16:58+00:00","description":"SONAX cieta t\u012br\u012b\u0161anas birste efekt\u012bvai auduma un pakl\u0101ju dzi\u013cai t\u012br\u012b\u0161anai. Stingri sari, ide\u0101li stipriem net\u012brumiem auto salon\u0101.","breadcrumb":{"@id":"https:\/\/detailingclub.lv\/products\/sonax-cieta-tirisanas-birste-1gab\/#breadcrumb"},"inLanguage":"ru-RU","potentialAction":[{"@type":"ReadAction","target":["https:\/\/detailingclub.lv\/products\/sonax-cieta-tirisanas-birste-1gab\/"]}]},{"@type":"ImageObject","inLanguage":"ru-RU","@id":"https:\/\/detailingclub.lv\/products\/sonax-cieta-tirisanas-birste-1gab\/#primaryimage","url":"https:\/\/detailingclub.lv\/wp-content\/uploads\/2026\/04\/5904.jpg","contentUrl":"https:\/\/detailingclub.lv\/wp-content\/uploads\/2026\/04\/5904.jpg","width":1200,"height":410},{"@type":"BreadcrumbList","@id":"https:\/\/detailingclub.lv\/products\/sonax-cieta-tirisanas-birste-1gab\/#breadcrumb","itemListElement":[{"@type":"ListItem","position":1,"name":"Home","item":"https:\/\/detailingclub.lv\/"},{"@type":"ListItem","position":2,"name":"VEIKALS","item":"https:\/\/detailingclub.lv\/veikals\/"},{"@type":"ListItem","position":3,"name":"SONAX Cieta t\u012br\u012b\u0161anas birste 1gab."}]},{"@type":"WebSite","@id":"https:\/\/detailingclub.lv\/#website","url":"https:\/\/detailingclub.lv\/","name":"detailingclub.lv","description":"","publisher":{"@id":"https:\/\/detailingclub.lv\/#organization"},"potentialAction":[{"@type":"SearchAction","target":{"@type":"EntryPoint","urlTemplate":"https:\/\/detailingclub.lv\/?s={search_term_string}"},"query-input":{"@type":"PropertyValueSpecification","valueRequired":true,"valueName":"search_term_string"}}],"inLanguage":"ru-RU"},{"@type":"Organization","@id":"https:\/\/detailingclub.lv\/#organization","name":"detailingclub.lv","url":"https:\/\/detailingclub.lv\/","logo":{"@type":"ImageObject","inLanguage":"ru-RU","@id":"https:\/\/detailingclub.lv\/#\/schema\/logo\/image\/","url":"https:\/\/detailingclub.lv\/wp-content\/uploads\/2026\/05\/cropped-LOGO-\u0434\u043b\u0438\u043d\u043d\u043e\u0435-\u0431\u0435\u043b\u043e\u0435-\u0441-\u043d\u0430\u043a\u043b\u043e\u043d\u043e\u043c.png","contentUrl":"https:\/\/detailingclub.lv\/wp-content\/uploads\/2026\/05\/cropped-LOGO-\u0434\u043b\u0438\u043d\u043d\u043e\u0435-\u0431\u0435\u043b\u043e\u0435-\u0441-\u043d\u0430\u043a\u043b\u043e\u043d\u043e\u043c.png","width":1140,"height":111,"caption":"detailingclub.lv"},"image":{"@id":"https:\/\/detailingclub.lv\/#\/schema\/logo\/image\/"}}]}},"jetpack_sharing_enabled":true,"_links":{"self":[{"href":"https:\/\/detailingclub.lv\/ru\/wp-json\/wp\/v2\/product\/5258","targetHints":{"allow":["GET"]}}],"collection":[{"href":"https:\/\/detailingclub.lv\/ru\/wp-json\/wp\/v2\/product"}],"about":[{"href":"https:\/\/detailingclub.lv\/ru\/wp-json\/wp\/v2\/types\/product"}],"replies":[{"embeddable":true,"href":"https:\/\/detailingclub.lv\/ru\/wp-json\/wp\/v2\/comments?post=5258"}],"wp:featuredmedia":[{"embeddable":true,"href":"https:\/\/detailingclub.lv\/ru\/wp-json\/wp\/v2\/media\/3546"}],"wp:attachment":[{"href":"https:\/\/detailingclub.lv\/ru\/wp-json\/wp\/v2\/media?parent=5258"}],"wp:term":[{"taxonomy":"product_brand","embeddable":true,"href":"https:\/\/detailingclub.lv\/ru\/wp-json\/wp\/v2\/product_brand?post=5258"},{"taxonomy":"product_cat","embeddable":true,"href":"https:\/\/detailingclub.lv\/ru\/wp-json\/wp\/v2\/product_cat?post=5258"},{"taxonomy":"product_tag","embeddable":true,"href":"https:\/\/detailingclub.lv\/ru\/wp-json\/wp\/v2\/product_tag?post=5258"}],"curies":[{"name":"wp","href":"https:\/\/api.w.org\/{rel}","templated":true}]}}