{"id":5253,"date":"2026-04-21T15:10:03","date_gmt":"2026-04-21T15:10:03","guid":{"rendered":"https:\/\/detailingclub.lv\/products\/sonax-birste-disku-tirisanai-1gab\/"},"modified":"2026-04-21T17:35:55","modified_gmt":"2026-04-21T17:35:55","slug":"sonax-birste-disku-tirisanai-1gab","status":"publish","type":"product","link":"https:\/\/detailingclub.lv\/ru\/product\/sonax-birste-disku-tirisanai-1gab\/","title":{"rendered":"Sonax Birste disku t\u012br\u012b\u0161anai 1gab."},"content":{"rendered":"<p data-start=\"290\" data-end=\"510\">Ja diski p\u0113c mazg\u0101\u0161anas joproj\u0101m izskat\u0101s net\u012bri \u2014 tas noz\u012bm\u0113, ka net\u012brumi paliek gr\u016bti pieejam\u0101s viet\u0101s. SONAX disku t\u012br\u012b\u0161anas birste ir rad\u012bta tie\u0161i \u0161im \u2014 <strong data-start=\"447\" data-end=\"509\">lai efekt\u012bvi izt\u012br\u012btu disku vietas, kur s\u016bklis netiek kl\u0101t<\/strong>.<\/p>\n<p data-start=\"512\" data-end=\"727\">T\u0101 \u013cauj no\u0146emt brem\u017eu putek\u013cus, ce\u013ca net\u012brumus un e\u013c\u013cas nogulsnes pat no sare\u017e\u0123\u012bt\u0101m disku konstrukcij\u0101m. Ergonomiska forma un m\u012bksti sari nodro\u0161ina efekt\u012bvu, bet dro\u0161u t\u012br\u012b\u0161anu. <span class=\"hover:entity-accent entity-underline inline cursor-pointer align-baseline\"><span class=\"whitespace-normal\">SONAX<\/span><\/span><\/p>\n<hr data-start=\"729\" data-end=\"732\" \/>\n<p data-start=\"734\" data-end=\"759\"><strong data-start=\"734\" data-end=\"759\">K\u0101p\u0113c tas ir svar\u012bgi:<\/strong><\/p>\n<ul data-start=\"760\" data-end=\"1007\">\n<li data-section-id=\"lh19wq\" data-start=\"760\" data-end=\"808\">No\u0146em notur\u012bgus brem\u017eu putek\u013cus un net\u012brumus<\/li>\n<li data-section-id=\"1bqnkqf\" data-start=\"809\" data-end=\"891\">Sasniedz disku iek\u0161\u0113j\u0101s un \u0161aur\u0101s vietas<\/li>\n<li data-section-id=\"1pqb3hw\" data-start=\"892\" data-end=\"976\">Samazina skr\u0101p\u0113jumu risku uz diska virsmas<\/li>\n<li data-section-id=\"mlf9gh\" data-start=\"977\" data-end=\"1007\">Uzlabo kop\u0113jo auto izskatu<\/li>\n<\/ul>\n<hr data-start=\"1009\" data-end=\"1012\" \/>\n<p data-start=\"1014\" data-end=\"1041\"><strong data-start=\"1014\" data-end=\"1041\">Galven\u0101s priek\u0161roc\u012bbas:<\/strong><\/p>\n<ul data-start=\"1042\" data-end=\"1364\">\n<li data-section-id=\"l6yozo\" data-start=\"1042\" data-end=\"1125\">M\u012bksti sari \u2014 dro\u0161i ar\u012b alum\u012bnija diskiem<\/li>\n<li data-section-id=\"15ppw8f\" data-start=\"1126\" data-end=\"1222\">P\u0101rkl\u0101ts met\u0101la kodols \u2014 aizsardz\u012bba pret skr\u0101p\u0113jumiem<\/li>\n<li data-section-id=\"1ewiioh\" data-start=\"1223\" data-end=\"1309\">Ergonomisks, nesl\u012bdo\u0161s rokturis \u0113rtam darbam<\/li>\n<li data-section-id=\"1pdh774\" data-start=\"1310\" data-end=\"1364\">Ide\u0101li darbojas kop\u0101 ar disku t\u012br\u012b\u0161anas l\u012bdzek\u013ciem<\/li>\n<\/ul>\n<hr data-start=\"1366\" data-end=\"1369\" \/>\n<h3 data-section-id=\"fh672x\" data-start=\"1371\" data-end=\"1389\"><span role=\"text\"><strong data-start=\"1375\" data-end=\"1389\">K\u0101 lietot:<\/strong><\/span><\/h3>\n<ul data-start=\"1390\" data-end=\"1645\">\n<li data-section-id=\"zz0pnd\" data-start=\"1390\" data-end=\"1417\">Noskalot disku ar \u016bdeni<\/li>\n<li data-section-id=\"zhzqm5\" data-start=\"1418\" data-end=\"1453\">Uzkl\u0101t disku t\u012br\u012b\u0161anas l\u012bdzekli<\/li>\n<li data-section-id=\"9z8jwb\" data-start=\"1454\" data-end=\"1516\">Ar birsti izt\u012br\u012bt disku (\u012bpa\u0161i starp spie\u0137iem un iek\u0161pus\u0113)<\/li>\n<li data-section-id=\"1fxxnxn\" data-start=\"1517\" data-end=\"1557\">Regul\u0101ri izskalot birsti darba laik\u0101<\/li>\n<li data-section-id=\"4gxkga\" data-start=\"1558\" data-end=\"1645\">P\u0113c lieto\u0161anas r\u016bp\u012bgi izskalot ar siltu \u016bdeni<\/li>\n<\/ul>\n<hr data-start=\"1647\" data-end=\"1650\" \/>\n<p data-start=\"1652\" data-end=\"1667\"><strong data-start=\"1652\" data-end=\"1667\">Kad lietot:<\/strong><\/p>\n<ul data-start=\"1668\" data-end=\"1794\">\n<li data-section-id=\"1az0gwq\" data-start=\"1668\" data-end=\"1697\">Regul\u0101rai disku t\u012br\u012b\u0161anai<\/li>\n<li data-section-id=\"18itvk1\" data-start=\"1698\" data-end=\"1734\">Ja diski ir ar sare\u017e\u0123\u012btu dizainu<\/li>\n<li data-section-id=\"1tcuui3\" data-start=\"1735\" data-end=\"1772\">Pie liela brem\u017eu putek\u013cu daudzuma<\/li>\n<li data-section-id=\"wv99mo\" data-start=\"1773\" data-end=\"1794\">Detailing proces\u0101<\/li>\n<\/ul>\n<p data-start=\"1796\" data-end=\"1893\">\u0160is ir instruments, kas <strong data-start=\"1820\" data-end=\"1847\">tie\u0161i ietekm\u0113 rezult\u0101tu<\/strong> \u2014 bez birstes diski nekad neb\u016bs piln\u012bgi t\u012bri.<\/p>","protected":false},"excerpt":{"rendered":"<h2>Sonax Birste disku t\u012br\u012b\u0161anai 1gab.<\/h2>","protected":false},"featured_media":3534,"comment_status":"open","ping_status":"closed","template":"","meta":{"site-sidebar-layout":"default","site-content-layout":"","ast-site-content-layout":"default","site-content-style":"default","site-sidebar-style":"default","ast-global-header-display":"","ast-banner-title-visibility":"","ast-main-header-display":"","ast-hfb-above-header-display":"","ast-hfb-below-header-display":"","ast-hfb-mobile-header-display":"","site-post-title":"","ast-breadcrumbs-content":"","ast-featured-img":"","footer-sml-layout":"","ast-disable-related-posts":"","theme-transparent-header-meta":"default","adv-header-id-meta":"","stick-header-meta":"","header-above-stick-meta":"","header-main-stick-meta":"","header-below-stick-meta":"","astra-migrate-meta-layouts":"set","ast-page-background-enabled":"default","ast-page-background-meta":{"desktop":{"background-color":"var(--ast-global-color-5)","background-image":"","background-repeat":"repeat","background-position":"center center","background-size":"auto","background-attachment":"scroll","background-type":"","background-media":"","overlay-type":"","overlay-color":"","overlay-opacity":"","overlay-gradient":""},"tablet":{"background-color":"","background-image":"","background-repeat":"repeat","background-position":"center center","background-size":"auto","background-attachment":"scroll","background-type":"","background-media":"","overlay-type":"","overlay-color":"","overlay-opacity":"","overlay-gradient":""},"mobile":{"background-color":"","background-image":"","background-repeat":"repeat","background-position":"center center","background-size":"auto","background-attachment":"scroll","background-type":"","background-media":"","overlay-type":"","overlay-color":"","overlay-opacity":"","overlay-gradient":""}},"ast-content-background-meta":{"desktop":{"background-color":"var(--ast-global-color-4)","background-image":"","background-repeat":"repeat","background-position":"center center","background-size":"auto","background-attachment":"scroll","background-type":"","background-media":"","overlay-type":"","overlay-color":"","overlay-opacity":"","overlay-gradient":""},"tablet":{"background-color":"var(--ast-global-color-4)","background-image":"","background-repeat":"repeat","background-position":"center center","background-size":"auto","background-attachment":"scroll","background-type":"","background-media":"","overlay-type":"","overlay-color":"","overlay-opacity":"","overlay-gradient":""},"mobile":{"background-color":"var(--ast-global-color-4)","background-image":"","background-repeat":"repeat","background-position":"center center","background-size":"auto","background-attachment":"scroll","background-type":"","background-media":"","overlay-type":"","overlay-color":"","overlay-opacity":"","overlay-gradient":""}}},"product_brand":[101],"product_cat":[51,95],"product_tag":[],"class_list":{"0":"post-5253","1":"product","2":"type-product","3":"status-publish","4":"has-post-thumbnail","6":"product_brand-sonax","7":"product_cat-disku-tirisanas-lidzekli","8":"product_cat-otas-un-birstes-detailigam","9":"pa_zimols-sonax","10":"desktop-align-left","11":"tablet-align-left","12":"mobile-align-left","14":"first","15":"instock","16":"taxable","17":"shipping-taxable","18":"purchasable","19":"product-type-simple"},"yoast_head":"<!-- This site is optimized with the Yoast SEO plugin v27.4 - https:\/\/yoast.com\/product\/yoast-seo-wordpress\/ -->\n<title>Sonax Birste disku t\u012br\u012b\u0161anai 1gab. - detailingclub.lv<\/title>\n<meta name=\"description\" content=\"SONAX disku t\u012br\u012b\u0161anas birste efekt\u012bvi no\u0146em brem\u017eu putek\u013cus un net\u012brumus, sasniedz gr\u016bti pieejamas vietas un ir dro\u0161a visiem disku tipiem.\" \/>\n<meta name=\"robots\" content=\"index, follow, max-snippet:-1, max-image-preview:large, max-video-preview:-1\" \/>\n<link rel=\"canonical\" href=\"https:\/\/detailingclub.lv\/ru\/product\/sonax-birste-disku-tirisanai-1gab\/\" \/>\n<meta property=\"og:locale\" content=\"ru_RU\" \/>\n<meta property=\"og:type\" content=\"article\" \/>\n<meta property=\"og:title\" content=\"Sonax Birste disku t\u012br\u012b\u0161anai 1gab. - detailingclub.lv\" \/>\n<meta property=\"og:description\" content=\"SONAX disku t\u012br\u012b\u0161anas birste efekt\u012bvi no\u0146em brem\u017eu putek\u013cus un net\u012brumus, sasniedz gr\u016bti pieejamas vietas un ir dro\u0161a visiem disku tipiem.\" \/>\n<meta property=\"og:url\" content=\"https:\/\/detailingclub.lv\/ru\/product\/sonax-birste-disku-tirisanai-1gab\/\" \/>\n<meta property=\"og:site_name\" content=\"detailingclub.lv\" \/>\n<meta property=\"article:modified_time\" content=\"2026-04-21T17:35:55+00:00\" \/>\n<meta property=\"og:image\" content=\"https:\/\/detailingclub.lv\/wp-content\/uploads\/2026\/04\/5897.jpg\" \/>\n\t<meta property=\"og:image:width\" content=\"844\" \/>\n\t<meta property=\"og:image:height\" content=\"1200\" \/>\n\t<meta property=\"og:image:type\" content=\"image\/jpeg\" \/>\n<meta name=\"twitter:card\" content=\"summary_large_image\" \/>\n<meta name=\"twitter:label1\" content=\"\u041f\u0440\u0438\u043c\u0435\u0440\u043d\u043e\u0435 \u0432\u0440\u0435\u043c\u044f \u0434\u043b\u044f \u0447\u0442\u0435\u043d\u0438\u044f\" \/>\n\t<meta name=\"twitter:data1\" content=\"2 \u043c\u0438\u043d\u0443\u0442\u044b\" \/>\n<script type=\"application\/ld+json\" class=\"yoast-schema-graph\">{\"@context\":\"https:\\\/\\\/schema.org\",\"@graph\":[{\"@type\":\"WebPage\",\"@id\":\"https:\\\/\\\/detailingclub.lv\\\/products\\\/sonax-birste-disku-tirisanai-1gab\\\/\",\"url\":\"https:\\\/\\\/detailingclub.lv\\\/products\\\/sonax-birste-disku-tirisanai-1gab\\\/\",\"name\":\"Sonax Birste disku t\u012br\u012b\u0161anai 1gab. - detailingclub.lv\",\"isPartOf\":{\"@id\":\"https:\\\/\\\/detailingclub.lv\\\/#website\"},\"primaryImageOfPage\":{\"@id\":\"https:\\\/\\\/detailingclub.lv\\\/products\\\/sonax-birste-disku-tirisanai-1gab\\\/#primaryimage\"},\"image\":{\"@id\":\"https:\\\/\\\/detailingclub.lv\\\/products\\\/sonax-birste-disku-tirisanai-1gab\\\/#primaryimage\"},\"thumbnailUrl\":\"https:\\\/\\\/detailingclub.lv\\\/wp-content\\\/uploads\\\/2026\\\/04\\\/5897.jpg\",\"datePublished\":\"2026-04-21T15:10:03+00:00\",\"dateModified\":\"2026-04-21T17:35:55+00:00\",\"description\":\"SONAX disku t\u012br\u012b\u0161anas birste efekt\u012bvi no\u0146em brem\u017eu putek\u013cus un net\u012brumus, sasniedz gr\u016bti pieejamas vietas un ir dro\u0161a visiem disku tipiem.\",\"breadcrumb\":{\"@id\":\"https:\\\/\\\/detailingclub.lv\\\/products\\\/sonax-birste-disku-tirisanai-1gab\\\/#breadcrumb\"},\"inLanguage\":\"ru-RU\",\"potentialAction\":[{\"@type\":\"ReadAction\",\"target\":[\"https:\\\/\\\/detailingclub.lv\\\/products\\\/sonax-birste-disku-tirisanai-1gab\\\/\"]}]},{\"@type\":\"ImageObject\",\"inLanguage\":\"ru-RU\",\"@id\":\"https:\\\/\\\/detailingclub.lv\\\/products\\\/sonax-birste-disku-tirisanai-1gab\\\/#primaryimage\",\"url\":\"https:\\\/\\\/detailingclub.lv\\\/wp-content\\\/uploads\\\/2026\\\/04\\\/5897.jpg\",\"contentUrl\":\"https:\\\/\\\/detailingclub.lv\\\/wp-content\\\/uploads\\\/2026\\\/04\\\/5897.jpg\",\"width\":844,\"height\":1200},{\"@type\":\"BreadcrumbList\",\"@id\":\"https:\\\/\\\/detailingclub.lv\\\/products\\\/sonax-birste-disku-tirisanai-1gab\\\/#breadcrumb\",\"itemListElement\":[{\"@type\":\"ListItem\",\"position\":1,\"name\":\"Home\",\"item\":\"https:\\\/\\\/detailingclub.lv\\\/\"},{\"@type\":\"ListItem\",\"position\":2,\"name\":\"VEIKALS\",\"item\":\"https:\\\/\\\/detailingclub.lv\\\/veikals\\\/\"},{\"@type\":\"ListItem\",\"position\":3,\"name\":\"Sonax Birste disku t\u012br\u012b\u0161anai 1gab.\"}]},{\"@type\":\"WebSite\",\"@id\":\"https:\\\/\\\/detailingclub.lv\\\/#website\",\"url\":\"https:\\\/\\\/detailingclub.lv\\\/\",\"name\":\"detailingclub.lv\",\"description\":\"\",\"publisher\":{\"@id\":\"https:\\\/\\\/detailingclub.lv\\\/#organization\"},\"potentialAction\":[{\"@type\":\"SearchAction\",\"target\":{\"@type\":\"EntryPoint\",\"urlTemplate\":\"https:\\\/\\\/detailingclub.lv\\\/?s={search_term_string}\"},\"query-input\":{\"@type\":\"PropertyValueSpecification\",\"valueRequired\":true,\"valueName\":\"search_term_string\"}}],\"inLanguage\":\"ru-RU\"},{\"@type\":\"Organization\",\"@id\":\"https:\\\/\\\/detailingclub.lv\\\/#organization\",\"name\":\"detailingclub.lv\",\"url\":\"https:\\\/\\\/detailingclub.lv\\\/\",\"logo\":{\"@type\":\"ImageObject\",\"inLanguage\":\"ru-RU\",\"@id\":\"https:\\\/\\\/detailingclub.lv\\\/#\\\/schema\\\/logo\\\/image\\\/\",\"url\":\"https:\\\/\\\/detailingclub.lv\\\/wp-content\\\/uploads\\\/2026\\\/05\\\/cropped-LOGO-\u0434\u043b\u0438\u043d\u043d\u043e\u0435-\u0431\u0435\u043b\u043e\u0435-\u0441-\u043d\u0430\u043a\u043b\u043e\u043d\u043e\u043c.png\",\"contentUrl\":\"https:\\\/\\\/detailingclub.lv\\\/wp-content\\\/uploads\\\/2026\\\/05\\\/cropped-LOGO-\u0434\u043b\u0438\u043d\u043d\u043e\u0435-\u0431\u0435\u043b\u043e\u0435-\u0441-\u043d\u0430\u043a\u043b\u043e\u043d\u043e\u043c.png\",\"width\":1140,\"height\":111,\"caption\":\"detailingclub.lv\"},\"image\":{\"@id\":\"https:\\\/\\\/detailingclub.lv\\\/#\\\/schema\\\/logo\\\/image\\\/\"}}]}<\/script>\n<!-- \/ Yoast SEO plugin. -->","yoast_head_json":{"title":"Sonax Birste disku t\u012br\u012b\u0161anai 1gab. - detailingclub.lv","description":"SONAX disku t\u012br\u012b\u0161anas birste efekt\u012bvi no\u0146em brem\u017eu putek\u013cus un net\u012brumus, sasniedz gr\u016bti pieejamas vietas un ir dro\u0161a visiem disku tipiem.","robots":{"index":"index","follow":"follow","max-snippet":"max-snippet:-1","max-image-preview":"max-image-preview:large","max-video-preview":"max-video-preview:-1"},"canonical":"https:\/\/detailingclub.lv\/ru\/product\/sonax-birste-disku-tirisanai-1gab\/","og_locale":"ru_RU","og_type":"article","og_title":"Sonax Birste disku t\u012br\u012b\u0161anai 1gab. - detailingclub.lv","og_description":"SONAX disku t\u012br\u012b\u0161anas birste efekt\u012bvi no\u0146em brem\u017eu putek\u013cus un net\u012brumus, sasniedz gr\u016bti pieejamas vietas un ir dro\u0161a visiem disku tipiem.","og_url":"https:\/\/detailingclub.lv\/ru\/product\/sonax-birste-disku-tirisanai-1gab\/","og_site_name":"detailingclub.lv","article_modified_time":"2026-04-21T17:35:55+00:00","og_image":[{"width":844,"height":1200,"url":"https:\/\/detailingclub.lv\/wp-content\/uploads\/2026\/04\/5897.jpg","type":"image\/jpeg"}],"twitter_card":"summary_large_image","twitter_misc":{"\u041f\u0440\u0438\u043c\u0435\u0440\u043d\u043e\u0435 \u0432\u0440\u0435\u043c\u044f \u0434\u043b\u044f \u0447\u0442\u0435\u043d\u0438\u044f":"2 \u043c\u0438\u043d\u0443\u0442\u044b"},"schema":{"@context":"https:\/\/schema.org","@graph":[{"@type":"WebPage","@id":"https:\/\/detailingclub.lv\/products\/sonax-birste-disku-tirisanai-1gab\/","url":"https:\/\/detailingclub.lv\/products\/sonax-birste-disku-tirisanai-1gab\/","name":"Sonax Birste disku t\u012br\u012b\u0161anai 1gab. - detailingclub.lv","isPartOf":{"@id":"https:\/\/detailingclub.lv\/#website"},"primaryImageOfPage":{"@id":"https:\/\/detailingclub.lv\/products\/sonax-birste-disku-tirisanai-1gab\/#primaryimage"},"image":{"@id":"https:\/\/detailingclub.lv\/products\/sonax-birste-disku-tirisanai-1gab\/#primaryimage"},"thumbnailUrl":"https:\/\/detailingclub.lv\/wp-content\/uploads\/2026\/04\/5897.jpg","datePublished":"2026-04-21T15:10:03+00:00","dateModified":"2026-04-21T17:35:55+00:00","description":"SONAX disku t\u012br\u012b\u0161anas birste efekt\u012bvi no\u0146em brem\u017eu putek\u013cus un net\u012brumus, sasniedz gr\u016bti pieejamas vietas un ir dro\u0161a visiem disku tipiem.","breadcrumb":{"@id":"https:\/\/detailingclub.lv\/products\/sonax-birste-disku-tirisanai-1gab\/#breadcrumb"},"inLanguage":"ru-RU","potentialAction":[{"@type":"ReadAction","target":["https:\/\/detailingclub.lv\/products\/sonax-birste-disku-tirisanai-1gab\/"]}]},{"@type":"ImageObject","inLanguage":"ru-RU","@id":"https:\/\/detailingclub.lv\/products\/sonax-birste-disku-tirisanai-1gab\/#primaryimage","url":"https:\/\/detailingclub.lv\/wp-content\/uploads\/2026\/04\/5897.jpg","contentUrl":"https:\/\/detailingclub.lv\/wp-content\/uploads\/2026\/04\/5897.jpg","width":844,"height":1200},{"@type":"BreadcrumbList","@id":"https:\/\/detailingclub.lv\/products\/sonax-birste-disku-tirisanai-1gab\/#breadcrumb","itemListElement":[{"@type":"ListItem","position":1,"name":"Home","item":"https:\/\/detailingclub.lv\/"},{"@type":"ListItem","position":2,"name":"VEIKALS","item":"https:\/\/detailingclub.lv\/veikals\/"},{"@type":"ListItem","position":3,"name":"Sonax Birste disku t\u012br\u012b\u0161anai 1gab."}]},{"@type":"WebSite","@id":"https:\/\/detailingclub.lv\/#website","url":"https:\/\/detailingclub.lv\/","name":"detailingclub.lv","description":"","publisher":{"@id":"https:\/\/detailingclub.lv\/#organization"},"potentialAction":[{"@type":"SearchAction","target":{"@type":"EntryPoint","urlTemplate":"https:\/\/detailingclub.lv\/?s={search_term_string}"},"query-input":{"@type":"PropertyValueSpecification","valueRequired":true,"valueName":"search_term_string"}}],"inLanguage":"ru-RU"},{"@type":"Organization","@id":"https:\/\/detailingclub.lv\/#organization","name":"detailingclub.lv","url":"https:\/\/detailingclub.lv\/","logo":{"@type":"ImageObject","inLanguage":"ru-RU","@id":"https:\/\/detailingclub.lv\/#\/schema\/logo\/image\/","url":"https:\/\/detailingclub.lv\/wp-content\/uploads\/2026\/05\/cropped-LOGO-\u0434\u043b\u0438\u043d\u043d\u043e\u0435-\u0431\u0435\u043b\u043e\u0435-\u0441-\u043d\u0430\u043a\u043b\u043e\u043d\u043e\u043c.png","contentUrl":"https:\/\/detailingclub.lv\/wp-content\/uploads\/2026\/05\/cropped-LOGO-\u0434\u043b\u0438\u043d\u043d\u043e\u0435-\u0431\u0435\u043b\u043e\u0435-\u0441-\u043d\u0430\u043a\u043b\u043e\u043d\u043e\u043c.png","width":1140,"height":111,"caption":"detailingclub.lv"},"image":{"@id":"https:\/\/detailingclub.lv\/#\/schema\/logo\/image\/"}}]}},"jetpack_sharing_enabled":true,"_links":{"self":[{"href":"https:\/\/detailingclub.lv\/ru\/wp-json\/wp\/v2\/product\/5253","targetHints":{"allow":["GET"]}}],"collection":[{"href":"https:\/\/detailingclub.lv\/ru\/wp-json\/wp\/v2\/product"}],"about":[{"href":"https:\/\/detailingclub.lv\/ru\/wp-json\/wp\/v2\/types\/product"}],"replies":[{"embeddable":true,"href":"https:\/\/detailingclub.lv\/ru\/wp-json\/wp\/v2\/comments?post=5253"}],"wp:featuredmedia":[{"embeddable":true,"href":"https:\/\/detailingclub.lv\/ru\/wp-json\/wp\/v2\/media\/3534"}],"wp:attachment":[{"href":"https:\/\/detailingclub.lv\/ru\/wp-json\/wp\/v2\/media?parent=5253"}],"wp:term":[{"taxonomy":"product_brand","embeddable":true,"href":"https:\/\/detailingclub.lv\/ru\/wp-json\/wp\/v2\/product_brand?post=5253"},{"taxonomy":"product_cat","embeddable":true,"href":"https:\/\/detailingclub.lv\/ru\/wp-json\/wp\/v2\/product_cat?post=5253"},{"taxonomy":"product_tag","embeddable":true,"href":"https:\/\/detailingclub.lv\/ru\/wp-json\/wp\/v2\/product_tag?post=5253"}],"curies":[{"name":"wp","href":"https:\/\/api.w.org\/{rel}","templated":true}]}}