{"id":2047,"date":"2026-04-11T11:10:17","date_gmt":"2026-04-11T11:10:17","guid":{"rendered":"https:\/\/detailingclub.lv\/products\/liqui-moly-dzineju-tiris-lidz-400ml\/"},"modified":"2026-04-28T18:03:27","modified_gmt":"2026-04-28T18:03:27","slug":"liqui-moly-dzineju-tiris-lidz-400ml","status":"publish","type":"product","link":"https:\/\/detailingclub.lv\/ru\/product\/liqui-moly-dzineju-tiris-lidz-400ml\/","title":{"rendered":"LIQUI MOLY Dzin\u0113ju t\u012br\u012b\u0161. l\u012bdz. 400ml"},"content":{"rendered":"<div class=\"d-inline-block fs-9 product attribute description\"><span class=\"value\">Padara dzin\u0113ja nodal\u012bjumus mirdzo\u0161i t\u012brus. Iz\u0161\u0137\u012bdina e\u013c\u013cainus un taukainus net\u012brumus, darvu un brem\u017eu nodiluma paliekas. Ar augstu mazg\u0101\u0161anas un t\u012br\u012b\u0161anas efektivit\u0101ti. Nesatur hlor\u0113tos og\u013c\u016bde\u0146ra\u017eus (CFC).<\/span><\/div>\n<p>&nbsp;<\/p>\n<div class=\"d-inline-block fs-9 product attribute mt-2\"><span class=\"value\">Dzin\u0113ju un dzin\u0113ju nodal\u012bjumu t\u012br\u012b\u0161anai.<\/span><\/div>\n<p>&nbsp;<\/p>\n<div class=\"d-inline-block fs-9 product attribute application mt-2\">\n<p class=\"type h4\" data-hyphenated=\"\">Pietei\u00adkums<\/p>\n<p><span class=\"value\">Apsmidziniet t\u012br\u0101m\u0101s da\u013cas no aptuveni 20\u201330\u00a0cm att\u0101luma un atst\u0101jiet iedarboties aptuveni 10\u201320\u00a0min atkar\u012bb\u0101 no net\u012br\u012bbas pak\u0101pes. P\u0113c tam pamat\u012bgi noskalojiet ar sp\u0113c\u012bgu \u016bdens str\u016bklu. Izt\u012br\u012bto da\u013cu konserv\u0113\u0161anai izmantojiet LIQUI MOLY dzin\u0113ja herm\u0113ti\u0137i. Var izmantot ar\u012b LIQUI MOLY Wax-Coating no\u0146em\u0161anai.<br \/>\n<strong>Nor\u0101d\u012bjums: Ja lietojat dzin\u0113ja nodal\u012bjuma t\u012br\u012b\u0161anas l\u012bdzekli uz p\u0101rlakot\u0101m vai ar &#8220;air brush&#8221; apstr\u0101d\u0101t\u0101m deta\u013c\u0101m, neuzkr\u012bto\u0161\u0101 viet\u0101 p\u0101rbaudiet sader\u012bbu. T\u012br\u012b\u0161anas laik\u0101 j\u0101iev\u0113ro viet\u0113jie \u016bdens apsaimnieko\u0161anas iest\u0101des noteikumi.<\/strong><\/span><\/div>","protected":false},"excerpt":{"rendered":"<h2>LIQUI MOLY Dzin\u0113ju t\u012br\u012b\u0161. l\u012bdz. 400ml<\/h2>","protected":false},"featured_media":5878,"comment_status":"open","ping_status":"closed","template":"","meta":{"site-sidebar-layout":"default","site-content-layout":"","ast-site-content-layout":"default","site-content-style":"default","site-sidebar-style":"default","ast-global-header-display":"","ast-banner-title-visibility":"","ast-main-header-display":"","ast-hfb-above-header-display":"","ast-hfb-below-header-display":"","ast-hfb-mobile-header-display":"","site-post-title":"","ast-breadcrumbs-content":"","ast-featured-img":"","footer-sml-layout":"","ast-disable-related-posts":"","theme-transparent-header-meta":"default","adv-header-id-meta":"","stick-header-meta":"","header-above-stick-meta":"","header-main-stick-meta":"","header-below-stick-meta":"","astra-migrate-meta-layouts":"set","ast-page-background-enabled":"default","ast-page-background-meta":{"desktop":{"background-color":"var(--ast-global-color-5)","background-image":"","background-repeat":"repeat","background-position":"center center","background-size":"auto","background-attachment":"scroll","background-type":"","background-media":"","overlay-type":"","overlay-color":"","overlay-opacity":"","overlay-gradient":""},"tablet":{"background-color":"","background-image":"","background-repeat":"repeat","background-position":"center center","background-size":"auto","background-attachment":"scroll","background-type":"","background-media":"","overlay-type":"","overlay-color":"","overlay-opacity":"","overlay-gradient":""},"mobile":{"background-color":"","background-image":"","background-repeat":"repeat","background-position":"center center","background-size":"auto","background-attachment":"scroll","background-type":"","background-media":"","overlay-type":"","overlay-color":"","overlay-opacity":"","overlay-gradient":""}},"ast-content-background-meta":{"desktop":{"background-color":"var(--ast-global-color-4)","background-image":"","background-repeat":"repeat","background-position":"center center","background-size":"auto","background-attachment":"scroll","background-type":"","background-media":"","overlay-type":"","overlay-color":"","overlay-opacity":"","overlay-gradient":""},"tablet":{"background-color":"var(--ast-global-color-4)","background-image":"","background-repeat":"repeat","background-position":"center center","background-size":"auto","background-attachment":"scroll","background-type":"","background-media":"","overlay-type":"","overlay-color":"","overlay-opacity":"","overlay-gradient":""},"mobile":{"background-color":"var(--ast-global-color-4)","background-image":"","background-repeat":"repeat","background-position":"center center","background-size":"auto","background-attachment":"scroll","background-type":"","background-media":"","overlay-type":"","overlay-color":"","overlay-opacity":"","overlay-gradient":""}}},"product_brand":[99],"product_cat":[61],"product_tag":[],"class_list":{"0":"post-2047","1":"product","2":"type-product","3":"status-publish","4":"has-post-thumbnail","6":"product_brand-liqui-moly","7":"product_cat-motora-nodalijuma-kopsana","8":"pa_tilpums-400-ml","9":"pa_zimols-liqui-moly","10":"desktop-align-left","11":"tablet-align-left","12":"mobile-align-left","14":"first","15":"instock","16":"taxable","17":"shipping-taxable","18":"purchasable","19":"product-type-simple"},"yoast_head":"<!-- This site is optimized with the Yoast SEO plugin v27.4 - https:\/\/yoast.com\/product\/yoast-seo-wordpress\/ -->\n<title>LIQUI MOLY Dzin\u0113ju t\u012br\u012b\u0161. l\u012bdz. 400ml - detailingclub.lv<\/title>\n<meta name=\"description\" content=\"Liqui Moly dzin\u0113ja t\u012br\u012b\u0161anas l\u012bdzeklis 400ml efekt\u012bvi no\u0146em e\u013c\u013cu un net\u012brumus no motortelpas, nodro\u0161inot t\u012bru un koptu dzin\u0113ju.\" \/>\n<meta name=\"robots\" content=\"index, follow, max-snippet:-1, max-image-preview:large, max-video-preview:-1\" \/>\n<link rel=\"canonical\" href=\"https:\/\/detailingclub.lv\/ru\/product\/liqui-moly-dzineju-tiris-lidz-400ml\/\" \/>\n<meta property=\"og:locale\" content=\"ru_RU\" \/>\n<meta property=\"og:type\" content=\"article\" \/>\n<meta property=\"og:title\" content=\"LIQUI MOLY Dzin\u0113ju t\u012br\u012b\u0161. l\u012bdz. 400ml - detailingclub.lv\" \/>\n<meta property=\"og:description\" content=\"Liqui Moly dzin\u0113ja t\u012br\u012b\u0161anas l\u012bdzeklis 400ml efekt\u012bvi no\u0146em e\u013c\u013cu un net\u012brumus no motortelpas, nodro\u0161inot t\u012bru un koptu dzin\u0113ju.\" \/>\n<meta property=\"og:url\" content=\"https:\/\/detailingclub.lv\/ru\/product\/liqui-moly-dzineju-tiris-lidz-400ml\/\" \/>\n<meta property=\"og:site_name\" content=\"detailingclub.lv\" \/>\n<meta property=\"article:modified_time\" content=\"2026-04-28T18:03:27+00:00\" \/>\n<meta property=\"og:image\" content=\"https:\/\/detailingclub.lv\/wp-content\/uploads\/2026\/04\/2bf514014097d786416fb468fa8e6b03578e0883_3326_Motorraumreiniger_4000ml_57ee.jpg\" \/>\n\t<meta property=\"og:image:width\" content=\"204\" \/>\n\t<meta property=\"og:image:height\" content=\"533\" \/>\n\t<meta property=\"og:image:type\" content=\"image\/jpeg\" \/>\n<meta name=\"twitter:card\" content=\"summary_large_image\" \/>\n<meta name=\"twitter:label1\" content=\"\u041f\u0440\u0438\u043c\u0435\u0440\u043d\u043e\u0435 \u0432\u0440\u0435\u043c\u044f \u0434\u043b\u044f \u0447\u0442\u0435\u043d\u0438\u044f\" \/>\n\t<meta name=\"twitter:data1\" content=\"1 \u043c\u0438\u043d\u0443\u0442\u0430\" \/>\n<script type=\"application\/ld+json\" class=\"yoast-schema-graph\">{\"@context\":\"https:\\\/\\\/schema.org\",\"@graph\":[{\"@type\":\"WebPage\",\"@id\":\"https:\\\/\\\/detailingclub.lv\\\/products\\\/liqui-moly-dzineju-tiris-lidz-400ml\\\/\",\"url\":\"https:\\\/\\\/detailingclub.lv\\\/products\\\/liqui-moly-dzineju-tiris-lidz-400ml\\\/\",\"name\":\"LIQUI MOLY Dzin\u0113ju t\u012br\u012b\u0161. l\u012bdz. 400ml - detailingclub.lv\",\"isPartOf\":{\"@id\":\"https:\\\/\\\/detailingclub.lv\\\/#website\"},\"primaryImageOfPage\":{\"@id\":\"https:\\\/\\\/detailingclub.lv\\\/products\\\/liqui-moly-dzineju-tiris-lidz-400ml\\\/#primaryimage\"},\"image\":{\"@id\":\"https:\\\/\\\/detailingclub.lv\\\/products\\\/liqui-moly-dzineju-tiris-lidz-400ml\\\/#primaryimage\"},\"thumbnailUrl\":\"https:\\\/\\\/detailingclub.lv\\\/wp-content\\\/uploads\\\/2026\\\/04\\\/2bf514014097d786416fb468fa8e6b03578e0883_3326_Motorraumreiniger_4000ml_57ee.jpg\",\"datePublished\":\"2026-04-11T11:10:17+00:00\",\"dateModified\":\"2026-04-28T18:03:27+00:00\",\"description\":\"Liqui Moly dzin\u0113ja t\u012br\u012b\u0161anas l\u012bdzeklis 400ml efekt\u012bvi no\u0146em e\u013c\u013cu un net\u012brumus no motortelpas, nodro\u0161inot t\u012bru un koptu dzin\u0113ju.\",\"breadcrumb\":{\"@id\":\"https:\\\/\\\/detailingclub.lv\\\/products\\\/liqui-moly-dzineju-tiris-lidz-400ml\\\/#breadcrumb\"},\"inLanguage\":\"ru-RU\",\"potentialAction\":[{\"@type\":\"ReadAction\",\"target\":[\"https:\\\/\\\/detailingclub.lv\\\/products\\\/liqui-moly-dzineju-tiris-lidz-400ml\\\/\"]}]},{\"@type\":\"ImageObject\",\"inLanguage\":\"ru-RU\",\"@id\":\"https:\\\/\\\/detailingclub.lv\\\/products\\\/liqui-moly-dzineju-tiris-lidz-400ml\\\/#primaryimage\",\"url\":\"https:\\\/\\\/detailingclub.lv\\\/wp-content\\\/uploads\\\/2026\\\/04\\\/2bf514014097d786416fb468fa8e6b03578e0883_3326_Motorraumreiniger_4000ml_57ee.jpg\",\"contentUrl\":\"https:\\\/\\\/detailingclub.lv\\\/wp-content\\\/uploads\\\/2026\\\/04\\\/2bf514014097d786416fb468fa8e6b03578e0883_3326_Motorraumreiniger_4000ml_57ee.jpg\",\"width\":204,\"height\":533},{\"@type\":\"BreadcrumbList\",\"@id\":\"https:\\\/\\\/detailingclub.lv\\\/products\\\/liqui-moly-dzineju-tiris-lidz-400ml\\\/#breadcrumb\",\"itemListElement\":[{\"@type\":\"ListItem\",\"position\":1,\"name\":\"Home\",\"item\":\"https:\\\/\\\/detailingclub.lv\\\/\"},{\"@type\":\"ListItem\",\"position\":2,\"name\":\"VEIKALS\",\"item\":\"https:\\\/\\\/detailingclub.lv\\\/veikals\\\/\"},{\"@type\":\"ListItem\",\"position\":3,\"name\":\"LIQUI MOLY Dzin\u0113ju t\u012br\u012b\u0161. l\u012bdz. 400ml\"}]},{\"@type\":\"WebSite\",\"@id\":\"https:\\\/\\\/detailingclub.lv\\\/#website\",\"url\":\"https:\\\/\\\/detailingclub.lv\\\/\",\"name\":\"detailingclub.lv\",\"description\":\"\",\"publisher\":{\"@id\":\"https:\\\/\\\/detailingclub.lv\\\/#organization\"},\"potentialAction\":[{\"@type\":\"SearchAction\",\"target\":{\"@type\":\"EntryPoint\",\"urlTemplate\":\"https:\\\/\\\/detailingclub.lv\\\/?s={search_term_string}\"},\"query-input\":{\"@type\":\"PropertyValueSpecification\",\"valueRequired\":true,\"valueName\":\"search_term_string\"}}],\"inLanguage\":\"ru-RU\"},{\"@type\":\"Organization\",\"@id\":\"https:\\\/\\\/detailingclub.lv\\\/#organization\",\"name\":\"detailingclub.lv\",\"url\":\"https:\\\/\\\/detailingclub.lv\\\/\",\"logo\":{\"@type\":\"ImageObject\",\"inLanguage\":\"ru-RU\",\"@id\":\"https:\\\/\\\/detailingclub.lv\\\/#\\\/schema\\\/logo\\\/image\\\/\",\"url\":\"https:\\\/\\\/detailingclub.lv\\\/wp-content\\\/uploads\\\/2026\\\/05\\\/cropped-LOGO-\u0434\u043b\u0438\u043d\u043d\u043e\u0435-\u0431\u0435\u043b\u043e\u0435-\u0441-\u043d\u0430\u043a\u043b\u043e\u043d\u043e\u043c.png\",\"contentUrl\":\"https:\\\/\\\/detailingclub.lv\\\/wp-content\\\/uploads\\\/2026\\\/05\\\/cropped-LOGO-\u0434\u043b\u0438\u043d\u043d\u043e\u0435-\u0431\u0435\u043b\u043e\u0435-\u0441-\u043d\u0430\u043a\u043b\u043e\u043d\u043e\u043c.png\",\"width\":1140,\"height\":111,\"caption\":\"detailingclub.lv\"},\"image\":{\"@id\":\"https:\\\/\\\/detailingclub.lv\\\/#\\\/schema\\\/logo\\\/image\\\/\"}}]}<\/script>\n<!-- \/ Yoast SEO plugin. -->","yoast_head_json":{"title":"LIQUI MOLY Dzin\u0113ju t\u012br\u012b\u0161. l\u012bdz. 400ml - detailingclub.lv","description":"Liqui Moly dzin\u0113ja t\u012br\u012b\u0161anas l\u012bdzeklis 400ml efekt\u012bvi no\u0146em e\u013c\u013cu un net\u012brumus no motortelpas, nodro\u0161inot t\u012bru un koptu dzin\u0113ju.","robots":{"index":"index","follow":"follow","max-snippet":"max-snippet:-1","max-image-preview":"max-image-preview:large","max-video-preview":"max-video-preview:-1"},"canonical":"https:\/\/detailingclub.lv\/ru\/product\/liqui-moly-dzineju-tiris-lidz-400ml\/","og_locale":"ru_RU","og_type":"article","og_title":"LIQUI MOLY Dzin\u0113ju t\u012br\u012b\u0161. l\u012bdz. 400ml - detailingclub.lv","og_description":"Liqui Moly dzin\u0113ja t\u012br\u012b\u0161anas l\u012bdzeklis 400ml efekt\u012bvi no\u0146em e\u013c\u013cu un net\u012brumus no motortelpas, nodro\u0161inot t\u012bru un koptu dzin\u0113ju.","og_url":"https:\/\/detailingclub.lv\/ru\/product\/liqui-moly-dzineju-tiris-lidz-400ml\/","og_site_name":"detailingclub.lv","article_modified_time":"2026-04-28T18:03:27+00:00","og_image":[{"width":204,"height":533,"url":"https:\/\/detailingclub.lv\/wp-content\/uploads\/2026\/04\/2bf514014097d786416fb468fa8e6b03578e0883_3326_Motorraumreiniger_4000ml_57ee.jpg","type":"image\/jpeg"}],"twitter_card":"summary_large_image","twitter_misc":{"\u041f\u0440\u0438\u043c\u0435\u0440\u043d\u043e\u0435 \u0432\u0440\u0435\u043c\u044f \u0434\u043b\u044f \u0447\u0442\u0435\u043d\u0438\u044f":"1 \u043c\u0438\u043d\u0443\u0442\u0430"},"schema":{"@context":"https:\/\/schema.org","@graph":[{"@type":"WebPage","@id":"https:\/\/detailingclub.lv\/products\/liqui-moly-dzineju-tiris-lidz-400ml\/","url":"https:\/\/detailingclub.lv\/products\/liqui-moly-dzineju-tiris-lidz-400ml\/","name":"LIQUI MOLY Dzin\u0113ju t\u012br\u012b\u0161. l\u012bdz. 400ml - detailingclub.lv","isPartOf":{"@id":"https:\/\/detailingclub.lv\/#website"},"primaryImageOfPage":{"@id":"https:\/\/detailingclub.lv\/products\/liqui-moly-dzineju-tiris-lidz-400ml\/#primaryimage"},"image":{"@id":"https:\/\/detailingclub.lv\/products\/liqui-moly-dzineju-tiris-lidz-400ml\/#primaryimage"},"thumbnailUrl":"https:\/\/detailingclub.lv\/wp-content\/uploads\/2026\/04\/2bf514014097d786416fb468fa8e6b03578e0883_3326_Motorraumreiniger_4000ml_57ee.jpg","datePublished":"2026-04-11T11:10:17+00:00","dateModified":"2026-04-28T18:03:27+00:00","description":"Liqui Moly dzin\u0113ja t\u012br\u012b\u0161anas l\u012bdzeklis 400ml efekt\u012bvi no\u0146em e\u013c\u013cu un net\u012brumus no motortelpas, nodro\u0161inot t\u012bru un koptu dzin\u0113ju.","breadcrumb":{"@id":"https:\/\/detailingclub.lv\/products\/liqui-moly-dzineju-tiris-lidz-400ml\/#breadcrumb"},"inLanguage":"ru-RU","potentialAction":[{"@type":"ReadAction","target":["https:\/\/detailingclub.lv\/products\/liqui-moly-dzineju-tiris-lidz-400ml\/"]}]},{"@type":"ImageObject","inLanguage":"ru-RU","@id":"https:\/\/detailingclub.lv\/products\/liqui-moly-dzineju-tiris-lidz-400ml\/#primaryimage","url":"https:\/\/detailingclub.lv\/wp-content\/uploads\/2026\/04\/2bf514014097d786416fb468fa8e6b03578e0883_3326_Motorraumreiniger_4000ml_57ee.jpg","contentUrl":"https:\/\/detailingclub.lv\/wp-content\/uploads\/2026\/04\/2bf514014097d786416fb468fa8e6b03578e0883_3326_Motorraumreiniger_4000ml_57ee.jpg","width":204,"height":533},{"@type":"BreadcrumbList","@id":"https:\/\/detailingclub.lv\/products\/liqui-moly-dzineju-tiris-lidz-400ml\/#breadcrumb","itemListElement":[{"@type":"ListItem","position":1,"name":"Home","item":"https:\/\/detailingclub.lv\/"},{"@type":"ListItem","position":2,"name":"VEIKALS","item":"https:\/\/detailingclub.lv\/veikals\/"},{"@type":"ListItem","position":3,"name":"LIQUI MOLY Dzin\u0113ju t\u012br\u012b\u0161. l\u012bdz. 400ml"}]},{"@type":"WebSite","@id":"https:\/\/detailingclub.lv\/#website","url":"https:\/\/detailingclub.lv\/","name":"detailingclub.lv","description":"","publisher":{"@id":"https:\/\/detailingclub.lv\/#organization"},"potentialAction":[{"@type":"SearchAction","target":{"@type":"EntryPoint","urlTemplate":"https:\/\/detailingclub.lv\/?s={search_term_string}"},"query-input":{"@type":"PropertyValueSpecification","valueRequired":true,"valueName":"search_term_string"}}],"inLanguage":"ru-RU"},{"@type":"Organization","@id":"https:\/\/detailingclub.lv\/#organization","name":"detailingclub.lv","url":"https:\/\/detailingclub.lv\/","logo":{"@type":"ImageObject","inLanguage":"ru-RU","@id":"https:\/\/detailingclub.lv\/#\/schema\/logo\/image\/","url":"https:\/\/detailingclub.lv\/wp-content\/uploads\/2026\/05\/cropped-LOGO-\u0434\u043b\u0438\u043d\u043d\u043e\u0435-\u0431\u0435\u043b\u043e\u0435-\u0441-\u043d\u0430\u043a\u043b\u043e\u043d\u043e\u043c.png","contentUrl":"https:\/\/detailingclub.lv\/wp-content\/uploads\/2026\/05\/cropped-LOGO-\u0434\u043b\u0438\u043d\u043d\u043e\u0435-\u0431\u0435\u043b\u043e\u0435-\u0441-\u043d\u0430\u043a\u043b\u043e\u043d\u043e\u043c.png","width":1140,"height":111,"caption":"detailingclub.lv"},"image":{"@id":"https:\/\/detailingclub.lv\/#\/schema\/logo\/image\/"}}]}},"jetpack_sharing_enabled":true,"_links":{"self":[{"href":"https:\/\/detailingclub.lv\/ru\/wp-json\/wp\/v2\/product\/2047","targetHints":{"allow":["GET"]}}],"collection":[{"href":"https:\/\/detailingclub.lv\/ru\/wp-json\/wp\/v2\/product"}],"about":[{"href":"https:\/\/detailingclub.lv\/ru\/wp-json\/wp\/v2\/types\/product"}],"replies":[{"embeddable":true,"href":"https:\/\/detailingclub.lv\/ru\/wp-json\/wp\/v2\/comments?post=2047"}],"wp:featuredmedia":[{"embeddable":true,"href":"https:\/\/detailingclub.lv\/ru\/wp-json\/wp\/v2\/media\/5878"}],"wp:attachment":[{"href":"https:\/\/detailingclub.lv\/ru\/wp-json\/wp\/v2\/media?parent=2047"}],"wp:term":[{"taxonomy":"product_brand","embeddable":true,"href":"https:\/\/detailingclub.lv\/ru\/wp-json\/wp\/v2\/product_brand?post=2047"},{"taxonomy":"product_cat","embeddable":true,"href":"https:\/\/detailingclub.lv\/ru\/wp-json\/wp\/v2\/product_cat?post=2047"},{"taxonomy":"product_tag","embeddable":true,"href":"https:\/\/detailingclub.lv\/ru\/wp-json\/wp\/v2\/product_tag?post=2047"}],"curies":[{"name":"wp","href":"https:\/\/api.w.org\/{rel}","templated":true}]}}