{"id":981,"date":"2026-04-04T11:40:29","date_gmt":"2026-04-04T11:40:29","guid":{"rendered":"https:\/\/detailingclub.lv\/?page_id=981"},"modified":"2026-04-16T20:14:36","modified_gmt":"2026-04-16T20:14:36","slug":"elementor-981","status":"publish","type":"page","link":"https:\/\/detailingclub.lv\/ru\/elementor-981\/","title":{"rendered":"Pieg\u0101de un apmaksa"},"content":{"rendered":"<div data-elementor-type=\"wp-page\" data-elementor-id=\"981\" class=\"elementor elementor-981\" data-elementor-post-type=\"page\">\n\t\t\t\t<div class=\"elementor-element elementor-element-baed7bb e-flex e-con-boxed e-con e-parent\" data-id=\"baed7bb\" data-element_type=\"container\" data-e-type=\"container\">\n\t\t\t\t\t<div class=\"e-con-inner\">\n\t\t\t\t<div class=\"elementor-element elementor-element-d8af4d6 elementor-widget elementor-widget-text-editor\" data-id=\"d8af4d6\" data-element_type=\"widget\" data-e-type=\"widget\" data-widget_type=\"text-editor.default\">\n\t\t\t\t\t\t\t\t\t<h1 data-path-to-node=\"3\">Pieg\u0101de un apmaksa<\/h1><p data-path-to-node=\"4\">\u0160aj\u0101 lap\u0101 ir sniegta inform\u0101cija par pieg\u0101des iesp\u0113j\u0101m, pieg\u0101des laikiem un pieejamajiem apmaksas veidiem interneta veikal\u0101 detailingclub.lv. M\u0113s esam 100% tie\u0161saistes veikals, kas \u013cauj nodro\u0161in\u0101t \u0101tru pas\u016bt\u012bjumu apstr\u0101di un efekt\u012bvu pieg\u0101di vis\u0101 Latvij\u0101. Visi pas\u016bt\u012bjumi tiek pieg\u0101d\u0101ti tikai att\u0101lin\u0101ti (pre\u010du sa\u0146em\u0161ana kl\u0101tien\u0113 nav pieejama).<\/p><h3 data-path-to-node=\"5\">Pieg\u0101de<\/h3><p data-path-to-node=\"6\">M\u0113s nodro\u0161in\u0101m pre\u010du pieg\u0101di vis\u0101 Latvij\u0101, k\u0101 ar\u012b uz cit\u0101m Eiropas Savien\u012bbas valst\u012bm, ja pieg\u0101des iesp\u0113ja ir pieejama pas\u016bt\u012bjuma noform\u0113\u0161anas laik\u0101. Pieg\u0101de tiek veikta sadarb\u012bb\u0101 ar uzticamiem lo\u0123istikas partneriem.<\/p><h5><b>Bezmaksas pieg\u0101de<br \/><\/b><b>Pas\u016bt\u012bjumiem virs 75 EUR pieg\u0101de uz pakom\u0101tiem Latvij\u0101 ir bez maksas.<\/b><\/h5><h3 data-path-to-node=\"8\">Pieg\u0101des veidi un izmaksas Latvij\u0101<\/h3><p data-path-to-node=\"9\">Pas\u016bt\u012bjumus pieg\u0101d\u0101 \u0161\u0101di pakalpojumu sniedz\u0113ji:<\/p><ul data-path-to-node=\"10\"><li><p data-path-to-node=\"10,0,0\">Omniva (pakom\u0101ti un kurjers)<\/p><\/li><li><p data-path-to-node=\"10,1,0\">DPD (pakom\u0101ti un kurjers)<\/p><\/li><li><p data-path-to-node=\"10,2,0\">Latvijas Pasts (paku termin\u0101\u013ci un noda\u013cas)<\/p><\/li><\/ul><p data-path-to-node=\"11\"><b data-path-to-node=\"11\" data-index-in-node=\"0\">Pieg\u0101des tarifi:<\/b><\/p><ul data-path-to-node=\"12\"><li><p data-path-to-node=\"12,0,0\">Pieg\u0101de uz pakom\u0101tiem Latvij\u0101: no 3,50 EUR<\/p><\/li><li><p data-path-to-node=\"12,0,0\"><span style=\"font-style: inherit; font-weight: inherit;\">P\u0101r\u0113j\u0101s pieg\u0101des izmaksas (\u0101rpus R\u012bgas, citi pieg\u0101des veidi vai smag\u0101ki s\u016bt\u012bjumi) tiek apr\u0113\u0137in\u0101tas autom\u0101tiski pas\u016bt\u012bjuma noform\u0113\u0161anas laik\u0101, \u0146emot v\u0113r\u0101 pieg\u0101des adresi un s\u016bt\u012bjuma izm\u0113ru\/svaru. Prec\u012bza maksa vienm\u0113r tiek par\u0101d\u012bta pirms pas\u016bt\u012bjuma apstiprin\u0101\u0161anas.<\/span><\/p><\/li><\/ul><h3 data-path-to-node=\"13\">Pieg\u0101des laiks<\/h3><p data-path-to-node=\"14\">Parasti pas\u016bt\u012bjumi tiek apstr\u0101d\u0101ti un nodoti pieg\u0101dei 1\u20132 darba dienu laik\u0101 p\u0113c maks\u0101juma sa\u0146em\u0161anas.<\/p><p data-path-to-node=\"15\">Paredzamais pieg\u0101des laiks Latvij\u0101:<\/p><ul data-path-to-node=\"16\"><li><p data-path-to-node=\"16,0,0\">Pakom\u0101ti \/ paku termin\u0101\u013ci: 1\u20133 darba dienas<\/p><\/li><li><p data-path-to-node=\"16,1,0\">Kurjerpieg\u0101de: 1\u20132 darba dienas<\/p><\/li><\/ul><p data-path-to-node=\"17\">Pieg\u0101des laiks var at\u0161\u0137irties atkar\u012bb\u0101 no lo\u0123istikas uz\u0146\u0113muma noslodzes vai sv\u0113tku periodiem.<\/p><h3 data-path-to-node=\"18\">Pas\u016bt\u012bjuma izseko\u0161ana<\/h3><p data-path-to-node=\"19\">P\u0113c pas\u016bt\u012bjuma nos\u016bt\u012b\u0161anas klients sa\u0146em e-pastu ar pieg\u0101des inform\u0101ciju un s\u016bt\u012bjuma izseko\u0161anas numuru, lai \u0113rti sekotu l\u012bdzi preces ce\u013cam.<\/p><h3 data-path-to-node=\"20\">Svar\u012bgi: R\u012bc\u012bba boj\u0101tu s\u016bt\u012bjumu gad\u012bjum\u0101<\/h3><p data-path-to-node=\"21\">Sa\u0146emot pas\u016bt\u012bjumu (pakom\u0101t\u0101 vai no kurjera), l\u016bdzam vizu\u0101li nov\u0113rt\u0113t iepakojumu. Ja redzat izliju\u0161u \u0161\u0137idrumu vai iev\u0113rojamus iepakojuma boj\u0101jumus, l\u016bdzam to nofotograf\u0113t un nekav\u0113joties sazin\u0101ties ar mums uz info@detailingclub.lv.<\/p>\t\t\t\t\t\t\t\t<\/div>\n\t\t\t\t\t<\/div>\n\t\t\t\t<\/div>\n\t\t\t\t<\/div>","protected":false},"excerpt":{"rendered":"<p>Pieg\u0101de un apmaksa \u0160aj\u0101 lap\u0101 ir sniegta inform\u0101cija par pieg\u0101des iesp\u0113j\u0101m, pieg\u0101des laikiem un pieejamajiem apmaksas veidiem interneta veikal\u0101 detailingclub.lv. [&hellip;]<\/p>\n","protected":false},"author":1,"featured_media":0,"parent":0,"menu_order":0,"comment_status":"closed","ping_status":"closed","template":"","meta":{"site-sidebar-layout":"no-sidebar","site-content-layout":"","ast-site-content-layout":"full-width-container","site-content-style":"default","site-sidebar-style":"default","ast-global-header-display":"","ast-banner-title-visibility":"","ast-main-header-display":"","ast-hfb-above-header-display":"","ast-hfb-below-header-display":"","ast-hfb-mobile-header-display":"","site-post-title":"disabled","ast-breadcrumbs-content":"","ast-featured-img":"disabled","footer-sml-layout":"","ast-disable-related-posts":"","theme-transparent-header-meta":"","adv-header-id-meta":"","stick-header-meta":"","header-above-stick-meta":"","header-main-stick-meta":"","header-below-stick-meta":"","astra-migrate-meta-layouts":"default","ast-page-background-enabled":"default","ast-page-background-meta":{"desktop":{"background-color":"var(--ast-global-color-5)","background-image":"","background-repeat":"repeat","background-position":"center center","background-size":"auto","background-attachment":"scroll","background-type":"","background-media":"","overlay-type":"","overlay-color":"","overlay-opacity":"","overlay-gradient":""},"tablet":{"background-color":"","background-image":"","background-repeat":"repeat","background-position":"center center","background-size":"auto","background-attachment":"scroll","background-type":"","background-media":"","overlay-type":"","overlay-color":"","overlay-opacity":"","overlay-gradient":""},"mobile":{"background-color":"","background-image":"","background-repeat":"repeat","background-position":"center center","background-size":"auto","background-attachment":"scroll","background-type":"","background-media":"","overlay-type":"","overlay-color":"","overlay-opacity":"","overlay-gradient":""}},"ast-content-background-meta":{"desktop":{"background-color":"var(--ast-global-color-4)","background-image":"","background-repeat":"repeat","background-position":"center center","background-size":"auto","background-attachment":"scroll","background-type":"","background-media":"","overlay-type":"","overlay-color":"","overlay-opacity":"","overlay-gradient":""},"tablet":{"background-color":"var(--ast-global-color-4)","background-image":"","background-repeat":"repeat","background-position":"center center","background-size":"auto","background-attachment":"scroll","background-type":"","background-media":"","overlay-type":"","overlay-color":"","overlay-opacity":"","overlay-gradient":""},"mobile":{"background-color":"var(--ast-global-color-4)","background-image":"","background-repeat":"repeat","background-position":"center center","background-size":"auto","background-attachment":"scroll","background-type":"","background-media":"","overlay-type":"","overlay-color":"","overlay-opacity":"","overlay-gradient":""}},"footnotes":""},"class_list":["post-981","page","type-page","status-publish","hentry"],"yoast_head":"<!-- This site is optimized with the Yoast SEO plugin v27.4 - https:\/\/yoast.com\/product\/yoast-seo-wordpress\/ -->\n<title>Pieg\u0101de un apmaksa | Auto preces Latvij\u0101<\/title>\n<meta name=\"description\" content=\"Pieg\u0101de ar DPD, Omniva un Latvijas pastu. Pieg\u0101de uz pakom\u0101tu 1\u20132 dienu laik\u0101. Dro\u0161a apmaksa ar karti vai p\u0101rskait\u012bjumu.\" \/>\n<meta name=\"robots\" content=\"index, follow, max-snippet:-1, max-image-preview:large, max-video-preview:-1\" \/>\n<link rel=\"canonical\" href=\"https:\/\/detailingclub.lv\/ru\/elementor-981\/\" \/>\n<meta property=\"og:locale\" content=\"ru_RU\" \/>\n<meta property=\"og:type\" content=\"article\" \/>\n<meta property=\"og:title\" content=\"Pieg\u0101de un apmaksa | Auto preces Latvij\u0101\" \/>\n<meta property=\"og:description\" content=\"Pieg\u0101de ar DPD, Omniva un Latvijas pastu. Pieg\u0101de uz pakom\u0101tu 1\u20132 dienu laik\u0101. Dro\u0161a apmaksa ar karti vai p\u0101rskait\u012bjumu.\" \/>\n<meta property=\"og:url\" content=\"https:\/\/detailingclub.lv\/ru\/elementor-981\/\" \/>\n<meta property=\"og:site_name\" content=\"detailingclub.lv\" \/>\n<meta property=\"article:modified_time\" content=\"2026-04-16T20:14:36+00:00\" \/>\n<meta name=\"twitter:card\" content=\"summary_large_image\" \/>\n<meta name=\"twitter:label1\" content=\"\u041f\u0440\u0438\u043c\u0435\u0440\u043d\u043e\u0435 \u0432\u0440\u0435\u043c\u044f \u0434\u043b\u044f \u0447\u0442\u0435\u043d\u0438\u044f\" \/>\n\t<meta name=\"twitter:data1\" content=\"2 \u043c\u0438\u043d\u0443\u0442\u044b\" \/>\n<script type=\"application\/ld+json\" class=\"yoast-schema-graph\">{\"@context\":\"https:\\\/\\\/schema.org\",\"@graph\":[{\"@type\":\"WebPage\",\"@id\":\"https:\\\/\\\/detailingclub.lv\\\/elementor-981\\\/\",\"url\":\"https:\\\/\\\/detailingclub.lv\\\/elementor-981\\\/\",\"name\":\"Pieg\u0101de un apmaksa | Auto preces Latvij\u0101\",\"isPartOf\":{\"@id\":\"https:\\\/\\\/detailingclub.lv\\\/#website\"},\"datePublished\":\"2026-04-04T11:40:29+00:00\",\"dateModified\":\"2026-04-16T20:14:36+00:00\",\"description\":\"Pieg\u0101de ar DPD, Omniva un Latvijas pastu. Pieg\u0101de uz pakom\u0101tu 1\u20132 dienu laik\u0101. Dro\u0161a apmaksa ar karti vai p\u0101rskait\u012bjumu.\",\"breadcrumb\":{\"@id\":\"https:\\\/\\\/detailingclub.lv\\\/elementor-981\\\/#breadcrumb\"},\"inLanguage\":\"ru-RU\",\"potentialAction\":[{\"@type\":\"ReadAction\",\"target\":[\"https:\\\/\\\/detailingclub.lv\\\/elementor-981\\\/\"]}]},{\"@type\":\"BreadcrumbList\",\"@id\":\"https:\\\/\\\/detailingclub.lv\\\/elementor-981\\\/#breadcrumb\",\"itemListElement\":[{\"@type\":\"ListItem\",\"position\":1,\"name\":\"Home\",\"item\":\"https:\\\/\\\/detailingclub.lv\\\/\"},{\"@type\":\"ListItem\",\"position\":2,\"name\":\"Pieg\u0101de un apmaksa\"}]},{\"@type\":\"WebSite\",\"@id\":\"https:\\\/\\\/detailingclub.lv\\\/#website\",\"url\":\"https:\\\/\\\/detailingclub.lv\\\/\",\"name\":\"detailingclub.lv\",\"description\":\"\",\"publisher\":{\"@id\":\"https:\\\/\\\/detailingclub.lv\\\/#organization\"},\"potentialAction\":[{\"@type\":\"SearchAction\",\"target\":{\"@type\":\"EntryPoint\",\"urlTemplate\":\"https:\\\/\\\/detailingclub.lv\\\/?s={search_term_string}\"},\"query-input\":{\"@type\":\"PropertyValueSpecification\",\"valueRequired\":true,\"valueName\":\"search_term_string\"}}],\"inLanguage\":\"ru-RU\"},{\"@type\":\"Organization\",\"@id\":\"https:\\\/\\\/detailingclub.lv\\\/#organization\",\"name\":\"detailingclub.lv\",\"url\":\"https:\\\/\\\/detailingclub.lv\\\/\",\"logo\":{\"@type\":\"ImageObject\",\"inLanguage\":\"ru-RU\",\"@id\":\"https:\\\/\\\/detailingclub.lv\\\/#\\\/schema\\\/logo\\\/image\\\/\",\"url\":\"https:\\\/\\\/detailingclub.lv\\\/wp-content\\\/uploads\\\/2026\\\/05\\\/cropped-LOGO-\u0434\u043b\u0438\u043d\u043d\u043e\u0435-\u0431\u0435\u043b\u043e\u0435-\u0441-\u043d\u0430\u043a\u043b\u043e\u043d\u043e\u043c.png\",\"contentUrl\":\"https:\\\/\\\/detailingclub.lv\\\/wp-content\\\/uploads\\\/2026\\\/05\\\/cropped-LOGO-\u0434\u043b\u0438\u043d\u043d\u043e\u0435-\u0431\u0435\u043b\u043e\u0435-\u0441-\u043d\u0430\u043a\u043b\u043e\u043d\u043e\u043c.png\",\"width\":1140,\"height\":111,\"caption\":\"detailingclub.lv\"},\"image\":{\"@id\":\"https:\\\/\\\/detailingclub.lv\\\/#\\\/schema\\\/logo\\\/image\\\/\"}}]}<\/script>\n<!-- \/ Yoast SEO plugin. -->","yoast_head_json":{"title":"Pieg\u0101de un apmaksa | Auto preces Latvij\u0101","description":"Pieg\u0101de ar DPD, Omniva un Latvijas pastu. Pieg\u0101de uz pakom\u0101tu 1\u20132 dienu laik\u0101. Dro\u0161a apmaksa ar karti vai p\u0101rskait\u012bjumu.","robots":{"index":"index","follow":"follow","max-snippet":"max-snippet:-1","max-image-preview":"max-image-preview:large","max-video-preview":"max-video-preview:-1"},"canonical":"https:\/\/detailingclub.lv\/ru\/elementor-981\/","og_locale":"ru_RU","og_type":"article","og_title":"Pieg\u0101de un apmaksa | Auto preces Latvij\u0101","og_description":"Pieg\u0101de ar DPD, Omniva un Latvijas pastu. Pieg\u0101de uz pakom\u0101tu 1\u20132 dienu laik\u0101. Dro\u0161a apmaksa ar karti vai p\u0101rskait\u012bjumu.","og_url":"https:\/\/detailingclub.lv\/ru\/elementor-981\/","og_site_name":"detailingclub.lv","article_modified_time":"2026-04-16T20:14:36+00:00","twitter_card":"summary_large_image","twitter_misc":{"\u041f\u0440\u0438\u043c\u0435\u0440\u043d\u043e\u0435 \u0432\u0440\u0435\u043c\u044f \u0434\u043b\u044f \u0447\u0442\u0435\u043d\u0438\u044f":"2 \u043c\u0438\u043d\u0443\u0442\u044b"},"schema":{"@context":"https:\/\/schema.org","@graph":[{"@type":"WebPage","@id":"https:\/\/detailingclub.lv\/elementor-981\/","url":"https:\/\/detailingclub.lv\/elementor-981\/","name":"Pieg\u0101de un apmaksa | Auto preces Latvij\u0101","isPartOf":{"@id":"https:\/\/detailingclub.lv\/#website"},"datePublished":"2026-04-04T11:40:29+00:00","dateModified":"2026-04-16T20:14:36+00:00","description":"Pieg\u0101de ar DPD, Omniva un Latvijas pastu. Pieg\u0101de uz pakom\u0101tu 1\u20132 dienu laik\u0101. Dro\u0161a apmaksa ar karti vai p\u0101rskait\u012bjumu.","breadcrumb":{"@id":"https:\/\/detailingclub.lv\/elementor-981\/#breadcrumb"},"inLanguage":"ru-RU","potentialAction":[{"@type":"ReadAction","target":["https:\/\/detailingclub.lv\/elementor-981\/"]}]},{"@type":"BreadcrumbList","@id":"https:\/\/detailingclub.lv\/elementor-981\/#breadcrumb","itemListElement":[{"@type":"ListItem","position":1,"name":"Home","item":"https:\/\/detailingclub.lv\/"},{"@type":"ListItem","position":2,"name":"Pieg\u0101de un apmaksa"}]},{"@type":"WebSite","@id":"https:\/\/detailingclub.lv\/#website","url":"https:\/\/detailingclub.lv\/","name":"detailingclub.lv","description":"","publisher":{"@id":"https:\/\/detailingclub.lv\/#organization"},"potentialAction":[{"@type":"SearchAction","target":{"@type":"EntryPoint","urlTemplate":"https:\/\/detailingclub.lv\/?s={search_term_string}"},"query-input":{"@type":"PropertyValueSpecification","valueRequired":true,"valueName":"search_term_string"}}],"inLanguage":"ru-RU"},{"@type":"Organization","@id":"https:\/\/detailingclub.lv\/#organization","name":"detailingclub.lv","url":"https:\/\/detailingclub.lv\/","logo":{"@type":"ImageObject","inLanguage":"ru-RU","@id":"https:\/\/detailingclub.lv\/#\/schema\/logo\/image\/","url":"https:\/\/detailingclub.lv\/wp-content\/uploads\/2026\/05\/cropped-LOGO-\u0434\u043b\u0438\u043d\u043d\u043e\u0435-\u0431\u0435\u043b\u043e\u0435-\u0441-\u043d\u0430\u043a\u043b\u043e\u043d\u043e\u043c.png","contentUrl":"https:\/\/detailingclub.lv\/wp-content\/uploads\/2026\/05\/cropped-LOGO-\u0434\u043b\u0438\u043d\u043d\u043e\u0435-\u0431\u0435\u043b\u043e\u0435-\u0441-\u043d\u0430\u043a\u043b\u043e\u043d\u043e\u043c.png","width":1140,"height":111,"caption":"detailingclub.lv"},"image":{"@id":"https:\/\/detailingclub.lv\/#\/schema\/logo\/image\/"}}]}},"jetpack_sharing_enabled":true,"_links":{"self":[{"href":"https:\/\/detailingclub.lv\/ru\/wp-json\/wp\/v2\/pages\/981","targetHints":{"allow":["GET"]}}],"collection":[{"href":"https:\/\/detailingclub.lv\/ru\/wp-json\/wp\/v2\/pages"}],"about":[{"href":"https:\/\/detailingclub.lv\/ru\/wp-json\/wp\/v2\/types\/page"}],"author":[{"embeddable":true,"href":"https:\/\/detailingclub.lv\/ru\/wp-json\/wp\/v2\/users\/1"}],"replies":[{"embeddable":true,"href":"https:\/\/detailingclub.lv\/ru\/wp-json\/wp\/v2\/comments?post=981"}],"version-history":[{"count":7,"href":"https:\/\/detailingclub.lv\/ru\/wp-json\/wp\/v2\/pages\/981\/revisions"}],"predecessor-version":[{"id":988,"href":"https:\/\/detailingclub.lv\/ru\/wp-json\/wp\/v2\/pages\/981\/revisions\/988"}],"wp:attachment":[{"href":"https:\/\/detailingclub.lv\/ru\/wp-json\/wp\/v2\/media?parent=981"}],"curies":[{"name":"wp","href":"https:\/\/api.w.org\/{rel}","templated":true}]}}