{"id":972,"date":"2026-04-04T11:24:38","date_gmt":"2026-04-04T11:24:38","guid":{"rendered":"https:\/\/detailingclub.lv\/?page_id=972"},"modified":"2026-04-16T20:15:10","modified_gmt":"2026-04-16T20:15:10","slug":"lietosanas-noteikumi","status":"publish","type":"page","link":"https:\/\/detailingclub.lv\/ru\/lietosanas-noteikumi\/","title":{"rendered":"Lieto\u0161anas noteikumi"},"content":{"rendered":"<div data-elementor-type=\"wp-page\" data-elementor-id=\"972\" class=\"elementor elementor-972\" data-elementor-post-type=\"page\">\n\t\t\t\t<div class=\"elementor-element elementor-element-dfa5d77 e-flex e-con-boxed e-con e-parent\" data-id=\"dfa5d77\" data-element_type=\"container\" data-e-type=\"container\">\n\t\t\t\t\t<div class=\"e-con-inner\">\n\t\t\t\t<div class=\"elementor-element elementor-element-8a70c5c elementor-widget elementor-widget-text-editor\" data-id=\"8a70c5c\" data-element_type=\"widget\" data-e-type=\"widget\" data-widget_type=\"text-editor.default\">\n\t\t\t\t\t\t\t\t\t<h1 data-path-to-node=\"3\">Lieto\u0161anas noteikumi<\/h1><p data-path-to-node=\"4\">\u0160ie lieto\u0161anas noteikumi nosaka interneta veikala detailingclub.lv lieto\u0161anas k\u0101rt\u012bbu un attiec\u012bbas starp pirc\u0113ju un p\u0101rdev\u0113ju.<\/p><p data-path-to-node=\"5\">Veicot pas\u016bt\u012bjumu interneta veikal\u0101 detailingclub.lv, pirc\u0113js apliecina, ka ir iepazinies ar \u0161iem noteikumiem un piekr\u012bt tiem.<\/p><h3 data-path-to-node=\"6\">1. Visp\u0101r\u012bg\u0101 inform\u0101cija<\/h3><p data-path-to-node=\"7\">Interneta veikala \u012bpa\u0161nieks un p\u0101rdev\u0113js ir: <b data-path-to-node=\"7\" data-index-in-node=\"45\">SIA &#8220;RDNB&#8221;<\/b><\/p><p data-path-to-node=\"7\">Re\u0123istr\u0101cijas numurs: 40203693532<\/p><p data-path-to-node=\"7\">Juridisk\u0101 adrese: R\u012bga, Zelti\u0146u iela 9 &#8211; 31, LV-1035<\/p><p data-path-to-node=\"7\">\u042d\u043b. \u043f\u043e\u0447\u0442\u0430: info@detailingclub.lv<\/p><p data-path-to-node=\"7\">M\u0101jaslapa: <a href=\"https:\/\/detailingclub.lv\/ru\/\" target=\"_blank\" rel=\"noopener\" data-hveid=\"0\" data-ved=\"0CAAQ_4QMahgKEwiL3buHhdSTAxUAAAAAHQAAAAAQlgE\">https:\/\/detailingclub.lv<\/a><\/p><p data-path-to-node=\"8\">Interneta veikals detailingclub.lv nodro\u0161ina auto kop\u0161anas un auto \u0137\u012bmijas produktu tirdzniec\u012bbu tie\u0161saist\u0113.<\/p><h3 data-path-to-node=\"9\">2. Pas\u016bt\u012bjuma veik\u0161ana<\/h3><p data-path-to-node=\"10\">Pirc\u0113js var veikt pas\u016bt\u012bjumu interneta veikal\u0101:<\/p><ul data-path-to-node=\"11\"><li><p data-path-to-node=\"11,0,0\">pievienojot preces pirkumu grozam;<\/p><\/li><li><p data-path-to-node=\"11,1,0\">aizpildot nepiecie\u0161amo pas\u016bt\u012bjuma inform\u0101ciju;<\/p><\/li><li><p data-path-to-node=\"11,2,0\">izv\u0113loties pieg\u0101des un apmaksas veidu;<\/p><\/li><li><p data-path-to-node=\"11,3,0\">apstiprinot pas\u016bt\u012bjumu.<\/p><\/li><\/ul><p data-path-to-node=\"12\">P\u0113c pas\u016bt\u012bjuma veik\u0161anas pirc\u0113js sa\u0146em apstiprin\u0101jumu uz nor\u0101d\u012bto e-pasta adresi. P\u0101rdev\u0113js patur ties\u012bbas sazin\u0101ties ar pirc\u0113ju, lai preciz\u0113tu pas\u016bt\u012bjuma deta\u013cas.<\/p><h5>2.1. Pirc\u0113ja atbild\u012bba<\/h5><p data-path-to-node=\"12\"><span style=\"font-style: inherit; font-weight: inherit;\">Veicot pas\u016bt\u012bjumu interneta veikal\u0101 detailingclub.lv, pirc\u0113js apliecina, ka ir vismaz 18 gadus vecs vai ar\u012b ir sa\u0146\u0113mis vec\u0101ku vai aizbild\u0146a piekri\u0161anu veikt pirkumu.<\/span><\/p><h3 data-path-to-node=\"13\">3. Cenas un apmaksa<\/h3><p data-path-to-node=\"14\">Visas pre\u010du cenas interneta veikal\u0101 ir nor\u0101d\u012btas eiro (EUR) un ietver pievienot\u0101s v\u0113rt\u012bbas nodokli (PVN), ja tas ir piem\u0113rojams. Pirc\u0113js var veikt apmaksu, izmantojot:<\/p><ul data-path-to-node=\"15\"><li><p data-path-to-node=\"15,0,0\">bankas maks\u0101jumus;<\/p><\/li><li><p data-path-to-node=\"15,1,0\">maks\u0101jumu kartes;<\/p><\/li><li><p data-path-to-node=\"15,2,0\">citus maks\u0101jumu veidus, kas pieejami vietn\u0113.<\/p><\/li><\/ul><p data-path-to-node=\"16\">Maks\u0101jumu apstr\u0101di nodro\u0161ina tre\u0161o pu\u0161u maks\u0101jumu pakalpojumu sniedz\u0113ji.<\/p><p data-path-to-node=\"16\">P\u0101rdev\u0113js patur ties\u012bbas atcelt pas\u016bt\u012bjumu gad\u012bjum\u0101, ja tehniskas k\u013c\u016bdas d\u0113\u013c vietn\u0113 ir nor\u0101d\u012bta ac\u012bmredzami nepareiza preces cena.<\/p><h3 data-path-to-node=\"17\">4. Pieg\u0101de<\/h3><p data-path-to-node=\"18\">Pre\u010du pieg\u0101de tiek veikta Latvij\u0101 un cit\u0101s valst\u012bs, ja tas ir pieejams pieg\u0101des izv\u0113ln\u0113. Pieg\u0101de var tikt nodro\u0161in\u0101ta ar \u0161\u0101diem pieg\u0101des pakalpojumu sniedz\u0113jiem:<\/p><ul data-path-to-node=\"19\"><li><p data-path-to-node=\"19,0,0\">Omniva<\/p><\/li><li><p data-path-to-node=\"19,1,0\">DPD<\/p><\/li><li><p data-path-to-node=\"19,2,0\">Venipak<\/p><\/li><li><p data-path-to-node=\"19,3,0\">citi lo\u0123istikas partneri<\/p><\/li><\/ul><p data-path-to-node=\"20\">Pieg\u0101des izmaksas un pieg\u0101des laiks tiek nor\u0101d\u012bti pas\u016bt\u012bjuma noform\u0113\u0161anas laik\u0101. P\u0101rdev\u0113js nav atbild\u012bgs par pieg\u0101des kav\u0113jumiem, kas radu\u0161ies pieg\u0101des pakalpojumu sniedz\u0113ju darb\u012bbas d\u0113\u013c.<\/p><h3 data-path-to-node=\"21\">5. Atteikuma ties\u012bbas un pre\u010du atgrie\u0161ana<\/h3><p data-path-to-node=\"22\">Saska\u0146\u0101 ar Latvijas Republikas Pat\u0113r\u0113t\u0101ju ties\u012bbu aizsardz\u012bbas likumu pirc\u0113jam ir ties\u012bbas atteikties no distances l\u012bguma 14 dienu laik\u0101 no preces sa\u0146em\u0161anas dienas. Lai izmantotu atteikuma ties\u012bbas, pirc\u0113jam j\u0101sazin\u0101s ar p\u0101rdev\u0113ju pa e-pastu: info@detailingclub.lv.<\/p><p data-path-to-node=\"23\">Atgrieztajai precei j\u0101b\u016bt:<\/p><ul data-path-to-node=\"24\"><li><p data-path-to-node=\"24,0,0\">nelietotai;<\/p><\/li><li><p data-path-to-node=\"24,1,0\">ori\u0123in\u0101laj\u0101 iepakojum\u0101;<\/p><\/li><li><p data-path-to-node=\"24,2,0\">bez boj\u0101jumiem.<\/p><\/li><\/ul><p data-path-to-node=\"25\"><b data-path-to-node=\"25\" data-index-in-node=\"0\">\u0145emot v\u0113r\u0101 pre\u010du specifiku, atteikuma ties\u012bbas neattiecas uz auto \u0137\u012bmijas un kosm\u0113tikas produktiem, kuru ori\u0123in\u0101lais iepakojums ir atv\u0113rts vai boj\u0101ts, k\u0101 ar\u012b ja prece tikusi lietota.<\/b><\/p><p data-path-to-node=\"26\">P\u0101rdev\u0113js atmaks\u0101 naudu par preci ne v\u0113l\u0101k k\u0101 14 dienu laik\u0101 no br\u012b\u017ea, kad p\u0101rdev\u0113js ir sa\u0146\u0113mis atgriezto preci un p\u0101rliecin\u0101jies par t\u0101s st\u0101vokli. Pieg\u0101des izmaksas par preces atgrie\u0161anu sedz pirc\u0113js, ja vien atgrie\u0161ana nav saist\u012bta ar boj\u0101tu vai nepareizi pieg\u0101d\u0101tu preci.<\/p><h3 data-path-to-node=\"27\">6. Boj\u0101tas preces un garantija<\/h3><p data-path-to-node=\"28\">Ja klients ir sa\u0146\u0113mis boj\u0101tu, izliju\u0161u vai pas\u016bt\u012bjumam neatbilsto\u0161u preci, klientam ir pien\u0101kums par to nekav\u0113joties (bet ne v\u0113l\u0101k k\u0101 3 dienu laik\u0101) inform\u0113t p\u0101rdev\u0113ju, nos\u016btot boj\u0101t\u0101s preces un iepakojuma fotoatt\u0113lus uz info@detailingclub.lv. P\u0101rdev\u0113js ap\u0146emas boj\u0101to preci apmain\u012bt pret jaunu vai atgriezt naudu.<\/p><h3 data-path-to-node=\"29\">7. Pre\u010du apraksti un pieejam\u012bba<\/h3><p data-path-to-node=\"30\">P\u0101rdev\u0113js cen\u0161as nodro\u0161in\u0101t p\u0113c iesp\u0113jas prec\u012bz\u0101ku inform\u0101ciju par prec\u0113m. Tom\u0113r var gad\u012bties gad\u012bjumi, kad pre\u010du apraksti vai att\u0113li var nedaudz at\u0161\u0137irties no faktisk\u0101 produkta. Ja pas\u016bt\u012bt\u0101 prece nav pieejama, p\u0101rdev\u0113js inform\u0113 pirc\u0113ju un pied\u0101v\u0101 alternat\u012bvu vai naudas atmaksu.<\/p><h3 data-path-to-node=\"31\">8. Atbild\u012bbas ierobe\u017eojums<\/h3><p data-path-to-node=\"32\">P\u0101rdev\u0113js nav atbild\u012bgs par zaud\u0113jumiem, kas radu\u0161ies nepareizas pre\u010du lieto\u0161anas rezult\u0101t\u0101. Pirc\u0113js ir atbild\u012bgs par sniegt\u0101s inform\u0101cijas pareiz\u012bbu, veicot pas\u016bt\u012bjumu.<\/p><h3 data-path-to-node=\"33\">9. Personas datu aizsardz\u012bba<\/h3><p data-path-to-node=\"34\">Personas datu apstr\u0101de tiek veikta saska\u0146\u0101 ar vietnes Priv\u0101tuma politiku, kas pieejama \u0161aj\u0101 vietn\u0113.<\/p><h3 data-path-to-node=\"35\">10. Str\u012bdu risin\u0101\u0161ana<\/h3><p data-path-to-node=\"36\">Visi str\u012bdi starp pirc\u0113ju un p\u0101rdev\u0113ju tiek risin\u0101ti sarunu ce\u013c\u0101. Ja str\u012bdu nav iesp\u0113jams atrisin\u0101t sarunu ce\u013c\u0101, pirc\u0113jam ir ties\u012bbas v\u0113rsties:<\/p><ul data-path-to-node=\"37\"><li><p data-path-to-node=\"37,0,0\">Pat\u0113r\u0113t\u0101ju ties\u012bbu aizsardz\u012bbas centr\u0101 (PTAC)<\/p><\/li><li><p data-path-to-node=\"37,1,0\">Latvijas ties\u0101 saska\u0146\u0101 ar sp\u0113k\u0101 eso\u0161ajiem normat\u012bvajiem aktiem.<\/p><\/li><\/ul><h3 data-path-to-node=\"38\">11. Noteikumu izmai\u0146as<\/h3><p data-path-to-node=\"39\">P\u0101rdev\u0113js patur ties\u012bbas jebkur\u0101 laik\u0101 main\u012bt \u0161os lieto\u0161anas noteikumus. Izmai\u0146as st\u0101jas sp\u0113k\u0101 p\u0113c to public\u0113\u0161anas interneta veikal\u0101 detailingclub.lv.<\/p><p data-path-to-node=\"40\"><i data-path-to-node=\"40\" data-index-in-node=\"0\">P\u0113d\u0113jais atjaunin\u0101jums: 2026. gada apr\u012blis<\/i><\/p>\t\t\t\t\t\t\t\t<\/div>\n\t\t\t\t\t<\/div>\n\t\t\t\t<\/div>\n\t\t\t\t<\/div>","protected":false},"excerpt":{"rendered":"<p>Lieto\u0161anas noteikumi \u0160ie lieto\u0161anas noteikumi nosaka interneta veikala detailingclub.lv lieto\u0161anas k\u0101rt\u012bbu un attiec\u012bbas starp pirc\u0113ju un p\u0101rdev\u0113ju. Veicot pas\u016bt\u012bjumu interneta [&hellip;]<\/p>\n","protected":false},"author":1,"featured_media":0,"parent":0,"menu_order":0,"comment_status":"closed","ping_status":"closed","template":"","meta":{"site-sidebar-layout":"no-sidebar","site-content-layout":"","ast-site-content-layout":"full-width-container","site-content-style":"default","site-sidebar-style":"default","ast-global-header-display":"","ast-banner-title-visibility":"","ast-main-header-display":"","ast-hfb-above-header-display":"","ast-hfb-below-header-display":"","ast-hfb-mobile-header-display":"","site-post-title":"disabled","ast-breadcrumbs-content":"","ast-featured-img":"disabled","footer-sml-layout":"","ast-disable-related-posts":"","theme-transparent-header-meta":"","adv-header-id-meta":"","stick-header-meta":"","header-above-stick-meta":"","header-main-stick-meta":"","header-below-stick-meta":"","astra-migrate-meta-layouts":"default","ast-page-background-enabled":"default","ast-page-background-meta":{"desktop":{"background-color":"var(--ast-global-color-5)","background-image":"","background-repeat":"repeat","background-position":"center center","background-size":"auto","background-attachment":"scroll","background-type":"","background-media":"","overlay-type":"","overlay-color":"","overlay-opacity":"","overlay-gradient":""},"tablet":{"background-color":"","background-image":"","background-repeat":"repeat","background-position":"center center","background-size":"auto","background-attachment":"scroll","background-type":"","background-media":"","overlay-type":"","overlay-color":"","overlay-opacity":"","overlay-gradient":""},"mobile":{"background-color":"","background-image":"","background-repeat":"repeat","background-position":"center center","background-size":"auto","background-attachment":"scroll","background-type":"","background-media":"","overlay-type":"","overlay-color":"","overlay-opacity":"","overlay-gradient":""}},"ast-content-background-meta":{"desktop":{"background-color":"var(--ast-global-color-4)","background-image":"","background-repeat":"repeat","background-position":"center center","background-size":"auto","background-attachment":"scroll","background-type":"","background-media":"","overlay-type":"","overlay-color":"","overlay-opacity":"","overlay-gradient":""},"tablet":{"background-color":"var(--ast-global-color-4)","background-image":"","background-repeat":"repeat","background-position":"center center","background-size":"auto","background-attachment":"scroll","background-type":"","background-media":"","overlay-type":"","overlay-color":"","overlay-opacity":"","overlay-gradient":""},"mobile":{"background-color":"var(--ast-global-color-4)","background-image":"","background-repeat":"repeat","background-position":"center center","background-size":"auto","background-attachment":"scroll","background-type":"","background-media":"","overlay-type":"","overlay-color":"","overlay-opacity":"","overlay-gradient":""}},"footnotes":""},"class_list":["post-972","page","type-page","status-publish","hentry"],"yoast_head":"<!-- This site is optimized with the Yoast SEO plugin v27.4 - https:\/\/yoast.com\/product\/yoast-seo-wordpress\/ -->\n<title>Lieto\u0161anas noteikumi | Auto veikals Detailing Club<\/title>\n<meta name=\"description\" content=\"Interneta veikala noteikumi, pas\u016bt\u012bjumu veik\u0161ana, pieg\u0101des k\u0101rt\u012bba un pre\u010du atgrie\u0161ana.\" \/>\n<meta name=\"robots\" content=\"index, follow, max-snippet:-1, max-image-preview:large, max-video-preview:-1\" \/>\n<link rel=\"canonical\" href=\"https:\/\/detailingclub.lv\/ru\/lietosanas-noteikumi\/\" \/>\n<meta property=\"og:locale\" content=\"ru_RU\" \/>\n<meta property=\"og:type\" content=\"article\" \/>\n<meta property=\"og:title\" content=\"Lieto\u0161anas noteikumi | Auto veikals Detailing Club\" \/>\n<meta property=\"og:description\" content=\"Interneta veikala noteikumi, pas\u016bt\u012bjumu veik\u0161ana, pieg\u0101des k\u0101rt\u012bba un pre\u010du atgrie\u0161ana.\" \/>\n<meta property=\"og:url\" content=\"https:\/\/detailingclub.lv\/ru\/lietosanas-noteikumi\/\" \/>\n<meta property=\"og:site_name\" content=\"detailingclub.lv\" \/>\n<meta property=\"article:modified_time\" content=\"2026-04-16T20:15:10+00:00\" \/>\n<meta name=\"twitter:card\" content=\"summary_large_image\" \/>\n<meta name=\"twitter:label1\" content=\"\u041f\u0440\u0438\u043c\u0435\u0440\u043d\u043e\u0435 \u0432\u0440\u0435\u043c\u044f \u0434\u043b\u044f \u0447\u0442\u0435\u043d\u0438\u044f\" \/>\n\t<meta name=\"twitter:data1\" content=\"4 \u043c\u0438\u043d\u0443\u0442\u044b\" \/>\n<script type=\"application\/ld+json\" class=\"yoast-schema-graph\">{\"@context\":\"https:\\\/\\\/schema.org\",\"@graph\":[{\"@type\":\"WebPage\",\"@id\":\"https:\\\/\\\/detailingclub.lv\\\/lietosanas-noteikumi\\\/\",\"url\":\"https:\\\/\\\/detailingclub.lv\\\/lietosanas-noteikumi\\\/\",\"name\":\"Lieto\u0161anas noteikumi | Auto veikals Detailing Club\",\"isPartOf\":{\"@id\":\"https:\\\/\\\/detailingclub.lv\\\/#website\"},\"datePublished\":\"2026-04-04T11:24:38+00:00\",\"dateModified\":\"2026-04-16T20:15:10+00:00\",\"description\":\"Interneta veikala noteikumi, pas\u016bt\u012bjumu veik\u0161ana, pieg\u0101des k\u0101rt\u012bba un pre\u010du atgrie\u0161ana.\",\"breadcrumb\":{\"@id\":\"https:\\\/\\\/detailingclub.lv\\\/lietosanas-noteikumi\\\/#breadcrumb\"},\"inLanguage\":\"ru-RU\",\"potentialAction\":[{\"@type\":\"ReadAction\",\"target\":[\"https:\\\/\\\/detailingclub.lv\\\/lietosanas-noteikumi\\\/\"]}]},{\"@type\":\"BreadcrumbList\",\"@id\":\"https:\\\/\\\/detailingclub.lv\\\/lietosanas-noteikumi\\\/#breadcrumb\",\"itemListElement\":[{\"@type\":\"ListItem\",\"position\":1,\"name\":\"Home\",\"item\":\"https:\\\/\\\/detailingclub.lv\\\/\"},{\"@type\":\"ListItem\",\"position\":2,\"name\":\"Lieto\u0161anas noteikumi\"}]},{\"@type\":\"WebSite\",\"@id\":\"https:\\\/\\\/detailingclub.lv\\\/#website\",\"url\":\"https:\\\/\\\/detailingclub.lv\\\/\",\"name\":\"detailingclub.lv\",\"description\":\"\",\"publisher\":{\"@id\":\"https:\\\/\\\/detailingclub.lv\\\/#organization\"},\"potentialAction\":[{\"@type\":\"SearchAction\",\"target\":{\"@type\":\"EntryPoint\",\"urlTemplate\":\"https:\\\/\\\/detailingclub.lv\\\/?s={search_term_string}\"},\"query-input\":{\"@type\":\"PropertyValueSpecification\",\"valueRequired\":true,\"valueName\":\"search_term_string\"}}],\"inLanguage\":\"ru-RU\"},{\"@type\":\"Organization\",\"@id\":\"https:\\\/\\\/detailingclub.lv\\\/#organization\",\"name\":\"detailingclub.lv\",\"url\":\"https:\\\/\\\/detailingclub.lv\\\/\",\"logo\":{\"@type\":\"ImageObject\",\"inLanguage\":\"ru-RU\",\"@id\":\"https:\\\/\\\/detailingclub.lv\\\/#\\\/schema\\\/logo\\\/image\\\/\",\"url\":\"https:\\\/\\\/detailingclub.lv\\\/wp-content\\\/uploads\\\/2026\\\/05\\\/cropped-LOGO-\u0434\u043b\u0438\u043d\u043d\u043e\u0435-\u0431\u0435\u043b\u043e\u0435-\u0441-\u043d\u0430\u043a\u043b\u043e\u043d\u043e\u043c.png\",\"contentUrl\":\"https:\\\/\\\/detailingclub.lv\\\/wp-content\\\/uploads\\\/2026\\\/05\\\/cropped-LOGO-\u0434\u043b\u0438\u043d\u043d\u043e\u0435-\u0431\u0435\u043b\u043e\u0435-\u0441-\u043d\u0430\u043a\u043b\u043e\u043d\u043e\u043c.png\",\"width\":1140,\"height\":111,\"caption\":\"detailingclub.lv\"},\"image\":{\"@id\":\"https:\\\/\\\/detailingclub.lv\\\/#\\\/schema\\\/logo\\\/image\\\/\"}}]}<\/script>\n<!-- \/ Yoast SEO plugin. -->","yoast_head_json":{"title":"Lieto\u0161anas noteikumi | Auto veikals Detailing Club","description":"Interneta veikala noteikumi, pas\u016bt\u012bjumu veik\u0161ana, pieg\u0101des k\u0101rt\u012bba un pre\u010du atgrie\u0161ana.","robots":{"index":"index","follow":"follow","max-snippet":"max-snippet:-1","max-image-preview":"max-image-preview:large","max-video-preview":"max-video-preview:-1"},"canonical":"https:\/\/detailingclub.lv\/ru\/lietosanas-noteikumi\/","og_locale":"ru_RU","og_type":"article","og_title":"Lieto\u0161anas noteikumi | Auto veikals Detailing Club","og_description":"Interneta veikala noteikumi, pas\u016bt\u012bjumu veik\u0161ana, pieg\u0101des k\u0101rt\u012bba un pre\u010du atgrie\u0161ana.","og_url":"https:\/\/detailingclub.lv\/ru\/lietosanas-noteikumi\/","og_site_name":"detailingclub.lv","article_modified_time":"2026-04-16T20:15:10+00:00","twitter_card":"summary_large_image","twitter_misc":{"\u041f\u0440\u0438\u043c\u0435\u0440\u043d\u043e\u0435 \u0432\u0440\u0435\u043c\u044f \u0434\u043b\u044f \u0447\u0442\u0435\u043d\u0438\u044f":"4 \u043c\u0438\u043d\u0443\u0442\u044b"},"schema":{"@context":"https:\/\/schema.org","@graph":[{"@type":"WebPage","@id":"https:\/\/detailingclub.lv\/lietosanas-noteikumi\/","url":"https:\/\/detailingclub.lv\/lietosanas-noteikumi\/","name":"Lieto\u0161anas noteikumi | Auto veikals Detailing Club","isPartOf":{"@id":"https:\/\/detailingclub.lv\/#website"},"datePublished":"2026-04-04T11:24:38+00:00","dateModified":"2026-04-16T20:15:10+00:00","description":"Interneta veikala noteikumi, pas\u016bt\u012bjumu veik\u0161ana, pieg\u0101des k\u0101rt\u012bba un pre\u010du atgrie\u0161ana.","breadcrumb":{"@id":"https:\/\/detailingclub.lv\/lietosanas-noteikumi\/#breadcrumb"},"inLanguage":"ru-RU","potentialAction":[{"@type":"ReadAction","target":["https:\/\/detailingclub.lv\/lietosanas-noteikumi\/"]}]},{"@type":"BreadcrumbList","@id":"https:\/\/detailingclub.lv\/lietosanas-noteikumi\/#breadcrumb","itemListElement":[{"@type":"ListItem","position":1,"name":"Home","item":"https:\/\/detailingclub.lv\/"},{"@type":"ListItem","position":2,"name":"Lieto\u0161anas noteikumi"}]},{"@type":"WebSite","@id":"https:\/\/detailingclub.lv\/#website","url":"https:\/\/detailingclub.lv\/","name":"detailingclub.lv","description":"","publisher":{"@id":"https:\/\/detailingclub.lv\/#organization"},"potentialAction":[{"@type":"SearchAction","target":{"@type":"EntryPoint","urlTemplate":"https:\/\/detailingclub.lv\/?s={search_term_string}"},"query-input":{"@type":"PropertyValueSpecification","valueRequired":true,"valueName":"search_term_string"}}],"inLanguage":"ru-RU"},{"@type":"Organization","@id":"https:\/\/detailingclub.lv\/#organization","name":"detailingclub.lv","url":"https:\/\/detailingclub.lv\/","logo":{"@type":"ImageObject","inLanguage":"ru-RU","@id":"https:\/\/detailingclub.lv\/#\/schema\/logo\/image\/","url":"https:\/\/detailingclub.lv\/wp-content\/uploads\/2026\/05\/cropped-LOGO-\u0434\u043b\u0438\u043d\u043d\u043e\u0435-\u0431\u0435\u043b\u043e\u0435-\u0441-\u043d\u0430\u043a\u043b\u043e\u043d\u043e\u043c.png","contentUrl":"https:\/\/detailingclub.lv\/wp-content\/uploads\/2026\/05\/cropped-LOGO-\u0434\u043b\u0438\u043d\u043d\u043e\u0435-\u0431\u0435\u043b\u043e\u0435-\u0441-\u043d\u0430\u043a\u043b\u043e\u043d\u043e\u043c.png","width":1140,"height":111,"caption":"detailingclub.lv"},"image":{"@id":"https:\/\/detailingclub.lv\/#\/schema\/logo\/image\/"}}]}},"jetpack_sharing_enabled":true,"_links":{"self":[{"href":"https:\/\/detailingclub.lv\/ru\/wp-json\/wp\/v2\/pages\/972","targetHints":{"allow":["GET"]}}],"collection":[{"href":"https:\/\/detailingclub.lv\/ru\/wp-json\/wp\/v2\/pages"}],"about":[{"href":"https:\/\/detailingclub.lv\/ru\/wp-json\/wp\/v2\/types\/page"}],"author":[{"embeddable":true,"href":"https:\/\/detailingclub.lv\/ru\/wp-json\/wp\/v2\/users\/1"}],"replies":[{"embeddable":true,"href":"https:\/\/detailingclub.lv\/ru\/wp-json\/wp\/v2\/comments?post=972"}],"version-history":[{"count":7,"href":"https:\/\/detailingclub.lv\/ru\/wp-json\/wp\/v2\/pages\/972\/revisions"}],"predecessor-version":[{"id":979,"href":"https:\/\/detailingclub.lv\/ru\/wp-json\/wp\/v2\/pages\/972\/revisions\/979"}],"wp:attachment":[{"href":"https:\/\/detailingclub.lv\/ru\/wp-json\/wp\/v2\/media?parent=972"}],"curies":[{"name":"wp","href":"https:\/\/api.w.org\/{rel}","templated":true}]}}